{"id":107187,"date":"2024-04-09T10:27:45","date_gmt":"2024-04-09T08:27:45","guid":{"rendered":"https:\/\/www.greenpeace.ch\/?page_id=107187"},"modified":"2025-06-25T14:30:35","modified_gmt":"2025-06-25T12:30:35","slug":"danke-stoppen-wir-die-plastikproduktion","status":"publish","type":"page","link":"https:\/\/www.greenpeace.ch\/de\/danke-stoppen-wir-die-plastikproduktion\/","title":{"rendered":"Stoppen wir die Plastikproduktion"},"content":{"rendered":"\n                \n                <div class=\"wp-block-group alignfull is-layout-flow wp-block-group-is-layout-flow\">\n                \n                <div class=\"wp-block-group container is-layout-flow wp-block-group-is-layout-flow\">\n                \n                <div class=\"wp-block-media-text alignfull has-media-on-the-right is-stacked-on-mobile is-pattern-p4-page-header is-style-parallax\">\n\n                <div class=\"wp-block-media-text__content\">\n                    <div class=\"wp-block-group is-layout-flow wp-block-group-is-layout-flow\">\n                    \n                        <h1 class=\"wp-block-heading has-white-background-color has-background\">\n                            Stoppen wir die Plastikproduktion\n                        <\/h1>\n                    <\/div>\n                \n\n                \n\n                \n\n                <\/div>\n                <figure class=\"wp-block-media-text__media\">\n                    <img loading=\"lazy\" decoding=\"async\" width=\"1200\" height=\"798\"\n                        src=\"https:\/\/www.greenpeace.ch\/static\/planet4-switzerland-stateless\/2023\/01\/d39ac6aa-gp1swzb4_medium_res-1.jpg\"\n                        alt=\"\"\n                        sizes=\"auto, (min-width: 601px) 50vw, 100vw\" srcset=\"https:\/\/www.greenpeace.ch\/static\/planet4-switzerland-stateless\/2023\/01\/d39ac6aa-gp1swzb4_medium_res-1.jpg 1200w, https:\/\/www.greenpeace.ch\/static\/planet4-switzerland-stateless\/2023\/01\/d39ac6aa-gp1swzb4_medium_res-1-300x200.jpg 300w, https:\/\/www.greenpeace.ch\/static\/planet4-switzerland-stateless\/2023\/01\/d39ac6aa-gp1swzb4_medium_res-1-1024x681.jpg 1024w, https:\/\/www.greenpeace.ch\/static\/planet4-switzerland-stateless\/2023\/01\/d39ac6aa-gp1swzb4_medium_res-1-768x511.jpg 768w, https:\/\/www.greenpeace.ch\/static\/planet4-switzerland-stateless\/2023\/01\/d39ac6aa-gp1swzb4_medium_res-1-510x340.jpg 510w\" class=\"wp-image-93588 size-full\"\n                    \/>\n                <\/figure>\n                <\/div>\n                \n                <\/div>\n                \n                <\/div>\n                \n                \n                    <div class=\"wp-block-group is-vertical is-layout-flex wp-container-core-group-is-layout-8cf370e7 wp-block-group-is-layout-flex\">\n                    \n\n                    \n                    <\/div>\n                    \n<div class=\"wp-block-columns has-2-columns is-style-petition-left is-layout-flex wp-container-core-columns-is-layout-9d6595d7 wp-block-columns-is-layout-flex\">\n<div class=\"wp-block-column is-layout-flow wp-block-column-is-layout-flow\">\n<p><strong>Danke f\u00fcr dein Interesse! Die Petition ist geschlossen und wird am 16. April 2024 \u00fcbergeben.<\/strong><\/p>\n<\/div>\n\n\n\n<div class=\"wp-block-column is-layout-flow wp-block-column-is-layout-flow\">\n<h2 class=\"wp-block-heading is-style-default\">Erhebe deine Stimme f\u00fcr ein globales Plastikabkommen<\/h2>\n\n\n\n<p><strong>Die Plastikverschmutzung kennt keine Grenzen. <\/strong>Vom Grund der Ozeane bis zum Schnee in unseren Bergen \u2013 Plastik ist \u00fcberall \u2013 auch in der Luft, die wir atmen, in den Lebensmitteln, die wir essen, sogar in unserem Blut. Plastik wird aus \u00d6l und Gas hergestellt. Es schadet der Umwelt, den Tieren und unserer Gesundheit und es beschleunigt die Klimakrise.<\/p>\n\n\n\n<p><strong>Eine globale Krise erfordert eine globale L\u00f6sung: <\/strong>Hier kommt das globale Plastikabkommen der Vereinten Nationen ins Spiel. Das k\u00fcnftige globale Plastikabkommen kann den Weg ebnen in eine plastikfreie Zukunft. Deshalb setzen wir uns f\u00fcr ein ehrgeiziges und rechtsverbindliches Abkommen ein, das die Produktion und Verwendung von Plastik einschr\u00e4nkt und den gesamten Lebenszyklus des Plastiks ber\u00fccksichtigt.<\/p>\n\n\n\n<p>Staats- und Regierungschef:innen haben sich im Mai 2023 in Paris getroffen, um das Plastikabkommen zu verhandeln. Leider wurde der Prozess verz\u00f6gert: Vertreter:innen der \u00f6lproduzierenden L\u00e4nder und der Fossilindustrie waren beim Treffen auch dabei. Sie wollen das Abkommen schw\u00e4chen.Soweit darf es aber nicht kommen! Im April 2024 finden die n\u00e4chsten Verhandlungen statt. Bis dahin brauchen wir noch mehr Stimmen. <strong>Unterschreibe die Petition!<\/strong><\/p>\n\n\n\n<h3 class=\"wp-block-heading\">Unsere Forderungen f\u00fcr ein ehrgeiziges Abkommen<\/h3>\n\n\n\n<ul class=\"is-style-accent-info wp-block-list\">\n<li>Die Produktion und Verwendung von Plastik einschr\u00e4nken.<\/li>\n\n\n\n<li>Vollst\u00e4ndige Transparenz \u00fcber allen produzierten, verwendeten, importierten und exportierten Plastik.&nbsp;<\/li>\n\n\n\n<li>Die Plastikproduzenten f\u00fcr alle \u00f6kologischen und sozialen Kosten der Plastikverschmutzung verantwortlich machen.<\/li>\n\n\n\n<li>Nachf\u00fcll- und Mehrwegsysteme entwickeln.<\/li>\n\n\n\n<li>Einen fairen \u00dcbergang f\u00fcr die betroffenen Arbeitnehmer:innen sicherstellen.<\/li>\n\n\n\n<li>Einen Finanzierungsmechanismus einschliessen,&nbsp; um die Herausforderungen der Plastikkrise zu bew\u00e4ltigen.<\/li>\n<\/ul>\n<\/div>\n<\/div>\n","protected":false},"excerpt":{"rendered":"<p>Plastik ist \u00fcberall! Wir m\u00fcssen die Produktion stoppen. Erhebe deine Stimme und unterschreibe die Petition.<\/p>\n","protected":false},"author":38,"featured_media":93588,"parent":0,"menu_order":0,"comment_status":"closed","ping_status":"closed","template":"","meta":{"_acf_changed":false,"_planet4_optimize_post_is_variant":false,"_planet4_optimize_experiment_name":"","_planet4_optimize_variant_name":"","ep_exclude_from_search":false,"p4_hide_page_title_checkbox":"on","p4_title":"","p4_subtitle":"","p4_description":"","background_image_id":"","background_image":"","p4_button_title":"","p4_button_link":"","p4_button_link_checkbox":"","p4_og_title":"","p4_og_description":"","p4_og_image":"https:\/\/www.greenpeace.ch\/static\/planet4-switzerland-stateless\/2023\/01\/d39ac6aa-gp1swzb4_medium_res-1.jpg","p4_og_image_id":"93588","p4_seo_canonical_url":"","p4_campaign_name":"not set","p4_local_project":"not set","p4_basket_name":"not set","p4_department":"","footnotes":""},"categories":[48],"tags":[37,217],"class_list":["post-107187","page","type-page","status-publish","has-post-thumbnail","hentry","category-zero-waste","tag-zero-waste","tag-konsum"],"acf":[],"_links":{"self":[{"href":"https:\/\/www.greenpeace.ch\/de\/wp-json\/wp\/v2\/pages\/107187","targetHints":{"allow":["GET"]}}],"collection":[{"href":"https:\/\/www.greenpeace.ch\/de\/wp-json\/wp\/v2\/pages"}],"about":[{"href":"https:\/\/www.greenpeace.ch\/de\/wp-json\/wp\/v2\/types\/page"}],"author":[{"embeddable":true,"href":"https:\/\/www.greenpeace.ch\/de\/wp-json\/wp\/v2\/users\/38"}],"replies":[{"embeddable":true,"href":"https:\/\/www.greenpeace.ch\/de\/wp-json\/wp\/v2\/comments?post=107187"}],"version-history":[{"count":4,"href":"https:\/\/www.greenpeace.ch\/de\/wp-json\/wp\/v2\/pages\/107187\/revisions"}],"predecessor-version":[{"id":121216,"href":"https:\/\/www.greenpeace.ch\/de\/wp-json\/wp\/v2\/pages\/107187\/revisions\/121216"}],"wp:featuredmedia":[{"embeddable":true,"href":"https:\/\/www.greenpeace.ch\/de\/wp-json\/wp\/v2\/media\/93588"}],"wp:attachment":[{"href":"https:\/\/www.greenpeace.ch\/de\/wp-json\/wp\/v2\/media?parent=107187"}],"wp:term":[{"taxonomy":"category","embeddable":true,"href":"https:\/\/www.greenpeace.ch\/de\/wp-json\/wp\/v2\/categories?post=107187"},{"taxonomy":"post_tag","embeddable":true,"href":"https:\/\/www.greenpeace.ch\/de\/wp-json\/wp\/v2\/tags?post=107187"}],"curies":[{"name":"wp","href":"https:\/\/api.w.org\/{rel}","templated":true}]}}