{"id":108166,"date":"2024-05-29T15:36:13","date_gmt":"2024-05-29T13:36:13","guid":{"rendered":"https:\/\/www.greenpeace.ch\/?page_id=108166"},"modified":"2025-06-05T08:53:14","modified_gmt":"2025-06-05T06:53:14","slug":"recht-respektieren","status":"publish","type":"page","link":"https:\/\/www.greenpeace.ch\/de\/recht-respektieren\/","title":{"rendered":"Eil-Petition: Liebe Parlamentarier:innen, respektiert das Recht"},"content":{"rendered":"\n\n<div class=\"wp-block-group alignfull is-layout-flow wp-block-group-is-layout-flow\">\n<div class=\"wp-block-group container is-layout-flow wp-block-group-is-layout-flow\">\n<div class=\"wp-block-media-text alignfull has-media-on-the-right is-stacked-on-mobile is-pattern-p4-page-header is-style-parallax\"><div class=\"wp-block-media-text__content\">\n<div class=\"wp-block-group is-layout-flow wp-block-group-is-layout-flow\">\n<h1 class=\"wp-block-heading has-white-background-color has-background\">\n                            Eil-Petition: Liebe Parlamentarier:innen, respektiert das Recht\n                        <\/h1>\n<\/div>\n<\/div><figure class=\"wp-block-media-text__media\"><img loading=\"lazy\" decoding=\"async\" width=\"2400\" height=\"800\" src=\"https:\/\/www.greenpeace.ch\/static\/planet4-switzerland-stateless\/2024\/05\/db4602b1-klima-urteil-presse-weniger-2400-x-800-px.png\" alt=\"\" sizes=\"auto, (min-width: 601px) 50vw, 100vw\" srcset=\"https:\/\/www.greenpeace.ch\/static\/planet4-switzerland-stateless\/2024\/05\/db4602b1-klima-urteil-presse-weniger-2400-x-800-px.png 2400w, https:\/\/www.greenpeace.ch\/static\/planet4-switzerland-stateless\/2024\/05\/db4602b1-klima-urteil-presse-weniger-2400-x-800-px-300x100.png 300w, https:\/\/www.greenpeace.ch\/static\/planet4-switzerland-stateless\/2024\/05\/db4602b1-klima-urteil-presse-weniger-2400-x-800-px-1024x341.png 1024w, https:\/\/www.greenpeace.ch\/static\/planet4-switzerland-stateless\/2024\/05\/db4602b1-klima-urteil-presse-weniger-2400-x-800-px-768x256.png 768w, https:\/\/www.greenpeace.ch\/static\/planet4-switzerland-stateless\/2024\/05\/db4602b1-klima-urteil-presse-weniger-2400-x-800-px-1536x512.png 1536w, https:\/\/www.greenpeace.ch\/static\/planet4-switzerland-stateless\/2024\/05\/db4602b1-klima-urteil-presse-weniger-2400-x-800-px-2048x683.png 2048w, https:\/\/www.greenpeace.ch\/static\/planet4-switzerland-stateless\/2024\/05\/db4602b1-klima-urteil-presse-weniger-2400-x-800-px-510x170.png 510w\" class=\"wp-image-108207 size-full\"\/><\/figure><\/div>\n<\/div>\n<\/div>\n\n\n<div class=\"wp-block-group is-vertical is-layout-flex wp-container-core-group-is-layout-8cf370e7 wp-block-group-is-layout-flex\"><\/div>\n\n<div class=\"wp-block-columns has-2-columns is-style-petition-left is-layout-flex wp-container-core-columns-is-layout-9d6595d7 wp-block-columns-is-layout-flex\">\n<div class=\"wp-block-column is-layout-flow wp-block-column-is-layout-flow\">\n<h2 class=\"wp-block-heading\"><\/h2>\n\n\n\n<p><\/p>\n\n\n\n<h4 class=\"wp-block-heading\"><strong>Die Petition wurde geschlossen.<\/strong>&nbsp;<strong>Wir konnten 22074 Unterschriften dem Parlament \u00fcbergeben.<\/strong> <\/h4>\n\n\n\n<h4 class=\"wp-block-heading\">Herzlichen Dank an alle Unterzeichner:innen! \ud83e\udd17<\/h4>\n<\/div>\n\n\n\n<div class=\"wp-block-column is-layout-flow wp-block-column-is-layout-flow\">\n<h2 class=\"wp-block-heading\"><strong>An das Schweizer Parlament<\/strong><\/h2>\n\n\n\n<p>Die KlimaSeniorinnen haben vor dem Europ\u00e4ischen Gerichtshof f\u00fcr Menschenrechte (EGMR) einen wichtigen Sieg f\u00fcr uns alle errungen: In seinem Leiturteil sagt der EGMR, dass ein Land wie die Schweiz mehr f\u00fcr den Klimaschutz tun muss, um die Menschenrechte zu sch\u00fctzen.&nbsp;<\/p>\n\n\n\n<p>Doch die Rechtskommissionen des National- und St\u00e4nderats negieren die menschenrechtlichen Folgen der Klimakrise und fordern in einem beispiellosen Angriff gegen den EGMR den Bundesrat dazu auf, dem Urteil keine Folge zu leisten. Die Menschenrechtskonvention und ihr Gerichtshof sind enorm wichtig f\u00fcr uns alle. Seit 50 Jahren geh\u00f6ren sie zu unserem demokratischen und rechtsstaatlichen System dazu.&nbsp;<\/p>\n\n\n\n<p>Der EGMR ist mit dem Klima-Urteil keineswegs einen Sonderweg gegangen. Gerichte wie der internationale Seegerichtshof sowie nationale Gerichte in den Niederlanden, Deutschland, Frankreich, Belgien, Norwegen und anderen L\u00e4ndern kamen in innerstaatlichen&nbsp;Verfahren zu \u00e4hnlichen Schl\u00fcssen. <strong>Denn es ist wissenschaftlich unbestritten: Es braucht dringend Kurs\u00e4nderungen in der Klimapolitik, um die drohende Klimakatastrophe abzuwenden.<\/strong><strong> <\/strong><strong><br><\/strong><\/p>\n\n\n\n<ul class=\"wp-block-list\">\n<li>Klimaextreme gef\u00e4hrden schon heute die Schw\u00e4chsten und Verletzlichsten unter uns.&nbsp;<\/li>\n\n\n\n<li>Unumkehrbare Kettenreaktionen k\u00f6nnen ganze \u00d6kosysteme und Lebensr\u00e4ume zum Kippen bringen.<\/li>\n\n\n\n<li>Wir m\u00fcssen uns sch\u00fctzen und daf\u00fcr sorgen, dass der Temperaturanstieg nicht aus dem Ruder l\u00e4uft.&nbsp;&nbsp;<\/li>\n<\/ul>\n\n\n\n<p>Der EGMR ist eine unverzichtbare Institution, an die wir uns f\u00fcr den Schutz unserer Menschenrechte wenden k\u00f6nnen. Ohne EGMR ist der gerichtliche Schutz unserer Menschenrechte l\u00fcckenhaft. Und ohne diesen Schutz funktioniert unsere Demokratie nicht. Denn die Mehrheit darf die Grundrechte einer Minderheit nicht \u00fcbergehen. <\/p>\n\n\n\n<p><strong>Mit der Unterzeichnung dieses Textes fordere ich die Parlamentarier:innen auf, das Klima-Urteil des EGMR zu respektieren und die Menschenrechtskonvention zu sch\u00fctzen.&nbsp;<\/strong><\/p>\n\n\n\n<p><strong>Was passiert mit deiner Unterschrift?<\/strong><br>Wir werden die gesammelten Unterschriften am 11. Juni 2024 dem Parlament \u00fcbergeben. Bitte hilf mit, dass wir m\u00f6glichst viele Unterschriften zusammen bekommen. Zusammen sch\u00fctzen wir die Menschenrechtskonvention.<\/p>\n\n\n\n<p>Herzlichen Dank f\u00fcr deine Unterst\u00fctzung!<\/p>\n\n\n\n<figure class=\"wp-block-image size-full\"><img loading=\"lazy\" decoding=\"async\" width=\"592\" height=\"62\" src=\"https:\/\/www.greenpeace.ch\/static\/planet4-switzerland-stateless\/2024\/06\/af8c5dfe-klimaseniorin_de.jpg\" alt=\"\" class=\"wp-image-108489\" srcset=\"https:\/\/www.greenpeace.ch\/static\/planet4-switzerland-stateless\/2024\/06\/af8c5dfe-klimaseniorin_de.jpg 592w, https:\/\/www.greenpeace.ch\/static\/planet4-switzerland-stateless\/2024\/06\/af8c5dfe-klimaseniorin_de-300x31.jpg 300w, https:\/\/www.greenpeace.ch\/static\/planet4-switzerland-stateless\/2024\/06\/af8c5dfe-klimaseniorin_de-510x53.jpg 510w\" sizes=\"auto, (max-width: 592px) 100vw, 592px\" \/><\/figure>\n<\/div>\n<\/div>\n","protected":false},"excerpt":{"rendered":"<p>Fordere die Parlamentarier:innen auf, das Klima-Urteil des EGMR zu respektieren.<\/p>\n","protected":false},"author":48,"featured_media":108207,"parent":0,"menu_order":0,"comment_status":"closed","ping_status":"closed","template":"","meta":{"_acf_changed":false,"_planet4_optimize_post_is_variant":false,"_planet4_optimize_experiment_name":"","_planet4_optimize_variant_name":"","ep_exclude_from_search":false,"p4_hide_page_title_checkbox":"on","p4_title":"","p4_subtitle":"","p4_description":"","background_image_id":"","background_image":"","p4_button_title":"","p4_button_link":"","p4_button_link_checkbox":"","p4_og_title":"","p4_og_description":"","p4_og_image":"","p4_og_image_id":"","p4_seo_canonical_url":"","p4_campaign_name":"not set","p4_local_project":"not set","p4_basket_name":"not set","p4_department":"","footnotes":""},"categories":[],"tags":[34,50],"class_list":["post-108166","page","type-page","status-publish","has-post-thumbnail","hentry","tag-klimagerechtigkeit","tag-klima"],"acf":[],"_links":{"self":[{"href":"https:\/\/www.greenpeace.ch\/de\/wp-json\/wp\/v2\/pages\/108166","targetHints":{"allow":["GET"]}}],"collection":[{"href":"https:\/\/www.greenpeace.ch\/de\/wp-json\/wp\/v2\/pages"}],"about":[{"href":"https:\/\/www.greenpeace.ch\/de\/wp-json\/wp\/v2\/types\/page"}],"author":[{"embeddable":true,"href":"https:\/\/www.greenpeace.ch\/de\/wp-json\/wp\/v2\/users\/48"}],"replies":[{"embeddable":true,"href":"https:\/\/www.greenpeace.ch\/de\/wp-json\/wp\/v2\/comments?post=108166"}],"version-history":[{"count":20,"href":"https:\/\/www.greenpeace.ch\/de\/wp-json\/wp\/v2\/pages\/108166\/revisions"}],"predecessor-version":[{"id":120710,"href":"https:\/\/www.greenpeace.ch\/de\/wp-json\/wp\/v2\/pages\/108166\/revisions\/120710"}],"wp:featuredmedia":[{"embeddable":true,"href":"https:\/\/www.greenpeace.ch\/de\/wp-json\/wp\/v2\/media\/108207"}],"wp:attachment":[{"href":"https:\/\/www.greenpeace.ch\/de\/wp-json\/wp\/v2\/media?parent=108166"}],"wp:term":[{"taxonomy":"category","embeddable":true,"href":"https:\/\/www.greenpeace.ch\/de\/wp-json\/wp\/v2\/categories?post=108166"},{"taxonomy":"post_tag","embeddable":true,"href":"https:\/\/www.greenpeace.ch\/de\/wp-json\/wp\/v2\/tags?post=108166"}],"curies":[{"name":"wp","href":"https:\/\/api.w.org\/{rel}","templated":true}]}}