{"id":112263,"date":"2024-08-28T16:50:00","date_gmt":"2024-08-28T14:50:00","guid":{"rendered":"https:\/\/www.greenpeace.ch\/?page_id=112263"},"modified":"2024-10-09T14:27:39","modified_gmt":"2024-10-09T12:27:39","slug":"lieber-bundesrat-respektiere-das-egmr-urteil","status":"publish","type":"page","link":"https:\/\/www.greenpeace.ch\/de\/lieber-bundesrat-respektiere-das-egmr-urteil\/","title":{"rendered":"Lieber Bundesrat, respektiere das EGMR-Urteil!"},"content":{"rendered":"\n\n<div class=\"wp-block-group alignfull is-layout-flow wp-block-group-is-layout-flow\">\n<div class=\"wp-block-group container is-layout-flow wp-block-group-is-layout-flow\">\n<div class=\"wp-block-media-text alignfull has-media-on-the-right is-stacked-on-mobile is-pattern-p4-page-header is-style-parallax\"><div class=\"wp-block-media-text__content\">\n<div class=\"wp-block-group is-layout-flow wp-block-group-is-layout-flow\">\n<h1 class=\"wp-block-heading has-white-background-color has-background\">Lieber Bundesrat, respektiere das EGMR-Urteil!<\/h1>\n<\/div>\n<\/div><figure class=\"wp-block-media-text__media\"><img loading=\"lazy\" decoding=\"async\" width=\"1024\" height=\"683\" src=\"https:\/\/www.greenpeace.ch\/static\/planet4-switzerland-stateless\/2024\/08\/a1932b26-gp1szwn5_medium-res-1200px-1024x683.jpg\" alt=\"\" sizes=\"auto, (min-width: 601px) 50vw, 100vw\" srcset=\"https:\/\/www.greenpeace.ch\/static\/planet4-switzerland-stateless\/2024\/08\/a1932b26-gp1szwn5_medium-res-1200px.jpg 1200w, https:\/\/www.greenpeace.ch\/static\/planet4-switzerland-stateless\/2024\/08\/a1932b26-gp1szwn5_medium-res-1200px-300x200.jpg 300w, https:\/\/www.greenpeace.ch\/static\/planet4-switzerland-stateless\/2024\/08\/a1932b26-gp1szwn5_medium-res-1200px-1024x683.jpg 1024w, https:\/\/www.greenpeace.ch\/static\/planet4-switzerland-stateless\/2024\/08\/a1932b26-gp1szwn5_medium-res-1200px-768x512.jpg 768w, https:\/\/www.greenpeace.ch\/static\/planet4-switzerland-stateless\/2024\/08\/a1932b26-gp1szwn5_medium-res-1200px-510x340.jpg 510w\" class=\"wp-image-112264 size-full\"\/><\/figure><\/div>\n<\/div>\n<\/div>\n\n\n<div class=\"wp-block-columns has-2-columns is-style-petition-left is-layout-flex wp-container-core-columns-is-layout-9d6595d7 wp-block-columns-is-layout-flex\">\n<div class=\"wp-block-column is-layout-flow wp-block-column-is-layout-flow\">\n<p>Die Protestmail-Aktion ist inzwischen vorbei. Rund 15&#8217;000 Menschen haben sich beteiligt. Herzlichen Dank daf\u00fcr! \ud83e\udd17<\/p>\n\n\n\n<hr class=\"wp-block-separator has-alpha-channel-opacity\"\/>\n\n\n\n<h2 class=\"wp-block-heading is-style-default\">Ungen\u00fcgend: die Schweizer Klimastrategie<\/h2>\n\n\n\n<p>Am 9. April 2024 hat der Europ\u00e4ische Gerichtshof f\u00fcr Menschenrechte EGMR ein Leiturteil im Fall KlimaSeniorinnen gegen die Schweiz gesprochen. Er hat festgehalten: Es gibt ein Recht, vor den negativen Folgen der Klimaerw\u00e4rmung gesch\u00fctzt zu werden. Und die Schweiz muss mehr tun, um die Menschen vor den Auswirkungen des Klimawandels zu sch\u00fctzen. Doch anstatt diese Verpflichtung als verbindlich zu akzeptieren, h\u00e4lt der Bundesrat an einer menschenrechtswidrigen Klimastrategie fest.<\/p>\n\n\n\n<p>Danke, dass du uns unterst\u00fctzt.<\/p>\n\n\n\n<div class=\"wp-block-group is-nowrap is-layout-flex wp-container-core-group-is-layout-ad2f72ca wp-block-group-is-layout-flex\">\n<figure class=\"wp-block-image size-full is-resized\"><img loading=\"lazy\" decoding=\"async\" width=\"592\" height=\"62\" src=\"https:\/\/www.greenpeace.ch\/static\/planet4-switzerland-stateless\/2024\/08\/b757c97d-klimaseniorin_de.jpg\" alt=\"\" class=\"wp-image-112344\" style=\"width:295px;height:auto\" srcset=\"https:\/\/www.greenpeace.ch\/static\/planet4-switzerland-stateless\/2024\/08\/b757c97d-klimaseniorin_de.jpg 592w, https:\/\/www.greenpeace.ch\/static\/planet4-switzerland-stateless\/2024\/08\/b757c97d-klimaseniorin_de-300x31.jpg 300w, https:\/\/www.greenpeace.ch\/static\/planet4-switzerland-stateless\/2024\/08\/b757c97d-klimaseniorin_de-510x53.jpg 510w\" sizes=\"auto, (max-width: 592px) 100vw, 592px\" \/><\/figure>\n\n\n\n<figure class=\"wp-block-image size-large is-resized\"><img loading=\"lazy\" decoding=\"async\" width=\"1024\" height=\"166\" src=\"https:\/\/www.greenpeace.ch\/static\/planet4-switzerland-stateless\/2024\/08\/71f6b0e7-greenpeace_logo_green_rgb-1024x166.png\" alt=\"\" class=\"wp-image-112348\" style=\"width:168px;height:auto\" srcset=\"https:\/\/www.greenpeace.ch\/static\/planet4-switzerland-stateless\/2024\/08\/71f6b0e7-greenpeace_logo_green_rgb-1024x166.png 1024w, https:\/\/www.greenpeace.ch\/static\/planet4-switzerland-stateless\/2024\/08\/71f6b0e7-greenpeace_logo_green_rgb-300x49.png 300w, https:\/\/www.greenpeace.ch\/static\/planet4-switzerland-stateless\/2024\/08\/71f6b0e7-greenpeace_logo_green_rgb-768x124.png 768w, https:\/\/www.greenpeace.ch\/static\/planet4-switzerland-stateless\/2024\/08\/71f6b0e7-greenpeace_logo_green_rgb-510x83.png 510w, https:\/\/www.greenpeace.ch\/static\/planet4-switzerland-stateless\/2024\/08\/71f6b0e7-greenpeace_logo_green_rgb.png 1080w\" sizes=\"auto, (max-width: 1024px) 100vw, 1024px\" \/><\/figure>\n<\/div>\n\n\n<div aria-hidden=\"true\" class=\"gpch-block-spacer\"><\/div>\n\n\n<h3 class=\"wp-block-heading\"><strong>Dein Protestmail an den Bundesrat<\/strong><\/h3>\n\n\n\n<div class=\"wp-block-group is-style-quote is-content-justification-left is-layout-constrained wp-container-core-group-is-layout-8c890d92 wp-block-group-is-layout-constrained\">\n<p><em>Betreff: <strong>Lieber Bundesrat, respektiere das EGMR-Urteil!<\/strong><\/em><\/p>\n\n\n\n<p><em>Sehr geehrte Frau Bundespr\u00e4sidentin&nbsp;<\/em><br><em>Sehr geehrte Damen und Herren Bundesr\u00e4tinnen und Bundesr\u00e4te<\/em><\/p>\n\n\n\n<p><em>Ich bin tief besorgt: Sie behaupten, die Schweiz mache bereits genug beim Klimaschutz und das Urteil des Europ\u00e4ischen Gerichtshofs f\u00fcr Menschenrechte EGMR im Fall der KlimaSeniorinnen Schweiz sei darum bereits umgesetzt. Doch das stimmt nicht. Der EGMR hat in seinem Urteil deutlich aufgezeigt, dass die Schweiz eben keine Mustersch\u00fclerin beim Klimaschutz ist.<\/em><\/p>\n\n\n\n<p><em>Der EGMR urteilte, dass betroffene Menschen unter Artikel 8 der Europ\u00e4ischen Menschenrechtskonvention das Recht haben, gesch\u00fctzt zu werden vor den schwerwiegenden nachteiligen Auswirkungen des Klimawandels auf ihr Leben, ihre Gesundheit, ihr Wohlbefinden und ihre Lebensqualit\u00e4t. In der Konsequenz sind die Staaten dazu verpflichtet, ihre Treibhausgasemissionen so zu reduzieren, dass die Erw\u00e4rmung effektiv bei 1.5\u00b0C gestoppt werden kann.<\/em><\/p>\n\n\n\n<p><em><em>Die Schweiz hat es bislang vers\u00e4umt, den Klimaschutz mit Blick auf diese menschenrechtlichen Anforderungen des EGMR zu \u00fcberpr\u00fcfen und zu verst\u00e4rken. Damit ignoriert der Bundesrat die bedeutendste vom EGMR formulierte Anforderung an einen menschenrechtskonformen Klimaschutz.<\/em><\/em><\/p>\n\n\n\n<p><em><em>Ich bitte Sie, das Urteil des EGMR vollumf\u00e4nglich umzusetzen und die andauernde Menschenrechtsverletzung zu beheben. Ich rufe Sie auf, in einem ersten Schritt wissenschaftlich solide aufzuzeigen, wie die Schweiz mit der eigenen Klimapolitik die Einhaltung des 1.5\u00b0C-Limits m\u00f6glich macht. Wenn die Schweiz das nicht macht und sich stattdessen gar um verbindliche Gerichtsentscheide foutiert, wie soll der Kampf gegen die Klimakrise zusammen mit anderen Staaten gelingen?<\/em><\/em><\/p>\n\n\n\n<p><em>Ich danke Ihnen f\u00fcr die Erarbeitung eines wirkungsvollen Aktionsplans und damit letztlich f\u00fcr den Schutz unserer Rechte.&nbsp;<\/em><\/p>\n\n\n\n<p><em>Freundliche Gr\u00fcsse<\/em><\/p>\n\n\n\n<p><\/p>\n<\/div>\n<\/div>\n<\/div>\n","protected":false},"excerpt":{"rendered":"<p>Der Bundesrat sieht keine Notwendigkeit, dem Klima-Urteil des EGMR Folge zu leisten und h\u00e4lt an seiner Klimastrategie fest. <\/p>\n","protected":false},"author":127,"featured_media":112264,"parent":0,"menu_order":0,"comment_status":"closed","ping_status":"closed","template":"","meta":{"_acf_changed":false,"_planet4_optimize_post_is_variant":false,"_planet4_optimize_experiment_name":"","_planet4_optimize_variant_name":"","ep_exclude_from_search":false,"p4_hide_page_title_checkbox":"on","p4_title":"","p4_subtitle":"","p4_description":"","background_image_id":"295","background_image":"https:\/\/www.greenpeace.ch\/static\/planet4-switzerland-stateless\/2018\/05\/fc54c126-gp0stqmp3.jpg","p4_button_title":"","p4_button_link":"","p4_button_link_checkbox":"","p4_og_title":"","p4_og_description":"","p4_og_image":"","p4_og_image_id":"","p4_seo_canonical_url":"","p4_campaign_name":"not set","p4_local_project":"not set","p4_basket_name":"not set","p4_department":"","footnotes":""},"categories":[],"tags":[34,50],"class_list":["post-112263","page","type-page","status-publish","has-post-thumbnail","hentry","tag-klimagerechtigkeit","tag-klima"],"acf":[],"_links":{"self":[{"href":"https:\/\/www.greenpeace.ch\/de\/wp-json\/wp\/v2\/pages\/112263","targetHints":{"allow":["GET"]}}],"collection":[{"href":"https:\/\/www.greenpeace.ch\/de\/wp-json\/wp\/v2\/pages"}],"about":[{"href":"https:\/\/www.greenpeace.ch\/de\/wp-json\/wp\/v2\/types\/page"}],"author":[{"embeddable":true,"href":"https:\/\/www.greenpeace.ch\/de\/wp-json\/wp\/v2\/users\/127"}],"replies":[{"embeddable":true,"href":"https:\/\/www.greenpeace.ch\/de\/wp-json\/wp\/v2\/comments?post=112263"}],"version-history":[{"count":20,"href":"https:\/\/www.greenpeace.ch\/de\/wp-json\/wp\/v2\/pages\/112263\/revisions"}],"predecessor-version":[{"id":113410,"href":"https:\/\/www.greenpeace.ch\/de\/wp-json\/wp\/v2\/pages\/112263\/revisions\/113410"}],"wp:featuredmedia":[{"embeddable":true,"href":"https:\/\/www.greenpeace.ch\/de\/wp-json\/wp\/v2\/media\/112264"}],"wp:attachment":[{"href":"https:\/\/www.greenpeace.ch\/de\/wp-json\/wp\/v2\/media?parent=112263"}],"wp:term":[{"taxonomy":"category","embeddable":true,"href":"https:\/\/www.greenpeace.ch\/de\/wp-json\/wp\/v2\/categories?post=112263"},{"taxonomy":"post_tag","embeddable":true,"href":"https:\/\/www.greenpeace.ch\/de\/wp-json\/wp\/v2\/tags?post=112263"}],"curies":[{"name":"wp","href":"https:\/\/api.w.org\/{rel}","templated":true}]}}