{"id":113603,"date":"2024-11-25T10:57:40","date_gmt":"2024-11-25T09:57:40","guid":{"rendered":"https:\/\/www.greenpeace.ch\/?page_id=113603"},"modified":"2026-02-05T15:11:47","modified_gmt":"2026-02-05T14:11:47","slug":"fpi-sammeln","status":"publish","type":"page","link":"https:\/\/www.greenpeace.ch\/de\/fpi-sammeln\/","title":{"rendered":"FPI-Sammeln &#8211; Startseite"},"content":{"rendered":"\n<div class=\"wp-block-group is-nowrap is-layout-flex wp-container-core-group-is-layout-ad2f72ca wp-block-group-is-layout-flex\">\n<h1 class=\"wp-block-heading has-x-large-font-size\"><strong>Finanzplatz-Initiative \u270d\ufe0f <\/strong><strong>Unterschriften sammeln mit Greenpeace<\/strong><\/h1>\n<\/div>\n\n<div class=\"wp-block-group is-nowrap is-layout-flex wp-container-core-group-is-layout-ad2f72ca wp-block-group-is-layout-flex\">\n<p>J\u00e4hrlich fliessen Milliardenbetr\u00e4ge aus der Schweiz ins Ausland und dort in umwelt- und klimasch\u00e4dliche Aktivit\u00e4ten. Der Schweizer Finanzplatz ist mindestens f\u00fcr das 18-fache der gesamten inl\u00e4ndischen CO2-Emissionen der Schweiz verantwortlich. Trotz jahrelangem Engagement von Greenpeace und anderen Organisationen dr\u00fccken sich die Banken, Versicherungen, Pensionskassen und Verm\u00f6gensverwalter immer noch vor ihrer Verantwortung in der Klimakrise und der Biodiversit\u00e4tskrise. Deshalb hat Greenpeace die Finanzplatz-Initiative mitentwickelt und unterst\u00fctzt diese vollumf\u00e4nglich.<\/p>\n<\/div>\n\n<div class=\"wp-block-group is-nowrap is-layout-flex wp-container-core-group-is-layout-ad2f72ca wp-block-group-is-layout-flex\">\n<p>Wir wollen mindestens 15\u2019000 Unterschriften zur Initiative beitragen. Unterst\u00fctzt du uns? Wir brauchen alle, damit diese Initiative zustande kommt und wir sie gewinnen k\u00f6nnen.<\/p>\n<\/div>\n\n<p>Zusammen sorgen wir daf\u00fcr, dass Schweizer Geld nicht mehr in Zerst\u00f6rung fliesst!<\/p>\n\n\n<div class=\"wp-block-group alignfull is-layout-flow wp-block-group-is-layout-flow\">\n<div class=\"wp-block-group container is-layout-flow wp-block-group-is-layout-flow\">\n<hr class=\"wp-block-separator has-alpha-channel-opacity\"\/>\n\n\n\n<div class=\"wp-block-media-text alignfull is-stacked-on-mobile is-pattern-p4-page-header is-style-parallax\"><figure class=\"wp-block-media-text__media\"><img loading=\"lazy\" decoding=\"async\" width=\"1024\" height=\"584\" src=\"https:\/\/www.greenpeace.ch\/static\/planet4-switzerland-stateless\/2024\/10\/acb5570d-screenshot-2024-10-29-at-16.54.00-1024x584.png\" alt=\"\" sizes=\"auto, (min-width: 601px) 50vw, 100vw\" srcset=\"https:\/\/www.greenpeace.ch\/static\/planet4-switzerland-stateless\/2024\/10\/acb5570d-screenshot-2024-10-29-at-16.54.00.png 1600w, https:\/\/www.greenpeace.ch\/static\/planet4-switzerland-stateless\/2024\/10\/acb5570d-screenshot-2024-10-29-at-16.54.00-300x171.png 300w, https:\/\/www.greenpeace.ch\/static\/planet4-switzerland-stateless\/2024\/10\/acb5570d-screenshot-2024-10-29-at-16.54.00-1024x584.png 1024w, https:\/\/www.greenpeace.ch\/static\/planet4-switzerland-stateless\/2024\/10\/acb5570d-screenshot-2024-10-29-at-16.54.00-768x438.png 768w, https:\/\/www.greenpeace.ch\/static\/planet4-switzerland-stateless\/2024\/10\/acb5570d-screenshot-2024-10-29-at-16.54.00-1536x876.png 1536w, https:\/\/www.greenpeace.ch\/static\/planet4-switzerland-stateless\/2024\/10\/acb5570d-screenshot-2024-10-29-at-16.54.00-510x291.png 510w\" class=\"wp-image-113963 size-full\"\/><\/figure><div class=\"wp-block-media-text__content\">\n<div class=\"wp-block-group is-layout-flow wp-block-group-is-layout-flow\">\n<p><\/p>\n\n\n\n<div class=\"wp-block-columns is-layout-flex wp-container-core-columns-is-layout-9d6595d7 wp-block-columns-is-layout-flex\">\n<div class=\"wp-block-column is-layout-flow wp-block-column-is-layout-flow\" style=\"flex-basis:100%\">\n<h1 class=\"wp-block-heading has-white-background-color has-background\" id=\"Zerst\u00f6rung-stoppen\">Unterschriften sammeln. <\/h1>\n\n\n\n<h2 class=\"wp-block-heading\">Zerst\u00f6rung stoppen.<\/h2>\n<\/div>\n<\/div>\n<\/div>\n\n\n\n<p id=\"Zerst\u00f6rung-stoppen\" style=\"font-size:1.25rem\">Seit \u00fcber einem Jahrzehnt k\u00e4mpft Greenpeace daf\u00fcr, dass der Finanzplatz in der Schweiz gr\u00fcner und gerechter wird. Greenpeace ist Teil des Tr\u00e4gervereins der Finanzplatz-Initiative. Erfahre mehr, wieso diese Initiative so wichtig ist.<br><\/p>\n\n\n\n<div class=\"wp-block-buttons is-layout-flex wp-block-buttons-is-layout-flex\">\n<div class=\"wp-block-button has-custom-width wp-block-button__width-75 is-style-cta\"><a class=\"wp-block-button__link wp-element-button\" href=\"https:\/\/www.greenpeace.ch\/de\/story\/115044\/der-finanzplatz-braucht-strengere-regeln\/\" target=\"_blank\" rel=\"noreferrer noopener\">Wieso diese Initiative?<\/a><\/div>\n<\/div>\n<\/div><\/div>\n\n\n\n<hr class=\"wp-block-separator has-alpha-channel-opacity\"\/>\n\n\n\n<div class=\"wp-block-columns is-layout-flex wp-container-core-columns-is-layout-9d6595d7 wp-block-columns-is-layout-flex\">\n<div class=\"wp-block-column is-layout-flow wp-block-column-is-layout-flow\">\n<h2 class=\"wp-block-heading is-style-default\" id=\"15'000-Unterschriften\">10&#8217;103 von 15&#8217;000 Unterschriften erreicht<\/h2>\n<\/div>\n<\/div>\n\n\n<div class=\"gpch-block-form-progress-outer\" style=\"background-color: #303133;\">\n    <div class=\"gpch-block-form-progress-inner\" style=\"width: 67.32%; background-color: #58b006\">\n\n    <\/div>\n<\/div>\n\n\n<p>Wir wollen 15\u2019000 Unterschriften zur Initiative beitragen. Daf\u00fcr brauchen wir auch dich! Du kannst ab sofort mit dem Sammeln loslegen: Zum Beispiel am Arbeitsplatz, in deinem Sportverein, in deinem Freundeskreis oder in deiner Nachbarschaft. Damit du gut vorbereitet bist, haben wir ein Starter-Kit zusammengestellt sowie Online-Trainings geplant.<\/p>\n\n\n\n<p>Wenn du nicht alleine sammeln magst, kannst du dich einer Sammel-Gruppe in deiner N\u00e4he anschliessen oder beim n\u00e4chsten offiziellen Sammeltag mitsammeln. Bist du dabei? Weiter unten kannst du dich anmelden!<\/p>\n\n\n\n<h2 class=\"wp-block-heading\" id=\"Sammel-Gruppen\">Sammel-Gruppen<\/h2>\n\n\n\n<p><strong>Wir sammeln in der ganzen Schweiz. Melde dich bei der Sammel-Gruppe in deiner N\u00e4he. <br><\/strong><br>Wenn du einer Sammel-Gruppe beitrittst, wirst du in den entsprechenden Signalchat aufgenommen und wirst immer auf dem aktuellsten Stand sein betreffend Sammel-Events und Anl\u00e4ssen. Du hast somit auch die M\u00f6glichkeit, dich mit anderen motivierten Menschen in Kontakt zu treten und gemeinsame Sammeltreffen zu organisieren. Es ist auch eine gute Gelegenheit sich mit anderen \u00fcber die Thematik auszutauschen.<\/p>\n\n\n\n<div class=\"wp-block-group is-nowrap is-layout-flex wp-container-core-group-is-layout-ad2f72ca wp-block-group-is-layout-flex\">\n<section class=\"block accordion-block wp-block-planet4-blocks-accordion is-style-light\"><div class=\"accordion-content\"><div class=\"accordion-headline\" name=\"Aarau\">Aarau<\/div><div class=\"panel panel-hidden\"><p class=\"accordion-text\">Hier geht&#8217;s zum Anmeldeformular. Danach f\u00fcgen wir dich dem Signal-Chat der Sammel-Gruppe zu, wo du alle Infos zu den n\u00e4chsten Sammel-Events erf\u00e4hrst.<\/p><a class=\"btn btn-secondary accordion-btn\" href=\"https:\/\/www.greenpeace.ch\/de\/finanzplatz-initiative-sammel-gruppe-beitreten\/\" target=\"_blank\" rel=\"noopener noreferrer\">Sammelgruppe beitreten<\/a><\/div><\/div><div class=\"accordion-content\"><div class=\"accordion-headline\" name=\"Basel\">Basel<\/div><div class=\"panel panel-hidden\"><p class=\"accordion-text\">Hier geht&#8217;s zum Anmeldeformular. Danach f\u00fcgen wir dich dem Signal-Chat der Sammel-Gruppe zu, wo du alle Infos zu den n\u00e4chsten Sammel-Events erf\u00e4hrst.<\/p><a class=\"btn btn-secondary accordion-btn\" href=\"https:\/\/www.greenpeace.ch\/de\/finanzplatz-initiative-sammel-gruppe-beitreten\/\" target=\"_blank\" rel=\"noopener noreferrer\">Sammelgruppe beitreten<\/a><\/div><\/div><div class=\"accordion-content\"><div class=\"accordion-headline\" name=\"Bern\">Bern<\/div><div class=\"panel panel-hidden\"><p class=\"accordion-text\">Hier geht&#8217;s zum Anmeldeformular. Danach f\u00fcgen wir dich dem Signal-Chat der Sammel-Gruppe zu, wo du alle Infos zu den n\u00e4chsten Sammel-Events erf\u00e4hrst.<\/p><a class=\"btn btn-secondary accordion-btn\" href=\"https:\/\/www.greenpeace.ch\/de\/finanzplatz-initiative-sammel-gruppe-beitreten\/\" target=\"_blank\" rel=\"noopener noreferrer\">Sammelgruppe beitreten<\/a><\/div><\/div><div class=\"accordion-content\"><div class=\"accordion-headline\" name=\"Chur\">Chur<\/div><div class=\"panel panel-hidden\"><p class=\"accordion-text\">Hier geht&#8217;s zum Anmeldeformular. Danach f\u00fcgen wir dich dem Signal-Chat der Sammel-Gruppe zu, wo du alle Infos zu den n\u00e4chsten Sammel-Events erf\u00e4hrst.<\/p><a class=\"btn btn-secondary accordion-btn\" href=\"https:\/\/www.greenpeace.ch\/de\/finanzplatz-initiative-sammel-gruppe-beitreten\/\" target=\"_blank\" rel=\"noopener noreferrer\">Sammelgruppe beitreten<\/a><\/div><\/div><div class=\"accordion-content\"><div class=\"accordion-headline\" name=\"Luzern\">Luzern<\/div><div class=\"panel panel-hidden\"><p class=\"accordion-text\">Hier geht&#8217;s zum Anmeldeformular. Danach f\u00fcgen wir dich dem Signal-Chat der Sammel-Gruppe zu, wo du alle Infos zu den n\u00e4chsten Sammel-Events erf\u00e4hrst.<\/p><a class=\"btn btn-secondary accordion-btn\" href=\"https:\/\/www.greenpeace.ch\/de\/finanzplatz-initiative-sammel-gruppe-beitreten\/\" target=\"_blank\" rel=\"noopener noreferrer\">Sammelgruppe beitreten<\/a><\/div><\/div><div class=\"accordion-content\"><div class=\"accordion-headline\" name=\"St. Gallen\">St. Gallen<\/div><div class=\"panel panel-hidden\"><p class=\"accordion-text\">Hier geht&#8217;s zum Anmeldeformular. Danach f\u00fcgen wir dich dem Signal-Chat der Sammel-Gruppe zu, wo du alle Infos zu den n\u00e4chsten Sammel-Events erf\u00e4hrst.<\/p><a class=\"btn btn-secondary accordion-btn\" href=\"https:\/\/www.greenpeace.ch\/de\/finanzplatz-initiative-sammel-gruppe-beitreten\/\" target=\"_blank\" rel=\"noopener noreferrer\">Sammelgruppe beitreten<\/a><\/div><\/div><div class=\"accordion-content\"><div class=\"accordion-headline\" name=\"Z\u00fcrich\">Z\u00fcrich<\/div><div class=\"panel panel-hidden\"><p class=\"accordion-text\">Hier geht&#8217;s zum Anmeldeformular. Danach f\u00fcgen wir dich dem Signal-Chat der Sammel-Gruppe zu, wo du alle Infos zu den n\u00e4chsten Sammel-Events erf\u00e4hrst.<\/p><a class=\"btn btn-secondary accordion-btn\" href=\"https:\/\/www.greenpeace.ch\/de\/finanzplatz-initiative-sammel-gruppe-beitreten\/\" target=\"_blank\" rel=\"noopener noreferrer\">Sammelgruppe beitreten<\/a><\/div><\/div><div class=\"accordion-content\"><div class=\"accordion-headline\" name=\"Genf\">Genf<\/div><div class=\"panel panel-hidden\"><p class=\"accordion-text\">Hier geht&#8217;s zum Anmeldeformular. Danach f\u00fcgen wir dich dem Signal-Chat der Sammel-Gruppe zu, wo du alle Infos zu den n\u00e4chsten Sammel-Events erf\u00e4hrst.<\/p><a class=\"btn btn-secondary accordion-btn\" href=\"https:\/\/www.greenpeace.ch\/de\/finanzplatz-initiative-sammel-gruppe-beitreten\/\" target=\"_blank\" rel=\"noopener noreferrer\">Sammelgruppe beitreten<\/a><\/div><\/div><div class=\"accordion-content\"><div class=\"accordion-headline\" name=\"Lausanne\">Lausanne<\/div><div class=\"panel panel-hidden\"><p class=\"accordion-text\">Hier geht&#8217;s zum Anmeldeformular. Danach f\u00fcgen wir dich dem Signal-Chat der Sammel-Gruppe zu, wo du alle Infos zu den n\u00e4chsten Sammel-Events erf\u00e4hrst.<\/p><a class=\"btn btn-secondary accordion-btn\" href=\"https:\/\/www.greenpeace.ch\/de\/finanzplatz-initiative-sammel-gruppe-beitreten\/\" target=\"_blank\" rel=\"noopener noreferrer\">Sammelgruppe beitreten<\/a><\/div><\/div><div class=\"accordion-content\"><div class=\"accordion-headline\" name=\"Neuenburg\">Neuenburg<\/div><div class=\"panel panel-hidden\"><p class=\"accordion-text\"><br>Hier geht&#8217;s zum Anmeldeformular. Danach f\u00fcgen wir dich dem Signal-Chat der Sammel-Gruppe zu, wo du alle Infos zu den n\u00e4chsten Sammel-Events erf\u00e4hrst.<\/p><a class=\"btn btn-secondary accordion-btn\" href=\"https:\/\/www.greenpeace.ch\/de\/finanzplatz-initiative-sammel-gruppe-beitreten\/\" target=\"_blank\" rel=\"noopener noreferrer\">Sammelgruppe beitreten<\/a><\/div><\/div><div class=\"accordion-content\"><div class=\"accordion-headline\" name=\"Sion\">Sion<\/div><div class=\"panel panel-hidden\"><p class=\"accordion-text\">Hier geht&#8217;s zum Anmeldeformular. Danach f\u00fcgen wir dich dem Signal-Chat der Sammel-Gruppe zu, wo du alle Infos zu den n\u00e4chsten Sammel-Events erf\u00e4hrst.<\/p><a class=\"btn btn-secondary accordion-btn\" href=\"https:\/\/www.greenpeace.ch\/de\/finanzplatz-initiative-sammel-gruppe-beitreten\/\" target=\"_blank\" rel=\"noopener noreferrer\">Sammelgruppe beitreten<\/a><\/div><\/div><div class=\"accordion-content\"><div class=\"accordion-headline\" name=\"Lugano\">Lugano<\/div><div class=\"panel panel-hidden\"><p class=\"accordion-text\">Hier geht&#8217;s zum Anmeldeformular. Danach f\u00fcgen wir dich dem Signal-Chat der Sammel-Gruppe zu, wo du alle Infos zu den n\u00e4chsten Sammel-Events erf\u00e4hrst.<\/p><a class=\"btn btn-secondary accordion-btn\" href=\"https:\/\/www.greenpeace.ch\/de\/finanzplatz-initiative-sammel-gruppe-beitreten\/\">Sammelgruppe beitreten<\/a><\/div><\/div><div class=\"accordion-content\"><div class=\"accordion-headline\" name=\"Neue Gruppe gr\u00fcnden?\">Neue Gruppe gr\u00fcnden?<\/div><div class=\"panel panel-hidden\"><p class=\"accordion-text\">Willst du eine neue Sammel-Gruppe gr\u00fcnden? Dann schreibe uns via mch@greenpeace.ch<\/p><\/div><\/div><\/section>\n<\/div>\n\n\n\n<hr class=\"wp-block-separator has-alpha-channel-opacity\"\/>\n\n\n\n<h2 class=\"wp-block-heading\" id=\"sammeltage\">Die n\u00e4chsten Sammeltage &amp; Trainings<\/h2>\n\n\n<div data-render=\"planet4-blocks\/columns\" data-attributes=\"{&quot;attributes&quot;:{&quot;columns_title&quot;:&quot;&quot;,&quot;columns_description&quot;:&quot;Hier findest du alle kommenden Sammel-Events sowie Trainings und Workshops. Um hier mitzumachen, musst du in keiner Sammel-Gruppe dabei sein. Wenn du willst, kannst du aber nach dem Event deiner lokalen Sammel-Gruppe beitreten.&quot;,&quot;columns&quot;:[{&quot;title&quot;:&quot;Aufzeichnung Webinar &quot;,&quot;description&quot;:&quot;Online Webinar mit Infos zur Initiative und Tipps und Tricks f\\u00fcrs Sammeln geben. Sprache: Deutsch&quot;,&quot;cta_text&quot;:&quot;Aufzeichnung ansehen&quot;,&quot;cta_link&quot;:&quot;https:\\\/\\\/www.youtube.com\\\/watch?v=GrY0Z13UNao&quot;,&quot;link_new_tab&quot;:true},{&quot;title&quot;:&quot;14. M\\u00e4rz - Sammeln&quot;,&quot;description&quot;:&quot;Nationaler Sammeltag - wir sammeln an allen m\\u00f6glichen Orten in der Schweiz.&quot;,&quot;cta_text&quot;:&quot;Anmelden&quot;,&quot;cta_link&quot;:&quot;https:\\\/\\\/www.greenpeace.ch\\\/de\\\/anmeldeformular-sammel-events\\\/&quot;,&quot;link_new_tab&quot;:true},{&quot;title&quot;:&quot;Z\\u00fcrich sammelt - 14. M\\u00e4rz&quot;,&quot;description&quot;:&quot;Nationaler Sammeltag - Sammle mit uns in Oerlikon (10 Uhr) oder am Limmatplatz (13 Uhr) &quot;,&quot;cta_text&quot;:&quot;Anmelden&quot;,&quot;cta_link&quot;:&quot;&quot;,&quot;link_new_tab&quot;:true}],&quot;className&quot;:&quot;is-style-no_image&quot;,&quot;columns_block_style&quot;:&quot;no_image&quot;}}\"><\/div>\n\n\n<hr class=\"wp-block-separator has-alpha-channel-opacity\"\/>\n\n\n\n<div class=\"wp-block-media-text alignfull has-media-on-the-right is-stacked-on-mobile is-vertically-aligned-center is-pattern-p4-page-header is-style-parallax\"><div class=\"wp-block-media-text__content\">\n<div class=\"wp-block-group is-layout-flow wp-block-group-is-layout-flow\">\n<h1 class=\"wp-block-heading has-white-background-color has-background\" id=\"Challenge\">100 von 100 Challenge!<\/h1>\n<\/div>\n\n\n\n<p>Unterschriften sammeln ist Gemeinschaftssache. Zusammen erreichen wir unser Ziel. Wir suchen 100 Menschen, die in den ersten 6 Monaten 100 Unterschriften sammeln. Alle, die das schaffen, werden fein vom Greenpeace Team bekocht. \ud83e\udd70<\/p>\n\n\n\n<div class=\"wp-block-buttons is-content-justification-center is-layout-flex wp-container-core-buttons-is-layout-16018d1d wp-block-buttons-is-layout-flex\">\n<div class=\"wp-block-button has-custom-width wp-block-button__width-25\"><a class=\"wp-block-button__link has-small-font-size has-custom-font-size wp-element-button\" href=\"https:\/\/www.greenpeace.ch\/de\/100-von-100-challenge\/\" target=\"_blank\" rel=\"noreferrer noopener\">Ich sammle 100 Unterschriften!<\/a><\/div>\n<\/div>\n<\/div><figure class=\"wp-block-media-text__media\"><img loading=\"lazy\" decoding=\"async\" width=\"1024\" height=\"584\" src=\"https:\/\/www.greenpeace.ch\/static\/planet4-switzerland-stateless\/2024\/10\/f432307b-screenshot-2024-10-29-at-16.53.52-1024x584.png\" alt=\"\" sizes=\"auto, (min-width: 601px) 50vw, 100vw\" srcset=\"https:\/\/www.greenpeace.ch\/static\/planet4-switzerland-stateless\/2024\/10\/f432307b-screenshot-2024-10-29-at-16.53.52.png 1600w, https:\/\/www.greenpeace.ch\/static\/planet4-switzerland-stateless\/2024\/10\/f432307b-screenshot-2024-10-29-at-16.53.52-300x171.png 300w, https:\/\/www.greenpeace.ch\/static\/planet4-switzerland-stateless\/2024\/10\/f432307b-screenshot-2024-10-29-at-16.53.52-1024x584.png 1024w, https:\/\/www.greenpeace.ch\/static\/planet4-switzerland-stateless\/2024\/10\/f432307b-screenshot-2024-10-29-at-16.53.52-768x438.png 768w, https:\/\/www.greenpeace.ch\/static\/planet4-switzerland-stateless\/2024\/10\/f432307b-screenshot-2024-10-29-at-16.53.52-1536x876.png 1536w, https:\/\/www.greenpeace.ch\/static\/planet4-switzerland-stateless\/2024\/10\/f432307b-screenshot-2024-10-29-at-16.53.52-510x291.png 510w\" class=\"wp-image-113967 size-full\"\/><\/figure><\/div>\n\n\n\n<hr class=\"wp-block-separator has-alpha-channel-opacity\"\/>\n\n\n\n<h2 class=\"wp-block-heading\" id=\"Wichtige-Infos\">Wichtige Infos zum Sammeln<\/h2>\n\n\n\n<p>Du willst mithelfen beim Sammeln? Damit die Unterschriften g\u00fcltig sind, ist es wichtig, dass gewisse Punkte beachtet werden. Daf\u00fcr haben wir ein Merkblatt zusammen gestellt. <strong>Bitte lies dir das gut durch, bevor du anf\u00e4ngst!<\/strong><\/p>\n\n\n\n<p>Zudem haben wir ein Starter-Kit parat f\u00fcr alle, die gerne sammeln wollen. Idealerweise druckst du die Unterschriftb\u00f6gen selbst aus.<\/p>\n\n\n\n<p><strong><a href=\"https:\/\/www.greenpeace.ch\/static\/planet4-switzerland-stateless\/2024\/11\/dc046127-fpi_-merkblatt-unterschriften-sammeln.pdf\" target=\"_blank\" rel=\"noreferrer noopener\">Merkblatt Unterschriften sammeln als PDF<\/a><\/strong> <\/p>\n\n\n\n<p><a href=\"https:\/\/www.greenpeace.ch\/static\/planet4-switzerland-stateless\/2024\/11\/d6047658-241119_gp_fi_unterschriftenbogen_a4_de_off-1.pdf\" data-type=\"link\" data-id=\"https:\/\/www.greenpeace.ch\/static\/planet4-switzerland-stateless\/2024\/11\/d6047658-241119_gp_fi_unterschriftenbogen_a4_de_off-1.pdf\" target=\"_blank\" rel=\"noreferrer noopener\"><strong>Unterschriftenbogen, A4 als PDF<\/strong><\/a><\/p>\n\n\n\n<p><strong><a href=\"https:\/\/www.greenpeace.ch\/static\/planet4-switzerland-stateless\/2024\/11\/88fafddb-unterschriftenbogen_fpi_magazin_off_de.pdf\">Unterschriftenbogen, faltbar, A5 als PDF<\/a><\/strong><\/p>\n\n\n\n<p><strong><a href=\"https:\/\/www.greenpeace.ch\/static\/planet4-switzerland-stateless\/2024\/11\/e6b68938-fi-argumentarium_de.pdf\" target=\"_blank\" rel=\"noreferrer noopener\">Argumentarium als PDF<\/a><\/strong><\/p>\n\n\n\n<p><strong><a href=\"https:\/\/www.greenpeace.ch\/static\/planet4-switzerland-stateless\/2024\/11\/a7321b94-fi-qa_de_01.pdf\" target=\"_blank\" rel=\"noreferrer noopener\">Fragen &amp; Antworten als PDF<\/a><\/strong><\/p>\n\n\n\n<p><strong><a href=\"https:\/\/www.greenpeace.ch\/static\/planet4-switzerland-stateless\/2024\/11\/5c236df0-fi_initiativtext_de.pdf\" target=\"_blank\" rel=\"noreferrer noopener\">Initiativ-Text als PDF<\/a><\/strong><\/p>\n\n\n\n<p>Weitere Infos findest du<strong> <a href=\"https:\/\/finanzplatz-initiative.ch\" target=\"_blank\" rel=\"noreferrer noopener\">auf der Webseite der Finanzplatz-Initiative<\/a><\/strong>.<\/p>\n\n\n\n<p>Du hast keinen Drucker? Wir schicken dir Unterlagen gerne als Starter-Kit zu. Bei Bedarf legen wir auch noch Flyer und Stickerhefte bei.<\/p>\n\n\n\n<div class=\"wp-block-buttons is-layout-flex wp-block-buttons-is-layout-flex\">\n<div class=\"wp-block-button\"><a class=\"wp-block-button__link wp-element-button\" href=\"https:\/\/www.greenpeace.ch\/de\/finanzplatz-initiative-starter-kit-bestellen\/\">Starter-Kit bestellen!<\/a><\/div>\n<\/div>\n<\/div>\n<\/div>\n\n\n<p>\ud83d\udc4b Bei Fragen oder Problemen mit einem Anmeldeformular kannst du dich gerne via freiwillig@greenpeace.ch bei uns melden.<\/p>\n","protected":false},"excerpt":{"rendered":"<p>Finanzplatz-Initiative \u270d\ufe0f Unterschriften sammeln mit Greenpeace J\u00e4hrlich fliessen Milliardenbetr\u00e4ge aus der Schweiz ins Ausland und dort in umwelt- und klimasch\u00e4dliche Aktivit\u00e4ten. Der Schweizer Finanzplatz ist mindestens f\u00fcr das 18-fache der gesamten inl\u00e4ndischen CO2-Emissionen der Schweiz verantwortlich. Trotz jahrelangem Engagement von Greenpeace und anderen Organisationen dr\u00fccken sich die Banken, Versicherungen, Pensionskassen und Verm\u00f6gensverwalter immer noch vor [&hellip;]<\/p>\n","protected":false},"author":24,"featured_media":114789,"parent":0,"menu_order":0,"comment_status":"closed","ping_status":"closed","template":"","meta":{"_acf_changed":false,"_planet4_optimize_post_is_variant":false,"_planet4_optimize_experiment_name":"","_planet4_optimize_variant_name":"","ep_exclude_from_search":false,"p4_hide_page_title_checkbox":"on","p4_title":"","p4_subtitle":"","p4_description":"","background_image_id":"","background_image":"","p4_button_title":"","p4_button_link":"","p4_button_link_checkbox":"","p4_og_title":"","p4_og_description":"","p4_og_image":"","p4_og_image_id":"","p4_seo_canonical_url":"","p4_campaign_name":"","p4_local_project":"","p4_basket_name":"","p4_department":"","footnotes":""},"categories":[],"tags":[],"class_list":["post-113603","page","type-page","status-publish","has-post-thumbnail","hentry"],"acf":[],"_links":{"self":[{"href":"https:\/\/www.greenpeace.ch\/de\/wp-json\/wp\/v2\/pages\/113603","targetHints":{"allow":["GET"]}}],"collection":[{"href":"https:\/\/www.greenpeace.ch\/de\/wp-json\/wp\/v2\/pages"}],"about":[{"href":"https:\/\/www.greenpeace.ch\/de\/wp-json\/wp\/v2\/types\/page"}],"author":[{"embeddable":true,"href":"https:\/\/www.greenpeace.ch\/de\/wp-json\/wp\/v2\/users\/24"}],"replies":[{"embeddable":true,"href":"https:\/\/www.greenpeace.ch\/de\/wp-json\/wp\/v2\/comments?post=113603"}],"version-history":[{"count":20,"href":"https:\/\/www.greenpeace.ch\/de\/wp-json\/wp\/v2\/pages\/113603\/revisions"}],"predecessor-version":[{"id":128930,"href":"https:\/\/www.greenpeace.ch\/de\/wp-json\/wp\/v2\/pages\/113603\/revisions\/128930"}],"wp:featuredmedia":[{"embeddable":true,"href":"https:\/\/www.greenpeace.ch\/de\/wp-json\/wp\/v2\/media\/114789"}],"wp:attachment":[{"href":"https:\/\/www.greenpeace.ch\/de\/wp-json\/wp\/v2\/media?parent=113603"}],"wp:term":[{"taxonomy":"category","embeddable":true,"href":"https:\/\/www.greenpeace.ch\/de\/wp-json\/wp\/v2\/categories?post=113603"},{"taxonomy":"post_tag","embeddable":true,"href":"https:\/\/www.greenpeace.ch\/de\/wp-json\/wp\/v2\/tags?post=113603"}],"curies":[{"name":"wp","href":"https:\/\/api.w.org\/{rel}","templated":true}]}}