{"id":113992,"date":"2024-11-26T11:00:00","date_gmt":"2024-11-26T10:00:00","guid":{"rendered":"https:\/\/www.greenpeace.ch\/?page_id=113992"},"modified":"2026-04-16T10:53:13","modified_gmt":"2026-04-16T08:53:13","slug":"finanzplatz-initiative","status":"publish","type":"page","link":"https:\/\/www.greenpeace.ch\/de\/finanzplatz-initiative\/","title":{"rendered":"Finanzplatz-Initiative"},"content":{"rendered":"\n\n<div class=\"wp-block-group alignfull is-layout-flow wp-block-group-is-layout-flow\">\n<div class=\"wp-block-group container is-layout-flow wp-block-group-is-layout-flow\">\n<div class=\"wp-block-media-text alignfull has-media-on-the-right is-stacked-on-mobile is-pattern-p4-page-header is-style-parallax\"><div class=\"wp-block-media-text__content\">\n<div class=\"wp-block-group is-layout-flow wp-block-group-is-layout-flow\">\n<h1 class=\"wp-block-heading has-white-background-color has-background\">Finanzplatz-Initiative <\/h1>\n<\/div>\n\n\n\n<p style=\"font-size:1.25rem\">Damit Geld aus der Schweiz nicht in Zerst\u00f6rung fliesst.<\/p>\n<\/div><figure class=\"wp-block-media-text__media\"><img loading=\"lazy\" decoding=\"async\" width=\"1024\" height=\"584\" src=\"https:\/\/www.greenpeace.ch\/static\/planet4-switzerland-stateless\/2024\/10\/f432307b-screenshot-2024-10-29-at-16.53.52-1024x584.png\" alt=\"\" sizes=\"auto, (min-width: 601px) 50vw, 100vw\" srcset=\"https:\/\/www.greenpeace.ch\/static\/planet4-switzerland-stateless\/2024\/10\/f432307b-screenshot-2024-10-29-at-16.53.52.png 1600w, https:\/\/www.greenpeace.ch\/static\/planet4-switzerland-stateless\/2024\/10\/f432307b-screenshot-2024-10-29-at-16.53.52-300x171.png 300w, https:\/\/www.greenpeace.ch\/static\/planet4-switzerland-stateless\/2024\/10\/f432307b-screenshot-2024-10-29-at-16.53.52-1024x584.png 1024w, https:\/\/www.greenpeace.ch\/static\/planet4-switzerland-stateless\/2024\/10\/f432307b-screenshot-2024-10-29-at-16.53.52-768x438.png 768w, https:\/\/www.greenpeace.ch\/static\/planet4-switzerland-stateless\/2024\/10\/f432307b-screenshot-2024-10-29-at-16.53.52-1536x876.png 1536w, https:\/\/www.greenpeace.ch\/static\/planet4-switzerland-stateless\/2024\/10\/f432307b-screenshot-2024-10-29-at-16.53.52-510x291.png 510w\" class=\"wp-image-113967 size-full\"\/><\/figure><\/div>\n<\/div>\n<\/div>\n\n\n<div class=\"wp-block-columns has-2-columns is-style-petition-left is-layout-flex wp-container-core-columns-is-layout-9d6595d7 wp-block-columns-is-layout-flex\">\n<div class=\"wp-block-column is-layout-flow wp-block-column-is-layout-flow\">\n<h2 class=\"wp-block-heading is-style-default\">JA zu einem nachhaltigen Finanzplatz<\/h2>\n\n\n\n<p>Der Schweizer Finanzplatz ist ein globales Schwergewicht. Die hier ans\u00e4ssigen Banken, Versicherungen, Verm\u00f6gensverwalter und Pensionskassen verwalten rund ein Viertel des grenz\u00fcberschreitenden Verm\u00f6gens der Welt. Dieses Geld richtet anderswo grossen Schaden an und fliesst unter anderem in die Abholzung des Regenwalds und den Abbau von Kohle. Das darf nicht sein. Mit der Finanzplatz-Initiative wird das Geld k\u00fcnftig nicht mehr in die Zerst\u00f6rung der Umwelt investiert. Stattdessen wird es frei f\u00fcr den nachhaltigen Umbau der Wirtschaft. Die Finanzplatz-Initiative ist ein wichtiger Beitrag, um unsere Zukunft zu sichern.<\/p>\n\n\n\n<p>Die Schweiz hat sowohl das Pariser Klimaabkommen als auch das \u00dcbereinkommen \u00fcber die biologische Vielfalt ratifiziert. Wir m\u00fcssen daf\u00fcr sorgen, dass auch die Finanzakteure dazu beitragen, die Ziele dieser Abkommen zu erreichen. Die Finanzakteure m\u00fcssen ihre Gesch\u00e4ftst\u00e4tigkeiten in Einklang mit diesen wegweisenden Abkommen bringen. Weil die Banken, Versicherungen, Verm\u00f6gensverwalter und Pensionskassen dies freiwillig nicht gen\u00fcgend tun, braucht es f\u00fcr unseren Finanzplatz strengere und verbindlichere Regeln.<\/p>\n\n\n\n<figure class=\"wp-block-image size-large is-resized\"><img loading=\"lazy\" decoding=\"async\" width=\"1024\" height=\"602\" src=\"https:\/\/www.greenpeace.ch\/static\/planet4-switzerland-stateless\/2024\/11\/e4029873-logo_fpi_de-1024x602.png\" alt=\"\" class=\"wp-image-114566\" style=\"width:213px;height:auto\" srcset=\"https:\/\/www.greenpeace.ch\/static\/planet4-switzerland-stateless\/2024\/11\/e4029873-logo_fpi_de-1024x602.png 1024w, https:\/\/www.greenpeace.ch\/static\/planet4-switzerland-stateless\/2024\/11\/e4029873-logo_fpi_de-300x176.png 300w, https:\/\/www.greenpeace.ch\/static\/planet4-switzerland-stateless\/2024\/11\/e4029873-logo_fpi_de-768x451.png 768w, https:\/\/www.greenpeace.ch\/static\/planet4-switzerland-stateless\/2024\/11\/e4029873-logo_fpi_de-1536x903.png 1536w, https:\/\/www.greenpeace.ch\/static\/planet4-switzerland-stateless\/2024\/11\/e4029873-logo_fpi_de-2048x1204.png 2048w, https:\/\/www.greenpeace.ch\/static\/planet4-switzerland-stateless\/2024\/11\/e4029873-logo_fpi_de-510x300.png 510w\" sizes=\"auto, (max-width: 1024px) 100vw, 1024px\" \/><\/figure>\n\n\n\n<p>Eidgen\u00f6ssische Volksinitiative \u00abF\u00fcr einen nachhaltigen und zukunftsgerichteten Finanzplatz Schweiz (Finanzplatz-Initiative)\u00bb <a href=\"https:\/\/www.greenpeace.ch\/static\/planet4-switzerland-stateless\/2024\/11\/20240926-Initiativtext-DE-eidgenoessische-Volksinitiative-Fuer-einen-nachhaltigen-und-zukunftsgerichteten-Finanzplatz-Schweiz-Fi.pdf\" data-type=\"link\" data-id=\"https:\/\/www.greenpeace.ch\/static\/planet4-switzerland-stateless\/2024\/11\/20240926-Initiativtext-DE-eidgenoessische-Volksinitiative-Fuer-einen-nachhaltigen-und-zukunftsgerichteten-Finanzplatz-Schweiz-Fi.pdf\" target=\"_blank\" rel=\"noreferrer noopener\">Initiativtext (PDF)<\/a><\/p>\n\n\n\n<p><em><strong>Die Inititative wurde mit \u00fcber 145&#8217;000 Unterschriften eingereicht.<\/strong> <\/em><\/p>\n<\/div>\n<\/div>\n\n<p><\/p>\n","protected":false},"excerpt":{"rendered":"<p>Damit Geld aus der Schweiz nicht in Zerst\u00f6rung fliesst.<\/p>\n","protected":false},"author":48,"featured_media":113967,"parent":0,"menu_order":0,"comment_status":"closed","ping_status":"closed","template":"","meta":{"_acf_changed":false,"_planet4_optimize_post_is_variant":false,"_planet4_optimize_experiment_name":"","_planet4_optimize_variant_name":"","ep_exclude_from_search":false,"p4_hide_page_title_checkbox":"on","p4_title":"","p4_subtitle":"","p4_description":"","background_image_id":"295","background_image":"https:\/\/www.greenpeace.ch\/static\/planet4-switzerland-stateless\/2018\/05\/fc54c126-gp0stqmp3.jpg","p4_button_title":"","p4_button_link":"","p4_button_link_checkbox":"","p4_og_title":"","p4_og_description":"","p4_og_image":"","p4_og_image_id":"","p4_seo_canonical_url":"","p4_campaign_name":"not set","p4_local_project":"not set","p4_basket_name":"not set","p4_department":"","footnotes":""},"categories":[1],"tags":[35],"class_list":["post-113992","page","type-page","status-publish","has-post-thumbnail","hentry","category-unkategorisiert","tag-nachhaltiger-finanzplatz"],"acf":[],"_links":{"self":[{"href":"https:\/\/www.greenpeace.ch\/de\/wp-json\/wp\/v2\/pages\/113992","targetHints":{"allow":["GET"]}}],"collection":[{"href":"https:\/\/www.greenpeace.ch\/de\/wp-json\/wp\/v2\/pages"}],"about":[{"href":"https:\/\/www.greenpeace.ch\/de\/wp-json\/wp\/v2\/types\/page"}],"author":[{"embeddable":true,"href":"https:\/\/www.greenpeace.ch\/de\/wp-json\/wp\/v2\/users\/48"}],"replies":[{"embeddable":true,"href":"https:\/\/www.greenpeace.ch\/de\/wp-json\/wp\/v2\/comments?post=113992"}],"version-history":[{"count":18,"href":"https:\/\/www.greenpeace.ch\/de\/wp-json\/wp\/v2\/pages\/113992\/revisions"}],"predecessor-version":[{"id":131406,"href":"https:\/\/www.greenpeace.ch\/de\/wp-json\/wp\/v2\/pages\/113992\/revisions\/131406"}],"wp:featuredmedia":[{"embeddable":true,"href":"https:\/\/www.greenpeace.ch\/de\/wp-json\/wp\/v2\/media\/113967"}],"wp:attachment":[{"href":"https:\/\/www.greenpeace.ch\/de\/wp-json\/wp\/v2\/media?parent=113992"}],"wp:term":[{"taxonomy":"category","embeddable":true,"href":"https:\/\/www.greenpeace.ch\/de\/wp-json\/wp\/v2\/categories?post=113992"},{"taxonomy":"post_tag","embeddable":true,"href":"https:\/\/www.greenpeace.ch\/de\/wp-json\/wp\/v2\/tags?post=113992"}],"curies":[{"name":"wp","href":"https:\/\/api.w.org\/{rel}","templated":true}]}}