{"id":115536,"date":"2024-12-20T12:07:02","date_gmt":"2024-12-20T11:07:02","guid":{"rendered":"https:\/\/www.greenpeace.ch\/?page_id=115536"},"modified":"2025-03-31T13:10:47","modified_gmt":"2025-03-31T11:10:47","slug":"atomkraft-hat-keine-zukunft","status":"publish","type":"page","link":"https:\/\/www.greenpeace.ch\/de\/atomkraft-hat-keine-zukunft\/","title":{"rendered":"Atomkraft hat keine Zukunft"},"content":{"rendered":"\n\n<div class=\"wp-block-group alignfull is-layout-flow wp-block-group-is-layout-flow\">\n<div class=\"wp-block-group container is-layout-flow wp-block-group-is-layout-flow\">\n<div class=\"wp-block-media-text alignfull has-media-on-the-right is-stacked-on-mobile is-pattern-p4-page-header is-style-parallax\"><div class=\"wp-block-media-text__content\">\n<div class=\"wp-block-group is-layout-flow wp-block-group-is-layout-flow\">\n<h1 class=\"wp-block-heading has-white-background-color has-background\"><strong>Atomkraft hat keine Zukunft<\/strong><\/h1>\n<\/div>\n\n\n\n<p style=\"font-size:1.25rem\">Der Schl\u00fcssel f\u00fcr eine sichere und klimavertr\u00e4gliche Energieversorgung sind erneuerbare Energien.<\/p>\n<\/div><figure class=\"wp-block-media-text__media\"><img loading=\"lazy\" decoding=\"async\" width=\"12756\" height=\"8504\" src=\"https:\/\/www.greenpeace.ch\/static\/planet4-switzerland-stateless\/2024\/12\/529d5cc2-1080x720-1.jpg\" alt=\"\" sizes=\"auto, (min-width: 601px) 50vw, 100vw\" srcset=\"\" class=\"wp-image-115735 size-full\"\/><\/figure><\/div>\n<\/div>\n<\/div>\n\n\n<div class=\"wp-block-columns has-2-columns is-style-petition-left is-layout-flex wp-container-core-columns-is-layout-9d6595d7 wp-block-columns-is-layout-flex\">\n<div class=\"wp-block-column is-layout-flow wp-block-column-is-layout-flow\">\n<p>Die Aktion ist abgeschlossen.  <\/p>\n\n\n\n<h3 class=\"wp-block-heading\">Der <strong>Vernehmlassungs-Brief an Bundesrat R\u00f6sti wurde von 10&#8217;654 Menschen unterzeichnet! <\/strong><\/h3>\n<\/div>\n\n\n\n<div class=\"wp-block-column is-layout-flow wp-block-column-is-layout-flow\">\n<h2 class=\"wp-block-heading\"><strong>Erneuerbare Energien f\u00f6rdern und vorantreiben \u2013 statt ausbremsen<\/strong><\/h2>\n\n\n\n<p>Der indirekte Gegenvorschlag von Bundesrat Albert R\u00f6sti zur Pro-Atom-Initiative liegt vor: Damit soll das im Jahr 2017 vom Volk beschlossene Neubauverbot f\u00fcr Atomkraftwerke (AKW) wieder aufgehoben werden.&nbsp;Ab sofort l\u00e4uft die Vernehmlassung zu dieser Steinzeit-Politik des Bundesrates. Alle k\u00f6nnen daran teilnehmen \u2013 auch du! <\/p>\n\n\n\n<p>Atomkraft hat keine Zukunft. Der Schl\u00fcssel f\u00fcr eine sichere und klimavertr\u00e4gliche Energieversorgung sind erneuerbare Energien.&nbsp;<\/p>\n\n\n\n<ul class=\"wp-block-list\">\n<li>Der Bau eines neuen AKW kommt <strong>zu sp\u00e4t<\/strong>, um unsere CO2-Emissionen wirksam zu reduzieren.&nbsp;<\/li>\n\n\n\n<li>Atomkraftwerke machen uns wegen des ben\u00f6tigten Urans <strong>von Drittl\u00e4ndern abh\u00e4ngig<\/strong>.&nbsp;<\/li>\n\n\n\n<li>Ein neues AKW versch\u00e4rft das ungel\u00f6ste Problem der <strong>langfristigen Lagerung radioaktiver Abf\u00e4lle<\/strong>.<\/li>\n\n\n\n<li>Der Bau eines neuen AKW ist <strong>zu teuer.<\/strong> Es droht die Gefahr, dass die Bev\u00f6lkerung zur Kasse gebeten wird und die Stromkosten steigen.<\/li>\n<\/ul>\n\n\n\n<p><strong>F\u00fclle das Formular aus, dann reichen wir folgenden Text auch in deinem Namen ein:<\/strong><\/p>\n\n\n\n<div class=\"wp-block-group is-style-background-1 is-layout-constrained wp-block-group-is-layout-constrained\">\n<style>\n::-webkit-scrollbar {\n  -webkit-appearance: none;\n  width: 7px;\n}\n\n::-webkit-scrollbar-thumb {\n  border-radius: 4px;\n  background-color: rgba(0, 0, 0, .5);\n  box-shadow: 0 0 1px rgba(255, 255, 255, .5);\n}\n<\/style>\n<div style=\"overflow-y:scroll;max-height:16em;\">\n\n\n\n<p>Betreff: <strong>Stellungnahme zum indirekten Gegenvorschlag zur Atom-Initiative (Blackout-Initiative)<\/strong><\/p>\n\n\n\n<p>Sehr geehrter Herr R\u00f6sti<\/p>\n\n\n\n<p>Sie m\u00f6chten den Bau neuer Atomkraftwerke wieder zulassen. Im Rahmen der Vernehmlassung zum indirekten Gegenvorschlag zur Volksinitiative \u00abJederzeit Strom f\u00fcr alle (Blackout stoppen)\u00bb m\u00f6chte ich Ihnen mitteilen, weshalb ich dieses Vorhaben ablehne:<\/p>\n\n\n\n<ul class=\"wp-block-list\">\n<li>Die Schweiz erlebt einen Boom der Solarenergie. Zusammen mit der Wasserkraft bildet sie ein Dreamteam, um die Schweiz rund um die Uhr mit Strom zu versorgen. Mit einem konsequenten Ausbau der erneuerbaren Energien und Energieeffizienz kann sich die Schweiz in Zukunft auch ohne AKW mit gen\u00fcgend einheimischem, sauberem und klimafreundlichem Strom versorgen. Neue Atomkraftwerke sabotieren diese sichere, saubere, einheimische und klimafreundliche Zukunft.<\/li>\n\n\n\n<li>Atomkraftwerke bleiben eine gef\u00e4hrliche Technologie. Unser kleinr\u00e4umiges, dicht besiedeltes Land darf keinen Atomunfall riskieren.<\/li>\n\n\n\n<li>Ein neues Atomkraftwerk k\u00e4me viel zu sp\u00e4t, um die alten Reaktoren zu ersetzen. Die Schweiz br\u00e4uchte zur \u00dcberbr\u00fcckung klimasch\u00e4dliche Gas-Reservekraftwerke.<\/li>\n\n\n\n<li>Die Schweiz w\u00e4re weiterhin von Uran-Importen aus dem Ausland abh\u00e4ngig und entsprechend w\u00e4re die Energieproduktion bei grossen geopolitischen Krisen gef\u00e4hrdet.<\/li>\n\n\n\n<li>Der Bau eines neuen Atomkraftwerks w\u00e4re exorbitant teuer \u2013 zu teuer, um es jemals rentabel zu betreiben. Es br\u00e4uchte darum Milliarden an staatlichen Geldern und die Energiekosten w\u00fcrden steigen.&nbsp;<\/li>\n\n\n\n<li>Atomkraftwerke produzieren Berge von radioaktivem Abfall, wof\u00fcr es weltweit keine L\u00f6sung gibt. Wie die Nagra selbst betont, ist ihr aktuell geplantes Tiefenlager nicht f\u00fcr die Aufnahme des Abfalls eines zus\u00e4tzlichen AKW ausgelegt.&nbsp;<\/li>\n\n\n\n<li>Ein Atomkraftwerk, das keine Risiken birgt und keinen Atomm\u00fcll produziert, gibt es nicht und wird es in den kommenden Jahrzehnten nicht geben. Unsere Energiepolitik sollte sich nicht von technologischen M\u00e4rchen leiten lassen.<\/li>\n<\/ul>\n\n\n\n<p>Ich bitte Sie, anzuerkennen, dass die Schweizer Bev\u00f6lkerung hinter der Energiewende steht und sich zweimal an der Urne (2017 und 2024) entsprechend ge\u00e4ussert hat. Indem Sie den Bau von neuen Atomkraftwerken in der Schweiz wieder zulassen, missachten Sie den Volkswillen und machen unsere Energiezukunft unsicher.&nbsp;<\/p>\n\n\n\n<p>Ich danke Ihnen f\u00fcr die Ber\u00fccksichtigung meiner Stellungnahme.<\/p>\n\n\n\n<\/div>\n<\/div>\n<\/div>\n<\/div>\n\n<p><\/p>\n","protected":false},"excerpt":{"rendered":"<p>Nimm teil an der Vernehmlassung zum indirekten Gegenvorschlag zur Atom-Initiative.<\/p>\n","protected":false},"author":48,"featured_media":115725,"parent":0,"menu_order":0,"comment_status":"closed","ping_status":"closed","template":"","meta":{"_acf_changed":false,"_planet4_optimize_post_is_variant":false,"_planet4_optimize_experiment_name":"","_planet4_optimize_variant_name":"","ep_exclude_from_search":false,"p4_hide_page_title_checkbox":"on","p4_title":"","p4_subtitle":"","p4_description":"","background_image_id":"295","background_image":"https:\/\/www.greenpeace.ch\/static\/planet4-switzerland-stateless\/2018\/05\/fc54c126-gp0stqmp3.jpg","p4_button_title":"","p4_button_link":"","p4_button_link_checkbox":"","p4_og_title":"","p4_og_description":"","p4_og_image":"https:\/\/www.greenpeace.ch\/static\/planet4-switzerland-stateless\/2024\/12\/529d5cc2-1080x720-1.jpg","p4_og_image_id":"115735","p4_seo_canonical_url":"","p4_campaign_name":"not set","p4_local_project":"not set","p4_basket_name":"not set","p4_department":"","footnotes":""},"categories":[],"tags":[42,50],"class_list":["post-115536","page","type-page","status-publish","has-post-thumbnail","hentry","tag-energie","tag-klima"],"acf":[],"_links":{"self":[{"href":"https:\/\/www.greenpeace.ch\/de\/wp-json\/wp\/v2\/pages\/115536","targetHints":{"allow":["GET"]}}],"collection":[{"href":"https:\/\/www.greenpeace.ch\/de\/wp-json\/wp\/v2\/pages"}],"about":[{"href":"https:\/\/www.greenpeace.ch\/de\/wp-json\/wp\/v2\/types\/page"}],"author":[{"embeddable":true,"href":"https:\/\/www.greenpeace.ch\/de\/wp-json\/wp\/v2\/users\/48"}],"replies":[{"embeddable":true,"href":"https:\/\/www.greenpeace.ch\/de\/wp-json\/wp\/v2\/comments?post=115536"}],"version-history":[{"count":20,"href":"https:\/\/www.greenpeace.ch\/de\/wp-json\/wp\/v2\/pages\/115536\/revisions"}],"predecessor-version":[{"id":118727,"href":"https:\/\/www.greenpeace.ch\/de\/wp-json\/wp\/v2\/pages\/115536\/revisions\/118727"}],"wp:featuredmedia":[{"embeddable":true,"href":"https:\/\/www.greenpeace.ch\/de\/wp-json\/wp\/v2\/media\/115725"}],"wp:attachment":[{"href":"https:\/\/www.greenpeace.ch\/de\/wp-json\/wp\/v2\/media?parent=115536"}],"wp:term":[{"taxonomy":"category","embeddable":true,"href":"https:\/\/www.greenpeace.ch\/de\/wp-json\/wp\/v2\/categories?post=115536"},{"taxonomy":"post_tag","embeddable":true,"href":"https:\/\/www.greenpeace.ch\/de\/wp-json\/wp\/v2\/tags?post=115536"}],"curies":[{"name":"wp","href":"https:\/\/api.w.org\/{rel}","templated":true}]}}