{"id":118881,"date":"2025-04-09T13:29:01","date_gmt":"2025-04-09T11:29:01","guid":{"rendered":"https:\/\/www.greenpeace.ch\/?page_id=118881"},"modified":"2025-12-18T15:31:50","modified_gmt":"2025-12-18T14:31:50","slug":"amazonas-schuetzen","status":"publish","type":"page","link":"https:\/\/www.greenpeace.ch\/de\/handeln\/amazonas-schuetzen\/","title":{"rendered":"Amazonas sch\u00fctzen"},"content":{"rendered":"\n\n<div class=\"wp-block-group alignfull is-layout-flow wp-block-group-is-layout-flow\">\n<div class=\"wp-block-group container is-layout-flow wp-block-group-is-layout-flow\">\n<div class=\"wp-block-media-text alignfull has-media-on-the-right is-stacked-on-mobile is-pattern-p4-page-header is-style-parallax\"><div class=\"wp-block-media-text__content\">\n<div class=\"wp-block-group is-layout-flow wp-block-group-is-layout-flow\">\n<h1 class=\"wp-block-heading has-white-background-color has-background\">Amazonas vor dem Kollaps retten<\/h1>\n<\/div>\n\n\n\n<p style=\"font-size:1.25rem\">Grosse Teile des Regenwaldes drohen f\u00fcr immer zerst\u00f6rt zu werden. Unterzeichne unseren Appell zum Schutz des Amazonas.<\/p>\n<\/div><figure class=\"wp-block-media-text__media\"><img loading=\"lazy\" decoding=\"async\" width=\"1024\" height=\"455\" src=\"https:\/\/www.greenpeace.ch\/static\/planet4-switzerland-stateless\/2025\/12\/ca34d5af-amazonas_header-neu-1024x455.png\" alt=\"\" sizes=\"auto, (min-width: 601px) 50vw, 100vw\" srcset=\"https:\/\/www.greenpeace.ch\/static\/planet4-switzerland-stateless\/2025\/12\/ca34d5af-amazonas_header-neu.png 1440w, https:\/\/www.greenpeace.ch\/static\/planet4-switzerland-stateless\/2025\/12\/ca34d5af-amazonas_header-neu-300x133.png 300w, https:\/\/www.greenpeace.ch\/static\/planet4-switzerland-stateless\/2025\/12\/ca34d5af-amazonas_header-neu-1024x455.png 1024w, https:\/\/www.greenpeace.ch\/static\/planet4-switzerland-stateless\/2025\/12\/ca34d5af-amazonas_header-neu-768x341.png 768w, https:\/\/www.greenpeace.ch\/static\/planet4-switzerland-stateless\/2025\/12\/ca34d5af-amazonas_header-neu-510x227.png 510w\" class=\"wp-image-128041 size-full\"\/><\/figure><\/div>\n<\/div>\n<\/div>\n\n\n<div class=\"wp-block-columns has-2-columns is-style-petition-left is-layout-flex wp-container-core-columns-is-layout-9d6595d7 wp-block-columns-is-layout-flex\">\n<div class=\"wp-block-column is-layout-flow wp-block-column-is-layout-flow\">\n<h2 class=\"wp-block-heading\">Jetzt unterzeichnen<\/h2>\n\n\n\n<p><strong>Fordere mit uns die Regierungen weltweit zum Handeln auf!<\/strong><\/p>\n\n\n<div class=\"gpch-block-form-progress-outer\" style=\"background-color: #303133;\">\n    <div class=\"gpch-block-form-progress-inner\" style=\"width: 85.44875%; background-color: #87bc25\">\n\n    <\/div>\n<\/div>\n\n<p> 683&#039;590 haben schon unterschrieben.<\/p>\n\n<script type=\"text\/javascript\">\n\/* <![CDATA[ *\/\nvar gform;gform||(document.addEventListener(\"gform_main_scripts_loaded\",function(){gform.scriptsLoaded=!0}),document.addEventListener(\"gform\/theme\/scripts_loaded\",function(){gform.themeScriptsLoaded=!0}),window.addEventListener(\"DOMContentLoaded\",function(){gform.domLoaded=!0}),gform={domLoaded:!1,scriptsLoaded:!1,themeScriptsLoaded:!1,isFormEditor:()=>\"function\"==typeof InitializeEditor,callIfLoaded:function(o){return!(!gform.domLoaded||!gform.scriptsLoaded||!gform.themeScriptsLoaded&&!gform.isFormEditor()||(gform.isFormEditor()&&console.warn(\"The use of gform.initializeOnLoaded() is deprecated in the form editor context and will be removed in Gravity Forms 3.1.\"),o(),0))},initializeOnLoaded:function(o){gform.callIfLoaded(o)||(document.addEventListener(\"gform_main_scripts_loaded\",()=>{gform.scriptsLoaded=!0,gform.callIfLoaded(o)}),document.addEventListener(\"gform\/theme\/scripts_loaded\",()=>{gform.themeScriptsLoaded=!0,gform.callIfLoaded(o)}),window.addEventListener(\"DOMContentLoaded\",()=>{gform.domLoaded=!0,gform.callIfLoaded(o)}))},hooks:{action:{},filter:{}},addAction:function(o,r,e,t){gform.addHook(\"action\",o,r,e,t)},addFilter:function(o,r,e,t){gform.addHook(\"filter\",o,r,e,t)},doAction:function(o){gform.doHook(\"action\",o,arguments)},applyFilters:function(o){return gform.doHook(\"filter\",o,arguments)},removeAction:function(o,r){gform.removeHook(\"action\",o,r)},removeFilter:function(o,r,e){gform.removeHook(\"filter\",o,r,e)},addHook:function(o,r,e,t,n){null==gform.hooks[o][r]&&(gform.hooks[o][r]=[]);var d=gform.hooks[o][r];null==n&&(n=r+\"_\"+d.length),gform.hooks[o][r].push({tag:n,callable:e,priority:t=null==t?10:t})},doHook:function(r,o,e){var t;if(e=Array.prototype.slice.call(e,1),null!=gform.hooks[r][o]&&((o=gform.hooks[r][o]).sort(function(o,r){return o.priority-r.priority}),o.forEach(function(o){\"function\"!=typeof(t=o.callable)&&(t=window[t]),\"action\"==r?t.apply(null,e):e[0]=t.apply(null,e)})),\"filter\"==r)return e[0]},removeHook:function(o,r,t,n){var e;null!=gform.hooks[o][r]&&(e=(e=gform.hooks[o][r]).filter(function(o,r,e){return!!(null!=n&&n!=o.tag||null!=t&&t!=o.priority)}),gform.hooks[o][r]=e)}});\n\/* ]]> *\/\n<\/script>\n\n                <div class='gf_browser_gecko gform_wrapper gravity-theme gform-theme--no-framework' data-form-theme='gravity-theme' data-form-index='0' id='gform_wrapper_479' ><div id='gf_479' class='gform_anchor' tabindex='-1'><\/div>\n                        <div class='gform_heading'>\n\t\t\t\t\t\t\t<p class='gform_required_legend'>&quot;<span class=\"gfield_required gfield_required_asterisk\">*<\/span>&quot; indicates required fields<\/p>\n                        <\/div><form method='post' enctype='multipart\/form-data' target='gform_ajax_frame_479' id='gform_479'  action='\/de\/wp-json\/wp\/v2\/pages\/118881#gf_479' data-formid='479' novalidate>\n                        <div class='gform-body gform_body'><div id='gform_fields_479' class='gform_fields top_label form_sublabel_below description_below validation_below'><div id=\"field_479_3\" class=\"gfield gfield--type-select gfield--input-type-select gfield_contains_required field_sublabel_below gfield--no-description field_description_below field_validation_below gfield_visibility_visible\"  ><label class='gfield_label gform-field-label' for='input_479_3'>Anrede<span class=\"gfield_required\"><span class=\"gfield_required gfield_required_asterisk\">*<\/span><\/span><\/label><div class='ginput_container ginput_container_select'><select name='input_3' id='input_479_3' class='large gfield_select'    aria-required=\"true\" aria-invalid=\"false\" ><option value='Neutrale Anrede' >Neutrale Anrede<\/option><option value='Frau' >Frau<\/option><option value='Herr' >Herr<\/option><\/select><\/div><\/div><div id=\"field_479_4\" class=\"gfield gfield--type-text gfield--input-type-text gfield_contains_required field_sublabel_below gfield--no-description field_description_below field_validation_below gfield_visibility_visible\"  ><label class='gfield_label gform-field-label' for='input_479_4'>Vorname<span class=\"gfield_required\"><span class=\"gfield_required gfield_required_asterisk\">*<\/span><\/span><\/label><div class='ginput_container ginput_container_text'><input name='input_4' id='input_479_4' type='text' value='' class='large' maxlength='120'   placeholder='Vorname' aria-required=\"true\" aria-invalid=\"false\"  autocomplete=\"given-name\" \/><\/div><\/div><div id=\"field_479_5\" class=\"gfield gfield--type-text gfield--input-type-text gfield_contains_required field_sublabel_below gfield--no-description field_description_below field_validation_below gfield_visibility_visible\"  ><label class='gfield_label gform-field-label' for='input_479_5'>Nachname<span class=\"gfield_required\"><span class=\"gfield_required gfield_required_asterisk\">*<\/span><\/span><\/label><div class='ginput_container ginput_container_text'><input name='input_5' id='input_479_5' type='text' value='' class='large' maxlength='120'   placeholder='Nachname' aria-required=\"true\" aria-invalid=\"false\"  autocomplete=\"family-name\" \/><\/div><\/div><div id=\"field_479_6\" class=\"gfield gfield--type-email gfield--input-type-email gfield_contains_required field_sublabel_below gfield--no-description field_description_below field_validation_below gfield_visibility_visible\"  ><label class='gfield_label gform-field-label' for='input_479_6'>E-Mail<span class=\"gfield_required\"><span class=\"gfield_required gfield_required_asterisk\">*<\/span><\/span><\/label><div class='ginput_container ginput_container_email'>\n                            <input name='input_6' id='input_479_6' type='email' value='' class='large'   placeholder='E-Mail' aria-required=\"true\" aria-invalid=\"false\"  autocomplete=\"email\"\/>\n                        <\/div><\/div><div id=\"field_479_11\" class=\"gfield gfield--type-phone gfield--input-type-phone field_sublabel_below gfield--no-description field_description_below field_validation_below gfield_visibility_visible\"  ><label class='gfield_label gform-field-label' for='input_479_11'>Telefon\/Handy<\/label><div class='ginput_container ginput_container_phone'><input name='input_11' id='input_479_11' type='tel' value='' class='large'  placeholder='+41 xx xxx xx xx'  aria-invalid=\"false\"  autocomplete=\"tel\" \/><\/div><\/div><fieldset id=\"field_479_8\" class=\"gfield gfield--type-checkbox gfield--type-choice gfield--input-type-checkbox field_sublabel_below gfield--no-description field_description_below field_validation_below gfield_visibility_visible custom-control\"  data-field-class=\"custom-control\" ><legend class='gfield_label gform-field-label screen-reader-text gfield_label_before_complex' ><\/legend><div class='ginput_container ginput_container_checkbox'><div class='gfield_checkbox ' id='input_479_8'><div class='gchoice gchoice_479_8_1'>\n\t\t\t\t\t\t\t\t<input class='gfield-choice-input' name='input_8.1' type='checkbox'  value='meer' checked='checked' id='choice_479_8_1'   \/>\n\t\t\t\t\t\t\t\t<label for='choice_479_8_1' id='label_479_8_1' class='gform-field-label gform-field-label--type-inline'>Ich melde mich f\u00fcr den Newsletter an und bleibe informiert<\/label>\n\t\t\t\t\t\t\t<\/div><\/div><\/div><\/fieldset><div id=\"field_479_24\" class=\"gfield gfield--type-html gfield--input-type-html gfield--width-full gfield_html gfield_html_formatted gfield_no_follows_desc field_sublabel_below gfield--no-description field_description_below field_validation_below gfield_visibility_visible\"  ><p>Informationen zur Nutzung deiner Daten findest du in unserer <a href=\"https:\/\/www.greenpeace.ch\/de\/datenschutz\/\" target=\"_blank\">Datenschutzerkl\u00e4rung<\/a>.<\/p><\/div><div id=\"field_479_25\" class=\"gfield gfield--type-hidden gfield--input-type-hidden gfield--width-full gform_hidden field_sublabel_below gfield--no-description field_description_below field_validation_below gfield_visibility_visible\"  ><div class='ginput_container ginput_container_text'><input name='input_25' id='input_479_25' type='hidden' class='gform_hidden'  aria-invalid=\"false\" value='Informationen zur Nutzung deiner Daten findest du in unserer Datenschutzerkl\u00e4rung.' \/><\/div><\/div><div id=\"field_479_12\" class=\"gfield gfield--type-hidden gfield--input-type-hidden gform_hidden field_sublabel_below gfield--no-description field_description_below field_validation_below gfield_visibility_visible\"  ><div class='ginput_container ginput_container_text'><input name='input_12' id='input_479_12' type='hidden' class='gform_hidden'  aria-invalid=\"false\" value='' \/><\/div><\/div><div id=\"field_479_13\" class=\"gfield gfield--type-hidden gfield--input-type-hidden gform_hidden field_sublabel_below gfield--no-description field_description_below field_validation_below gfield_visibility_visible\"  ><div class='ginput_container ginput_container_text'><input name='input_13' id='input_479_13' type='hidden' class='gform_hidden'  aria-invalid=\"false\" value='' \/><\/div><\/div><div id=\"field_479_14\" class=\"gfield gfield--type-hidden gfield--input-type-hidden gform_hidden field_sublabel_below gfield--no-description field_description_below field_validation_below gfield_visibility_visible\"  ><div class='ginput_container ginput_container_text'><input name='input_14' id='input_479_14' type='hidden' class='gform_hidden'  aria-invalid=\"false\" value='' \/><\/div><\/div><div id=\"field_479_15\" class=\"gfield gfield--type-hidden gfield--input-type-hidden gform_hidden field_sublabel_below gfield--no-description field_description_below field_validation_below gfield_visibility_visible\"  ><div class='ginput_container ginput_container_text'><input name='input_15' id='input_479_15' type='hidden' class='gform_hidden'  aria-invalid=\"false\" value='' \/><\/div><\/div><div id=\"field_479_16\" class=\"gfield gfield--type-hidden gfield--input-type-hidden gform_hidden field_sublabel_below gfield--no-description field_description_below field_validation_below gfield_visibility_visible\"  ><div class='ginput_container ginput_container_text'><input name='input_16' id='input_479_16' type='hidden' class='gform_hidden'  aria-invalid=\"false\" value='' \/><\/div><\/div><div id=\"field_479_17\" class=\"gfield gfield--type-hidden gfield--input-type-hidden gform_hidden field_sublabel_below gfield--no-description field_description_below field_validation_below gfield_visibility_visible\"  ><div class='ginput_container ginput_container_text'><input name='input_17' id='input_479_17' type='hidden' class='gform_hidden'  aria-invalid=\"false\" value='' \/><\/div><\/div><div id=\"field_479_22\" class=\"gfield gfield--type-hidden gfield--input-type-hidden gfield--width-full gform_hidden field_sublabel_below gfield--no-description field_description_below field_validation_below gfield_visibility_visible\"  ><div class='ginput_container ginput_container_text'><input name='input_22' id='input_479_22' type='hidden' class='gform_hidden'  aria-invalid=\"false\" value='campaign' \/><\/div><\/div><div id=\"field_479_23\" class=\"gfield gfield--type-hidden gfield--input-type-hidden gfield--width-full gform_hidden field_sublabel_below gfield--no-description field_description_below field_validation_below gfield_visibility_visible\"  ><div class='ginput_container ginput_container_text'><input name='input_23' id='input_479_23' type='hidden' class='gform_hidden'  aria-invalid=\"false\" value='701bH00000LlOAtQAN' \/><\/div><\/div><\/div><\/div>\n        <div class='gform-footer gform_footer top_label'> <input type='submit' id='gform_submit_button_479' class='gform_button button' onclick='gform.submission.handleButtonClick(this);' data-submission-type='submit' value='Absenden'  \/> <input type='hidden' name='gform_ajax' value='form_id=479&amp;title=&amp;description=&amp;tabindex=0&amp;theme=gravity-theme&amp;styles={&quot;inputPrimaryColor&quot;:&quot;#204ce5&quot;}&amp;hash=d54afb16cab43fc2c288160ef8586a50' \/>\n            <input type='hidden' class='gform_hidden' name='gform_submission_method' data-js='gform_submission_method_479' value='iframe' \/>\n            <input type='hidden' class='gform_hidden' name='gform_theme' data-js='gform_theme_479' id='gform_theme_479' value='gravity-theme' \/>\n            <input type='hidden' class='gform_hidden' name='gform_style_settings' data-js='gform_style_settings_479' id='gform_style_settings_479' value='{&quot;inputPrimaryColor&quot;:&quot;#204ce5&quot;}' \/>\n            <input type='hidden' class='gform_hidden' name='is_submit_479' value='1' \/>\n            <input type='hidden' class='gform_hidden' name='gform_submit' value='479' \/>\n            \n            <input type='hidden' class='gform_hidden' name='gform_currency' data-currency='CHF' value='3ldA6zK8VXAnapJb6Yceur5x799Nexk3f6O\/DdwZtfgfjigAJ373Ujm\/1FFPboKhNlMZRlPsAmcTmG+ydgQFB\/AeirSEeOngn\/MmhabsZHenxyQ=' \/>\n            <input type='hidden' class='gform_hidden' name='gform_unique_id' value='' \/>\n            <input type='hidden' class='gform_hidden' name='state_479' value='WyJbXSIsIjAyYTRhYjNlYmQ4MDQ2NmNkNDhhYmQ4MGQwMjNjMDZjIl0=' \/>\n            <input type='hidden' autocomplete='off' class='gform_hidden' name='gform_target_page_number_479' id='gform_target_page_number_479' value='0' \/>\n            <input type='hidden' autocomplete='off' class='gform_hidden' name='gform_source_page_number_479' id='gform_source_page_number_479' value='1' \/>\n            <input type='hidden' name='gform_field_values' value='' \/>\n            \n        <\/div>\n                        <\/form>\n                        <\/div>\n\t\t                <iframe style='display:none;width:0px;height:0px;' src='about:blank' name='gform_ajax_frame_479' id='gform_ajax_frame_479' title='This iframe contains the logic required to handle Ajax powered Gravity Forms.'><\/iframe>\n\t\t                <script type=\"text\/javascript\">\n\/* <![CDATA[ *\/\n gform.initializeOnLoaded( function() {gformInitSpinner( 479, 'https:\/\/www.greenpeace.ch\/wp-content\/plugins\/gravityforms\/images\/spinner.svg', true );jQuery('#gform_ajax_frame_479').on('load',function(){var contents = jQuery(this).contents().find('*').html();var is_postback = contents.indexOf('GF_AJAX_POSTBACK') >= 0;if(!is_postback){return;}var form_content = jQuery(this).contents().find('#gform_wrapper_479');var is_confirmation = jQuery(this).contents().find('#gform_confirmation_wrapper_479').length > 0;var is_redirect = contents.indexOf('gformRedirect(){') >= 0;var is_form = form_content.length > 0 && ! is_redirect && ! is_confirmation;var mt = parseInt(jQuery('html').css('margin-top'), 10) + parseInt(jQuery('body').css('margin-top'), 10) + 100;if(is_form){jQuery('#gform_wrapper_479').html(form_content.html());if(form_content.hasClass('gform_validation_error')){jQuery('#gform_wrapper_479').addClass('gform_validation_error');} else {jQuery('#gform_wrapper_479').removeClass('gform_validation_error');}setTimeout( function() { \/* delay the scroll by 50 milliseconds to fix a bug in chrome *\/ jQuery(document).scrollTop(jQuery('#gform_wrapper_479').offset().top - mt); }, 50 );if(window['gformInitDatepicker']) {gformInitDatepicker();}if(window['gformInitPriceFields']) {gformInitPriceFields();}var current_page = jQuery('#gform_source_page_number_479').val();gformInitSpinner( 479, 'https:\/\/www.greenpeace.ch\/wp-content\/plugins\/gravityforms\/images\/spinner.svg', true );jQuery(document).trigger('gform_page_loaded', [479, current_page]);window['gf_submitting_479'] = false;}else if(!is_redirect){var confirmation_content = jQuery(this).contents().find('.GF_AJAX_POSTBACK').html();if(!confirmation_content){confirmation_content = contents;}jQuery('#gform_wrapper_479').replaceWith(confirmation_content);jQuery(document).scrollTop(jQuery('#gf_479').offset().top - mt);jQuery(document).trigger('gform_confirmation_loaded', [479]);window['gf_submitting_479'] = false;wp.a11y.speak(jQuery('#gform_confirmation_message_479').text());}else{jQuery('#gform_479').append(contents);if(window['gformRedirect']) {gformRedirect();}}jQuery(document).trigger(\"gform_pre_post_render\", [{ formId: \"479\", currentPage: \"current_page\", abort: function() { this.preventDefault(); } }]);        if (event && event.defaultPrevented) {                return;        }        const gformWrapperDiv = document.getElementById( \"gform_wrapper_479\" );        if ( gformWrapperDiv ) {            const visibilitySpan = document.createElement( \"span\" );            visibilitySpan.id = \"gform_visibility_test_479\";            gformWrapperDiv.insertAdjacentElement( \"afterend\", visibilitySpan );        }        const visibilityTestDiv = document.getElementById( \"gform_visibility_test_479\" );        let postRenderFired = false;        function triggerPostRender() {            if ( postRenderFired ) {                return;            }            postRenderFired = true;            gform.core.triggerPostRenderEvents( 479, current_page );            if ( visibilityTestDiv ) {                visibilityTestDiv.parentNode.removeChild( visibilityTestDiv );            }        }        function debounce( func, wait, immediate ) {            var timeout;            return function() {                var context = this, args = arguments;                var later = function() {                    timeout = null;                    if ( !immediate ) func.apply( context, args );                };                var callNow = immediate && !timeout;                clearTimeout( timeout );                timeout = setTimeout( later, wait );                if ( callNow ) func.apply( context, args );            };        }        const debouncedTriggerPostRender = debounce( function() {            triggerPostRender();        }, 200 );        if ( visibilityTestDiv && visibilityTestDiv.offsetParent === null ) {            const observer = new MutationObserver( ( mutations ) => {                mutations.forEach( ( mutation ) => {                    if ( mutation.type === 'attributes' && visibilityTestDiv.offsetParent !== null ) {                        debouncedTriggerPostRender();                        observer.disconnect();                    }                });            });            observer.observe( document.body, {                attributes: true,                childList: false,                subtree: true,                attributeFilter: [ 'style', 'class' ],            });        } else {            triggerPostRender();        }    } );} ); \n\/* ]]> *\/\n<\/script>\n<\/div>\n\n\n\n<div class=\"wp-block-column is-layout-flow wp-block-column-is-layout-flow\">\n<h2 class=\"wp-block-heading is-style-default\">Letzte Chance f\u00fcr den Amazonas?<\/h2>\n\n\n\n<p>Der Amazonas-Regenwald ist Lebensgrundlage f\u00fcr Millionen von Menschen und unz\u00e4hlige Arten. Er ist auch eine unserer gr\u00f6ssten Hoffnungen f\u00fcr eine lebenswerte Zukunft, da alles Leben auf unserem Planeten von der starken F\u00e4higkeit des Regenwaldes abh\u00e4ngt, Klima und Wetterverh\u00e4ltnisse zu regulieren.&nbsp;&nbsp;<\/p>\n\n\n\n<p>Doch der gr\u00f6sste Regenwald der Erde ist durch industrielle Landwirtschaft und illegalen Goldabbau akut bedroht. Diese Industrien zerst\u00f6ren den Amazonas, der die vielf\u00e4ltigste Pflanzen- und Tierwelt der Welt beherbergt. [1] F\u00fcr den schnellen Profit roden und brennen riesige Waldfl\u00e4chen nieder. Wissenschaftler warnen, dass der Amazonas bei diesem Tempo bald einen Wendepunkt erreichen k\u00f6nnte. [2]<\/p>\n\n\n\n<p>Schliesse dich uns an: Fordere die Staats- und Regierungschefs weltweit auf, den Amazonas zu sch\u00fctzen und:<\/p>\n\n\n\n<ul class=\"wp-block-list\">\n<li>Ihre Versprechen, die Abholzung des Amazonas-Regenwalds zu stoppen, einzuhalten.<\/li>\n\n\n\n<li>Die Finanzierung von zerst\u00f6rerischen Aktivit\u00e4ten im Amazonasgebiets einzustellen<\/li>\n\n\n\n<li>Die L\u00f6sungen der Indigenen und lokalen Gemeinschaften zum Schutz und zur Wiederherstellung des Amazonasgebiets zu finanzieren.<\/li>\n<\/ul>\n\n\n\n<p>Gemeinsam sind wir st\u00e4rker als die Unternehmen, die den Amazonas-Regenwald und W\u00e4lder auf der ganzen Welt zerst\u00f6ren.&nbsp;<\/p>\n\n\n\n<p>[1] <a href=\"https:\/\/www.jstor.org\/stable\/24987254\">Colinvaux, Paul A. \u201cThe Past and Future Amazon.\u201d Scientific American (1989)<\/a><\/p>\n\n\n\n<p>[2] <a href=\"https:\/\/www.nature.com\/articles\/s41586-023-06970-0\">Flores, B.M., Montoya, E., Sakschewski, B. et al. Critical transitions in the Amazon forest system. Nature 626 (2024)<\/a><\/p>\n<\/div>\n<\/div>\n\n<p><\/p>\n","protected":false},"excerpt":{"rendered":"<p>Fordere mit uns die Regierungen weltweit zum Handeln auf!<\/p>\n","protected":false},"author":89,"featured_media":128041,"parent":491,"menu_order":0,"comment_status":"closed","ping_status":"closed","template":"","meta":{"_acf_changed":false,"_planet4_optimize_post_is_variant":false,"_planet4_optimize_experiment_name":"","_planet4_optimize_variant_name":"","ep_exclude_from_search":false,"p4_hide_page_title_checkbox":"on","p4_title":"","p4_subtitle":"","p4_description":"","background_image_id":"295","background_image":"https:\/\/www.greenpeace.ch\/static\/planet4-switzerland-stateless\/2018\/05\/fc54c126-gp0stqmp3.jpg","p4_button_title":"","p4_button_link":"","p4_button_link_checkbox":"","p4_og_title":"","p4_og_description":"","p4_og_image":"https:\/\/www.greenpeace.ch\/static\/planet4-switzerland-stateless\/2025\/12\/3b34a466-header_amazon-de.png","p4_og_image_id":"128045","p4_seo_canonical_url":"","p4_campaign_name":"not set","p4_local_project":"not set","p4_basket_name":"not set","p4_department":"","footnotes":""},"categories":[],"tags":[40],"class_list":["post-118881","page","type-page","status-publish","has-post-thumbnail","hentry","tag-wald"],"acf":[],"_links":{"self":[{"href":"https:\/\/www.greenpeace.ch\/de\/wp-json\/wp\/v2\/pages\/118881","targetHints":{"allow":["GET"]}}],"collection":[{"href":"https:\/\/www.greenpeace.ch\/de\/wp-json\/wp\/v2\/pages"}],"about":[{"href":"https:\/\/www.greenpeace.ch\/de\/wp-json\/wp\/v2\/types\/page"}],"author":[{"embeddable":true,"href":"https:\/\/www.greenpeace.ch\/de\/wp-json\/wp\/v2\/users\/89"}],"replies":[{"embeddable":true,"href":"https:\/\/www.greenpeace.ch\/de\/wp-json\/wp\/v2\/comments?post=118881"}],"version-history":[{"count":20,"href":"https:\/\/www.greenpeace.ch\/de\/wp-json\/wp\/v2\/pages\/118881\/revisions"}],"predecessor-version":[{"id":128217,"href":"https:\/\/www.greenpeace.ch\/de\/wp-json\/wp\/v2\/pages\/118881\/revisions\/128217"}],"up":[{"embeddable":true,"href":"https:\/\/www.greenpeace.ch\/de\/wp-json\/wp\/v2\/pages\/491"}],"wp:featuredmedia":[{"embeddable":true,"href":"https:\/\/www.greenpeace.ch\/de\/wp-json\/wp\/v2\/media\/128041"}],"wp:attachment":[{"href":"https:\/\/www.greenpeace.ch\/de\/wp-json\/wp\/v2\/media?parent=118881"}],"wp:term":[{"taxonomy":"category","embeddable":true,"href":"https:\/\/www.greenpeace.ch\/de\/wp-json\/wp\/v2\/categories?post=118881"},{"taxonomy":"post_tag","embeddable":true,"href":"https:\/\/www.greenpeace.ch\/de\/wp-json\/wp\/v2\/tags?post=118881"}],"curies":[{"name":"wp","href":"https:\/\/api.w.org\/{rel}","templated":true}]}}