{"id":120671,"date":"2025-06-07T19:42:59","date_gmt":"2025-06-07T17:42:59","guid":{"rendered":"https:\/\/www.greenpeace.ch\/?page_id=120671"},"modified":"2025-07-07T08:27:26","modified_gmt":"2025-07-07T06:27:26","slug":"allseas-open-letter","status":"publish","type":"page","link":"https:\/\/www.greenpeace.ch\/de\/allseas-open-letter\/","title":{"rendered":"Tiefseebergbau: Nein zum Deal mit Trump!"},"content":{"rendered":"\n\n<div class=\"wp-block-group alignfull is-layout-flow wp-block-group-is-layout-flow\">\n<div class=\"wp-block-group container is-layout-flow wp-block-group-is-layout-flow\">\n<div class=\"wp-block-media-text alignfull has-media-on-the-right is-stacked-on-mobile is-pattern-p4-page-header is-style-parallax\"><div class=\"wp-block-media-text__content\">\n<div class=\"wp-block-group is-layout-flow wp-block-group-is-layout-flow\">\n<h1 class=\"wp-block-heading has-white-background-color has-background\">Tiefseebergbau: Nein zum Deal mit Trump!<\/h1>\n<\/div>\n\n\n\n<p style=\"font-size:1.25rem\">14&#8217;510 Personen haben den <a href=\"https:\/\/www.greenpeace.ch\/de\/story\/123096\/tiefseebergbau-der-druck-auf-allseas-waechst\/\">offenen Brief an Allseas-CEO<\/a> Pieter Heerema unterschrieben und fordern ihn auf, die gemeinsamen Tiefseebergbaupl\u00e4ne mit The Metals Company und der Trump-Regierung zu stoppen.<\/p>\n<\/div><figure class=\"wp-block-media-text__media\"><img loading=\"lazy\" decoding=\"async\" width=\"1024\" height=\"581\" src=\"https:\/\/www.greenpeace.ch\/static\/planet4-switzerland-stateless\/2025\/07\/8575cbf6-trumpfish_hrf_xl-website-1024x581.jpg\" alt=\"\" sizes=\"auto, (min-width: 601px) 50vw, 100vw\" srcset=\"https:\/\/www.greenpeace.ch\/static\/planet4-switzerland-stateless\/2025\/07\/8575cbf6-trumpfish_hrf_xl-website-scaled.jpg 2560w, https:\/\/www.greenpeace.ch\/static\/planet4-switzerland-stateless\/2025\/07\/8575cbf6-trumpfish_hrf_xl-website-300x170.jpg 300w, https:\/\/www.greenpeace.ch\/static\/planet4-switzerland-stateless\/2025\/07\/8575cbf6-trumpfish_hrf_xl-website-1024x581.jpg 1024w, https:\/\/www.greenpeace.ch\/static\/planet4-switzerland-stateless\/2025\/07\/8575cbf6-trumpfish_hrf_xl-website-768x435.jpg 768w, https:\/\/www.greenpeace.ch\/static\/planet4-switzerland-stateless\/2025\/07\/8575cbf6-trumpfish_hrf_xl-website-1536x871.jpg 1536w, https:\/\/www.greenpeace.ch\/static\/planet4-switzerland-stateless\/2025\/07\/8575cbf6-trumpfish_hrf_xl-website-2048x1161.jpg 2048w, https:\/\/www.greenpeace.ch\/static\/planet4-switzerland-stateless\/2025\/07\/8575cbf6-trumpfish_hrf_xl-website-510x289.jpg 510w\" class=\"wp-image-123085 size-full\"\/><\/figure><\/div>\n<\/div>\n<\/div>\n\n\n<div class=\"wp-block-columns has-2-columns is-style-petition-left is-layout-flex wp-container-core-columns-is-layout-9d6595d7 wp-block-columns-is-layout-flex\">\n<div class=\"wp-block-column is-layout-flow wp-block-column-is-layout-flow\">\n<p>Die Unterschriftensammlung ist abgeschlossen.<\/p>\n\n\n<div class=\"gpch-block-form-progress-outer\" style=\"background-color: #303133;\">\n    <div class=\"gpch-block-form-progress-inner\" style=\"width: 96.733333333333%; background-color: #87bc25\">\n\n    <\/div>\n<\/div>\n\n<p> 14&#039;510 haben unterschrieben.<\/p><\/div>\n\n\n\n<div class=\"wp-block-column is-layout-flow wp-block-column-is-layout-flow\">\n<h2 class=\"wp-block-heading is-style-default\">So nicht, Herr Heerema!<\/h2>\n\n\n\n<p><strong>14&#8217;510 Menschen haben den offenen Brief an Pieter Heerema, Chief Executive Officer der Firma Allseas* unterschrieben. Der Konzern hat seinen Hauptsitz in Ch\u00e2tel-Saint-Denis im Kanton Freiburg!<\/strong><\/p>\n\n\n\n<p>Allseas will den Meeresboden f\u00fcr Metalle wie Mangan, Nickel und Kobalt pl\u00fcndern. Gemeinsam fordern wir: Allseas, H\u00e4nde weg vom Tiefseebergbau! Stopp Deep Sea Mining!<\/p>\n\n\n\n<h3 class=\"wp-block-heading\">Offener Brief<\/h3>\n\n\n\n<div class=\"wp-block-group is-style-quote is-content-justification-left is-layout-constrained wp-container-core-group-is-layout-8c890d92 wp-block-group-is-layout-constrained\">\n<p>Sehr geehrter Herr Pieter Heerema<\/p>\n\n\n\n<p>Sie sind CEO von Allseas. Ich fordere Sie auf, lassen Sie die Finger vom Tiefseebergbau und stoppen Sie die Zusammenarbeit mit der kanadischen Firma The Metals Company (TMC)! TMC hat bei der Trump-Regierung eine Tiefsee-Bergbaulizenz f\u00fcr internationale Gew\u00e4sser beantragt. Damit umgeht das Unternehmen die zust\u00e4ndige UNO-Organisation, die Internationale Meeresbodenbeh\u00f6rde ISA.<\/p>\n\n\n\n<p>Viele Studien, unter anderem vom UK National Oceanographic Center zeigen: Sch\u00e4den am Meeresboden sind auch Jahrzehnte nach menschlichen Aktivit\u00e4ten nachweisbar. Die Studie best\u00e4tigt die Warnungen von \u00fcber 800 Wissenschaftler:innen. Der Start des industriellen Tiefseebergbaus h\u00e4tte schwerwiegende und lang anhaltende Folgen f\u00fcr die Meere.<\/p>\n\n\n\n<p>Tech-Unternehmen wie Google, Samsung, Philips und Autohersteller wie Volkswagen, BMW und Volvo haben sich vom Tiefseebergbau distanziert. Der Schweizer Bundesrat hat sich zusammen mit 36 anderen L\u00e4ndern f\u00fcr ein Moratorium ausgesprochen.<\/p>\n\n\n\n<p>Der Schutz unserer Ozeane hat oberste Priorit\u00e4t! Der Ozean steht nicht zum Verkauf! Wir lassen nicht zu, dass geldgierige Unternehmen und r\u00fccksichtslose Regierungen unsere Ozeane zerst\u00f6ren.<\/p>\n\n\n\n<p>Freundliche Gr\u00fcsse<\/p>\n<\/div>\n\n\n\n<div class=\"wp-block-group is-layout-constrained wp-block-group-is-layout-constrained\">\n<hr class=\"wp-block-separator has-alpha-channel-opacity\"\/>\n\n\n\n<p class=\"is-style-default\">*<strong>Wer ist Allseas?&nbsp;<\/strong><\/p>\n\n\n\n<p>Das niederl\u00e4ndisch-schweizerische Allseas hat den Hauptsitz in Ch\u00e2tel-Saint-Denis im Kanton Freiburg. Genaueres \u00fcber das Innenleben zu erfahren, ist schwierig. Allseas ver\u00f6ffentlicht keine Gesch\u00e4ftszahlen. Der Konzern verlegt unter anderem mit Spezialschiffen Pipelines auf den Meeresb\u00f6den, baut \u00d6lbohrplattformen auf und ab, erstellt Windkraftwerke im Meer \u2013 und ist einer der potentesten Akteure im Rennen um den Tiefseebergbau. Weltweit hat Allseas \u00fcber 3500 Besch\u00e4ftigte.<\/p>\n\n\n\n<p>Allseas ist der Hauptpartner des kanadischen Tiefseebergbaufirma The Metals Company (TMC). TMC will die UNO-Aufsichtsbeh\u00f6rde f\u00fcr den Tiefseebergbau umgehen und hat bei Donald Trump eine Tiefseebergbau-Lizenz f\u00fcr internationale Gew\u00e4sser beantragt. Trump hat k\u00fcrzlich eine entsprechende Verordnung verabschiedet, die internationalen Abmachungen widerspricht. Tiefseebergbau ist gem\u00e4ss internationalem Recht verboten.<\/p>\n<\/div>\n<\/div>\n<\/div>\n","protected":false},"excerpt":{"rendered":"<p>Fordere Allseas-CEO Pieter Heerema auf, die Tiefseebergbaupl\u00e4ne gemeinsam mit The Metals Company und der Trump-Regierung zu stoppen.<\/p>\n","protected":false},"author":89,"featured_media":120673,"parent":0,"menu_order":0,"comment_status":"closed","ping_status":"closed","template":"","meta":{"_acf_changed":false,"_planet4_optimize_post_is_variant":false,"_planet4_optimize_experiment_name":"","_planet4_optimize_variant_name":"","ep_exclude_from_search":false,"p4_hide_page_title_checkbox":"on","p4_title":"","p4_subtitle":"","p4_description":"","background_image_id":"295","background_image":"https:\/\/www.greenpeace.ch\/static\/planet4-switzerland-stateless\/2018\/05\/fc54c126-gp0stqmp3.jpg","p4_button_title":"","p4_button_link":"","p4_button_link_checkbox":"","p4_og_title":"","p4_og_description":"","p4_og_image":"","p4_og_image_id":"","p4_seo_canonical_url":"","p4_campaign_name":"not set","p4_local_project":"not set","p4_basket_name":"not set","p4_department":"","footnotes":""},"categories":[119],"tags":[41],"class_list":["post-120671","page","type-page","status-publish","has-post-thumbnail","hentry","category-meer","tag-meer"],"acf":[],"_links":{"self":[{"href":"https:\/\/www.greenpeace.ch\/de\/wp-json\/wp\/v2\/pages\/120671","targetHints":{"allow":["GET"]}}],"collection":[{"href":"https:\/\/www.greenpeace.ch\/de\/wp-json\/wp\/v2\/pages"}],"about":[{"href":"https:\/\/www.greenpeace.ch\/de\/wp-json\/wp\/v2\/types\/page"}],"author":[{"embeddable":true,"href":"https:\/\/www.greenpeace.ch\/de\/wp-json\/wp\/v2\/users\/89"}],"replies":[{"embeddable":true,"href":"https:\/\/www.greenpeace.ch\/de\/wp-json\/wp\/v2\/comments?post=120671"}],"version-history":[{"count":20,"href":"https:\/\/www.greenpeace.ch\/de\/wp-json\/wp\/v2\/pages\/120671\/revisions"}],"predecessor-version":[{"id":123251,"href":"https:\/\/www.greenpeace.ch\/de\/wp-json\/wp\/v2\/pages\/120671\/revisions\/123251"}],"wp:featuredmedia":[{"embeddable":true,"href":"https:\/\/www.greenpeace.ch\/de\/wp-json\/wp\/v2\/media\/120673"}],"wp:attachment":[{"href":"https:\/\/www.greenpeace.ch\/de\/wp-json\/wp\/v2\/media?parent=120671"}],"wp:term":[{"taxonomy":"category","embeddable":true,"href":"https:\/\/www.greenpeace.ch\/de\/wp-json\/wp\/v2\/categories?post=120671"},{"taxonomy":"post_tag","embeddable":true,"href":"https:\/\/www.greenpeace.ch\/de\/wp-json\/wp\/v2\/tags?post=120671"}],"curies":[{"name":"wp","href":"https:\/\/api.w.org\/{rel}","templated":true}]}}