{"id":123566,"date":"2025-07-26T11:56:25","date_gmt":"2025-07-26T09:56:25","guid":{"rendered":"https:\/\/www.greenpeace.ch\/?page_id=123566"},"modified":"2025-07-26T11:56:36","modified_gmt":"2025-07-26T09:56:36","slug":"e-mail-an-albert-rosti-danke","status":"publish","type":"page","link":"https:\/\/www.greenpeace.ch\/de\/e-mail-an-albert-rosti-danke\/","title":{"rendered":"E-Mail an Albert R\u00f6sti"},"content":{"rendered":"\n\n<div class=\"wp-block-group alignfull is-layout-flow wp-block-group-is-layout-flow\">\n<div class=\"wp-block-group container is-layout-flow wp-block-group-is-layout-flow\">\n<div class=\"wp-block-media-text alignfull has-media-on-the-right is-stacked-on-mobile is-pattern-p4-page-header is-style-parallax\"><div class=\"wp-block-media-text__content\">\n<div class=\"wp-block-group is-layout-flow wp-block-group-is-layout-flow\">\n<h1 class=\"wp-block-heading has-white-background-color has-background\">Beenden wir das Plastikzeitalter!<\/h1>\n<\/div>\n\n\n\n<p style=\"font-size:1.25rem\">Sende eine E-Mail an Umweltminister Albert R\u00f6sti und fordere ihn auf, sich f\u00fcr ein ehrgeiziges Plastikabkommen einzusetzen, das die Plastikproduktion reduziert.<\/p>\n<\/div><figure class=\"wp-block-media-text__media\"><img loading=\"lazy\" decoding=\"async\" width=\"1024\" height=\"684\" src=\"https:\/\/www.greenpeace.ch\/static\/planet4-switzerland-stateless\/2025\/06\/82cd6a39-bundeshaus-plastik1-1024x684.jpg\" alt=\"\" sizes=\"auto, (min-width: 601px) 50vw, 100vw\" srcset=\"https:\/\/www.greenpeace.ch\/static\/planet4-switzerland-stateless\/2025\/06\/82cd6a39-bundeshaus-plastik1-scaled.jpg 2560w, https:\/\/www.greenpeace.ch\/static\/planet4-switzerland-stateless\/2025\/06\/82cd6a39-bundeshaus-plastik1-300x200.jpg 300w, https:\/\/www.greenpeace.ch\/static\/planet4-switzerland-stateless\/2025\/06\/82cd6a39-bundeshaus-plastik1-1024x684.jpg 1024w, https:\/\/www.greenpeace.ch\/static\/planet4-switzerland-stateless\/2025\/06\/82cd6a39-bundeshaus-plastik1-768x513.jpg 768w, https:\/\/www.greenpeace.ch\/static\/planet4-switzerland-stateless\/2025\/06\/82cd6a39-bundeshaus-plastik1-1536x1025.jpg 1536w, https:\/\/www.greenpeace.ch\/static\/planet4-switzerland-stateless\/2025\/06\/82cd6a39-bundeshaus-plastik1-2048x1367.jpg 2048w, https:\/\/www.greenpeace.ch\/static\/planet4-switzerland-stateless\/2025\/06\/82cd6a39-bundeshaus-plastik1-2046x1366.jpg 2046w, https:\/\/www.greenpeace.ch\/static\/planet4-switzerland-stateless\/2025\/06\/82cd6a39-bundeshaus-plastik1-510x340.jpg 510w\" class=\"wp-image-120568 size-full\"\/><\/figure><\/div>\n<\/div>\n<\/div>\n\n\n<div class=\"wp-block-columns has-2-columns is-style-petition-left is-layout-flex wp-container-core-columns-is-layout-9d6595d7 wp-block-columns-is-layout-flex\">\n<div class=\"wp-block-column is-layout-flow wp-block-column-is-layout-flow\">\n<h2 class=\"wp-block-heading\">Die Aktion ist beendet<\/h2>\n\n\n\n<p>Wir werden die Botschaften am 30. Juli im B\u00fcro von Bundesrat Albert R\u00f6sti \u00fcbergeben.<\/p>\n<\/div>\n\n\n\n<div class=\"wp-block-column is-layout-flow wp-block-column-is-layout-flow\">\n<h2 class=\"wp-block-heading is-style-default\"><\/h2>\n\n\n\n<p><strong>Im August setzen die Vereinten Nationen die Verhandlungen \u00fcber ein internationales Abkommen gegen die Plastikverschmutzung fort. Sende eine E-Mail an Umweltminister Albert R\u00f6sti und fordere ihn auf, sich f\u00fcr ein ehrgeiziges Plastikabkommen einzusetzen.<\/strong> <strong>Wir werden die E-Mails sammeln und an Bundesrat R\u00f6sti \u00fcbergeben.<\/strong><\/p>\n\n\n\n<h3 class=\"wp-block-heading\">E-Mail an Albert R\u00f6sti <\/h3>\n\n\n\n<div class=\"wp-block-group is-style-quote letter-text is-content-justification-left is-layout-constrained wp-container-core-group-is-layout-8c890d92 wp-block-group-is-layout-constrained\">\n<p>Guten Tag Herr Bundesrat Albert R\u00f6sti<\/p>\n\n\n\n<p>Wussten Sie, dass Mikroplastik \u00fcberall zu finden ist \u2013 sogar im Kot von Wildtieren?<\/p>\n\n\n\n<p>Greenpeace hat in verschiedenen Teilen der Schweiz Exkremente von Wildtieren gesammelt und diese untersuchen lassen: Fast alle untersuchten Proben enthielten Mikroplastikpartikel.<\/p>\n\n\n\n<p>Dies zeigt, wie stark Wildtiere der Plastikverschmutzung ausgesetzt sind. Plastik hat sich in allen Lebensr\u00e4umen verbreitet.<\/p>\n\n\n\n<p>Es ist h\u00f6chste Zeit, dass wir endlich handeln und das Problem an der Wurzel anpacken. Die n\u00e4chste Verhandlungsrunde der Vereinten Nationen \u00fcber ein globales Plastikabkommen ist <em>die<\/em> Gelegenheit, das Plastikzeitalter endlich zu beenden.&nbsp;<\/p>\n\n\n\n<p>Es freut mich, dass die Schweiz bei den bisherigen Verhandlungen ein positives Plastikabkommen unterst\u00fctzte. Jetzt geht es darum, ein konkretes Ziel zu definieren: ein Abkommen, das 75 Prozent der Plastikproduktion bis 2040 reduziert.&nbsp;<\/p>\n\n\n\n<p>Vielen Dank f\u00fcr Ihren Einsatz!<\/p>\n\n\n\n<p>Freundliche Gr\u00fcsse<br><\/p>\n<\/div>\n\n\n\n<p><\/p>\n<\/div>\n<\/div>\n\n<script>\n\n\/\/ Set up a MutationObserver to watch for changes\nconst observer = new MutationObserver(() => {\n  updateLetterText();\n});\n\nconst firstNameInput = document.getElementById('input_495_4');\nconst lastNameInput = document.getElementById('input_495_5');\nconst letterTextContainer = document.querySelector('.letter-text');\n\n\/\/ Create or grab the paragraph where we show the name\nlet nameParagraph = letterTextContainer.querySelector('.generated-name');\nif (!nameParagraph) {\n  nameParagraph = document.createElement('p');\n  nameParagraph.classList.add('generated-name');\n  letterTextContainer.appendChild(nameParagraph);\n}\n\nfunction updateLetterText() {\n  const firstName = firstNameInput.value.trim();\n  const lastName = lastNameInput.value.trim();\n  nameParagraph.textContent = `${firstName} ${lastName}`;\n}\n\n\/\/ Observe value changes on both input fields\nobserver.observe(firstNameInput, { attributes: true, attributeFilter: ['value'] });\nobserver.observe(lastNameInput, { attributes: true, attributeFilter: ['value'] });\n\n\/\/ Also add event listeners for good measure (some browsers might not trigger attribute changes)\nfirstNameInput.addEventListener('input', updateLetterText);\nlastNameInput.addEventListener('input', updateLetterText);\n\n\/\/ Initialize on load\nupdateLetterText();\n\n<\/script>\n","protected":false},"excerpt":{"rendered":"<p>Schreibe eine E-Mail an Umweltminister Albert R\u00f6sti und fordere ihn auf, sich f\u00fcr ein ehrgeiziges Plastikabkommen einzusetzen.<\/p>\n","protected":false},"author":38,"featured_media":120568,"parent":0,"menu_order":0,"comment_status":"closed","ping_status":"closed","template":"","meta":{"_acf_changed":false,"_planet4_optimize_post_is_variant":false,"_planet4_optimize_experiment_name":"","_planet4_optimize_variant_name":"","ep_exclude_from_search":false,"p4_hide_page_title_checkbox":"on","p4_title":"","p4_subtitle":"","p4_description":"","background_image_id":"295","background_image":"https:\/\/www.greenpeace.ch\/static\/planet4-switzerland-stateless\/2018\/05\/fc54c126-gp0stqmp3.jpg","p4_button_title":"","p4_button_link":"","p4_button_link_checkbox":"","p4_og_title":"","p4_og_description":"","p4_og_image":"","p4_og_image_id":"","p4_seo_canonical_url":"","p4_campaign_name":"not set","p4_local_project":"not set","p4_basket_name":"not set","p4_department":"","footnotes":""},"categories":[48],"tags":[37,217],"class_list":["post-123566","page","type-page","status-publish","has-post-thumbnail","hentry","category-zero-waste","tag-zero-waste","tag-konsum"],"acf":[],"_links":{"self":[{"href":"https:\/\/www.greenpeace.ch\/de\/wp-json\/wp\/v2\/pages\/123566","targetHints":{"allow":["GET"]}}],"collection":[{"href":"https:\/\/www.greenpeace.ch\/de\/wp-json\/wp\/v2\/pages"}],"about":[{"href":"https:\/\/www.greenpeace.ch\/de\/wp-json\/wp\/v2\/types\/page"}],"author":[{"embeddable":true,"href":"https:\/\/www.greenpeace.ch\/de\/wp-json\/wp\/v2\/users\/38"}],"replies":[{"embeddable":true,"href":"https:\/\/www.greenpeace.ch\/de\/wp-json\/wp\/v2\/comments?post=123566"}],"version-history":[{"count":1,"href":"https:\/\/www.greenpeace.ch\/de\/wp-json\/wp\/v2\/pages\/123566\/revisions"}],"predecessor-version":[{"id":123568,"href":"https:\/\/www.greenpeace.ch\/de\/wp-json\/wp\/v2\/pages\/123566\/revisions\/123568"}],"wp:featuredmedia":[{"embeddable":true,"href":"https:\/\/www.greenpeace.ch\/de\/wp-json\/wp\/v2\/media\/120568"}],"wp:attachment":[{"href":"https:\/\/www.greenpeace.ch\/de\/wp-json\/wp\/v2\/media?parent=123566"}],"wp:term":[{"taxonomy":"category","embeddable":true,"href":"https:\/\/www.greenpeace.ch\/de\/wp-json\/wp\/v2\/categories?post=123566"},{"taxonomy":"post_tag","embeddable":true,"href":"https:\/\/www.greenpeace.ch\/de\/wp-json\/wp\/v2\/tags?post=123566"}],"curies":[{"name":"wp","href":"https:\/\/api.w.org\/{rel}","templated":true}]}}