{"id":124727,"date":"2025-09-02T10:05:53","date_gmt":"2025-09-02T08:05:53","guid":{"rendered":"https:\/\/www.greenpeace.ch\/?page_id=124727"},"modified":"2026-02-25T10:31:26","modified_gmt":"2026-02-25T09:31:26","slug":"atomkraft-nie-wieder","status":"publish","type":"page","link":"https:\/\/www.greenpeace.ch\/de\/atomkraft-nie-wieder\/","title":{"rendered":"Atomkraft? Nie wieder!"},"content":{"rendered":"\n<div class=\"wp-block-planet4-gpch-plugin-optimize-content-optimization gp-optimize-container\" data-status=\"true\" data-optimization-id=\"fIcmc29C6CDfjFfQ\" data-optimization-name=\"Atom vs Heimat\">\n<div class=\"wp-block-planet4-gpch-plugin-optimize-variant gp-optimize-variant\" data-target-percentage=\"100\" data-variant-id=\"JWnqsPdh\" data-variant-name=\"Variant A\" data-conditionals=\"[{&quot;index&quot;:0,&quot;type&quot;:&quot;url_parameter&quot;,&quot;typeSelection&quot;:&quot;utm_campaign&quot;,&quot;nameInStorage&quot;:&quot;gp_optimize_data&quot;,&quot;dataType&quot;:&quot;string&quot;,&quot;conditionalKey&quot;:&quot;utm_campaign&quot;,&quot;operator&quot;:&quot;does_not_exist&quot;,&quot;value&quot;:&quot;&quot;,&quot;showDetails&quot;:false},{&quot;index&quot;:1,&quot;type&quot;:&quot;url_parameter&quot;,&quot;typeSelection&quot;:null,&quot;nameInStorage&quot;:&quot;gp_optimize_data&quot;,&quot;dataType&quot;:&quot;string&quot;,&quot;conditionalKey&quot;:&quot;utm_content&quot;,&quot;operator&quot;:&quot;is&quot;,&quot;value&quot;:&quot;n&quot;,&quot;showDetails&quot;:false}]\">\n\n<div class=\"wp-block-group alignfull is-layout-flow wp-block-group-is-layout-flow\">\n<div class=\"wp-block-group container is-layout-flow wp-block-group-is-layout-flow\">\n<div class=\"wp-block-media-text alignfull has-media-on-the-right is-stacked-on-mobile is-pattern-p4-page-header is-style-parallax\"><div class=\"wp-block-media-text__content\">\n<div class=\"wp-block-group is-layout-flow wp-block-group-is-layout-flow\">\n<h1 class=\"wp-block-heading has-white-background-color has-background\"><strong>Atomkraft? Nie wieder!<\/strong><\/h1>\n<\/div>\n\n\n\n<p style=\"font-size:1.25rem\">Unterzeichne die Petition an das Parlament: Stoppt den Wiedereinstieg<\/p>\n<\/div><figure class=\"wp-block-media-text__media\"><img loading=\"lazy\" decoding=\"async\" width=\"1024\" height=\"686\" src=\"https:\/\/www.greenpeace.ch\/static\/planet4-switzerland-stateless\/2025\/09\/7e8cf261-anti-atom_neg_umsetzung_b-1024x686.jpg\" alt=\"\" sizes=\"auto, (min-width: 601px) 50vw, 100vw\" srcset=\"https:\/\/www.greenpeace.ch\/static\/planet4-switzerland-stateless\/2025\/09\/7e8cf261-anti-atom_neg_umsetzung_b-scaled.jpg 2560w, https:\/\/www.greenpeace.ch\/static\/planet4-switzerland-stateless\/2025\/09\/7e8cf261-anti-atom_neg_umsetzung_b-300x201.jpg 300w, https:\/\/www.greenpeace.ch\/static\/planet4-switzerland-stateless\/2025\/09\/7e8cf261-anti-atom_neg_umsetzung_b-1024x686.jpg 1024w, https:\/\/www.greenpeace.ch\/static\/planet4-switzerland-stateless\/2025\/09\/7e8cf261-anti-atom_neg_umsetzung_b-768x514.jpg 768w, https:\/\/www.greenpeace.ch\/static\/planet4-switzerland-stateless\/2025\/09\/7e8cf261-anti-atom_neg_umsetzung_b-1536x1028.jpg 1536w, https:\/\/www.greenpeace.ch\/static\/planet4-switzerland-stateless\/2025\/09\/7e8cf261-anti-atom_neg_umsetzung_b-2048x1371.jpg 2048w, https:\/\/www.greenpeace.ch\/static\/planet4-switzerland-stateless\/2025\/09\/7e8cf261-anti-atom_neg_umsetzung_b-2040x1366.jpg 2040w, https:\/\/www.greenpeace.ch\/static\/planet4-switzerland-stateless\/2025\/09\/7e8cf261-anti-atom_neg_umsetzung_b-508x340.jpg 508w\" class=\"wp-image-125232 size-full\"\/><\/figure><\/div>\n<\/div>\n<\/div>\n\n\n\n\n<div class=\"wp-block-columns has-2-columns is-style-petition-left is-layout-flex wp-container-core-columns-is-layout-9d6595d7 wp-block-columns-is-layout-flex\">\n<div class=\"wp-block-column is-layout-flow wp-block-column-is-layout-flow\">\n<h2 class=\"wp-block-heading\">Die Petition ist geschlossen<\/h2>\n\n\n\n<p>Rund <strong>23&#8217;000 Menschen<\/strong> haben unterzeichnet. Gemeinsam senden wir eine klare Botschaft ans Parlament: H\u00e4nde weg vom AKW-Neubauverbot!\u00a0<br><\/p>\n<\/div>\n\n\n\n<div class=\"wp-block-column is-layout-flow wp-block-column-is-layout-flow\">\n<p>Petition<\/p>\n\n\n\n<h2 class=\"wp-block-heading is-style-default\"><strong><strong>Zuverl\u00e4ssige, saubere Energie \u2013 ohne strahlenden Abfall und Risiko<\/strong><\/strong><\/h2>\n\n\n\n<p>Liebe Mitglieder des Parlaments<\/p>\n\n\n\n<p>94 Prozent der Schweizer Bev\u00f6lkerung wollen die Energie effizienter nutzen und die&nbsp;Solarenergie ausbauen, um die Versorgungssicherheit zu gew\u00e4hrleisten. Ignorieren Sie diesen Willen nicht!<\/p>\n\n\n\n<p>Wir wollen keine R\u00fcckkehr in die Vergangenheit \u2013 und keine neuen Atomkraftwerke in der Schweiz. Atomkraft ist gef\u00e4hrlich, teuer und hinterl\u00e4sst strahlenden Abfall f\u00fcr unz\u00e4hlige Generationen. Sie lenkt von den echten L\u00f6sungen ab: Erneuerbare Energien ausbauen, Effizienz steigern und damit unsere Versorgung sicher und klimafreundlich gestalten.<\/p>\n\n\n\n<p>Die Menschen in diesem Land haben sich mehrfach klar f\u00fcr eine Zukunft ohne neue AKW ausgesprochen. Jede Investition in Atomkraft blockiert den dringend n\u00f6tigen Ausbau von Solar-, Wind- und Wasserkraft \u2013 und verspielt wertvolle Zeit im Kampf gegen die Klimakrise.<br><br>Wir fordern Sie, liebe National- und St\u00e4nder\u00e4tinnen und -r\u00e4te, auf: <strong>Sagen Sie entschieden Nein zum Wiedereinstieg.<\/strong> Geben Sie der Schweiz eine sichere, saubere und erneuerbare Energiezukunft \u2013 und handeln Sie jetzt.<\/p>\n\n\n\n<p><\/p>\n<\/div>\n<\/div>\n<\/div>\n\n\n\n<div class=\"wp-block-planet4-gpch-plugin-optimize-variant gp-optimize-variant\" data-target-percentage=\"0\" data-variant-id=\"ZXvjt05Y\" data-variant-name=\"Variant B\" data-conditionals=\"[{&quot;index&quot;:0,&quot;type&quot;:&quot;url_parameter&quot;,&quot;typeSelection&quot;:null,&quot;nameInStorage&quot;:&quot;gp_optimize_data&quot;,&quot;dataType&quot;:&quot;string&quot;,&quot;conditionalKey&quot;:&quot;utm_content&quot;,&quot;operator&quot;:&quot;is&quot;,&quot;value&quot;:&quot;p&quot;,&quot;showDetails&quot;:false}]\">\n\n<div class=\"wp-block-group alignfull is-layout-flow wp-block-group-is-layout-flow\">\n<div class=\"wp-block-group container is-layout-flow wp-block-group-is-layout-flow\">\n<div class=\"wp-block-media-text alignfull has-media-on-the-right is-stacked-on-mobile is-pattern-p4-page-header is-style-parallax\"><div class=\"wp-block-media-text__content\">\n<div class=\"wp-block-group is-layout-flow wp-block-group-is-layout-flow\">\n<h1 class=\"wp-block-heading has-white-background-color has-background\"><strong><strong>F\u00fcr eine Zukunft mit reiner Heimatenergie<\/strong><\/strong><\/h1>\n<\/div>\n\n\n\n<p style=\"font-size:1.25rem\">Wir haben genug erneuerbare Energie in der Schweiz \u2013 und wollen uns nicht l\u00e4nger vom Ausland abh\u00e4ngig machen.<\/p>\n<\/div><figure class=\"wp-block-media-text__media\"><img loading=\"lazy\" decoding=\"async\" width=\"1024\" height=\"686\" src=\"https:\/\/www.greenpeace.ch\/static\/planet4-switzerland-stateless\/2025\/09\/27b27ccb-anti-atom_pos_umsetzung_b_2-1024x686.jpg\" alt=\"\" sizes=\"auto, (min-width: 601px) 50vw, 100vw\" srcset=\"https:\/\/www.greenpeace.ch\/static\/planet4-switzerland-stateless\/2025\/09\/27b27ccb-anti-atom_pos_umsetzung_b_2-scaled.jpg 2560w, https:\/\/www.greenpeace.ch\/static\/planet4-switzerland-stateless\/2025\/09\/27b27ccb-anti-atom_pos_umsetzung_b_2-300x201.jpg 300w, https:\/\/www.greenpeace.ch\/static\/planet4-switzerland-stateless\/2025\/09\/27b27ccb-anti-atom_pos_umsetzung_b_2-1024x686.jpg 1024w, https:\/\/www.greenpeace.ch\/static\/planet4-switzerland-stateless\/2025\/09\/27b27ccb-anti-atom_pos_umsetzung_b_2-768x514.jpg 768w, https:\/\/www.greenpeace.ch\/static\/planet4-switzerland-stateless\/2025\/09\/27b27ccb-anti-atom_pos_umsetzung_b_2-1536x1028.jpg 1536w, https:\/\/www.greenpeace.ch\/static\/planet4-switzerland-stateless\/2025\/09\/27b27ccb-anti-atom_pos_umsetzung_b_2-2048x1371.jpg 2048w, https:\/\/www.greenpeace.ch\/static\/planet4-switzerland-stateless\/2025\/09\/27b27ccb-anti-atom_pos_umsetzung_b_2-2040x1366.jpg 2040w, https:\/\/www.greenpeace.ch\/static\/planet4-switzerland-stateless\/2025\/09\/27b27ccb-anti-atom_pos_umsetzung_b_2-508x340.jpg 508w\" class=\"wp-image-125269 size-full\"\/><\/figure><\/div>\n<\/div>\n<\/div>\n\n\n\n\n<div class=\"wp-block-columns has-2-columns is-style-petition-left is-layout-flex wp-container-core-columns-is-layout-9d6595d7 wp-block-columns-is-layout-flex\">\n<div class=\"wp-block-column is-layout-flow wp-block-column-is-layout-flow\">\n<h2 class=\"wp-block-heading\">Jetzt unterschreiben<\/h2>\n\n\n\n<p><strong>F\u00fcr eine unabh\u00e4ngige Schweiz mit 100 Prozent erneuerbarer Heimatenergie!<\/strong><\/p>\n\n\n<div class=\"gpch-block-form-progress-outer\" style=\"background-color: #303133;\">\n    <div class=\"gpch-block-form-progress-inner\" style=\"width: 92.196%; background-color: #87bc25\">\n\n    <\/div>\n<\/div>\n\n<p> 23&#039;029 haben schon unterschrieben.<\/p>\n\n<\/div>\n\n\n\n<div class=\"wp-block-column is-layout-flow wp-block-column-is-layout-flow\">\n<p>Petition<\/p>\n\n\n\n<h2 class=\"wp-block-heading is-style-default\"><strong><strong>Zuverl\u00e4ssige, saubere Energie \u2013 ohne strahlenden Abfall und Risiko<\/strong><\/strong><\/h2>\n\n\n\n<p>Liebe Mitglieder des Parlaments<\/p>\n\n\n\n<p>94 Prozent der Schweizer Bev\u00f6lkerung wollen die Energie effizienter nutzen und die&nbsp;Solarenergie ausbauen, um die Versorgungssicherheit zu gew\u00e4hrleisten. Ignorieren Sie diesen Willen nicht!<\/p>\n\n\n\n<p>Wir wollen keine R\u00fcckkehr in die Vergangenheit \u2013 und keine neuen Atomkraftwerke in der Schweiz. Atomkraft ist gef\u00e4hrlich, teuer und hinterl\u00e4sst strahlenden Abfall f\u00fcr unz\u00e4hlige Generationen. Sie lenkt von den echten L\u00f6sungen ab: Erneuerbare Energien ausbauen, Effizienz steigern und damit unsere Versorgung sicher und klimafreundlich gestalten.<\/p>\n\n\n\n<p>Die Menschen in diesem Land haben sich mehrfach klar f\u00fcr eine Zukunft ohne neue AKW ausgesprochen. Jede Investition in Atomkraft blockiert den dringend n\u00f6tigen Ausbau von Solar-, Wind- und Wasserkraft \u2013 und verspielt wertvolle Zeit im Kampf gegen die Klimakrise.<br><br>Wir fordern Sie, liebe National- und St\u00e4nder\u00e4tinnen und -r\u00e4te, auf: <strong>Sagen Sie entschieden Nein zum Wiedereinstieg.<\/strong> Geben Sie der Schweiz eine sichere, saubere und erneuerbare Energiezukunft \u2013 und handeln Sie jetzt.<\/p>\n\n\n\n<p><\/p>\n<\/div>\n<\/div>\n<\/div>\n<\/div>\n","protected":false},"excerpt":{"rendered":"<p>Unterzeichne die Petition an das Parlament: Stoppt den Wiedereinstieg<\/p>\n","protected":false},"author":48,"featured_media":125125,"parent":0,"menu_order":0,"comment_status":"closed","ping_status":"closed","template":"","meta":{"_acf_changed":false,"_planet4_optimize_post_is_variant":false,"_planet4_optimize_experiment_name":"Atom vs Heimat","_planet4_optimize_variant_name":"","ep_exclude_from_search":false,"p4_hide_page_title_checkbox":"on","p4_title":"","p4_subtitle":"","p4_description":"","background_image_id":"295","background_image":"https:\/\/www.greenpeace.ch\/static\/planet4-switzerland-stateless\/2018\/05\/fc54c126-gp0stqmp3.jpg","p4_button_title":"","p4_button_link":"","p4_button_link_checkbox":"","p4_og_title":"","p4_og_description":"","p4_og_image":"https:\/\/www.greenpeace.ch\/static\/planet4-switzerland-stateless\/2025\/09\/7e8cf261-anti-atom_neg_umsetzung_b-scaled.jpg","p4_og_image_id":"125232","p4_seo_canonical_url":"","p4_campaign_name":"not set","p4_local_project":"not set","p4_basket_name":"not set","p4_department":"","footnotes":""},"categories":[],"tags":[42,50],"class_list":["post-124727","page","type-page","status-publish","has-post-thumbnail","hentry","tag-energie","tag-klima"],"acf":[],"_links":{"self":[{"href":"https:\/\/www.greenpeace.ch\/de\/wp-json\/wp\/v2\/pages\/124727","targetHints":{"allow":["GET"]}}],"collection":[{"href":"https:\/\/www.greenpeace.ch\/de\/wp-json\/wp\/v2\/pages"}],"about":[{"href":"https:\/\/www.greenpeace.ch\/de\/wp-json\/wp\/v2\/types\/page"}],"author":[{"embeddable":true,"href":"https:\/\/www.greenpeace.ch\/de\/wp-json\/wp\/v2\/users\/48"}],"replies":[{"embeddable":true,"href":"https:\/\/www.greenpeace.ch\/de\/wp-json\/wp\/v2\/comments?post=124727"}],"version-history":[{"count":20,"href":"https:\/\/www.greenpeace.ch\/de\/wp-json\/wp\/v2\/pages\/124727\/revisions"}],"predecessor-version":[{"id":129369,"href":"https:\/\/www.greenpeace.ch\/de\/wp-json\/wp\/v2\/pages\/124727\/revisions\/129369"}],"wp:featuredmedia":[{"embeddable":true,"href":"https:\/\/www.greenpeace.ch\/de\/wp-json\/wp\/v2\/media\/125125"}],"wp:attachment":[{"href":"https:\/\/www.greenpeace.ch\/de\/wp-json\/wp\/v2\/media?parent=124727"}],"wp:term":[{"taxonomy":"category","embeddable":true,"href":"https:\/\/www.greenpeace.ch\/de\/wp-json\/wp\/v2\/categories?post=124727"},{"taxonomy":"post_tag","embeddable":true,"href":"https:\/\/www.greenpeace.ch\/de\/wp-json\/wp\/v2\/tags?post=124727"}],"curies":[{"name":"wp","href":"https:\/\/api.w.org\/{rel}","templated":true}]}}