{"id":131452,"date":"2026-04-19T13:16:02","date_gmt":"2026-04-19T11:16:02","guid":{"rendered":"https:\/\/www.greenpeace.ch\/?page_id=131452"},"modified":"2026-04-21T08:51:32","modified_gmt":"2026-04-21T06:51:32","slug":"segeln-fuer-gerechtigkeit","status":"publish","type":"page","link":"https:\/\/www.greenpeace.ch\/de\/handeln\/segeln-fuer-gerechtigkeit\/","title":{"rendered":"Segeln f\u00fcr Gerechtigkeit"},"content":{"rendered":"\n\n<div class=\"wp-block-group block is-layout-flow wp-block-group-is-layout-flow\">\n\n<div class=\"wp-block-group alignfull is-layout-flow wp-block-group-is-layout-flow\">\n<div class=\"wp-block-group container is-layout-flow wp-block-group-is-layout-flow\">\n<div class=\"wp-block-media-text alignfull has-media-on-the-right is-stacked-on-mobile is-pattern-p4-page-header is-style-parallax\"><div class=\"wp-block-media-text__content\">\n<div class=\"wp-block-group is-layout-flow wp-block-group-is-layout-flow\">\n<h1 class=\"wp-block-heading has-white-background-color has-background\"><strong>Segeln f\u00fcr Gerechtigkeit<\/strong><\/h1>\n<\/div>\n\n\n\n<p style=\"font-size:1.25rem\">Greenpeace schliesst sich der Global Sumud Flottille an, um technische und operative Unterst\u00fctzung zu leisten und eine Seeroute f\u00fcr lebensrettende Lieferungen zu etablieren.<\/p>\n<\/div><figure class=\"wp-block-media-text__media\"><img loading=\"lazy\" decoding=\"async\" width=\"1024\" height=\"683\" src=\"https:\/\/www.greenpeace.ch\/static\/planet4-switzerland-stateless\/2026\/04\/856107ee-gp0su8p14_pressmedia-2500px-1024x683.jpg\" alt=\"\" sizes=\"auto, (min-width: 601px) 50vw, 100vw\" srcset=\"https:\/\/www.greenpeace.ch\/static\/planet4-switzerland-stateless\/2026\/04\/856107ee-gp0su8p14_pressmedia-2500px.jpg 2500w, https:\/\/www.greenpeace.ch\/static\/planet4-switzerland-stateless\/2026\/04\/856107ee-gp0su8p14_pressmedia-2500px-300x200.jpg 300w, https:\/\/www.greenpeace.ch\/static\/planet4-switzerland-stateless\/2026\/04\/856107ee-gp0su8p14_pressmedia-2500px-1024x683.jpg 1024w, https:\/\/www.greenpeace.ch\/static\/planet4-switzerland-stateless\/2026\/04\/856107ee-gp0su8p14_pressmedia-2500px-768x512.jpg 768w, https:\/\/www.greenpeace.ch\/static\/planet4-switzerland-stateless\/2026\/04\/856107ee-gp0su8p14_pressmedia-2500px-1536x1024.jpg 1536w, https:\/\/www.greenpeace.ch\/static\/planet4-switzerland-stateless\/2026\/04\/856107ee-gp0su8p14_pressmedia-2500px-2048x1366.jpg 2048w, https:\/\/www.greenpeace.ch\/static\/planet4-switzerland-stateless\/2026\/04\/856107ee-gp0su8p14_pressmedia-2500px-510x340.jpg 510w\" class=\"wp-image-131453 size-full\"\/><\/figure><\/div>\n<\/div>\n<\/div>\n\n\n\n\n<div class=\"wp-block-columns is-layout-flex wp-container-core-columns-is-layout-9d6595d7 wp-block-columns-is-layout-flex\">\n<div class=\"wp-block-column is-layout-flow wp-block-column-is-layout-flow\">\n<p>Die Schiffe der globalen Freiheitsflottille bef\u00f6rdern \u00c4rzte, Pflegekr\u00e4fte und Hilfsg\u00fcter, die das pal\u00e4stinensische Volk ben\u00f6tigt, um ihr zerst\u00f6rtes Gesundheitssystem wieder aufzubauen. Wir setzen die jahrzehntelange maritime Expertise von Greenpeace ein und leisten die entscheidende technische und operative Unterst\u00fctzung, die erforderlich ist, um diese riesige Flotte sicher \u00fcber das Mittelmeer zu f\u00fchren.<\/p>\n\n\n\n<p>Greenpeace hat sich dieser friedlichen, von der Bev\u00f6lkerung getragenen Initiative angeschlossen, um einen sicheren und ungehinderten humanit\u00e4ren Zugang zum Gazastreifen zu fordern und gegen die illegale Blockade vorzugehen, die das Leben der Menschen weiterhin zerst\u00f6rt.<\/p>\n\n\n\n<p>Dies ist ein Akt entschlossener Solidarit\u00e4t und gewaltfreien Widerstands. Wenn Regierungen versagen, Leben zu sch\u00fctzen und das V\u00f6lkerrecht zu wahren, m\u00fcssen Menschen aus unserer Mitte einspringen.<\/p>\n<\/div>\n\n\n\n<div class=\"wp-block-column is-layout-flow wp-block-column-is-layout-flow\">\n<figure class=\"wp-block-image size-large\"><img loading=\"lazy\" decoding=\"async\" width=\"1024\" height=\"683\" src=\"https:\/\/www.greenpeace.ch\/static\/planet4-switzerland-stateless\/2026\/04\/88584c25-gp0su8p1y_pressmedia-2500px-1024x683.jpg\" title=\"MY Arctic Sunrise Joins the Global Sumud Flotilla in the Mediterranean Sea \/ \u00a9 Max Cavallari \/ Greenpeace\" alt=\"\" class=\"wp-image-131463\" srcset=\"https:\/\/www.greenpeace.ch\/static\/planet4-switzerland-stateless\/2026\/04\/88584c25-gp0su8p1y_pressmedia-2500px-1024x683.jpg 1024w, https:\/\/www.greenpeace.ch\/static\/planet4-switzerland-stateless\/2026\/04\/88584c25-gp0su8p1y_pressmedia-2500px-300x200.jpg 300w, https:\/\/www.greenpeace.ch\/static\/planet4-switzerland-stateless\/2026\/04\/88584c25-gp0su8p1y_pressmedia-2500px-768x512.jpg 768w, https:\/\/www.greenpeace.ch\/static\/planet4-switzerland-stateless\/2026\/04\/88584c25-gp0su8p1y_pressmedia-2500px-1536x1024.jpg 1536w, https:\/\/www.greenpeace.ch\/static\/planet4-switzerland-stateless\/2026\/04\/88584c25-gp0su8p1y_pressmedia-2500px-2048x1366.jpg 2048w, https:\/\/www.greenpeace.ch\/static\/planet4-switzerland-stateless\/2026\/04\/88584c25-gp0su8p1y_pressmedia-2500px-510x340.jpg 510w\" sizes=\"auto, (max-width: 1024px) 100vw, 1024px\" \/><figcaption><div class=\"credit icon-left\"> \u00a9 Max Cavallari \/ Greenpeace<\/div><\/figcaption><\/figure>\n<\/div>\n<\/div>\n\n\n\n<div style=\"height:39px\" aria-hidden=\"true\" class=\"wp-block-spacer\"><\/div>\n\n\n\n<h2 class=\"wp-block-heading\" id=\"spenden\">Spende f\u00fcr Gerechtigkeit<\/h2>\n\n\n\n<p>Wir k\u00f6nnen solche Aktionen nicht durchf\u00fchren, ohne dass Du an unserer Seite stehst. Mit deiner Spende unterst\u00fctzt du Greenpeace und die Arctic Sunrise auf dem Weg nach Gaza und tr\u00e4gst dazu bei, dass die Menschen die Hilfe bekommen, die sie dringend ben\u00f6tigen.&nbsp;<br><\/p>\n\n\n\n<div class=\"wp-block-columns is-layout-flex wp-container-core-columns-is-layout-9d6595d7 wp-block-columns-is-layout-flex\">\n<div class=\"wp-block-column is-layout-flow wp-block-column-is-layout-flow\"><div class=\"wp-block-planet4-gpch-tamaro-tamaro-widget\">\n\n\t<div class=\"rnw-widget-container\"><\/div>\n\n\t<script src=\"https:\/\/tamaro.raisenow.com\/greenpeace-ch-default\/latest\/widget.js\"><\/script>\n\n\t<script>\n\t\twindow.rnw.tamaro.runWidget('.rnw-widget-container', {\n\t\t\tdebug: false,\n\t\t\ttestMode: false,\n\t\t\tlanguage: 'de',\n\t\t\tdefaultPaymentType: 'onetime',\n\t\t\tdefaultRecurringInterval: 'monthly',\n\t\t\tshowStoredCustomerEmailPermission: true,\n\t\t\tshowStoredCustomerDonationReceipt: false,\n\t\t\tshow_submit_button: false,\n\t\t\tshow_footer: false,\n\t\t\tpaymentFormPrefill: {\n\t\t\t\tstored_customer_email_permission: true,\n\t\t\t\tstored_customer_donation_receipt: true,\n\t\t\t\tstored_sf_Contact_Source__c: 'Internet',\n\t\t\t\tgpch_product: 'Standard Donation',\n\t\t\t\tstored_sf_Opportunity_Product__c: '',\n\t\t\t\tstored_sf_npe03__Recurring_Donation__c_Product__c: ''\n\t\t\t},\n\t\t\tpaymentMethods: [\n\t\t\t\t'twint',\n\t\t\t\t'card',\n\t\t\t\t{\n\t\t\t\t\t\"if\": \"paymentType() != recurring\",\n\t\t\t\t\t\"then\": [\n\t\t\t\t\t\t\"chqr\"\n\t\t\t\t\t]\n\t\t\t\t},\n\t\t\t\t{\n\t\t\t\t\t\"if\": \"paymentType() == recurring\",\n\t\t\t\t\t\"then\": [\n\t\t\t\t\t\t\"dd\"\n\t\t\t\t\t]\n\t\t\t\t},\n\t\t\t\t{\n\t\t\t\t\t\"if\": \"paymentType() != recurring\",\n\t\t\t\t\t\"then\": [\n\t\t\t\t\t\t\"paypal\"\n\t\t\t\t\t]\n\t\t\t\t},\n\t\t\t],\n\t\t\tshowBlocks: {\n                \t\t\t},\n            forceShowBlocks: {\n                payment_amounts_and_intervals: true,\n                slot_gpch_next_step_button: true,\n                payment_purposes: false,\n                payment_payment_methods: false,\n                payment_profile: false,\n                payment_address: false,\n                payment_cover_fee: false,\n            },\n\t\t\tpurposes: ['p1'],\n\t\t\tpurposeDetails: {\n\t\t\t\tp1: {\n\t\t\t\t\tstored_campaign_id: '701bH00000foDCHQA2'\n\t\t\t\t}\n\t\t\t},\n            blocksOrder: [\n                                'payment_purposes',\n                'payment_amounts_and_intervals',\n                                'slot_gpch_next_step_button',\n                'payment_payment_methods',\n                'payment_profile',\n                'payment_profile_short',\n                'payment_address',\n                'payment_email_permission',\n                'payment_cover_fee',\n                'payment_sepa_mandate_terms',\n                            ],\n\t\t\tslots: {\n\t\t\t\tslot_gpch_next_step_button: [{\n\t\t\t\t\tcomponent: \"block\",\n\t\t\t\t\tchildren: [{\n\t\t\t\t\t\tcomponent: \"block_content\",\n\t\t\t\t\t\tchildren: [{\n\t\t\t\t\t\t\tcomponent: \"content\",\n\t\t\t\t\t\t\ttext_html: \"gpch_next_step_button\"\n\t\t\t\t\t\t}]\n\t\t\t\t\t}]\n\t\t\t\t}],\n                \t\t\t},\n            paymentValidations: {\n                            },\n\t\t\ttranslations: {\n\t\t\t\ten: {\n\t\t\t\t\tpurposes: {\n\t\t\t\t\t\tp1: 'Greenpeace Switzerland'\n\t\t\t\t\t},\n\t\t\t\t\tblocks: {\n\t\t\t\t\t\tpayment_profile: {\n\t\t\t\t\t\t\temail_permission_info_html: \"<p>I would like Greenpeace Switzerland to inform me by e-mail about ongoing projects.<\/p>\\n\"\n\t\t\t\t\t\t}\n\t\t\t\t\t},\n\t\t\t\t\tgpch_next_step_button: '<button type=\"button\" class=\"btn btn-block btn-primary\" onClick=\"gpchTamaro.nextStep()\"><span class=\"btn-text\">Weiter<\/span><\/button>',\n                    custom_fields_text: '',\n                },\n\t\t\t\tde: {\n\t\t\t\t\tpurposes: {\n\t\t\t\t\t\tp1: 'Greenpeace Schweiz'\n\t\t\t\t\t},\n\t\t\t\t\tblocks: {\n\t\t\t\t\t\tpayment_profile: {\n\t\t\t\t\t\t\temail_permission_info_html: \"<p>Ich m\u00f6chte, dass Greenpeace Schweiz mich per E-Mail \u00fcber laufende Projekte informiert.<\/p>\\n\"\n\t\t\t\t\t\t}\n\t\t\t\t\t}\n\t\t\t\t},\n\t\t\t\tfr: {\n\t\t\t\t\tpurposes: {\n\t\t\t\t\t\tp1: 'Greenpeace Suisse'\n\t\t\t\t\t},\n\t\t\t\t\tblocks: {\n\t\t\t\t\t\tpayment_profile: {\n\t\t\t\t\t\t\temail_permission_info_html: \"<p>Je veux que Greenpeace Suisse m'informe par e-mail des projets en cours.<\/p>\\n\"\n\t\t\t\t\t\t}\n\t\t\t\t\t}\n\t\t\t\t},\n\t\t\t\tit: {\n\t\t\t\t\tpurposes: {\n\t\t\t\t\t\tp1: 'Greenpeace Svizzera'\n\t\t\t\t\t},\n\t\t\t\t\tblocks: {\n\t\t\t\t\t\tpayment_profile: {\n\t\t\t\t\t\t\temail_permission_info_html: \"<p>Desidero che Greenpeace Svizzera mi informi via e-mail sui progetti in corso.<\/p>\\n\"\n\t\t\t\t\t\t}\n\t\t\t\t\t}\n\t\t\t\t}\n\t\t\t},\n\t\t\tamounts: [\n\t\t\t\t{\n\t\t\t\t\t\"if\": \"paymentType() == onetime\",\n\t\t\t\t\t\"then\": [60,90,120,200]\n\t\t\t\t},\n\t\t\t\t{\n\t\t\t\t\t\"if\": \"paymentType() == recurring && recurringInterval() == monthly\",\n\t\t\t\t\t\"then\": [5,7,10]\n\t\t\t\t},\n\t\t\t\t{\n\t\t\t\t\t\"if\": \"paymentType() == recurring && recurringInterval() == quarterly\",\n\t\t\t\t\t\"then\": [15,21,30]\n\t\t\t\t},\n\t\t\t\t{\n\t\t\t\t\t\"if\": \"paymentType() == recurring && recurringInterval() == semestral\",\n\t\t\t\t\t\"then\": [30,42,60]\n\t\t\t\t},\n\t\t\t\t{\n\t\t\t\t\t\"if\": \"paymentType() == recurring && recurringInterval() == yearly\",\n\t\t\t\t\t\"then\": [60,84,120]\n\t\t\t\t}\n\t\t\t],\n\t\t\tminimumCustomAmount: [\n\t\t\t\t{\n\t\t\t\t\t\"if\": \"paymentType() == onetime\",\n\t\t\t\t\t\"then\": 5\n\t\t\t\t},\n\t\t\t\t{\n\t\t\t\t\t\"if\": \"paymentType() == recurring && recurringInterval() == monthly\",\n\t\t\t\t\t\"then\": 5\n\t\t\t\t},\n\t\t\t\t{\n\t\t\t\t\t\"if\": \"paymentType() == recurring && recurringInterval() == quarterly\",\n\t\t\t\t\t\"then\": 15\n\t\t\t\t},\n\t\t\t\t{\n\t\t\t\t\t\"if\": \"paymentType() == recurring && recurringInterval() == semestral\",\n\t\t\t\t\t\"then\": 30\n\t\t\t\t},\n\t\t\t\t{\n\t\t\t\t\t\"if\": \"paymentType() == recurring && recurringInterval() == yearly\",\n\t\t\t\t\t\"then\": 60\n\t\t\t\t}\n\t\t\t],\n\t\t\tcoverFeePercentage: [\n\t\t\t\t\t{\n\t\t\t\t\t\"if\": \"paymentMethod() == twint\", \/\/ TWINT\n\t\t\t\t\t\"then\": 2\n\t\t\t\t},\n\t\t\t\t{\n\t\t\t\t\t\"if\": \"paymentMethod() == card\", \/\/ Credit Card (vis & eca)\n\t\t\t\t\t\"then\": 2\n\t\t\t\t},\n\t\t\t\t{\n\t\t\t\t\t\"if\": \"paymentMethod() == chqr\", \/\/ QR-Bill\n\t\t\t\t\t\"then\": 0\n\t\t\t\t},\n\t\t\t\t{\n\t\t\t\t\t\"if\": \"paymentMethod() == paypal\", \/\/ PayPal\n\t\t\t\t\t\"then\": 2\n\t\t\t\t},\n\t\t\t\t{\n\t\t\t\t\t\"if\": \"paymentMethod() == dd\", \/\/ DD & LSV\n\t\t\t\t\t\"then\": 0\n\t\t\t\t},\n\t\t\t\t5\n\t\t\t]\n\t\t});\n\n\t\tvar gpchTamaro = gpchTamaro || {};\n\n\t\t\/\/ The currently selected payment method\n\t\tlet tamaroPaymentMethod = null;\n\n\t\t\/\/ True if showing the whole form, false if only the first block\n\t\tlet tamaroFullForm = false;\n\n\t\twindow.rnw.tamaro.events.paymentMethodChanged.subscribe(function (event) {\n\t\t\tif (tamaroFullForm) {\n\t\t\t\t\/\/ Hide the cover fees block for payment methods that have 0% fees\n\t\t\t\tif (tamaroPaymentMethod === 'chqr' || tamaroPaymentMethod === 'dd') {\n\t\t\t\t\trnw.tamaro.instance.config.forceShowBlocks = {\n\t\t\t\t\t\tpayment_cover_fee: false\n\t\t\t\t\t};\n\t\t\t\t}\n\t\t\t\telse {\n\t\t\t\t\trnw.tamaro.instance.config.forceShowBlocks = {\n\t\t\t\t\t\tpayment_cover_fee: true\n\t\t\t\t\t};\n\t\t\t\t}\n\n\t\t\t}\n\t\t});\n\n\t\tgpchTamaro.callbackBeforePaymentValidateAndSend = function (event) {\n\n\t\t\tvar payment_type = window.rnw.tamaro.instance.paymentForm.data.payment_type;\n\n\t\t\tif (payment_type === 'onetime') {\n\t\t\t\twindow.rnw.tamaro.instance.paymentForm.data.stored_sf_Opportunity_Product__c = window.rnw.tamaro.instance.paymentForm.data.gpch_product;\n\t\t\t\twindow.rnw.tamaro.instance.paymentForm.data.stored_sf_npe03__Recurring_Donation__c_Product__c = '';\n\t\t\t}\n\n\t\t\tif (payment_type === 'recurring') {\n\t\t\t\tif (typeof event.data.api.paymentForm.data.exp !== \"undefined\" && event.data.api.paymentForm.data.exp !== \"\") {\n\t\t\t\t\tconst exp_date = event.data.api.paymentForm.data.exp;\n\t\t\t\t\tconst [exp_month, exp_year] = exp_date.split(\"\/\").map(Number);\n\n\t\t\t\t\t\/\/ exp_year can be yy or yyyy. Add 2000 to a 2 digit year.\n\t\t\t\t\tconst full_year = exp_year < 100 ? 2000 + exp_year : exp_year;\n\n\t\t\t\t\t\/\/ Get the last day of the given month\n\t\t\t\t\tconst last_day = new Date(full_year, exp_month, 0).getDate();\n\n\t\t\t\t\t\/\/ Format as YYYY-MM-DD\n\t\t\t\t\tformatted_exp_date = `${full_year}-${String(exp_month).padStart(2, \"0\")}-${last_day}`;\n\n\t\t\t\t\twindow.rnw.tamaro.instance.paymentForm.data.stored_sf_npe03__Recurring_Donation__c_CC_Exp__c = formatted_exp_date;\n\t\t\t\t}\n\n\t\t\t\twindow.rnw.tamaro.instance.paymentForm.data.stored_sf_npe03__Recurring_Donation__c_Product__c = window.rnw.tamaro.instance.paymentForm.data.gpch_product;\n\t\t\t\twindow.rnw.tamaro.instance.paymentForm.data.stored_sf_Opportunity_Product__c = '';\n\t\t\t}\n\t\t}\n\n\t\twindow.rnw.tamaro.events.beforePaymentValidateAndSend.subscribe(gpchTamaro.callbackBeforePaymentValidateAndSend);\n\n\t\tgpchTamaro.nextStep = function() {\n\t\t\ttamaroFullForm = true;\n\n            rnw.tamaro.instance.config.showBlocks = {\n                slot_custom_fields: true,\n            };\n\t\t\trnw.tamaro.instance.config.forceShowBlocks = {\n\t\t\t\tslot_gpch_next_step_button: false,\n\t\t\t\tpayment_payment_methods: true,\n\t\t\t\tpayment_profile: true,\n\t\t\t\tpayment_address: true,\n\t\t\t\tpayment_cover_fee: true,\n\t\t\t};\n\n\t\t\trnw.tamaro.instance.config.showSubmitButton = true;\n\t\t\trnw.tamaro.instance.config.showFooter = true;\n\t\t}\n\n\t\t\/\/ Generate a gp_user_id from the email address\n\t\tasync function generate_gp_user_id(email) {\n\t\t\tfunction bufferToBase64(buffer) {\n\t\t\t\treturn btoa(String.fromCharCode.apply(null, new Uint8Array(buffer)));\n\t\t\t}\n\n\t\t\ttry {\n\t\t\t\tconst hashBuffer = await crypto.subtle.digest('SHA-256', new TextEncoder().encode(email));\n\t\t\t\tlet hashString = bufferToBase64(hashBuffer);\n\t\t\t\thashString = hashString.replace(\/\\\/\/g, '');\n\t\t\t\treturn hashString;\n\t\t\t} catch (error) {\n\t\t\t\treturn '';\n\t\t\t}\n\t\t}\n\n\t\t\/\/ DataLayer Event for web analytics\n\t\twindow.rnw.tamaro.events[\"paymentComplete\"].subscribe(async function (event) {\n\t\t\tlet donation_type = \"Single\";\n\t\t\tdonation_frequency = \"One-time\";\n\t\t\tif (event.data.api.paymentForm !== null) {\n\t\t\t\tif (event.data.api.paymentForm.data.payment_type === \"recurring\") {\n\t\t\t\t\tdonation_type = \"Recurring\";\n\t\t\t\t\tdonation_frequency = event.data.api.paymentForm.data.recurring_interval;\n\t\t\t\t}\n\t\t\t}\n\n\t\t\tconst hashed_email = await generate_gp_user_id(event.data.api.paymentForm.data.stored_customer_email);\n\n\t\t\tif (typeof event.data.api.transactionInfo !== \"undefined\") {\n\t\t\t\t\/\/ Use legacy RaiseNow Manager data\n\t\t\t\tif (event.data.api.transactionInfo.epayment_status === \"success\") {\n\t\t\t\t\twindow.dataLayer = window.dataLayer || [];\n\t\t\t\t\twindow.dataLayer.push({\n\t\t\t\t\t\t'event': 'donation_completed',\n\t\t\t\t\t\t'donation_type': donation_type,\n\t\t\t\t\t\t'donation_value': event.data.api.paymentForm.data.amount,\n\t\t\t\t\t\t'donation_currency': event.data.api.paymentForm.data.currency,\n\t\t\t\t\t\t'donation_frequency': donation_frequency,\n\t\t\t\t\t\t'donation_payment_method': event.data.api.paymentForm.data.payment_method,\n\t\t\t\t\t\t'donation_campaign_id': event.data.api.paymentForm.data.stored_campaign_id,\n\t\t\t\t\t\t'donation_product': event.data.api.paymentForm.data.gpch_product,\n\t\t\t\t\t\t'donation_transaction_id': event.data.api.transactionInfo.epp_transaction_id,\n\t\t\t\t\t\t'gp_user_id': hashed_email\n\t\t\t\t\t});\n\t\t\t\t}\n\t\t\t}\n\t\t\telse if (typeof event.data.api.epmsPaymentInfo !== \"undefined\") {\n\t\t\t\t\/\/ Use RaiseNow Hub data\n\t\t\t\tif (event.data.api.epmsPaymentInfo.last_status === \"succeeded\") {\n\t\t\t\t\twindow.dataLayer = window.dataLayer || [];\n\t\t\t\t\twindow.dataLayer.push({\n\t\t\t\t\t\t'event': 'donation_completed',\n\t\t\t\t\t\t'donation_type': donation_type,\n\t\t\t\t\t\t'donation_value': event.data.api.paymentForm.data.amount,\n\t\t\t\t\t\t'donation_currency': event.data.api.paymentForm.data.currency,\n\t\t\t\t\t\t'donation_frequency': donation_frequency,\n\t\t\t\t\t\t'donation_payment_method': event.data.api.paymentForm.data.payment_method,\n\t\t\t\t\t\t'donation_campaign_id': event.data.api.paymentForm.data.stored_campaign_id,\n\t\t\t\t\t\t'donation_product': event.data.api.paymentForm.data.gpch_product,\n\t\t\t\t\t\t'donation_transaction_id': event.data.api.epmsPaymentInfo.uuid,\n\t\t\t\t\t\t'gp_user_id': hashed_email\n\t\t\t\t\t});\n\t\t\t\t}\n\t\t\t}\n\t\t});\n\n\t\t\/\/ Tracks if an observer was already started\n\t\tlet observerStarted = false;\n\n\t\t\/**\n\t\t * Monitors and modifies the content of the widget and modified it in certain conditions:\n\t\t * - When the subscription info is shown: Moves the unsubscribe section to the bottom\n\t\t * - When payment methods are changed and the current method is PostFinance: Remove the current method so it\n\t\t * can't be selected anymore.\n\t\t *\/\n\t\tconst observeWidgetContent = (event) => {\n\t\t\t\/\/ Node to observe\n\t\t\tconst widgetContentElement = document.querySelector(\"#tamaro-widget\");\n\n\t\t\t\/\/ Callback to modify the widget content\n\t\t\tconst modifyWidgetContent = (mutationList, observer) => {\n\t\t\t\tfor (const mutation of mutationList) {\n\t\t\t\t\tif (mutation.type === \"childList\") {\n\t\t\t\t\t\t\/\/ Look for subscription info sections\n\t\t\t\t\t\tconst sections = document.querySelectorAll(\"section.subscription-info .main section\");\n\n\t\t\t\t\t\tif (typeof(sections[0]) !== 'undefined' && sections[0].classList.contains('subscription-details')) {\n\t\t\t\t\t\t\t\/\/ Change element order\n\t\t\t\t\t\t\tsections[2].append(sections[0])\n\n\t\t\t\t\t\t\t\/\/ Adapt styling to new order\n\t\t\t\t\t\t\tsections[0].style.borderTopWidth = '1px';\n\t\t\t\t\t\t\tsections[0].style.marginTop = '1.25rem';\n\t\t\t\t\t\t\tsections[0].style.paddingTop = '1.25rem';\n\t\t\t\t\t\t\tsections[1].style.borderTopWidth = '0';\n\t\t\t\t\t\t\tsections[1].style.marginTop = '0';\n\t\t\t\t\t\t\tsections[1].style.paddingTop = '0';\n\t\t\t\t\t\t}\n\n\t\t\t\t\t\t\/\/ Look for PostFinance as current payment method\n\t\t\t\t\t\tconst currentMethodElement = document.querySelector(\"section.update-current-payment-method\");\n\n\t\t\t\t\t\tif (currentMethodElement !== null) {\n\t\t\t\t\t\t\t\/\/ PostFinance button as current payment method\n\t\t\t\t\t\t\tconst pfcButton = currentMethodElement.querySelector(\"button.payment-method.pfc.current\");\n\n\t\t\t\t\t\t\tif (pfcButton !== null) {\n\t\t\t\t\t\t\t\tcurrentMethodElement.style.display = 'none';\n\t\t\t\t\t\t\t}\n\t\t\t\t\t\t}\n\t\t\t\t\t}\n\t\t\t\t}\n\t\t\t}\n\n\t\t\tif (widgetContentElement !== null && observerStarted === false) {\n\t\t\t\t\/\/ Observer config\n\t\t\t\tconst config = { attributes: false, childList: true, subtree: true };\n\n\t\t\t\t\/\/ Create an observer instance linked to the callback function\n\t\t\t\tconst observer = new MutationObserver(modifyWidgetContent);\n\n\t\t\t\t\/\/ Start observing the target node for configured mutations\n\t\t\t\tobserver.observe(widgetContentElement, config);\n\n\t\t\t\tobserverStarted = true;\n\t\t\t}\n\t\t}\n\t\twindow.rnw.tamaro.events.fetchPaymentDataEnd.subscribe(observeWidgetContent);\n\n\t<\/script>\n<\/div>\n\n<\/div>\n\n\n\n<div class=\"wp-block-column is-layout-flow wp-block-column-is-layout-flow\">\n<h3 class=\"wp-block-heading\">Was macht Greenpeace so wirkungsvoll?<\/h3>\n\n<ul class=\"wp-block-list\">\n<li>Wir handeln global vernetzt und setzen auf kreative Kampagnenarbeit.<\/li>\n\n\n\n<li>Wir sind mutig, bringen Umweltverbrechen ans Tageslicht und treiben L\u00f6sungen voran.<\/li>\n\n\n\n<li>Wir bleiben unter allen Umst\u00e4nden gewaltfrei.<\/li>\n\n\n\n<li>Wir sind finanziell unabh\u00e4ngig von Regierungen und nehmen keine Spenden von Firmen und Parteien an.<\/li>\n\n\n\n<li>Weltweit unterst\u00fctzen uns 2,8 Millionen Menschen, davon \u00fcber 120\u2019000 in der Schweiz.<\/li>\n<\/ul>\n<\/div>\n<\/div>\n<\/div>\n\n\n<h2 class=\"wp-block-heading\">Greenpeace ist eine Umweltorganisation<\/h2>\n\n<div class=\"wp-block-columns is-layout-flex wp-container-core-columns-is-layout-9d6595d7 wp-block-columns-is-layout-flex\">\n<div class=\"wp-block-column is-layout-flow wp-block-column-is-layout-flow\">\n<p>Umweltschutz bedeutet Frieden zwischen Natur und Mensch. Den Wert der Gewaltfreiheit tragen wir bei all unseren Aktivit\u00e4ten mit. Wir wenden uns niemals von Menschen in Not ab.<\/p>\n\n\n\n<p>Kriege und kriegerische Konflikte verursachen unendliches Leid und sie verursachen alle Tod, Gewalt, Angst und Unsicherheit. Krieg setzt menschliche Regeln und Gesetze ausser Kraft. Es gibt keinen gerechten, es gibt keinen guten Krieg. Krieg verunm\u00f6glicht ein Leben in Selbstbestimmung, Sicherheit und W\u00fcrde. Das Leben der einzelnen Menschen z\u00e4hlt nicht mehr viel \u2013 und die Umwelt schon gar nicht. Greenpeace lehnt kriegerische Konflikte ebenso ab wie Bombentests und Waffenexporte. Seit der Gr\u00fcndung engagieren wir uns international f\u00fcr Abr\u00fcstung und Entmilitarisierung.<\/p>\n\n\n\n<p>Unterst\u00fctze uns, damit wir uns f\u00fcr Gerechtigkeit und die Umwelt einsetzen k\u00f6nnen und damit Greenpeace bereit ist zu reagieren, wenn solche Aufrufe zu Solidarit\u00e4t und Unterst\u00fctzung in Zukunft erneut zu h\u00f6ren sind.<br><\/p>\n<\/div>\n\n\n\n<div class=\"wp-block-column is-layout-flow wp-block-column-is-layout-flow\">\n<figure class=\"wp-block-image size-full\"><img loading=\"lazy\" decoding=\"async\" width=\"800\" height=\"530\" src=\"https:\/\/www.greenpeace.ch\/static\/planet4-switzerland-stateless\/2026\/04\/00ab4a1a-gp1swztx_low-res-800px.jpg\" alt=\"\" class=\"wp-image-131460\" srcset=\"https:\/\/www.greenpeace.ch\/static\/planet4-switzerland-stateless\/2026\/04\/00ab4a1a-gp1swztx_low-res-800px.jpg 800w, https:\/\/www.greenpeace.ch\/static\/planet4-switzerland-stateless\/2026\/04\/00ab4a1a-gp1swztx_low-res-800px-300x199.jpg 300w, https:\/\/www.greenpeace.ch\/static\/planet4-switzerland-stateless\/2026\/04\/00ab4a1a-gp1swztx_low-res-800px-768x509.jpg 768w, https:\/\/www.greenpeace.ch\/static\/planet4-switzerland-stateless\/2026\/04\/00ab4a1a-gp1swztx_low-res-800px-510x338.jpg 510w\" sizes=\"auto, (max-width: 800px) 100vw, 800px\" \/><figcaption><div class=\"credit icon-left\"> \u00a9 Nicoletta Zarifi \/ Greenpeace<\/div><\/figcaption><\/figure>\n<\/div>\n<\/div>\n","protected":false},"excerpt":{"rendered":"<p>Greenpeace schliesst sich der Global Sumud Flottille an, um technische und operative Unterst\u00fctzung zu leisten und eine Seeroute f\u00fcr lebensrettende Lieferungen zu etablieren. <\/p>\n","protected":false},"author":99,"featured_media":131453,"parent":491,"menu_order":0,"comment_status":"closed","ping_status":"closed","template":"","meta":{"_acf_changed":false,"_planet4_optimize_post_is_variant":false,"_planet4_optimize_experiment_name":"","_planet4_optimize_variant_name":"","ep_exclude_from_search":false,"p4_hide_page_title_checkbox":"on","p4_title":"","p4_subtitle":"","p4_description":"","background_image_id":"","background_image":"","p4_button_title":"","p4_button_link":"","p4_button_link_checkbox":"","p4_og_title":"","p4_og_description":"","p4_og_image":"","p4_og_image_id":"","p4_seo_canonical_url":"","p4_campaign_name":"","p4_local_project":"","p4_basket_name":"","p4_department":"","footnotes":""},"categories":[165],"tags":[29,32],"class_list":["post-131452","page","type-page","status-publish","has-post-thumbnail","hentry","category-ships","tag-unterstuetze-uns","tag-flotte"],"acf":[],"_links":{"self":[{"href":"https:\/\/www.greenpeace.ch\/de\/wp-json\/wp\/v2\/pages\/131452","targetHints":{"allow":["GET"]}}],"collection":[{"href":"https:\/\/www.greenpeace.ch\/de\/wp-json\/wp\/v2\/pages"}],"about":[{"href":"https:\/\/www.greenpeace.ch\/de\/wp-json\/wp\/v2\/types\/page"}],"author":[{"embeddable":true,"href":"https:\/\/www.greenpeace.ch\/de\/wp-json\/wp\/v2\/users\/99"}],"replies":[{"embeddable":true,"href":"https:\/\/www.greenpeace.ch\/de\/wp-json\/wp\/v2\/comments?post=131452"}],"version-history":[{"count":15,"href":"https:\/\/www.greenpeace.ch\/de\/wp-json\/wp\/v2\/pages\/131452\/revisions"}],"predecessor-version":[{"id":131508,"href":"https:\/\/www.greenpeace.ch\/de\/wp-json\/wp\/v2\/pages\/131452\/revisions\/131508"}],"up":[{"embeddable":true,"href":"https:\/\/www.greenpeace.ch\/de\/wp-json\/wp\/v2\/pages\/491"}],"wp:featuredmedia":[{"embeddable":true,"href":"https:\/\/www.greenpeace.ch\/de\/wp-json\/wp\/v2\/media\/131453"}],"wp:attachment":[{"href":"https:\/\/www.greenpeace.ch\/de\/wp-json\/wp\/v2\/media?parent=131452"}],"wp:term":[{"taxonomy":"category","embeddable":true,"href":"https:\/\/www.greenpeace.ch\/de\/wp-json\/wp\/v2\/categories?post=131452"},{"taxonomy":"post_tag","embeddable":true,"href":"https:\/\/www.greenpeace.ch\/de\/wp-json\/wp\/v2\/tags?post=131452"}],"curies":[{"name":"wp","href":"https:\/\/api.w.org\/{rel}","templated":true}]}}