{"id":2021,"date":"2019-05-23T17:14:22","date_gmt":"2019-05-23T15:14:22","guid":{"rendered":"https:\/\/master.greenpeace.ch\/?page_id=2021"},"modified":"2025-10-02T11:19:00","modified_gmt":"2025-10-02T09:19:00","slug":"fuellerinserate","status":"publish","type":"page","link":"https:\/\/www.greenpeace.ch\/de\/medienstelle\/fuellerinserate\/","title":{"rendered":"F\u00fcllerinserate"},"content":{"rendered":"\n\n<div class=\"wp-block-group alignfull is-layout-flow wp-block-group-is-layout-flow\">\n<div class=\"wp-block-group container is-layout-flow wp-block-group-is-layout-flow\">\n<div class=\"wp-block-media-text alignfull has-media-on-the-right is-stacked-on-mobile is-pattern-p4-page-header is-style-parallax\"><div class=\"wp-block-media-text__content\">\n<div class=\"wp-block-group is-layout-flow wp-block-group-is-layout-flow\">\n<h1 class=\"wp-block-heading has-white-background-color has-background\">\n                            F\u00fcllerinserate\n                        <\/h1>\n<\/div>\n<\/div><figure class=\"wp-block-media-text__media\"><img loading=\"lazy\" decoding=\"async\" width=\"1024\" height=\"518\" src=\"https:\/\/www.greenpeace.ch\/static\/planet4-switzerland-stateless\/2025\/09\/e2287454-bildschirmfoto-2025-09-30-um-16.19.34-1024x518.png\" alt=\"\" sizes=\"auto, (min-width: 601px) 50vw, 100vw\" srcset=\"https:\/\/www.greenpeace.ch\/static\/planet4-switzerland-stateless\/2025\/09\/e2287454-bildschirmfoto-2025-09-30-um-16.19.34.png 1592w, https:\/\/www.greenpeace.ch\/static\/planet4-switzerland-stateless\/2025\/09\/e2287454-bildschirmfoto-2025-09-30-um-16.19.34-300x152.png 300w, https:\/\/www.greenpeace.ch\/static\/planet4-switzerland-stateless\/2025\/09\/e2287454-bildschirmfoto-2025-09-30-um-16.19.34-1024x518.png 1024w, https:\/\/www.greenpeace.ch\/static\/planet4-switzerland-stateless\/2025\/09\/e2287454-bildschirmfoto-2025-09-30-um-16.19.34-768x389.png 768w, https:\/\/www.greenpeace.ch\/static\/planet4-switzerland-stateless\/2025\/09\/e2287454-bildschirmfoto-2025-09-30-um-16.19.34-1536x778.png 1536w, https:\/\/www.greenpeace.ch\/static\/planet4-switzerland-stateless\/2025\/09\/e2287454-bildschirmfoto-2025-09-30-um-16.19.34-510x258.png 510w\" class=\"wp-image-126064 size-full\"\/><\/figure><\/div>\n<\/div>\n<\/div>\n\n\n<h2 class=\"wp-block-heading is-style-underline\">Aktuelle Inserate zu laufenden Kampagnen<\/h2>\n\n<div class=\"wp-block-columns has-2-columns is-layout-flex wp-container-core-columns-is-layout-9d6595d7 wp-block-columns-is-layout-flex\">\n<div class=\"wp-block-column is-layout-flow wp-block-column-is-layout-flow\">\n<p>Hier finden Sie eine Auswahl an Inseraten zu aktuellen Greenpeace-Kampagnen. Wir freuen uns, wenn Sie unsere Inserate in Ihrer Publikation abdrucken.&nbsp;Damit unterst\u00fctzen Sie Greenpeace und leisten einen wertvollen Beitrag zum Schutz unserer Welt. Herzlichen Dank f\u00fcr Ihr Engagement.<\/p>\n<\/div>\n\n\n\n<div class=\"wp-block-column is-layout-flow wp-block-column-is-layout-flow\">\n<p>Welches Format ben\u00f6tigen Sie? Gerne erstellen wir die Inserate in dem von Ihnen gew\u00fcnschten Format. Schreiben Sie uns einfach eine E-Mail. <\/p>\n\n\n\n<div class=\"wp-block-button\"><a class=\"wp-block-button__link has-gp-traditional-green-3-background-color has-background no-border-radius wp-element-button\" href=\"mailto:marketing@greenpeace.ch\">marketing@greenpeace.ch<\/a><\/div>\n<\/div>\n<\/div>\n\n<hr class=\"wp-block-separator has-css-opacity\"\/>\n\n<div class=\"wp-block-columns is-layout-flex wp-container-core-columns-is-layout-9d6595d7 wp-block-columns-is-layout-flex\">\n<div class=\"wp-block-column is-layout-flow wp-block-column-is-layout-flow\">\n<h2 class=\"wp-block-heading\">Hallo Nachbarn: Faultier<\/h2>\n<\/div>\n\n\n\n<div class=\"wp-block-column is-layout-flow wp-block-column-is-layout-flow\">\n<h2 class=\"wp-block-heading\">Hallo Nachbarn: Br\u00fcllaffen<\/h2>\n<\/div>\n<\/div>\n\n<div class=\"wp-block-columns is-layout-flex wp-container-core-columns-is-layout-9d6595d7 wp-block-columns-is-layout-flex\">\n<div class=\"wp-block-column is-layout-flow wp-block-column-is-layout-flow\">\n<figure class=\"wp-block-image size-large\"><img loading=\"lazy\" decoding=\"async\" width=\"1024\" height=\"848\" src=\"https:\/\/www.greenpeace.ch\/static\/planet4-switzerland-stateless\/2025\/09\/d8e66035-bildschirmfoto-2025-09-30-um-16.16.31-1024x848.png\" alt=\"\" class=\"wp-image-126058\" srcset=\"https:\/\/www.greenpeace.ch\/static\/planet4-switzerland-stateless\/2025\/09\/d8e66035-bildschirmfoto-2025-09-30-um-16.16.31-1024x848.png 1024w, https:\/\/www.greenpeace.ch\/static\/planet4-switzerland-stateless\/2025\/09\/d8e66035-bildschirmfoto-2025-09-30-um-16.16.31-300x248.png 300w, https:\/\/www.greenpeace.ch\/static\/planet4-switzerland-stateless\/2025\/09\/d8e66035-bildschirmfoto-2025-09-30-um-16.16.31-768x636.png 768w, https:\/\/www.greenpeace.ch\/static\/planet4-switzerland-stateless\/2025\/09\/d8e66035-bildschirmfoto-2025-09-30-um-16.16.31-1536x1272.png 1536w, https:\/\/www.greenpeace.ch\/static\/planet4-switzerland-stateless\/2025\/09\/d8e66035-bildschirmfoto-2025-09-30-um-16.16.31-1650x1366.png 1650w, https:\/\/www.greenpeace.ch\/static\/planet4-switzerland-stateless\/2025\/09\/d8e66035-bildschirmfoto-2025-09-30-um-16.16.31-411x340.png 411w, https:\/\/www.greenpeace.ch\/static\/planet4-switzerland-stateless\/2025\/09\/d8e66035-bildschirmfoto-2025-09-30-um-16.16.31.png 1652w\" sizes=\"auto, (max-width: 1024px) 100vw, 1024px\" \/><figcaption class=\"wp-element-caption\">F\u00fcllerinserat Faultier, 269mm x 222mm<\/figcaption><\/figure>\n<\/div>\n\n\n\n<div class=\"wp-block-column is-layout-flow wp-block-column-is-layout-flow\">\n<h3 class=\"wp-block-heading\"><strong>Alle Formate herunterladen<\/strong>:<\/h3>\n\n\n\n<div class=\"wp-block-buttons is-layout-flex wp-block-buttons-is-layout-flex\">\n<div class=\"wp-block-button is-style-default\"><a class=\"wp-block-button__link wp-element-button\" href=\"https:\/\/files.greenpeace.ch\/fuellerinserate\/2025-Fu%CC%88llerinserate-Faultier-DE.zip\">Download DE<\/a><\/div>\n<\/div>\n\n\n\n<div class=\"wp-block-buttons is-layout-flex wp-block-buttons-is-layout-flex\">\n<div class=\"wp-block-button is-style-default\"><a class=\"wp-block-button__link wp-element-button\" href=\"https:\/\/files.greenpeace.ch\/fuellerinserate\/2025-Fu%CC%88llerinserate-Faultier-FR.zip\">Download FR<\/a><\/div>\n<\/div>\n\n\n\n<div class=\"wp-block-buttons is-layout-flex wp-block-buttons-is-layout-flex\">\n<div class=\"wp-block-button is-style-default\"><a class=\"wp-block-button__link wp-element-button\" href=\"https:\/\/files.greenpeace.ch\/fuellerinserate\/2025-Fu%CC%88llerinserate-Faultier-IT.zip\">Download IT<\/a><\/div>\n<\/div>\n<\/div>\n\n\n\n<div class=\"wp-block-column is-layout-flow wp-block-column-is-layout-flow\">\n<figure class=\"wp-block-image size-large\"><img loading=\"lazy\" decoding=\"async\" width=\"1024\" height=\"848\" src=\"https:\/\/www.greenpeace.ch\/static\/planet4-switzerland-stateless\/2025\/09\/1fe9b637-bildschirmfoto-2025-09-30-um-16.07.31-1024x848.png\" alt=\"\" class=\"wp-image-126055\" srcset=\"https:\/\/www.greenpeace.ch\/static\/planet4-switzerland-stateless\/2025\/09\/1fe9b637-bildschirmfoto-2025-09-30-um-16.07.31-1024x848.png 1024w, https:\/\/www.greenpeace.ch\/static\/planet4-switzerland-stateless\/2025\/09\/1fe9b637-bildschirmfoto-2025-09-30-um-16.07.31-300x248.png 300w, https:\/\/www.greenpeace.ch\/static\/planet4-switzerland-stateless\/2025\/09\/1fe9b637-bildschirmfoto-2025-09-30-um-16.07.31-768x636.png 768w, https:\/\/www.greenpeace.ch\/static\/planet4-switzerland-stateless\/2025\/09\/1fe9b637-bildschirmfoto-2025-09-30-um-16.07.31-1536x1272.png 1536w, https:\/\/www.greenpeace.ch\/static\/planet4-switzerland-stateless\/2025\/09\/1fe9b637-bildschirmfoto-2025-09-30-um-16.07.31-1650x1366.png 1650w, https:\/\/www.greenpeace.ch\/static\/planet4-switzerland-stateless\/2025\/09\/1fe9b637-bildschirmfoto-2025-09-30-um-16.07.31-411x340.png 411w, https:\/\/www.greenpeace.ch\/static\/planet4-switzerland-stateless\/2025\/09\/1fe9b637-bildschirmfoto-2025-09-30-um-16.07.31.png 1652w\" sizes=\"auto, (max-width: 1024px) 100vw, 1024px\" \/><figcaption class=\"wp-element-caption\">F\u00fcllerinserat Br\u00fcllaffen, 269mm x 222mm<\/figcaption><\/figure>\n<\/div>\n\n\n\n<div class=\"wp-block-column is-layout-flow wp-block-column-is-layout-flow\">\n<h3 class=\"wp-block-heading\"><strong>Alle Formate herunterladen<\/strong>:<\/h3>\n\n\n\n<div class=\"wp-block-buttons is-layout-flex wp-block-buttons-is-layout-flex\">\n<div class=\"wp-block-button is-style-default\"><a class=\"wp-block-button__link wp-element-button\" href=\"https:\/\/files.greenpeace.ch\/fuellerinserate\/2025-Fu%CC%88llerinserate-Bru%CC%88llaffen-DE.zip\">Download DE<\/a><\/div>\n<\/div>\n\n\n\n<div class=\"wp-block-buttons is-layout-flex wp-block-buttons-is-layout-flex\">\n<div class=\"wp-block-button is-style-default\"><a class=\"wp-block-button__link wp-element-button\" href=\"https:\/\/files.greenpeace.ch\/fuellerinserate\/2025-Fu%CC%88llerinserate-Bru%CC%88llaffen-FR.zip\">Download FR<\/a><\/div>\n<\/div>\n\n\n\n<div class=\"wp-block-buttons is-layout-flex wp-block-buttons-is-layout-flex\">\n<div class=\"wp-block-button is-style-default\"><a class=\"wp-block-button__link wp-element-button\" href=\"https:\/\/files.greenpeace.ch\/fuellerinserate\/2025-Fu%CC%88llerinserate-Bru%CC%88llaffen-IT.zip\">Download IT<\/a><\/div>\n<\/div>\n<\/div>\n<\/div>\n\n<hr class=\"wp-block-separator has-css-opacity\"\/>\n\n<div class=\"wp-block-columns is-layout-flex wp-container-core-columns-is-layout-9d6595d7 wp-block-columns-is-layout-flex\">\n<div class=\"wp-block-column is-layout-flow wp-block-column-is-layout-flow\">\n<h2 class=\"wp-block-heading\">Konsum<\/h2>\n<\/div>\n\n\n\n<div class=\"wp-block-column is-layout-flow wp-block-column-is-layout-flow\">\n<h2 class=\"wp-block-heading\">Change<\/h2>\n<\/div>\n<\/div>\n\n<div class=\"wp-block-columns is-layout-flex wp-container-core-columns-is-layout-9d6595d7 wp-block-columns-is-layout-flex\">\n<div class=\"wp-block-column is-layout-flow wp-block-column-is-layout-flow\">\n<figure class=\"wp-block-image size-large\"><img loading=\"lazy\" decoding=\"async\" width=\"786\" height=\"1024\" src=\"https:\/\/www.greenpeace.ch\/static\/planet4-switzerland-stateless\/2023\/04\/ac56f6c1-gp_fuellerinserat_konsum_210x275_zs_d-786x1024.jpg\" alt=\"\" class=\"wp-image-97286\" srcset=\"https:\/\/www.greenpeace.ch\/static\/planet4-switzerland-stateless\/2023\/04\/ac56f6c1-gp_fuellerinserat_konsum_210x275_zs_d-786x1024.jpg 786w, https:\/\/www.greenpeace.ch\/static\/planet4-switzerland-stateless\/2023\/04\/ac56f6c1-gp_fuellerinserat_konsum_210x275_zs_d-230x300.jpg 230w, https:\/\/www.greenpeace.ch\/static\/planet4-switzerland-stateless\/2023\/04\/ac56f6c1-gp_fuellerinserat_konsum_210x275_zs_d-768x1001.jpg 768w, https:\/\/www.greenpeace.ch\/static\/planet4-switzerland-stateless\/2023\/04\/ac56f6c1-gp_fuellerinserat_konsum_210x275_zs_d-1179x1536.jpg 1179w, https:\/\/www.greenpeace.ch\/static\/planet4-switzerland-stateless\/2023\/04\/ac56f6c1-gp_fuellerinserat_konsum_210x275_zs_d-1572x2048.jpg 1572w, https:\/\/www.greenpeace.ch\/static\/planet4-switzerland-stateless\/2023\/04\/ac56f6c1-gp_fuellerinserat_konsum_210x275_zs_d-1048x1366.jpg 1048w, https:\/\/www.greenpeace.ch\/static\/planet4-switzerland-stateless\/2023\/04\/ac56f6c1-gp_fuellerinserat_konsum_210x275_zs_d-261x340.jpg 261w, https:\/\/www.greenpeace.ch\/static\/planet4-switzerland-stateless\/2023\/04\/ac56f6c1-gp_fuellerinserat_konsum_210x275_zs_d-scaled.jpg 1965w\" sizes=\"auto, (max-width: 786px) 100vw, 786px\" \/><figcaption class=\"wp-element-caption\">F\u00fcllerinserat Konsum, 210mm x 275mm<\/figcaption><\/figure>\n<\/div>\n\n\n\n<div class=\"wp-block-column is-layout-flow wp-block-column-is-layout-flow\">\n<h3 class=\"wp-block-heading\"><strong>Alle Formate herunterladen<\/strong>:<\/h3>\n\n\n\n<div class=\"wp-block-buttons is-layout-flex wp-block-buttons-is-layout-flex\">\n<div class=\"wp-block-button is-style-default\"><a class=\"wp-block-button__link wp-element-button\" href=\"https:\/\/files.greenpeace.ch\/fuellerinserate\/Fu%CC%88llerinserate_Konsum_2023_DE.zip\">Download DE<\/a><\/div>\n<\/div>\n\n\n\n<div class=\"wp-block-buttons is-layout-flex wp-block-buttons-is-layout-flex\">\n<div class=\"wp-block-button is-style-default\"><a class=\"wp-block-button__link wp-element-button\" href=\"https:\/\/files.greenpeace.ch\/fuellerinserate\/Fu%CC%88llerinserate_Konsum_2023_FR.zip\">Download FR<\/a><\/div>\n<\/div>\n\n\n\n<div class=\"wp-block-buttons is-layout-flex wp-block-buttons-is-layout-flex\">\n<div class=\"wp-block-button is-style-default\"><a class=\"wp-block-button__link wp-element-button\" href=\"https:\/\/files.greenpeace.ch\/fuellerinserate\/Fu%CC%88llerinserate_Konsum_2023_IT.zip\">Download IT<\/a><\/div>\n<\/div>\n<\/div>\n\n\n\n<div class=\"wp-block-column is-layout-flow wp-block-column-is-layout-flow\">\n<figure class=\"wp-block-image size-large\"><img loading=\"lazy\" decoding=\"async\" width=\"786\" height=\"1024\" src=\"https:\/\/www.greenpeace.ch\/static\/planet4-switzerland-stateless\/2023\/04\/0dc9ad15-gp_fuellerinserat_change_210x275_zs_d-786x1024.jpg\" alt=\"\" class=\"wp-image-97274\" srcset=\"https:\/\/www.greenpeace.ch\/static\/planet4-switzerland-stateless\/2023\/04\/0dc9ad15-gp_fuellerinserat_change_210x275_zs_d-786x1024.jpg 786w, https:\/\/www.greenpeace.ch\/static\/planet4-switzerland-stateless\/2023\/04\/0dc9ad15-gp_fuellerinserat_change_210x275_zs_d-230x300.jpg 230w, https:\/\/www.greenpeace.ch\/static\/planet4-switzerland-stateless\/2023\/04\/0dc9ad15-gp_fuellerinserat_change_210x275_zs_d-768x1001.jpg 768w, https:\/\/www.greenpeace.ch\/static\/planet4-switzerland-stateless\/2023\/04\/0dc9ad15-gp_fuellerinserat_change_210x275_zs_d-1179x1536.jpg 1179w, https:\/\/www.greenpeace.ch\/static\/planet4-switzerland-stateless\/2023\/04\/0dc9ad15-gp_fuellerinserat_change_210x275_zs_d-1572x2048.jpg 1572w, https:\/\/www.greenpeace.ch\/static\/planet4-switzerland-stateless\/2023\/04\/0dc9ad15-gp_fuellerinserat_change_210x275_zs_d-1048x1366.jpg 1048w, https:\/\/www.greenpeace.ch\/static\/planet4-switzerland-stateless\/2023\/04\/0dc9ad15-gp_fuellerinserat_change_210x275_zs_d-261x340.jpg 261w, https:\/\/www.greenpeace.ch\/static\/planet4-switzerland-stateless\/2023\/04\/0dc9ad15-gp_fuellerinserat_change_210x275_zs_d-scaled.jpg 1965w\" sizes=\"auto, (max-width: 786px) 100vw, 786px\" \/><figcaption class=\"wp-element-caption\">F\u00fcllerinserat Change, 210mm x 275 mm<\/figcaption><\/figure>\n<\/div>\n\n\n\n<div class=\"wp-block-column is-layout-flow wp-block-column-is-layout-flow\">\n<h3 class=\"wp-block-heading\"><strong>Alle Formate herunterladen<\/strong>:<\/h3>\n\n\n\n<div class=\"wp-block-buttons is-layout-flex wp-block-buttons-is-layout-flex\">\n<div class=\"wp-block-button is-style-default\"><a class=\"wp-block-button__link wp-element-button\" href=\"https:\/\/files.greenpeace.ch\/fuellerinserate\/Fu%CC%88llerinserate_Change_2023_DE.zip\">Download DE<\/a><\/div>\n<\/div>\n\n\n\n<div class=\"wp-block-buttons is-layout-flex wp-block-buttons-is-layout-flex\">\n<div class=\"wp-block-button is-style-default\"><a class=\"wp-block-button__link wp-element-button\" href=\"https:\/\/files.greenpeace.ch\/fuellerinserate\/Fu%CC%88llerinserate_Change_2023_FR.zip\">Download FR<\/a><\/div>\n<\/div>\n\n\n\n<div class=\"wp-block-buttons is-layout-flex wp-block-buttons-is-layout-flex\">\n<div class=\"wp-block-button is-style-default\"><a class=\"wp-block-button__link wp-element-button\" href=\"https:\/\/files.greenpeace.ch\/fuellerinserate\/Fu%CC%88llerinserate_Change_2023_IT.zip\">Download IT<\/a><\/div>\n<\/div>\n<\/div>\n<\/div>\n\n<div class=\"wp-block-columns is-layout-flex wp-container-core-columns-is-layout-9d6595d7 wp-block-columns-is-layout-flex\">\n<div class=\"wp-block-column is-layout-flow wp-block-column-is-layout-flow\">\n<h2 class=\"wp-block-heading\">Klima<\/h2>\n<\/div>\n\n\n\n<div class=\"wp-block-column is-layout-flow wp-block-column-is-layout-flow\">\n<h2 class=\"wp-block-heading\">Finanzen<\/h2>\n<\/div>\n<\/div>\n\n<div class=\"wp-block-columns is-layout-flex wp-container-core-columns-is-layout-9d6595d7 wp-block-columns-is-layout-flex\">\n<div class=\"wp-block-column is-layout-flow wp-block-column-is-layout-flow\">\n<figure class=\"wp-block-image size-large\"><img loading=\"lazy\" decoding=\"async\" width=\"786\" height=\"1024\" src=\"https:\/\/www.greenpeace.ch\/static\/planet4-switzerland-stateless\/2023\/04\/3b836179-gp_fuellerinserat_klima_210x275_zs_d-786x1024.jpg\" alt=\"\" class=\"wp-image-97280\" srcset=\"https:\/\/www.greenpeace.ch\/static\/planet4-switzerland-stateless\/2023\/04\/3b836179-gp_fuellerinserat_klima_210x275_zs_d-786x1024.jpg 786w, https:\/\/www.greenpeace.ch\/static\/planet4-switzerland-stateless\/2023\/04\/3b836179-gp_fuellerinserat_klima_210x275_zs_d-230x300.jpg 230w, https:\/\/www.greenpeace.ch\/static\/planet4-switzerland-stateless\/2023\/04\/3b836179-gp_fuellerinserat_klima_210x275_zs_d-768x1000.jpg 768w, https:\/\/www.greenpeace.ch\/static\/planet4-switzerland-stateless\/2023\/04\/3b836179-gp_fuellerinserat_klima_210x275_zs_d-1180x1536.jpg 1180w, https:\/\/www.greenpeace.ch\/static\/planet4-switzerland-stateless\/2023\/04\/3b836179-gp_fuellerinserat_klima_210x275_zs_d-1573x2048.jpg 1573w, https:\/\/www.greenpeace.ch\/static\/planet4-switzerland-stateless\/2023\/04\/3b836179-gp_fuellerinserat_klima_210x275_zs_d-1049x1366.jpg 1049w, https:\/\/www.greenpeace.ch\/static\/planet4-switzerland-stateless\/2023\/04\/3b836179-gp_fuellerinserat_klima_210x275_zs_d-261x340.jpg 261w, https:\/\/www.greenpeace.ch\/static\/planet4-switzerland-stateless\/2023\/04\/3b836179-gp_fuellerinserat_klima_210x275_zs_d-scaled.jpg 1966w\" sizes=\"auto, (max-width: 786px) 100vw, 786px\" \/><figcaption class=\"wp-element-caption\">F\u00fcllerinserat Klima, 210mm x 275 mm<\/figcaption><\/figure>\n<\/div>\n\n\n\n<div class=\"wp-block-column is-layout-flow wp-block-column-is-layout-flow\">\n<h3 class=\"wp-block-heading\"><strong>Alle Formate herunterladen<\/strong>:<\/h3>\n\n\n\n<div class=\"wp-block-buttons is-layout-flex wp-block-buttons-is-layout-flex\">\n<div class=\"wp-block-button is-style-default\"><a class=\"wp-block-button__link wp-element-button\" href=\"https:\/\/files.greenpeace.ch\/fuellerinserate\/Fu%CC%88llerinserate_Klima_2023_DE.zip\">Download DE<\/a><\/div>\n<\/div>\n\n\n\n<div class=\"wp-block-buttons is-layout-flex wp-block-buttons-is-layout-flex\">\n<div class=\"wp-block-button is-style-default\"><a class=\"wp-block-button__link wp-element-button\" href=\"https:\/\/files.greenpeace.ch\/fuellerinserate\/Fu%CC%88llerinserate_Klima_2023_FR.zip\">Download FR<\/a><\/div>\n<\/div>\n\n\n\n<div class=\"wp-block-buttons is-layout-flex wp-block-buttons-is-layout-flex\">\n<div class=\"wp-block-button is-style-default\"><a class=\"wp-block-button__link wp-element-button\" href=\"https:\/\/files.greenpeace.ch\/fuellerinserate\/Fu%CC%88llerinserate_Klima_2023_IT.zip\">Download IT<\/a><\/div>\n<\/div>\n<\/div>\n\n\n\n<div class=\"wp-block-column is-layout-flow wp-block-column-is-layout-flow\">\n<figure class=\"wp-block-image size-large\"><img loading=\"lazy\" decoding=\"async\" width=\"786\" height=\"1024\" src=\"https:\/\/www.greenpeace.ch\/static\/planet4-switzerland-stateless\/2023\/04\/e8fc2943-gp_fuellerinserat_finance_210x275_zs_d-786x1024.jpg\" alt=\"\" class=\"wp-image-97268\" srcset=\"https:\/\/www.greenpeace.ch\/static\/planet4-switzerland-stateless\/2023\/04\/e8fc2943-gp_fuellerinserat_finance_210x275_zs_d-786x1024.jpg 786w, https:\/\/www.greenpeace.ch\/static\/planet4-switzerland-stateless\/2023\/04\/e8fc2943-gp_fuellerinserat_finance_210x275_zs_d-230x300.jpg 230w, https:\/\/www.greenpeace.ch\/static\/planet4-switzerland-stateless\/2023\/04\/e8fc2943-gp_fuellerinserat_finance_210x275_zs_d-768x1001.jpg 768w, https:\/\/www.greenpeace.ch\/static\/planet4-switzerland-stateless\/2023\/04\/e8fc2943-gp_fuellerinserat_finance_210x275_zs_d-1178x1536.jpg 1178w, https:\/\/www.greenpeace.ch\/static\/planet4-switzerland-stateless\/2023\/04\/e8fc2943-gp_fuellerinserat_finance_210x275_zs_d-1571x2048.jpg 1571w, https:\/\/www.greenpeace.ch\/static\/planet4-switzerland-stateless\/2023\/04\/e8fc2943-gp_fuellerinserat_finance_210x275_zs_d-1048x1366.jpg 1048w, https:\/\/www.greenpeace.ch\/static\/planet4-switzerland-stateless\/2023\/04\/e8fc2943-gp_fuellerinserat_finance_210x275_zs_d-261x340.jpg 261w, https:\/\/www.greenpeace.ch\/static\/planet4-switzerland-stateless\/2023\/04\/e8fc2943-gp_fuellerinserat_finance_210x275_zs_d-scaled.jpg 1964w\" sizes=\"auto, (max-width: 786px) 100vw, 786px\" \/><figcaption class=\"wp-element-caption\">F\u00fcllerinserat Finance, 210mm x 275mm<\/figcaption><\/figure>\n<\/div>\n\n\n\n<div class=\"wp-block-column is-layout-flow wp-block-column-is-layout-flow\">\n<h3 class=\"wp-block-heading\"><strong>Alle Formate herunterladen<\/strong>:<\/h3>\n\n\n\n<div class=\"wp-block-buttons is-layout-flex wp-block-buttons-is-layout-flex\">\n<div class=\"wp-block-button is-style-default\"><a class=\"wp-block-button__link wp-element-button\" href=\"https:\/\/files.greenpeace.ch\/fuellerinserate\/Fu%CC%88llerinserate_Finance_2023_DE.zip\">Download DE<\/a><\/div>\n<\/div>\n\n\n\n<div class=\"wp-block-buttons is-layout-flex wp-block-buttons-is-layout-flex\">\n<div class=\"wp-block-button is-style-default\"><a class=\"wp-block-button__link wp-element-button\" href=\"https:\/\/files.greenpeace.ch\/fuellerinserate\/Fu%CC%88llerinserate_Finance_2023_FR.zip\">Download FR<\/a><\/div>\n<\/div>\n\n\n\n<div class=\"wp-block-buttons is-layout-flex wp-block-buttons-is-layout-flex\">\n<div class=\"wp-block-button is-style-default\"><a class=\"wp-block-button__link wp-element-button\" href=\"https:\/\/files.greenpeace.ch\/fuellerinserate\/Fu%CC%88llerinserate_Finance_2023_IT.zip\">Download IT<\/a><\/div>\n<\/div>\n<\/div>\n<\/div>\n","protected":false},"excerpt":{"rendered":"<p>Aktuelle Inserate zu laufenden Kampagnen Hier finden Sie eine Auswahl an Inseraten zu aktuellen Greenpeace-Kampagnen. Wir freuen uns, wenn Sie unsere Inserate in Ihrer Publikation abdrucken.&nbsp;Damit unterst\u00fctzen Sie Greenpeace und leisten einen wertvollen Beitrag zum Schutz unserer Welt. Herzlichen Dank f\u00fcr Ihr Engagement. Welches Format ben\u00f6tigen Sie? Gerne erstellen wir die Inserate in dem von [&hellip;]<\/p>\n","protected":false},"author":25,"featured_media":96135,"parent":501,"menu_order":0,"comment_status":"closed","ping_status":"closed","template":"","meta":{"_acf_changed":false,"_planet4_optimize_post_is_variant":false,"_planet4_optimize_experiment_name":"","_planet4_optimize_variant_name":"","ep_exclude_from_search":false,"p4_hide_page_title_checkbox":"on","p4_title":"","p4_subtitle":"","p4_description":"","background_image_id":"","background_image":"","p4_button_title":"","p4_button_link":"","p4_button_link_checkbox":"","p4_og_title":"","p4_og_description":"","p4_og_image":"","p4_og_image_id":"","p4_seo_canonical_url":"","p4_campaign_name":"not set","p4_local_project":"not set","p4_basket_name":"not set","p4_department":"","footnotes":""},"categories":[],"tags":[],"class_list":["post-2021","page","type-page","status-publish","has-post-thumbnail","hentry"],"acf":[],"_links":{"self":[{"href":"https:\/\/www.greenpeace.ch\/de\/wp-json\/wp\/v2\/pages\/2021","targetHints":{"allow":["GET"]}}],"collection":[{"href":"https:\/\/www.greenpeace.ch\/de\/wp-json\/wp\/v2\/pages"}],"about":[{"href":"https:\/\/www.greenpeace.ch\/de\/wp-json\/wp\/v2\/types\/page"}],"author":[{"embeddable":true,"href":"https:\/\/www.greenpeace.ch\/de\/wp-json\/wp\/v2\/users\/25"}],"replies":[{"embeddable":true,"href":"https:\/\/www.greenpeace.ch\/de\/wp-json\/wp\/v2\/comments?post=2021"}],"version-history":[{"count":10,"href":"https:\/\/www.greenpeace.ch\/de\/wp-json\/wp\/v2\/pages\/2021\/revisions"}],"predecessor-version":[{"id":126375,"href":"https:\/\/www.greenpeace.ch\/de\/wp-json\/wp\/v2\/pages\/2021\/revisions\/126375"}],"up":[{"embeddable":true,"href":"https:\/\/www.greenpeace.ch\/de\/wp-json\/wp\/v2\/pages\/501"}],"wp:featuredmedia":[{"embeddable":true,"href":"https:\/\/www.greenpeace.ch\/de\/wp-json\/wp\/v2\/media\/96135"}],"wp:attachment":[{"href":"https:\/\/www.greenpeace.ch\/de\/wp-json\/wp\/v2\/media?parent=2021"}],"wp:term":[{"taxonomy":"category","embeddable":true,"href":"https:\/\/www.greenpeace.ch\/de\/wp-json\/wp\/v2\/categories?post=2021"},{"taxonomy":"post_tag","embeddable":true,"href":"https:\/\/www.greenpeace.ch\/de\/wp-json\/wp\/v2\/tags?post=2021"}],"curies":[{"name":"wp","href":"https:\/\/api.w.org\/{rel}","templated":true}]}}