{"id":2166,"date":"2019-12-17T10:12:00","date_gmt":"2019-12-17T08:12:00","guid":{"rendered":"https:\/\/master.greenpeace.ch\/?page_id=2166"},"modified":"2025-05-05T12:07:06","modified_gmt":"2025-05-05T10:07:06","slug":"fuer-eine-plastikfreie-zukunft","status":"publish","type":"page","link":"https:\/\/www.greenpeace.ch\/de\/handeln\/fuer-eine-plastikfreie-zukunft\/","title":{"rendered":"F\u00fcr eine plastikfreie Zukunft"},"content":{"rendered":"\n                \n                <div class=\"wp-block-group alignfull is-layout-flow wp-block-group-is-layout-flow\">\n                \n                <div class=\"wp-block-group container is-layout-flow wp-block-group-is-layout-flow\">\n                \n                <div class=\"wp-block-media-text alignfull has-media-on-the-right is-stacked-on-mobile is-pattern-p4-page-header is-style-parallax\">\n\n                <div class=\"wp-block-media-text__content\">\n                    <div class=\"wp-block-group is-layout-flow wp-block-group-is-layout-flow\">\n                    \n                        <h1 class=\"wp-block-heading has-white-background-color has-background\">\n                            F\u00fcr eine plastikfreie Zukunft\n                        <\/h1>\n                    <\/div>\n                \n\n                \n\n                \n\n                <\/div>\n                <figure class=\"wp-block-media-text__media\">\n                    <img loading=\"lazy\" decoding=\"async\" width=\"2500\" height=\"1667\"\n                        src=\"https:\/\/www.greenpeace.ch\/static\/planet4-switzerland-stateless\/2019\/06\/2f72cda2-gp0stqt4l_pressmedia.jpg\"\n                        alt=\"\"\n                        sizes=\"auto, (min-width: 601px) 50vw, 100vw\" srcset=\"https:\/\/www.greenpeace.ch\/static\/planet4-switzerland-stateless\/2019\/06\/2f72cda2-gp0stqt4l_pressmedia.jpg 2500w, https:\/\/www.greenpeace.ch\/static\/planet4-switzerland-stateless\/2019\/06\/2f72cda2-gp0stqt4l_pressmedia-300x200.jpg 300w, https:\/\/www.greenpeace.ch\/static\/planet4-switzerland-stateless\/2019\/06\/2f72cda2-gp0stqt4l_pressmedia-768x512.jpg 768w, https:\/\/www.greenpeace.ch\/static\/planet4-switzerland-stateless\/2019\/06\/2f72cda2-gp0stqt4l_pressmedia-1024x683.jpg 1024w, https:\/\/www.greenpeace.ch\/static\/planet4-switzerland-stateless\/2019\/06\/2f72cda2-gp0stqt4l_pressmedia-2048x1366.jpg 2048w, https:\/\/www.greenpeace.ch\/static\/planet4-switzerland-stateless\/2019\/06\/2f72cda2-gp0stqt4l_pressmedia-510x340.jpg 510w\" class=\"wp-image-30323 size-full\"\n                    \/>\n                <\/figure>\n                <\/div>\n                \n                <\/div>\n                \n                <\/div>\n                \n                \n                    <div class=\"wp-block-group is-vertical is-layout-flex wp-container-core-group-is-layout-8cf370e7 wp-block-group-is-layout-flex\">\n                    \n\n                    \n                    <\/div>\n                    \n<div class=\"wp-block-columns is-layout-flex wp-container-core-columns-is-layout-9d6595d7 wp-block-columns-is-layout-flex\">\n<div class=\"wp-block-column is-layout-flow wp-block-column-is-layout-flow\">\n<h3 class=\"wp-block-heading\">Plastik ist \u00fcberall&#8230;<\/h3>\n\n\n\n<p><strong> <\/strong>Man findet es im tiefsten Meeresgrund, auf Berggipfeln, in M\u00e4gen von V\u00f6geln und S\u00e4ugetieren, in unseren Lebensmitteln und unserer Atemluft<strong>. <\/strong>Die Massenproduktion von Kunststoff ist noch nicht einmal 70 Jahre alt und doch hat es sich in die entlegensten Winkel des Planeten vorgearbeitet. Wie konnte das so ausser Kontrolle geraten?<strong><br><\/strong><\/p>\n\n\n\n<p>Die Plastikkrise z\u00e4hlt zu den sichtbarsten Symptomen eines kranken Systems, das nicht mehr funktioniert \u2013 weder f\u00fcr uns, noch f\u00fcr die Erde, unser aller Heimat. Natursch\u00e4tze werden zur Profitmaximierung ausgebeutet. Das Wohl der Menschen ist dabei zweitrangig. Unternehmen und Regierungen befeuern eine Wegwerfwirtschaft, die Bequemlichkeit und wirtschaftliches Wachstum \u00fcber gesellschaftliche Interessen und Kosten stellt. <\/p>\n\n\n\n<h3 class=\"wp-block-heading\"><strong>&#8230;das bietet eine unglaubliche Chance f\u00fcr uns, aktiv zu werden.&nbsp;<\/strong><\/h3>\n\n\n\n<p>Gemeinsam k\u00f6nnen wir eine Realit\u00e4t jenseits von Wegwerfprodukten schaffen. So stellen wir uns nicht nur der weiteren Plastikflut entgegen, sondern auch den Wirtschaftssystemen, die von ihr profitieren und den Klimawandel vorantreiben.&nbsp;<\/p>\n\n\n\n<p>Um dabei erfolgreich zu sein, m\u00fcssen wir handeln \u2013 als Einzelne und als Gemeinschaft. Was wir brauchen, sind kleine Alltagsgesten, grosse Kampagnen und alles dazwischen. Was wir brauchen, bist du.<\/p>\n<\/div>\n\n\n\n<div class=\"wp-block-column is-layout-flow wp-block-column-is-layout-flow\">\n<figure class=\"wp-block-embed is-type-video is-provider-youtube wp-block-embed-youtube wp-embed-aspect-16-9 wp-has-aspect-ratio\"><div class=\"wp-block-embed__wrapper\">\n<lite-youtube style=\"background-image: url('https:\/\/i.ytimg.com\/vi\/ktpEYec_Cro\/hqdefault.jpg');\" videoid=\"ktpEYec_Cro\" params=\"rel=0&#038;enablejsapi=1&#038;origin=https%3A%2F%2Fwww.greenpeace.ch&#038;cc_load_policy=1\"><\/lite-youtube>\n<\/div><\/figure>\n\n\n\n<figure class=\"wp-block-image size-large caption-style-blue-overlay caption-alignment-center\"><img loading=\"lazy\" decoding=\"async\" width=\"1024\" height=\"599\" src=\"https:\/\/www.greenpeace.ch\/static\/planet4-switzerland-stateless\/2019\/10\/GP0STSFNS_High_res-1024x599.jpg\" alt=\"\" class=\"wp-image-37303\" srcset=\"https:\/\/www.greenpeace.ch\/static\/planet4-switzerland-stateless\/2019\/10\/GP0STSFNS_High_res-1024x599.jpg 1024w, https:\/\/www.greenpeace.ch\/static\/planet4-switzerland-stateless\/2019\/10\/GP0STSFNS_High_res-300x176.jpg 300w, https:\/\/www.greenpeace.ch\/static\/planet4-switzerland-stateless\/2019\/10\/GP0STSFNS_High_res-768x449.jpg 768w, https:\/\/www.greenpeace.ch\/static\/planet4-switzerland-stateless\/2019\/10\/GP0STSFNS_High_res-2048x1198.jpg 2048w, https:\/\/www.greenpeace.ch\/static\/planet4-switzerland-stateless\/2019\/10\/GP0STSFNS_High_res-510x298.jpg 510w\" sizes=\"auto, (max-width: 1024px) 100vw, 1024px\" \/><\/figure>\n<\/div>\n<\/div>\n\n<p><\/p>\n<div data-render=\"planet4-blocks\/columns\" data-attributes=\"{&quot;attributes&quot;:{&quot;columns_block_style&quot;:&quot;image&quot;,&quot;columns_title&quot;:&quot;Mehr Handlungsm\\u00f6glichkeiten&quot;,&quot;columns&quot;:[{&quot;title&quot;:&quot;Informiere dich \\u00fcber Plastikverschmutzung&quot;,&quot;description&quot;:&quot;Plastik verschmutzt jeden Winkel der Erde. Ob Meeresgrund, entlegene Waldpfade, arktisches Eis oder Inselstr\\u00e4nde, an denen Riesenschildkr\\u00f6ten nisten: Plastikabfall ist \\u00fcberall.&quot;,&quot;attachment&quot;:&quot;https:\\\/\\\/www.greenpeace.ch\\\/static\\\/planet4-switzerland-stateless\\\/2019\\\/10\\\/e12d38b9-gp0stqs0e-510x340.jpg&quot;,&quot;cta_link&quot;:&quot;https:\\\/\\\/www.greenpeace.ch\\\/de\\\/handeln\\\/fuer-eine-plastikfreie-zukunft\\\/informiere-dich-ueber-plastikverschmutzung\\\/&quot;,&quot;link_new_tab&quot;:false,&quot;cta_text&quot;:&quot;Jetzt Handeln&quot;,&quot;attachment_srcset&quot;:&quot;https:\\\/\\\/www.greenpeace.ch\\\/static\\\/planet4-switzerland-stateless\\\/2019\\\/10\\\/e12d38b9-gp0stqs0e-510x340.jpg 510w, https:\\\/\\\/www.greenpeace.ch\\\/static\\\/planet4-switzerland-stateless\\\/2019\\\/10\\\/e12d38b9-gp0stqs0e-300x200.jpg 300w, https:\\\/\\\/www.greenpeace.ch\\\/static\\\/planet4-switzerland-stateless\\\/2019\\\/10\\\/e12d38b9-gp0stqs0e-1024x683.jpg 1024w, https:\\\/\\\/www.greenpeace.ch\\\/static\\\/planet4-switzerland-stateless\\\/2019\\\/10\\\/e12d38b9-gp0stqs0e-768x512.jpg 768w, https:\\\/\\\/www.greenpeace.ch\\\/static\\\/planet4-switzerland-stateless\\\/2019\\\/10\\\/e12d38b9-gp0stqs0e.jpg 1200w&quot;},{&quot;title&quot;:&quot;Organisiere einen Zero-Waste-Event&quot;,&quot;description&quot;:&quot;Egal, ob Dinner, Picknick im Freien oder Treffen in grosser Runde: Der Verzicht auf Plastik bedeutet keinen Verzicht auf Spass. Ganz im Gegenteil: Er ist eine Einladung zu Kreativit\\u00e4t!&quot;,&quot;attachment&quot;:&quot;https:\\\/\\\/www.greenpeace.ch\\\/static\\\/planet4-switzerland-stateless\\\/2019\\\/10\\\/2cc46838-gp0sttm6m-510x340.jpg&quot;,&quot;cta_link&quot;:&quot;https:\\\/\\\/www.greenpeace.ch\\\/de\\\/handeln\\\/fuer-eine-plastikfreie-zukunft\\\/organisiere-einen-zero-waste-event\\\/&quot;,&quot;link_new_tab&quot;:false,&quot;cta_text&quot;:&quot;Jetzt Handeln&quot;,&quot;attachment_srcset&quot;:&quot;https:\\\/\\\/www.greenpeace.ch\\\/static\\\/planet4-switzerland-stateless\\\/2019\\\/10\\\/2cc46838-gp0sttm6m-510x340.jpg 510w, https:\\\/\\\/www.greenpeace.ch\\\/static\\\/planet4-switzerland-stateless\\\/2019\\\/10\\\/2cc46838-gp0sttm6m-300x200.jpg 300w, https:\\\/\\\/www.greenpeace.ch\\\/static\\\/planet4-switzerland-stateless\\\/2019\\\/10\\\/2cc46838-gp0sttm6m-1024x683.jpg 1024w, https:\\\/\\\/www.greenpeace.ch\\\/static\\\/planet4-switzerland-stateless\\\/2019\\\/10\\\/2cc46838-gp0sttm6m-768x512.jpg 768w, https:\\\/\\\/www.greenpeace.ch\\\/static\\\/planet4-switzerland-stateless\\\/2019\\\/10\\\/2cc46838-gp0sttm6m.jpg 1200w&quot;},{&quot;title&quot;:&quot;Fordere Take-aways zum Mitmachen auf&quot;,&quot;description&quot;:&quot;Stelle dich der Mehrwegbeh\\u00e4lter-Challenge und werde Teil der Bewegung, die unsere Essgewohnheiten \\u00e4ndert! Damit Mehrweg zum Normalweg wird.&quot;,&quot;attachment&quot;:&quot;https:\\\/\\\/www.greenpeace.ch\\\/static\\\/planet4-switzerland-stateless\\\/2019\\\/10\\\/adf7d427-gp0sttj65-510x340.jpg&quot;,&quot;cta_link&quot;:&quot;https:\\\/\\\/www.greenpeace.ch\\\/de\\\/handeln\\\/fuer-eine-plastikfreie-zukunft\\\/fordere-take-aways-zum-mitmachen-auf\\\/&quot;,&quot;link_new_tab&quot;:false,&quot;cta_text&quot;:&quot;Jetzt Handeln&quot;,&quot;attachment_srcset&quot;:&quot;https:\\\/\\\/www.greenpeace.ch\\\/static\\\/planet4-switzerland-stateless\\\/2019\\\/10\\\/adf7d427-gp0sttj65-510x340.jpg 510w, https:\\\/\\\/www.greenpeace.ch\\\/static\\\/planet4-switzerland-stateless\\\/2019\\\/10\\\/adf7d427-gp0sttj65-300x200.jpg 300w, https:\\\/\\\/www.greenpeace.ch\\\/static\\\/planet4-switzerland-stateless\\\/2019\\\/10\\\/adf7d427-gp0sttj65-1024x683.jpg 1024w, https:\\\/\\\/www.greenpeace.ch\\\/static\\\/planet4-switzerland-stateless\\\/2019\\\/10\\\/adf7d427-gp0sttj65-768x512.jpg 768w, https:\\\/\\\/www.greenpeace.ch\\\/static\\\/planet4-switzerland-stateless\\\/2019\\\/10\\\/adf7d427-gp0sttj65.jpg 1200w&quot;},{&quot;title&quot;:&quot;&quot;,&quot;description&quot;:&quot;&quot;,&quot;attachment&quot;:&quot;https:\\\/\\\/www.greenpeace.ch\\\/static\\\/planet4-switzerland-stateless\\\/2019\\\/10\\\/2565ae6e-gp0sttopv-510x340.jpg&quot;,&quot;cta_link&quot;:&quot;&quot;,&quot;cta_text&quot;:&quot;&quot;,&quot;link_new_tab&quot;:false,&quot;attachment_srcset&quot;:&quot;https:\\\/\\\/www.greenpeace.ch\\\/static\\\/planet4-switzerland-stateless\\\/2019\\\/10\\\/2565ae6e-gp0sttopv-510x340.jpg 510w, https:\\\/\\\/www.greenpeace.ch\\\/static\\\/planet4-switzerland-stateless\\\/2019\\\/10\\\/2565ae6e-gp0sttopv-300x201.jpg 300w, https:\\\/\\\/www.greenpeace.ch\\\/static\\\/planet4-switzerland-stateless\\\/2019\\\/10\\\/2565ae6e-gp0sttopv-1024x684.jpg 1024w, https:\\\/\\\/www.greenpeace.ch\\\/static\\\/planet4-switzerland-stateless\\\/2019\\\/10\\\/2565ae6e-gp0sttopv-768x513.jpg 768w, https:\\\/\\\/www.greenpeace.ch\\\/static\\\/planet4-switzerland-stateless\\\/2019\\\/10\\\/2565ae6e-gp0sttopv.jpg 1200w&quot;}],&quot;className&quot;:&quot;is-style-image&quot;}}\"><\/div><div data-render=\"planet4-blocks\/columns\" data-attributes=\"{&quot;attributes&quot;:{&quot;columns_block_style&quot;:&quot;image&quot;,&quot;columns&quot;:[{&quot;title&quot;:&quot;Fordere deinen Supermarket zum Mitmachen auf&quot;,&quot;description&quot;:&quot;Stelle dich der Mehrwegbeh\\u00e4lter-Challenge und werde Teil der Bewegung, die unsere Einkaufsgewohnheit im Supermarkt \\u00e4ndert&quot;,&quot;attachment&quot;:&quot;https:\\\/\\\/www.greenpeace.ch\\\/static\\\/planet4-switzerland-stateless\\\/2019\\\/12\\\/2565ae6e-gp0sttopv-510x340-510x340.jpg&quot;,&quot;cta_link&quot;:&quot;https:\\\/\\\/www.greenpeace.ch\\\/de\\\/handeln\\\/fuer-eine-plastikfreie-zukunft\\\/fordere-deinen-supermarkt-zum-mitmachen-auf\\\/&quot;,&quot;link_new_tab&quot;:true,&quot;cta_text&quot;:&quot;Jetzt Handeln&quot;,&quot;attachment_srcset&quot;:&quot;https:\\\/\\\/www.greenpeace.ch\\\/static\\\/planet4-switzerland-stateless\\\/2019\\\/12\\\/2565ae6e-gp0sttopv-510x340.jpg 510w, https:\\\/\\\/www.greenpeace.ch\\\/static\\\/planet4-switzerland-stateless\\\/2019\\\/12\\\/2565ae6e-gp0sttopv-510x340-300x200.jpg 300w&quot;},{&quot;title&quot;:&quot;Mache mit beim weltweiten Brand Audit&quot;,&quot;description&quot;:&quot;Freiwillige s\\u00e4ubern lokale Ufer, Parks und Str\\u00e4nde und nutzen diese Ergebnisse, um die Unternehmen zu identifizieren, die f\\u00fcr die Plastikverschmutzung verantwortlich sind&quot;,&quot;attachment&quot;:&quot;https:\\\/\\\/www.greenpeace.ch\\\/static\\\/planet4-switzerland-stateless\\\/2019\\\/10\\\/f96e4955-gp0sttylb-510x340.jpg&quot;,&quot;cta_link&quot;:&quot;https:\\\/\\\/www.greenpeace.ch\\\/de\\\/handeln\\\/fuer-eine-plastikfreie-zukunft\\\/mache-mit-beim-weltweiten-brand-audit\\\/&quot;,&quot;link_new_tab&quot;:true,&quot;cta_text&quot;:&quot;Jetzt Handeln&quot;,&quot;attachment_srcset&quot;:&quot;https:\\\/\\\/www.greenpeace.ch\\\/static\\\/planet4-switzerland-stateless\\\/2019\\\/10\\\/f96e4955-gp0sttylb-510x340.jpg 510w, https:\\\/\\\/www.greenpeace.ch\\\/static\\\/planet4-switzerland-stateless\\\/2019\\\/10\\\/f96e4955-gp0sttylb-300x200.jpg 300w, https:\\\/\\\/www.greenpeace.ch\\\/static\\\/planet4-switzerland-stateless\\\/2019\\\/10\\\/f96e4955-gp0sttylb-1024x683.jpg 1024w, https:\\\/\\\/www.greenpeace.ch\\\/static\\\/planet4-switzerland-stateless\\\/2019\\\/10\\\/f96e4955-gp0sttylb-768x512.jpg 768w, https:\\\/\\\/www.greenpeace.ch\\\/static\\\/planet4-switzerland-stateless\\\/2019\\\/10\\\/f96e4955-gp0sttylb.jpg 1200w&quot;}],&quot;className&quot;:&quot;is-style-image&quot;}}\"><\/div>","protected":false},"excerpt":{"rendered":"<p>Umweltsch\u00e4dlicher Plastik ist \u00fcberall und befeuert die Klimakrise. Erfahre, was du dagegen tun kannst. <\/p>\n","protected":false},"author":50,"featured_media":30323,"parent":491,"menu_order":0,"comment_status":"closed","ping_status":"closed","template":"","meta":{"_acf_changed":false,"_planet4_optimize_post_is_variant":false,"_planet4_optimize_experiment_name":"","_planet4_optimize_variant_name":"","ep_exclude_from_search":false,"p4_hide_page_title_checkbox":"on","p4_title":"","p4_subtitle":"","p4_description":"","background_image_id":"","background_image":"","p4_button_title":"","p4_button_link":"","p4_button_link_checkbox":"","p4_og_title":"Nachhaltig ohne Plastik","p4_og_description":"Umweltsch\u00e4dlicher Plastik ist \u00fcberall und befeuert die Klimakrise. Erfahre, was du dagegen tun kannst. ","p4_og_image":"","p4_og_image_id":"","p4_seo_canonical_url":"","p4_campaign_name":"Plastics Free Future","p4_local_project":"not set","p4_basket_name":"Plastics","p4_department":"","footnotes":""},"categories":[47],"tags":[37],"class_list":["post-2166","page","type-page","status-publish","has-post-thumbnail","hentry","category-greenpeace","tag-zero-waste"],"acf":[],"_links":{"self":[{"href":"https:\/\/www.greenpeace.ch\/de\/wp-json\/wp\/v2\/pages\/2166","targetHints":{"allow":["GET"]}}],"collection":[{"href":"https:\/\/www.greenpeace.ch\/de\/wp-json\/wp\/v2\/pages"}],"about":[{"href":"https:\/\/www.greenpeace.ch\/de\/wp-json\/wp\/v2\/types\/page"}],"author":[{"embeddable":true,"href":"https:\/\/www.greenpeace.ch\/de\/wp-json\/wp\/v2\/users\/50"}],"replies":[{"embeddable":true,"href":"https:\/\/www.greenpeace.ch\/de\/wp-json\/wp\/v2\/comments?post=2166"}],"version-history":[{"count":3,"href":"https:\/\/www.greenpeace.ch\/de\/wp-json\/wp\/v2\/pages\/2166\/revisions"}],"predecessor-version":[{"id":119878,"href":"https:\/\/www.greenpeace.ch\/de\/wp-json\/wp\/v2\/pages\/2166\/revisions\/119878"}],"up":[{"embeddable":true,"href":"https:\/\/www.greenpeace.ch\/de\/wp-json\/wp\/v2\/pages\/491"}],"wp:featuredmedia":[{"embeddable":true,"href":"https:\/\/www.greenpeace.ch\/de\/wp-json\/wp\/v2\/media\/30323"}],"wp:attachment":[{"href":"https:\/\/www.greenpeace.ch\/de\/wp-json\/wp\/v2\/media?parent=2166"}],"wp:term":[{"taxonomy":"category","embeddable":true,"href":"https:\/\/www.greenpeace.ch\/de\/wp-json\/wp\/v2\/categories?post=2166"},{"taxonomy":"post_tag","embeddable":true,"href":"https:\/\/www.greenpeace.ch\/de\/wp-json\/wp\/v2\/tags?post=2166"}],"curies":[{"name":"wp","href":"https:\/\/api.w.org\/{rel}","templated":true}]}}