{"id":30958,"date":"2019-06-30T13:54:56","date_gmt":"2019-06-30T11:54:56","guid":{"rendered":"https:\/\/www.greenpeace.ch\/?page_id=30958"},"modified":"2025-05-05T12:07:24","modified_gmt":"2025-05-05T10:07:24","slug":"welcome","status":"publish","type":"page","link":"https:\/\/www.greenpeace.ch\/de\/welcome\/","title":{"rendered":"Unsere Welt: Gr\u00fcn. Gerecht. Friedlich."},"content":{"rendered":"\n                \n                <div class=\"wp-block-group alignfull is-layout-flow wp-block-group-is-layout-flow\">\n                \n                <div class=\"wp-block-group container is-layout-flow wp-block-group-is-layout-flow\">\n                \n                <div class=\"wp-block-media-text alignfull has-media-on-the-right is-stacked-on-mobile is-pattern-p4-page-header is-style-parallax\">\n\n                <div class=\"wp-block-media-text__content\">\n                    <div class=\"wp-block-group is-layout-flow wp-block-group-is-layout-flow\">\n                    \n                        <h1 class=\"wp-block-heading has-white-background-color has-background\">\n                            Unsere Welt: Gr\u00fcn. Gerecht. Friedlich.\n                        <\/h1>\n                    <\/div>\n                \n\n                \n\n                \n\n                <\/div>\n                <figure class=\"wp-block-media-text__media\">\n                    <img loading=\"lazy\" decoding=\"async\" width=\"885\" height=\"497\"\n                        src=\"https:\/\/www.greenpeace.ch\/static\/planet4-switzerland-stateless\/2023\/02\/0622fdd2-header-welcome.png\"\n                        alt=\"\"\n                        sizes=\"auto, (min-width: 601px) 50vw, 100vw\" srcset=\"https:\/\/www.greenpeace.ch\/static\/planet4-switzerland-stateless\/2023\/02\/0622fdd2-header-welcome.png 885w, https:\/\/www.greenpeace.ch\/static\/planet4-switzerland-stateless\/2023\/02\/0622fdd2-header-welcome-300x168.png 300w, https:\/\/www.greenpeace.ch\/static\/planet4-switzerland-stateless\/2023\/02\/0622fdd2-header-welcome-768x431.png 768w, https:\/\/www.greenpeace.ch\/static\/planet4-switzerland-stateless\/2023\/02\/0622fdd2-header-welcome-510x286.png 510w\" class=\"wp-image-94585 size-full\"\n                    \/>\n                <\/figure>\n                <\/div>\n                \n                <\/div>\n                \n                <\/div>\n                \n                \n<h2 class=\"wp-block-heading\">Gemeinsam ver\u00e4ndern wir die Welt<\/h2>\n\n<p>Mit dieser Vision engagiert sich Greenpeace weltweit f\u00fcr eine gr\u00fcne, gerechte und friedliche Welt, auf der sich das Leben in seiner ganzen Vielfalt entwickeln kann.<\/p>\n\n<div class=\"wp-block-columns is-layout-flex wp-container-core-columns-is-layout-9d6595d7 wp-block-columns-is-layout-flex\">\n<div class=\"wp-block-column is-layout-flow wp-block-column-is-layout-flow\">\n<blockquote class=\"wp-block-quote is-layout-flow wp-block-quote-is-layout-flow\">\n<p>Wir setzen uns f\u00fcr eine umfassende L\u00f6sung der Klimakrise ein.<\/p>\n<cite>Georg Klingler Heiligtag,<br>Experte Klima<\/cite><\/blockquote>\n\n\n\n<figure class=\"wp-block-image size-large is-resized\"><img loading=\"lazy\" decoding=\"async\" src=\"https:\/\/www.greenpeace.ch\/static\/planet4-switzerland-stateless\/2023\/02\/6d08c438-georg-1024x1024.png\" alt=\"\" class=\"wp-image-94614\" width=\"256\" height=\"256\" srcset=\"https:\/\/www.greenpeace.ch\/static\/planet4-switzerland-stateless\/2023\/02\/6d08c438-georg-1024x1024.png 1024w, https:\/\/www.greenpeace.ch\/static\/planet4-switzerland-stateless\/2023\/02\/6d08c438-georg-300x300.png 300w, https:\/\/www.greenpeace.ch\/static\/planet4-switzerland-stateless\/2023\/02\/6d08c438-georg-150x150.png 150w, https:\/\/www.greenpeace.ch\/static\/planet4-switzerland-stateless\/2023\/02\/6d08c438-georg-768x768.png 768w, https:\/\/www.greenpeace.ch\/static\/planet4-switzerland-stateless\/2023\/02\/6d08c438-georg-340x340.png 340w, https:\/\/www.greenpeace.ch\/static\/planet4-switzerland-stateless\/2023\/02\/6d08c438-georg.png 1080w\" sizes=\"auto, (max-width: 256px) 100vw, 256px\" \/><\/figure>\n\n\n\n<p>Der Schweizer Finanzplatz ist unser gr\u00f6sster Hebel f\u00fcr die L\u00f6sung der Klimakrise: Setzen dessen Akteure auf echte Nachhaltigkeit statt auf fossile Energien, Naturzerst\u00f6rung und Schein-l\u00f6sungen, kann ein Mehrfaches der Schweizer Emissionen vermieden werden. Doch auch die Schweiz muss wie alle anderen L\u00e4nder zur L\u00f6sung beitragen. Gemeinsam mit der Klima-bewegung fokussieren wir darauf, eine Mehrheit der Bev\u00f6lkerung und Politik f\u00fcr den dringend notwendigen Trendwechsel beim Klimaschutz zu gewinnen.<\/p>\n\n\n\n<div class=\"wp-block-button\"><a class=\"wp-block-button__link\" href=\"https:\/\/www.greenpeace.ch\/de\/erkunden\/klima\/\" target=\"_blank\" rel=\"noopener noreferrer\">Unsere Klima-Kampagnen<\/a><\/div>\n<\/div>\n\n\n\n<div class=\"wp-block-column is-layout-flow wp-block-column-is-layout-flow\">\n<blockquote class=\"wp-block-quote is-layout-flow wp-block-quote-is-layout-flow\">\n<p>Wir fordern eine echte Kreislaufwirtschaft, welche die Grenzen unseres Planeten respektiert.<\/p>\n<cite>Jo\u00eblle H\u00e9rin,<br>Expertin Konsum und Kreislaufwirtschaft<\/cite><\/blockquote>\n\n\n\n<figure class=\"wp-block-image size-large is-resized\"><img loading=\"lazy\" decoding=\"async\" src=\"https:\/\/www.greenpeace.ch\/static\/planet4-switzerland-stateless\/2023\/02\/cb5a6823-joelle-1024x1024.png\" alt=\"\" class=\"wp-image-94617\" width=\"256\" height=\"256\" srcset=\"https:\/\/www.greenpeace.ch\/static\/planet4-switzerland-stateless\/2023\/02\/cb5a6823-joelle-1024x1024.png 1024w, https:\/\/www.greenpeace.ch\/static\/planet4-switzerland-stateless\/2023\/02\/cb5a6823-joelle-300x300.png 300w, https:\/\/www.greenpeace.ch\/static\/planet4-switzerland-stateless\/2023\/02\/cb5a6823-joelle-150x150.png 150w, https:\/\/www.greenpeace.ch\/static\/planet4-switzerland-stateless\/2023\/02\/cb5a6823-joelle-768x768.png 768w, https:\/\/www.greenpeace.ch\/static\/planet4-switzerland-stateless\/2023\/02\/cb5a6823-joelle-340x340.png 340w, https:\/\/www.greenpeace.ch\/static\/planet4-switzerland-stateless\/2023\/02\/cb5a6823-joelle.png 1080w\" sizes=\"auto, (max-width: 256px) 100vw, 256px\" \/><\/figure>\n\n\n\n<p>Das Konsumsystem in der Schweiz hinterl\u00e4sst hier und im globalen S\u00fcden eine tiefgreifende \u00f6kologische Zerst\u00f6rung mit verheerenden gesellschaftlichen Folgen. Politiker:innen,<br>Produzent:innen und der Detailhandel m\u00fcssen den \u00dcbergang zu einer Kreislaufwirtschaft f\u00f6rdern, die im Einklang mit der Natur steht. Dazu geh\u00f6rt auch eine standortangepasste<br>\u00f6kologische Landwirtschaft. Wir brauchen dringend nachhaltige Alternativen zum \u00fcberm\u00e4ssigen Konsum. <br><\/p>\n\n\n\n<div class=\"wp-block-button\"><a class=\"wp-block-button__link\" href=\"https:\/\/www.greenpeace.ch\/konsum\" target=\"_blank\" rel=\"noopener noreferrer\">Unsere Konsum-Kampagnen<\/a><\/div>\n<\/div>\n\n\n\n<div class=\"wp-block-column is-layout-flow wp-block-column-is-layout-flow\">\n<blockquote class=\"wp-block-quote is-layout-flow wp-block-quote-is-layout-flow\">\n<p>Es ist an der Zeit, neue Wege zu gehen.<\/p>\n<cite><br>Agnes Jezler,<br>Expertin sozio-\u00f6konomische Transformation <\/cite><\/blockquote>\n\n\n\n<figure class=\"wp-block-image size-large is-resized\"><img loading=\"lazy\" decoding=\"async\" src=\"https:\/\/www.greenpeace.ch\/static\/planet4-switzerland-stateless\/2023\/02\/f18fdbff-agnes-1024x1024.png\" alt=\"\" class=\"wp-image-94620\" width=\"256\" height=\"256\" srcset=\"https:\/\/www.greenpeace.ch\/static\/planet4-switzerland-stateless\/2023\/02\/f18fdbff-agnes-1024x1024.png 1024w, https:\/\/www.greenpeace.ch\/static\/planet4-switzerland-stateless\/2023\/02\/f18fdbff-agnes-300x300.png 300w, https:\/\/www.greenpeace.ch\/static\/planet4-switzerland-stateless\/2023\/02\/f18fdbff-agnes-150x150.png 150w, https:\/\/www.greenpeace.ch\/static\/planet4-switzerland-stateless\/2023\/02\/f18fdbff-agnes-768x768.png 768w, https:\/\/www.greenpeace.ch\/static\/planet4-switzerland-stateless\/2023\/02\/f18fdbff-agnes-340x340.png 340w, https:\/\/www.greenpeace.ch\/static\/planet4-switzerland-stateless\/2023\/02\/f18fdbff-agnes.png 1080w\" sizes=\"auto, (max-width: 256px) 100vw, 256px\" \/><\/figure>\n\n\n\n<p>Mit einer reinen Reform des bestehenden Systems werden wir die Klima- und die Biodiversit\u00e4tskrise sowie die sozialen Krisen nicht aufhalten k\u00f6nnen. Es ist dringend an der Zeit, unser System neu zu denken. Denn eine global gerechte Welt innerhalb der planetaren Grenzen ist nicht nur n\u00f6tig, sondern auch m\u00f6glich. Der Weg dahin ist eine gesamtgesellschaftliche Aufgabe \u2013 jede:r Einzelne von uns kann und soll zum Wandel beitragen.<br><\/p>\n\n\n\n<div class=\"wp-block-button\"><a class=\"wp-block-button__link\" href=\"https:\/\/www.greenpeace.ch\/change\" target=\"_blank\" rel=\"noopener noreferrer\">Unsere Change-Kampagnen<\/a><\/div>\n<\/div>\n<\/div>\n\n<hr class=\"wp-block-separator has-alpha-channel-opacity\"\/>\n\n<h2 class=\"wp-block-heading\">Auf welche Themen fokussiert sich Greenpeace?<\/h2>\n\n<div class=\"wp-block-columns is-layout-flex wp-container-core-columns-is-layout-9d6595d7 wp-block-columns-is-layout-flex\">\n<div class=\"wp-block-column is-layout-flow wp-block-column-is-layout-flow\">\n<h3 class=\"wp-block-heading\">Klima<\/h3>\n\n\n\n<figure class=\"wp-block-image size-full is-resized\"><a href=\"https:\/\/www.greenpeace.ch\/de\/erkunden\/klima\/\"><img loading=\"lazy\" decoding=\"async\" src=\"https:\/\/www.greenpeace.ch\/static\/planet4-switzerland-stateless\/2023\/02\/a5376339-kima.png\" alt=\"\" class=\"wp-image-94588\" width=\"256\" height=\"171\" srcset=\"https:\/\/www.greenpeace.ch\/static\/planet4-switzerland-stateless\/2023\/02\/a5376339-kima.png 512w, https:\/\/www.greenpeace.ch\/static\/planet4-switzerland-stateless\/2023\/02\/a5376339-kima-300x200.png 300w, https:\/\/www.greenpeace.ch\/static\/planet4-switzerland-stateless\/2023\/02\/a5376339-kima-510x340.png 510w\" sizes=\"auto, (max-width: 256px) 100vw, 256px\" \/><\/a><\/figure>\n<\/div>\n\n\n\n<div class=\"wp-block-column is-layout-flow wp-block-column-is-layout-flow\">\n<h3 class=\"wp-block-heading\">Konsum<\/h3>\n\n\n\n<figure class=\"wp-block-image size-full is-resized\"><a href=\"https:\/\/www.greenpeace.ch\/de\/erkunden\/konsum\/\"><img loading=\"lazy\" decoding=\"async\" src=\"https:\/\/www.greenpeace.ch\/static\/planet4-switzerland-stateless\/2023\/02\/26f09873-konsum.png\" alt=\"\" class=\"wp-image-94591\" width=\"256\" height=\"171\" srcset=\"https:\/\/www.greenpeace.ch\/static\/planet4-switzerland-stateless\/2023\/02\/26f09873-konsum.png 512w, https:\/\/www.greenpeace.ch\/static\/planet4-switzerland-stateless\/2023\/02\/26f09873-konsum-300x200.png 300w, https:\/\/www.greenpeace.ch\/static\/planet4-switzerland-stateless\/2023\/02\/26f09873-konsum-510x340.png 510w\" sizes=\"auto, (max-width: 256px) 100vw, 256px\" \/><\/a><\/figure>\n<\/div>\n\n\n\n<div class=\"wp-block-column is-layout-flow wp-block-column-is-layout-flow\">\n<h3 class=\"wp-block-heading\">Meere<\/h3>\n\n\n\n<figure class=\"wp-block-image size-full is-resized\"><a href=\"https:\/\/www.greenpeace.ch\/de\/erkunden\/meer\/\"><img loading=\"lazy\" decoding=\"async\" src=\"https:\/\/www.greenpeace.ch\/static\/planet4-switzerland-stateless\/2023\/02\/157bbb9a-meer.png\" alt=\"\" class=\"wp-image-94594\" width=\"256\" height=\"171\" srcset=\"https:\/\/www.greenpeace.ch\/static\/planet4-switzerland-stateless\/2023\/02\/157bbb9a-meer.png 512w, https:\/\/www.greenpeace.ch\/static\/planet4-switzerland-stateless\/2023\/02\/157bbb9a-meer-300x200.png 300w, https:\/\/www.greenpeace.ch\/static\/planet4-switzerland-stateless\/2023\/02\/157bbb9a-meer-510x340.png 510w\" sizes=\"auto, (max-width: 256px) 100vw, 256px\" \/><\/a><\/figure>\n<\/div>\n<\/div>\n\n<div class=\"wp-block-columns is-layout-flex wp-container-core-columns-is-layout-9d6595d7 wp-block-columns-is-layout-flex\">\n<div class=\"wp-block-column is-layout-flow wp-block-column-is-layout-flow\">\n<h3 class=\"wp-block-heading\">Finanzwirtschaft<\/h3>\n\n\n\n<figure class=\"wp-block-image size-full is-resized\"><a href=\"https:\/\/www.greenpeace.ch\/de\/erkunden\/klima\/nachhaltiger-finanzplatz\/\"><img loading=\"lazy\" decoding=\"async\" src=\"https:\/\/www.greenpeace.ch\/static\/planet4-switzerland-stateless\/2023\/02\/95c2e406-finanzplatz.png\" alt=\"\" class=\"wp-image-94597\" width=\"256\" height=\"171\" srcset=\"https:\/\/www.greenpeace.ch\/static\/planet4-switzerland-stateless\/2023\/02\/95c2e406-finanzplatz.png 512w, https:\/\/www.greenpeace.ch\/static\/planet4-switzerland-stateless\/2023\/02\/95c2e406-finanzplatz-300x200.png 300w, https:\/\/www.greenpeace.ch\/static\/planet4-switzerland-stateless\/2023\/02\/95c2e406-finanzplatz-510x340.png 510w\" sizes=\"auto, (max-width: 256px) 100vw, 256px\" \/><\/a><\/figure>\n<\/div>\n\n\n\n<div class=\"wp-block-column is-layout-flow wp-block-column-is-layout-flow\">\n<h3 class=\"wp-block-heading\">W\u00e4lder<\/h3>\n\n\n\n<figure class=\"wp-block-image size-full is-resized\"><a href=\"https:\/\/www.greenpeace.ch\/de\/erkunden\/wald\/\"><img loading=\"lazy\" decoding=\"async\" src=\"https:\/\/www.greenpeace.ch\/static\/planet4-switzerland-stateless\/2023\/02\/2d2f0c66-waelder.png\" alt=\"\" class=\"wp-image-94600\" width=\"256\" height=\"171\" srcset=\"https:\/\/www.greenpeace.ch\/static\/planet4-switzerland-stateless\/2023\/02\/2d2f0c66-waelder.png 512w, https:\/\/www.greenpeace.ch\/static\/planet4-switzerland-stateless\/2023\/02\/2d2f0c66-waelder-300x200.png 300w, https:\/\/www.greenpeace.ch\/static\/planet4-switzerland-stateless\/2023\/02\/2d2f0c66-waelder-510x340.png 510w\" sizes=\"auto, (max-width: 256px) 100vw, 256px\" \/><\/a><\/figure>\n<\/div>\n\n\n\n<div class=\"wp-block-column is-layout-flow wp-block-column-is-layout-flow\">\n<h3 class=\"wp-block-heading\">Arktis und Antarktis<\/h3>\n\n\n\n<figure class=\"wp-block-image size-full is-resized\"><a href=\"https:\/\/www.greenpeace.ch\/de\/erkunden\/arktis\/\"><img loading=\"lazy\" decoding=\"async\" src=\"https:\/\/www.greenpeace.ch\/static\/planet4-switzerland-stateless\/2023\/02\/1c0ca686-arktis.png\" alt=\"\" class=\"wp-image-94603\" width=\"256\" height=\"171\" srcset=\"https:\/\/www.greenpeace.ch\/static\/planet4-switzerland-stateless\/2023\/02\/1c0ca686-arktis.png 512w, https:\/\/www.greenpeace.ch\/static\/planet4-switzerland-stateless\/2023\/02\/1c0ca686-arktis-300x200.png 300w, https:\/\/www.greenpeace.ch\/static\/planet4-switzerland-stateless\/2023\/02\/1c0ca686-arktis-510x340.png 510w\" sizes=\"auto, (max-width: 256px) 100vw, 256px\" \/><\/a><\/figure>\n<\/div>\n<\/div>\n\n<div class=\"wp-block-columns is-layout-flex wp-container-core-columns-is-layout-9d6595d7 wp-block-columns-is-layout-flex\">\n<div class=\"wp-block-column is-layout-flow wp-block-column-is-layout-flow\">\n<h3 class=\"wp-block-heading\">Change<\/h3>\n\n\n\n<figure class=\"wp-block-image size-full is-resized\"><a href=\"https:\/\/www.greenpeace.ch\/de\/erkunden\/change\/\"><img loading=\"lazy\" decoding=\"async\" src=\"https:\/\/www.greenpeace.ch\/static\/planet4-switzerland-stateless\/2023\/02\/ebaddf43-change.png\" alt=\"\" class=\"wp-image-94606\" width=\"256\" height=\"171\" srcset=\"https:\/\/www.greenpeace.ch\/static\/planet4-switzerland-stateless\/2023\/02\/ebaddf43-change.png 512w, https:\/\/www.greenpeace.ch\/static\/planet4-switzerland-stateless\/2023\/02\/ebaddf43-change-300x200.png 300w, https:\/\/www.greenpeace.ch\/static\/planet4-switzerland-stateless\/2023\/02\/ebaddf43-change-510x340.png 510w\" sizes=\"auto, (max-width: 256px) 100vw, 256px\" \/><\/a><\/figure>\n<\/div>\n\n\n\n<div class=\"wp-block-column is-layout-flow wp-block-column-is-layout-flow\"><\/div>\n\n\n\n<div class=\"wp-block-column is-layout-flow wp-block-column-is-layout-flow\"><\/div>\n<\/div>\n\n<hr class=\"wp-block-separator has-alpha-channel-opacity\"\/>\n\n<h2 class=\"is-style-default wp-block-heading\">Wie Greenpeace seit \u00fcber 50 Jahren die Welt ver\u00e4ndert<\/h2>\n\n<div class=\"wp-block-columns is-layout-flex wp-container-core-columns-is-layout-9d6595d7 wp-block-columns-is-layout-flex\">\n<div class=\"wp-block-column is-layout-flow wp-block-column-is-layout-flow\">\n<h3 class=\"wp-block-heading\">1971<\/h3>\n\n\n\n<p>Greenpeace befreit die Welt von Atomtests: Ausl\u00f6ser ist die erste Greenpeace-Aktion in Alaska.<\/p>\n\n\n\n<h3 class=\"wp-block-heading\"><strong>1991<\/strong><\/h3>\n\n\n\n<p>Nach jahrelangem Greenpeace-Einsatz: Die Antarktis ist f\u00fcr 50 Jahre vor der Rohstoffausbeutung gesch\u00fctzt.<\/p>\n\n\n\n<h3 class=\"wp-block-heading\"><strong>2014<\/strong><\/h3>\n\n\n\n<p>Sieg f\u00fcr die Wale und Greenpeace: Der japanische Walfang wird als illegal eingestuft.<\/p>\n\n\n\n<h3 class=\"wp-block-heading\"><strong>2018<\/strong><\/h3>\n\n\n\n<p>Erfolg der Pestizid-Kampagne: Die wichtigsten Bienengifte werden EU- und schweizweit verboten.<\/p>\n\n\n\n<h3 class=\"wp-block-heading\">2021<\/h3>\n\n\n\n<p>Schutz gegen die Abholzung f\u00fcr Palm\u00f6l: Gemeinsam mit den indigenen Gemeinden erzielt Greenpeace den Schutz von 320\u2019000 Hektar indonesischer W\u00e4lder.<\/p>\n<\/div>\n\n\n\n<div class=\"wp-block-column is-layout-flow wp-block-column-is-layout-flow\">\n<figure class=\"wp-block-image size-large\"><img loading=\"lazy\" decoding=\"async\" width=\"1024\" height=\"600\" src=\"https:\/\/www.greenpeace.ch\/static\/planet4-switzerland-stateless\/2023\/04\/1f076957-bildschirmfoto-2023-04-06-um-10.07.19-1024x600.png\" alt=\"\" class=\"wp-image-96600\" srcset=\"https:\/\/www.greenpeace.ch\/static\/planet4-switzerland-stateless\/2023\/04\/1f076957-bildschirmfoto-2023-04-06-um-10.07.19-1024x600.png 1024w, https:\/\/www.greenpeace.ch\/static\/planet4-switzerland-stateless\/2023\/04\/1f076957-bildschirmfoto-2023-04-06-um-10.07.19-300x176.png 300w, https:\/\/www.greenpeace.ch\/static\/planet4-switzerland-stateless\/2023\/04\/1f076957-bildschirmfoto-2023-04-06-um-10.07.19-768x450.png 768w, https:\/\/www.greenpeace.ch\/static\/planet4-switzerland-stateless\/2023\/04\/1f076957-bildschirmfoto-2023-04-06-um-10.07.19-510x299.png 510w, https:\/\/www.greenpeace.ch\/static\/planet4-switzerland-stateless\/2023\/04\/1f076957-bildschirmfoto-2023-04-06-um-10.07.19.png 1164w\" sizes=\"auto, (max-width: 1024px) 100vw, 1024px\" \/><\/figure>\n<\/div>\n<\/div>\n\n<hr class=\"wp-block-separator has-alpha-channel-opacity\"\/>\n\n<h2 class=\"is-style-default wp-block-heading\">Ihr Beitrag f\u00fcr den Umweltschutz<\/h2>\n\n<p>Greenpeace steht f\u00fcr Unabh\u00e4ngigkeit. Wir arbeiten unabh\u00e4ngig von Regierungen, Parteien und wirtschaftlichen Interessengruppen und finanzieren uns ausschliesslich aus Spenden von Privatpersonen und Zuwendungen von ausgew\u00e4hlten Stiftungen. Das unterscheidet uns ganz wesentlich von vielen anderen Organisationen. Umso dankbarer sind wir Ihnen, wenn Sie mit Ihrem Engagement unsere Arbeit erm\u00f6glichen.<\/p>\n\n<div class=\"wp-block-columns is-layout-flex wp-container-core-columns-is-layout-9d6595d7 wp-block-columns-is-layout-flex\">\n<div class=\"wp-block-column is-layout-flow wp-block-column-is-layout-flow\">\n<h3 class=\"wp-block-heading\"><strong>Spende<\/strong><\/h3>\n\n\n\n<p>Um unsere Kampagnenarbeit zu<br>erm\u00f6glichen, ist <a href=\"https:\/\/www.greenpeace.ch\/de\/handeln\/spenden\/\">jeder Betrag<\/a> wertvoll.<\/p>\n\n\n\n<h3 class=\"wp-block-heading\"><strong>Mitgliedschaft<\/strong><\/h3>\n\n\n\n<p>Werden Sie Teil der <a href=\"https:\/\/www.greenpeace.ch\/de\/handeln\/spenden\/mitglied-werden\/\">Greenpeace Gemeinschaft<\/a> ab CHF 84 pro Jahr.<br>Auch mit einer Geschenkmitgliedschaft bereiten Sie einem lieben Menschen eine Freude.<\/p>\n\n\n\n<h3 class=\"wp-block-heading\"><strong>Anlassspende<\/strong><\/h3>\n\n\n\n<p>Sammeln Sie an Ihrem <a href=\"https:\/\/www.greenpeace.ch\/de\/handeln\/spenden\/ereignis\/\">besonderen Anlass<\/a> f\u00fcr Greenpeace.<\/p>\n\n\n\n<h3 class=\"wp-block-heading\"><strong>Patenschaft<\/strong><\/h3>\n\n\n\n<p>Engagieren Sie sich gezielt f\u00fcr ein <a href=\"https:\/\/www.greenpeace.ch\/de\/handeln\/spenden\/patenschaft\/\">Herzensthema<\/a>.<\/p>\n\n\n\n<h3 class=\"wp-block-heading\"><strong>Philanthropie<\/strong><\/h3>\n\n\n\n<p>Spenden Sie <a href=\"https:\/\/www.greenpeace.ch\/de\/act\/spenden\/stiftungen-und-philanthropie\/\">projektbezogen<\/a> und tun Sie Gutes f\u00fcr unseren Planeten.<\/p>\n\n\n\n<h3 class=\"wp-block-heading\">Verm\u00e4chtnis<\/h3>\n\n\n\n<p>Leisten Sie einen wichtigen Beitrag f\u00fcr die <a href=\"https:\/\/www.greenpeace.ch\/de\/handeln\/spenden\/legate-erbschaften\/\">Welt von morgen<\/a>.<\/p>\n<\/div>\n\n\n\n<div class=\"wp-block-column is-layout-flow wp-block-column-is-layout-flow\">\n<figure class=\"wp-block-image size-large\"><img loading=\"lazy\" decoding=\"async\" width=\"1024\" height=\"683\" src=\"https:\/\/www.greenpeace.ch\/static\/planet4-switzerland-stateless\/2023\/02\/290d8164-gemeinsam-veraendern-wir-die-welt-1024x683.jpg\" alt=\"\" class=\"wp-image-94630\" srcset=\"https:\/\/www.greenpeace.ch\/static\/planet4-switzerland-stateless\/2023\/02\/290d8164-gemeinsam-veraendern-wir-die-welt-1024x683.jpg 1024w, https:\/\/www.greenpeace.ch\/static\/planet4-switzerland-stateless\/2023\/02\/290d8164-gemeinsam-veraendern-wir-die-welt-300x200.jpg 300w, https:\/\/www.greenpeace.ch\/static\/planet4-switzerland-stateless\/2023\/02\/290d8164-gemeinsam-veraendern-wir-die-welt-768x512.jpg 768w, https:\/\/www.greenpeace.ch\/static\/planet4-switzerland-stateless\/2023\/02\/290d8164-gemeinsam-veraendern-wir-die-welt-1536x1024.jpg 1536w, https:\/\/www.greenpeace.ch\/static\/planet4-switzerland-stateless\/2023\/02\/290d8164-gemeinsam-veraendern-wir-die-welt-2048x1366.jpg 2048w, https:\/\/www.greenpeace.ch\/static\/planet4-switzerland-stateless\/2023\/02\/290d8164-gemeinsam-veraendern-wir-die-welt-510x340.jpg 510w\" sizes=\"auto, (max-width: 1024px) 100vw, 1024px\" \/><\/figure>\n\n\n\n<h3 class=\"wp-block-heading\">Freiwilliges Engagement<\/h3>\n\n\n\n<p class=\"has-text-align-left is-style-accent-1\">F\u00fcr die Kampagnen von Greenpeace k\u00f6nnen Sie sich auf verschiedene Arten freiwillig engagieren. Interessiert? Z\u00f6gern Sie nicht. Gemeinsames Handeln mit Gleichgesinnten macht stark und selbstbewusst. <\/p>\n\n\n\n<p>Rufen Sie uns an: 044 447 41 41 (Mo\u2013Do, 9\u201312 Uhr, 14\u201316.30 Uhr) <\/p>\n\n\n\n<p>Schreiben Sie eine Mail an: <a href=\"mailto:schweiz@greenpeace.org\">schweiz@greenpeace.org <\/a><\/p>\n\n\n\n<div class=\"wp-block-button\"><a class=\"wp-block-button__link\" href=\"https:\/\/www.greenpeace.ch\/de\/handeln\/freiwillige\/\" target=\"_blank\" rel=\"noopener noreferrer\">Informieren Sie sich hier \u00fcber Mitmachm\u00f6glichkeiten<\/a><\/div>\n<\/div>\n<\/div>\n","protected":false},"excerpt":{"rendered":"<p>Willkommen bei Greenpeace Schweiz. Auf dieser Seite erf\u00e4hrst du, wie du selber aktiv werden kannst, erkundest wichtige Informationen und erf\u00e4hrst, wie du Greenpeace unterst\u00fctzen kannst.   <\/p>\n","protected":false},"author":49,"featured_media":0,"parent":0,"menu_order":0,"comment_status":"closed","ping_status":"closed","template":"","meta":{"_acf_changed":false,"_planet4_optimize_post_is_variant":false,"_planet4_optimize_experiment_name":"","_planet4_optimize_variant_name":"","ep_exclude_from_search":false,"p4_hide_page_title_checkbox":"on","p4_title":"","p4_subtitle":"","p4_description":"","background_image_id":"","background_image":"","p4_button_title":"","p4_button_link":"","p4_button_link_checkbox":"","p4_og_title":"","p4_og_description":"","p4_og_image":"","p4_og_image_id":"","p4_seo_canonical_url":"","p4_campaign_name":"not set","p4_local_project":"not set","p4_basket_name":"not set","p4_department":"","footnotes":""},"categories":[],"tags":[],"class_list":["post-30958","page","type-page","status-publish","hentry"],"acf":[],"_links":{"self":[{"href":"https:\/\/www.greenpeace.ch\/de\/wp-json\/wp\/v2\/pages\/30958","targetHints":{"allow":["GET"]}}],"collection":[{"href":"https:\/\/www.greenpeace.ch\/de\/wp-json\/wp\/v2\/pages"}],"about":[{"href":"https:\/\/www.greenpeace.ch\/de\/wp-json\/wp\/v2\/types\/page"}],"author":[{"embeddable":true,"href":"https:\/\/www.greenpeace.ch\/de\/wp-json\/wp\/v2\/users\/49"}],"replies":[{"embeddable":true,"href":"https:\/\/www.greenpeace.ch\/de\/wp-json\/wp\/v2\/comments?post=30958"}],"version-history":[{"count":2,"href":"https:\/\/www.greenpeace.ch\/de\/wp-json\/wp\/v2\/pages\/30958\/revisions"}],"predecessor-version":[{"id":119889,"href":"https:\/\/www.greenpeace.ch\/de\/wp-json\/wp\/v2\/pages\/30958\/revisions\/119889"}],"wp:attachment":[{"href":"https:\/\/www.greenpeace.ch\/de\/wp-json\/wp\/v2\/media?parent=30958"}],"wp:term":[{"taxonomy":"category","embeddable":true,"href":"https:\/\/www.greenpeace.ch\/de\/wp-json\/wp\/v2\/categories?post=30958"},{"taxonomy":"post_tag","embeddable":true,"href":"https:\/\/www.greenpeace.ch\/de\/wp-json\/wp\/v2\/tags?post=30958"}],"curies":[{"name":"wp","href":"https:\/\/api.w.org\/{rel}","templated":true}]}}