{"id":31461,"date":"2019-07-04T14:00:18","date_gmt":"2019-07-04T12:00:18","guid":{"rendered":"https:\/\/www.greenpeace.ch\/?page_id=31461"},"modified":"2025-10-14T09:18:37","modified_gmt":"2025-10-14T07:18:37","slug":"konzernverantwortung","status":"publish","type":"page","link":"https:\/\/www.greenpeace.ch\/de\/erkunden\/konzernverantwortung\/","title":{"rendered":"Konzernverantwortung"},"content":{"rendered":"\n\n<div class=\"wp-block-group alignfull is-layout-flow wp-block-group-is-layout-flow\">\n<div class=\"wp-block-group container is-layout-flow wp-block-group-is-layout-flow\">\n<div class=\"wp-block-media-text alignfull has-media-on-the-right is-stacked-on-mobile is-pattern-p4-page-header is-style-parallax\"><div class=\"wp-block-media-text__content\">\n<div class=\"wp-block-group is-layout-flow wp-block-group-is-layout-flow\">\n<h1 class=\"wp-block-heading has-white-background-color has-background\">\n                            Konzernverantwortung\n                        <\/h1>\n<\/div>\n\n\n\n<p>In vielen europ\u00e4ischen L\u00e4ndern gelten f\u00fcr Konzerne Regeln, die besagen, dass die Menschenrechte und internationale Umweltstandards auch bei Gesch\u00e4ften im Ausland einzuhalten sind. Auch die Schweiz muss endlich vorw\u00e4rts machen.<\/p>\n<\/div><figure class=\"wp-block-media-text__media\"><img loading=\"lazy\" decoding=\"async\" width=\"960\" height=\"720\" src=\"https:\/\/www.greenpeace.ch\/static\/planet4-switzerland-stateless\/2019\/07\/36781273-37153419_1736864656360767_6421771509693415424_n.jpg\" alt=\"\" sizes=\"auto, (min-width: 601px) 50vw, 100vw\" srcset=\"https:\/\/www.greenpeace.ch\/static\/planet4-switzerland-stateless\/2019\/07\/36781273-37153419_1736864656360767_6421771509693415424_n.jpg 960w, https:\/\/www.greenpeace.ch\/static\/planet4-switzerland-stateless\/2019\/07\/36781273-37153419_1736864656360767_6421771509693415424_n-300x225.jpg 300w, https:\/\/www.greenpeace.ch\/static\/planet4-switzerland-stateless\/2019\/07\/36781273-37153419_1736864656360767_6421771509693415424_n-768x576.jpg 768w, https:\/\/www.greenpeace.ch\/static\/planet4-switzerland-stateless\/2019\/07\/36781273-37153419_1736864656360767_6421771509693415424_n-453x340.jpg 453w\" class=\"wp-image-31499 size-full\"\/><\/figure><\/div>\n<\/div>\n<\/div>\n\n\n<div class=\"wp-block-columns is-layout-flex wp-container-core-columns-is-layout-9d6595d7 wp-block-columns-is-layout-flex\">\n<div class=\"wp-block-column is-layout-flow wp-block-column-is-layout-flow\">\n<p>Am 24. Mai 2024 hat der Rat der EU die Richtlinie \u00fcber die Sorgfaltspflichten von Unternehmen im Hinblick auf Nachhaltigkeit (EU-Lieferkettenrichtlinie) verabschiedet. Alle EU-Staaten m\u00fcssen sie innerhalb von zwei Jahren ins nationale Recht \u00fcberf\u00fchren. Das heisst, die Schweiz ist in Europa fast das einzige Land ohne Konzernverantwortung.<\/p>\n<\/div>\n\n\n\n<div class=\"wp-block-column is-layout-flow wp-block-column-is-layout-flow\"><div data-render=\"planet4-blocks\/submenu\" data-attributes=\"{&quot;attributes&quot;:{&quot;title&quot;:&quot;Inhalt&quot;,&quot;levels&quot;:[{&quot;heading&quot;:2,&quot;link&quot;:false,&quot;style&quot;:&quot;bullet&quot;}],&quot;className&quot;:&quot;is-style-sidebar&quot;,&quot;submenu_style&quot;:0}}\"><\/div><\/div>\n<\/div>\n\n<h2 class=\"wp-block-heading\">Politischer Hintergrund<\/h2>\n\n<div class=\"wp-block-columns is-layout-flex wp-container-core-columns-is-layout-9d6595d7 wp-block-columns-is-layout-flex\">\n<div class=\"wp-block-column is-layout-flow wp-block-column-is-layout-flow\">\n<p>Im November 2020 war die Konzernverantwortungsinitiative f\u00fcr strengere Regeln zu Umweltschutz und Menschenrechten knapp am St\u00e4ndemehr gescheitert. Das Volk hatte die Initiative mit 50,7 Prozent angenommen.&nbsp;<\/p>\n\n\n\n<p>Die Volksmehrheit wollte, dass Konzerne f\u00fcr ihre Verfehlungen gerade stehen m\u00fcssen. Wer die Umwelt verschmutzt, muss die Sch\u00e4den beheben. Denn kurzfristiges Profitdenken auf Kosten der Umwelt zahlt sich langfristig nicht aus und schadet der Gesundheit aller.<\/p>\n\n\n\n<p>Anfang 2022 trat der bundesr\u00e4tliche Gegenvorschlag in Kraft, doch dieser f\u00fchrte nur dazu, dass Konzerne mehr Hochglanz-Brosch\u00fcren produziert haben.<\/p>\n<\/div>\n<\/div>\n\n<div class=\"wp-block-columns is-layout-flex wp-container-core-columns-is-layout-9d6595d7 wp-block-columns-is-layout-flex\">\n<div class=\"wp-block-column is-layout-flow wp-block-column-is-layout-flow\">\n<p>Der Bundesrat hatte sich gegen die Initiative ausgesprochen, unter anderem mit dem Argument, ein Schweizer Alleingang sei nicht sinnvoll. Man wolle ein \u00abinternational abgestimmtes Vorgehen\u00bb. Im Klartext: Die Schweiz sollte sich nach der EU ausrichten.Die EU hat vorw\u00e4rts gemacht. Die Schweiz hingegen ist stehengeblieben. Die <a href=\"https:\/\/konzernverantwortung.ch\/\">Koalition f\u00fcr Konzernverantwortung<\/a> fordert deshalb rasch ein griffiges Konzernverantwortungsgesetz. Die Koalition besteht aus \u00fcber 80 Menschenrechts- und Umweltorganisationen, darunter Greenpeace.<\/p>\n<\/div>\n\n\n\n<div class=\"wp-block-column is-layout-flow wp-block-column-is-layout-flow\">\n<figure class=\"wp-block-image size-large\"><img loading=\"lazy\" decoding=\"async\" width=\"1024\" height=\"408\" src=\"https:\/\/www.greenpeace.ch\/static\/planet4-switzerland-stateless\/2024\/09\/7f7aa06f-240523_vergleichsgrafik_de-1600x638-1-1024x408.jpg\" alt=\"\" class=\"wp-image-112977\" srcset=\"https:\/\/www.greenpeace.ch\/static\/planet4-switzerland-stateless\/2024\/09\/7f7aa06f-240523_vergleichsgrafik_de-1600x638-1-1024x408.jpg 1024w, https:\/\/www.greenpeace.ch\/static\/planet4-switzerland-stateless\/2024\/09\/7f7aa06f-240523_vergleichsgrafik_de-1600x638-1-300x120.jpg 300w, https:\/\/www.greenpeace.ch\/static\/planet4-switzerland-stateless\/2024\/09\/7f7aa06f-240523_vergleichsgrafik_de-1600x638-1-768x306.jpg 768w, https:\/\/www.greenpeace.ch\/static\/planet4-switzerland-stateless\/2024\/09\/7f7aa06f-240523_vergleichsgrafik_de-1600x638-1-1536x612.jpg 1536w, https:\/\/www.greenpeace.ch\/static\/planet4-switzerland-stateless\/2024\/09\/7f7aa06f-240523_vergleichsgrafik_de-1600x638-1-510x203.jpg 510w, https:\/\/www.greenpeace.ch\/static\/planet4-switzerland-stateless\/2024\/09\/7f7aa06f-240523_vergleichsgrafik_de-1600x638-1.jpg 1600w\" sizes=\"auto, (max-width: 1024px) 100vw, 1024px\" \/><figcaption><div class=\"credit icon-left\"> \u00a9 Koalition f\u00fcr Konzernverantwortung<\/div><\/figcaption><\/figure>\n<\/div>\n<\/div>\n\n<h2 class=\"wp-block-heading\">Fallbeispiele<\/h2>\n\n<div class=\"wp-block-columns has-2-columns is-layout-flex wp-container-core-columns-is-layout-9d6595d7 wp-block-columns-is-layout-flex\">\n<div class=\"wp-block-column is-layout-flow wp-block-column-is-layout-flow\">\n<p>Die meisten Schweizer Firmen, die im Ausland t\u00e4tig sind, respektieren Menschenrechte und Umweltstandards. Doch es gibt auch andere: Eine <a href=\"https:\/\/konzernverantwortung.ch\/beispiele\/die-glencore-mine-antapaccay-verseucht-einen-landstrich-in-peru\/\">Glencore-Mine verseucht einen Landstrich<\/a> in Peru, in einer Vorzeigemine der <a href=\"https:\/\/konzernverantwortung.ch\/beispiele\/gold-aus-peruanischer-horror-mine-landet-bei-ubs-und-schweizer-luxusmarken\/\">Schweizer Goldindustrie sterben 27 Minenarbeiter<\/a> und der Agrarchemie-Konzern <a href=\"https:\/\/konzernverantwortung.ch\/beispiele\/syngenta-kaffee-von-farmen-mit-sklavereiahnlichen-arbeitsbedingungen\/\">Syngenta verkauft Kaffee aus sklaverei\u00e4hnlichen Arbeitsbedingungen<\/a>.&nbsp;<br><br><br><\/p>\n<\/div>\n\n\n\n<div class=\"wp-block-column is-layout-flow wp-block-column-is-layout-flow\">\n<figure class=\"wp-block-image size-large\"><img loading=\"lazy\" decoding=\"async\" width=\"1024\" height=\"682\" src=\"https:\/\/www.greenpeace.ch\/static\/planet4-switzerland-stateless\/2024\/09\/7f8ae216-mg8-1600x1066-1-1024x682.jpg\" alt=\"\" class=\"wp-image-112974\" srcset=\"https:\/\/www.greenpeace.ch\/static\/planet4-switzerland-stateless\/2024\/09\/7f8ae216-mg8-1600x1066-1-1024x682.jpg 1024w, https:\/\/www.greenpeace.ch\/static\/planet4-switzerland-stateless\/2024\/09\/7f8ae216-mg8-1600x1066-1-300x200.jpg 300w, https:\/\/www.greenpeace.ch\/static\/planet4-switzerland-stateless\/2024\/09\/7f8ae216-mg8-1600x1066-1-768x512.jpg 768w, https:\/\/www.greenpeace.ch\/static\/planet4-switzerland-stateless\/2024\/09\/7f8ae216-mg8-1600x1066-1-1536x1023.jpg 1536w, https:\/\/www.greenpeace.ch\/static\/planet4-switzerland-stateless\/2024\/09\/7f8ae216-mg8-1600x1066-1-510x340.jpg 510w, https:\/\/www.greenpeace.ch\/static\/planet4-switzerland-stateless\/2024\/09\/7f8ae216-mg8-1600x1066-1.jpg 1600w\" sizes=\"auto, (max-width: 1024px) 100vw, 1024px\" \/><figcaption><div class=\"credit icon-left\"> \u00a9 Miguel Gutierrez Chero<\/div><\/figcaption><\/figure>\n<\/div>\n<\/div>\n\n<h2 class=\"wp-block-heading\">LafargeHolcim: Eine Greenpeace-Recherche<\/h2>\n\n<div class=\"wp-block-columns has-2-columns is-layout-flex wp-container-core-columns-is-layout-9d6595d7 wp-block-columns-is-layout-flex\">\n<div class=\"wp-block-column is-layout-flow wp-block-column-is-layout-flow\">\n<p>2020 ver\u00f6ffentlichte Greenpeace Schweiz den <a href=\"https:\/\/www.greenpeace.ch\/static\/planet4-switzerland-stateless\/2020\/11\/6171a8d5-derholcimreport_greenpeaceschweiz_4nov2020.pdf\">\u00abHolcim-Report\u00bb<\/a>. Er deckt 122 F\u00e4lle von Umweltverschmutzung und Menschenrechtsverletzungen in 34 L\u00e4ndern auf, f\u00fcr die der Schweizer Konzern LafargeHolcim verantwortlich ist oder Verantwortung \u00fcbernehmen m\u00fcsste.&nbsp;<br><br> <\/p>\n\n\n\n<div class=\"wp-block-buttons is-layout-flex wp-block-buttons-is-layout-flex\">\n<div class=\"wp-block-button\"><a class=\"wp-block-button__link wp-element-button\" href=\"https:\/\/www.greenpeace.ch\/static\/planet4-switzerland-stateless\/2020\/11\/6171a8d5-derholcimreport_greenpeaceschweiz_4nov2020.pdf\" target=\"_blank\" rel=\"noreferrer noopener\">Zum Report<\/a><\/div>\n<\/div>\n<\/div>\n\n\n\n<div class=\"wp-block-column is-layout-flow wp-block-column-is-layout-flow\">\n<figure class=\"wp-block-embed is-type-video is-provider-youtube wp-block-embed-youtube wp-embed-aspect-16-9 wp-has-aspect-ratio\"><div class=\"wp-block-embed__wrapper\">\n<iframe loading=\"lazy\" title=\"Skandal: 122 F\u00e4lle von Umweltverschmutzung und Menschenrechtsverletzungen in 34 L\u00e4ndern\" width=\"500\" height=\"281\" src=\"https:\/\/www.youtube-nocookie.com\/embed\/g1pEAVbS5tw?feature=oembed&#038;rel=0\" frameborder=\"0\" allow=\"accelerometer; autoplay; clipboard-write; encrypted-media; gyroscope; picture-in-picture; web-share\" referrerpolicy=\"strict-origin-when-cross-origin\" allowfullscreen><\/iframe>\n<\/div><\/figure>\n<\/div>\n<\/div>\n\n<h2 class=\"wp-block-heading\">Was du tun kannst<\/h2>\n\n<p>Werde <a href=\"https:\/\/www.greenpeace.ch\/de\/handeln\/spenden\/\">Greenpeace-Mitglied<\/a> oder Spender*in. Zusammen k\u00f6nnen wir uns auch in Zukunft daf\u00fcr einsetzen, dass Konzerne ihre Verantwortung wahrnehmen!<\/p>\n    \n\n<div class=\"wp-block-query posts-list p4-query-loop is-custom-layout-list is-layout-flow wp-block-query-is-layout-flow\">\n<div class=\"wp-block-group is-content-justification-space-between is-layout-flex wp-container-core-group-is-layout-3d213aab wp-block-group-is-layout-flex\">\n<h2 class=\"wp-block-heading\">Aktuelle Beitr\u00e4ge<\/h2>\n\n\n<li class=\" wp-block-navigation-item see-all-link wp-block-navigation-link\"><a class=\"wp-block-navigation-item__content\"  href=\"http:\/\/www.greenpeace.ch\/de\/posts\/?tag=konzernverantwortung&#038;post-type=story\"><span class=\"wp-block-navigation-item__label\">See all posts<\/span><\/a><\/li><\/div>\n\n\n\n<p style=\"margin-top:24px;margin-bottom:36px\"><\/p>\n\n\n\n\n<ul class=\"wp-block-post-template is-layout-flow wp-block-post-template-is-layout-flow\"><li class=\"wp-block-post post-60843 post type-post status-publish format-standard has-post-thumbnail hentry category-unkategorisiert tag-konzernverantwortung p4-page-type-hintergrund gpch-article-type-essay\">\n\n<div class=\"wp-block-columns is-layout-flex wp-container-core-columns-is-layout-9d6595d7 wp-block-columns-is-layout-flex\"><figure class=\"wp-block-post-featured-image\"><a href=\"https:\/\/www.greenpeace.ch\/de\/hintergrund\/60843\/konzern-heisst-concern\/\" target=\"_self\"  ><img loading=\"lazy\" decoding=\"async\" width=\"2009\" height=\"2560\" src=\"https:\/\/www.greenpeace.ch\/static\/planet4-switzerland-stateless\/2020\/11\/2839f4fb-2_tankerunglu\u0308ck-scaled.jpg\" class=\"attachment-post-thumbnail size-post-thumbnail wp-post-image wp-stateless-item\" alt=\"Konzern heisst: Concern!\" style=\"object-fit:cover;\" srcset=\"https:\/\/www.greenpeace.ch\/static\/planet4-switzerland-stateless\/2020\/11\/2839f4fb-2_tankerunglu\u0308ck-scaled.jpg 2009w, https:\/\/www.greenpeace.ch\/static\/planet4-switzerland-stateless\/2020\/11\/2839f4fb-2_tankerunglu\u0308ck-235x300.jpg 235w, https:\/\/www.greenpeace.ch\/static\/planet4-switzerland-stateless\/2020\/11\/2839f4fb-2_tankerunglu\u0308ck-804x1024.jpg 804w, https:\/\/www.greenpeace.ch\/static\/planet4-switzerland-stateless\/2020\/11\/2839f4fb-2_tankerunglu\u0308ck-768x979.jpg 768w, https:\/\/www.greenpeace.ch\/static\/planet4-switzerland-stateless\/2020\/11\/2839f4fb-2_tankerunglu\u0308ck-1206x1536.jpg 1206w, https:\/\/www.greenpeace.ch\/static\/planet4-switzerland-stateless\/2020\/11\/2839f4fb-2_tankerunglu\u0308ck-1607x2048.jpg 1607w, https:\/\/www.greenpeace.ch\/static\/planet4-switzerland-stateless\/2020\/11\/2839f4fb-2_tankerunglu\u0308ck-1072x1366.jpg 1072w, https:\/\/www.greenpeace.ch\/static\/planet4-switzerland-stateless\/2020\/11\/2839f4fb-2_tankerunglu\u0308ck-267x340.jpg 267w\" sizes=\"auto, (max-width: 2009px) 100vw, 2009px\" data-image-size=\"post-thumbnail\" data-stateless-media-bucket=\"planet4-switzerland-stateless\" data-stateless-media-name=\"2020\/11\/2839f4fb-2_tankerunglu\u0308ck-scaled.jpg\" \/><\/a><\/figure>\n\n\n<div class=\"wp-block-group is-layout-flow wp-block-group-is-layout-flow\">\n<div class=\"wp-block-group is-layout-flex wp-block-group-is-layout-flex\"><div class=\"wp-block-post-terms\"><a href=\"https:\/\/www.greenpeace.ch\/de\/hintergrund\/\">Hintergrund<\/a><\/div>\n\n<div class=\"taxonomy-post_tag wp-block-post-terms\"><a href=\"https:\/\/www.greenpeace.ch\/de\/tag\/konzernverantwortung\/\" rel=\"tag\">Konzernverantwortung<\/a><\/div><\/div>\n\n\n<h3 class=\"wp-block-post-title\"><a href=\"https:\/\/www.greenpeace.ch\/de\/hintergrund\/60843\/konzern-heisst-concern\/\" target=\"_self\" >Konzern heisst: Concern!<\/a><\/h3>\n\n<div class=\"wp-block-post-excerpt\"><p class=\"wp-block-post-excerpt__excerpt\">Die Konzernverantwortungsinitiative verpflichtet Schweizer Unternehmen, Mensch und Umwelt zu respektieren. Auch im Ausland, inklusive ihrer Tochtergesellschaften. Eigentlich eine Selbstverst\u00e4ndlichkeit. Weshalb streiten wir dann? <\/p><\/div>\n\n\n<div class=\"wp-block-group posts-list-meta is-layout-flow wp-block-group-is-layout-flow\"><span class='article-list-item-author'>Christian Schmidt<\/span>\n\n<div class=\"wp-block-post-date\"><time datetime=\"2020-11-16T17:05:37+01:00\">16. November 2020<\/time><\/div><\/div>\n<\/div>\n<\/div>\n\n<\/li><li class=\"wp-block-post post-59924 post type-post status-publish format-standard has-post-thumbnail hentry category-greenpeace category-weitere-themen tag-konzernverantwortung p4-page-type-story\">\n\n<div class=\"wp-block-columns is-layout-flex wp-container-core-columns-is-layout-9d6595d7 wp-block-columns-is-layout-flex\"><figure class=\"wp-block-post-featured-image\"><a href=\"https:\/\/www.greenpeace.ch\/de\/story\/59924\/umweltverschmutzung-und-kranke-menschen\/\" target=\"_self\"  ><img loading=\"lazy\" decoding=\"async\" width=\"1993\" height=\"1175\" src=\"https:\/\/www.greenpeace.ch\/static\/planet4-switzerland-stateless\/2020\/11\/64955502-gp1suih8_pressmedia-e1604055446324.jpg\" class=\"attachment-post-thumbnail size-post-thumbnail wp-post-image wp-stateless-item\" alt=\"\u00abEine Schweinerei\u00bb\" style=\"object-fit:cover;\" srcset=\"https:\/\/www.greenpeace.ch\/static\/planet4-switzerland-stateless\/2020\/11\/64955502-gp1suih8_pressmedia-e1604055446324.jpg 1993w, https:\/\/www.greenpeace.ch\/static\/planet4-switzerland-stateless\/2020\/11\/64955502-gp1suih8_pressmedia-e1604055446324-300x177.jpg 300w, https:\/\/www.greenpeace.ch\/static\/planet4-switzerland-stateless\/2020\/11\/64955502-gp1suih8_pressmedia-e1604055446324-1024x604.jpg 1024w, https:\/\/www.greenpeace.ch\/static\/planet4-switzerland-stateless\/2020\/11\/64955502-gp1suih8_pressmedia-e1604055446324-768x453.jpg 768w, https:\/\/www.greenpeace.ch\/static\/planet4-switzerland-stateless\/2020\/11\/64955502-gp1suih8_pressmedia-e1604055446324-1536x906.jpg 1536w, https:\/\/www.greenpeace.ch\/static\/planet4-switzerland-stateless\/2020\/11\/64955502-gp1suih8_pressmedia-e1604055446324-510x301.jpg 510w\" sizes=\"auto, (max-width: 1993px) 100vw, 1993px\" data-image-size=\"post-thumbnail\" data-stateless-media-bucket=\"planet4-switzerland-stateless\" data-stateless-media-name=\"2020\/11\/64955502-gp1suih8_pressmedia-e1604055446324.jpg\" \/><\/a><\/figure>\n\n\n<div class=\"wp-block-group is-layout-flow wp-block-group-is-layout-flow\">\n<div class=\"wp-block-group is-layout-flex wp-block-group-is-layout-flex\"><div class=\"wp-block-post-terms\"><a href=\"https:\/\/www.greenpeace.ch\/de\/story\/\">Story<\/a><\/div>\n\n<div class=\"taxonomy-post_tag wp-block-post-terms\"><a href=\"https:\/\/www.greenpeace.ch\/de\/tag\/konzernverantwortung\/\" rel=\"tag\">Konzernverantwortung<\/a><\/div><\/div>\n\n\n<h3 class=\"wp-block-post-title\"><a href=\"https:\/\/www.greenpeace.ch\/de\/story\/59924\/umweltverschmutzung-und-kranke-menschen\/\" target=\"_self\" >\u00abEine Schweinerei\u00bb<\/a><\/h3>\n\n<div class=\"wp-block-post-excerpt\"><p class=\"wp-block-post-excerpt__excerpt\">122 F\u00e4lle von Umweltverschmutzung und Menschenrechtsverletzungen in 34 L\u00e4ndern, f\u00fcr die der Schweizer Konzern LafargeHolcim verantwortlich ist oder Verantwortung \u00fcbernehmen m\u00fcsste. Das ist das Ergebnis von Recherchen von Greenpeace Schweiz. <\/p><\/div>\n\n\n<div class=\"wp-block-group posts-list-meta is-layout-flow wp-block-group-is-layout-flow\"><span class='article-list-item-author'>Yves Zenger<\/span>\n\n<div class=\"wp-block-post-date\"><time datetime=\"2020-11-04T06:30:00+01:00\">4. November 2020<\/time><\/div><\/div>\n<\/div>\n<\/div>\n\n<\/li><\/ul>\n\n\n<div class=\"wp-block-buttons carousel-controls is-horizontal is-content-justification-space-between is-nowrap is-layout-flex wp-container-core-buttons-is-layout-044bd602 wp-block-buttons-is-layout-flex\">\n<div class=\"wp-block-button carousel-control-prev\"><button type=\"button\" class=\"wp-block-button__link wp-element-button\">Prev<\/button><\/div>\n\n\n\n<div class=\"wp-block-button carousel-control-next\"><button type=\"button\" class=\"wp-block-button__link wp-element-button\">Next<\/button><\/div>\n<\/div>\n\n\n<li class=\" wp-block-navigation-item see-all-link wp-block-navigation-link\"><a class=\"wp-block-navigation-item__content\"  href=\"http:\/\/www.greenpeace.ch\/de\/posts\/?tag=konzernverantwortung&#038;post-type=story\"><span class=\"wp-block-navigation-item__label\">Alle Beitr\u00e4ge anzeigen<\/span><\/a><\/li><\/div>\n","protected":false},"excerpt":{"rendered":"<p>Die Konzernverantwortungsinitiative wurde 2020 vom Schweizer Stimmvolk abgelehnt. Der Kampf f\u00fcr Gerechtigkeit geht jedoch weiter. Erfahre mehr. <\/p>\n","protected":false},"author":30,"featured_media":31499,"parent":493,"menu_order":0,"comment_status":"closed","ping_status":"closed","template":"","meta":{"_acf_changed":false,"_planet4_optimize_post_is_variant":false,"_planet4_optimize_experiment_name":"","_planet4_optimize_variant_name":"","ep_exclude_from_search":false,"p4_hide_page_title_checkbox":"on","p4_title":"","p4_subtitle":"","p4_description":"","background_image_id":"","background_image":"","p4_button_title":"","p4_button_link":"","p4_button_link_checkbox":"","p4_og_title":"","p4_og_description":"","p4_og_image":"","p4_og_image_id":"","p4_seo_canonical_url":"","p4_campaign_name":"not set","p4_local_project":"not set","p4_basket_name":"not set","p4_department":"","footnotes":""},"categories":[],"tags":[72],"class_list":["post-31461","page","type-page","status-publish","has-post-thumbnail","hentry","tag-konzernverantwortung"],"acf":[],"_links":{"self":[{"href":"https:\/\/www.greenpeace.ch\/de\/wp-json\/wp\/v2\/pages\/31461","targetHints":{"allow":["GET"]}}],"collection":[{"href":"https:\/\/www.greenpeace.ch\/de\/wp-json\/wp\/v2\/pages"}],"about":[{"href":"https:\/\/www.greenpeace.ch\/de\/wp-json\/wp\/v2\/types\/page"}],"author":[{"embeddable":true,"href":"https:\/\/www.greenpeace.ch\/de\/wp-json\/wp\/v2\/users\/30"}],"replies":[{"embeddable":true,"href":"https:\/\/www.greenpeace.ch\/de\/wp-json\/wp\/v2\/comments?post=31461"}],"version-history":[{"count":14,"href":"https:\/\/www.greenpeace.ch\/de\/wp-json\/wp\/v2\/pages\/31461\/revisions"}],"predecessor-version":[{"id":126817,"href":"https:\/\/www.greenpeace.ch\/de\/wp-json\/wp\/v2\/pages\/31461\/revisions\/126817"}],"up":[{"embeddable":true,"href":"https:\/\/www.greenpeace.ch\/de\/wp-json\/wp\/v2\/pages\/493"}],"wp:featuredmedia":[{"embeddable":true,"href":"https:\/\/www.greenpeace.ch\/de\/wp-json\/wp\/v2\/media\/31499"}],"wp:attachment":[{"href":"https:\/\/www.greenpeace.ch\/de\/wp-json\/wp\/v2\/media?parent=31461"}],"wp:term":[{"taxonomy":"category","embeddable":true,"href":"https:\/\/www.greenpeace.ch\/de\/wp-json\/wp\/v2\/categories?post=31461"},{"taxonomy":"post_tag","embeddable":true,"href":"https:\/\/www.greenpeace.ch\/de\/wp-json\/wp\/v2\/tags?post=31461"}],"curies":[{"name":"wp","href":"https:\/\/api.w.org\/{rel}","templated":true}]}}