{"id":34497,"date":"2019-08-14T13:02:42","date_gmt":"2019-08-14T11:02:42","guid":{"rendered":"https:\/\/www.greenpeace.ch\/?page_id=34497"},"modified":"2025-10-14T09:18:32","modified_gmt":"2025-10-14T07:18:32","slug":"danke","status":"publish","type":"page","link":"https:\/\/www.greenpeace.ch\/de\/kostenloser-testament-ratgeber\/danke\/","title":{"rendered":"Vielen Dank f\u00fcr Ihre Bestellung"},"content":{"rendered":"\n\n<div class=\"wp-block-group alignfull is-layout-flow wp-block-group-is-layout-flow\">\n<div class=\"wp-block-group container is-layout-flow wp-block-group-is-layout-flow\">\n<div class=\"wp-block-media-text alignfull has-media-on-the-right is-stacked-on-mobile is-pattern-p4-page-header is-style-parallax\"><div class=\"wp-block-media-text__content\">\n<div class=\"wp-block-group is-layout-flow wp-block-group-is-layout-flow\">\n<h1 class=\"wp-block-heading has-white-background-color has-background\">\n                            Vielen Dank f\u00fcr Ihre Bestellung\n                        <\/h1>\n<\/div>\n<\/div><figure class=\"wp-block-media-text__media\"><img loading=\"lazy\" decoding=\"async\" width=\"2500\" height=\"1667\" src=\"https:\/\/www.greenpeace.ch\/static\/planet4-switzerland-stateless\/2019\/06\/faf7b7dc-510e7980-gp0strvj1_pressmedia-compressor.jpg\" alt=\"\" sizes=\"auto, (min-width: 601px) 50vw, 100vw\" srcset=\"https:\/\/www.greenpeace.ch\/static\/planet4-switzerland-stateless\/2019\/06\/faf7b7dc-510e7980-gp0strvj1_pressmedia-compressor.jpg 2500w, https:\/\/www.greenpeace.ch\/static\/planet4-switzerland-stateless\/2019\/06\/faf7b7dc-510e7980-gp0strvj1_pressmedia-compressor-300x200.jpg 300w, https:\/\/www.greenpeace.ch\/static\/planet4-switzerland-stateless\/2019\/06\/faf7b7dc-510e7980-gp0strvj1_pressmedia-compressor-768x512.jpg 768w, https:\/\/www.greenpeace.ch\/static\/planet4-switzerland-stateless\/2019\/06\/faf7b7dc-510e7980-gp0strvj1_pressmedia-compressor-1024x683.jpg 1024w, https:\/\/www.greenpeace.ch\/static\/planet4-switzerland-stateless\/2019\/06\/faf7b7dc-510e7980-gp0strvj1_pressmedia-compressor-2048x1366.jpg 2048w, https:\/\/www.greenpeace.ch\/static\/planet4-switzerland-stateless\/2019\/06\/faf7b7dc-510e7980-gp0strvj1_pressmedia-compressor-510x340.jpg 510w\" class=\"wp-image-30326 size-full\"\/><\/figure><\/div>\n<\/div>\n<\/div>\n\n\n<p>Vielen Dank f\u00fcr Ihre Bestellung und dass Sie Greenpeace Ihr Vertrauen schenken. Sie werden den Ratgeber entweder per E-Mail oder Post erhalten.<\/p>\n\n<p>Freundliche Gr\u00fcsse<\/p>\n\n<p>Claudia Steiger<br>Verantwortliche Erbschaften <\/p>\n\n<div class=\"wp-block-query posts-list p4-query-loop is-custom-layout-list is-layout-flow wp-block-query-is-layout-flow\">\n<div class=\"wp-block-group is-content-justification-space-between is-layout-flex wp-container-core-group-is-layout-3d213aab wp-block-group-is-layout-flex\">\n<h2 class=\"wp-block-heading\">Weitere Informationen zu Legaten und Erbschaften<\/h2>\n\n\n<li class=\" wp-block-navigation-item see-all-link wp-block-navigation-link\"><a class=\"wp-block-navigation-item__content\"  href=\"http:\/\/www.greenpeace.ch\/de\/posts\/\"><span data-ga-category=\"Posts List\" data-ga-action=\"See More Link\" data-ga-label=\"n\/a\" class=\"wp-block-navigation-item__label\">See all stories<\/span><\/a><\/li><\/div>\n\n\n\n<p style=\"margin-top:24px;margin-bottom:36px\"><\/p>\n\n\n\n\n<ul class=\"wp-block-post-template is-layout-flow wp-block-post-template-is-layout-flow\"><li class=\"wp-block-post post-87250 post type-post status-publish format-standard has-post-thumbnail hentry category-unkategorisiert p4-page-type-story\">\n\n<div class=\"wp-block-columns is-layout-flex wp-container-core-columns-is-layout-9d6595d7 wp-block-columns-is-layout-flex\"><figure class=\"wp-block-post-featured-image\"><a href=\"https:\/\/www.greenpeace.ch\/de\/story\/87250\/digitaler-nachlass\/\" target=\"_self\"  ><img loading=\"lazy\" decoding=\"async\" data-ga-category=\"Posts List\" data-ga-action=\"Image\" data-ga-label=\"n\/a\" width=\"799\" height=\"532\" src=\"https:\/\/www.greenpeace.ch\/static\/planet4-switzerland-stateless\/2022\/06\/48265ad8-gp0stpoe6_.jpg\" class=\"attachment-post-thumbnail size-post-thumbnail wp-post-image wp-stateless-item\" alt=\"Digitaler Nachlass \u2013 was geschieht damit?\" style=\"object-fit:cover;\" srcset=\"https:\/\/www.greenpeace.ch\/static\/planet4-switzerland-stateless\/2022\/06\/48265ad8-gp0stpoe6_.jpg 799w, https:\/\/www.greenpeace.ch\/static\/planet4-switzerland-stateless\/2022\/06\/48265ad8-gp0stpoe6_-300x200.jpg 300w, https:\/\/www.greenpeace.ch\/static\/planet4-switzerland-stateless\/2022\/06\/48265ad8-gp0stpoe6_-768x511.jpg 768w, https:\/\/www.greenpeace.ch\/static\/planet4-switzerland-stateless\/2022\/06\/48265ad8-gp0stpoe6_-510x340.jpg 510w\" sizes=\"auto, (max-width: 799px) 100vw, 799px\" data-image-size=\"post-thumbnail\" data-stateless-media-bucket=\"planet4-switzerland-stateless\" data-stateless-media-name=\"2022\/06\/48265ad8-gp0stpoe6_.jpg\" \/><\/a><\/figure>\n\n\n<div class=\"wp-block-group is-layout-flow wp-block-group-is-layout-flow\"><h3 class=\"wp-block-post-title\"><a data-ga-category=\"Posts List\" data-ga-action=\"Title\" data-ga-label=\"n\/a\" href=\"https:\/\/www.greenpeace.ch\/de\/story\/87250\/digitaler-nachlass\/\" target=\"_self\" >Digitaler Nachlass \u2013 was geschieht damit?<\/a><\/h3>\n\n<div class=\"wp-block-post-excerpt\"><p class=\"wp-block-post-excerpt__excerpt\">Heute hinterlassen die allermeisten Menschen auch ein \u00abdigitales Erbe\u00bb. Dazu geh\u00f6ren virtuelle Daten wie der Zugang zu E-Mail-Konten, Social-Media-Profilen, digitalen Verm\u00f6genswerten und W\u00e4hrungen (Kryptow\u00e4hrungen), aber auch der Inhalt von physischen Datentr\u00e4gern wie Festplatten, Computern und Mobiltelefonen. <\/p><\/div><\/div>\n<\/div>\n\n<\/li><li class=\"wp-block-post post-86273 post type-post status-publish format-standard has-post-thumbnail hentry category-unkategorisiert p4-page-type-story\">\n\n<div class=\"wp-block-columns is-layout-flex wp-container-core-columns-is-layout-9d6595d7 wp-block-columns-is-layout-flex\"><figure class=\"wp-block-post-featured-image\"><a href=\"https:\/\/www.greenpeace.ch\/de\/story\/86273\/erbanteile-aufteilen\/\" target=\"_self\"  ><img loading=\"lazy\" decoding=\"async\" data-ga-category=\"Posts List\" data-ga-action=\"Image\" data-ga-label=\"n\/a\" width=\"1024\" height=\"573\" src=\"https:\/\/www.greenpeace.ch\/static\/planet4-switzerland-stateless\/2022\/05\/9ad444d9-beitrag1.png\" class=\"attachment-post-thumbnail size-post-thumbnail wp-post-image wp-stateless-item\" alt=\"Erbanteile aufteilen \u2013 wer bekommt was?\" style=\"object-fit:cover;\" srcset=\"https:\/\/www.greenpeace.ch\/static\/planet4-switzerland-stateless\/2022\/05\/9ad444d9-beitrag1.png 1024w, https:\/\/www.greenpeace.ch\/static\/planet4-switzerland-stateless\/2022\/05\/9ad444d9-beitrag1-300x168.png 300w, https:\/\/www.greenpeace.ch\/static\/planet4-switzerland-stateless\/2022\/05\/9ad444d9-beitrag1-768x430.png 768w, https:\/\/www.greenpeace.ch\/static\/planet4-switzerland-stateless\/2022\/05\/9ad444d9-beitrag1-510x285.png 510w\" sizes=\"auto, (max-width: 1024px) 100vw, 1024px\" data-image-size=\"post-thumbnail\" data-stateless-media-bucket=\"planet4-switzerland-stateless\" data-stateless-media-name=\"2022\/05\/9ad444d9-beitrag1.png\" \/><\/a><\/figure>\n\n\n<div class=\"wp-block-group is-layout-flow wp-block-group-is-layout-flow\"><h3 class=\"wp-block-post-title\"><a data-ga-category=\"Posts List\" data-ga-action=\"Title\" data-ga-label=\"n\/a\" href=\"https:\/\/www.greenpeace.ch\/de\/story\/86273\/erbanteile-aufteilen\/\" target=\"_self\" >Erbanteile aufteilen \u2013 wer bekommt was?<\/a><\/h3>\n\n<div class=\"wp-block-post-excerpt\"><p class=\"wp-block-post-excerpt__excerpt\">Immer mehr Menschen legen viel Wert auf Selbstbestimmung: Rund die H\u00e4lfte aller Personen in der Schweiz erstellt ein Testament \u2013 und entscheidet selbst, was mit dem Nachlass einmal geschehen soll.\u00a0 <\/p><\/div><\/div>\n<\/div>\n\n<\/li><li class=\"wp-block-post post-86261 post type-post status-publish format-standard has-post-thumbnail hentry category-unkategorisiert p4-page-type-story\">\n\n<div class=\"wp-block-columns is-layout-flex wp-container-core-columns-is-layout-9d6595d7 wp-block-columns-is-layout-flex\"><figure class=\"wp-block-post-featured-image\"><a href=\"https:\/\/www.greenpeace.ch\/de\/story\/86261\/neues-erbrecht-2023\/\" target=\"_self\"  ><img loading=\"lazy\" decoding=\"async\" data-ga-category=\"Posts List\" data-ga-action=\"Image\" data-ga-label=\"n\/a\" width=\"800\" height=\"533\" src=\"https:\/\/www.greenpeace.ch\/static\/planet4-switzerland-stateless\/2022\/05\/7cd1d916-gp0stpwpr_.jpg\" class=\"attachment-post-thumbnail size-post-thumbnail wp-post-image wp-stateless-item\" alt=\"Neues Erbrecht ab 2023\" style=\"object-fit:cover;\" srcset=\"https:\/\/www.greenpeace.ch\/static\/planet4-switzerland-stateless\/2022\/05\/7cd1d916-gp0stpwpr_.jpg 800w, https:\/\/www.greenpeace.ch\/static\/planet4-switzerland-stateless\/2022\/05\/7cd1d916-gp0stpwpr_-300x200.jpg 300w, https:\/\/www.greenpeace.ch\/static\/planet4-switzerland-stateless\/2022\/05\/7cd1d916-gp0stpwpr_-768x512.jpg 768w, https:\/\/www.greenpeace.ch\/static\/planet4-switzerland-stateless\/2022\/05\/7cd1d916-gp0stpwpr_-510x340.jpg 510w\" sizes=\"auto, (max-width: 800px) 100vw, 800px\" data-image-size=\"post-thumbnail\" data-stateless-media-bucket=\"planet4-switzerland-stateless\" data-stateless-media-name=\"2022\/05\/7cd1d916-gp0stpwpr_.jpg\" \/><\/a><\/figure>\n\n\n<div class=\"wp-block-group is-layout-flow wp-block-group-is-layout-flow\"><h3 class=\"wp-block-post-title\"><a data-ga-category=\"Posts List\" data-ga-action=\"Title\" data-ga-label=\"n\/a\" href=\"https:\/\/www.greenpeace.ch\/de\/story\/86261\/neues-erbrecht-2023\/\" target=\"_self\" >Neues Erbrecht ab 2023<\/a><\/h3>\n\n<div class=\"wp-block-post-excerpt\"><p class=\"wp-block-post-excerpt__excerpt\">Anfang 2023 trat das neue Erbrecht in Kraft. W\u00e4hrend die gesetzlichen Erbteile unver\u00e4ndert bleiben, gibt es eine Reduktion bei den Pflichtteilen. Das bedeutet, dass man einen gr\u00f6sseren Handlungsspielraum hat, wer beg\u00fcnstigt wird. <\/p><\/div><\/div>\n<\/div>\n\n<\/li><li class=\"wp-block-post post-86268 post type-post status-publish format-standard has-post-thumbnail hentry category-unkategorisiert p4-page-type-story\">\n\n<div class=\"wp-block-columns is-layout-flex wp-container-core-columns-is-layout-9d6595d7 wp-block-columns-is-layout-flex\"><figure class=\"wp-block-post-featured-image\"><a href=\"https:\/\/www.greenpeace.ch\/de\/story\/86268\/vermaechtnis-erbschaft\/\" target=\"_self\"  ><img loading=\"lazy\" decoding=\"async\" data-ga-category=\"Posts List\" data-ga-action=\"Image\" data-ga-label=\"n\/a\" width=\"800\" height=\"528\" src=\"https:\/\/www.greenpeace.ch\/static\/planet4-switzerland-stateless\/2022\/05\/25691ad4-gp03ed2_.jpg\" class=\"attachment-post-thumbnail size-post-thumbnail wp-post-image wp-stateless-item\" alt=\"Legat und Erbschaft &#8211; was ist der Unterschied?\" style=\"object-fit:cover;\" srcset=\"https:\/\/www.greenpeace.ch\/static\/planet4-switzerland-stateless\/2022\/05\/25691ad4-gp03ed2_.jpg 800w, https:\/\/www.greenpeace.ch\/static\/planet4-switzerland-stateless\/2022\/05\/25691ad4-gp03ed2_-300x198.jpg 300w, https:\/\/www.greenpeace.ch\/static\/planet4-switzerland-stateless\/2022\/05\/25691ad4-gp03ed2_-768x507.jpg 768w, https:\/\/www.greenpeace.ch\/static\/planet4-switzerland-stateless\/2022\/05\/25691ad4-gp03ed2_-510x337.jpg 510w\" sizes=\"auto, (max-width: 800px) 100vw, 800px\" data-image-size=\"post-thumbnail\" data-stateless-media-bucket=\"planet4-switzerland-stateless\" data-stateless-media-name=\"2022\/05\/25691ad4-gp03ed2_.jpg\" \/><\/a><\/figure>\n\n\n<div class=\"wp-block-group is-layout-flow wp-block-group-is-layout-flow\"><h3 class=\"wp-block-post-title\"><a data-ga-category=\"Posts List\" data-ga-action=\"Title\" data-ga-label=\"n\/a\" href=\"https:\/\/www.greenpeace.ch\/de\/story\/86268\/vermaechtnis-erbschaft\/\" target=\"_self\" >Legat und Erbschaft &#8211; was ist der Unterschied?<\/a><\/h3>\n\n<div class=\"wp-block-post-excerpt\"><p class=\"wp-block-post-excerpt__excerpt\">Mit einem Verm\u00e4chtnis, auch Legat genannt, k\u00f6nnen Sie Greenpeace entweder einen festen Betrag oder bestimmte Sachwerte (Immobilien, Kunstwerke, Wertpapiere, eine Lebensversicherung oder andere Wertsachen) hinterlassen. In diesem Fall wird Greenpeace nicht Erbin. <\/p><\/div><\/div>\n<\/div>\n\n<\/li><\/ul>\n\n\n<div class=\"wp-block-buttons carousel-controls is-horizontal is-content-justification-space-between is-nowrap is-layout-flex wp-container-core-buttons-is-layout-044bd602 wp-block-buttons-is-layout-flex\">\n<div class=\"wp-block-button carousel-control-prev\"><button type=\"button\" class=\"wp-block-button__link wp-element-button\">Prev<\/button><\/div>\n\n\n\n<div class=\"wp-block-button carousel-control-next\"><button type=\"button\" class=\"wp-block-button__link wp-element-button\">N\u00e4chste<\/button><\/div>\n<\/div>\n<\/div>\n","protected":false},"excerpt":{"rendered":"<p>Vielen Dank f\u00fcr Ihre Bestellung und dass Sie Greenpeace Ihr Vertrauen schenken. Sie werden den Ratgeber entweder per E-Mail oder Post erhalten. Freundliche Gr\u00fcsse Claudia SteigerVerantwortliche Erbschaften<\/p>\n","protected":false},"author":31,"featured_media":30664,"parent":31673,"menu_order":0,"comment_status":"closed","ping_status":"closed","template":"","meta":{"_acf_changed":false,"_planet4_optimize_post_is_variant":false,"_planet4_optimize_experiment_name":"","_planet4_optimize_variant_name":"","ep_exclude_from_search":false,"p4_hide_page_title_checkbox":"on","p4_title":"","p4_subtitle":"","p4_description":"","background_image_id":"","background_image":"","p4_button_title":"","p4_button_link":"","p4_button_link_checkbox":"","p4_og_title":"","p4_og_description":"","p4_og_image":"","p4_og_image_id":"","p4_seo_canonical_url":"","p4_campaign_name":"not set","p4_local_project":"not set","p4_basket_name":"not set","p4_department":"","footnotes":""},"categories":[],"tags":[],"class_list":["post-34497","page","type-page","status-publish","has-post-thumbnail","hentry"],"acf":[],"_links":{"self":[{"href":"https:\/\/www.greenpeace.ch\/de\/wp-json\/wp\/v2\/pages\/34497","targetHints":{"allow":["GET"]}}],"collection":[{"href":"https:\/\/www.greenpeace.ch\/de\/wp-json\/wp\/v2\/pages"}],"about":[{"href":"https:\/\/www.greenpeace.ch\/de\/wp-json\/wp\/v2\/types\/page"}],"author":[{"embeddable":true,"href":"https:\/\/www.greenpeace.ch\/de\/wp-json\/wp\/v2\/users\/31"}],"replies":[{"embeddable":true,"href":"https:\/\/www.greenpeace.ch\/de\/wp-json\/wp\/v2\/comments?post=34497"}],"version-history":[{"count":8,"href":"https:\/\/www.greenpeace.ch\/de\/wp-json\/wp\/v2\/pages\/34497\/revisions"}],"predecessor-version":[{"id":126815,"href":"https:\/\/www.greenpeace.ch\/de\/wp-json\/wp\/v2\/pages\/34497\/revisions\/126815"}],"up":[{"embeddable":true,"href":"https:\/\/www.greenpeace.ch\/de\/wp-json\/wp\/v2\/pages\/31673"}],"wp:featuredmedia":[{"embeddable":true,"href":"https:\/\/www.greenpeace.ch\/de\/wp-json\/wp\/v2\/media\/30664"}],"wp:attachment":[{"href":"https:\/\/www.greenpeace.ch\/de\/wp-json\/wp\/v2\/media?parent=34497"}],"wp:term":[{"taxonomy":"category","embeddable":true,"href":"https:\/\/www.greenpeace.ch\/de\/wp-json\/wp\/v2\/categories?post=34497"},{"taxonomy":"post_tag","embeddable":true,"href":"https:\/\/www.greenpeace.ch\/de\/wp-json\/wp\/v2\/tags?post=34497"}],"curies":[{"name":"wp","href":"https:\/\/api.w.org\/{rel}","templated":true}]}}