{"id":40219,"date":"2019-12-17T12:49:50","date_gmt":"2019-12-17T10:49:50","guid":{"rendered":"https:\/\/www.greenpeace.ch\/?page_id=40219"},"modified":"2025-05-05T12:06:57","modified_gmt":"2025-05-05T10:06:57","slug":"organisiere-einen-zero-waste-event","status":"publish","type":"page","link":"https:\/\/www.greenpeace.ch\/de\/handeln\/fuer-eine-plastikfreie-zukunft\/organisiere-einen-zero-waste-event\/","title":{"rendered":"Organisiere einen Zero-Waste-Event"},"content":{"rendered":"\n<div class=\"wp-block-columns is-layout-flex wp-container-core-columns-is-layout-9d6595d7 wp-block-columns-is-layout-flex\">\n<div class=\"wp-block-column is-layout-flow wp-block-column-is-layout-flow\">\n<p><strong>Ein Leben ohne Plastik ist m\u00f6glich \u2013 und sehr lebenswert! Es ist einfach, die eigene Abfallmenge zu verringern und auf umweltsch\u00e4dliche Einwegprodukte zu verzichten. <\/strong>\u00dcber 90&nbsp;Prozent aller Kunststoffprodukte bestehen nicht aus Recyclingmaterial. Wenn wir die verantwortlichen Unternehmen dazu bringen wollen, weniger Plastikm\u00fcll zu produzieren, k\u00f6nnen wir ihnen zeigen, wie unn\u00f6tig Kunststoff in vielen F\u00e4llen ist.<\/p>\n\n\n\n<p>Es gibt zahlreiche M\u00f6glichkeiten, auf Einwegverpackungen zu verzichten, auch bei Partys und Treffen mit Freunden. Egal, ob intimes Dinner, Picknick im Freien oder Treffen in grosser Runde: Der Verzicht auf Plastik bedeutet keinen Verzicht auf Spass. Ganz im Gegenteil: Er ist eine Einladung zu Kreativit\u00e4t!<\/p>\n<\/div>\n\n\n\n<div class=\"wp-block-column is-layout-flow wp-block-column-is-layout-flow\">\n<figure class=\"wp-block-image size-large  caption-style-blue-overlay caption-alignment-center\"><img loading=\"lazy\" decoding=\"async\" width=\"1024\" height=\"684\" src=\"https:\/\/www.greenpeace.ch\/static\/planet4-switzerland-stateless\/2019\/11\/c02dd4ca-gp0sttopf_pressmedia-1024x684.jpg\" alt=\"\" class=\"wp-image-38240\" srcset=\"https:\/\/www.greenpeace.ch\/static\/planet4-switzerland-stateless\/2019\/11\/c02dd4ca-gp0sttopf_pressmedia-1024x684.jpg 1024w, https:\/\/www.greenpeace.ch\/static\/planet4-switzerland-stateless\/2019\/11\/c02dd4ca-gp0sttopf_pressmedia-300x200.jpg 300w, https:\/\/www.greenpeace.ch\/static\/planet4-switzerland-stateless\/2019\/11\/c02dd4ca-gp0sttopf_pressmedia-768x513.jpg 768w, https:\/\/www.greenpeace.ch\/static\/planet4-switzerland-stateless\/2019\/11\/c02dd4ca-gp0sttopf_pressmedia-2045x1366.jpg 2045w, https:\/\/www.greenpeace.ch\/static\/planet4-switzerland-stateless\/2019\/11\/c02dd4ca-gp0sttopf_pressmedia-510x340.jpg 510w\" sizes=\"auto, (max-width: 1024px) 100vw, 1024px\" \/><figcaption>Getrocknete Fr\u00fcche ohne Einwegverpackung<\/figcaption><\/figure>\n<\/div>\n<\/div>\n<div aria-hidden=\"true\" class=\"gpch-block-spacer\"><\/div>\n<div class=\"wp-block-columns is-layout-flex wp-container-core-columns-is-layout-9d6595d7 wp-block-columns-is-layout-flex\">\n<div class=\"wp-block-column is-layout-flow wp-block-column-is-layout-flow\">\n<h3 class=\"wp-block-heading\"><strong>In f\u00fcnf einfachen Schritten zum Fest ohne Plastikabfall<\/strong><\/h3>\n\n\n\n<ul class=\"wp-block-list\"><li>Bekenne dich zur Plastikfreiheit und lade deine G\u00e4ste ein, dir zu folgen. Bitte deine G\u00e4ste schon in der Einladung darum, Einwegprodukte im Laden zu lassen und nur mitzubringen, was wiederverwendbar ist. Zum Beispiel so: \u201eIhr seid herzlich eingeladen zur Party ohne Plastikm\u00fcll! Bringt mit, worauf Ihr Lust habt \u2013 Essen, Spiele, \u00dcberraschungen \u2013 solange es nach dem Fest nicht im Abfall landet.\u201c&nbsp;<\/li><\/ul>\n\n\n\n<ul class=\"wp-block-list\"><li>Die beste Party-Deko ist die Natur. Wozu Plastikgirlanden und anderen Schnickschnack aufh\u00e4ngen? Die Welt um uns herum ist sch\u00f6n genug! Verzichte auf teure Dekoration, die am Ende nur die Natur belastet. Feier lieber an einem nat\u00fcrlich sch\u00f6nen Ort, zum Beispiel im Park, am See, am Strand oder am Flussufer.<\/li><\/ul>\n\n\n\n<ul class=\"wp-block-list\"><li>Bereite deine Feier gut vor und SETZE AUF ECHTES. Auch wenn Wegwerfgeschirr oder Plastikbesteck praktischer scheinen \u2013 denke an das Mantra: ECHTES IST BESSER. Einwegbesteck und Papierteller sind nur ein m\u00fcder Abklatsch der echten Produkte. Verwende echtes Geschirr, echtes Besteck, echte Gl\u00e4ser und echte Servietten \u2013 deine echten G\u00e4ste werden es sch\u00e4tzen.<\/li><\/ul>\n\n\n\n<ul class=\"wp-block-list\"><li>Gemeinsam Zeit zu verbringen, ist das beste Geschenk. Die Welt ist hektisch genug und voller Ablenkungen. Erspare dir und anderen den Stress, Geschenke besorgen zu m\u00fcssen. Dinge sind nicht der einzige Weg, jemandem zu zeigen, dass man ihn mag. Das beste Geschenk ist die Zeit, die man miteinander verbringt. Wenn deine G\u00e4ste allerdings darauf bestehen, dir etwas mitzubringen, dann schlage ihnen vor, etwas zum Essen beizusteuern. Nat\u00fcrlich selbst zubereitet und ohne Einwegverpackung. Liebe geht bekanntlich durch den Magen.<\/li><\/ul>\n\n\n\n<ul class=\"wp-block-list\"><li>Immer sch\u00f6n sauber bleiben! Achte darauf, dass es in der N\u00e4he eine Gelegenheit gibt, Geschirr etc. zu sp\u00fclen. Du hast nicht genug Beh\u00e4lter f\u00fcr alles? Bestimmt finden sich in deinem Haushalt ein paar Gl\u00e4ser mit Schraubverschluss oder wiederverwendbare Plastikverpackungen.<\/li><\/ul>\n<\/div>\n\n\n\n<div class=\"wp-block-column is-layout-flow wp-block-column-is-layout-flow\"><div aria-hidden=\"true\" class=\"gpch-block-spacer\"><\/div>\n\n<div aria-hidden=\"true\" class=\"gpch-block-spacer\"><\/div>\n\n\n<figure class=\"wp-block-image size-large  caption-style-blue-overlay caption-alignment-center\"><img loading=\"lazy\" decoding=\"async\" width=\"1024\" height=\"683\" src=\"https:\/\/www.greenpeace.ch\/static\/planet4-switzerland-stateless\/2019\/10\/2e247d0d-gp0strmec_medium_res-1-1024x683.jpg\" alt=\"\" class=\"wp-image-37887\" srcset=\"https:\/\/www.greenpeace.ch\/static\/planet4-switzerland-stateless\/2019\/10\/2e247d0d-gp0strmec_medium_res-1-1024x683.jpg 1024w, https:\/\/www.greenpeace.ch\/static\/planet4-switzerland-stateless\/2019\/10\/2e247d0d-gp0strmec_medium_res-1-300x200.jpg 300w, https:\/\/www.greenpeace.ch\/static\/planet4-switzerland-stateless\/2019\/10\/2e247d0d-gp0strmec_medium_res-1-768x512.jpg 768w, https:\/\/www.greenpeace.ch\/static\/planet4-switzerland-stateless\/2019\/10\/2e247d0d-gp0strmec_medium_res-1-510x340.jpg 510w, https:\/\/www.greenpeace.ch\/static\/planet4-switzerland-stateless\/2019\/10\/2e247d0d-gp0strmec_medium_res-1.jpg 1200w\" sizes=\"auto, (max-width: 1024px) 100vw, 1024px\" \/><figcaption>Veganes Essen ohne EInwegverpackungen<\/figcaption><\/figure>\n\n\n\n<figure class=\"wp-block-image size-large  caption-style-blue-overlay caption-alignment-center\"><img loading=\"lazy\" decoding=\"async\" width=\"799\" height=\"534\" src=\"https:\/\/www.greenpeace.ch\/static\/planet4-switzerland-stateless\/2019\/11\/42fde359-gp0sttope_web_size.jpg\" alt=\"\" class=\"wp-image-38207\" srcset=\"https:\/\/www.greenpeace.ch\/static\/planet4-switzerland-stateless\/2019\/11\/42fde359-gp0sttope_web_size.jpg 799w, https:\/\/www.greenpeace.ch\/static\/planet4-switzerland-stateless\/2019\/11\/42fde359-gp0sttope_web_size-300x201.jpg 300w, https:\/\/www.greenpeace.ch\/static\/planet4-switzerland-stateless\/2019\/11\/42fde359-gp0sttope_web_size-768x513.jpg 768w, https:\/\/www.greenpeace.ch\/static\/planet4-switzerland-stateless\/2019\/11\/42fde359-gp0sttope_web_size-510x340.jpg 510w\" sizes=\"auto, (max-width: 799px) 100vw, 799px\" \/><figcaption>Gefrohrene Himbeeren im Offenverkauf<\/figcaption><\/figure>\n<\/div>\n<\/div>\n\n<h3 class=\"wp-block-heading\">Mit f\u00fcnf Tipps zum Zero-Waste-Event<\/h3>\n\n<ol class=\"wp-block-list\"><li><strong>Lade per E-Mail ein. <\/strong>Das ist einfacher und umweltfreundlicher als Briefpost, Poster oder Flyer. Mach deinen Event also lieber nachhaltig digital bekannt. Dank Social Media ist es einfacher denn je, deine G\u00e4ste auf dem Laufenden zu halten.<\/li><li><strong>Lege die Plastik-Etikette fest.<\/strong> Teile allen klar und deutlich mit, dass an der Veranstaltung kein Verpackungs- und Plastikm\u00fcll produziert werden soll und nenne Beispiele f\u00fcr nachhaltige Alternativen wie Thermosflaschen.<\/li><li><strong>Sei gut vorbereitet.<\/strong> Egal, wie oft du deine G\u00e4ste daran erinnerst, wiederverwendbares Geschirr und Becher mitzubringen: Irgendjemand wird es doch vergessen. Sorge also f\u00fcr ausreichend Ausstattung, zum Beispiel abwischbare Folienstifte. Damit k\u00f6nnen die G\u00e4ste ihre Becher kennzeichnen und den ganzen Tag oder Abend lang wiederverwenden.<\/li><li><strong>Sorge f\u00fcr Abfalltrennung.<\/strong> Stelle grosse Schilder auf, die deinen G\u00e4sten die richtige Entsorgung in verschiedene Sammelbeh\u00e4lter f\u00fcr Kompost und Recyclingstoffe erleichtern. Du kannst auch ein Recyclingunternehmen vor Ort um Unterst\u00fctzung bitten, allenfalls bietet es mobile mietbare Trennsysteme an.&nbsp;<\/li><li><strong>Wasser ist Leben!<\/strong> Weise deutlich auf die Trinkwasserstationen hin, an denen G\u00e4ste ihren Durst stillen und Trinkflaschen auff\u00fcllen k\u00f6nnen.<\/li><\/ol>\n<div data-render=\"planet4-blocks\/columns\" data-attributes=\"{&quot;attributes&quot;:{&quot;columns_block_style&quot;:&quot;image&quot;,&quot;columns_title&quot;:&quot;Mehr Handlungsm\\u00f6glichkeiten&quot;,&quot;columns&quot;:[{&quot;title&quot;:&quot;Informiere dich \\u00fcber Plastikverschmutzung &quot;,&quot;description&quot;:&quot;Plastik verschmutzt jeden Winkel der Erde. Ob Meeresgrund, entlegene Waldpfade, arktisches Eis oder Inselstr\\u00e4nde, an denen Riesenschildkr\\u00f6ten nisten: Plastikabfall ist \\u00fcberall.n&quot;,&quot;attachment&quot;:&quot;https:\\\/\\\/www.greenpeace.ch\\\/static\\\/planet4-switzerland-stateless\\\/2019\\\/10\\\/e12d38b9-gp0stqs0e-510x340.jpg&quot;,&quot;cta_link&quot;:&quot;https:\\\/\\\/www.greenpeace.ch\\\/de\\\/handeln\\\/fuer-eine-plastikfreie-zukunft\\\/informiere-dich-ueber-plastikverschmutzung\\\/&quot;,&quot;link_new_tab&quot;:false,&quot;cta_text&quot;:&quot;Jetzt Handeln&quot;,&quot;attachment_srcset&quot;:&quot;https:\\\/\\\/www.greenpeace.ch\\\/static\\\/planet4-switzerland-stateless\\\/2019\\\/10\\\/e12d38b9-gp0stqs0e-510x340.jpg 510w, https:\\\/\\\/www.greenpeace.ch\\\/static\\\/planet4-switzerland-stateless\\\/2019\\\/10\\\/e12d38b9-gp0stqs0e-300x200.jpg 300w, https:\\\/\\\/www.greenpeace.ch\\\/static\\\/planet4-switzerland-stateless\\\/2019\\\/10\\\/e12d38b9-gp0stqs0e-1024x683.jpg 1024w, https:\\\/\\\/www.greenpeace.ch\\\/static\\\/planet4-switzerland-stateless\\\/2019\\\/10\\\/e12d38b9-gp0stqs0e-768x512.jpg 768w, https:\\\/\\\/www.greenpeace.ch\\\/static\\\/planet4-switzerland-stateless\\\/2019\\\/10\\\/e12d38b9-gp0stqs0e.jpg 1200w&quot;},{&quot;title&quot;:&quot;Fordere Take-aways zum Mitmachen auf&quot;,&quot;description&quot;:&quot;Stelle dich der Mehrwegbeh\\u00e4lter-Challenge und werde Teil der Bewegung, die unsere Essgewohnheiten \\u00e4ndert! Damit Mehrweg zum Normalweg wird.&quot;,&quot;attachment&quot;:&quot;https:\\\/\\\/www.greenpeace.ch\\\/static\\\/planet4-switzerland-stateless\\\/2019\\\/10\\\/adf7d427-gp0sttj65-510x340.jpg&quot;,&quot;cta_link&quot;:&quot;https:\\\/\\\/www.greenpeace.ch\\\/de\\\/handeln\\\/fuer-eine-plastikfreie-zukunft\\\/fordere-take-aways-zum-mitmachen-auf\\\/&quot;,&quot;link_new_tab&quot;:false,&quot;cta_text&quot;:&quot;Jetzt Handeln&quot;,&quot;attachment_srcset&quot;:&quot;https:\\\/\\\/www.greenpeace.ch\\\/static\\\/planet4-switzerland-stateless\\\/2019\\\/10\\\/adf7d427-gp0sttj65-510x340.jpg 510w, https:\\\/\\\/www.greenpeace.ch\\\/static\\\/planet4-switzerland-stateless\\\/2019\\\/10\\\/adf7d427-gp0sttj65-300x200.jpg 300w, https:\\\/\\\/www.greenpeace.ch\\\/static\\\/planet4-switzerland-stateless\\\/2019\\\/10\\\/adf7d427-gp0sttj65-1024x683.jpg 1024w, https:\\\/\\\/www.greenpeace.ch\\\/static\\\/planet4-switzerland-stateless\\\/2019\\\/10\\\/adf7d427-gp0sttj65-768x512.jpg 768w, https:\\\/\\\/www.greenpeace.ch\\\/static\\\/planet4-switzerland-stateless\\\/2019\\\/10\\\/adf7d427-gp0sttj65.jpg 1200w&quot;},{&quot;title&quot;:&quot;Fordere deinen Supermarkt zum Mitmachen auf&quot;,&quot;description&quot;:&quot;Stelle dich der Mehrwegbeh\\u00e4lter-Challenge und werde Teil der Bewegung, die unsere Einkaufsgewohnheit im Supermarkt \\u00e4ndert&quot;,&quot;attachment&quot;:&quot;https:\\\/\\\/www.greenpeace.ch\\\/static\\\/planet4-switzerland-stateless\\\/2019\\\/10\\\/41ae6d31-gp0sttopu-510x340.jpg&quot;,&quot;cta_link&quot;:&quot;https:\\\/\\\/www.greenpeace.ch\\\/de\\\/handeln\\\/fuer-eine-plastikfreie-zukunft\\\/fordere-deinen-supermarkt-zum-mitmachen-auf\\\/&quot;,&quot;link_new_tab&quot;:false,&quot;cta_text&quot;:&quot;Jetzt Handeln&quot;,&quot;attachment_srcset&quot;:&quot;https:\\\/\\\/www.greenpeace.ch\\\/static\\\/planet4-switzerland-stateless\\\/2019\\\/10\\\/41ae6d31-gp0sttopu-510x340.jpg 510w, https:\\\/\\\/www.greenpeace.ch\\\/static\\\/planet4-switzerland-stateless\\\/2019\\\/10\\\/41ae6d31-gp0sttopu-300x201.jpg 300w, https:\\\/\\\/www.greenpeace.ch\\\/static\\\/planet4-switzerland-stateless\\\/2019\\\/10\\\/41ae6d31-gp0sttopu-1024x684.jpg 1024w, https:\\\/\\\/www.greenpeace.ch\\\/static\\\/planet4-switzerland-stateless\\\/2019\\\/10\\\/41ae6d31-gp0sttopu-768x513.jpg 768w, https:\\\/\\\/www.greenpeace.ch\\\/static\\\/planet4-switzerland-stateless\\\/2019\\\/10\\\/41ae6d31-gp0sttopu.jpg 1200w&quot;},{&quot;title&quot;:&quot;Mache mit beim weltweiten Brand Audit&quot;,&quot;description&quot;:&quot;Freiwillige s\\u00e4ubern lokale Ufer, Parks und Str\\u00e4nde und nutzen diese Ereignisse, um die Unternehmen zu identifizieren, die f\\u00fcr die Plastikverschmutzung verantwortlich sind.&quot;,&quot;attachment&quot;:&quot;https:\\\/\\\/www.greenpeace.ch\\\/static\\\/planet4-switzerland-stateless\\\/2019\\\/12\\\/f96e4955-gp0sttylb-510x340-510x340.jpg&quot;,&quot;cta_link&quot;:&quot;https:\\\/\\\/www.greenpeace.ch\\\/de\\\/handeln\\\/fuer-eine-plastikfreie-zukunft\\\/mache-mit-beim-weltweiten-brand-audit\\\/&quot;,&quot;cta_text&quot;:&quot;Jetzt Handeln&quot;,&quot;link_new_tab&quot;:false,&quot;attachment_srcset&quot;:&quot;https:\\\/\\\/www.greenpeace.ch\\\/static\\\/planet4-switzerland-stateless\\\/2019\\\/12\\\/f96e4955-gp0sttylb-510x340.jpg 510w, https:\\\/\\\/www.greenpeace.ch\\\/static\\\/planet4-switzerland-stateless\\\/2019\\\/12\\\/f96e4955-gp0sttylb-510x340-300x200.jpg 300w&quot;}]}}\"><\/div><div data-render=\"planet4-blocks\/columns\" data-attributes=\"{&quot;attributes&quot;:{&quot;columns_block_style&quot;:&quot;image&quot;,&quot;columns&quot;:[{&quot;title&quot;:&quot;&quot;,&quot;description&quot;:&quot;&quot;,&quot;attachment&quot;:&quot;https:\\\/\\\/www.greenpeace.ch\\\/static\\\/planet4-switzerland-stateless\\\/2019\\\/10\\\/20bc547b-gp0stqxo5-510x340.jpg&quot;,&quot;cta_link&quot;:&quot;\\\/international\\\/campaign\\\/single-use-ban-in-your-community\\\/&quot;,&quot;link_new_tab&quot;:false,&quot;cta_text&quot;:&quot;&quot;,&quot;attachment_srcset&quot;:&quot;https:\\\/\\\/www.greenpeace.ch\\\/static\\\/planet4-switzerland-stateless\\\/2019\\\/10\\\/20bc547b-gp0stqxo5-510x340.jpg 510w, https:\\\/\\\/www.greenpeace.ch\\\/static\\\/planet4-switzerland-stateless\\\/2019\\\/10\\\/20bc547b-gp0stqxo5-300x200.jpg 300w, https:\\\/\\\/www.greenpeace.ch\\\/static\\\/planet4-switzerland-stateless\\\/2019\\\/10\\\/20bc547b-gp0stqxo5-1024x683.jpg 1024w, https:\\\/\\\/www.greenpeace.ch\\\/static\\\/planet4-switzerland-stateless\\\/2019\\\/10\\\/20bc547b-gp0stqxo5-768x512.jpg 768w, https:\\\/\\\/www.greenpeace.ch\\\/static\\\/planet4-switzerland-stateless\\\/2019\\\/10\\\/20bc547b-gp0stqxo5.jpg 1200w&quot;},{&quot;title&quot;:&quot;&quot;,&quot;description&quot;:&quot;&quot;,&quot;attachment&quot;:&quot;https:\\\/\\\/www.greenpeace.ch\\\/static\\\/planet4-switzerland-stateless\\\/2019\\\/10\\\/f96e4955-gp0sttylb-510x340.jpg&quot;,&quot;cta_link&quot;:&quot;\\\/international\\\/campaign\\\/become-a-citizen-scientist\\\/&quot;,&quot;link_new_tab&quot;:true,&quot;cta_text&quot;:&quot;Handle Jetzt&quot;,&quot;attachment_srcset&quot;:&quot;https:\\\/\\\/www.greenpeace.ch\\\/static\\\/planet4-switzerland-stateless\\\/2019\\\/10\\\/f96e4955-gp0sttylb-510x340.jpg 510w, https:\\\/\\\/www.greenpeace.ch\\\/static\\\/planet4-switzerland-stateless\\\/2019\\\/10\\\/f96e4955-gp0sttylb-300x200.jpg 300w, https:\\\/\\\/www.greenpeace.ch\\\/static\\\/planet4-switzerland-stateless\\\/2019\\\/10\\\/f96e4955-gp0sttylb-1024x683.jpg 1024w, https:\\\/\\\/www.greenpeace.ch\\\/static\\\/planet4-switzerland-stateless\\\/2019\\\/10\\\/f96e4955-gp0sttylb-768x512.jpg 768w, https:\\\/\\\/www.greenpeace.ch\\\/static\\\/planet4-switzerland-stateless\\\/2019\\\/10\\\/f96e4955-gp0sttylb.jpg 1200w&quot;},{&quot;title&quot;:&quot;&quot;,&quot;link_new_tab&quot;:false,&quot;description&quot;:&quot;&quot;,&quot;cta_text&quot;:&quot;&quot;,&quot;cta_link&quot;:&quot;\\\/international\\\/campaign\\\/tools-for-teachers\\\/&quot;,&quot;attachment&quot;:&quot;https:\\\/\\\/www.greenpeace.ch\\\/static\\\/planet4-switzerland-stateless\\\/2019\\\/11\\\/dd239d7c-gp0stt4xm-510x340.jpg&quot;,&quot;attachment_srcset&quot;:&quot;https:\\\/\\\/www.greenpeace.ch\\\/static\\\/planet4-switzerland-stateless\\\/2019\\\/11\\\/dd239d7c-gp0stt4xm-510x340.jpg 510w, https:\\\/\\\/www.greenpeace.ch\\\/static\\\/planet4-switzerland-stateless\\\/2019\\\/11\\\/dd239d7c-gp0stt4xm-300x200.jpg 300w, https:\\\/\\\/www.greenpeace.ch\\\/static\\\/planet4-switzerland-stateless\\\/2019\\\/11\\\/dd239d7c-gp0stt4xm-1024x683.jpg 1024w, https:\\\/\\\/www.greenpeace.ch\\\/static\\\/planet4-switzerland-stateless\\\/2019\\\/11\\\/dd239d7c-gp0stt4xm-768x512.jpg 768w, https:\\\/\\\/www.greenpeace.ch\\\/static\\\/planet4-switzerland-stateless\\\/2019\\\/11\\\/dd239d7c-gp0stt4xm.jpg 1200w&quot;}]}}\"><\/div>","protected":false},"excerpt":{"rendered":"<p>Ein Leben ohne Plastik ist m\u00f6glich \u2013 und sehr lebenswert! Es ist einfach, die eigene Abfallmenge zu verringern und auf umweltsch\u00e4dliche Einwegprodukte zu verzichten. \u00dcber 90&nbsp;Prozent aller Kunststoffprodukte bestehen nicht aus Recyclingmaterial. Wenn wir die verantwortlichen Unternehmen dazu bringen wollen, weniger Plastikm\u00fcll zu produzieren, k\u00f6nnen wir ihnen zeigen, wie unn\u00f6tig Kunststoff in vielen F\u00e4llen ist. [&hellip;]<\/p>\n","protected":false},"author":50,"featured_media":0,"parent":2166,"menu_order":0,"comment_status":"closed","ping_status":"closed","template":"","meta":{"_acf_changed":false,"_planet4_optimize_post_is_variant":false,"_planet4_optimize_experiment_name":"","_planet4_optimize_variant_name":"","ep_exclude_from_search":false,"p4_hide_page_title_checkbox":"","p4_title":"","p4_subtitle":"","p4_description":"","background_image_id":"","background_image":"","p4_button_title":"","p4_button_link":"","p4_button_link_checkbox":"","p4_og_title":"","p4_og_description":"","p4_og_image":"","p4_og_image_id":"","p4_seo_canonical_url":"","p4_campaign_name":"not set","p4_local_project":"","p4_basket_name":"not set","p4_department":"","footnotes":""},"categories":[],"tags":[37],"class_list":["post-40219","page","type-page","status-publish","hentry","tag-zero-waste"],"acf":[],"_links":{"self":[{"href":"https:\/\/www.greenpeace.ch\/de\/wp-json\/wp\/v2\/pages\/40219","targetHints":{"allow":["GET"]}}],"collection":[{"href":"https:\/\/www.greenpeace.ch\/de\/wp-json\/wp\/v2\/pages"}],"about":[{"href":"https:\/\/www.greenpeace.ch\/de\/wp-json\/wp\/v2\/types\/page"}],"author":[{"embeddable":true,"href":"https:\/\/www.greenpeace.ch\/de\/wp-json\/wp\/v2\/users\/50"}],"replies":[{"embeddable":true,"href":"https:\/\/www.greenpeace.ch\/de\/wp-json\/wp\/v2\/comments?post=40219"}],"version-history":[{"count":1,"href":"https:\/\/www.greenpeace.ch\/de\/wp-json\/wp\/v2\/pages\/40219\/revisions"}],"predecessor-version":[{"id":119874,"href":"https:\/\/www.greenpeace.ch\/de\/wp-json\/wp\/v2\/pages\/40219\/revisions\/119874"}],"up":[{"embeddable":true,"href":"https:\/\/www.greenpeace.ch\/de\/wp-json\/wp\/v2\/pages\/2166"}],"wp:attachment":[{"href":"https:\/\/www.greenpeace.ch\/de\/wp-json\/wp\/v2\/media?parent=40219"}],"wp:term":[{"taxonomy":"category","embeddable":true,"href":"https:\/\/www.greenpeace.ch\/de\/wp-json\/wp\/v2\/categories?post=40219"},{"taxonomy":"post_tag","embeddable":true,"href":"https:\/\/www.greenpeace.ch\/de\/wp-json\/wp\/v2\/tags?post=40219"}],"curies":[{"name":"wp","href":"https:\/\/api.w.org\/{rel}","templated":true}]}}