{"id":40238,"date":"2019-12-17T12:44:16","date_gmt":"2019-12-17T10:44:16","guid":{"rendered":"https:\/\/www.greenpeace.ch\/?page_id=40238"},"modified":"2025-08-04T11:04:28","modified_gmt":"2025-08-04T09:04:28","slug":"informiere-dich-ueber-plastikverschmutzung","status":"publish","type":"page","link":"https:\/\/www.greenpeace.ch\/de\/handeln\/fuer-eine-plastikfreie-zukunft\/informiere-dich-ueber-plastikverschmutzung\/","title":{"rendered":"Informiere dich \u00fcber Plastikverschmutzung"},"content":{"rendered":"\n<div class=\"wp-block-columns is-layout-flex wp-container-core-columns-is-layout-9d6595d7 wp-block-columns-is-layout-flex\">\n<div class=\"wp-block-column is-layout-flow wp-block-column-is-layout-flow\">\n<h3 class=\"wp-block-heading\">Auswirkungen von Plastikabfall auf die \u00d6kosysteme<\/h3>\n\n\n\n<p>Plastik verschmutzt jeden Winkel der Erde. Ob Meeresgrund, entlegene Waldpfade, arktisches Eis oder Inselstr\u00e4nde, an denen Riesenschildkr\u00f6ten nisten: Plastikabfall ist \u00fcberall. Wir wissen nicht genau, wie lange erd\u00f6lbasierte Kunststoffe ben\u00f6tigen, bis sie abgebaut sind \u2013 oder ob es je dazu kommen wird. Fest steht: Gelangt Plastik erst einmal in den Boden, die Fl\u00fcsse oder die Ozeane, l\u00e4sst es sich nicht mehr beseitigen.<br><\/p>\n\n\n\n<p>Der Plastik, der auf der Meeresoberfl\u00e4che schwimmt oder an die K\u00fcsten gesp\u00fclt wird, bildet nur die Spitze des M\u00fcllbergs. \u00dcber zwei Drittel des Plastiks in den Ozeanen endet auf dem Meeresgrund und schafft unter Wasser eine stetig weiterreichende W\u00fcste. Und das ist noch nicht alles: Die vielen Flaschen, S\u00e4cke und all der andere Plastikm\u00fcll zerfallen nach und nach in kleinere Teilchen. Dieses so genannte Mikroplastik, f\u00fcrs menschliche Auge unsichtbar, sch\u00e4digt die \u00d6kosysteme zus\u00e4tzlich.&nbsp;<br><\/p>\n\n\n\n<p>Plastikabfall ist auch an Land ein grosses Problem. Es f\u00fcllt M\u00fclldeponien, sammelt sich in Fl\u00fcssen und verschmutzt die Umwelt, wenn es im Freien oder in Verbrennungsanlagen verbrannt wird. Und manche Kunststoffe geben gef\u00e4hrliche Chemikalien ab, die Mensch und Umwelt zus\u00e4tzlich gef\u00e4hrden.&nbsp;&nbsp;&nbsp;<br><\/p>\n<\/div>\n\n\n\n<div class=\"wp-block-column is-layout-flow wp-block-column-is-layout-flow\"><div aria-hidden=\"true\" class=\"gpch-block-spacer\"><\/div>\n\n\n<figure class=\"wp-block-image size-large  caption-style-blue-overlay caption-alignment-center\"><img loading=\"lazy\" decoding=\"async\" width=\"1024\" height=\"683\" src=\"https:\/\/www.greenpeace.ch\/static\/planet4-switzerland-stateless\/2019\/12\/e12d38b9-gp0stqs0e-1024x683.jpg\" alt=\"\" class=\"wp-image-40240\" srcset=\"https:\/\/www.greenpeace.ch\/static\/planet4-switzerland-stateless\/2019\/12\/e12d38b9-gp0stqs0e-1024x683.jpg 1024w, https:\/\/www.greenpeace.ch\/static\/planet4-switzerland-stateless\/2019\/12\/e12d38b9-gp0stqs0e-300x200.jpg 300w, https:\/\/www.greenpeace.ch\/static\/planet4-switzerland-stateless\/2019\/12\/e12d38b9-gp0stqs0e-768x512.jpg 768w, https:\/\/www.greenpeace.ch\/static\/planet4-switzerland-stateless\/2019\/12\/e12d38b9-gp0stqs0e-510x340.jpg 510w, https:\/\/www.greenpeace.ch\/static\/planet4-switzerland-stateless\/2019\/12\/e12d38b9-gp0stqs0e.jpg 1200w\" sizes=\"auto, (max-width: 1024px) 100vw, 1024px\" \/><figcaption>Kinder spielen auf einen plastik\u00fcberf\u00fcllten Strand in Manila<\/figcaption><\/figure>\n<\/div>\n<\/div>\n\n<div class=\"wp-block-columns is-layout-flex wp-container-core-columns-is-layout-9d6595d7 wp-block-columns-is-layout-flex\">\n<div class=\"wp-block-column is-layout-flow wp-block-column-is-layout-flow\">\n<h3 class=\"wp-block-heading\">Das M\u00e4rchen vom Recycling<br><\/h3>\n\n\n\n<p>Nur neun Prozent des weltweiten Plastikabfalls werden recycelt. Selbst Industrienationen recyceln weit weniger als die H\u00e4lfte von Haushalts-Plastikabf\u00e4llen und davon verwandeln sie einen sehr geringen Anteil wieder in Verpackungen. Bei einem Grossteil des Verpackungsm\u00fclls findet statt \u201eRecycling\u201c in Wirklichkeit \u201eDowncycling\u201c statt. Aus den Verpackungen werden geringwertigere oder nicht recycelbare Produkte hergestellt, sodass das Plastik lediglich verz\u00f6gert auf der M\u00fclldeponie endet.<br><\/p>\n\n\n\n<p>Die Effizienz von Kunststoffrecycling ist eingeschr\u00e4nkt, dank schlecht durchdachten Verpackungsdesigns, einer mangelhaften Infrastruktur und dem Fehlen von Tracking-Mechanismen f\u00fcr Plastikabf\u00e4lle. Das alles sorgt daf\u00fcr, dass die meisten Plastikverpackungen auch in absehbarer Zukunft Wegwerfprodukte bleiben. <br><\/p>\n<\/div>\n\n\n\n<div class=\"wp-block-column is-layout-flow wp-block-column-is-layout-flow\">\n<figure class=\"wp-block-image size-large  caption-style-blue-overlay caption-alignment-center\"><img loading=\"lazy\" decoding=\"async\" width=\"1024\" height=\"683\" src=\"https:\/\/www.greenpeace.ch\/static\/planet4-switzerland-stateless\/2019\/12\/b49a3d98-gp0stsx67-1-1024x683.jpg\" alt=\"\" class=\"wp-image-40242\" srcset=\"https:\/\/www.greenpeace.ch\/static\/planet4-switzerland-stateless\/2019\/12\/b49a3d98-gp0stsx67-1-1024x683.jpg 1024w, https:\/\/www.greenpeace.ch\/static\/planet4-switzerland-stateless\/2019\/12\/b49a3d98-gp0stsx67-1-300x200.jpg 300w, https:\/\/www.greenpeace.ch\/static\/planet4-switzerland-stateless\/2019\/12\/b49a3d98-gp0stsx67-1-768x512.jpg 768w, https:\/\/www.greenpeace.ch\/static\/planet4-switzerland-stateless\/2019\/12\/b49a3d98-gp0stsx67-1-510x340.jpg 510w, https:\/\/www.greenpeace.ch\/static\/planet4-switzerland-stateless\/2019\/12\/b49a3d98-gp0stsx67-1.jpg 1200w\" sizes=\"auto, (max-width: 1024px) 100vw, 1024px\" \/><figcaption>Die Mitarbeiter des M\u00fcllwagens sammeln den gemischten Plastik der Haushalte, um ihn zu recyclen<\/figcaption><\/figure>\n<\/div>\n<\/div>\n\n<div class=\"wp-block-columns is-layout-flex wp-container-core-columns-is-layout-9d6595d7 wp-block-columns-is-layout-flex\">\n<div class=\"wp-block-column is-layout-flow wp-block-column-is-layout-flow\">\n<h3 class=\"wp-block-heading\">Ein Problem wird exportiert<\/h3>\n\n\n\n<p>Schlimmer noch: Ein Grossteil der Verpackungen, die Menschen auf der Nordhalbkugel zum \u201eRecycling\u201c sammeln, werden auf die S\u00fcdhalbkugel exportiert. Bis zum Verbot 2018 importierte allein China j\u00e4hrlich acht Millionen Tonnen Plastikm\u00fcll. Mittlerweile ist S\u00fcdostasien Hauptziel der Abfallexporte. Die fehlende Infrastruktur und unklare Gesetzeslage erschweren es, den dortigen Zustrom von M\u00fcll aus dem In- und Ausland zu kontrollieren. Zur selben Zeit erschliesst die Konsumg\u00fcterbranche auf der S\u00fcdhalbkugel neue M\u00e4rkte, wo sie immer mehr Produkte und Einzelportionen in Einwegverpackungen verbreiten.<\/p>\n<\/div>\n\n\n\n<div class=\"wp-block-column is-layout-flow wp-block-column-is-layout-flow\">\n<figure class=\"wp-block-embed-youtube wp-block-embed is-type-video is-provider-youtube wp-embed-aspect-16-9 wp-has-aspect-ratio\"><div class=\"wp-block-embed__wrapper\">\n<lite-youtube style=\"background-image: url('https:\/\/i.ytimg.com\/vi\/tDEPBFv48UE\/hqdefault.jpg');\" videoid=\"tDEPBFv48UE\" params=\"rel=0&#038;enablejsapi=1&#038;origin=https%3A%2F%2Fwww.greenpeace.ch&#038;cc_load_policy=1\"><\/lite-youtube>\n<\/div><\/figure>\n<\/div>\n<\/div>\n\n<div class=\"wp-block-columns is-layout-flex wp-container-core-columns-is-layout-9d6595d7 wp-block-columns-is-layout-flex\">\n<div class=\"wp-block-column is-layout-flow wp-block-column-is-layout-flow\">\n<h3 class=\"wp-block-heading\">Plastik und der Klimawandel<\/h3>\n\n\n\n<p>\u00dcber 90&nbsp;Prozent aller Kunststoffe werden aus Erd\u00f6l oder Erdgas hergestellt. Der plastikbasierte Lebensstil verursacht Treibhausgasemissionen, die das globale Ziel bedrohen, den weltweiten Temperaturanstieg auf 1,5&nbsp;Grad Celsius zu begrenzen. Die Gesamtemissionen der weltweiten Produktion und Verbrennung von Plastik im Jahr 2019 entsprechen denen von 189&nbsp;Kohlekraftwerken. Das zeigt ein aktueller Bericht des \u201eCenter for International Environmental Law\u201c (CIEL) auf. <\/p>\n\n\n\n<p>Demnach k\u00f6nnten Kunststoffe allein zwischen zehn und 13 Prozent des gesamten Kohlenstoffs verbrauchen, welcher uns zur Verf\u00fcgung steht, um die 1,5\u00adGrad-Zielmarke einzuhalten. Nehmen Produktion und Verbrauch von Kunststoff nicht ab, gehen bis Mitte Jahrhundert 20&nbsp;Prozent des globalen Erd\u00f6lverbrauchs auf das Konto von Plastik.<\/p>\n\n\n\n<p><\/p>\n<\/div>\n\n\n\n<div class=\"wp-block-column is-layout-flow wp-block-column-is-layout-flow\"><div aria-hidden=\"true\" class=\"gpch-block-spacer\"><\/div>\n\n\n<figure class=\"wp-block-image size-large  caption-style-blue-overlay caption-alignment-center\"><img loading=\"lazy\" decoding=\"async\" width=\"1024\" height=\"768\" src=\"https:\/\/www.greenpeace.ch\/static\/planet4-switzerland-stateless\/2019\/12\/f0873bc5-gp0sttoy7-1-1024x768.jpg\" alt=\"\" class=\"wp-image-40247\" srcset=\"https:\/\/www.greenpeace.ch\/static\/planet4-switzerland-stateless\/2019\/12\/f0873bc5-gp0sttoy7-1-1024x768.jpg 1024w, https:\/\/www.greenpeace.ch\/static\/planet4-switzerland-stateless\/2019\/12\/f0873bc5-gp0sttoy7-1-300x225.jpg 300w, https:\/\/www.greenpeace.ch\/static\/planet4-switzerland-stateless\/2019\/12\/f0873bc5-gp0sttoy7-1-768x576.jpg 768w, https:\/\/www.greenpeace.ch\/static\/planet4-switzerland-stateless\/2019\/12\/f0873bc5-gp0sttoy7-1-453x340.jpg 453w, https:\/\/www.greenpeace.ch\/static\/planet4-switzerland-stateless\/2019\/12\/f0873bc5-gp0sttoy7-1.jpg 1200w\" sizes=\"auto, (max-width: 1024px) 100vw, 1024px\" \/><figcaption>ExxonMobil \u00d6lraffinerieanlage in Baytown, Texas.<\/figcaption><\/figure>\n<\/div>\n<\/div>\n\n<div class=\"wp-block-columns is-layout-flex wp-container-core-columns-is-layout-9d6595d7 wp-block-columns-is-layout-flex\">\n<div class=\"wp-block-column is-layout-flow wp-block-column-is-layout-flow\">\n<h3 class=\"wp-block-heading\">L\u00f6sungen<\/h3>\n\n\n\n<p>Was also k\u00f6nnen wir tun? Als kurzfristige Massnahmen k\u00f6nnen wir unn\u00f6tige Verpackungen abschaffen, die sich nicht oder nur schwer recyceln lassen, und stattdessen auf wiederverwendbare und nachf\u00fcllbare Transport- und Aufbewahrungsl\u00f6sungen setzen. Langfristig werden wir unsere Konsumgewohnheiten \u00e4ndern m\u00fcssen. Zum Beispiel, indem wir weniger verarbeitete Produkte und Fertigmahlzeiten kaufen, die so viel Verpackungsm\u00fcll verursachen.<br><\/p>\n<\/div>\n\n\n\n<div class=\"wp-block-column is-layout-flow wp-block-column-is-layout-flow\">\n<figure class=\"wp-block-image size-large  caption-style-blue-overlay caption-alignment-center\"><img loading=\"lazy\" decoding=\"async\" width=\"1024\" height=\"683\" src=\"https:\/\/www.greenpeace.ch\/static\/planet4-switzerland-stateless\/2019\/12\/d9cdc209-gp0strlik-1-1024x683.jpg\" alt=\"\" class=\"wp-image-40249\" srcset=\"https:\/\/www.greenpeace.ch\/static\/planet4-switzerland-stateless\/2019\/12\/d9cdc209-gp0strlik-1-1024x683.jpg 1024w, https:\/\/www.greenpeace.ch\/static\/planet4-switzerland-stateless\/2019\/12\/d9cdc209-gp0strlik-1-300x200.jpg 300w, https:\/\/www.greenpeace.ch\/static\/planet4-switzerland-stateless\/2019\/12\/d9cdc209-gp0strlik-1-768x512.jpg 768w, https:\/\/www.greenpeace.ch\/static\/planet4-switzerland-stateless\/2019\/12\/d9cdc209-gp0strlik-1-510x340.jpg 510w, https:\/\/www.greenpeace.ch\/static\/planet4-switzerland-stateless\/2019\/12\/d9cdc209-gp0strlik-1.jpg 1200w\" sizes=\"auto, (max-width: 1024px) 100vw, 1024px\" \/><figcaption>Verk\u00e4ufer und K\u00e4uferin in einen Unverpackt-Laden<\/figcaption><\/figure>\n<\/div>\n<\/div>\n<div data-render=\"planet4-blocks\/columns\" data-attributes=\"{&quot;attributes&quot;:{&quot;columns_block_style&quot;:&quot;image&quot;,&quot;columns_title&quot;:&quot;Mehr Handlungsm\\u00f6glichkeiten&quot;,&quot;columns&quot;:[{&quot;title&quot;:&quot;Organisiere einen Zero-Waste-Event&quot;,&quot;description&quot;:&quot;Egal, ob Dinner, Picknick im Freien oder Treffen in grosser Runde: Der Verzicht auf Plastik bedeutet keinen Verzicht auf Spass. Ganz im Gegenteil: Er ist eine Einladung zu Kreativit\\u00e4t!&quot;,&quot;attachment&quot;:&quot;https:\\\/\\\/www.greenpeace.ch\\\/static\\\/planet4-switzerland-stateless\\\/2019\\\/10\\\/2cc46838-gp0sttm6m-510x340.jpg&quot;,&quot;cta_link&quot;:&quot;https:\\\/\\\/www.greenpeace.ch\\\/de\\\/handeln\\\/fuer-eine-plastikfreie-zukunft\\\/organisiere-einen-zero-waste-event\\\/&quot;,&quot;link_new_tab&quot;:false,&quot;cta_text&quot;:&quot;Jetzt Handeln&quot;,&quot;attachment_srcset&quot;:&quot;https:\\\/\\\/www.greenpeace.ch\\\/static\\\/planet4-switzerland-stateless\\\/2019\\\/10\\\/2cc46838-gp0sttm6m-510x340.jpg 510w, https:\\\/\\\/www.greenpeace.ch\\\/static\\\/planet4-switzerland-stateless\\\/2019\\\/10\\\/2cc46838-gp0sttm6m-300x200.jpg 300w, https:\\\/\\\/www.greenpeace.ch\\\/static\\\/planet4-switzerland-stateless\\\/2019\\\/10\\\/2cc46838-gp0sttm6m-1024x683.jpg 1024w, https:\\\/\\\/www.greenpeace.ch\\\/static\\\/planet4-switzerland-stateless\\\/2019\\\/10\\\/2cc46838-gp0sttm6m-768x512.jpg 768w, https:\\\/\\\/www.greenpeace.ch\\\/static\\\/planet4-switzerland-stateless\\\/2019\\\/10\\\/2cc46838-gp0sttm6m.jpg 1200w&quot;},{&quot;title&quot;:&quot;Fordere Take-aways zum Mitmachen auf&quot;,&quot;description&quot;:&quot;Stelle dich der Mehrwegbeh\\u00e4lter-Challenge und werde Teil der Bewegung, die unsere Essgewohnheiten \\u00e4ndert! Damit Mehrweg zum Normalweg wird.&quot;,&quot;attachment&quot;:&quot;https:\\\/\\\/www.greenpeace.ch\\\/static\\\/planet4-switzerland-stateless\\\/2019\\\/10\\\/adf7d427-gp0sttj65-510x340.jpg&quot;,&quot;cta_link&quot;:&quot;https:\\\/\\\/www.greenpeace.ch\\\/de\\\/handeln\\\/fuer-eine-plastikfreie-zukunft\\\/fordere-take-aways-zum-mitmachen-auf\\\/&quot;,&quot;link_new_tab&quot;:false,&quot;cta_text&quot;:&quot;Jetzt Handeln&quot;,&quot;attachment_srcset&quot;:&quot;https:\\\/\\\/www.greenpeace.ch\\\/static\\\/planet4-switzerland-stateless\\\/2019\\\/10\\\/adf7d427-gp0sttj65-510x340.jpg 510w, https:\\\/\\\/www.greenpeace.ch\\\/static\\\/planet4-switzerland-stateless\\\/2019\\\/10\\\/adf7d427-gp0sttj65-300x200.jpg 300w, https:\\\/\\\/www.greenpeace.ch\\\/static\\\/planet4-switzerland-stateless\\\/2019\\\/10\\\/adf7d427-gp0sttj65-1024x683.jpg 1024w, https:\\\/\\\/www.greenpeace.ch\\\/static\\\/planet4-switzerland-stateless\\\/2019\\\/10\\\/adf7d427-gp0sttj65-768x512.jpg 768w, https:\\\/\\\/www.greenpeace.ch\\\/static\\\/planet4-switzerland-stateless\\\/2019\\\/10\\\/adf7d427-gp0sttj65.jpg 1200w&quot;},{&quot;title&quot;:&quot;Fordere deinen Supermarkt zum Mitmachen auf&quot;,&quot;description&quot;:&quot;Stelle dich der Mehrwegbeh\\u00e4lter-Challenge und werde Teil der Bewegung, die unsere Einkaufsgewohnheit im Supermarkt \\u00e4ndert&quot;,&quot;attachment&quot;:&quot;https:\\\/\\\/www.greenpeace.ch\\\/static\\\/planet4-switzerland-stateless\\\/2019\\\/10\\\/41ae6d31-gp0sttopu-510x340.jpg&quot;,&quot;cta_link&quot;:&quot;https:\\\/\\\/www.greenpeace.ch\\\/de\\\/handeln\\\/fuer-eine-plastikfreie-zukunft\\\/fordere-deinen-supermarkt-zum-mitmachen-auf\\\/&quot;,&quot;link_new_tab&quot;:false,&quot;cta_text&quot;:&quot;Jetzt Handeln&quot;,&quot;attachment_srcset&quot;:&quot;https:\\\/\\\/www.greenpeace.ch\\\/static\\\/planet4-switzerland-stateless\\\/2019\\\/10\\\/41ae6d31-gp0sttopu-510x340.jpg 510w, https:\\\/\\\/www.greenpeace.ch\\\/static\\\/planet4-switzerland-stateless\\\/2019\\\/10\\\/41ae6d31-gp0sttopu-300x201.jpg 300w, https:\\\/\\\/www.greenpeace.ch\\\/static\\\/planet4-switzerland-stateless\\\/2019\\\/10\\\/41ae6d31-gp0sttopu-1024x684.jpg 1024w, https:\\\/\\\/www.greenpeace.ch\\\/static\\\/planet4-switzerland-stateless\\\/2019\\\/10\\\/41ae6d31-gp0sttopu-768x513.jpg 768w, https:\\\/\\\/www.greenpeace.ch\\\/static\\\/planet4-switzerland-stateless\\\/2019\\\/10\\\/41ae6d31-gp0sttopu.jpg 1200w&quot;},{&quot;title&quot;:&quot;Mache mit beim weltweiten Brand Audit&quot;,&quot;description&quot;:&quot;Freiwillige s\\u00e4ubern lokale Ufer, Parks und Str\\u00e4nde und nutzen diese Ereignisse, um die Unternehmen zu identifizieren, die f\\u00fcr die Plastikverschmutzung verantwortlich sind&quot;,&quot;attachment&quot;:&quot;https:\\\/\\\/www.greenpeace.ch\\\/static\\\/planet4-switzerland-stateless\\\/2019\\\/12\\\/f96e4955-gp0sttylb-510x340-510x340.jpg&quot;,&quot;cta_link&quot;:&quot;https:\\\/\\\/www.greenpeace.ch\\\/de\\\/handeln\\\/fuer-eine-plastikfreie-zukunft\\\/mache-mit-beim-weltweiten-brand-audit\\\/&quot;,&quot;cta_text&quot;:&quot;Jetzt Handeln&quot;,&quot;link_new_tab&quot;:false,&quot;attachment_srcset&quot;:&quot;https:\\\/\\\/www.greenpeace.ch\\\/static\\\/planet4-switzerland-stateless\\\/2019\\\/12\\\/f96e4955-gp0sttylb-510x340.jpg 510w, https:\\\/\\\/www.greenpeace.ch\\\/static\\\/planet4-switzerland-stateless\\\/2019\\\/12\\\/f96e4955-gp0sttylb-510x340-300x200.jpg 300w&quot;}]}}\"><\/div><div data-render=\"planet4-blocks\/columns\" data-attributes=\"{&quot;attributes&quot;:{&quot;columns_block_style&quot;:&quot;image&quot;,&quot;columns&quot;:[{&quot;title&quot;:&quot;&quot;,&quot;description&quot;:&quot;&quot;,&quot;attachment&quot;:&quot;https:\\\/\\\/www.greenpeace.ch\\\/static\\\/planet4-switzerland-stateless\\\/2019\\\/10\\\/20bc547b-gp0stqxo5-1024x683.jpg&quot;,&quot;cta_link&quot;:&quot;\\\/international\\\/campaign\\\/single-use-ban-in-your-community\\\/&quot;,&quot;link_new_tab&quot;:false,&quot;cta_text&quot;:&quot;Take Action Today&quot;,&quot;attachment_srcset&quot;:&quot;https:\\\/\\\/www.greenpeace.ch\\\/static\\\/planet4-switzerland-stateless\\\/2019\\\/10\\\/20bc547b-gp0stqxo5-1024x683.jpg 1024w, https:\\\/\\\/www.greenpeace.ch\\\/static\\\/planet4-switzerland-stateless\\\/2019\\\/10\\\/20bc547b-gp0stqxo5-300x200.jpg 300w, https:\\\/\\\/www.greenpeace.ch\\\/static\\\/planet4-switzerland-stateless\\\/2019\\\/10\\\/20bc547b-gp0stqxo5-768x512.jpg 768w, https:\\\/\\\/www.greenpeace.ch\\\/static\\\/planet4-switzerland-stateless\\\/2019\\\/10\\\/20bc547b-gp0stqxo5-510x340.jpg 510w, https:\\\/\\\/www.greenpeace.ch\\\/static\\\/planet4-switzerland-stateless\\\/2019\\\/10\\\/20bc547b-gp0stqxo5.jpg 1200w&quot;}]}}\"><\/div>","protected":false},"excerpt":{"rendered":"<p>Auswirkungen von Plastikabfall auf die \u00d6kosysteme Plastik verschmutzt jeden Winkel der Erde. Ob Meeresgrund, entlegene Waldpfade, arktisches Eis oder Inselstr\u00e4nde, an denen Riesenschildkr\u00f6ten nisten: Plastikabfall ist \u00fcberall. Wir wissen nicht genau, wie lange erd\u00f6lbasierte Kunststoffe ben\u00f6tigen, bis sie abgebaut sind \u2013 oder ob es je dazu kommen wird. Fest steht: Gelangt Plastik erst einmal in [&hellip;]<\/p>\n","protected":false},"author":50,"featured_media":0,"parent":2166,"menu_order":0,"comment_status":"closed","ping_status":"closed","template":"","meta":{"_acf_changed":false,"_planet4_optimize_post_is_variant":false,"_planet4_optimize_experiment_name":"","_planet4_optimize_variant_name":"","ep_exclude_from_search":false,"p4_hide_page_title_checkbox":"","p4_title":"","p4_subtitle":"","p4_description":"","background_image_id":"","background_image":"","p4_button_title":"","p4_button_link":"","p4_button_link_checkbox":"","p4_og_title":"","p4_og_description":"","p4_og_image":"","p4_og_image_id":"","p4_seo_canonical_url":"","p4_campaign_name":"not set","p4_local_project":"","p4_basket_name":"not set","p4_department":"","footnotes":""},"categories":[],"tags":[37],"class_list":["post-40238","page","type-page","status-publish","hentry","tag-zero-waste"],"acf":[],"_links":{"self":[{"href":"https:\/\/www.greenpeace.ch\/de\/wp-json\/wp\/v2\/pages\/40238","targetHints":{"allow":["GET"]}}],"collection":[{"href":"https:\/\/www.greenpeace.ch\/de\/wp-json\/wp\/v2\/pages"}],"about":[{"href":"https:\/\/www.greenpeace.ch\/de\/wp-json\/wp\/v2\/types\/page"}],"author":[{"embeddable":true,"href":"https:\/\/www.greenpeace.ch\/de\/wp-json\/wp\/v2\/users\/50"}],"replies":[{"embeddable":true,"href":"https:\/\/www.greenpeace.ch\/de\/wp-json\/wp\/v2\/comments?post=40238"}],"version-history":[{"count":2,"href":"https:\/\/www.greenpeace.ch\/de\/wp-json\/wp\/v2\/pages\/40238\/revisions"}],"predecessor-version":[{"id":123858,"href":"https:\/\/www.greenpeace.ch\/de\/wp-json\/wp\/v2\/pages\/40238\/revisions\/123858"}],"up":[{"embeddable":true,"href":"https:\/\/www.greenpeace.ch\/de\/wp-json\/wp\/v2\/pages\/2166"}],"wp:attachment":[{"href":"https:\/\/www.greenpeace.ch\/de\/wp-json\/wp\/v2\/media?parent=40238"}],"wp:term":[{"taxonomy":"category","embeddable":true,"href":"https:\/\/www.greenpeace.ch\/de\/wp-json\/wp\/v2\/categories?post=40238"},{"taxonomy":"post_tag","embeddable":true,"href":"https:\/\/www.greenpeace.ch\/de\/wp-json\/wp\/v2\/tags?post=40238"}],"curies":[{"name":"wp","href":"https:\/\/api.w.org\/{rel}","templated":true}]}}