{"id":40254,"date":"2019-12-17T12:51:07","date_gmt":"2019-12-17T10:51:07","guid":{"rendered":"https:\/\/www.greenpeace.ch\/?page_id=40254"},"modified":"2022-03-31T13:37:33","modified_gmt":"2022-03-31T11:37:33","slug":"fordere-take-aways-zum-mitmachen-auf","status":"publish","type":"page","link":"https:\/\/www.greenpeace.ch\/de\/handeln\/fuer-eine-plastikfreie-zukunft\/fordere-take-aways-zum-mitmachen-auf\/","title":{"rendered":"Fordere Take-Aways zum Mitmachen auf"},"content":{"rendered":"\n<h3 class=\"wp-block-heading\">Mehrweg zum Normalweg<\/h3>\n\n<div class=\"wp-block-columns is-layout-flex wp-container-core-columns-is-layout-9d6595d7 wp-block-columns-is-layout-flex\">\n<div class=\"wp-block-column is-layout-flow wp-block-column-is-layout-flow\">\n<p>Leider verwenden viele unserer Lieblingsrestaurants allerlei Einwegplastik. Zu Getr\u00e4nken gibt\u2019s R\u00f6hrli, zum Essen Einwegbesteck und restliche Portionen werden in Styroporboxen plus Plastiksack mitgegeben.<br><\/p>\n\n\n\n<p>Das k\u00f6nnen wir \u00e4ndern. Stelle dich der Mehrwegbeh\u00e4lter-Challenge und werde Teil der Bewegung, die unsere Essgewohnheiten \u00e4ndert! Damit Mehrweg zum Normalweg wird.<br><\/p>\n<\/div>\n\n\n\n<div class=\"wp-block-column is-layout-flow wp-block-column-is-layout-flow\">\n<figure class=\"wp-block-image size-large caption-style-blue-overlay caption-alignment-center\"><img loading=\"lazy\" decoding=\"async\" width=\"1024\" height=\"683\" src=\"https:\/\/www.greenpeace.ch\/static\/planet4-switzerland-stateless\/2019\/12\/6226a638-gp0sttj65_high_res-1024x683.jpg\" alt=\"\" class=\"wp-image-40261\" srcset=\"https:\/\/www.greenpeace.ch\/static\/planet4-switzerland-stateless\/2019\/12\/6226a638-gp0sttj65_high_res-1024x683.jpg 1024w, https:\/\/www.greenpeace.ch\/static\/planet4-switzerland-stateless\/2019\/12\/6226a638-gp0sttj65_high_res-300x200.jpg 300w, https:\/\/www.greenpeace.ch\/static\/planet4-switzerland-stateless\/2019\/12\/6226a638-gp0sttj65_high_res-768x512.jpg 768w, https:\/\/www.greenpeace.ch\/static\/planet4-switzerland-stateless\/2019\/12\/6226a638-gp0sttj65_high_res-1536x1024.jpg 1536w, https:\/\/www.greenpeace.ch\/static\/planet4-switzerland-stateless\/2019\/12\/6226a638-gp0sttj65_high_res-2048x1366.jpg 2048w, https:\/\/www.greenpeace.ch\/static\/planet4-switzerland-stateless\/2019\/12\/6226a638-gp0sttj65_high_res-510x340.jpg 510w\" sizes=\"auto, (max-width: 1024px) 100vw, 1024px\" \/><\/figure>\n<\/div>\n<\/div>\n\n<h3 class=\"wp-block-heading\">Die Mehrwegbeh\u00e4lter-Challenge:<br><\/h3>\n\n<div class=\"wp-block-columns is-layout-flex wp-container-core-columns-is-layout-9d6595d7 wp-block-columns-is-layout-flex\">\n<div class=\"wp-block-column is-layout-flow wp-block-column-is-layout-flow\">\n<p>1. Nimm wiederverwendbare Becher und Dosen mit, f\u00fcr den Restaurantbesuch oder Gel\u00fcste unterwegs. Sie eignen sich f\u00fcr den Kaffee \u201eto go\u201c ebenso wie f\u00fcr die \u00fcppige Portion im Restaurant. Das braucht dir \u00fcberhaupt nicht unangenehm zu sein, im Gegenteil: Manche Lokale bieten f\u00fcr Kunden mit Mehrwegbeh\u00e4ltern sogar einen Rabatt.<br><\/p>\n\n\n\n<p>2. Die meisten Restaurants und Caf\u00e9s bef\u00fcllen deinen Mehrwegbeh\u00e4lter gerne. Den \u00fcbrigen kannst du nachhelfen: Knips ein Foto deines Bechers oder Beh\u00e4lters, auf dem man sieht, ob er voll oder leer ist.<br><\/p>\n\n\n\n<p>3. Teile das Foto auf Social Media. Nutze dabei auch die Hashtags #ReuseRevolution und #BreakFreeFromPlastic<br><\/p>\n<\/div>\n\n\n\n<div class=\"wp-block-column is-layout-flow wp-block-column-is-layout-flow\">\n<figure class=\"wp-block-embed is-type-video is-provider-youtube wp-block-embed-youtube wp-embed-aspect-16-9 wp-has-aspect-ratio\"><div class=\"wp-block-embed__wrapper\">\n<lite-youtube style=\"background-image: url('https:\/\/i.ytimg.com\/vi\/hPs4iWUDBmw\/hqdefault.jpg');\" videoid=\"hPs4iWUDBmw\" params=\"rel=0&#038;enablejsapi=1&#038;origin=https%3A%2F%2Fwww.greenpeace.ch&#038;cc_load_policy=1\"><\/lite-youtube>\n<\/div><\/figure>\n<\/div>\n<\/div>\n<div data-render=\"planet4-blocks\/columns\" data-attributes=\"{&quot;attributes&quot;:{&quot;columns_block_style&quot;:&quot;image&quot;,&quot;columns_title&quot;:&quot;Mehr Handlungsm\\u00f6glichkeiten&quot;,&quot;columns&quot;:[{&quot;title&quot;:&quot;Informiere dich \\u00fcber Plastikverschmutzung&quot;,&quot;description&quot;:&quot;Plastik verschmutzt jeden Winkel der Erde. Ob Meeresgrund, entlegene Waldpfade, arktisches Eis oder Inselstr\\u00e4nde, an denen Riesenschildkr\\u00f6ten nisten: Plastikabfall ist \\u00fcberall.&quot;,&quot;attachment&quot;:&quot;https:\\\/\\\/www.greenpeace.ch\\\/static\\\/planet4-switzerland-stateless\\\/2019\\\/10\\\/e12d38b9-gp0stqs0e-510x340.jpg&quot;,&quot;cta_link&quot;:&quot;https:\\\/\\\/www.greenpeace.ch\\\/de\\\/handeln\\\/fuer-eine-plastikfreie-zukunft\\\/informiere-dich-ueber-plastikverschmutzung\\\/&quot;,&quot;link_new_tab&quot;:false,&quot;cta_text&quot;:&quot;Jetzt Handeln&quot;,&quot;attachment_srcset&quot;:&quot;https:\\\/\\\/www.greenpeace.ch\\\/static\\\/planet4-switzerland-stateless\\\/2019\\\/10\\\/e12d38b9-gp0stqs0e-510x340.jpg 510w, https:\\\/\\\/www.greenpeace.ch\\\/static\\\/planet4-switzerland-stateless\\\/2019\\\/10\\\/e12d38b9-gp0stqs0e-300x200.jpg 300w, https:\\\/\\\/www.greenpeace.ch\\\/static\\\/planet4-switzerland-stateless\\\/2019\\\/10\\\/e12d38b9-gp0stqs0e-1024x683.jpg 1024w, https:\\\/\\\/www.greenpeace.ch\\\/static\\\/planet4-switzerland-stateless\\\/2019\\\/10\\\/e12d38b9-gp0stqs0e-768x512.jpg 768w, https:\\\/\\\/www.greenpeace.ch\\\/static\\\/planet4-switzerland-stateless\\\/2019\\\/10\\\/e12d38b9-gp0stqs0e.jpg 1200w&quot;},{&quot;title&quot;:&quot;Organisiere einen Zero-Waste-Event&quot;,&quot;description&quot;:&quot;Egal, ob Dinner, Picknick im Freien oder Treffen in grosser Runde: Der Verzicht auf Plastik bedeutet keinen Verzicht auf Spass. Ganz im Gegenteil: Er ist eine Einladung zu Kreativit\\u00e4t!&quot;,&quot;attachment&quot;:&quot;https:\\\/\\\/www.greenpeace.ch\\\/static\\\/planet4-switzerland-stateless\\\/2019\\\/10\\\/2cc46838-gp0sttm6m-510x340.jpg&quot;,&quot;cta_link&quot;:&quot;https:\\\/\\\/www.greenpeace.ch\\\/de\\\/handeln\\\/fuer-eine-plastikfreie-zukunft\\\/organisiere-einen-zero-waste-event\\\/&quot;,&quot;link_new_tab&quot;:false,&quot;cta_text&quot;:&quot;Jetzt Handeln&quot;,&quot;attachment_srcset&quot;:&quot;https:\\\/\\\/www.greenpeace.ch\\\/static\\\/planet4-switzerland-stateless\\\/2019\\\/10\\\/2cc46838-gp0sttm6m-510x340.jpg 510w, https:\\\/\\\/www.greenpeace.ch\\\/static\\\/planet4-switzerland-stateless\\\/2019\\\/10\\\/2cc46838-gp0sttm6m-300x200.jpg 300w, https:\\\/\\\/www.greenpeace.ch\\\/static\\\/planet4-switzerland-stateless\\\/2019\\\/10\\\/2cc46838-gp0sttm6m-1024x683.jpg 1024w, https:\\\/\\\/www.greenpeace.ch\\\/static\\\/planet4-switzerland-stateless\\\/2019\\\/10\\\/2cc46838-gp0sttm6m-768x512.jpg 768w, https:\\\/\\\/www.greenpeace.ch\\\/static\\\/planet4-switzerland-stateless\\\/2019\\\/10\\\/2cc46838-gp0sttm6m.jpg 1200w&quot;},{&quot;title&quot;:&quot;Fordere deinen Supermarkt zum Mitmachen auf&quot;,&quot;description&quot;:&quot;Stelle dich der Mehrwegbeh\\u00e4lter-Challenge und werde Teil der Bewegung, die unsere Einkaufsgewohnheit im Supermarkt \\u00e4ndert&quot;,&quot;attachment&quot;:&quot;https:\\\/\\\/www.greenpeace.ch\\\/static\\\/planet4-switzerland-stateless\\\/2019\\\/10\\\/41ae6d31-gp0sttopu-510x340.jpg&quot;,&quot;cta_link&quot;:&quot;https:\\\/\\\/www.greenpeace.ch\\\/de\\\/handeln\\\/fuer-eine-plastikfreie-zukunft\\\/fordere-deinen-supermarkt-zum-mitmachen-auf\\\/&quot;,&quot;link_new_tab&quot;:false,&quot;cta_text&quot;:&quot;Jetzt Handeln&quot;,&quot;attachment_srcset&quot;:&quot;https:\\\/\\\/www.greenpeace.ch\\\/static\\\/planet4-switzerland-stateless\\\/2019\\\/10\\\/41ae6d31-gp0sttopu-510x340.jpg 510w, https:\\\/\\\/www.greenpeace.ch\\\/static\\\/planet4-switzerland-stateless\\\/2019\\\/10\\\/41ae6d31-gp0sttopu-300x201.jpg 300w, https:\\\/\\\/www.greenpeace.ch\\\/static\\\/planet4-switzerland-stateless\\\/2019\\\/10\\\/41ae6d31-gp0sttopu-1024x684.jpg 1024w, https:\\\/\\\/www.greenpeace.ch\\\/static\\\/planet4-switzerland-stateless\\\/2019\\\/10\\\/41ae6d31-gp0sttopu-768x513.jpg 768w, https:\\\/\\\/www.greenpeace.ch\\\/static\\\/planet4-switzerland-stateless\\\/2019\\\/10\\\/41ae6d31-gp0sttopu.jpg 1200w&quot;},{&quot;title&quot;:&quot;Mache mit beim weltweiten Brand Audit&quot;,&quot;description&quot;:&quot;Freiwillige s\\u00e4ubern lokale Ufer, Parks und Str\\u00e4nde und nutzen diese Ereignisse, um die Unternehmen zu identifizieren, die f\\u00fcr die Plastikverschmutzung verantwortlich sind&quot;,&quot;attachment&quot;:&quot;https:\\\/\\\/www.greenpeace.ch\\\/static\\\/planet4-switzerland-stateless\\\/2019\\\/12\\\/f96e4955-gp0sttylb-510x340-510x340.jpg&quot;,&quot;cta_link&quot;:&quot;https:\\\/\\\/www.greenpeace.ch\\\/de\\\/handeln\\\/fuer-eine-plastikfreie-zukunft\\\/mache-mit-beim-weltweiten-brand-audit\\\/&quot;,&quot;cta_text&quot;:&quot;Jetzt Handeln&quot;,&quot;link_new_tab&quot;:false,&quot;attachment_srcset&quot;:&quot;https:\\\/\\\/www.greenpeace.ch\\\/static\\\/planet4-switzerland-stateless\\\/2019\\\/12\\\/f96e4955-gp0sttylb-510x340.jpg 510w, https:\\\/\\\/www.greenpeace.ch\\\/static\\\/planet4-switzerland-stateless\\\/2019\\\/12\\\/f96e4955-gp0sttylb-510x340-300x200.jpg 300w&quot;}],&quot;className&quot;:&quot;is-style-image&quot;}}\"><\/div><div data-render=\"planet4-blocks\/columns\" data-attributes=\"{&quot;attributes&quot;:{&quot;columns_block_style&quot;:&quot;image&quot;,&quot;columns&quot;:[{&quot;title&quot;:&quot;&quot;,&quot;description&quot;:&quot;&quot;,&quot;attachment&quot;:&quot;https:\\\/\\\/www.greenpeace.ch\\\/static\\\/planet4-switzerland-stateless\\\/2019\\\/10\\\/20bc547b-gp0stqxo5-510x340.jpg&quot;,&quot;cta_link&quot;:&quot;\\\/international\\\/campaign\\\/single-use-ban-in-your-community\\\/&quot;,&quot;link_new_tab&quot;:false,&quot;cta_text&quot;:&quot;&quot;,&quot;attachment_srcset&quot;:&quot;https:\\\/\\\/www.greenpeace.ch\\\/static\\\/planet4-switzerland-stateless\\\/2019\\\/10\\\/20bc547b-gp0stqxo5-510x340.jpg 510w, https:\\\/\\\/www.greenpeace.ch\\\/static\\\/planet4-switzerland-stateless\\\/2019\\\/10\\\/20bc547b-gp0stqxo5-300x200.jpg 300w, https:\\\/\\\/www.greenpeace.ch\\\/static\\\/planet4-switzerland-stateless\\\/2019\\\/10\\\/20bc547b-gp0stqxo5-1024x683.jpg 1024w, https:\\\/\\\/www.greenpeace.ch\\\/static\\\/planet4-switzerland-stateless\\\/2019\\\/10\\\/20bc547b-gp0stqxo5-768x512.jpg 768w, https:\\\/\\\/www.greenpeace.ch\\\/static\\\/planet4-switzerland-stateless\\\/2019\\\/10\\\/20bc547b-gp0stqxo5.jpg 1200w&quot;},{&quot;title&quot;:&quot;&quot;,&quot;description&quot;:&quot;&quot;,&quot;attachment&quot;:&quot;https:\\\/\\\/www.greenpeace.ch\\\/static\\\/planet4-switzerland-stateless\\\/2019\\\/10\\\/f96e4955-gp0sttylb-510x340.jpg&quot;,&quot;cta_link&quot;:&quot;\\\/international\\\/campaign\\\/become-a-citizen-scientist\\\/&quot;,&quot;link_new_tab&quot;:false,&quot;cta_text&quot;:&quot;&quot;,&quot;attachment_srcset&quot;:&quot;https:\\\/\\\/www.greenpeace.ch\\\/static\\\/planet4-switzerland-stateless\\\/2019\\\/10\\\/f96e4955-gp0sttylb-510x340.jpg 510w, https:\\\/\\\/www.greenpeace.ch\\\/static\\\/planet4-switzerland-stateless\\\/2019\\\/10\\\/f96e4955-gp0sttylb-300x200.jpg 300w, https:\\\/\\\/www.greenpeace.ch\\\/static\\\/planet4-switzerland-stateless\\\/2019\\\/10\\\/f96e4955-gp0sttylb-1024x683.jpg 1024w, https:\\\/\\\/www.greenpeace.ch\\\/static\\\/planet4-switzerland-stateless\\\/2019\\\/10\\\/f96e4955-gp0sttylb-768x512.jpg 768w, https:\\\/\\\/www.greenpeace.ch\\\/static\\\/planet4-switzerland-stateless\\\/2019\\\/10\\\/f96e4955-gp0sttylb.jpg 1200w&quot;},{&quot;title&quot;:&quot;&quot;,&quot;link_new_tab&quot;:false,&quot;description&quot;:&quot;&quot;,&quot;attachment&quot;:&quot;https:\\\/\\\/www.greenpeace.ch\\\/static\\\/planet4-switzerland-stateless\\\/2019\\\/11\\\/dd239d7c-gp0stt4xm-510x340.jpg&quot;,&quot;cta_text&quot;:&quot;&quot;,&quot;cta_link&quot;:&quot;\\\/international\\\/campaign\\\/tools-for-teachers\\\/&quot;,&quot;attachment_srcset&quot;:&quot;https:\\\/\\\/www.greenpeace.ch\\\/static\\\/planet4-switzerland-stateless\\\/2019\\\/11\\\/dd239d7c-gp0stt4xm-510x340.jpg 510w, https:\\\/\\\/www.greenpeace.ch\\\/static\\\/planet4-switzerland-stateless\\\/2019\\\/11\\\/dd239d7c-gp0stt4xm-300x200.jpg 300w, https:\\\/\\\/www.greenpeace.ch\\\/static\\\/planet4-switzerland-stateless\\\/2019\\\/11\\\/dd239d7c-gp0stt4xm-1024x683.jpg 1024w, https:\\\/\\\/www.greenpeace.ch\\\/static\\\/planet4-switzerland-stateless\\\/2019\\\/11\\\/dd239d7c-gp0stt4xm-768x512.jpg 768w, https:\\\/\\\/www.greenpeace.ch\\\/static\\\/planet4-switzerland-stateless\\\/2019\\\/11\\\/dd239d7c-gp0stt4xm.jpg 1200w&quot;}],&quot;className&quot;:&quot;is-style-image&quot;}}\"><\/div>","protected":false},"excerpt":{"rendered":"<p>Take-Aways sollen mitmachen bei Mehrweg-Konsum.<\/p>\n","protected":false},"author":50,"featured_media":0,"parent":2166,"menu_order":0,"comment_status":"closed","ping_status":"closed","template":"","meta":{"_acf_changed":false,"_planet4_optimize_post_is_variant":false,"_planet4_optimize_experiment_name":"","_planet4_optimize_variant_name":"","ep_exclude_from_search":false,"p4_hide_page_title_checkbox":"","p4_title":"","p4_subtitle":"","p4_description":"","background_image_id":"","background_image":"","p4_button_title":"","p4_button_link":"","p4_button_link_checkbox":"","p4_og_title":"","p4_og_description":"","p4_og_image":"","p4_og_image_id":"","p4_seo_canonical_url":"","p4_campaign_name":"not set","p4_local_project":"not set","p4_basket_name":"not set","p4_department":"","footnotes":""},"categories":[],"tags":[37],"class_list":["post-40254","page","type-page","status-publish","hentry","tag-zero-waste"],"acf":[],"_links":{"self":[{"href":"https:\/\/www.greenpeace.ch\/de\/wp-json\/wp\/v2\/pages\/40254","targetHints":{"allow":["GET"]}}],"collection":[{"href":"https:\/\/www.greenpeace.ch\/de\/wp-json\/wp\/v2\/pages"}],"about":[{"href":"https:\/\/www.greenpeace.ch\/de\/wp-json\/wp\/v2\/types\/page"}],"author":[{"embeddable":true,"href":"https:\/\/www.greenpeace.ch\/de\/wp-json\/wp\/v2\/users\/50"}],"replies":[{"embeddable":true,"href":"https:\/\/www.greenpeace.ch\/de\/wp-json\/wp\/v2\/comments?post=40254"}],"version-history":[{"count":0,"href":"https:\/\/www.greenpeace.ch\/de\/wp-json\/wp\/v2\/pages\/40254\/revisions"}],"up":[{"embeddable":true,"href":"https:\/\/www.greenpeace.ch\/de\/wp-json\/wp\/v2\/pages\/2166"}],"wp:attachment":[{"href":"https:\/\/www.greenpeace.ch\/de\/wp-json\/wp\/v2\/media?parent=40254"}],"wp:term":[{"taxonomy":"category","embeddable":true,"href":"https:\/\/www.greenpeace.ch\/de\/wp-json\/wp\/v2\/categories?post=40254"},{"taxonomy":"post_tag","embeddable":true,"href":"https:\/\/www.greenpeace.ch\/de\/wp-json\/wp\/v2\/tags?post=40254"}],"curies":[{"name":"wp","href":"https:\/\/api.w.org\/{rel}","templated":true}]}}