{"id":40280,"date":"2019-12-17T12:54:34","date_gmt":"2019-12-17T10:54:34","guid":{"rendered":"https:\/\/www.greenpeace.ch\/?page_id=40280"},"modified":"2022-03-31T13:48:09","modified_gmt":"2022-03-31T11:48:09","slug":"mache-mit-beim-weltweiten-brand-audit","status":"publish","type":"page","link":"https:\/\/www.greenpeace.ch\/de\/handeln\/fuer-eine-plastikfreie-zukunft\/mache-mit-beim-weltweiten-brand-audit\/","title":{"rendered":"Mache mit beim weltweiten Brand Audit"},"content":{"rendered":"\n<div class=\"wp-block-columns is-layout-flex wp-container-core-columns-is-layout-9d6595d7 wp-block-columns-is-layout-flex\">\n<div class=\"wp-block-column is-layout-flow wp-block-column-is-layout-flow\">\n<p>Kennst du das Projekt \u201ePlastic Brand Audit\u201c, das die weltweit schlimmsten Plastik-VerursacherInnen identifiziert? B\u00fcrgerInnen wie du und ich helfen mit, echte Ver\u00e4nderungen voranzutreiben und erregen damit die Aufmerksamkeit grosser Medienunternehmen.<\/p>\n\n\n\n<p>Bei sogenannten \u201eBrand Audits\u201d (Marken-Auswertungen) sammeln Freiwillige Abfall in Parks, an Flussufern und Seepromenaden ihrer Umgebung. Doch damit nicht genug. Sie ordnen den Plastikm\u00fcll Unternehmen zu und identifizieren, wer ihre Umwelt verschmutzt.&nbsp;<\/p>\n\n\n\n<p>Weltweit f\u00fchrten Tausende Menschen 2018 und 2019 gemeinsam Hunderte Brand Audits durch: Bei den Aufr\u00e4umaktionen sortierten sie die Funde nach Marken und z\u00e4hlten nach, welche Firmen die gr\u00f6sste Verantwortung f\u00fcr die Plastikflut tragen. Sie ver\u00f6ffentlichten ihre Ergebnisse im <a href=\"https:\/\/www.breakfreefromplastic.org\/globalbrandauditreport2019\/\">&#171;Branded&#187; Report<\/a> und prangerten die Top-M\u00fcllverursacherInnen an.<\/p>\n\n\n\n<p>Werde Teil dieser Bewegung! Die Organisation \u201eBreak Free From Plastic\u201d bietet eine \u00fcbersichtliche Anleitung f\u00fcr eine Aufr\u00e4umaktion mit Brand Audits. Sie erkl\u00e4rt das Vorgehen Schritt f\u00fcr Schritt, von der Planung bis zur \u00dcbermittlung deiner Daten an die Organisation. Du kannst auch nachsehen, ob es in deiner N\u00e4he bereits Aktionen gibt. Die VeranstalterInnen freuen sich sicher \u00fcber deine Hilfe! <\/p>\n<\/div>\n\n\n\n<div class=\"wp-block-column is-layout-flow wp-block-column-is-layout-flow\">\n<figure class=\"wp-block-image size-large caption-style-blue-overlay caption-alignment-center\"><img loading=\"lazy\" decoding=\"async\" width=\"1024\" height=\"683\" src=\"https:\/\/www.greenpeace.ch\/static\/planet4-switzerland-stateless\/2019\/12\/455c6ad5-gp0stsfmp-1024x683.jpg\" alt=\"\" class=\"wp-image-40283\" srcset=\"https:\/\/www.greenpeace.ch\/static\/planet4-switzerland-stateless\/2019\/12\/455c6ad5-gp0stsfmp-1024x683.jpg 1024w, https:\/\/www.greenpeace.ch\/static\/planet4-switzerland-stateless\/2019\/12\/455c6ad5-gp0stsfmp-300x200.jpg 300w, https:\/\/www.greenpeace.ch\/static\/planet4-switzerland-stateless\/2019\/12\/455c6ad5-gp0stsfmp-768x512.jpg 768w, https:\/\/www.greenpeace.ch\/static\/planet4-switzerland-stateless\/2019\/12\/455c6ad5-gp0stsfmp-510x340.jpg 510w, https:\/\/www.greenpeace.ch\/static\/planet4-switzerland-stateless\/2019\/12\/455c6ad5-gp0stsfmp.jpg 1200w\" sizes=\"auto, (max-width: 1024px) 100vw, 1024px\" \/><figcaption>Greenpeace-Freiwillige f\u00fchren am International Clean-up Day am Strand von Wonnapa in der Provinz Chonburi ein Brand-Audit durch.<\/figcaption><\/figure>\n<\/div>\n<\/div>\n<div data-render=\"planet4-blocks\/columns\" data-attributes=\"{&quot;attributes&quot;:{&quot;columns_block_style&quot;:&quot;image&quot;,&quot;columns_title&quot;:&quot;Mehr Handlungsm\\u00f6glichkeiten&quot;,&quot;columns&quot;:[{&quot;title&quot;:&quot;Informiere dich \\u00fcber Plastikverschmutzung&quot;,&quot;description&quot;:&quot;Plastik verschmutzt jeden Winkel der Erde. Ob Meeresgrund, entlegene Waldpfade, arktisches Eis oder Inselstr\\u00e4nde, an denen Riesenschildkr\\u00f6ten nisten: Plastikabfall ist \\u00fcberall.&quot;,&quot;attachment&quot;:&quot;https:\\\/\\\/www.greenpeace.ch\\\/static\\\/planet4-switzerland-stateless\\\/2019\\\/10\\\/e12d38b9-gp0stqs0e-510x340.jpg&quot;,&quot;cta_link&quot;:&quot;https:\\\/\\\/www.greenpeace.ch\\\/de\\\/handeln\\\/fuer-eine-plastikfreie-zukunft\\\/informiere-dich-ueber-plastikverschmutzung\\\/&quot;,&quot;link_new_tab&quot;:false,&quot;cta_text&quot;:&quot;Jetzt Handeln&quot;,&quot;attachment_srcset&quot;:&quot;https:\\\/\\\/www.greenpeace.ch\\\/static\\\/planet4-switzerland-stateless\\\/2019\\\/10\\\/e12d38b9-gp0stqs0e-510x340.jpg 510w, https:\\\/\\\/www.greenpeace.ch\\\/static\\\/planet4-switzerland-stateless\\\/2019\\\/10\\\/e12d38b9-gp0stqs0e-300x200.jpg 300w, https:\\\/\\\/www.greenpeace.ch\\\/static\\\/planet4-switzerland-stateless\\\/2019\\\/10\\\/e12d38b9-gp0stqs0e-1024x683.jpg 1024w, https:\\\/\\\/www.greenpeace.ch\\\/static\\\/planet4-switzerland-stateless\\\/2019\\\/10\\\/e12d38b9-gp0stqs0e-768x512.jpg 768w, https:\\\/\\\/www.greenpeace.ch\\\/static\\\/planet4-switzerland-stateless\\\/2019\\\/10\\\/e12d38b9-gp0stqs0e.jpg 1200w&quot;},{&quot;title&quot;:&quot;Organisiere einen Zero-Waste-Event&quot;,&quot;description&quot;:&quot;Egal, ob Dinner, Picknick im Freien oder Treffen in grosser Runde: Der Verzicht auf Plastik bedeutet keinen Verzicht auf Spass. Ganz im Gegenteil: Er ist eine Einladung zu Kreativit\\u00e4t!&quot;,&quot;attachment&quot;:&quot;https:\\\/\\\/www.greenpeace.ch\\\/static\\\/planet4-switzerland-stateless\\\/2019\\\/10\\\/2cc46838-gp0sttm6m-510x340.jpg&quot;,&quot;cta_link&quot;:&quot;https:\\\/\\\/www.greenpeace.ch\\\/de\\\/handeln\\\/fuer-eine-plastikfreie-zukunft\\\/organisiere-einen-zero-waste-event\\\/&quot;,&quot;link_new_tab&quot;:false,&quot;cta_text&quot;:&quot;Jetzt Handeln&quot;,&quot;attachment_srcset&quot;:&quot;https:\\\/\\\/www.greenpeace.ch\\\/static\\\/planet4-switzerland-stateless\\\/2019\\\/10\\\/2cc46838-gp0sttm6m-510x340.jpg 510w, https:\\\/\\\/www.greenpeace.ch\\\/static\\\/planet4-switzerland-stateless\\\/2019\\\/10\\\/2cc46838-gp0sttm6m-300x200.jpg 300w, https:\\\/\\\/www.greenpeace.ch\\\/static\\\/planet4-switzerland-stateless\\\/2019\\\/10\\\/2cc46838-gp0sttm6m-1024x683.jpg 1024w, https:\\\/\\\/www.greenpeace.ch\\\/static\\\/planet4-switzerland-stateless\\\/2019\\\/10\\\/2cc46838-gp0sttm6m-768x512.jpg 768w, https:\\\/\\\/www.greenpeace.ch\\\/static\\\/planet4-switzerland-stateless\\\/2019\\\/10\\\/2cc46838-gp0sttm6m.jpg 1200w&quot;},{&quot;title&quot;:&quot;Fordere Take-aways zum Mitmachen auf&quot;,&quot;description&quot;:&quot;Stelle dich der Mehrwegbeh\\u00e4lter-Challenge und werde Teil der Bewegung, die unsere Essgewohnheiten \\u00e4ndert! Damit Mehrweg zum Normalweg wird.&quot;,&quot;attachment&quot;:&quot;https:\\\/\\\/www.greenpeace.ch\\\/static\\\/planet4-switzerland-stateless\\\/2019\\\/10\\\/adf7d427-gp0sttj65-510x340.jpg&quot;,&quot;cta_link&quot;:&quot;https:\\\/\\\/www.greenpeace.ch\\\/de\\\/handeln\\\/fuer-eine-plastikfreie-zukunft\\\/fordere-take-aways-zum-mitmachen-auf\\\/&quot;,&quot;link_new_tab&quot;:false,&quot;cta_text&quot;:&quot;Take Action Today&quot;,&quot;attachment_srcset&quot;:&quot;https:\\\/\\\/www.greenpeace.ch\\\/static\\\/planet4-switzerland-stateless\\\/2019\\\/10\\\/adf7d427-gp0sttj65-510x340.jpg 510w, https:\\\/\\\/www.greenpeace.ch\\\/static\\\/planet4-switzerland-stateless\\\/2019\\\/10\\\/adf7d427-gp0sttj65-300x200.jpg 300w, https:\\\/\\\/www.greenpeace.ch\\\/static\\\/planet4-switzerland-stateless\\\/2019\\\/10\\\/adf7d427-gp0sttj65-1024x683.jpg 1024w, https:\\\/\\\/www.greenpeace.ch\\\/static\\\/planet4-switzerland-stateless\\\/2019\\\/10\\\/adf7d427-gp0sttj65-768x512.jpg 768w, https:\\\/\\\/www.greenpeace.ch\\\/static\\\/planet4-switzerland-stateless\\\/2019\\\/10\\\/adf7d427-gp0sttj65.jpg 1200w&quot;},{&quot;title&quot;:&quot;Fordere deinen Supermarket zum Mitmachen auf&quot;,&quot;description&quot;:&quot;Stelle dich der Mehrwegbeh\\u00e4lter-Challenge und werde Teil der Bewegung, die unsere Einkaufsgewohnheit im Supermarkt \\u00e4ndert&quot;,&quot;attachment&quot;:&quot;https:\\\/\\\/www.greenpeace.ch\\\/static\\\/planet4-switzerland-stateless\\\/2019\\\/12\\\/2565ae6e-gp0sttopv-510x340-510x340.jpg&quot;,&quot;cta_link&quot;:&quot;https:\\\/\\\/www.greenpeace.ch\\\/de\\\/handeln\\\/fuer-eine-plastikfreie-zukunft\\\/fordere-deinen-supermarkt-zum-mitmachen-auf\\\/&quot;,&quot;cta_text&quot;:&quot;Jetzt Handeln&quot;,&quot;link_new_tab&quot;:true,&quot;attachment_srcset&quot;:&quot;https:\\\/\\\/www.greenpeace.ch\\\/static\\\/planet4-switzerland-stateless\\\/2019\\\/12\\\/2565ae6e-gp0sttopv-510x340.jpg 510w, https:\\\/\\\/www.greenpeace.ch\\\/static\\\/planet4-switzerland-stateless\\\/2019\\\/12\\\/2565ae6e-gp0sttopv-510x340-300x200.jpg 300w&quot;}],&quot;className&quot;:&quot;is-style-image&quot;}}\"><\/div><div data-render=\"planet4-blocks\/columns\" data-attributes=\"{&quot;attributes&quot;:{&quot;columns_block_style&quot;:&quot;image&quot;,&quot;columns&quot;:[{&quot;title&quot;:&quot;&quot;,&quot;description&quot;:&quot;&quot;,&quot;attachment&quot;:0,&quot;cta_link&quot;:&quot;\\\/international\\\/campaign\\\/challenge-local-supermarkets\\\/&quot;,&quot;link_new_tab&quot;:false,&quot;cta_text&quot;:&quot;&quot;},{&quot;title&quot;:&quot;&quot;,&quot;description&quot;:&quot;&quot;,&quot;attachment&quot;:0,&quot;cta_link&quot;:&quot;\\\/international\\\/campaign\\\/single-use-ban-in-your-community\\\/&quot;,&quot;link_new_tab&quot;:false,&quot;cta_text&quot;:&quot;&quot;},{&quot;title&quot;:&quot;&quot;,&quot;link_new_tab&quot;:false,&quot;description&quot;:&quot;&quot;,&quot;attachment&quot;:0,&quot;cta_text&quot;:&quot;&quot;,&quot;cta_link&quot;:&quot;\\\/international\\\/campaign\\\/tools-for-teachers\\\/&quot;}],&quot;className&quot;:&quot;is-style-image&quot;}}\"><\/div>","protected":false},"excerpt":{"rendered":"<p>Kennst du das Projekt \u201ePlastic Brand Audit\u201c, das die weltweit schlimmsten Plastik-VerursacherInnen identifiziert? B\u00fcrgerInnen wie du und ich helfen mit, echte Ver\u00e4nderungen voranzutreiben und erregen damit die Aufmerksamkeit grosser Medienunternehmen. Bei sogenannten \u201eBrand Audits\u201d (Marken-Auswertungen) sammeln Freiwillige Abfall in Parks, an Flussufern und Seepromenaden ihrer Umgebung. Doch damit nicht genug. Sie ordnen den Plastikm\u00fcll Unternehmen [&hellip;]<\/p>\n","protected":false},"author":50,"featured_media":0,"parent":2166,"menu_order":0,"comment_status":"closed","ping_status":"closed","template":"","meta":{"_acf_changed":false,"_planet4_optimize_post_is_variant":false,"_planet4_optimize_experiment_name":"","_planet4_optimize_variant_name":"","ep_exclude_from_search":false,"p4_hide_page_title_checkbox":"","p4_title":"","p4_subtitle":"","p4_description":"","background_image_id":"","background_image":"","p4_button_title":"","p4_button_link":"","p4_button_link_checkbox":"","p4_og_title":"","p4_og_description":"","p4_og_image":"","p4_og_image_id":"","p4_seo_canonical_url":"","p4_campaign_name":"not set","p4_local_project":"not set","p4_basket_name":"not set","p4_department":"","footnotes":""},"categories":[],"tags":[37],"class_list":["post-40280","page","type-page","status-publish","hentry","tag-zero-waste"],"acf":[],"_links":{"self":[{"href":"https:\/\/www.greenpeace.ch\/de\/wp-json\/wp\/v2\/pages\/40280","targetHints":{"allow":["GET"]}}],"collection":[{"href":"https:\/\/www.greenpeace.ch\/de\/wp-json\/wp\/v2\/pages"}],"about":[{"href":"https:\/\/www.greenpeace.ch\/de\/wp-json\/wp\/v2\/types\/page"}],"author":[{"embeddable":true,"href":"https:\/\/www.greenpeace.ch\/de\/wp-json\/wp\/v2\/users\/50"}],"replies":[{"embeddable":true,"href":"https:\/\/www.greenpeace.ch\/de\/wp-json\/wp\/v2\/comments?post=40280"}],"version-history":[{"count":0,"href":"https:\/\/www.greenpeace.ch\/de\/wp-json\/wp\/v2\/pages\/40280\/revisions"}],"up":[{"embeddable":true,"href":"https:\/\/www.greenpeace.ch\/de\/wp-json\/wp\/v2\/pages\/2166"}],"wp:attachment":[{"href":"https:\/\/www.greenpeace.ch\/de\/wp-json\/wp\/v2\/media?parent=40280"}],"wp:term":[{"taxonomy":"category","embeddable":true,"href":"https:\/\/www.greenpeace.ch\/de\/wp-json\/wp\/v2\/categories?post=40280"},{"taxonomy":"post_tag","embeddable":true,"href":"https:\/\/www.greenpeace.ch\/de\/wp-json\/wp\/v2\/tags?post=40280"}],"curies":[{"name":"wp","href":"https:\/\/api.w.org\/{rel}","templated":true}]}}