{"id":504,"date":"2019-04-09T15:49:59","date_gmt":"2019-04-09T15:49:59","guid":{"rendered":"https:\/\/master.greenpeace.ch\/?page_id=504"},"modified":"2025-09-24T17:29:52","modified_gmt":"2025-09-24T15:29:52","slug":"jobs","status":"publish","type":"page","link":"https:\/\/www.greenpeace.ch\/de\/jobs\/","title":{"rendered":"Stellen: Jobs bei Greenpeace Schweiz"},"content":{"rendered":"\n\n<div class=\"wp-block-group alignfull is-layout-flow wp-block-group-is-layout-flow\">\n<div class=\"wp-block-group container is-layout-flow wp-block-group-is-layout-flow\">\n<div class=\"wp-block-media-text alignfull has-media-on-the-right is-stacked-on-mobile is-pattern-p4-page-header is-style-parallax\"><div class=\"wp-block-media-text__content\">\n<div class=\"wp-block-group is-layout-flow wp-block-group-is-layout-flow\">\n<h1 class=\"wp-block-heading has-white-background-color has-background\">\n                            Arbeiten f\u00fcr Greenpeace\n                        <\/h1>\n<\/div>\n<\/div><figure class=\"wp-block-media-text__media\"><img loading=\"lazy\" decoding=\"async\" width=\"2600\" height=\"1294\" src=\"https:\/\/www.greenpeace.ch\/static\/planet4-switzerland-stateless\/2019\/05\/415aa429-jobs.jpg\" alt=\"\" sizes=\"auto, (min-width: 601px) 50vw, 100vw\" srcset=\"https:\/\/www.greenpeace.ch\/static\/planet4-switzerland-stateless\/2019\/05\/415aa429-jobs.jpg 2600w, https:\/\/www.greenpeace.ch\/static\/planet4-switzerland-stateless\/2019\/05\/415aa429-jobs-300x149.jpg 300w, https:\/\/www.greenpeace.ch\/static\/planet4-switzerland-stateless\/2019\/05\/415aa429-jobs-768x382.jpg 768w, https:\/\/www.greenpeace.ch\/static\/planet4-switzerland-stateless\/2019\/05\/415aa429-jobs-1024x510.jpg 1024w, https:\/\/www.greenpeace.ch\/static\/planet4-switzerland-stateless\/2019\/05\/415aa429-jobs-2048x1019.jpg 2048w, https:\/\/www.greenpeace.ch\/static\/planet4-switzerland-stateless\/2019\/05\/415aa429-jobs-510x254.jpg 510w\" class=\"wp-image-2012 size-full\"\/><\/figure><\/div>\n<\/div>\n<\/div>\n\n\n<h2 class=\"wp-block-heading is-style-underline\">Offene Stellen<\/h2>\n\n<script id=\"dualoo-iframe-1\">\n\t(function() {\n\t\tconst portalId = 'osfekmqu';\n\t\tconst script = document.createElement(\"script\");\n\t\tscript.src = 'https:\/\/jobs.dualoo.com\/content\/iframe\/iframe_loader_v3.js';\n\t\tscript.onload = function() {\n\t\t\tconst urlParams = new URLSearchParams(window.location.search),\n\t\t\tjobId = urlParams.get(\"jobId\"),\n\t\t\tpage = urlParams.get(\"page\"),\n\t\t\tbackButton = urlParams.get('backButton'),\n\t\t\tlang = (urlParams.get(\"lang\") || 'DE').toUpperCase(),\n\t\t\tparams = backButton === 'hide' && page === 'apply' ? {\n\t\t\t\tbackButton: 'hide',\n\t\t\t\tlang: lang\n\t\t\t} : {\n\t\t\t\tlang: lang\n\t\t\t},\n\t\t\tquery = Object.keys(params).map(k => `${encodeURIComponent(k)}=${encodeURIComponent(params[k])}`).join('&'),\n\t\t\tportalUrl = jobId ? `https:\/\/jobs.dualoo.com\/portal\/${portalId}\/${jobId}\/${page === 'apply' ? 'apply' : 'detail'}?${query}` : `https:\/\/jobs.dualoo.com\/portal\/${portalId}?${query}`;\n\n\t\t\tdualooIframe.addIframe({\n\t\t\t\telementId: 'dualoo-iframe-1',\n\t\t\t\tportalUrl: portalUrl\n\t\t\t});\n\t\t};\n\t\tdocument.head.appendChild(script);\n\t})();\n<\/script>\n\n<p>Wir bitten dich, uns keine Spontanbewerbungen zu senden. Ausser den ver\u00f6ffentlichten Stellen haben wir aktuell keine Stellenangebote, auch keine offenen Praktikumsstellen.<\/p>\n\n<p>Greenpeace wird ausschliesslich von Spender:innen und Stiftungen finanziert. Wir setzen dieses Geld f\u00fcr Umweltschutzanliegen ein und halten unseren administrativen Aufwand m\u00f6glichst gering.<\/p>\n\n<hr class=\"wp-block-separator has-css-opacity\"\/>\n\n<h2 class=\"wp-block-heading\">Keine passende Stelle gefunden?<\/h2>\n\n<div class=\"wp-block-columns has-3-columns is-layout-flex wp-container-core-columns-is-layout-9d6595d7 wp-block-columns-is-layout-flex\">\n<div class=\"wp-block-column is-layout-flow wp-block-column-is-layout-flow\">\n<h3 class=\"wp-block-heading\">Werde Dialoger:in<\/h3>\n\n\n\n<p>Als Dialoger:in gewinnst du Menschen, die Greenpeace finanziell unterst\u00fctzen wollen und erkl\u00e4rst ihnen, wof\u00fcr das Geld gebraucht wird und was damit schon erreicht wurde. Unsere Partnerin <a href=\"https:\/\/super-job.ch\/\" target=\"_blank\" rel=\"noreferrer noopener\">VOISS<\/a> nimmt gerne deine Bewerbung mit dem Vermerk &#171;Greenpeace&#187; entgegen.<\/p>\n\n\n\n<div class=\"wp-block-buttons is-layout-flex wp-block-buttons-is-layout-flex\">\n<div class=\"wp-block-button\"><a class=\"wp-block-button__link wp-element-button\">Mehr Informationen<\/a><\/div>\n<\/div>\n<\/div>\n\n\n\n<div class=\"wp-block-column is-layout-flow wp-block-column-is-layout-flow\">\n<h3 class=\"wp-block-heading\">Werde Freiwillige:r<\/h3>\n\n\n\n<p>Ein wichtiger Teil der Arbeit von Greenpeace wird von Freiwilligen geleistet. Engagiere auch du dich in einer unserer Regionalgruppen.<\/p>\n\n\n\n<div class=\"wp-block-buttons is-layout-flex wp-block-buttons-is-layout-flex\">\n<div class=\"wp-block-button\"><a class=\"wp-block-button__link wp-element-button\" href=\"https:\/\/www.greenpeace.ch\/de\/act\/freiwillige\/\">Jetzt aktiv werden<\/a><\/div>\n<\/div>\n<\/div>\n\n\n\n<div class=\"wp-block-column is-layout-flow wp-block-column-is-layout-flow\">\n<h3 class=\"wp-block-heading\">Stellenangebote weltweit<\/h3>\n\n\n\n<p>Du interessierst dich f\u00fcr eine Stelle im Ausland? Greenpeace ist rund um den Globus aktiv. Hier findest du die internationalen Stellenangebote.<br><\/p>\n\n\n\n<div class=\"wp-block-buttons is-layout-flex wp-block-buttons-is-layout-flex\">\n<div class=\"wp-block-button\"><a class=\"wp-block-button__link wp-element-button\" href=\"https:\/\/www.linkedin.com\/company\/greenpeace\/jobs\/\">Zu den Angeboten<\/a><\/div>\n<\/div>\n<\/div>\n<\/div>\n\n<hr class=\"wp-block-separator has-css-opacity\"\/>\n\n<h2 class=\"wp-block-heading is-style-default\" id=\"arbeiten\">Du m\u00f6chtest bei Greenpeace arbeiten?<\/h2>\n\n<p>Das freut uns, denn es gibt viele gute Gr\u00fcnde, bei uns an Bord zu kommen.<\/p>\n\n<h3 class=\"wp-block-heading\">Sinnstiftende Arbeit<\/h3>\n\n<div class=\"wp-block-columns is-layout-flex wp-container-core-columns-is-layout-9d6595d7 wp-block-columns-is-layout-flex\">\n<div class=\"wp-block-column is-layout-flow wp-block-column-is-layout-flow\">\n<ul class=\"wp-block-list\">\n<li><strong>Gr\u00fcn, gerecht, friedlich<\/strong>: F\u00fcr diese Welt engagieren wir uns.<\/li>\n\n\n\n<li>Als Greenpeace-Mitarbeiter:in wirkst du an nichts Geringerem mit als an der <strong>positiven Ver\u00e4nderung der Welt.<\/strong> Daf\u00fcr setzen wir uns mutig, leidenschaftlich und hartn\u00e4ckig ein.<\/li>\n\n\n\n<li><strong>Gemeinsam sind wir stark<\/strong>: Wir verbinden in unserer Arbeit Professionalit\u00e4t mit Herzblut, zusammen mit rund <strong>3000 internationalen Kolleg:innen<\/strong>, <strong>Tausenden von Freiwilligen<\/strong> und rund<strong> 3 Millionen Spender:innen<\/strong>, die uns weltweit unterst\u00fctzen.<\/li>\n<\/ul>\n<\/div>\n<\/div>\n\n<h3 class=\"wp-block-heading\">Selbstverantwortung<\/h3>\n\n<div class=\"wp-block-columns is-layout-flex wp-container-core-columns-is-layout-9d6595d7 wp-block-columns-is-layout-flex\">\n<div class=\"wp-block-column is-layout-flow wp-block-column-is-layout-flow\">\n<ul class=\"wp-block-list\">\n<li>Die Welt wandelt sich rasant \u2013 wir haben uns angepasst: Mit unserem Modell der <a href=\"https:\/\/www.greenpeace.ch\/de\/story\/53829\/greenpeace-schweiz-selbstorganisiert-in-die-zukunft\/\"><strong>Selbstorganisation<\/strong><\/a> und hohen <strong>Eigenverantwortung<\/strong> aller Mitarbeiter:innen stellen wir den <strong>Zweck<\/strong> und die <strong>Ziele<\/strong> von Greenpeace Schweiz in den Mittelpunkt unseres Handelns.<\/li>\n\n\n\n<li>Vorgesetzte findest du bei uns also keine; vielmehr \u00fcbernehmen alle Mitarbeiter:innen <strong>echte Verantwortung f\u00fcr ihre Aufgabenbereiche. <\/strong>Sie leiten, strukturieren und organisieren sich selbst.<\/li>\n<\/ul>\n<\/div>\n<\/div>\n\n<h3 class=\"wp-block-heading\">Vertrauensvolles Arbeitsumfeld<\/h3>\n\n<div class=\"wp-block-columns is-layout-flex wp-container-core-columns-is-layout-9d6595d7 wp-block-columns-is-layout-flex\">\n<div class=\"wp-block-column is-layout-flow wp-block-column-is-layout-flow\">\n<ul class=\"wp-block-list\">\n<li>Wir pflegen eine Zusammenarbeitskultur, die gepr\u00e4gt ist von <strong>Vertrauen, Freude und Zusammengeh\u00f6rigkeit.<\/strong> Unser <a href=\"https:\/\/www.greenpeace.ch\/static\/planet4-switzerland-stateless\/2022\/10\/5c388363-social-contract-gpch_de.pdf\"><strong>Social Contract<\/strong><\/a> bringt das zum Ausdruck.<\/li>\n\n\n\n<li>Wir bieten ein <strong>vielf\u00e4ltiges und internationales Arbeitsumfeld<\/strong>; als Beitrag f\u00fcr eine soziale, inklusive, diskriminierungsfreie und gerechte Welt.<\/li>\n\n\n\n<li><strong>Teilzeitarbeit<\/strong> und <strong>Homeoffice-M\u00f6glichkeiten<\/strong> sind f\u00fcr uns selbstverst\u00e4ndlich. Wir arbeiten mit <strong>Vertrauensarbeitszeit.<\/strong><\/li>\n\n\n\n<li><strong>40 Stunden<\/strong> die Woche (bei 100 %), bei mindestens <strong>5 Wochen Ferien<\/strong>.<\/li>\n\n\n\n<li>Bei uns gilt <strong>1:2<\/strong> statt 1:12, denn wir glauben an <strong>transparente, sozial- und gendergerechte L\u00f6hne.<\/strong><\/li>\n\n\n\n<li>Wir unterst\u00fctzen deine laufende Weiterentwicklung durch <strong>Trainings, Weiterbildungen und Coaching. <\/strong>Nach 7 Jahren bieten wir <strong>12 Wochen bezahlte Auszeit.<\/strong> Ein vertraulicher <strong>Beratungsdienst<\/strong> und andere Vorz\u00fcge runden unser Angebot ab. \u00dcberzeuge dich selbst: Hier geht es zu unseren <strong><a href=\"https:\/\/www.greenpeace.ch\/static\/planet4-switzerland-stateless\/2025\/09\/92d57f5e-2025-benefits-fuer-mitarbeitende-greenpeace-schweiz.pdf\">Benefits<\/a>.<\/strong><\/li>\n<\/ul>\n<\/div>\n<\/div>\n\n<hr class=\"wp-block-separator has-css-opacity\"\/>\n\n<h2 class=\"wp-block-heading is-style-default\">Das sagen unsere Mitarbeiter:innen<\/h2>\n\n<div class=\"wp-block-columns has-4-columns is-layout-flex wp-container-core-columns-is-layout-9d6595d7 wp-block-columns-is-layout-flex\">\n<div class=\"wp-block-column is-layout-flow wp-block-column-is-layout-flow\">\n<figure class=\"wp-block-image size-large caption-style-medium caption-alignment-center\"><img loading=\"lazy\" decoding=\"async\" width=\"1024\" height=\"1024\" src=\"https:\/\/www.greenpeace.ch\/static\/planet4-switzerland-stateless\/2022\/10\/fa5aaa1e-dsc03119-e1666768481883-1024x1024.jpg\" alt=\"\" class=\"wp-image-90844\" srcset=\"https:\/\/www.greenpeace.ch\/static\/planet4-switzerland-stateless\/2022\/10\/fa5aaa1e-dsc03119-e1666768481883-1024x1024.jpg 1024w, https:\/\/www.greenpeace.ch\/static\/planet4-switzerland-stateless\/2022\/10\/fa5aaa1e-dsc03119-e1666768481883-300x300.jpg 300w, https:\/\/www.greenpeace.ch\/static\/planet4-switzerland-stateless\/2022\/10\/fa5aaa1e-dsc03119-e1666768481883-150x150.jpg 150w, https:\/\/www.greenpeace.ch\/static\/planet4-switzerland-stateless\/2022\/10\/fa5aaa1e-dsc03119-e1666768481883-768x768.jpg 768w, https:\/\/www.greenpeace.ch\/static\/planet4-switzerland-stateless\/2022\/10\/fa5aaa1e-dsc03119-e1666768481883-340x340.jpg 340w, https:\/\/www.greenpeace.ch\/static\/planet4-switzerland-stateless\/2022\/10\/fa5aaa1e-dsc03119-e1666768481883.jpg 1364w\" sizes=\"auto, (max-width: 1024px) 100vw, 1024px\" \/><\/figure>\n\n\n\n<blockquote class=\"wp-block-quote is-layout-flow wp-block-quote-is-layout-flow\">\n<p>\u00abGreenpeace ist viel mehr als ein Job. Ich arbeite ganz konkret an der L\u00f6sung von Problemen mit und erweitere dabei stetig mein Wissen. Jeden Tag lerne ich etwas Neues \u00fcber Auswege aus der Klimakrise, weshalb meine Arbeit auch mein privates Umfeld positiv beeinflusst.\u00bb<\/p>\n<cite> Yvonne Anliker, Medienverantwortliche <\/cite><\/blockquote>\n<\/div>\n\n\n\n<div class=\"wp-block-column is-layout-flow wp-block-column-is-layout-flow\">\n<figure class=\"wp-block-image aligncenter size-large caption-style-medium caption-alignment-center\"><img loading=\"lazy\" decoding=\"async\" width=\"1024\" height=\"1024\" src=\"https:\/\/www.greenpeace.ch\/static\/planet4-switzerland-stateless\/2022\/10\/88fff0a4-dsc09382-1-e1666768603594-1024x1024.jpg\" alt=\"\" class=\"wp-image-90847\" srcset=\"https:\/\/www.greenpeace.ch\/static\/planet4-switzerland-stateless\/2022\/10\/88fff0a4-dsc09382-1-e1666768603594-1024x1024.jpg 1024w, https:\/\/www.greenpeace.ch\/static\/planet4-switzerland-stateless\/2022\/10\/88fff0a4-dsc09382-1-e1666768603594-300x300.jpg 300w, https:\/\/www.greenpeace.ch\/static\/planet4-switzerland-stateless\/2022\/10\/88fff0a4-dsc09382-1-e1666768603594-150x150.jpg 150w, https:\/\/www.greenpeace.ch\/static\/planet4-switzerland-stateless\/2022\/10\/88fff0a4-dsc09382-1-e1666768603594-768x769.jpg 768w, https:\/\/www.greenpeace.ch\/static\/planet4-switzerland-stateless\/2022\/10\/88fff0a4-dsc09382-1-e1666768603594-340x340.jpg 340w\" sizes=\"auto, (max-width: 1024px) 100vw, 1024px\" \/><\/figure>\n\n\n\n<blockquote class=\"wp-block-quote is-layout-flow wp-block-quote-is-layout-flow\">\n<p>\u00abWir wissen, dass Fakten alleine nichts \u00e4ndern, deshalb verkn\u00fcpfen wir Fakten mit Aktionen. Die KlimaSeniorinnen bei ihren Aktivit\u00e4ten f\u00fcr ein gesundes Klima zu unterst\u00fctzen, das begeistert mich .\u00bb<\/p>\n<cite>Georg Klingler, Campaigner <\/cite><\/blockquote>\n<\/div>\n\n\n\n<div class=\"wp-block-column is-layout-flow wp-block-column-is-layout-flow\">\n<figure class=\"wp-block-image aligncenter size-large caption-style-medium caption-alignment-center\"><img loading=\"lazy\" decoding=\"async\" width=\"1024\" height=\"1024\" src=\"https:\/\/www.greenpeace.ch\/static\/planet4-switzerland-stateless\/2022\/10\/30501647-dsc09675-1-2-e1666768662459-1024x1024.jpg\" alt=\"\" class=\"wp-image-90851\" srcset=\"https:\/\/www.greenpeace.ch\/static\/planet4-switzerland-stateless\/2022\/10\/30501647-dsc09675-1-2-e1666768662459-1024x1024.jpg 1024w, https:\/\/www.greenpeace.ch\/static\/planet4-switzerland-stateless\/2022\/10\/30501647-dsc09675-1-2-e1666768662459-300x300.jpg 300w, https:\/\/www.greenpeace.ch\/static\/planet4-switzerland-stateless\/2022\/10\/30501647-dsc09675-1-2-e1666768662459-150x150.jpg 150w, https:\/\/www.greenpeace.ch\/static\/planet4-switzerland-stateless\/2022\/10\/30501647-dsc09675-1-2-e1666768662459-768x769.jpg 768w, https:\/\/www.greenpeace.ch\/static\/planet4-switzerland-stateless\/2022\/10\/30501647-dsc09675-1-2-e1666768662459-340x340.jpg 340w\" sizes=\"auto, (max-width: 1024px) 100vw, 1024px\" \/><\/figure>\n\n\n\n<blockquote class=\"wp-block-quote is-layout-flow wp-block-quote-is-layout-flow\">\n<p>\u00abGreenpeace bewegt die Menschen dazu, nicht nur \u00fcber Umweltschutz zu reden, sondern auch zu handeln. Dass ich daran mitarbeiten kann, finde ich toll.\u00bb<\/p>\n<cite> Hina Str\u00fcver, Digital Analyst<\/cite><\/blockquote>\n<\/div>\n\n\n\n<div class=\"wp-block-column is-layout-flow wp-block-column-is-layout-flow\">\n<figure class=\"wp-block-image aligncenter size-large caption-style-medium caption-alignment-center\"><img loading=\"lazy\" decoding=\"async\" width=\"1024\" height=\"1024\" src=\"https:\/\/www.greenpeace.ch\/static\/planet4-switzerland-stateless\/2022\/10\/4c55c1aa-dsc08910-1-2-e1666768735214-1024x1024.jpg\" alt=\"\" class=\"wp-image-90856\" srcset=\"https:\/\/www.greenpeace.ch\/static\/planet4-switzerland-stateless\/2022\/10\/4c55c1aa-dsc08910-1-2-e1666768735214-1024x1024.jpg 1024w, https:\/\/www.greenpeace.ch\/static\/planet4-switzerland-stateless\/2022\/10\/4c55c1aa-dsc08910-1-2-e1666768735214-300x300.jpg 300w, https:\/\/www.greenpeace.ch\/static\/planet4-switzerland-stateless\/2022\/10\/4c55c1aa-dsc08910-1-2-e1666768735214-150x150.jpg 150w, https:\/\/www.greenpeace.ch\/static\/planet4-switzerland-stateless\/2022\/10\/4c55c1aa-dsc08910-1-2-e1666768735214-768x769.jpg 768w, https:\/\/www.greenpeace.ch\/static\/planet4-switzerland-stateless\/2022\/10\/4c55c1aa-dsc08910-1-2-e1666768735214-340x340.jpg 340w, https:\/\/www.greenpeace.ch\/static\/planet4-switzerland-stateless\/2022\/10\/4c55c1aa-dsc08910-1-2-e1666768735214.jpg 1366w\" sizes=\"auto, (max-width: 1024px) 100vw, 1024px\" \/><\/figure>\n\n\n\n<blockquote class=\"wp-block-quote is-layout-flow wp-block-quote-is-layout-flow\">\n<p>\u00abIch sch\u00e4tze es sehr, f\u00fcr eine Organisation zu arbeiten, deren Werte ich vollends teile. Ich w\u00fcnsche mir aber, dass unsere Arbeit irgendwann gar nicht mehr n\u00f6tig sein wird, weil der Umweltschutz den notwendigen Stellenwert im Bewusstsein der Menschen erreicht hat.\u00bb<\/p>\n<cite> Dimitri Fl\u00fcckiger, Buchhalter<\/cite><\/blockquote>\n\n\n\n<p><\/p>\n<\/div>\n<\/div>\n\n<p><\/p>\n","protected":false},"excerpt":{"rendered":"<p>Auf der Suche nach einem Job bei einer grossen NGO? Greenpeace sucht nach motivierten, talentierten und energetischen Kolleg:innen. <\/p>\n","protected":false},"author":25,"featured_media":2012,"parent":0,"menu_order":0,"comment_status":"closed","ping_status":"closed","template":"","meta":{"_acf_changed":false,"_planet4_optimize_post_is_variant":false,"_planet4_optimize_experiment_name":"","_planet4_optimize_variant_name":"","ep_exclude_from_search":false,"p4_hide_page_title_checkbox":"on","p4_title":"","p4_subtitle":"","p4_description":"","background_image_id":"","background_image":"","p4_button_title":"","p4_button_link":"","p4_button_link_checkbox":"","p4_og_title":"","p4_og_description":"","p4_og_image":"","p4_og_image_id":"","p4_seo_canonical_url":"","p4_campaign_name":"not set","p4_local_project":"not set","p4_basket_name":"not set","p4_department":"","footnotes":""},"categories":[],"tags":[],"class_list":["post-504","page","type-page","status-publish","has-post-thumbnail","hentry"],"acf":[],"_links":{"self":[{"href":"https:\/\/www.greenpeace.ch\/de\/wp-json\/wp\/v2\/pages\/504","targetHints":{"allow":["GET"]}}],"collection":[{"href":"https:\/\/www.greenpeace.ch\/de\/wp-json\/wp\/v2\/pages"}],"about":[{"href":"https:\/\/www.greenpeace.ch\/de\/wp-json\/wp\/v2\/types\/page"}],"author":[{"embeddable":true,"href":"https:\/\/www.greenpeace.ch\/de\/wp-json\/wp\/v2\/users\/25"}],"replies":[{"embeddable":true,"href":"https:\/\/www.greenpeace.ch\/de\/wp-json\/wp\/v2\/comments?post=504"}],"version-history":[{"count":10,"href":"https:\/\/www.greenpeace.ch\/de\/wp-json\/wp\/v2\/pages\/504\/revisions"}],"predecessor-version":[{"id":125816,"href":"https:\/\/www.greenpeace.ch\/de\/wp-json\/wp\/v2\/pages\/504\/revisions\/125816"}],"wp:featuredmedia":[{"embeddable":true,"href":"https:\/\/www.greenpeace.ch\/de\/wp-json\/wp\/v2\/media\/2012"}],"wp:attachment":[{"href":"https:\/\/www.greenpeace.ch\/de\/wp-json\/wp\/v2\/media?parent=504"}],"wp:term":[{"taxonomy":"category","embeddable":true,"href":"https:\/\/www.greenpeace.ch\/de\/wp-json\/wp\/v2\/categories?post=504"},{"taxonomy":"post_tag","embeddable":true,"href":"https:\/\/www.greenpeace.ch\/de\/wp-json\/wp\/v2\/tags?post=504"}],"curies":[{"name":"wp","href":"https:\/\/api.w.org\/{rel}","templated":true}]}}