{"id":506,"date":"2019-04-09T15:50:48","date_gmt":"2019-04-09T13:50:48","guid":{"rendered":"https:\/\/master.greenpeace.ch\/?page_id=506"},"modified":"2025-06-16T09:08:53","modified_gmt":"2025-06-16T07:08:53","slug":"datenschutz","status":"publish","type":"page","link":"https:\/\/www.greenpeace.ch\/de\/datenschutz\/","title":{"rendered":"Datenschutz"},"content":{"rendered":"\n<p>Greenpeace Schweiz ist der Schutz deiner Daten und die Achtung deiner Privatsph\u00e4re wichtig.<\/p>\n\n<p>Diese Datenschutzerkl\u00e4rung bildet die Grundlage f\u00fcr die Verarbeitung personenbezogener Daten, die wir \u00fcber dich erfassen. Wir bitten dich daher, diese Datenschutzerkl\u00e4rung aufmerksam durchzulesen.<\/p>\n\n<p>\u00dcber allf\u00e4llige anderweitige Verwendungszwecke, die nicht durch die vorliegende Erkl\u00e4rung abgedeckt sind, werden wir dich gesondert informieren und, falls gesetzlich vorgesehen, deine Einwilligung einholen.<\/p>\n\n<h3 class=\"wp-block-heading\">Welche Informationen sammeln wir \u00fcber dich?<\/h3>\n\n<p>Folgende Informationen \u00fcber dich k\u00f6nnen von uns erfasst und verarbeitet werden:<\/p>\n\n<ul class=\"wp-block-list\">\n<li><strong>Informationen, die du uns mitteilst<\/strong>: Dabei handelt es sich um Informationen, die du uns unter folgenden Umst\u00e4nden gibst: (i) Wenn du unsere Website und die darauf gebotenen M\u00f6glichkeiten nutzt (z.B. wenn du eine Petition unterschreibst oder eine Spende t\u00e4tigst), (ii) wenn du unsere Updates per E-Mail abonnierst, (iii) wenn du uns um Information oder Hilfe bittest, (iv) wenn du deinen Namen auf eine Unterschriftenliste setzt, (v) wenn du ausserhalb des Internets Spender:in von Greenpeace wirst, (vi) wenn du dich an Greenpeace-Kampagnen beteiligst oder, (vii) wenn du an Greenpeace-Umfragen teilnimmst. Diese Informationen k\u00f6nnen beispielsweise deinen Namen, dein Geburtsdatum, deine Adresse, deine E-Mail-Adresse, deine Telefonnummer und deine Bankverbindung umfassen, sowie die Informationen, die du uns im Rahmen einer Greenpeace-Umfrage oder in einem Gespr\u00e4ch mit unseren Mitarbeiter:innen gibst.<\/li>\n\n\n\n<li><strong>Informationen, die unsere  Website und andere Systeme \u00fcber dich sammeln<\/strong>\n<ul class=\"wp-block-list\">\n<li>Wenn du unsere Website besuchst, sammeln Dritte (Analyse-Programme) bestimmte Informationen \u00fcber dich und deinen Besuch, wie z.B. Typ und Version deines Browsers sowie die Seiten unserer Website, die du besuchst. Nicht erfasst wird die Internet-Protokoll-Adresse (IP-Adresse), die f\u00fcr die Verbindung deines Ger\u00e4ts mit dem Internet verwendet wird.&nbsp;<a href=\"https:\/\/support.google.com\/accounts\/answer\/3024190?hl=de\" target=\"_blank\" rel=\"noreferrer noopener\">Du kannst bei Google<\/a>&nbsp;einen Export deiner Daten verlangen.<\/li>\n\n\n\n<li>Unsere Website kann auch \u00abCookies\u00bb auf deinem Ger\u00e4t hinterlegen, wie in unserer&nbsp;<a href=\"https:\/\/www.greenpeace.ch\/de\/datenschutz\/#cookies\">Erkl\u00e4rung zu Cookies<\/a>&nbsp;(weiter unten) beschrieben wird.<\/li>\n\n\n\n<li>Wenn du mit unseren Angestellten oder anderen Mitarbeitenden \u00fcber E-Mail, Telefon oder weitere elektronische Mittel kommunizierst (z.B. wenn du Kommentare auf dieser Website postest), erfassen unsere IT-Systeme Randdaten und teils auch Inhalte dieser Kommunikation.<\/li>\n<\/ul>\n<\/li>\n\n\n\n<li><strong>Informationen, die Drittanbieter \u00fcber dich sammeln, wenn du auf unserer Website aktiv wirst:<\/strong> Dabei handelt es sich um Informationen \u00fcber dich, die du an Drittanbieter (wie Facebook, Google  oder Twitter) \u00fcbermittelst, wenn du Social-Media-Schaltfl\u00e4chen oder  Widgets auf unserer Website nutzt.<\/li>\n\n\n\n<li><strong>Informationen, die  Drittanbieter \u00fcber dich sammeln, wenn du unsere Website besuch<\/strong>st: Dies sind Informationen  \u00fcber dich, die von Drittanbietern aufgezeichnet bzw. verfolgt werden, wenn du unsere Website lediglich besuchst, z.B. wenn du von einer Seite zur n\u00e4chsten navigierst oder wenn du ein eingebettetes Youtube-Video anschaust.<\/li>\n\n\n\n<li><strong>Informationen, die wir von Adressbrokern und Adresspflegeunternehmen erhalten:<\/strong> Dies sind beispielsweise Namen, Geburtsdaten, Adressen, E-Mail-Adressen und Telefonnummern.<\/li>\n<\/ul>\n\n<h3 class=\"wp-block-heading\">Wie verwenden wir die Daten, die wir \u00fcber dich erfassen?<\/h3>\n\n<p>Deine Daten k\u00f6nnen von uns f\u00fcr folgende Zwecke verwendet werden:<\/p>\n\n<ul class=\"wp-block-list\">\n<li>Um deine Aktivit\u00e4ten auf  unserer Website und f\u00fcr Dritte sichtbar zu machen. So kann beispielsweise  dein Name zusammen mit deinen Kommentaren auf unserer Website erscheinen. Um andere zu inspirieren, kann auch dein Name und eine Zusammenfassung dessen, was du gerade auf unserer Website getan hast, angezeigt werden, z.B. wenn du eine Petition unterschreibst oder eine Spende t\u00e4tigst. Wenn du \u00fcber unsere Website eine Petition an jemanden richtest, z.B. an eine:n  Regierungsvertreter:in oder den CEO eines Unternehmens, k\u00f6nnen dein Name und deine E-Mail-Adresse zusammen mit deiner Nachricht an die betreffende Person \u00fcbermittelt werden.<\/li>\n\n\n\n<li>Um dir Updates und  Informationen per E-Mail, SMS, Post, Instant Messaging, Push-Benachrichtigungen  oder Telefon mitzuteilen.<\/li>\n\n\n\n<li>Greenpeace Schweiz erlaubt sich, die Kontaktinformationen f\u00fcr Spendenaufrufe zu verwenden und wertet den Erfolg der Spendenaufrufe aus.<\/li>\n<\/ul>\n\n<p>Wir werden deine personenbezogenen Daten nur dann verarbeiten, wenn dies f\u00fcr die oben beschriebenen Zwecke erforderlich ist.<\/p>\n\n<p>In Ausnahmef\u00e4llen kann es vorkommen, dass wir gesetzlich verpflichtet sind, deine personenbezogenen Daten offenzulegen oder anderweitig zu verarbeiten. Wenn dies der Fall ist, werden wir dich dar\u00fcber informieren. Wenn du unsicher bist, zu welchem Zweck Greenpeace deine Daten ben\u00f6tigt, wende dich bitte an die:den Greenpeace-Mitarbeitende:n, die:der nach den Informationen fragt, oder kontaktiere uns. Unsere Kontaktinformationen findest du unten.<\/p>\n\n<h3 class=\"wp-block-heading\">Weitergabe und \u00dcbermittlung deiner Daten ins Ausland<\/h3>\n\n<p>Wir k\u00f6nnen personenbezogene Daten \u00fcber dich beispielsweise an folgende Stellen weitergeben, wenn dies f\u00fcr die oben genannten Zwecke angemessen und erforderlich ist:<\/p>\n\n<ul class=\"wp-block-list\">\n<li>An Dienstleister:innen, die  unsere Website oder andere IT-Systeme hosten oder deine Daten anderweitig in unserem Namen unter strengen Vertraulichkeits- und Sicherheitsbedingungen speichern oder verarbeiten.<\/li>\n\n\n\n<li>An Adresspflegeunternehmen (als Controller).<\/li>\n\n\n\n<li>Deine personenbezogenen Daten k\u00f6nnen ins Ausland \u00fcbermittelt werden, z.B. an Dienstleister:innen, die ihren Standort ausserhalb der Schweiz haben. Wenn die \u00dcbermittlung in L\u00e4nder geschieht, in denen der Datenschutz weniger streng gehandhabt wird als in der Schweiz, stellen wir sicher, dass die Unternehmen, die deine Daten von uns erhalten, zertifiziert sind oder geeignete Vereinbarungen mit ihnen geschlossen wurden, um die Anforderungen des Schweizer Datenschutzgesetzes zu erf\u00fcllen.<\/li>\n<\/ul>\n\n<h3 class=\"wp-block-heading\">Aufbewahrung und L\u00f6schung deiner Daten<\/h3>\n\n<p>Greenpeace Schweiz ist bestrebt, deine personenbezogenen Daten korrekt und aktuell zu halten. Informationen \u00fcber dich werden gel\u00f6scht, wenn sie nicht mehr ben\u00f6tigt werden.<\/p>\n\n<h3 class=\"wp-block-heading\">Deine Rechte<\/h3>\n\n<p>Nach dem schweizerischen Datenschutzgesetz hast du das Recht, \u00fcber personenbezogene Daten, die wir \u00fcber dich gespeichert haben sowie weitere damit zusammenh\u00e4ngenden Informationen Auskunft zu verlangen.<\/p>\n\n<ul class=\"wp-block-list\">\n<li>Du kannst auch  verlangen, dass fehlerhafte personenbezogene Daten korrigiert oder gel\u00f6scht werden.<\/li>\n\n\n\n<li>Du kannst unserer  Verwendung deiner personenbezogenen Daten f\u00fcr Direktmarketingzwecke jederzeit widersprechen, und hast das Recht, der Verarbeitung einiger oder s\u00e4mtlicher personenbezogener Daten zu widersprechen (und deren  L\u00f6schung zu verlangen).<\/li>\n<\/ul>\n\n<p>Wenn Du eines dieser Rechte aus\u00fcben m\u00f6chtest, kontaktiere uns bitte wie unten beschrieben. Wir sind verpflichtet, einen Identit\u00e4tsnachweis von dir zu verlangen, bevor wir dir Auskunft \u00fcber deine personenbezogenen Daten gew\u00e4hren.<\/p>\n\n<p>Wenn du m\u00f6chtest, dass wir deine Daten aus unserer Mailingliste entfernen, kannst du auf den Link \u00ab<strong>Abmelden\u00bb <\/strong>am Ende jeder E-Mail klicken, oder uns wie unten beschrieben kontaktieren.<\/p>\n\n<h3 class=\"wp-block-heading\">Sicherheitsmassnahmen<\/h3>\n\n<p>Wir haben geeignete technische und organisatorische Massnahmen getroffen, um personenbezogene Daten gegen Verlust oder jegliche Form von unrechtm\u00e4ssiger Verarbeitung zu sch\u00fctzen. Unsere Spendenseiten sind mit Secure Sockets Layer (<strong>SSL)<\/strong>&nbsp;gesichert, einem Sicherheitsprotokoll f\u00fcr Kommunikation \u00fcber das Internet. Damit wird das Abh\u00f6ren, Manipulieren oder F\u00e4lschen von Nachrichten erschwert oder verhindert.<\/p>\n\n<p>Zu deinen personenbezogenen Daten erhalten nur jene Mitarbeitende Zugang, die zur Aus\u00fcbung ihrer T\u00e4tigkeit auf Informationen \u00fcber dich zugreifen m\u00fcssen.<\/p>\n\n<hr class=\"wp-block-separator has-css-opacity\"\/>\n\n<h2 class=\"wp-block-heading\" id=\"cookies\">Cookie-Regelung von Greenpeace Schweiz<\/h2>\n\n<p>Wir m\u00f6chten dir einen angenehmen Besuch unserer Website bieten. Um dein Erlebnis zu verbessern und Informationen \u00fcber deine Nutzung unserer Website zu erfassen, hinterlegen wir \u00abCookies\u00bb auf deinem Computer.<\/p>\n\n<p>Cookies sind kleine Textdateien, die auf deinem Ger\u00e4t gespeichert werden, wenn du eine Website besuchst. Bei jedem weiteren Besuch werden die Cookies an die urspr\u00fcngliche Website oder an eine andere Website gesendet, die das betreffende Cookie erkennt:<\/p>\n\n<ul class=\"wp-block-list\">\n<li>Cookies sorgen daf\u00fcr, dass unsere Systeme das Ger\u00e4t der Benutzer:in erkennen und eventuelle Voreinstellungen sofort bereitgestellt werden.<\/li>\n\n\n\n<li>Sobald ein:e Benutzer:in auf die Plattform zugreift, wird ein Cookie auf der Festplatte &nbsp;des Computers hinterlegt von dem aus der Zugriff erfolgt.<\/li>\n<\/ul>\n\n<p>Cookies sind aus folgenden Gr\u00fcnden n\u00fctzlich:<\/p>\n\n<ul class=\"wp-block-list\">\n<li>Sie erm\u00f6glichen einer Website, das Ger\u00e4t &nbsp;von dem aus zugegriffen wird zu erkennen und die angezeigten Inhalte auf &nbsp;nutzungsspezifische Interessenauszurichten.<\/li>\n\n\n\n<li>Sie tragen dazu bei, unsere  Website zu verbessern.<\/li>\n\n\n\n<li>Sie bieten dir einen besseren Service, der genauer auf deine Bed\u00fcrfnisse zugeschnitten ist.<\/li>\n\n\n\n<li>Sie erm\u00f6glichen es uns, dein Ger\u00e4t zu erkennen, wenn du auf unsere Website zur\u00fcckkehrst.<\/li>\n\n\n\n<li>Sie speichern Informationen \u00fcber deine &nbsp;bevorzugten Aktivit\u00e4ten auf der Website, damit wir unsere Inhalte an deine individuellen Interessen anpassen k\u00f6nnen. Zum Beispiel kann Werbung entsprechend deiner pers\u00f6nlichen Interessen angezeigt werden, oder deine Anfragen k\u00f6nnen von uns schneller bearbeitet werden.<\/li>\n<\/ul>\n\n<p>Sofern deine Browsereinstellungen Cookies nicht blockieren, erkl\u00e4rst du dich durch die weitere Nutzung unserer Website einverstanden mit der Hinterlegung von Cookies auf deinem Ger\u00e4t, sowie mit der Nutzung der entsprechenden Daten gem\u00e4ss dieser Regelung.<\/p>\n\n<p>Weitere Informationen zu Cookies findest du unter:<a rel=\"noreferrer noopener\" href=\"http:\/\/www.allaboutcookies.org\" target=\"_blank\"> <\/a><a href=\"https:\/\/www.allaboutcookies.org\/ge\/\">www.allaboutcookies.org\/ge\/<\/a> und <a rel=\"noreferrer noopener\" aria-label=\" (\u00f6ffnet in neuem Tab)\" href=\"https:\/\/www.youronlinechoices.com\/ch-de\/\" target=\"_blank\">www.youronlinechoices.eu<\/a>. <\/p>\n\n<h3 class=\"wp-block-heading\">Arten von Cookies<\/h3>\n\n<p>Es gibt zwei Hauptarten von Cookies: Erstanbieter-Cookies und Drittanbieter-Cookies:<\/p>\n\n<ul class=\"wp-block-list\">\n<li><strong><em>Erstanbieter-Cookies <\/em><\/strong>sind Cookies, die direkt von der Betreiber:in der Website auf deinem Computer hinterlegt werden. Oft dienen sie zur Wiedererkennung deines Computers und zur Speicherung deiner Pr\u00e4ferenzen bei einem erneuten Besuch der Website. Grunds\u00e4tzlich sind das unsere eigenen Cookies.<\/li>\n\n\n\n<li><strong><em>Drittanbieter-Cookies<\/em><\/strong> werden von eine:r Drittanbieter:in im Namen des Webseitenbetreibers hinterlegt, und k\u00f6nnen von der Drittanbieter:in verwendet werden, um deinen Computer zu erkennen, wenn du <em>andere<\/em> Webseiten besuchst. Cookies  von Drittanbieter:innen werden in der Regel zur Datenverkehrsanalyse oder zu Werbezwecken verwendet.<\/li>\n<\/ul>\n\n<p>Greenpeace Schweiz hat keine Kontrolle \u00fcber die Offenlegung von Drittanbieter-Cookies. Bitte besuche die Website der jeweiligen Drittanbieter:in, wenn du mehr \u00fcber diese Cookies erfahren m\u00f6chten, z.B. <a rel=\"noreferrer noopener\" href=\"https:\/\/www.facebook.com\/policies\/cookies\/\" target=\"_blank\">Facebook<\/a>, <a href=\"https:\/\/help.twitter.com\/de\/rules-and-policies\/twitter-cookies\">Twitter<\/a>, <a rel=\"noreferrer noopener\" href=\"https:\/\/help.instagram.com\/1896641480634370?ref=ig\" target=\"_blank\">Instagram<\/a>, <a rel=\"noreferrer noopener\" href=\"https:\/\/policies.google.com\/technologies\/cookies\" target=\"_blank\">YouTube<\/a> oder <a rel=\"noreferrer noopener\" href=\"https:\/\/soundcloud.com\/pages\/cookies\/05-2018\" target=\"_blank\">Soundcloud<\/a>.<\/p>\n\n<h2 class=\"wp-block-heading\" id=\"einstellungen\">\u00c4ndere deine Cookie-Einstellungen<\/h2>\n\n<p>Wenn du keine Cookies auf deinem Ger\u00e4t m\u00f6chtest, kannst du deinen Browser so einstellen, dass das Speichern von Cookies blockiert wird. Alternativ geben wir dir die M\u00f6glichkeit auszuw\u00e4hlen, welche Cookies du von greenpeace.ch akzeptieren m\u00f6chtest.<\/p>\n\n<h3 class=\"wp-block-heading\">Bitte w\u00e4hle, welche Cookies du akzeptieren m\u00f6chtest<\/h3>\n\n<p>Die folgenden Einstellungen sind nur f\u00fcr die Webseite greenpeace.ch wirksam.<\/p>\n<div data-render=\"planet4-blocks\/cookies\" data-attributes=\"{&quot;attributes&quot;:{&quot;necessary_cookies_description&quot;:&quot;Diese Cookies erlauben uns das Sammeln von anonymisierten Daten f\\u00fcr statistische Zwecke. Z.B. wie lange unsere Besucher:innen die Seite anschauen oder welche Links angeklickt werden. Diese Daten benutzen wir, um unsere Webseite zu verbessern. Die Annahme dieser Einstellung erlaubt auch das Verstecken des Cookie-Banners.&quot;,&quot;all_cookies_description&quot;:&quot;Zus\\u00e4tzlich zu den Leistungs-Cookies k\\u00f6nnen wir mit dieser Einstellung Drittanbieter-Cookies (z.B. von Facebook, Google Ads, usw.) nutzen, welche es uns erlauben, unsere Marketing-Strategien zu verfeinern und gezieltere Werbung auszuspielen. Diese Cookies k\\u00f6nnen auch verwendet werden, um dir Werbung anzuzeigen nachdem du unsere Seite wieder verlassen hast.&quot;,&quot;title&quot;:&quot;&quot;,&quot;description&quot;:&quot;&quot;}}\"><\/div>\n<p>Die meisten Webbrowser erm\u00f6glichen eine gewisse Kontrolle \u00fcber Cookies durch Browsereinstellungen (z.B. Benachrichtigung \u00fcber neue Cookies, Deaktivierung und L\u00f6schen von Cookies). Klicke unten auf deinen Browsertyp, um direkt zum Browser-Handbuch zu gelangen und zu erfahren, wie du Cookies deaktivieren oder l\u00f6schen kannst. Diese Einstellungen sind f\u00fcr alle Webseiten, die du besuchst, wirksam.<\/p>\n\n<ul class=\"wp-block-list\">\n<li><a href=\"http:\/\/support.google.com\/chrome\/bin\/answer.py?hl=de&amp;answer=95647\">Chrome<\/a><\/li>\n\n\n\n<li><a href=\"https:\/\/support.mozilla.org\/de\/kb\/verbesserter-schutz-aktivitatenverfolgung-desktop?redirectlocale=en-US&amp;redirectslug=enable-and-disable-cookies-website-preferences\">Firefox<\/a><\/li>\n\n\n\n<li><a href=\"https:\/\/support.microsoft.com\/de-de\/help\/278835\/how-to-delete-cookie-files-in-internet-explorer\">Internet Explorer<\/a><\/li>\n\n\n\n<li><a href=\"https:\/\/support.microsoft.com\/de-de\/help\/4468242\/microsoft-edge-browsing-data-and-privacy\">Microsoft  Edge<\/a><\/li>\n\n\n\n<li><a href=\"https:\/\/help.opera.com\/de\/latest\/security-and-privacy\/\">Opera<\/a><\/li>\n\n\n\n<li><a href=\"https:\/\/support.apple.com\/guide\/safari\/manage-cookies-and-website-data-sfri11471\/mac\">Safari<\/a><\/li>\n<\/ul>\n\n<p>Das Blockieren aller Cookies hat jedoch negative Auswirkungen auf die Benutzerfreundlichkeit etlicher Websites.<\/p>\n\n<h3 class=\"wp-block-heading\"><strong>Verwendung von Google Analytics<\/strong><\/h3>\n\n<p>Greenpeace verwendet Google Analytics, um die Nutzung unserer Website durch Besucher:innen zu erfassen und die entsprechenden Daten zu analysieren, im Hinblick auf den Unterhalt und die Verbesserung des Designs unserer Website. Google Analytics generiert mittels Cookies, die auf dem Ger\u00e4t des Nutzers hinterlegt werden, statistische und weitere Informationen \u00fcber die Nutzung der Website.<\/p>\n\n<p><strong>Wenn du keine Analytics-Cookies m\u00f6chtest, \u00e4ndere bitte deine Cookie-Einstellungen wie oben beschrieben (\u00ab\u00c4ndere deine Cookie-Einstellungen\u00bb).<\/strong><\/p>\n\n<p>Wie erw\u00e4hnt werden auf dieser Website Cookies von Google Analytics wie <strong>_utma, _utmb, _utmc, _utmz, _ga<\/strong> und <strong>_gid<\/strong> verwendet. All diese Cookies <strong>sammeln Informationen in anonymisierter Form<\/strong>, insbesondere wie viele Besucher:innen die Website erzielt, welchen Browser die Client-ID verwendet (z.B. um Nutzer:innen bei einem erneuten Besuch wiedererkennen zu k\u00f6nnen), von wo die Besucher:innen auf die Website gelangen und welche Seiten sie besucht haben. Hier findest du die <a href=\"https:\/\/support.google.com\/analytics\/answer\/6004245\">Datenschutz\u00fcbersicht von Google Analytics<\/a> sowie Informationen zur <a href=\"https:\/\/developers.google.com\/analytics\/devguides\/collection\/analyticsjs\/cookie-usage?hl=en-GB\">Verwendung von Cookies durch Google Analytics auf Websites<\/a>, und hier erf\u00e4hrst du, wie du ohne Aufwand <a href=\"https:\/\/tools.google.com\/dlpage\/gaoptout?hl=en\">Cookies von Google Analytics ablehnen<\/a> kannst.<\/p>\n\n<p>Im Mai 2018 f\u00fchrte Google Analytics die Regelung\n<a href=\"https:\/\/support.google.com\/analytics\/answer\/7667196\">Data Retention controls<\/a> zur Datenaufbewahrung ein.\nDamit k\u00f6nnen Organisationen die Zeitspanne festlegen, nach der Google Analytics\ndie gespeicherten Daten auf Benutzer- und Ereignisebene automatisch l\u00f6scht.<\/p>\n\n<p>Solche Aufbewahrungsfristen gelten f\u00fcr Daten auf Benutzer- und Ereignisebene, die von Cookies, Benutzerkennungen (z.B. User-ID) oder Werbekennungen (auf Greenpeace-Websites nicht anwendbar) stammen. <strong>F\u00fcr Greenpeace Schweiz ist bei Google Analytics eine Aufbewahrungsfrist von 38 Monaten festgelegt<\/strong>. Auch hier gilt, dass Google Analytics die Internet-Protokoll-Adresse (IP-Adresse) des Ger\u00e4ts, das mit dem Internet verbunden ist, nicht erfasst.<\/p>\n\n<p>Wichtig zu wissen ist, dass Google Analytics Informationen zum Verkehr auf Websites sammelt, die mit Google Analytics Tracking-Codes versehen sind. Lese die <a href=\"https:\/\/www.google.com\/policies\/privacy\/\">Datenschutzbestimmungen von Google<\/a> und informiere dich dar\u00fcber, wie du Cookies von Google Analytics deaktivieren kannst.<\/p>\n\n<p>Du kannst das <a href=\"http:\/\/tools.google.com\/dlpage\/gaoptout\">Google Analytics Opt-out Browser Add-on<\/a> installieren, um zu verhindern, dass Informationen \u00fcber deinen Besuch auf unserer Website an Google Analytics gesendet werden.<\/p>\n\n<h3 class=\"wp-block-heading\">Nutzung von Social-Media-Schaltfl\u00e4chen und Widgets<\/h3>\n\n<p>Neben den benutzerdefinierten HTML-Buttons, die wir installiert haben, damit du Greenpeace-Inhalte auf Facebook und Twitter teilen kannst, kann es vorkommen, dass wir Widgets von <a rel=\"noreferrer noopener\" href=\"https:\/\/www.facebook.com\/policies\/cookies\/\" target=\"_blank\">Facebook<\/a>, <a rel=\"noreferrer noopener\" href=\"https:\/\/help.twitter.com\/en\/rules-and-policies\/twitter-cookies\" target=\"_blank\">Twitter<\/a>, <a rel=\"noreferrer noopener\" href=\"https:\/\/help.instagram.com\/1896641480634370?ref=ig\" target=\"_blank\">Instagram<\/a>, <a rel=\"noreferrer noopener\" href=\"https:\/\/policies.google.com\/technologies\/cookies\" target=\"_blank\">YouTube<\/a>, <a rel=\"noreferrer noopener\" href=\"https:\/\/soundcloud.com\/pages\/cookies\/05-2018\" target=\"_blank\">Soundcloud<\/a> oder weiteren sozialen Medien auf unserer Website einbetten, um ein besseres Benutzererlebnis zu bieten.<\/p>\n\n<p>Diese Social-Media-Widgets stammen von Webservern, die dein Verhalten auf unserer Website verfolgen und mit anderen Informationen \u00fcber dich kombinieren k\u00f6nnen, die von anderen Websites stammen. Du kannst Browser-Add-ons wie <a href=\"https:\/\/www.eff.org\/privacybadger\">Privacy Badger<\/a> f\u00fcr Chrome und Firefox installieren, um diese Widgets zu kontrollieren bzw. zu deaktivieren.<\/p>\n\n<h3 class=\"wp-block-heading\">Nutzung von weiteren Analyse-Tools <\/h3>\n\n<p>Um die Webseite laufend zu verbessern, verwendet Greenpeace Schweiz zeitweise weitere Analyse-Tools, welche unter anderem Heatmaps erstellen oder Sitzungen aufzeichnen. Die dadurch anfallenden Daten werden anonymisiert verwendet, um gezielt Verbesserungen der Nutzer:innenfreundlichkeit umzusetzen.<\/p>\n\n<p>Diese Hilfsmittel werden von Drittanbietern betrieben, welche unter\nUmst\u00e4nden ihre eigenen Cookies einsetzen. <\/p>\n\n<p><strong>Wenn du keine Cookies dieser Drittanbieter m\u00f6chtest, \u00e4ndere bitte deine Cookie-Einstellungen wie oben beschrieben (\u00ab\u00c4ndere deine Cookie-Einstellungen\u00bb). Wenn du Leistungscookies ausschaltest, werden die Hilfsmittel dieser Drittanbieter f\u00fcr dich nicht geladen auf der Webseite.<\/strong><\/p>\n\n<h2 class=\"wp-block-heading\">Tracking-Pixel<\/h2>\n\n<p>Greenpeace Schweiz verwendet sogenannte \u00abTracking-Pixel\u00bb, kleine Bilddateien, mit denen das Surf-Verhalten der Besucher:innen auf der Website ausgewertet werden kann. Auf greenpeace.ch verwenden wir das Facebook \u00abCustom Audience Pixel\u00bb, um genauere Zielgruppen f\u00fcr bezahlte Werbung erstellen zu k\u00f6nnen. Wir verzichten auf die \u00dcbermittlung weiterer Personendaten an Facebook (\u00abErweiterter Abgleich\u00bb).<\/p>\n\n<h2 class=\"wp-block-heading\">\u00c4nderungen&nbsp;dieser&nbsp;Datenschutzerkl\u00e4rung<\/h2>\n\n<p>Greenpeace Schweiz beh\u00e4lt sich das Recht vor, diese Datenschutzerkl\u00e4rung jederzeit zu \u00fcberarbeiten, zu \u00e4ndern oder in sonstiger Weise zu erg\u00e4nzen. Werden \u00c4nderungen vorgenommen, ver\u00f6ffentlicht Greenpeace Schweiz diese umgehend auf dieser Website. &nbsp;<\/p>\n\n<h2 class=\"wp-block-heading\">Kontaktiere uns<\/h2>\n\n<p>Verantwortlich f\u00fcr die Datenbearbeitung und den Inhalt dieser Website ist Greenpeace Schweiz. F\u00fcr alle Fragen wende dich bitte an&nbsp;schweiz@greenpeace.org.<\/p>\n\n<p>Oder kontaktiere uns \u00fcber:<br>Greenpeace Schweiz<br>Badenerstrasse 171<br>8036 Z\u00fcrich<br>+41 44 447 41 41<\/p>\n\n<p><\/p>\n","protected":false},"excerpt":{"rendered":"<p>Greenpeace Schweiz verpflichtet sich zum Schutz und zur Achtung deiner Privatsph\u00e4re. Erfahre, wie wir das tun. <\/p>\n","protected":false},"author":25,"featured_media":2170,"parent":0,"menu_order":0,"comment_status":"closed","ping_status":"closed","template":"","meta":{"_acf_changed":false,"_planet4_optimize_post_is_variant":false,"_planet4_optimize_experiment_name":"","_planet4_optimize_variant_name":"","ep_exclude_from_search":false,"p4_hide_page_title_checkbox":"","p4_title":"","p4_subtitle":"","p4_description":"","background_image_id":"","background_image":"","p4_button_title":"","p4_button_link":"","p4_button_link_checkbox":"","p4_og_title":"","p4_og_description":"","p4_og_image":"","p4_og_image_id":"","p4_seo_canonical_url":"","p4_campaign_name":"not set","p4_local_project":"not set","p4_basket_name":"not set","p4_department":"","footnotes":""},"categories":[],"tags":[],"class_list":["post-506","page","type-page","status-publish","has-post-thumbnail","hentry"],"acf":[],"_links":{"self":[{"href":"https:\/\/www.greenpeace.ch\/de\/wp-json\/wp\/v2\/pages\/506","targetHints":{"allow":["GET"]}}],"collection":[{"href":"https:\/\/www.greenpeace.ch\/de\/wp-json\/wp\/v2\/pages"}],"about":[{"href":"https:\/\/www.greenpeace.ch\/de\/wp-json\/wp\/v2\/types\/page"}],"author":[{"embeddable":true,"href":"https:\/\/www.greenpeace.ch\/de\/wp-json\/wp\/v2\/users\/25"}],"replies":[{"embeddable":true,"href":"https:\/\/www.greenpeace.ch\/de\/wp-json\/wp\/v2\/comments?post=506"}],"version-history":[{"count":19,"href":"https:\/\/www.greenpeace.ch\/de\/wp-json\/wp\/v2\/pages\/506\/revisions"}],"predecessor-version":[{"id":120978,"href":"https:\/\/www.greenpeace.ch\/de\/wp-json\/wp\/v2\/pages\/506\/revisions\/120978"}],"wp:featuredmedia":[{"embeddable":true,"href":"https:\/\/www.greenpeace.ch\/de\/wp-json\/wp\/v2\/media\/2170"}],"wp:attachment":[{"href":"https:\/\/www.greenpeace.ch\/de\/wp-json\/wp\/v2\/media?parent=506"}],"wp:term":[{"taxonomy":"category","embeddable":true,"href":"https:\/\/www.greenpeace.ch\/de\/wp-json\/wp\/v2\/categories?post=506"},{"taxonomy":"post_tag","embeddable":true,"href":"https:\/\/www.greenpeace.ch\/de\/wp-json\/wp\/v2\/tags?post=506"}],"curies":[{"name":"wp","href":"https:\/\/api.w.org\/{rel}","templated":true}]}}