{"id":508,"date":"2019-04-09T15:51:03","date_gmt":"2019-04-09T13:51:03","guid":{"rendered":"https:\/\/master.greenpeace.ch\/?page_id=508"},"modified":"2022-12-19T11:33:40","modified_gmt":"2022-12-19T10:33:40","slug":"spendenpolicy","status":"publish","type":"page","link":"https:\/\/www.greenpeace.ch\/de\/handeln\/spenden\/spendenpolicy\/","title":{"rendered":"Spendenpolicy &#038; Fundraising-Ethik"},"content":{"rendered":"\n<h2 class=\"wp-block-heading\">1. Allgemeine Prinzipien<\/h2>\n\n<p>1.1 Um unsere Unabh\u00e4ngigkeit zu garantieren, wird die Arbeit von Greenpeace&nbsp;vornehmlich durch private Spenden von nat\u00fcrlichen Personen und durch&nbsp;Zuwendungen von Stiftungen finanziert.<\/p>\n\n<p>1.2 Greenpeace beh\u00e4lt sich deshalb das Recht vor, Spenden zur\u00fcckzuweisen, wenn sie aus anderen Quellen stammen.<\/p>\n\n<p>1.3 Alle Spenden von CHF 5000 und mehr werden auf ihre Herkunft \u00fcberpr\u00fcft. Wenn sich&nbsp;erweist, dass es sich um Finanzmittel oder Geldzuwendungen von der \u00f6ffentlichen&nbsp;Hand, von Kapitalgesellschaften, politischen Parteien und multinationalen oder&nbsp;staatlichen Einrichtungen wie der UNO oder der Europ\u00e4ischen Union handelt, werden&nbsp;sie zur\u00fcckgewiesen.<\/p>\n\n<p>1.4 Greenpeace akzeptiert keine Zuwendungen, die aus Kinderarbeit und&nbsp;Menschenhandel oder aus kriminellen T\u00e4tigkeiten wie Waffenhandel oder anderen&nbsp;illegalen Quellen stammen; auch keine Spenden, welche die Ziele, Werte oder die&nbsp;Integrit\u00e4t der Organisation beeintr\u00e4chtigen k\u00f6nnten.<\/p>\n\n<p>1.5 Greenpeace verpflichtet sich gegen\u00fcber ihren SpenderInnen zu Transparenz und&nbsp;hohen Standards im Berichtswesen und legt deshalb gegen\u00fcber ihren&nbsp;Unterst\u00fctzerInnen, der \u00d6ffentlichkeit, den Medien und den gesetzlichen Institutionen&nbsp;offen, woher die Organisation ihre Finanzmittel bezieht und in welchen Proportionen&nbsp;die jeweiligen Gelder f\u00fcr die verschiedenen Aktivit\u00e4ten verwendet werden&nbsp;(einschliesslich Fundraising). Jede Person, die es w\u00fcnscht, kann eine kostenlose&nbsp;Kopie der nationalen oder internationalen Jahresrechnung inklusive Revisionsbericht bei Greenpeace Schweiz&nbsp;bestellen.<\/p>\n\n<p>1.6 Greenpeace verwendet in Fundraising-Materialien keine Sprache und Bilder, die in irgendeiner Weise als rassistisch, sexuell, religi\u00f6s oder kulturell intolerant&nbsp;missverstanden werden k\u00f6nnten.<\/p>\n\n<p>1.7 Greenpeace h\u00e4lt sich an die landes\u00fcblichen gesetzlichen Vorschriften betreffend&nbsp;Fundraising und Werbung bei Kindern.<\/p>\n\n<p>1.8 Greenpeace weist unmissverst\u00e4ndlich darauf hin, dass die Spenden der allgemeinen Greenpeace-Arbeit zugutekommen und nicht zweckgebunden eingesetzt werden,&nbsp;ausser wenn dies ausdr\u00fccklich vermerkt ist.<\/p>\n\n<p>1.9 Beziehungen zu Dritten (Projekt-Partner, Allianzen etc., siehe Kap. 5) d\u00fcrfen die Unabh\u00e4ngigkeit von Greenpeace nicht gef\u00e4hrden und nicht zu Missbrauch des Namens Greenpeace f\u00fchren. Sie m\u00fcssen mit den \u00f6kologischen und gesellschaftlichen Zielen \u00fcbereinstimmen und in Einklang stehen mit der \u00f6ffentlichen Wahrnehmung von Greenpeace als aktive, unabh\u00e4ngige, internationale und glaubw\u00fcrdige Organisation. Sie sollen dazu beitragen, die Erreichung der Greenpeace-Ziele zu unterst\u00fctzen und zu f\u00f6rdern. Dar\u00fcber hinaus muss stets ber\u00fccksichtigt werden, dass die Zusammenarbeit mit Dritten auch Auswirkungen auf andere Greenpeace-NROs haben&nbsp;kann.<\/p>\n\n<h2 class=\"wp-block-heading\">2. Spenden<\/h2>\n\n<p>Unsere Unabh\u00e4ngigkeit ist unser wichtigstes Gut. Um diese zu wahren, finanziert sich Greenpeace ausschliesslich durch Spenden von Einzelpersonen und unabh\u00e4ngigen Stiftungen. Im Gegensatz zu vielen anderen Organisationen akzeptieren wir keine Sponsoringgelder und keine Zuwendungen von Staaten, politischen Institutionen, Industrien und Firmen. <\/p>\n\n<h3 class=\"wp-block-heading\">2.1 Spenden von Kapitalgesellschaften <\/h3>\n\n<p>2.1.1 Alle Spenden von CHF 5000 und mehr werden auf ihre Herkunft untersucht und zur\u00fcckgewiesen, falls sie von Kapitalgesellschaften stammen.<\/p>\n\n<p>2.1.2  Allerdings akzeptiert Greenpeace \u00abNaturalgeschenke\u00bb von Kapitalgesellschaften,\u00a0sowohl in Form von G\u00fctern wie Dienstleistungen, vorausgesetzt die Integrit\u00e4t und die Unabh\u00e4ngigkeit der Organisation werden davon nicht beeintr\u00e4chtigt.<\/p>\n\n<p>2.1.3 Von sogenannten \u00abGift Matching Programmen\u00bb (bei denen Arbeitgeber die Spenden&nbsp;von ArbeitnehmerInnen um einen Betrag aufstocken) akzeptiert Greenpeace den Spendenanteil der Privatperson, lehnt aber den Spendenanteil des Unternehmens ab.<\/p>\n\n<p>2.1.4 Die Nutzung kostenloser Anzeigenwerbung (Freianzeigen) ist zul\u00e4ssig, solange die Glaubw\u00fcrdigkeit von Greenpeace dadurch nicht gef\u00e4hrdet wird.<\/p>\n\n<h3 class=\"wp-block-heading\">2.2 Sachspenden<\/h3>\n\n<p>2.2.1 Greenpeace kann Sachspenden (Waren oder Dienstleistungen) von Unternehmen annehmen, unter Beachtung von Kap. 2.1. Die Sachspenden m\u00fcssen uneigenn\u00fctzig sein und d\u00fcrfen nicht f\u00fcr Werbezwecke eingesetzt werden oder dazu dienen, den Bekanntheitsgrad eines Unternehmens durch den Namen Greenpeace zu erh\u00f6hen. Die \u00dcberlassung einer Sachspende kann von Greenpeace oder dem Spender \/ der Spenderin formlos best\u00e4tigt werden. Eine Quittung \u00fcber den Warenwert solcher Spenden kann durch Greenpeace ausgestellt werden. Wenn ein Unternehmen ein anderes sponsert, um damit Greenpeace eine Sachspende zukommen zu lassen,&nbsp;akzeptiert Greenpeace diese Sachspende nicht.<\/p>\n\n<p>2.2.2 Spenden aus sogenannten \u00abWorkplace Giving\u00bb-Programmen (bei denen ArbeitnehmerInnen direkt von ihrer Gehalts-\/Lohnabrechnung einen Teil an Greenpeace spenden), d\u00fcrfen angenommen werden, unter Beachtung von Kap. 1.<\/p>\n\n<p>2.2.3 Jede Sachspende bedarf der Zustimmung der Gesch\u00e4ftsf\u00fchrung. Sachspenden, deren Wert CHF 10000 \u00fcbersteigt, werden im Sinne der Transparenz im Jahresbericht ver\u00f6ffentlicht.<\/p>\n\n<h3 class=\"wp-block-heading\">2.3 Spenden aus dem Verkauf von Produkten\/Dienstleistungen<\/h3>\n\n<p>Spenden in Form von Teilertr\u00e4gen aus dem Verkauf von Produkten und Dienstleistungen k\u00f6nnen angenommen werden, wenn sie die Glaubw\u00fcrdigkeit von Greenpeace nicht gef\u00e4hrden und wenn sie vom Kunden resp. der Spenderin direkt ausgehen. Dies, um sicherzustellen, dass der Kunde \/ die Spenderin selber \u00fcber seine\/ihre Spende entscheidet und sich bewusst ist, dass ein Teil des Kaufpreises an Greenpeace geht. Die entsprechenden Gesch\u00e4ftsbedingungen m\u00fcssen in einem (Lizenz-)Vertrag geregelt werden.<\/p>\n\n<h3 class=\"wp-block-heading\">2.4 Zweckgebundene und nicht zweckgebundene Spenden<\/h3>\n\n<p>2.4.1 In bestimmten F\u00e4llen kann Greenpeace zweckgebundene Mittel, die eine rechtliche&nbsp;und\/oder moralische Verpflichtung implizieren, annehmen,<\/p>\n\n<ul class=\"wp-block-list\">\n<li>wenn es dem ausdr\u00fccklichen Wunsch des Spenders\/der Spenderin entspricht, eine Zuwendung auf bestimmte, d.h. zweckgebundene Art zu verwenden. Greenpeace wird aber Spenden zur\u00fcckweisen, die an Bedingungen gekn\u00fcpft sind, die dem Geist der allgemeinen Prinzipien widersprechen.<\/li>\n\n\n\n<li>wenn der Zugang zu einer Spende auf Basis eines vorgegebenen Projekts mit definiertem Budget und Zeitlimit m\u00f6glich ist. Solche Projekte k\u00f6nnen ab CHF 10000 gef\u00f6rdert werden.<\/li>\n<\/ul>\n\n<p>2.4.2 Solche Projekte k\u00f6nnen nur durch zweckgebundene Mittel von Stiftungen oder Einzelpersonen gef\u00f6rdert werden, die Teil eines bestehenden oder geplanten Arbeitsprogramms von Greenpeace sind und von der Gesch\u00e4ftsleitung best\u00e4tigt wurden. Im Rahmen eines solchen Projekts sind auch Einzelspenden von unter CHF 10000 m\u00f6glich.<\/p>\n\n<h3 class=\"wp-block-heading\">2.5 Stiftungen und gemeinn\u00fctzige Organisationen<\/h3>\n\n<p>2.5.1 Spenden von parteienfinanzierten Stiftungen d\u00fcrfen von Greenpeace weder&nbsp;akquiriert noch akzeptiert werden.<\/p>\n\n<p>2.5.2 Ebenso lehnt Greenpeace Zuwendungen ab von Stiftungen, die nur zum Zweck der Verteilung von Firmenspenden gegr\u00fcndet wurden.<\/p>\n\n<p>2.5.3 Bei akzeptierten Spenden legt Greenpeace gegen\u00fcber der spendenden Stiftung regelm\u00e4ssig Rechenschaft \u00fcber die Verwendung der Gelder ab in Form von finanziellen, inhaltlichen und abschliessenden Rechenschaftsberichten.<\/p>\n\n<h3 class=\"wp-block-heading\">2.6. Anonyme Spenden<\/h3>\n\n<p>2.6.1 Greenpeace respektiert den Wunsch von SpenderInnen, anonym bleiben zu wollen, und akzeptiert Spenden ohne v\u00f6llige Klarheit \u00fcber die Identit\u00e4t des&nbsp;Spenders \/ der Spenderin.<\/p>\n\n<p>2.6.2 Wenn der Wert einer Spende bei CHF 5000 und mehr liegt, verlangt Greenpeace von den \u00fcberweisenden Banken, der Post, Treuh\u00e4ndern, Notaren etc. eine Best\u00e4tigung \u00fcber&nbsp;die Annehmbarkeit der Spende gem\u00e4ss Spendenpolicy. Falls nach derartiger Pr\u00fcfung noch Bedenken bestehen,&nbsp;wird der Fall dem Stiftungsrat von Greenpeace Schweiz&nbsp;zur Entscheidung \u00fcber die Annahme oder Ablehnung vorgelegt.<\/p>\n\n<p>2.6.3 Wenn von der \u00fcberweisenden Institution keine entsprechende Best\u00e4tigung erfolgt und die Spende nicht an die spendende Person zur\u00fcckerstattet werden kann, wird sie an eine geeignete Drittorganisation weitergeleitet, die von der Greenpeace-Gesch\u00e4ftsleitung bestimmt wird.<\/p>\n\n<h3 class=\"wp-block-heading\">2.7 Spenden aus Lotterien<\/h3>\n\n<p>Lotterien sind eine m\u00f6gliche Einnahmequelle f\u00fcr Greenpeace, da es sich hierbei um Gelder von Einzelpersonen handelt. Um den ethischen Standard solcher Lotterien zu gew\u00e4hrleisten, m\u00fcssen sie von unabh\u00e4ngiger Stelle kontrolliert werden.<\/p>\n\n<h3 class=\"wp-block-heading\">2.8 Spenden aus Veranstaltungen<\/h3>\n\n<p>Einnahmen aus Veranstaltungen k\u00f6nnen angenommen werden, wenn es sich um eine Benefizveranstaltung handelt, die Greenpeace f\u00f6rdert. Die Veranstaltung darf nicht in erster Linie einem Unternehmen n\u00fctzen.<\/p>\n\n<h3 class=\"wp-block-heading\">2.9 Erbschaften \/ Verm\u00e4chtnisse<\/h3>\n\n<p>2.9.1 Das Spenden eines Nachlasses ist eine sehr pers\u00f6nliche Angelegenheit. Greenpeace sch\u00fctzt deshalb die Privatsph\u00e4re der Menschen, die mit der Organisation&nbsp;diesbez\u00fcglich Kontakt aufnehmen.<\/p>\n\n<p>2.9.2 Weil keine zwingende Notwendigkeit f\u00fcr Greenpeace besteht, die Motivation der Unterst\u00fctzerInnen zu kennen, betont Greenpeace stets, dass Angaben dazu freiwillig sind, wenn trotzdem danach gefragt wird.<\/p>\n\n<p>2.9.3 Um die Privatsph\u00e4re der Erblasser\/in zu sch\u00fctzen, ver\u00f6ffentlicht Greenpeace die Namen sowie die Geschichten der Menschen nur, wenn Greenpeace dazu die ausdr\u00fcckliche Erlaubnis dazu erhalten hat, sei dies von der Erblasserin \/ vom Erblasser selber, von deren Familien oder von dem Willensvollstrecker \/ der Willensvollstreckerin.<\/p>\n\n<p>2.9.4 Greenpeace betrachtet Verm\u00e4chtnisse und Erbeinsetzungen als Anerkennung f\u00fcr die Arbeit und gleichzeitig als Verpflichtung, die Mission von Greenpeace so gut zu erf\u00fcllen, dass sie der Intention des Erblassers entspricht.<\/p>\n\n<p>2.9.5 Selbstverst\u00e4ndlich kann jeder Erblasser, jede Erblasserin jederzeit das Testament wieder ver\u00e4ndern, dies auch ohne R\u00fcckmeldung an Greenpeace.<\/p>\n\n<h2 class=\"wp-block-heading\">3. \u00dcberpr\u00fcfung von Spenden<\/h2>\n\n<p>3.1 Greenpeace \u00fcberpr\u00fcft alle Spenden von CHF 5000 und mehr gem\u00e4ss Kap. 1. Grunds\u00e4tzlich beh\u00e4lt sich Greenpeace das Recht vor, jede Spende zu \u00fcberpr\u00fcfen,&nbsp;unabh\u00e4ngig von der H\u00f6he und der Quelle.<\/p>\n\n<p>3.2&nbsp;Die Gesch\u00e4ftsf\u00fchrung und\/oder der Stiftungsrat von Greenpeace&nbsp;entscheiden in strittigen F\u00e4llen \u00fcber die Annahme einer Spende.<\/p>\n\n<p>3.3 Detaillierte Richtlinien zur \u00dcberpr\u00fcfung von Spenden sind in den GPI Financial&nbsp;Procedures enthalten und k\u00f6nnen eingesehen werden.<\/p>\n\n<h2 class=\"wp-block-heading\">4. Sammelt\u00e4tigkeit Schweiz<\/h2>\n\n<p>4.1 Greenpeace Schweiz beschr\u00e4nkt sich in ihrer Spendensammelt\u00e4tigkeit auf die Schweiz.<\/p>\n\n<p>4.2 Spontane Spenden ohne Zweckbindung an Greenpeace Schweiz von einem Spender \/ einer Spenderin mit Wohnsitz in einem anderen Land fallen unter die \u00abRichtlinien zum transnationalen Fundraising\u00bbvon Greenpeace. Diese werden auf Wunsch vorgelegt.<\/p>\n\n<p>4.3&nbsp;Spenden f\u00fcr GPI oder andere NROs werden durch Greenpeace Schweiz ab CHF 10000 entgegengenommen, Betr\u00e4ge unter CHF 10000 m\u00fcssen von der Gesch\u00e4ftsleitung bewilligt werden. Betreffend \u00dcberpr\u00fcfung der Herkunft der Spende gelten die gleichen Bedingungen wie f\u00fcr Spenden an Greenpeace Schweiz. Greenpeace Schweiz leitet die Spende innerhalb von maximal zwei Wochen an das beg\u00fcnstigte B\u00fcro weiter.<\/p>\n\n<h2 class=\"wp-block-heading\">5.&nbsp;Richtlinie zur Zusammenarbeit mit Dritten<\/h2>\n\n<h3 class=\"wp-block-heading\">5.1 Zusammenarbeit bei Kampagnen<\/h3>\n\n<p>5.1.1 Greenpeace geht Allianzen mit anderen zivilgesellschaftlichen Organisationen ein, wenn diese massgeblich dazu beitragen, wichtige Kampagnenziele zu erreichen und\/oder das Ansehen von Greenpeace in der Zivilgesellschaft zu st\u00e4rken und einen Beitrag f\u00fcr die Ziele zu leisten.<\/p>\n\n<p>5.1.2 Gemeinsame Initiativen mit Wirtschaftsunternehmen oder Regierungen sind m\u00f6glich, wenn die Aussicht besteht, dass sie massgeblich zum Erfolg einer wichtigen Kampagne beitragen k\u00f6nnen. Solche gemeinsamen Initiativen sind zeitlich begrenzt und d\u00fcrfen die Werte und die Glaubw\u00fcrdigkeit von Greenpeace nicht gef\u00e4hrden.<\/p>\n\n<p>5.1.3 Agenturen, Produzenten oder andere Gesch\u00e4ftspartner von Greenpeace Schweiz d\u00fcrfen Greenpeace grunds\u00e4tzlich als Referenz angeben.<\/p>\n\n<p>5.1.4 Es ist erlaubt, das Greenpeace-Logo f\u00fcr Veranstaltungen und in deren Infomaterial zu nutzen, wenn Greenpeace durch diese Veranstaltungen beg\u00fcnstigt wird. Dies ist aber nur m\u00f6glich, wenn es sich um Veranstaltungen handelt, die nicht prim\u00e4r den Zielen einzelner Unternehmen dienen.<\/p>\n\n<p>5.1.5 Bei den unter 5.1.1 bis 5.1.4 genannten F\u00e4llen entscheidet die Gesch\u00e4ftsleitung von Greenpeace Schweiz \u00fcber die Zusammenarbeit, die Rahmenbedingungen und die Verwendung des Greenpeace-Logos. Bei EU-weiten oder globalen Initiativen liegt die Entscheidungsmacht bei Greenpeace International.<\/p>\n\n<h3 class=\"wp-block-heading\">5.2 Werbung<\/h3>\n\n<p>Greenpeace versucht zu vermeiden, dass Greenpeace-Motive unmittelbar neben der Werbung von Unternehmen erscheinen, die nicht die Greenpeace-Werte teilen. Unter Umst\u00e4nden und speziell bei Werbung im Internet kann dies aber Zufall und damit&nbsp;unvermeidbar sein.<\/p>\n\n<h3 class=\"wp-block-heading\">5.3 Nutzung des Namens Greenpeace f\u00fcr kommerzielle Zwecke<\/h3>\n\n<h4 class=\"wp-block-heading\">5.3.1 Business-Welt<\/h4>\n\n<p>Die Aufgabe von Greenpeace ist es, f\u00fcr den Schutz der Umwelt zu k\u00e4mpfen. Die Nutzung des Namens f\u00fcr kommerzielle Zwecke oder f\u00fcr Lizenzen an Unternehmen, die von Greenpeace gegr\u00fcndet und kontrolliert werden oder den Namen Greenpeace nutzen wollen, ist nur erlaubt, wenn damit ein massgeblicher Kampagnenerfolg verbunden ist \u2013 dies darf nicht im Widerspruch stehen zu den Greenpeace-Werten und -Zielen. Bei EU-weiten oder globalen Auswirkungen einer Vergabe des Namens Greenpeace entscheidet die internationale Gesch\u00e4ftsf\u00fchrung, bei nationaler Relevanz die Gesch\u00e4ftsf\u00fchrung der nationalen Greenpeace-Organisationen, wobei diese verpflichtet sind, vorab die internationale Gesch\u00e4ftsf\u00fchrung zu befragen.<\/p>\n\n<h4 class=\"wp-block-heading\">5.3.2 Mit Greenpeace verbundene Organisationen<\/h4>\n\n<p>Mit Greenpeace verbundene Organisationen, die aufgrund rechtlicher oder steuerrechtlicher Erfordernisse gegr\u00fcndet wurden, d\u00fcrfen den Namen Greenpeace tragen. F\u00fcr k\u00fcnftige Gr\u00fcndungen muss die internationale Gesch\u00e4ftsf\u00fchrung ihre Zustimmung geben. Solche Gr\u00fcndungen m\u00fcssen dieser Policy entsprechen.<\/p>\n\n<h4 class=\"wp-block-heading\">5.3.3 Lizenzierungen<\/h4>\n\n<p>Alle Vertr\u00e4ge zum Produktverkauf sowie (Sub-)Lizenzierungen, die durch einzelne Greenpeace-Organisationen geschlossen werden, m\u00fcssen den verantwortungsvollen Umgang mit dem Namen Greenpeace gew\u00e4hrleisten, und die entsprechenden Greenpeace-Policies erf\u00fcllen wie die Lizenzierungspolicy, die Greenpeace-Produktstandards etc.<\/p>\n\n<h4 class=\"wp-block-heading\">5.3.4 E-Business<\/h4>\n\n<p>Die oben genannten Regeln gelten auch f\u00fcr den Bereich E-Commerce und Internet-Kooperationen zwischen Greenpeace und Dritten.<\/p>\n\n<h3 class=\"wp-block-heading\">5.4 Honorare f\u00fcr Dienstleistungen<\/h3>\n\n<p>Greenpeace-MitarbeiterInnen nehmen keine Bezahlung f\u00fcr Beratungen gegen\u00fcber anderen Organisationen\/Unternehmen oder f\u00fcr \u00e4hnliche Aufgaben an. Greenpeace-MitarbeiterInnen nehmen auch keine Geschenke oder Verg\u00fcnstigungen an, die als finanzieller Bonus verstanden werden k\u00f6nnten. Vortragshonorare k\u00f6nnen angenommen werden, solange sie nicht an die MitarbeiterInnen direkt, sondern an die Organisation Greenpeace gezahlt werden. Im Zweifelsfall ber\u00e4t sich der\/die&nbsp;Mitarbeiter\/in mit seinem\/ihrer Vorgesetzten.<\/p>\n\n<h2 class=\"wp-block-heading\">6. Datenschutz und Datenmanagement<\/h2>\n\n<p>6.1 Greenpeace und ihre Zulieferer halten sich an die national g\u00fcltigen gesetzlichen Datenschutzbestimmungen, wenn sie f\u00fcr Greenpeace Schweiz t\u00e4tig sind, und melden sich bei der zust\u00e4ndigen Datenschutzbeh\u00f6rde an, sofern das Gesetz dies vorschreibt.<\/p>\n\n<p>6.2 Wenn pers\u00f6nliche Daten von Unterst\u00fctzerInnen oder Mitgliedern mit anderen gleichgesinnten Organisationen (zum Beispiel anderen gemeinn\u00fctzigen Verb\u00e4nden)&nbsp;ausgetauscht werden, erhalten die betroffenen Personen zuvor die M\u00f6glichkeit, einen solchen Austausch abzulehnen. Der Widerspruch wird in der Spenderdatenbank vermerkt.<\/p>\n\n<p>6.3 Greenpeace kommt dem Wunsch von SpenderInnen nach, wenn diese keine resp. wenig Post von Greenpeace erhalten m\u00f6chten. Ein entsprechender Vermerk wird in der Datenbank vorgenommen, so dass lediglich ein Versand pro Jahr&nbsp;(Spendenbest\u00e4tigung) vorgenommen wird.<\/p>\n\n<p>6.4&nbsp;Datenschutz und Datenbewirtschaftung: Namen resp. Adressen von Mitgliedern und Sympathisanten werden nicht zu Versandzwecken an Dritte verkauft, vermietet oder&nbsp;ausgeliehen.<\/p>\n","protected":false},"excerpt":{"rendered":"<p>Die Spendenpolicy und ein ethisches Fundraising ist f\u00fcr Greenpeace fundamental. <\/p>\n","protected":false},"author":25,"featured_media":0,"parent":548,"menu_order":0,"comment_status":"closed","ping_status":"closed","template":"","meta":{"_acf_changed":false,"_planet4_optimize_post_is_variant":false,"_planet4_optimize_experiment_name":"","_planet4_optimize_variant_name":"","ep_exclude_from_search":false,"p4_hide_page_title_checkbox":"","p4_title":"","p4_subtitle":"","p4_description":"","background_image_id":"","background_image":"","p4_button_title":"","p4_button_link":"","p4_button_link_checkbox":"","p4_og_title":"","p4_og_description":"","p4_og_image":"","p4_og_image_id":"","p4_seo_canonical_url":"","p4_campaign_name":"not set","p4_local_project":"not set","p4_basket_name":"not set","p4_department":"","footnotes":""},"categories":[],"tags":[29],"class_list":["post-508","page","type-page","status-publish","hentry","tag-unterstuetze-uns"],"acf":[],"_links":{"self":[{"href":"https:\/\/www.greenpeace.ch\/de\/wp-json\/wp\/v2\/pages\/508","targetHints":{"allow":["GET"]}}],"collection":[{"href":"https:\/\/www.greenpeace.ch\/de\/wp-json\/wp\/v2\/pages"}],"about":[{"href":"https:\/\/www.greenpeace.ch\/de\/wp-json\/wp\/v2\/types\/page"}],"author":[{"embeddable":true,"href":"https:\/\/www.greenpeace.ch\/de\/wp-json\/wp\/v2\/users\/25"}],"replies":[{"embeddable":true,"href":"https:\/\/www.greenpeace.ch\/de\/wp-json\/wp\/v2\/comments?post=508"}],"version-history":[{"count":0,"href":"https:\/\/www.greenpeace.ch\/de\/wp-json\/wp\/v2\/pages\/508\/revisions"}],"up":[{"embeddable":true,"href":"https:\/\/www.greenpeace.ch\/de\/wp-json\/wp\/v2\/pages\/548"}],"wp:attachment":[{"href":"https:\/\/www.greenpeace.ch\/de\/wp-json\/wp\/v2\/media?parent=508"}],"wp:term":[{"taxonomy":"category","embeddable":true,"href":"https:\/\/www.greenpeace.ch\/de\/wp-json\/wp\/v2\/categories?post=508"},{"taxonomy":"post_tag","embeddable":true,"href":"https:\/\/www.greenpeace.ch\/de\/wp-json\/wp\/v2\/tags?post=508"}],"curies":[{"name":"wp","href":"https:\/\/api.w.org\/{rel}","templated":true}]}}