{"id":544,"date":"2019-04-11T16:23:30","date_gmt":"2019-04-11T14:23:30","guid":{"rendered":"https:\/\/master.greenpeace.ch\/?page_id=544"},"modified":"2025-06-25T14:36:34","modified_gmt":"2025-06-25T12:36:34","slug":"e-activism","status":"publish","type":"page","link":"https:\/\/www.greenpeace.ch\/de\/handeln\/e-activism\/","title":{"rendered":"Online Aktivismus"},"content":{"rendered":"\n                \n                <div class=\"wp-block-group alignfull is-layout-flow wp-block-group-is-layout-flow\">\n                \n                <div class=\"wp-block-group container is-layout-flow wp-block-group-is-layout-flow\">\n                \n                <div class=\"wp-block-media-text alignfull has-media-on-the-right is-stacked-on-mobile is-pattern-p4-page-header is-style-parallax\">\n\n                <div class=\"wp-block-media-text__content\">\n                    <div class=\"wp-block-group is-layout-flow wp-block-group-is-layout-flow\">\n                    \n                        <h1 class=\"wp-block-heading has-white-background-color has-background\">\n                            Online Aktivismus\n                        <\/h1>\n                    <\/div>\n                \n\n                \n\n                \n\n                <\/div>\n                <figure class=\"wp-block-media-text__media\">\n                    <img loading=\"lazy\" decoding=\"async\" width=\"5184\" height=\"3888\"\n                        src=\"https:\/\/www.greenpeace.ch\/static\/planet4-switzerland-stateless\/2019\/05\/067674e1-gp0stsisi_high_res.jpg\"\n                        alt=\"\"\n                        sizes=\"auto, (min-width: 601px) 50vw, 100vw\" srcset=\"https:\/\/www.greenpeace.ch\/static\/planet4-switzerland-stateless\/2019\/05\/067674e1-gp0stsisi_high_res.jpg 5184w, https:\/\/www.greenpeace.ch\/static\/planet4-switzerland-stateless\/2019\/05\/067674e1-gp0stsisi_high_res-300x225.jpg 300w, https:\/\/www.greenpeace.ch\/static\/planet4-switzerland-stateless\/2019\/05\/067674e1-gp0stsisi_high_res-768x576.jpg 768w, https:\/\/www.greenpeace.ch\/static\/planet4-switzerland-stateless\/2019\/05\/067674e1-gp0stsisi_high_res-1024x768.jpg 1024w, https:\/\/www.greenpeace.ch\/static\/planet4-switzerland-stateless\/2019\/05\/067674e1-gp0stsisi_high_res-1821x1366.jpg 1821w, https:\/\/www.greenpeace.ch\/static\/planet4-switzerland-stateless\/2019\/05\/067674e1-gp0stsisi_high_res-453x340.jpg 453w\" class=\"wp-image-3025 size-full\"\n                    \/>\n                <\/figure>\n                <\/div>\n                \n                <\/div>\n                \n                <\/div>\n                \n                \n                    <div class=\"wp-block-group is-vertical is-layout-flex wp-container-core-group-is-layout-8cf370e7 wp-block-group-is-layout-flex\">\n                    \n\n                    \n                    <\/div>\n                    \n<h2 class=\"is-style-underline wp-block-heading\">Werde E-Activist<\/h2>\n\n<p>Schliesse dich den Greenpeace-E-Activists an und engagiere dich im Netz f\u00fcr eine saubere Umwelt. Wir vernetzen uns \u00fcber Greenwire. Melde dich noch heute in der Gruppe an:<\/p>\n\n<div class=\"wp-block-buttons is-layout-flex wp-block-buttons-is-layout-flex\">\n<div class=\"wp-block-button is-style-secondary\"><a class=\"wp-block-button__link\" href=\"https:\/\/greenwire.greenpeace.ch\/e-activists\/\" target=\"_blank\" rel=\"noreferrer noopener\">Jetzt auf Greenwire beitreten<\/a><\/div>\n<\/div>\n\n<p><strong>Du musst dir auf Greenwire ein Konto machen, um alle Inhalte der Gruppe zu sehen.<\/strong><\/p>\n\n<hr class=\"wp-block-separator\"\/>\n\n<h2 class=\"is-style-default wp-block-heading\">Was ist E-Activism?<\/h2>\n\n<div class=\"wp-block-columns has-2-columns is-layout-flex wp-container-core-columns-is-layout-9d6595d7 wp-block-columns-is-layout-flex\">\n<div class=\"wp-block-column is-layout-flow wp-block-column-is-layout-flow\">\n<p><strong>Dank Internet und Smartphones tut sich f\u00fcr Umweltschutz-Kampagnen ein riesiges Feld auf. Durch die M\u00f6glichkeiten der digitalen Kommunikation kann sich heute jede:r am \u00f6ffentlichen Diskurs beteiligen.<\/strong><\/p>\n\n\n\n<p>Stell dir vor: Hunderte von engagierten Menschen sitzen gleichzeitig in verschiedenen L\u00e4ndern vor ihren Computern oder nutzen ihre Smartphones, um sich f\u00fcr den Umweltschutz stark zu machen. Sie schreiben kritische Reviews, laden Protestbilder auf Google Street View hoch, \u00fcbermitteln Entscheidungstr\u00e4ger:innen eine Nachricht, verst\u00e4rken unsere Botschaften. Mit E-Activism erh\u00f6hen wir den Druck auf Konzerne oder Regierungen enorm. <\/p>\n\n\n\n<p>Mehr Infos im Greenpeace-Magazin:<br><a rel=\"noreferrer noopener\" href=\"https:\/\/www.greenpeace-magazin.ch\/2018\/06\/22\/davids-digitale-wunderwaffe\/\" target=\"_blank\">E-Activism: Davids digitale Wunderwaffe<\/a><\/p>\n<\/div>\n\n\n\n<div class=\"wp-block-column is-layout-flow wp-block-column-is-layout-flow\">\n<figure class=\"wp-block-embed is-type-video is-provider-youtube wp-block-embed-youtube wp-embed-aspect-16-9 wp-has-aspect-ratio\"><div class=\"wp-block-embed__wrapper\">\n<lite-youtube style=\"background-image: url('https:\/\/i.ytimg.com\/vi\/nzBf4Yl-xh4\/hqdefault.jpg');\" videoid=\"nzBf4Yl-xh4\" params=\"rel=0&#038;enablejsapi=1&#038;origin=https%3A%2F%2F&#038;cc_load_policy=1\"><\/lite-youtube>\n<\/div><\/figure>\n<\/div>\n<\/div>\n","protected":false},"excerpt":{"rendered":"<p>Online Aktivismus gegen den Klimawandel? Engagiere dich und werde E-Activist von Greenpeace!<\/p>\n","protected":false},"author":25,"featured_media":3025,"parent":491,"menu_order":0,"comment_status":"closed","ping_status":"closed","template":"","meta":{"_acf_changed":false,"_planet4_optimize_post_is_variant":false,"_planet4_optimize_experiment_name":"","_planet4_optimize_variant_name":"","ep_exclude_from_search":false,"p4_hide_page_title_checkbox":"on","p4_title":"","p4_subtitle":"","p4_description":"","background_image_id":"","background_image":"","p4_button_title":"","p4_button_link":"","p4_button_link_checkbox":"","p4_og_title":"Online Aktivismus","p4_og_description":"Online Aktivismus gegen den Klimawandel? Engagiere dich und werde E-Activist von Greenpeace!","p4_og_image":"","p4_og_image_id":"","p4_seo_canonical_url":"","p4_campaign_name":"not set","p4_local_project":"not set","p4_basket_name":"not set","p4_department":"","footnotes":""},"categories":[],"tags":[31],"class_list":["post-544","page","type-page","status-publish","has-post-thumbnail","hentry","tag-mach-mit"],"acf":[],"_links":{"self":[{"href":"https:\/\/www.greenpeace.ch\/de\/wp-json\/wp\/v2\/pages\/544","targetHints":{"allow":["GET"]}}],"collection":[{"href":"https:\/\/www.greenpeace.ch\/de\/wp-json\/wp\/v2\/pages"}],"about":[{"href":"https:\/\/www.greenpeace.ch\/de\/wp-json\/wp\/v2\/types\/page"}],"author":[{"embeddable":true,"href":"https:\/\/www.greenpeace.ch\/de\/wp-json\/wp\/v2\/users\/25"}],"replies":[{"embeddable":true,"href":"https:\/\/www.greenpeace.ch\/de\/wp-json\/wp\/v2\/comments?post=544"}],"version-history":[{"count":3,"href":"https:\/\/www.greenpeace.ch\/de\/wp-json\/wp\/v2\/pages\/544\/revisions"}],"predecessor-version":[{"id":121461,"href":"https:\/\/www.greenpeace.ch\/de\/wp-json\/wp\/v2\/pages\/544\/revisions\/121461"}],"up":[{"embeddable":true,"href":"https:\/\/www.greenpeace.ch\/de\/wp-json\/wp\/v2\/pages\/491"}],"wp:featuredmedia":[{"embeddable":true,"href":"https:\/\/www.greenpeace.ch\/de\/wp-json\/wp\/v2\/media\/3025"}],"wp:attachment":[{"href":"https:\/\/www.greenpeace.ch\/de\/wp-json\/wp\/v2\/media?parent=544"}],"wp:term":[{"taxonomy":"category","embeddable":true,"href":"https:\/\/www.greenpeace.ch\/de\/wp-json\/wp\/v2\/categories?post=544"},{"taxonomy":"post_tag","embeddable":true,"href":"https:\/\/www.greenpeace.ch\/de\/wp-json\/wp\/v2\/tags?post=544"}],"curies":[{"name":"wp","href":"https:\/\/api.w.org\/{rel}","templated":true}]}}