{"id":563,"date":"2019-04-11T16:37:45","date_gmt":"2019-04-11T14:37:45","guid":{"rendered":"https:\/\/master.greenpeace.ch\/?page_id=563"},"modified":"2025-02-26T14:19:01","modified_gmt":"2025-02-26T13:19:01","slug":"bern","status":"publish","type":"page","link":"https:\/\/www.greenpeace.ch\/de\/handeln\/freiwillige\/bern\/","title":{"rendered":"Bern"},"content":{"rendered":"\n\n<div class=\"wp-block-group alignfull is-layout-flow wp-block-group-is-layout-flow\">\n<div class=\"wp-block-group container is-layout-flow wp-block-group-is-layout-flow\">\n<div class=\"wp-block-media-text alignfull has-media-on-the-right is-stacked-on-mobile is-pattern-p4-page-header is-style-parallax\"><div class=\"wp-block-media-text__content\">\n<div class=\"wp-block-group is-layout-flow wp-block-group-is-layout-flow\">\n<h1 class=\"wp-block-heading has-white-background-color has-background\">\n                            Regionalgruppe Bern\n                        <\/h1>\n<\/div>\n<\/div><figure class=\"wp-block-media-text__media\"><img loading=\"lazy\" decoding=\"async\" width=\"3543\" height=\"2362\" src=\"https:\/\/www.greenpeace.ch\/static\/planet4-switzerland-stateless\/2019\/05\/285dc9fd-regrubern_palmo\u0308l_mg_1985.jpg\" alt=\"\" sizes=\"auto, (min-width: 601px) 50vw, 100vw\" srcset=\"https:\/\/www.greenpeace.ch\/static\/planet4-switzerland-stateless\/2019\/05\/285dc9fd-regrubern_palmo\u0308l_mg_1985.jpg 3543w, https:\/\/www.greenpeace.ch\/static\/planet4-switzerland-stateless\/2019\/05\/285dc9fd-regrubern_palmo\u0308l_mg_1985-300x200.jpg 300w, https:\/\/www.greenpeace.ch\/static\/planet4-switzerland-stateless\/2019\/05\/285dc9fd-regrubern_palmo\u0308l_mg_1985-768x512.jpg 768w, https:\/\/www.greenpeace.ch\/static\/planet4-switzerland-stateless\/2019\/05\/285dc9fd-regrubern_palmo\u0308l_mg_1985-1024x683.jpg 1024w, https:\/\/www.greenpeace.ch\/static\/planet4-switzerland-stateless\/2019\/05\/285dc9fd-regrubern_palmo\u0308l_mg_1985-2048x1366.jpg 2048w, https:\/\/www.greenpeace.ch\/static\/planet4-switzerland-stateless\/2019\/05\/285dc9fd-regrubern_palmo\u0308l_mg_1985-510x340.jpg 510w\" class=\"wp-image-2532 size-full\"\/><\/figure><\/div>\n<\/div>\n<\/div>\n\n\n<div class=\"wp-block-columns has-2-columns is-layout-flex wp-container-core-columns-is-layout-9d6595d7 wp-block-columns-is-layout-flex\">\n<div class=\"wp-block-column is-layout-flow wp-block-column-is-layout-flow\">\n<figure class=\"wp-block-image caption-style-blue-overlay caption-alignment-center\"><img loading=\"lazy\" decoding=\"async\" width=\"1024\" height=\"683\" src=\"https:\/\/www.greenpeace.ch\/static\/planet4-switzerland-stateless\/2019\/05\/1bfc6197-gp0sts5zs-1024x683.jpg\" title=\"Regional Group Hosts Vegan Picnic in Bern. \u00a9 Nicola Bossard \/ Greenpeace\" alt=\"Regional Group Hosts Vegan Picnic in Bern. \u00a9 Nicola Bossard \/ Greenpeace\" class=\"wp-image-1759\" srcset=\"https:\/\/www.greenpeace.ch\/static\/planet4-switzerland-stateless\/2019\/05\/1bfc6197-gp0sts5zs-1024x683.jpg 1024w, https:\/\/www.greenpeace.ch\/static\/planet4-switzerland-stateless\/2019\/05\/1bfc6197-gp0sts5zs-300x200.jpg 300w, https:\/\/www.greenpeace.ch\/static\/planet4-switzerland-stateless\/2019\/05\/1bfc6197-gp0sts5zs-768x512.jpg 768w, https:\/\/www.greenpeace.ch\/static\/planet4-switzerland-stateless\/2019\/05\/1bfc6197-gp0sts5zs-510x340.jpg 510w, https:\/\/www.greenpeace.ch\/static\/planet4-switzerland-stateless\/2019\/05\/1bfc6197-gp0sts5zs.jpg 1200w\" sizes=\"auto, (max-width: 1024px) 100vw, 1024px\" \/><figcaption class=\"wp-element-caption\">Anl\u00e4sslich der World Meat Free Week organisiert die Regionalgruppe Bern ein veganes Picknick.<div class=\"credit icon-left\"> \u00a9 Nicola Bossard \/ Greenpeace<\/div><\/figcaption><\/figure>\n<\/div>\n\n\n\n<div class=\"wp-block-column is-layout-flow wp-block-column-is-layout-flow\">\n<figure class=\"wp-block-image size-large caption-style-blue-overlay caption-alignment-center\"><img loading=\"lazy\" decoding=\"async\" width=\"1024\" height=\"681\" src=\"https:\/\/www.greenpeace.ch\/static\/planet4-switzerland-stateless\/2020\/02\/ea34e04d-dsc_2572_klein.jpg\" alt=\"abc \u00a9 Max Straessle \/ Greenpeace\" class=\"wp-image-41710\" srcset=\"https:\/\/www.greenpeace.ch\/static\/planet4-switzerland-stateless\/2020\/02\/ea34e04d-dsc_2572_klein.jpg 1024w, https:\/\/www.greenpeace.ch\/static\/planet4-switzerland-stateless\/2020\/02\/ea34e04d-dsc_2572_klein-300x200.jpg 300w, https:\/\/www.greenpeace.ch\/static\/planet4-switzerland-stateless\/2020\/02\/ea34e04d-dsc_2572_klein-768x511.jpg 768w, https:\/\/www.greenpeace.ch\/static\/planet4-switzerland-stateless\/2020\/02\/ea34e04d-dsc_2572_klein-510x340.jpg 510w\" sizes=\"auto, (max-width: 1024px) 100vw, 1024px\" \/><figcaption class=\"wp-element-caption\">Silent Disco in der Klimahalle, organisiert von der Regionalgrupe Bern, mit Liedern rund um das Klima. \u00a9 Max Straessle \/ Greenpeace<\/figcaption><\/figure>\n<\/div>\n<\/div>\n\n<h2 class=\"wp-block-heading is-style-underline\">Hast du Lust, bei uns mitzumachen?<\/h2>\n\n<div class=\"wp-block-columns has-2-columns is-layout-flex wp-container-core-columns-is-layout-9d6595d7 wp-block-columns-is-layout-flex\">\n<div class=\"wp-block-column is-layout-flow wp-block-column-is-layout-flow\">\n<p>Die Regionalgruppe Bern, das sind motivierte Leute, die trotz unterschiedlicher Ausbildung, verschiedensten Themenschwerpunkten und im ganzen Kanton Bern verstreuten Wohnorten ein gemeinsames Ziel verfolgen: den Klimawandel zu stoppen und die Welt gr\u00fcner zu gestalten.<\/p>\n\n\n\n<p>Um diesem Ziel n\u00e4her zu kommen, organisieren wir kleinere und gr\u00f6ssere Aktionen zu verschiedensten Themen wie dem Plastik-Problem, den fossilen Energien, der Ern\u00e4hrung und dem Finanzplatz der Schweiz. Veranstaltungs- und Sitzungsort ist jeweils Bern, manchmal helfen wir auch bei anderen Regionalgruppen aus &#8211; zusammen sind wir st\u00e4rker!<\/p>\n<\/div>\n\n\n\n<div class=\"wp-block-column is-layout-flow wp-block-column-is-layout-flow\">\n<p>Zwischendurch gibt es auch ReGru-Abende, an denen wir uns &#8211; und vielleicht bald auch dich &#8211; besser kennenlernen.<\/p>\n\n\n\n<div class=\"wp-block-buttons is-layout-flex wp-block-buttons-is-layout-flex\">\n<div class=\"wp-block-button\"><a class=\"wp-block-button__link wp-element-button\" href=\"https:\/\/www.greenpeace.ch\/de\/handeln\/freiwillige\/kontakt-freiwilligen-engagement\/\" target=\"_blank\" rel=\"noreferrer noopener\">Kontaktformular<\/a><\/div>\n<\/div>\n<\/div>\n<\/div>\n","protected":false},"excerpt":{"rendered":"<p>Hast du Lust, bei uns mitzumachen? Die Regionalgruppe Bern, das sind motivierte Leute, die trotz unterschiedlicher Ausbildung, verschiedensten Themenschwerpunkten und im ganzen Kanton Bern verstreuten Wohnorten ein gemeinsames Ziel verfolgen: den Klimawandel zu stoppen und die Welt gr\u00fcner zu gestalten. Um diesem Ziel n\u00e4her zu kommen, organisieren wir kleinere und gr\u00f6ssere Aktionen zu verschiedensten Themen [&hellip;]<\/p>\n","protected":false},"author":25,"featured_media":2532,"parent":550,"menu_order":2,"comment_status":"closed","ping_status":"closed","template":"","meta":{"_acf_changed":false,"_planet4_optimize_post_is_variant":false,"_planet4_optimize_experiment_name":"","_planet4_optimize_variant_name":"","ep_exclude_from_search":false,"p4_hide_page_title_checkbox":"on","p4_title":"","p4_subtitle":"","p4_description":"","background_image_id":"","background_image":"","p4_button_title":"","p4_button_link":"","p4_button_link_checkbox":"","p4_og_title":"","p4_og_description":"","p4_og_image":"","p4_og_image_id":"","p4_seo_canonical_url":"","p4_campaign_name":"not set","p4_local_project":"not set","p4_basket_name":"not set","p4_department":"","footnotes":""},"categories":[],"tags":[31],"class_list":["post-563","page","type-page","status-publish","has-post-thumbnail","hentry","tag-mach-mit"],"acf":[],"_links":{"self":[{"href":"https:\/\/www.greenpeace.ch\/de\/wp-json\/wp\/v2\/pages\/563","targetHints":{"allow":["GET"]}}],"collection":[{"href":"https:\/\/www.greenpeace.ch\/de\/wp-json\/wp\/v2\/pages"}],"about":[{"href":"https:\/\/www.greenpeace.ch\/de\/wp-json\/wp\/v2\/types\/page"}],"author":[{"embeddable":true,"href":"https:\/\/www.greenpeace.ch\/de\/wp-json\/wp\/v2\/users\/25"}],"replies":[{"embeddable":true,"href":"https:\/\/www.greenpeace.ch\/de\/wp-json\/wp\/v2\/comments?post=563"}],"version-history":[{"count":2,"href":"https:\/\/www.greenpeace.ch\/de\/wp-json\/wp\/v2\/pages\/563\/revisions"}],"predecessor-version":[{"id":117792,"href":"https:\/\/www.greenpeace.ch\/de\/wp-json\/wp\/v2\/pages\/563\/revisions\/117792"}],"up":[{"embeddable":true,"href":"https:\/\/www.greenpeace.ch\/de\/wp-json\/wp\/v2\/pages\/550"}],"wp:featuredmedia":[{"embeddable":true,"href":"https:\/\/www.greenpeace.ch\/de\/wp-json\/wp\/v2\/media\/2532"}],"wp:attachment":[{"href":"https:\/\/www.greenpeace.ch\/de\/wp-json\/wp\/v2\/media?parent=563"}],"wp:term":[{"taxonomy":"category","embeddable":true,"href":"https:\/\/www.greenpeace.ch\/de\/wp-json\/wp\/v2\/categories?post=563"},{"taxonomy":"post_tag","embeddable":true,"href":"https:\/\/www.greenpeace.ch\/de\/wp-json\/wp\/v2\/tags?post=563"}],"curies":[{"name":"wp","href":"https:\/\/api.w.org\/{rel}","templated":true}]}}