{"id":567,"date":"2019-04-11T16:38:19","date_gmt":"2019-04-11T14:38:19","guid":{"rendered":"https:\/\/master.greenpeace.ch\/?page_id=567"},"modified":"2025-02-26T14:17:50","modified_gmt":"2025-02-26T13:17:50","slug":"aargau","status":"publish","type":"page","link":"https:\/\/www.greenpeace.ch\/de\/handeln\/freiwillige\/aargau\/","title":{"rendered":"Aargau"},"content":{"rendered":"\n\n<div class=\"wp-block-group alignfull is-layout-flow wp-block-group-is-layout-flow\">\n<div class=\"wp-block-group container is-layout-flow wp-block-group-is-layout-flow\">\n<div class=\"wp-block-media-text alignfull has-media-on-the-right is-stacked-on-mobile is-pattern-p4-page-header is-style-parallax\"><div class=\"wp-block-media-text__content\">\n<div class=\"wp-block-group is-layout-flow wp-block-group-is-layout-flow\">\n<h1 class=\"wp-block-heading has-white-background-color has-background\">\n                            Regionalgruppe Aargau\n                        <\/h1>\n<\/div>\n<\/div><figure class=\"wp-block-media-text__media\"><img loading=\"lazy\" decoding=\"async\" width=\"4688\" height=\"1968\" src=\"https:\/\/www.greenpeace.ch\/static\/planet4-switzerland-stateless\/2019\/05\/3532371b-gp0strulr_high_res-e1558107691906.jpg\" alt=\"\" sizes=\"auto, (min-width: 601px) 50vw, 100vw\" srcset=\"https:\/\/www.greenpeace.ch\/static\/planet4-switzerland-stateless\/2019\/05\/3532371b-gp0strulr_high_res-e1558107691906.jpg 4688w, https:\/\/www.greenpeace.ch\/static\/planet4-switzerland-stateless\/2019\/05\/3532371b-gp0strulr_high_res-e1558107691906-300x126.jpg 300w, https:\/\/www.greenpeace.ch\/static\/planet4-switzerland-stateless\/2019\/05\/3532371b-gp0strulr_high_res-e1558107691906-768x322.jpg 768w, https:\/\/www.greenpeace.ch\/static\/planet4-switzerland-stateless\/2019\/05\/3532371b-gp0strulr_high_res-e1558107691906-1024x430.jpg 1024w, https:\/\/www.greenpeace.ch\/static\/planet4-switzerland-stateless\/2019\/05\/3532371b-gp0strulr_high_res-e1558107691906-2048x860.jpg 2048w, https:\/\/www.greenpeace.ch\/static\/planet4-switzerland-stateless\/2019\/05\/3532371b-gp0strulr_high_res-e1558107691906-510x214.jpg 510w\" class=\"wp-image-1201 size-full\"\/><\/figure><\/div>\n<\/div>\n<\/div>\n\n\n<div class=\"wp-block-columns has-2-columns is-layout-flex wp-container-core-columns-is-layout-9d6595d7 wp-block-columns-is-layout-flex\">\n<div class=\"wp-block-column is-layout-flow wp-block-column-is-layout-flow\">\n<figure class=\"wp-block-image is-resized\"><img loading=\"lazy\" decoding=\"async\" width=\"931\" height=\"675\" src=\"https:\/\/www.greenpeace.ch\/static\/planet4-switzerland-stateless\/2019\/08\/8f943f51-d.jpg\" alt=\"\" class=\"wp-image-35573\" style=\"width:499px;height:361px\" srcset=\"https:\/\/www.greenpeace.ch\/static\/planet4-switzerland-stateless\/2019\/08\/8f943f51-d.jpg 931w, https:\/\/www.greenpeace.ch\/static\/planet4-switzerland-stateless\/2019\/08\/8f943f51-d-300x218.jpg 300w, https:\/\/www.greenpeace.ch\/static\/planet4-switzerland-stateless\/2019\/08\/8f943f51-d-768x557.jpg 768w, https:\/\/www.greenpeace.ch\/static\/planet4-switzerland-stateless\/2019\/08\/8f943f51-d-469x340.jpg 469w\" sizes=\"auto, (max-width: 931px) 100vw, 931px\" \/><\/figure>\n<\/div>\n\n\n\n<div class=\"wp-block-column is-layout-flow wp-block-column-is-layout-flow\">\n<figure class=\"wp-block-image\"><img loading=\"lazy\" decoding=\"async\" width=\"1024\" height=\"684\" src=\"https:\/\/www.greenpeace.ch\/static\/planet4-switzerland-stateless\/2019\/05\/ba7cb57b-52353345_517775638629953_8714410234661044224_o-1024x684.jpg\" alt=\"\" class=\"wp-image-2588\" srcset=\"https:\/\/www.greenpeace.ch\/static\/planet4-switzerland-stateless\/2019\/05\/ba7cb57b-52353345_517775638629953_8714410234661044224_o-1024x684.jpg 1024w, https:\/\/www.greenpeace.ch\/static\/planet4-switzerland-stateless\/2019\/05\/ba7cb57b-52353345_517775638629953_8714410234661044224_o-300x200.jpg 300w, https:\/\/www.greenpeace.ch\/static\/planet4-switzerland-stateless\/2019\/05\/ba7cb57b-52353345_517775638629953_8714410234661044224_o-768x513.jpg 768w, https:\/\/www.greenpeace.ch\/static\/planet4-switzerland-stateless\/2019\/05\/ba7cb57b-52353345_517775638629953_8714410234661044224_o-510x340.jpg 510w, https:\/\/www.greenpeace.ch\/static\/planet4-switzerland-stateless\/2019\/05\/ba7cb57b-52353345_517775638629953_8714410234661044224_o.jpg 1600w\" sizes=\"auto, (max-width: 1024px) 100vw, 1024px\" \/><\/figure>\n<\/div>\n<\/div>\n\n<h2 class=\"wp-block-heading is-style-underline\">Hast du Lust, bei uns mitzumachen?<\/h2>\n\n<div class=\"wp-block-columns has-2-columns is-layout-flex wp-container-core-columns-is-layout-9d6595d7 wp-block-columns-is-layout-flex\">\n<div class=\"wp-block-column is-layout-flow wp-block-column-is-layout-flow\">\n<p>Wir sind eine freiwillige Regionalgruppe von Greenpeace, die sich mit Themen wie Klima, Energie (Atomkraft, Erd\u00f6l), Arktis, Wald, Meere und Biodiversit\u00e4t besch\u00e4ftigt. Unser Ziel ist es, die Bev\u00f6lkerung im Raum Aargau aufzukl\u00e4ren, anzusprechen und mit Kampagnen zu einem nachhaltigeren Handeln anzuregen. Daf\u00fcr ben\u00f6tigen wir alle m\u00f6glichen F\u00e4higkeiten und Ideen. <\/p>\n\n\n\n<p>Vorkenntnisse sind keine n\u00f6tig und alle sind herzlich willkommen.<\/p>\n<\/div>\n\n\n\n<div class=\"wp-block-column is-layout-flow wp-block-column-is-layout-flow\">\n<p>Kontaktiere uns f\u00fcr mehr Informationen.<\/p>\n\n\n\n<div class=\"wp-block-buttons is-layout-flex wp-block-buttons-is-layout-flex\">\n<div class=\"wp-block-button\"><a class=\"wp-block-button__link wp-element-button\" href=\"https:\/\/www.greenpeace.ch\/de\/handeln\/freiwillige\/kontakt-freiwilligen-engagement\/\" target=\"_blank\" rel=\"noreferrer noopener\">Kontaktformular<\/a><\/div>\n<\/div>\n<\/div>\n<\/div>\n\n<p><\/p>\n","protected":false},"excerpt":{"rendered":"<p>Hast du Lust, bei uns mitzumachen? Wir sind eine freiwillige Regionalgruppe von Greenpeace, die sich mit Themen wie Klima, Energie (Atomkraft, Erd\u00f6l), Arktis, Wald, Meere und Biodiversit\u00e4t besch\u00e4ftigt. Unser Ziel ist es, die Bev\u00f6lkerung im Raum Aargau aufzukl\u00e4ren, anzusprechen und mit Kampagnen zu einem nachhaltigeren Handeln anzuregen. Daf\u00fcr ben\u00f6tigen wir alle m\u00f6glichen F\u00e4higkeiten und Ideen. [&hellip;]<\/p>\n","protected":false},"author":25,"featured_media":1201,"parent":550,"menu_order":0,"comment_status":"closed","ping_status":"closed","template":"","meta":{"_acf_changed":false,"_planet4_optimize_post_is_variant":false,"_planet4_optimize_experiment_name":"","_planet4_optimize_variant_name":"","ep_exclude_from_search":false,"p4_hide_page_title_checkbox":"on","p4_title":"","p4_subtitle":"","p4_description":"","background_image_id":"","background_image":"","p4_button_title":"","p4_button_link":"","p4_button_link_checkbox":"","p4_og_title":"","p4_og_description":"","p4_og_image":"","p4_og_image_id":"","p4_seo_canonical_url":"","p4_campaign_name":"not set","p4_local_project":"not set","p4_basket_name":"not set","p4_department":"","footnotes":""},"categories":[],"tags":[31],"class_list":["post-567","page","type-page","status-publish","has-post-thumbnail","hentry","tag-mach-mit"],"acf":[],"_links":{"self":[{"href":"https:\/\/www.greenpeace.ch\/de\/wp-json\/wp\/v2\/pages\/567","targetHints":{"allow":["GET"]}}],"collection":[{"href":"https:\/\/www.greenpeace.ch\/de\/wp-json\/wp\/v2\/pages"}],"about":[{"href":"https:\/\/www.greenpeace.ch\/de\/wp-json\/wp\/v2\/types\/page"}],"author":[{"embeddable":true,"href":"https:\/\/www.greenpeace.ch\/de\/wp-json\/wp\/v2\/users\/25"}],"replies":[{"embeddable":true,"href":"https:\/\/www.greenpeace.ch\/de\/wp-json\/wp\/v2\/comments?post=567"}],"version-history":[{"count":2,"href":"https:\/\/www.greenpeace.ch\/de\/wp-json\/wp\/v2\/pages\/567\/revisions"}],"predecessor-version":[{"id":117788,"href":"https:\/\/www.greenpeace.ch\/de\/wp-json\/wp\/v2\/pages\/567\/revisions\/117788"}],"up":[{"embeddable":true,"href":"https:\/\/www.greenpeace.ch\/de\/wp-json\/wp\/v2\/pages\/550"}],"wp:featuredmedia":[{"embeddable":true,"href":"https:\/\/www.greenpeace.ch\/de\/wp-json\/wp\/v2\/media\/1201"}],"wp:attachment":[{"href":"https:\/\/www.greenpeace.ch\/de\/wp-json\/wp\/v2\/media?parent=567"}],"wp:term":[{"taxonomy":"category","embeddable":true,"href":"https:\/\/www.greenpeace.ch\/de\/wp-json\/wp\/v2\/categories?post=567"},{"taxonomy":"post_tag","embeddable":true,"href":"https:\/\/www.greenpeace.ch\/de\/wp-json\/wp\/v2\/tags?post=567"}],"curies":[{"name":"wp","href":"https:\/\/api.w.org\/{rel}","templated":true}]}}