{"id":56967,"date":"2020-07-14T09:30:48","date_gmt":"2020-07-14T07:30:48","guid":{"rendered":"https:\/\/www.greenpeace.ch\/?page_id=56967"},"modified":"2025-10-14T09:18:09","modified_gmt":"2025-10-14T07:18:09","slug":"faq-finanzplatz-und-klima","status":"publish","type":"page","link":"https:\/\/www.greenpeace.ch\/de\/erkunden\/klima\/nachhaltiger-finanzplatz\/faq-finanzplatz-und-klima\/","title":{"rendered":"Fragen &#038; Antworten zu Finanzplatz und Klima"},"content":{"rendered":"\n                    <div class=\"wp-block-group is-vertical is-layout-flex wp-container-core-group-is-layout-8cf370e7 wp-block-group-is-layout-flex\">\n                    \n\n                    \n                    <\/div>\n                    \n<h3 class=\"wp-block-heading\">Wie tragen Banken und Versicherungen zum Klimawandel bei?<\/h3>\n\n<ul class=\"is-style-default wp-block-list\"><li>Einerseits finanzieren Banken klimasch\u00e4dliche Unternehmen und Projekte mit ihrem Kreditgesch\u00e4ft, andererseits vermitteln sie im Anlagegesch\u00e4ft durch ihre Finanzprodukte dein Geld an die Klimas\u00fcnder.<\/li><li>Versicherungen bieten den Unternehmungen f\u00fcr ihre Projekte zur F\u00f6rderung von fossilen Brennstoffen wie Kohle, \u00d6l oder Gas Versicherungsl\u00f6sungen an. Dadurch k\u00f6nnen immer riskantere Projekte mit gr\u00f6sseren Klimarisiken gestartet werden.<\/li><li>Weil es bis sp\u00e4testens 2050 nur noch Industrien geben darf, welche klimaneutral operieren, sollten Banken und Versicherungen so schnell wie m\u00f6glich nur noch eine klimavertr\u00e4gliche Wirtschaft finanzieren. (In OECD L\u00e4ndern ab 2030).<\/li><\/ul>\n\n<h3 class=\"wp-block-heading\"><strong>Was ist eine Finanzierung?<\/strong><\/h3>\n\n<ul class=\"is-style-default wp-block-list\"><li>Eine Finanzierung ist die Versorgung eines Unternehmens, eines Haushaltes oder eines Projektes mit Kapital. Bei einer Unternehmensfinanzierung wird zwischen Eigenfinanzierung (mit Eigenkapital, in Form von Aktien) und Fremdfinanzierung (mit Fremdkapital aus Krediten, Darlehen oder Obligationen) unterschieden:<\/li><li>Bei der Eigenfinanzierung wird der Kapitalgeber Miteigent\u00fcmer und erh\u00e4lt neben seinem Anteil am Profit auch Mitspracherechte (z.B. Stimmrecht an der Generalversammlung). Bei der Fremdfinanzierung erh\u00e4lt der Kapitalgeber einen festgelegten regelm\u00e4ssigen Zins.<\/li><li>Bei einem Verlust oder Konkurs tragen die Eigenkapitalgeber ein h\u00f6heres Risiko als die Fremdkapitalgeber.<\/li><\/ul>\n\n<p class=\"is-style-accent-1\"><strong>Finanzierungen bestimmen die Wirtschaft von morgen. Deshalb ist es wichtig, darauf zu achten, ob die finanzierten Aktivit\u00e4ten sch\u00e4dlich f\u00fcr die Umwelt oder die Gesellschaft sind.<\/strong><\/p>\n\n<h3 class=\"wp-block-heading\"><strong>Was sind fossile Energietr\u00e4ger?<\/strong><\/h3>\n\n<p>Fossile Energietr\u00e4ger sind Brennstoffe, die in geologischer Vorzeit aus Abbauprodukten von toten Pflanzen und Tieren entstanden sind. Dazu geh\u00f6ren Braunkohle, Steinkohle, Torf, Erdgas und Erd\u00f6l.<\/p>\n\n<h3 class=\"wp-block-heading\">Wo soll ich mein Geld anlegen?<\/h3>\n\n<p>Investiere dein Geld in Projekte oder Unternehmen, von denen du \u00fcberzeugt bist, dass sie die Welt besser machen und mit dem \u00dcbereinkommen von Paris (Paris Agreement) kompatibel sind. Denn nur solche wirtschaftlichen Aktivit\u00e4ten sind langfristig nachhaltig und zukunftsf\u00e4hig. Du willst dein Geld ja in der Zukunft noch haben und in einer intakten Welt ausgeben k\u00f6nnen.<\/p>\n\n<h3 class=\"wp-block-heading\">Worauf muss ich bei Geldanlagen achten?<\/h3>\n\n<ul class=\"is-style-default wp-block-list\"><li>Achte auf eine gute Diversifikation und setze nicht alles auf ein Pferd. Anlagefonds bieten hierzu eine gute M\u00f6glichkeit.&nbsp;<\/li><li>Lass dich beraten, wenn du die entsprechenden Anlagem\u00f6glichkeiten nicht selber identifizieren kannst. Es gibt auf Nachhaltigkeit spezialisierte Finanzinstitute oder Finanzprodukte. Aber auch deine Hausbank kann dir helfen, geeignete Anlagen zu finden. Sage deiner Beraterin oder deinem Berater klar, was deine Ziele sind (z.B. geringe CO2 Emissionen oder Ausschluss von fossilen Energien). Verlange eine nachhaltige Anlagel\u00f6sung und lass dir aufzuzeigen, welche Wirkung deine Anlagen haben.&nbsp;<\/li><li>Die Gefahr von Greenwashing l\u00e4sst sich durch kritisches Nachfragen und einfordern von Transparenz reduzieren.<\/li><\/ul>\n\n<h3 class=\"wp-block-heading\">Was ist Greenwashing?<\/h3>\n\n<ul class=\"is-style-default wp-block-list\"><li>Greenwashing ist die Bezeichnung von Methoden, die dazu f\u00fchren, dass ein Produkt oder ein Unternehmen \u00f6kologisch nachhaltiger erscheint, als es in Wirklichkeit ist.<\/li><li>Greenwashing kommt bei allen Arten von Produkten vor und ist eine beliebte Marketingstrategie. Konsumg\u00fcter, Autos oder Finanzprodukte werden gr\u00fcn beworben und als \u201cnachhaltig\u201d bezeichnet.&nbsp;<\/li><li>Immer mehr Finanzprodukte wie z.B. Anlagefonds werden als nachhaltig oder Sustainable Investment bezeichnet.<\/li><\/ul>\n\n<h3 class=\"wp-block-heading\">Was sind nachhaltige Anlagen oder nachhaltige Fonds<\/h3>\n\n<ul class=\"is-style-default wp-block-list\"><li>Nachhaltige Anlagen (Sustainable Investments) sind Finanzprodukte die ESG (Environmental, Social and Governance) Kriterien ber\u00fccksichtigen.<\/li><li>Environmental bezieht sich dabei auf die Umwelt, Natur und das Klima. Social auf einen sozialen Umgang mit Mitarbeitenden, Lieferant*innen, Kund*innen und weiteren Anspruchsgruppen. Und Governance steht f\u00fcr eine verantwortungsvolle und gerechte Unternehmensf\u00fchrung.<\/li><li>Mit dem Kapital, das durch nachhaltige Anlagen zur Verf\u00fcgung gestellt wird sollen nur Unternehmen unterst\u00fctzt werden, die einem oder mehreren ESG-Kriterien entsprechen.&nbsp;<\/li><li>Beispiele sind Unternehmen die erneuerbare Energien f\u00f6rdern oder faire Arbeitsbedingungen f\u00fcr ihre MitarbeiterInnen achten.<\/li><\/ul>\n\n<h3 class=\"wp-block-heading\">Wie kann ich nachhaltig Geld anlegen?<\/h3>\n\n<ul class=\"is-style-default wp-block-list\"><li>Wie jeden Kaufentscheid, solltest du deine Anlageentscheidung auf Nachhaltigkeit pr\u00fcfen.&nbsp;<\/li><li>Nachhaltigkeit ist neben Rendite und Risiko ein wichtiges Kriterium f\u00fcr nachhaltige Anlagen (Sustainable Investment).&nbsp;<\/li><li>Studien belegen, dass du mit einer nachhaltigen Anlagestrategie \u00e4hnliche Ertragschancen hast, wie mit einem traditionellen Portfolio. Zudem reduzierst du damit die physische und transitorische Risiken des Klimawandels.<\/li><li>Verlange von dem Anbieter oder deiner Beraterin\/deinem Berater die Informationen die du ben\u00f6tigst, um eine Entscheidung zu treffen. Die ESG-Kriterien helfen dir dabei.<\/li><li>Leider wird sehr viel Greenwashing betrieben. Sei kritisch und vergleiche die Angebote.<\/li><\/ul>\n<div class=\"action-divider\">\n\t\t\t<p class=\"action-divider-text\"><span class=\"dashicons-before dashicons-info\"><\/span> Wusstest du, dass Banken, Versicherungen und Pensionskassen mit deinem Geld das Klima aufheizen?<\/p>\n\t\t<div class=\"wp-block-buttons is-content-justification-center is-layout-flex wp-container-core-buttons-is-layout-1 wp-block-buttons-is-layout-flex\">\n\t\t\t<div class=\"wp-block-button is-style-cta\"><a class=\"wp-block-button__link wp-element-button\" href=\"https:\/\/www.greenpeace.ch\/de\/finanzplatz-und-klima\/\" target=\"_self\">Erfahre mehr<\/a><\/div>\n\t\t<\/div>\n\t<\/div>\n\n<h2 class=\"is-style-default wp-block-heading\"><strong>Und was kannst du beitragen?<\/strong><\/h2>\n\n<div class=\"wp-block-columns is-layout-flex wp-container-core-columns-is-layout-9d6595d7 wp-block-columns-is-layout-flex\">\n<div class=\"wp-block-column is-layout-flow wp-block-column-is-layout-flow\">\n<p><strong>Mitmachen!<\/strong><\/p>\n\n\n\n<figure class=\"wp-block-image size-large  caption-style-blue-overlay caption-alignment-center\"><img loading=\"lazy\" decoding=\"async\" width=\"1024\" height=\"683\" src=\"https:\/\/www.greenpeace.ch\/static\/planet4-switzerland-stateless\/2020\/04\/06f885d0-gp020wq_medium_res-1-1024x683.jpg\" alt=\"\" class=\"wp-image-43225\" srcset=\"https:\/\/www.greenpeace.ch\/static\/planet4-switzerland-stateless\/2020\/04\/06f885d0-gp020wq_medium_res-1-1024x683.jpg 1024w, https:\/\/www.greenpeace.ch\/static\/planet4-switzerland-stateless\/2020\/04\/06f885d0-gp020wq_medium_res-1-300x200.jpg 300w, https:\/\/www.greenpeace.ch\/static\/planet4-switzerland-stateless\/2020\/04\/06f885d0-gp020wq_medium_res-1-768x512.jpg 768w, https:\/\/www.greenpeace.ch\/static\/planet4-switzerland-stateless\/2020\/04\/06f885d0-gp020wq_medium_res-1-510x340.jpg 510w, https:\/\/www.greenpeace.ch\/static\/planet4-switzerland-stateless\/2020\/04\/06f885d0-gp020wq_medium_res-1.jpg 1200w\" sizes=\"auto, (max-width: 1024px) 100vw, 1024px\" \/><\/figure>\n\n\n\n<p>Unterzeichne unsere <strong>Forderung<\/strong> f\u00fcr einen nachhaltigen Finanzplatz an die Politik.<\/p>\n\n\n\n<div class=\"wp-block-buttons is-layout-flex wp-block-buttons-is-layout-flex\">\n<div class=\"wp-block-button\"><a class=\"wp-block-button__link\" href=\"https:\/\/www.greenpeace.ch\/de\/handeln\/volksbeschwerde-finanzplatz-regulieren\/\">Forderung unterzeichnen<\/a><\/div>\n<\/div>\n<\/div>\n\n\n\n<div class=\"wp-block-column is-layout-flow wp-block-column-is-layout-flow\">\n<p><strong>Dranbleiben!<\/strong><\/p>\n\n\n\n<figure class=\"wp-block-image size-large  caption-style-blue-overlay caption-alignment-center\"><img loading=\"lazy\" decoding=\"async\" width=\"1024\" height=\"693\" src=\"https:\/\/www.greenpeace.ch\/static\/planet4-switzerland-stateless\/2020\/07\/d7944ff9-gp0stu2je_high_res-1024x693.jpg\" alt=\"\" class=\"wp-image-56814\" srcset=\"https:\/\/www.greenpeace.ch\/static\/planet4-switzerland-stateless\/2020\/07\/d7944ff9-gp0stu2je_high_res-1024x693.jpg 1024w, https:\/\/www.greenpeace.ch\/static\/planet4-switzerland-stateless\/2020\/07\/d7944ff9-gp0stu2je_high_res-300x203.jpg 300w, https:\/\/www.greenpeace.ch\/static\/planet4-switzerland-stateless\/2020\/07\/d7944ff9-gp0stu2je_high_res-768x520.jpg 768w, https:\/\/www.greenpeace.ch\/static\/planet4-switzerland-stateless\/2020\/07\/d7944ff9-gp0stu2je_high_res-1536x1040.jpg 1536w, https:\/\/www.greenpeace.ch\/static\/planet4-switzerland-stateless\/2020\/07\/d7944ff9-gp0stu2je_high_res-2048x1387.jpg 2048w, https:\/\/www.greenpeace.ch\/static\/planet4-switzerland-stateless\/2020\/07\/d7944ff9-gp0stu2je_high_res-2018x1366.jpg 2018w, https:\/\/www.greenpeace.ch\/static\/planet4-switzerland-stateless\/2020\/07\/d7944ff9-gp0stu2je_high_res-502x340.jpg 502w\" sizes=\"auto, (max-width: 1024px) 100vw, 1024px\" \/><\/figure>\n\n\n\n<p>Abonniere unseren Newsletter und erhalte aktuelle Infos zu unseren Kampagnen.<\/p>\n\n\n\n<div class=\"wp-block-buttons is-layout-flex wp-block-buttons-is-layout-flex\">\n<div class=\"wp-block-button\"><a class=\"wp-block-button__link\" href=\"https:\/\/www.greenpeace.ch\/de\/newsletter-abonnieren\/\">Newsletter abonnieren<\/a><\/div>\n<\/div>\n<\/div>\n\n\n\n<div class=\"wp-block-column is-layout-flow wp-block-column-is-layout-flow\">\n<p><strong>Nachfragen!<\/strong><\/p>\n\n\n\n<figure class=\"wp-block-image size-large  caption-style-blue-overlay caption-alignment-center\"><img loading=\"lazy\" decoding=\"async\" width=\"1024\" height=\"683\" src=\"https:\/\/www.greenpeace.ch\/static\/planet4-switzerland-stateless\/2020\/07\/2900c44b-gp0stqf58_high_res-1024x683.jpg\" alt=\"\" class=\"wp-image-56806\" srcset=\"https:\/\/www.greenpeace.ch\/static\/planet4-switzerland-stateless\/2020\/07\/2900c44b-gp0stqf58_high_res-1024x683.jpg 1024w, https:\/\/www.greenpeace.ch\/static\/planet4-switzerland-stateless\/2020\/07\/2900c44b-gp0stqf58_high_res-300x200.jpg 300w, https:\/\/www.greenpeace.ch\/static\/planet4-switzerland-stateless\/2020\/07\/2900c44b-gp0stqf58_high_res-768x512.jpg 768w, https:\/\/www.greenpeace.ch\/static\/planet4-switzerland-stateless\/2020\/07\/2900c44b-gp0stqf58_high_res-1536x1024.jpg 1536w, https:\/\/www.greenpeace.ch\/static\/planet4-switzerland-stateless\/2020\/07\/2900c44b-gp0stqf58_high_res-2048x1366.jpg 2048w, https:\/\/www.greenpeace.ch\/static\/planet4-switzerland-stateless\/2020\/07\/2900c44b-gp0stqf58_high_res-510x340.jpg 510w\" sizes=\"auto, (max-width: 1024px) 100vw, 1024px\" \/><\/figure>\n\n\n\n<p>Verlangen Sie von Ihrer Bank und Ihrer Pensionskasse, dass Ihr Geld klimafreundlich angelegt wird.<\/p>\n\n\n\n<p><strong>Nur gemeinsam bringen wir den Schweizer Finanzplatz auf einen klimafreundlichen Kurs.<\/strong><\/p>\n\n\n\n<div class=\"wp-block-buttons is-layout-flex wp-block-buttons-is-layout-flex\"><\/div>\n<\/div>\n<\/div>\n\n    <div class=\"wp-block-query posts-list p4-query-loop is-custom-layout-list is-layout-flow wp-block-query-is-layout-flow\">\n        <div class=\"wp-block-group is-content-justification-space-between is-layout-flex wp-container-core-group-is-layout-3d213aab wp-block-group-is-layout-flex\"><h2 class=\"wp-block-heading\">Beitr\u00e4ge zu diesem Thema<\/h2>\n        <li class=\" wp-block-navigation-item see-all-link wp-block-navigation-link\"><a class=\"wp-block-navigation-item__content\"  href=\"http:\/\/www.greenpeace.ch\/de\/posts\/?tag=nachhaltiger-finanzplatz\"><span class=\"wp-block-navigation-item__label\">See all stories<\/span><\/a><\/li>\n        \n        <\/div>\n        \n\n    <p style=\"margin-top: 24px; margin-bottom: 36px;\"><\/p>\n\n    \n\n    <ul class=\"wp-block-post-template is-layout-flow wp-block-post-template-is-layout-flow\"><li class=\"wp-block-post post-115044 post type-post status-publish format-standard has-post-thumbnail hentry category-unkategorisiert tag-klima tag-nachhaltiger-finanzplatz p4-page-type-story\">\n            \n<div class=\"wp-block-columns is-layout-flex wp-container-core-columns-is-layout-9d6595d7 wp-block-columns-is-layout-flex\"><figure class=\"wp-block-post-featured-image\"><a href=\"https:\/\/www.greenpeace.ch\/de\/story\/115044\/der-finanzplatz-braucht-strengere-regeln\/\" target=\"_self\"  ><img loading=\"lazy\" decoding=\"async\" width=\"1600\" height=\"912\" src=\"https:\/\/www.greenpeace.ch\/static\/planet4-switzerland-stateless\/2024\/10\/f432307b-screenshot-2024-10-29-at-16.53.52.png\" class=\"attachment-post-thumbnail size-post-thumbnail wp-post-image wp-stateless-item\" alt=\"Der Finanzplatz braucht strengere Regeln\" style=\"object-fit:cover;\" srcset=\"https:\/\/www.greenpeace.ch\/static\/planet4-switzerland-stateless\/2024\/10\/f432307b-screenshot-2024-10-29-at-16.53.52.png 1600w, https:\/\/www.greenpeace.ch\/static\/planet4-switzerland-stateless\/2024\/10\/f432307b-screenshot-2024-10-29-at-16.53.52-300x171.png 300w, https:\/\/www.greenpeace.ch\/static\/planet4-switzerland-stateless\/2024\/10\/f432307b-screenshot-2024-10-29-at-16.53.52-1024x584.png 1024w, https:\/\/www.greenpeace.ch\/static\/planet4-switzerland-stateless\/2024\/10\/f432307b-screenshot-2024-10-29-at-16.53.52-768x438.png 768w, https:\/\/www.greenpeace.ch\/static\/planet4-switzerland-stateless\/2024\/10\/f432307b-screenshot-2024-10-29-at-16.53.52-1536x876.png 1536w, https:\/\/www.greenpeace.ch\/static\/planet4-switzerland-stateless\/2024\/10\/f432307b-screenshot-2024-10-29-at-16.53.52-510x291.png 510w\" sizes=\"auto, (max-width: 1600px) 100vw, 1600px\" data-image-size=\"post-thumbnail\" data-stateless-media-bucket=\"planet4-switzerland-stateless\" data-stateless-media-name=\"2024\/10\/f432307b-screenshot-2024-10-29-at-16.53.52.png\" \/><\/a><\/figure>\n\n        <div class=\"wp-block-group is-layout-flow wp-block-group-is-layout-flow\">\n                <div class=\"wp-block-group is-layout-flex wp-block-group-is-layout-flex\"><div class=\"wp-block-post-terms\"><a href=\"https:\/\/www.greenpeace.ch\/de\/story\/\">Story<\/a><\/div>\n                <div class=\"wp-block-post-terms\"><a href=\"https:\/\/www.greenpeace.ch\/de\/story\/\">Story<\/a><\/div>\n                <div class=\"taxonomy-post_tag wp-block-post-terms\"><a href=\"https:\/\/www.greenpeace.ch\/de\/tag\/klima\/\" rel=\"tag\">Klima<\/a><span class=\"wp-block-post-terms__separator\"> <\/span><a href=\"https:\/\/www.greenpeace.ch\/de\/tag\/nachhaltiger-finanzplatz\/\" rel=\"tag\">NachhaltigerFinanzplatz<\/a><\/div>\n                <\/div>\n                \n        <h3 class=\"wp-block-post-title\"><a href=\"https:\/\/www.greenpeace.ch\/de\/story\/115044\/der-finanzplatz-braucht-strengere-regeln\/\" target=\"_self\" >Der Finanzplatz braucht strengere Regeln<\/a><\/h3>\n        <div class=\"wp-block-post-excerpt\"><p class=\"wp-block-post-excerpt__excerpt\">Die Finanzplatz-Initiative forder strengere Regeln f\u00fcr die Finanzakteure. Denn es geht um unsere Zukunft und die unserer Kinder und Grosskinder. Die Investitionen von heute finanzieren die wirtschaftlichen Aktivit\u00e4ten von morgen.\u00a0 <\/p><\/div>\n        \n        <div class=\"wp-block-group posts-list-meta is-layout-flow wp-block-group-is-layout-flow\"><span class='article-list-item-author'>Greenpeace Schweiz<\/span>\n        <div class=\"wp-block-post-date\"><time datetime=\"2024-11-26T11:00:00+01:00\">26. November 2024<\/time><\/div>\n        \n        <\/div>\n        <\/div>\n        <\/div>\n\n            <\/li><li class=\"wp-block-post post-109254 post type-post status-publish format-standard has-post-thumbnail hentry category-unkategorisiert tag-nachhaltiger-finanzplatz p4-page-type-story\">\n            \n<div class=\"wp-block-columns is-layout-flex wp-container-core-columns-is-layout-9d6595d7 wp-block-columns-is-layout-flex\"><figure class=\"wp-block-post-featured-image\"><a href=\"https:\/\/www.greenpeace.ch\/de\/story\/109254\/profit-vor-planet-studie-zeigt-dass-sich-banken-und-versicherungen-kaum-fuer-umweltschutz-einsetzen\/\" target=\"_self\"  ><img loading=\"lazy\" decoding=\"async\" width=\"1200\" height=\"799\" src=\"https:\/\/www.greenpeace.ch\/static\/planet4-switzerland-stateless\/2024\/06\/9975d4ee-gp0su15pa_medium-res-1200px.jpg\" class=\"attachment-post-thumbnail size-post-thumbnail wp-post-image wp-stateless-item\" alt=\"Profit vor Planet: Studie zeigt, dass sich Banken und Versicherungen kaum f\u00fcr Umweltschutz einsetzen\" style=\"object-fit:cover;\" srcset=\"https:\/\/www.greenpeace.ch\/static\/planet4-switzerland-stateless\/2024\/06\/9975d4ee-gp0su15pa_medium-res-1200px.jpg 1200w, https:\/\/www.greenpeace.ch\/static\/planet4-switzerland-stateless\/2024\/06\/9975d4ee-gp0su15pa_medium-res-1200px-300x200.jpg 300w, https:\/\/www.greenpeace.ch\/static\/planet4-switzerland-stateless\/2024\/06\/9975d4ee-gp0su15pa_medium-res-1200px-1024x682.jpg 1024w, https:\/\/www.greenpeace.ch\/static\/planet4-switzerland-stateless\/2024\/06\/9975d4ee-gp0su15pa_medium-res-1200px-768x511.jpg 768w, https:\/\/www.greenpeace.ch\/static\/planet4-switzerland-stateless\/2024\/06\/9975d4ee-gp0su15pa_medium-res-1200px-510x340.jpg 510w\" sizes=\"auto, (max-width: 1200px) 100vw, 1200px\" data-image-size=\"post-thumbnail\" data-stateless-media-bucket=\"planet4-switzerland-stateless\" data-stateless-media-name=\"2024\/06\/9975d4ee-gp0su15pa_medium-res-1200px.jpg\" \/><\/a><\/figure>\n\n        <div class=\"wp-block-group is-layout-flow wp-block-group-is-layout-flow\">\n                <div class=\"wp-block-group is-layout-flex wp-block-group-is-layout-flex\"><div class=\"wp-block-post-terms\"><a href=\"https:\/\/www.greenpeace.ch\/de\/story\/\">Story<\/a><\/div>\n                <div class=\"wp-block-post-terms\"><a href=\"https:\/\/www.greenpeace.ch\/de\/story\/\">Story<\/a><\/div>\n                <div class=\"taxonomy-post_tag wp-block-post-terms\"><a href=\"https:\/\/www.greenpeace.ch\/de\/tag\/nachhaltiger-finanzplatz\/\" rel=\"tag\">NachhaltigerFinanzplatz<\/a><\/div>\n                <\/div>\n                \n        <h3 class=\"wp-block-post-title\"><a href=\"https:\/\/www.greenpeace.ch\/de\/story\/109254\/profit-vor-planet-studie-zeigt-dass-sich-banken-und-versicherungen-kaum-fuer-umweltschutz-einsetzen\/\" target=\"_self\" >Profit vor Planet: Studie zeigt, dass sich Banken und Versicherungen kaum f\u00fcr Umweltschutz einsetzen<\/a><\/h3>\n        <div class=\"wp-block-post-excerpt\"><p class=\"wp-block-post-excerpt__excerpt\">Greenpeace-Aktivist:innen waren heute am Jahrestreffen des Vereins \u00abSwiss Sustainable Finance\u00bb \u2013 der sogenannten nachhaltigen Finanzwirtschaft. Sie konfrontierten die Besucher:innen mit unserer aktuellen Studie, die zeigt, dass die Schweizer Banken und&hellip; <\/p><\/div>\n        \n        <div class=\"wp-block-group posts-list-meta is-layout-flow wp-block-group-is-layout-flow\"><span class='article-list-item-author'>Greenpeace Schweiz<\/span>\n        <div class=\"wp-block-post-date\"><time datetime=\"2024-06-20T14:06:48+02:00\">20. Juni 2024<\/time><\/div>\n        \n        <\/div>\n        <\/div>\n        <\/div>\n\n            <\/li><li class=\"wp-block-post post-109112 post type-post status-publish format-standard has-post-thumbnail hentry category-unkategorisiert tag-nachhaltiger-finanzplatz p4-page-type-publikation\">\n            \n<div class=\"wp-block-columns is-layout-flex wp-container-core-columns-is-layout-9d6595d7 wp-block-columns-is-layout-flex\"><figure class=\"wp-block-post-featured-image\"><a href=\"https:\/\/www.greenpeace.ch\/de\/publikation\/109112\/profit-vor-planet\/\" target=\"_self\"  ><img loading=\"lazy\" decoding=\"async\" width=\"780\" height=\"1102\" src=\"https:\/\/www.greenpeace.ch\/static\/planet4-switzerland-stateless\/2024\/06\/874f53bb-profit-over-planet-cover.png\" class=\"attachment-post-thumbnail size-post-thumbnail wp-post-image wp-stateless-item\" alt=\"Profit vor Planet\" style=\"object-fit:cover;\" srcset=\"https:\/\/www.greenpeace.ch\/static\/planet4-switzerland-stateless\/2024\/06\/874f53bb-profit-over-planet-cover.png 780w, https:\/\/www.greenpeace.ch\/static\/planet4-switzerland-stateless\/2024\/06\/874f53bb-profit-over-planet-cover-212x300.png 212w, https:\/\/www.greenpeace.ch\/static\/planet4-switzerland-stateless\/2024\/06\/874f53bb-profit-over-planet-cover-725x1024.png 725w, https:\/\/www.greenpeace.ch\/static\/planet4-switzerland-stateless\/2024\/06\/874f53bb-profit-over-planet-cover-768x1085.png 768w, https:\/\/www.greenpeace.ch\/static\/planet4-switzerland-stateless\/2024\/06\/874f53bb-profit-over-planet-cover-241x340.png 241w\" sizes=\"auto, (max-width: 780px) 100vw, 780px\" data-image-size=\"post-thumbnail\" data-stateless-media-bucket=\"planet4-switzerland-stateless\" data-stateless-media-name=\"2024\/06\/874f53bb-profit-over-planet-cover.png\" \/><\/a><\/figure>\n\n        <div class=\"wp-block-group is-layout-flow wp-block-group-is-layout-flow\">\n                <div class=\"wp-block-group is-layout-flex wp-block-group-is-layout-flex\"><div class=\"wp-block-post-terms\"><a href=\"https:\/\/www.greenpeace.ch\/de\/publikation\/\">Publikation<\/a><\/div>\n                <div class=\"wp-block-post-terms\"><a href=\"https:\/\/www.greenpeace.ch\/de\/publikation\/\">Publikation<\/a><\/div>\n                <div class=\"taxonomy-post_tag wp-block-post-terms\"><a href=\"https:\/\/www.greenpeace.ch\/de\/tag\/nachhaltiger-finanzplatz\/\" rel=\"tag\">NachhaltigerFinanzplatz<\/a><\/div>\n                <\/div>\n                \n        <h3 class=\"wp-block-post-title\"><a href=\"https:\/\/www.greenpeace.ch\/de\/publikation\/109112\/profit-vor-planet\/\" target=\"_self\" >Profit vor Planet<\/a><\/h3>\n        <div class=\"wp-block-post-excerpt\"><p class=\"wp-block-post-excerpt__excerpt\">Die Asset-Manager der gr\u00f6ssten Schweizer Banken und Versicherungen sind weit davon entfernt, sich gen\u00fcgend f\u00fcr den Schutz der Umwelt und des Klimas zu engagieren. Dies zeigt eine neue Analyse zum&hellip; <\/p><\/div>\n        \n        <div class=\"wp-block-group posts-list-meta is-layout-flow wp-block-group-is-layout-flow\"><span class='article-list-item-author'>Greenpeace Schweiz<\/span>\n        <div class=\"wp-block-post-date\"><time datetime=\"2024-06-19T00:01:00+02:00\">19. Juni 2024<\/time><\/div>\n        \n        <\/div>\n        <\/div>\n        <\/div>\n\n            <\/li><\/ul>\n\n    \n<div class=\"wp-block-buttons carousel-controls is-horizontal is-content-justification-space-between is-nowrap is-layout-flex wp-container-core-buttons-is-layout-044bd602 wp-block-buttons-is-layout-flex\">\n            <div class=\"wp-block-button carousel-control-prev\"><button type=\"button\" class=\"wp-block-button__link wp-element-button\">Prev<\/button><\/div>\n        \n\n            <div class=\"wp-block-button carousel-control-next\"><button type=\"button\" class=\"wp-block-button__link wp-element-button\">N\u00e4chste<\/button><\/div>\n        <\/div>\n\n\n    <li class=\" wp-block-navigation-item see-all-link wp-block-navigation-link\"><a class=\"wp-block-navigation-item__content\"  href=\"http:\/\/www.greenpeace.ch\/de\/posts\/?tag=nachhaltiger-finanzplatz\"><span class=\"wp-block-navigation-item__label\">See all stories<\/span><\/a><\/li><\/div>\n    ","protected":false},"excerpt":{"rendered":"<p>Wie tragen Banken und Versicherungen zum Klimawandel bei? Einerseits finanzieren Banken klimasch\u00e4dliche Unternehmen und Projekte mit ihrem Kreditgesch\u00e4ft, andererseits vermitteln sie im Anlagegesch\u00e4ft durch ihre Finanzprodukte dein Geld an die Klimas\u00fcnder. Versicherungen bieten den Unternehmungen f\u00fcr ihre Projekte zur F\u00f6rderung von fossilen Brennstoffen wie Kohle, \u00d6l oder Gas Versicherungsl\u00f6sungen an. Dadurch k\u00f6nnen immer riskantere Projekte [&hellip;]<\/p>\n","protected":false},"author":31,"featured_media":0,"parent":631,"menu_order":0,"comment_status":"closed","ping_status":"closed","template":"","meta":{"_acf_changed":false,"_planet4_optimize_post_is_variant":false,"_planet4_optimize_experiment_name":"","_planet4_optimize_variant_name":"","ep_exclude_from_search":false,"p4_hide_page_title_checkbox":"","p4_title":"","p4_subtitle":"","p4_description":"","background_image_id":"","background_image":"","p4_button_title":"","p4_button_link":"","p4_button_link_checkbox":"","p4_og_title":"","p4_og_description":"","p4_og_image":"","p4_og_image_id":"","p4_seo_canonical_url":"","p4_campaign_name":"not set","p4_local_project":"not set","p4_basket_name":"not set","p4_department":"","footnotes":""},"categories":[],"tags":[35],"class_list":["post-56967","page","type-page","status-publish","hentry","tag-nachhaltiger-finanzplatz"],"acf":[],"_links":{"self":[{"href":"https:\/\/www.greenpeace.ch\/de\/wp-json\/wp\/v2\/pages\/56967","targetHints":{"allow":["GET"]}}],"collection":[{"href":"https:\/\/www.greenpeace.ch\/de\/wp-json\/wp\/v2\/pages"}],"about":[{"href":"https:\/\/www.greenpeace.ch\/de\/wp-json\/wp\/v2\/types\/page"}],"author":[{"embeddable":true,"href":"https:\/\/www.greenpeace.ch\/de\/wp-json\/wp\/v2\/users\/31"}],"replies":[{"embeddable":true,"href":"https:\/\/www.greenpeace.ch\/de\/wp-json\/wp\/v2\/comments?post=56967"}],"version-history":[{"count":8,"href":"https:\/\/www.greenpeace.ch\/de\/wp-json\/wp\/v2\/pages\/56967\/revisions"}],"predecessor-version":[{"id":126806,"href":"https:\/\/www.greenpeace.ch\/de\/wp-json\/wp\/v2\/pages\/56967\/revisions\/126806"}],"up":[{"embeddable":true,"href":"https:\/\/www.greenpeace.ch\/de\/wp-json\/wp\/v2\/pages\/631"}],"wp:attachment":[{"href":"https:\/\/www.greenpeace.ch\/de\/wp-json\/wp\/v2\/media?parent=56967"}],"wp:term":[{"taxonomy":"category","embeddable":true,"href":"https:\/\/www.greenpeace.ch\/de\/wp-json\/wp\/v2\/categories?post=56967"},{"taxonomy":"post_tag","embeddable":true,"href":"https:\/\/www.greenpeace.ch\/de\/wp-json\/wp\/v2\/tags?post=56967"}],"curies":[{"name":"wp","href":"https:\/\/api.w.org\/{rel}","templated":true}]}}