{"id":580,"date":"2019-04-11T16:41:26","date_gmt":"2019-04-11T14:41:26","guid":{"rendered":"https:\/\/master.greenpeace.ch\/?page_id=580"},"modified":"2025-02-26T17:04:24","modified_gmt":"2025-02-26T16:04:24","slug":"ostschweiz","status":"publish","type":"page","link":"https:\/\/www.greenpeace.ch\/de\/handeln\/freiwillige\/ostschweiz\/","title":{"rendered":"Ostschweiz"},"content":{"rendered":"\n\n<div class=\"wp-block-group alignfull is-layout-flow wp-block-group-is-layout-flow\">\n<div class=\"wp-block-group container is-layout-flow wp-block-group-is-layout-flow\">\n<div class=\"wp-block-media-text alignfull has-media-on-the-right is-stacked-on-mobile is-pattern-p4-page-header is-style-parallax\"><div class=\"wp-block-media-text__content\">\n<div class=\"wp-block-group is-layout-flow wp-block-group-is-layout-flow\">\n<h1 class=\"wp-block-heading has-white-background-color has-background\">\n                            Regionalgruppe Ostschweiz\n                        <\/h1>\n<\/div>\n<\/div><figure class=\"wp-block-media-text__media\"><img loading=\"lazy\" decoding=\"async\" width=\"1296\" height=\"864\" src=\"https:\/\/www.greenpeace.ch\/static\/planet4-switzerland-stateless\/2019\/05\/e249f965-ostschweiz_20171203_01.jpg\" alt=\"\" sizes=\"auto, (min-width: 601px) 50vw, 100vw\" srcset=\"https:\/\/www.greenpeace.ch\/static\/planet4-switzerland-stateless\/2019\/05\/e249f965-ostschweiz_20171203_01.jpg 1296w, https:\/\/www.greenpeace.ch\/static\/planet4-switzerland-stateless\/2019\/05\/e249f965-ostschweiz_20171203_01-300x200.jpg 300w, https:\/\/www.greenpeace.ch\/static\/planet4-switzerland-stateless\/2019\/05\/e249f965-ostschweiz_20171203_01-768x512.jpg 768w, https:\/\/www.greenpeace.ch\/static\/planet4-switzerland-stateless\/2019\/05\/e249f965-ostschweiz_20171203_01-1024x683.jpg 1024w, https:\/\/www.greenpeace.ch\/static\/planet4-switzerland-stateless\/2019\/05\/e249f965-ostschweiz_20171203_01-510x340.jpg 510w\" class=\"wp-image-2861 size-full\"\/><\/figure><\/div>\n<\/div>\n<\/div>\n\n\n<div class=\"wp-block-columns has-2-columns is-layout-flex wp-container-core-columns-is-layout-9d6595d7 wp-block-columns-is-layout-flex\">\n<div class=\"wp-block-column is-layout-flow wp-block-column-is-layout-flow\">\n<figure class=\"wp-block-image\"><img loading=\"lazy\" decoding=\"async\" width=\"1024\" height=\"683\" src=\"https:\/\/www.greenpeace.ch\/static\/planet4-switzerland-stateless\/2019\/05\/6bf1cc75-aargau_ost_20190208_01-1024x683.jpg\" alt=\"\" class=\"wp-image-2816\" srcset=\"https:\/\/www.greenpeace.ch\/static\/planet4-switzerland-stateless\/2019\/05\/6bf1cc75-aargau_ost_20190208_01-1024x683.jpg 1024w, https:\/\/www.greenpeace.ch\/static\/planet4-switzerland-stateless\/2019\/05\/6bf1cc75-aargau_ost_20190208_01-300x200.jpg 300w, https:\/\/www.greenpeace.ch\/static\/planet4-switzerland-stateless\/2019\/05\/6bf1cc75-aargau_ost_20190208_01-768x512.jpg 768w, https:\/\/www.greenpeace.ch\/static\/planet4-switzerland-stateless\/2019\/05\/6bf1cc75-aargau_ost_20190208_01-510x340.jpg 510w, https:\/\/www.greenpeace.ch\/static\/planet4-switzerland-stateless\/2019\/05\/6bf1cc75-aargau_ost_20190208_01.jpg 1875w\" sizes=\"auto, (max-width: 1024px) 100vw, 1024px\" \/><\/figure>\n<\/div>\n\n\n\n<div class=\"wp-block-column is-layout-flow wp-block-column-is-layout-flow\">\n<figure class=\"wp-block-image\"><img loading=\"lazy\" decoding=\"async\" width=\"1024\" height=\"684\" src=\"https:\/\/www.greenpeace.ch\/static\/planet4-switzerland-stateless\/2019\/05\/87f4538a-aargau_ost_20190208_02-1024x684.jpg\" alt=\"\" class=\"wp-image-2817\" srcset=\"https:\/\/www.greenpeace.ch\/static\/planet4-switzerland-stateless\/2019\/05\/87f4538a-aargau_ost_20190208_02-1024x684.jpg 1024w, https:\/\/www.greenpeace.ch\/static\/planet4-switzerland-stateless\/2019\/05\/87f4538a-aargau_ost_20190208_02-300x200.jpg 300w, https:\/\/www.greenpeace.ch\/static\/planet4-switzerland-stateless\/2019\/05\/87f4538a-aargau_ost_20190208_02-768x513.jpg 768w, https:\/\/www.greenpeace.ch\/static\/planet4-switzerland-stateless\/2019\/05\/87f4538a-aargau_ost_20190208_02-510x340.jpg 510w, https:\/\/www.greenpeace.ch\/static\/planet4-switzerland-stateless\/2019\/05\/87f4538a-aargau_ost_20190208_02.jpg 1600w\" sizes=\"auto, (max-width: 1024px) 100vw, 1024px\" \/><\/figure>\n<\/div>\n<\/div>\n\n<h2 class=\"wp-block-heading is-style-underline\"><strong>Hast du Lust, bei uns mitzumachen?<\/strong><\/h2>\n\n<div class=\"wp-block-columns has-2-columns is-layout-flex wp-container-core-columns-is-layout-9d6595d7 wp-block-columns-is-layout-flex\">\n<div class=\"wp-block-column is-layout-flow wp-block-column-is-layout-flow\">\n<p>Die Greenpeace Regionalgruppe Ostschweiz besteht aus Freiwilligen unterschiedlichen Alters und Hintergr\u00fcnde, die sich im Raum St. Gallen und Appenzell f\u00fcr mehr Umweltschutz engagieren. Mit unseren Aktivit\u00e4ten unterst\u00fctzen wir die Greenpeace Kampagnen &#8211; z.B. im Bereich Klimaschutz, Konsum, Finanzplatz oder Landwirtschaft &#8211; und bringen diese Themen auf die Strasse.<\/p>\n<\/div>\n\n\n\n<div class=\"wp-block-column is-layout-flow wp-block-column-is-layout-flow\">\n<p>Die Gruppe ist momentan noch im Aufbau und freut sich \u00fcber weitere Mitglieder. Wir suchen Leute, die aktiv werden und eigene Ideen einbringen wollen. Vorkenntnisse sind dazu nicht n\u00f6tig und alle sind herzlich willkommen. Wir freuen uns von dir zu h\u00f6ren, um uns gemeinsam f\u00fcr Umwelt- und Klimaschutz zu engagieren.<\/p>\n\n\n\n<p>Hast du Lust mitzumachen oder einfach mal reinzuschnuppern? Wir freuen uns auf deine Kontaktaufnahme.<\/p>\n\n\n\n<div class=\"wp-block-buttons is-layout-flex wp-block-buttons-is-layout-flex\">\n<div class=\"wp-block-button\"><a class=\"wp-block-button__link wp-element-button\" href=\"https:\/\/www.greenpeace.ch\/de\/handeln\/freiwillige\/kontakt-freiwilligen-engagement\/\" target=\"_blank\" rel=\"noreferrer noopener\">Kontaktformular<\/a><\/div>\n<\/div>\n<\/div>\n<\/div>\n\n<p><\/p>\n","protected":false},"excerpt":{"rendered":"<p>Hast du Lust, bei uns mitzumachen? Die Greenpeace Regionalgruppe Ostschweiz besteht aus Freiwilligen unterschiedlichen Alters und Hintergr\u00fcnde, die sich im Raum St. Gallen und Appenzell f\u00fcr mehr Umweltschutz engagieren. Mit unseren Aktivit\u00e4ten unterst\u00fctzen wir die Greenpeace Kampagnen &#8211; z.B. im Bereich Klimaschutz, Konsum, Finanzplatz oder Landwirtschaft &#8211; und bringen diese Themen auf die Strasse. Die [&hellip;]<\/p>\n","protected":false},"author":25,"featured_media":2861,"parent":550,"menu_order":8,"comment_status":"closed","ping_status":"closed","template":"","meta":{"_acf_changed":false,"_planet4_optimize_post_is_variant":false,"_planet4_optimize_experiment_name":"","_planet4_optimize_variant_name":"","ep_exclude_from_search":false,"p4_hide_page_title_checkbox":"on","p4_title":"","p4_subtitle":"","p4_description":"","background_image_id":"","background_image":"","p4_button_title":"","p4_button_link":"","p4_button_link_checkbox":"","p4_og_title":"","p4_og_description":"","p4_og_image":"","p4_og_image_id":"","p4_seo_canonical_url":"","p4_campaign_name":"not set","p4_local_project":"","p4_basket_name":"not set","p4_department":"","footnotes":""},"categories":[],"tags":[31],"class_list":["post-580","page","type-page","status-publish","has-post-thumbnail","hentry","tag-mach-mit"],"acf":[],"_links":{"self":[{"href":"https:\/\/www.greenpeace.ch\/de\/wp-json\/wp\/v2\/pages\/580","targetHints":{"allow":["GET"]}}],"collection":[{"href":"https:\/\/www.greenpeace.ch\/de\/wp-json\/wp\/v2\/pages"}],"about":[{"href":"https:\/\/www.greenpeace.ch\/de\/wp-json\/wp\/v2\/types\/page"}],"author":[{"embeddable":true,"href":"https:\/\/www.greenpeace.ch\/de\/wp-json\/wp\/v2\/users\/25"}],"replies":[{"embeddable":true,"href":"https:\/\/www.greenpeace.ch\/de\/wp-json\/wp\/v2\/comments?post=580"}],"version-history":[{"count":3,"href":"https:\/\/www.greenpeace.ch\/de\/wp-json\/wp\/v2\/pages\/580\/revisions"}],"predecessor-version":[{"id":117808,"href":"https:\/\/www.greenpeace.ch\/de\/wp-json\/wp\/v2\/pages\/580\/revisions\/117808"}],"up":[{"embeddable":true,"href":"https:\/\/www.greenpeace.ch\/de\/wp-json\/wp\/v2\/pages\/550"}],"wp:featuredmedia":[{"embeddable":true,"href":"https:\/\/www.greenpeace.ch\/de\/wp-json\/wp\/v2\/media\/2861"}],"wp:attachment":[{"href":"https:\/\/www.greenpeace.ch\/de\/wp-json\/wp\/v2\/media?parent=580"}],"wp:term":[{"taxonomy":"category","embeddable":true,"href":"https:\/\/www.greenpeace.ch\/de\/wp-json\/wp\/v2\/categories?post=580"},{"taxonomy":"post_tag","embeddable":true,"href":"https:\/\/www.greenpeace.ch\/de\/wp-json\/wp\/v2\/tags?post=580"}],"curies":[{"name":"wp","href":"https:\/\/api.w.org\/{rel}","templated":true}]}}