{"id":584,"date":"2019-04-11T16:45:34","date_gmt":"2019-04-11T14:45:34","guid":{"rendered":"https:\/\/master.greenpeace.ch\/?page_id=584"},"modified":"2026-04-01T09:30:40","modified_gmt":"2026-04-01T07:30:40","slug":"patenschaft","status":"publish","type":"page","link":"https:\/\/www.greenpeace.ch\/de\/handeln\/spenden\/patenschaft\/","title":{"rendered":"Patenschaft"},"content":{"rendered":"\n<div class=\"wp-block-planet4-blocks-carousel-header\"><div data-hydrate=\"planet4-blocks\/carousel-header\" data-attributes=\"{&quot;carousel_autoplay&quot;:true,&quot;slides&quot;:[{&quot;image&quot;:124610,&quot;focal_points&quot;:{&quot;x&quot;:0.15,&quot;y&quot;:0.19},&quot;header&quot;:&quot;Du liebst das Meer?&quot;,&quot;description&quot;:&quot;Als Patin oder Pate kannst Du gezielt die Ozeane sch\u00fctzen, Verschmutzung und Raubbau verhindern und die Vielfalt der Lebewesen retten. Sei dabei!&quot;,&quot;link_text&quot;:&quot;Patenschaften entdecken&quot;,&quot;link_url&quot;:&quot;https:\/\/www.greenpeace.ch\/de\/handeln\/spenden\/patenschaft\/#auswahl&quot;,&quot;link_url_new_tab&quot;:false,&quot;image_url&quot;:&quot;https:\/\/www.greenpeace.ch\/static\/planet4-switzerland-stateless\/2025\/08\/531822bc-gp1sxqfm.jpg&quot;,&quot;image_srcset&quot;:&quot;https:\/\/www.greenpeace.ch\/static\/planet4-switzerland-stateless\/2025\/08\/531822bc-gp1sxqfm-300x218.jpg 300w,https:\/\/www.greenpeace.ch\/static\/planet4-switzerland-stateless\/2025\/08\/531822bc-gp1sxqfm-1024x745.jpg 1024w,https:\/\/www.greenpeace.ch\/static\/planet4-switzerland-stateless\/2025\/08\/531822bc-gp1sxqfm.jpg 8318w&quot;},{&quot;image&quot;:124203,&quot;focal_points&quot;:{&quot;x&quot;:0.29,&quot;y&quot;:0.53},&quot;header&quot;:&quot;Du liebst den Wald?&quot;,&quot;description&quot;:&quot;Trage mit deiner Wald-Patenschaft zur Erhaltung wertvollen Lebensraums bei, bek\u00e4mpfe illegale Abholzung, sorge f\u00fcr Sauerstoff und sch\u00fctze die gr\u00fcne Lunge der Welt!&quot;,&quot;link_text&quot;:&quot;Patenschaften entdecken&quot;,&quot;link_url&quot;:&quot;https:\/\/www.greenpeace.ch\/de\/handeln\/spenden\/patenschaft\/#auswahl&quot;,&quot;link_url_new_tab&quot;:false,&quot;image_url&quot;:&quot;https:\/\/www.greenpeace.ch\/static\/planet4-switzerland-stateless\/2025\/08\/8ed4700d-gp04v6l-scaled.jpg&quot;,&quot;image_srcset&quot;:&quot;https:\/\/www.greenpeace.ch\/static\/planet4-switzerland-stateless\/2025\/08\/8ed4700d-gp04v6l-150x150.jpg 150w,https:\/\/www.greenpeace.ch\/static\/planet4-switzerland-stateless\/2025\/08\/8ed4700d-gp04v6l-300x200.jpg 300w,https:\/\/www.greenpeace.ch\/static\/planet4-switzerland-stateless\/2025\/08\/8ed4700d-gp04v6l-1024x683.jpg 1024w,https:\/\/www.greenpeace.ch\/static\/planet4-switzerland-stateless\/2025\/08\/8ed4700d-gp04v6l-scaled.jpg 2560w&quot;},{&quot;image&quot;:123659,&quot;focal_points&quot;:[],&quot;header&quot;:&quot;Du sch\u00fctzt das Klima?&quot;,&quot;description&quot;:&quot;Mit einer Klimapatenschaft k\u00e4mpfst Du an unserer Seite gegen Klimas\u00fcnder und Erderhitzung und engagierst Dich aktiv f\u00fcr eine lebenswerte Welt auch in Zukunft.\u00a0&quot;,&quot;link_text&quot;:&quot;Patenschaften entdecken&quot;,&quot;link_url&quot;:&quot;https:\/\/www.greenpeace.ch\/de\/handeln\/spenden\/patenschaft\/#auswahl&quot;,&quot;link_url_new_tab&quot;:false,&quot;image_url&quot;:&quot;https:\/\/www.greenpeace.ch\/static\/planet4-switzerland-stateless\/2025\/07\/6dd08e6f-gp0stuhp3-scaled.jpg&quot;,&quot;image_srcset&quot;:&quot;https:\/\/www.greenpeace.ch\/static\/planet4-switzerland-stateless\/2025\/07\/6dd08e6f-gp0stuhp3-150x150.jpg 150w,https:\/\/www.greenpeace.ch\/static\/planet4-switzerland-stateless\/2025\/07\/6dd08e6f-gp0stuhp3-300x200.jpg 300w,https:\/\/www.greenpeace.ch\/static\/planet4-switzerland-stateless\/2025\/07\/6dd08e6f-gp0stuhp3-1024x683.jpg 1024w,https:\/\/www.greenpeace.ch\/static\/planet4-switzerland-stateless\/2025\/07\/6dd08e6f-gp0stuhp3-scaled.jpg 2560w&quot;}],&quot;currentImageIndex&quot;:0}\"><section class=\"block block-header alignfull carousel-header \"><div class=\"carousel-wrapper-header\"><div class=\"carousel-inner\" role=\"listbox\"><div class=\"carousel-item active\"><div class=\"carousel-item-mask\"><div class=\"background-holder\"><img decoding=\"async\" src=\"https:\/\/www.greenpeace.ch\/static\/planet4-switzerland-stateless\/2025\/08\/531822bc-gp1sxqfm.jpg\" style=\"object-position:15% 19%\" srcSet=\"https:\/\/www.greenpeace.ch\/static\/planet4-switzerland-stateless\/2025\/08\/531822bc-gp1sxqfm-300x218.jpg 300w,https:\/\/www.greenpeace.ch\/static\/planet4-switzerland-stateless\/2025\/08\/531822bc-gp1sxqfm-1024x745.jpg 1024w,https:\/\/www.greenpeace.ch\/static\/planet4-switzerland-stateless\/2025\/08\/531822bc-gp1sxqfm.jpg 8318w\"\/><\/div><div class=\"carousel-caption\"><div class=\"caption-overlay\"><\/div><div class=\"container main-header\"><div class=\"carousel-captions-wrapper\"><h2>Du liebst das Meer?<\/h2><p>Als Patin oder Pate kannst Du gezielt die Ozeane sch\u00fctzen, Verschmutzung und Raubbau verhindern und die Vielfalt der Lebewesen retten. Sei dabei!<\/p><\/div><div class=\"col-xs-12 col-sm-8 col-md-4 action-button\"><a href=\"https:\/\/www.greenpeace.ch\/de\/handeln\/spenden\/patenschaft\/#auswahl\" class=\"btn btn-primary\" data-ga-category=\"Carousel Header\" data-ga-action=\"Call to Action\"><span>Patenschaften entdecken<\/span><\/a><\/div><\/div><\/div><\/div><\/div><div class=\"carousel-item \"><div class=\"carousel-item-mask\"><div class=\"background-holder\"><img decoding=\"async\" src=\"https:\/\/www.greenpeace.ch\/static\/planet4-switzerland-stateless\/2025\/08\/531822bc-gp1sxqfm.jpg\" style=\"object-position:15% 19%\" srcSet=\"https:\/\/www.greenpeace.ch\/static\/planet4-switzerland-stateless\/2025\/08\/531822bc-gp1sxqfm-300x218.jpg 300w,https:\/\/www.greenpeace.ch\/static\/planet4-switzerland-stateless\/2025\/08\/531822bc-gp1sxqfm-1024x745.jpg 1024w,https:\/\/www.greenpeace.ch\/static\/planet4-switzerland-stateless\/2025\/08\/531822bc-gp1sxqfm.jpg 8318w\"\/><\/div><div class=\"carousel-caption\"><div class=\"caption-overlay\"><\/div><div class=\"container main-header\"><div class=\"carousel-captions-wrapper\"><h2>Du liebst den Wald?<\/h2><p>Trage mit deiner Wald-Patenschaft zur Erhaltung wertvollen Lebensraums bei, bek\u00e4mpfe illegale Abholzung, sorge f\u00fcr Sauerstoff und sch\u00fctze die gr\u00fcne Lunge der Welt!<\/p><\/div><div class=\"col-xs-12 col-sm-8 col-md-4 action-button\"><a href=\"https:\/\/www.greenpeace.ch\/de\/handeln\/spenden\/patenschaft\/#auswahl\" class=\"btn btn-primary\" data-ga-category=\"Carousel Header\" data-ga-action=\"Call to Action\"><span>Patenschaften entdecken<\/span><\/a><\/div><\/div><\/div><\/div><\/div><div class=\"carousel-item \"><div class=\"carousel-item-mask\"><div class=\"background-holder\"><img decoding=\"async\" src=\"https:\/\/www.greenpeace.ch\/static\/planet4-switzerland-stateless\/2025\/08\/531822bc-gp1sxqfm.jpg\" style=\"object-position:15% 19%\" srcSet=\"https:\/\/www.greenpeace.ch\/static\/planet4-switzerland-stateless\/2025\/08\/531822bc-gp1sxqfm-300x218.jpg 300w,https:\/\/www.greenpeace.ch\/static\/planet4-switzerland-stateless\/2025\/08\/531822bc-gp1sxqfm-1024x745.jpg 1024w,https:\/\/www.greenpeace.ch\/static\/planet4-switzerland-stateless\/2025\/08\/531822bc-gp1sxqfm.jpg 8318w\"\/><\/div><div class=\"carousel-caption\"><div class=\"caption-overlay\"><\/div><div class=\"container main-header\"><div class=\"carousel-captions-wrapper\"><h2>Du sch\u00fctzt das Klima?<\/h2><p>Mit einer Klimapatenschaft k\u00e4mpfst Du an unserer Seite gegen Klimas\u00fcnder und Erderhitzung und engagierst Dich aktiv f\u00fcr eine lebenswerte Welt auch in Zukunft.\u00a0<\/p><\/div><div class=\"col-xs-12 col-sm-8 col-md-4 action-button\"><a href=\"https:\/\/www.greenpeace.ch\/de\/handeln\/spenden\/patenschaft\/#auswahl\" class=\"btn btn-primary\" data-ga-category=\"Carousel Header\" data-ga-action=\"Call to Action\"><span>Patenschaften entdecken<\/span><\/a><\/div><\/div><\/div><\/div><\/div><button class=\"carousel-control-prev\"><span class=\"carousel-control-prev-icon\" aria-hidden=\"true\"><i><\/i><\/span><span class=\"visually-hidden\">Previous<\/span><\/button><button class=\"carousel-control-next\"><span class=\"carousel-control-next-icon\" aria-hidden=\"true\"><i><\/i><\/span><span class=\"visually-hidden\">Next<\/span><\/button><div class=\"carousel-indicators-wrapper\"><div class=\"container\"><ol class=\"carousel-indicators\"><li class=\"active\" role=\"presentation\"><\/li><li class=\"\" role=\"presentation\"><\/li><li class=\"\" role=\"presentation\"><\/li><\/ol><\/div><\/div><\/div><\/div><\/section><\/div><\/div>\n\n<div class=\"wp-block-group alignfull block has-beige-100-background-color has-background is-layout-flow wp-block-group-is-layout-flow\" style=\"padding-top:80px;padding-bottom:80px\">\n<p class=\"has-text-align-center is-style-accent-1\">Mit einer Greenpeace-Patenschaft liegst du genau richtig: Du engagierst dich gezielt f\u00fcr dein Herzensthema und 100% deines Beitrags wird daf\u00fcr genutzt. Du hast die Wahl zwischen f\u00fcnf wichtigen Einsatzbereichen: Meer, Wald, Landwirtschaft, Klima oder unsere Greenpeace-Flotte. <br><br>Komm mit an Bord und hol dir jetzt deine pers\u00f6nliche Urkunde \u2013 gleichzeitig informieren wir dich \u00fcber das konkrete Schutzprojekt und mit dem Patenschaftsbericht.<\/p>\n\n\n\n<p class=\"has-text-align-center\"><strong>Herzlich willkommen an Bord, wir freuen uns auf dich!<\/strong><\/p>\n<\/div>\n\n<div style=\"height:24px\" aria-hidden=\"true\" id=\"auswahl\" class=\"wp-block-spacer\"><\/div>\n<div data-render=\"planet4-blocks\/columns\" data-attributes=\"{&quot;attributes&quot;:{&quot;columns_block_style&quot;:&quot;image&quot;,&quot;columns_title&quot;:&quot;Unsere Patenschaften \\u2013 Deine Wahl!&quot;,&quot;columns_description&quot;:&quot;&lt;strong&gt;F\\u00fcr welches Thema schl\\u00e4gt dein Herz? &lt;\\\/strong&gt;&lt;br&gt;Dies ist deine Patenschaft! Alle Einsatzbereiche sind wichtig, jede Patenschaft hilft. Zuverl\\u00e4ssig, regelm\\u00e4ssig und verl\\u00e4sslich. Als Patin oder Pate \\u00fcbernimmst Du Verantwortung und tr\\u00e4gst unsere Arbeit an vorderster Front mit: Tag f\\u00fcr Tag, Seite an Seite mit Greenpeace. Sei dabei!&quot;,&quot;columns&quot;:[{&quot;attachment&quot;:&quot;https:\\\/\\\/www.greenpeace.ch\\\/static\\\/planet4-switzerland-stateless\\\/2025\\\/07\\\/f9b6ebf8-gp0stznhb-510x340.jpg&quot;,&quot;title&quot;:&quot;An Board der Greenpeace Flotte&quot;,&quot;description&quot;:&quot;Hilf mit, Beweise zu sammeln und Umweltverbrechen aufzudecken.&quot;,&quot;cta_text&quot;:&quot;Flotten-Patenschaft&quot;,&quot;cta_link&quot;:&quot;https:\\\/\\\/www.greenpeace.ch\\\/de\\\/handeln\\\/spenden\\\/patenschaft\\\/patenschaft-flotte\\\/&quot;,&quot;attachment_srcset&quot;:&quot;https:\\\/\\\/www.greenpeace.ch\\\/static\\\/planet4-switzerland-stateless\\\/2025\\\/07\\\/f9b6ebf8-gp0stznhb-510x340.jpg 510w, https:\\\/\\\/www.greenpeace.ch\\\/static\\\/planet4-switzerland-stateless\\\/2025\\\/07\\\/f9b6ebf8-gp0stznhb-300x200.jpg 300w, https:\\\/\\\/www.greenpeace.ch\\\/static\\\/planet4-switzerland-stateless\\\/2025\\\/07\\\/f9b6ebf8-gp0stznhb-1024x683.jpg 1024w, https:\\\/\\\/www.greenpeace.ch\\\/static\\\/planet4-switzerland-stateless\\\/2025\\\/07\\\/f9b6ebf8-gp0stznhb-768x512.jpg 768w, https:\\\/\\\/www.greenpeace.ch\\\/static\\\/planet4-switzerland-stateless\\\/2025\\\/07\\\/f9b6ebf8-gp0stznhb-1536x1024.jpg 1536w, https:\\\/\\\/www.greenpeace.ch\\\/static\\\/planet4-switzerland-stateless\\\/2025\\\/07\\\/f9b6ebf8-gp0stznhb-2048x1366.jpg 2048w&quot;},{&quot;attachment&quot;:&quot;https:\\\/\\\/www.greenpeace.ch\\\/static\\\/planet4-switzerland-stateless\\\/2025\\\/07\\\/f555fed2-gp0stxfz6-510x340.jpg&quot;,&quot;title&quot;:&quot;Im Einsatz f\\u00fcr die Meere&quot;,&quot;description&quot;:&quot;Hilf mit, unsere Ozeane und ihre Vielfalt an Lebewesen zu sch\\u00fctzen.&quot;,&quot;cta_text&quot;:&quot;Meeres-Patenschaft&quot;,&quot;cta_link&quot;:&quot;https:\\\/\\\/www.greenpeace.ch\\\/de\\\/handeln\\\/spenden\\\/patenschaft\\\/patenschaft-meer\\\/&quot;,&quot;attachment_srcset&quot;:&quot;https:\\\/\\\/www.greenpeace.ch\\\/static\\\/planet4-switzerland-stateless\\\/2025\\\/07\\\/f555fed2-gp0stxfz6-510x340.jpg 510w, https:\\\/\\\/www.greenpeace.ch\\\/static\\\/planet4-switzerland-stateless\\\/2025\\\/07\\\/f555fed2-gp0stxfz6-300x200.jpg 300w, https:\\\/\\\/www.greenpeace.ch\\\/static\\\/planet4-switzerland-stateless\\\/2025\\\/07\\\/f555fed2-gp0stxfz6-1024x683.jpg 1024w, https:\\\/\\\/www.greenpeace.ch\\\/static\\\/planet4-switzerland-stateless\\\/2025\\\/07\\\/f555fed2-gp0stxfz6-768x512.jpg 768w&quot;}],&quot;className&quot;:&quot;is-style-image&quot;}}\"><\/div><div data-render=\"planet4-blocks\/columns\" data-attributes=\"{&quot;attributes&quot;:{&quot;columns_block_style&quot;:&quot;image&quot;,&quot;columns_title&quot;:&quot;&quot;,&quot;columns_description&quot;:&quot;&quot;,&quot;columns&quot;:[{&quot;attachment&quot;:&quot;https:\\\/\\\/www.greenpeace.ch\\\/static\\\/planet4-switzerland-stateless\\\/2025\\\/07\\\/0a161b16-gp0strvj1-510x340.jpg&quot;,&quot;title&quot;:&quot;Aktiv f\\u00fcr den Urwald&quot;,&quot;description&quot;:&quot;Hilf mit, unsere wertvollen \\u00d6kosysteme zu erhalten.&quot;,&quot;cta_text&quot;:&quot;Wald-Patenschaft&quot;,&quot;cta_link&quot;:&quot;https:\\\/\\\/www.greenpeace.ch\\\/de\\\/handeln\\\/spenden\\\/patenschaft\\\/patenschaft-urwald\\\/&quot;,&quot;attachment_srcset&quot;:&quot;https:\\\/\\\/www.greenpeace.ch\\\/static\\\/planet4-switzerland-stateless\\\/2025\\\/07\\\/0a161b16-gp0strvj1-510x340.jpg 510w, https:\\\/\\\/www.greenpeace.ch\\\/static\\\/planet4-switzerland-stateless\\\/2025\\\/07\\\/0a161b16-gp0strvj1-300x200.jpg 300w, https:\\\/\\\/www.greenpeace.ch\\\/static\\\/planet4-switzerland-stateless\\\/2025\\\/07\\\/0a161b16-gp0strvj1-1024x683.jpg 1024w, https:\\\/\\\/www.greenpeace.ch\\\/static\\\/planet4-switzerland-stateless\\\/2025\\\/07\\\/0a161b16-gp0strvj1-768x512.jpg 768w, https:\\\/\\\/www.greenpeace.ch\\\/static\\\/planet4-switzerland-stateless\\\/2025\\\/07\\\/0a161b16-gp0strvj1-1536x1024.jpg 1536w, https:\\\/\\\/www.greenpeace.ch\\\/static\\\/planet4-switzerland-stateless\\\/2025\\\/07\\\/0a161b16-gp0strvj1-2048x1366.jpg 2048w&quot;},{&quot;attachment&quot;:&quot;https:\\\/\\\/www.greenpeace.ch\\\/static\\\/planet4-switzerland-stateless\\\/2025\\\/07\\\/53ea7c7c-gp0stugba-510x340.jpg&quot;,&quot;title&quot;:&quot;Aktiv f\\u00fcr das Klima&quot;,&quot;description&quot;:&quot;Hilf mit, das Klima zu sch\\u00fctzen.&quot;,&quot;cta_text&quot;:&quot;Klima-Patenschaft&quot;,&quot;cta_link&quot;:&quot;https:\\\/\\\/www.greenpeace.ch\\\/de\\\/handeln\\\/spenden\\\/patenschaft\\\/patenschaft-klima\\\/&quot;,&quot;attachment_srcset&quot;:&quot;https:\\\/\\\/www.greenpeace.ch\\\/static\\\/planet4-switzerland-stateless\\\/2025\\\/07\\\/53ea7c7c-gp0stugba-510x340.jpg 510w, https:\\\/\\\/www.greenpeace.ch\\\/static\\\/planet4-switzerland-stateless\\\/2025\\\/07\\\/53ea7c7c-gp0stugba-300x200.jpg 300w, https:\\\/\\\/www.greenpeace.ch\\\/static\\\/planet4-switzerland-stateless\\\/2025\\\/07\\\/53ea7c7c-gp0stugba-1024x683.jpg 1024w, https:\\\/\\\/www.greenpeace.ch\\\/static\\\/planet4-switzerland-stateless\\\/2025\\\/07\\\/53ea7c7c-gp0stugba-768x512.jpg 768w, https:\\\/\\\/www.greenpeace.ch\\\/static\\\/planet4-switzerland-stateless\\\/2025\\\/07\\\/53ea7c7c-gp0stugba-1536x1024.jpg 1536w, https:\\\/\\\/www.greenpeace.ch\\\/static\\\/planet4-switzerland-stateless\\\/2025\\\/07\\\/53ea7c7c-gp0stugba-2048x1366.jpg 2048w&quot;},{&quot;attachment&quot;:&quot;https:\\\/\\\/www.greenpeace.ch\\\/static\\\/planet4-switzerland-stateless\\\/2025\\\/08\\\/9cfc3c29-gp0sts8mh-510x340.jpg&quot;,&quot;title&quot;:&quot;Aktiv f\\u00fcr die Landwirtschaft&quot;,&quot;description&quot;:&quot;Hilf mit, nachhaltige Produktion zu f\\u00f6rdern.&quot;,&quot;cta_text&quot;:&quot;Landwirtschafts-Patenschaft&quot;,&quot;cta_link&quot;:&quot;https:\\\/\\\/www.greenpeace.ch\\\/de\\\/handeln\\\/spenden\\\/patenschaft\\\/patenschaft-landwirtschaft\\\/&quot;,&quot;attachment_srcset&quot;:&quot;https:\\\/\\\/www.greenpeace.ch\\\/static\\\/planet4-switzerland-stateless\\\/2025\\\/08\\\/9cfc3c29-gp0sts8mh-510x340.jpg 510w, https:\\\/\\\/www.greenpeace.ch\\\/static\\\/planet4-switzerland-stateless\\\/2025\\\/08\\\/9cfc3c29-gp0sts8mh-300x200.jpg 300w, https:\\\/\\\/www.greenpeace.ch\\\/static\\\/planet4-switzerland-stateless\\\/2025\\\/08\\\/9cfc3c29-gp0sts8mh-1024x683.jpg 1024w, https:\\\/\\\/www.greenpeace.ch\\\/static\\\/planet4-switzerland-stateless\\\/2025\\\/08\\\/9cfc3c29-gp0sts8mh-768x512.jpg 768w, https:\\\/\\\/www.greenpeace.ch\\\/static\\\/planet4-switzerland-stateless\\\/2025\\\/08\\\/9cfc3c29-gp0sts8mh-1536x1024.jpg 1536w, https:\\\/\\\/www.greenpeace.ch\\\/static\\\/planet4-switzerland-stateless\\\/2025\\\/08\\\/9cfc3c29-gp0sts8mh-2048x1366.jpg 2048w&quot;}],&quot;className&quot;:&quot;is-style-image&quot;}}\"><\/div>\n<div class=\"wp-block-group is-layout-flow wp-block-group-is-layout-flow\">\n<div style=\"height:19px\" aria-hidden=\"true\" class=\"wp-block-spacer\"><\/div>\n<\/div>\n\n<h2 class=\"wp-block-heading\"><strong>Unsere Patenschaften \u2013 Deine Vorteile!<\/strong><\/h2>\n\n<ul class=\"wp-block-list\">\n<li><strong>Direkt<\/strong>: Deine Patenschaft ist an dein Herzensthema gebunden, dein <strong>Beitrag fliesst zu 100% in dein gew\u00fcnschtes Schutzprojekt<\/strong>.<\/li>\n<\/ul>\n\n<ul class=\"wp-block-list\">\n<li><strong>Dabei<\/strong>: Du erh\u00e4ltst als Begr\u00fcssung deine <strong>pers\u00f6nliche Patenschaftsurkunde<\/strong> und direkt deinen ersten <strong>Wirkungsbericht<\/strong>. Jedes Jahr kannst du an unserem <strong>Pat:innen-Event<\/strong> dabei sein.<\/li>\n<\/ul>\n\n<ul class=\"wp-block-list\">\n<li><strong>Frei<\/strong>: Deine Patenschaft ist <strong>jederzeit k\u00fcndbar<\/strong> und kann du kannst sie wie jede andere Spende an Greenpeace von deinen <strong>Steuern abziehen<\/strong>. Wenn du mit der Wirkung nicht zufrieden bist, gibt\u2019s dein Geld zur\u00fcck!<\/li>\n<\/ul>\n\n<div class=\"wp-block-buttons is-content-justification-space-between is-layout-flex wp-container-core-buttons-is-layout-3d213aab wp-block-buttons-is-layout-flex\">\n<div class=\"wp-block-button is-style-cta\"><a class=\"wp-block-button__link wp-element-button\" href=\"https:\/\/www.greenpeace.ch\/de\/handeln\/spenden\/patenschaft\/#auswahl\">Jetzt Patin\/Pate werden<\/a><\/div>\n<\/div>\n\n<div class=\"wp-block-group alignfull block has-beige-100-background-color has-background is-layout-flow wp-block-group-is-layout-flow\" id=\"kontakt\" style=\"padding-top:80px;padding-bottom:80px\">\n<h3 class=\"wp-block-heading has-text-align-center is-style-no-underline\" id=\"kontakt\" style=\"margin-bottom:24px\"><strong>Wir sind pers\u00f6nlich f\u00fcr dich da<\/strong><\/h3>\n\n\n\n<p class=\"has-text-align-center is-style-accent-1 has-medium-font-size\">Wir sind da \u2013 und sch\u00e4tzen Dein Engagement enorm. Wir nehmen uns Zeit f\u00fcr deine Fragen und Anregungen auf Augenh\u00f6he und teilen transparent Fachinfos und Projektupdates. <br>Was Pat:innen besonders loben: Die Begegnungen an den Events, an denen wir uns austauschen, auch weil wir uns seit Jahren kennen. Melde dich und sei dabei!<\/p>\n\n\n\n<h3 class=\"wp-block-heading has-text-align-center\">Shibo Tsch\u00e4ppeler<\/h3>\n\n\n\n<figure class=\"wp-block-image aligncenter size-full is-resized\"><img loading=\"lazy\" decoding=\"async\" width=\"1706\" height=\"2560\" src=\"https:\/\/www.greenpeace.ch\/static\/planet4-switzerland-stateless\/2026\/04\/9012bca4-img_6396_mm_final-scaled.jpg\" title=\"Shibo_Tschaeppeler\" alt=\"Shibo Tschaeppeler\" class=\"wp-image-130861\" style=\"width:212px\" srcset=\"https:\/\/www.greenpeace.ch\/static\/planet4-switzerland-stateless\/2026\/04\/9012bca4-img_6396_mm_final-scaled.jpg 1706w, https:\/\/www.greenpeace.ch\/static\/planet4-switzerland-stateless\/2026\/04\/9012bca4-img_6396_mm_final-200x300.jpg 200w, https:\/\/www.greenpeace.ch\/static\/planet4-switzerland-stateless\/2026\/04\/9012bca4-img_6396_mm_final-683x1024.jpg 683w, https:\/\/www.greenpeace.ch\/static\/planet4-switzerland-stateless\/2026\/04\/9012bca4-img_6396_mm_final-768x1152.jpg 768w, https:\/\/www.greenpeace.ch\/static\/planet4-switzerland-stateless\/2026\/04\/9012bca4-img_6396_mm_final-1024x1536.jpg 1024w, https:\/\/www.greenpeace.ch\/static\/planet4-switzerland-stateless\/2026\/04\/9012bca4-img_6396_mm_final-1365x2048.jpg 1365w, https:\/\/www.greenpeace.ch\/static\/planet4-switzerland-stateless\/2026\/04\/9012bca4-img_6396_mm_final-911x1366.jpg 911w, https:\/\/www.greenpeace.ch\/static\/planet4-switzerland-stateless\/2026\/04\/9012bca4-img_6396_mm_final-227x340.jpg 227w\" sizes=\"auto, (max-width: 1706px) 100vw, 1706px\" \/><\/figure>\n\n\n\n<p class=\"has-text-align-center\">Zust\u00e4ndige f\u00fcr Greenpeace Patenschaften<\/p>\n\n\n\n<p class=\"has-text-align-center\"><a href=\"mailto:shibo.tschaeppeler@greenpeace.org\" target=\"_blank\" rel=\"noreferrer noopener\">shibo.tschaeppeler@greenpeace.org<\/a><\/p>\n<\/div>\n","protected":false},"excerpt":{"rendered":"<p>Mit einer Patenschaft bei Greenpeace unterst\u00fctzt du die Meere, die Urw\u00e4lder, die Landwirtschaft, das Klima oder die Greenpeace-Flotte.<\/p>\n","protected":false},"author":25,"featured_media":123659,"parent":548,"menu_order":0,"comment_status":"closed","ping_status":"closed","template":"","meta":{"_acf_changed":false,"_planet4_optimize_post_is_variant":false,"_planet4_optimize_experiment_name":"","_planet4_optimize_variant_name":"","ep_exclude_from_search":false,"p4_hide_page_title_checkbox":"on","p4_title":"","p4_subtitle":"","p4_description":"","background_image_id":"","background_image":"","p4_button_title":"","p4_button_link":"","p4_button_link_checkbox":"","p4_og_title":"Patenschaft abschliessen","p4_og_description":"Mit einer Patenschaft bei Greenpeace unterst\u00fctzt du die Meere, die Urw\u00e4lder, die Landwirtschaft, das Klima oder die Greenpeace-Flotte.","p4_og_image":"","p4_og_image_id":"","p4_seo_canonical_url":"","p4_campaign_name":"not set","p4_local_project":"not set","p4_basket_name":"not set","p4_department":"","footnotes":""},"categories":[],"tags":[29],"class_list":["post-584","page","type-page","status-publish","has-post-thumbnail","hentry","tag-unterstuetze-uns"],"acf":[],"_links":{"self":[{"href":"https:\/\/www.greenpeace.ch\/de\/wp-json\/wp\/v2\/pages\/584","targetHints":{"allow":["GET"]}}],"collection":[{"href":"https:\/\/www.greenpeace.ch\/de\/wp-json\/wp\/v2\/pages"}],"about":[{"href":"https:\/\/www.greenpeace.ch\/de\/wp-json\/wp\/v2\/types\/page"}],"author":[{"embeddable":true,"href":"https:\/\/www.greenpeace.ch\/de\/wp-json\/wp\/v2\/users\/25"}],"replies":[{"embeddable":true,"href":"https:\/\/www.greenpeace.ch\/de\/wp-json\/wp\/v2\/comments?post=584"}],"version-history":[{"count":20,"href":"https:\/\/www.greenpeace.ch\/de\/wp-json\/wp\/v2\/pages\/584\/revisions"}],"predecessor-version":[{"id":130867,"href":"https:\/\/www.greenpeace.ch\/de\/wp-json\/wp\/v2\/pages\/584\/revisions\/130867"}],"up":[{"embeddable":true,"href":"https:\/\/www.greenpeace.ch\/de\/wp-json\/wp\/v2\/pages\/548"}],"wp:featuredmedia":[{"embeddable":true,"href":"https:\/\/www.greenpeace.ch\/de\/wp-json\/wp\/v2\/media\/123659"}],"wp:attachment":[{"href":"https:\/\/www.greenpeace.ch\/de\/wp-json\/wp\/v2\/media?parent=584"}],"wp:term":[{"taxonomy":"category","embeddable":true,"href":"https:\/\/www.greenpeace.ch\/de\/wp-json\/wp\/v2\/categories?post=584"},{"taxonomy":"post_tag","embeddable":true,"href":"https:\/\/www.greenpeace.ch\/de\/wp-json\/wp\/v2\/tags?post=584"}],"curies":[{"name":"wp","href":"https:\/\/api.w.org\/{rel}","templated":true}]}}