{"id":606,"date":"2019-04-11T16:54:19","date_gmt":"2019-04-11T14:54:19","guid":{"rendered":"https:\/\/master.greenpeace.ch\/?page_id=606"},"modified":"2024-06-10T12:14:49","modified_gmt":"2024-06-10T10:14:49","slug":"menschen-und-visionen","status":"publish","type":"page","link":"https:\/\/www.greenpeace.ch\/de\/handeln\/spenden\/menschen-und-visionen\/","title":{"rendered":"Menschen und Visionen"},"content":{"rendered":"\n                    <div class=\"wp-block-group is-vertical is-layout-flex wp-container-core-group-is-layout-8cf370e7 wp-block-group-is-layout-flex\">\n                    \n\n                    \n                    <\/div>\n                    \n<p>Immer mehr Menschen ber\u00fccksichtigen Greenpeace in ihrem Testament. Sie alle vereint der gemeinsame Wunsch nach einer gr\u00fcnen und friedvollen Zukunft. Mit einem Verm\u00e4chtnis an Greenpeace werden ihre Ideale weitergetragen.<\/p>\n\n<h2 class=\"is-style-underline wp-block-heading\">Interview mit Gioia Theler<\/h2>\n\n<div class=\"wp-block-columns has-2-columns is-layout-flex wp-container-core-columns-is-layout-9d6595d7 wp-block-columns-is-layout-flex\">\n<div class=\"wp-block-column is-layout-flow wp-block-column-is-layout-flow\">\n<p><strong>Gioia Theler, 82, Mutter, Grossmutter, Natursch\u00fctzerin und grosse Tierliebhaberin, hat schon vor vielen Jahren entschieden, Greenpeace in ihrem Testament zu bedenken. Wir haben sie zu ihren Motiven und ihren Gedanken zum Leben befragt. <\/strong><\/p>\n\n\n\n<p><em>Was sind Ihre Gedanken, Sorgen und Hoffnungen f\u00fcr die Zukunft, f\u00fcr unseren Planeten?<\/em><\/p>\n\n\n\n<p>Ich habe mehr Sorgen und leider wenig Hoffnungen. Ich beobachte, dass wir Menschen nicht aus unseren Fehlern lernen, mit entsprechenden Konsequenzen f\u00fcr unseren Planeten, sei es die abnehmende Artenvielfalt, die Umweltverschmutzung oder die Klimaerw\u00e4rmung. Und deshalb mache ich mir Sorgen um die Zukunft, meine Kinder, meine Enkel. Hoffnung setze ich in die Selbstheilungskr\u00e4fte der Welt. Es sind in der Geschichte unseres Planeten viele ersch\u00fctternde Naturkatastrophen passiert und trotzdem hat sich die Erde wieder erholt und unbeschreibliche Biodiversit\u00e4t und Naturwunder hervorgebracht.<\/p>\n\n\n\n<p><em>Was ist Ihnen wirklich wichtig im Leben? Wo tanken Sie Kraft und Hoffnung?<\/em><\/p>\n\n\n\n<p>Ich sch\u00f6pfe meine Kraft, meine Freude und auch meine innere Ruhe aus dem Sein in der Natur, aus dem Sein mit Tieren, aus der Musik und nat\u00fcrlich auch aus dem Sein mit Menschen, mit denen ich mich aufgrund gleicher Werte, gemeinsamer Interessen und Leidenschaften verbunden f\u00fchle.<\/p>\n\n\n\n<p><em>Warum haben Sie entschieden, Greenpeace ins Testament aufzunehmen?<\/em><\/p>\n\n\n\n<p>Greenpeace gef\u00e4llt mir als Organisation. Es ist die einzige Organisation, bei welcher ich weiss, dass sie kompromisslos ist in ihren Aussagen, Zielen und in ihrer Art vorzugehen. Sie l\u00e4sst sich nicht von Interessensgruppen kaufen. Diese Unabh\u00e4ngigkeit ist sehr selten heutzutage. Das Militante, fr\u00fcher vielleicht noch mehr als heute, hat mir immer gefallen. Greenpeace exponiert sich und setzt sich der Kritik aus, das braucht Mut, den viele nicht haben. Die Organisation kann damit zwar nicht alle Menschen gewinnen, gilt f\u00fcr manche als zu links gef\u00e4rbt, aber das ist gerade das, was mir gef\u00e4llt: das Aufm\u00fcpfige, Unbequeme und das Hinstehen. Ich unterst\u00fctze auch andere Organisationen, aber Greenpeace ist einfach die Organisation meines Herzens.<\/p>\n\n\n\n<p><em>War der Entscheid schwierig, ein Testament zu schreiben oder Greenpeace zu bedenken? Was waren die H\u00fcrden?<\/em><\/p>\n\n\n\n<p>Eigentlich gab es keine H\u00fcrden, weder f\u00fcr das Schreiben des Testamentes noch daf\u00fcr, Greenpeace darin zu vermerken. Ich habe mich zu einem bestimmten Zeitpunkt mit meinem Testament befasst, weil ich der Meinung war, dass ich es meinen Kindern schuldig bin, \u00abOrdnung zu hinterlassen\u00bb beziehungsweise sicherzustellen, dass sie klare Vorgaben vorfinden, wenn ich einmal nicht mehr da bin. Und damit war die Sache erledigt. Nachdem ich, wie schon gesagt, Greenpeace sehr sch\u00e4tze und die Organisation eh j\u00e4hrlich unterst\u00fctze, habe ich nicht lange \u00fcberlegt. Meine Kinder sind, wenn sie eines Tages erben, gut dran. Und es ist eh mein pers\u00f6nlicher Entscheid, wen ich im Testament bedenke.<\/p>\n<\/div>\n\n\n\n<div class=\"wp-block-column is-layout-flow wp-block-column-is-layout-flow\">\n<figure class=\"wp-block-image  caption-style-blue-overlay caption-alignment-center\"><img loading=\"lazy\" decoding=\"async\" width=\"768\" height=\"1024\" src=\"https:\/\/www.greenpeace.ch\/static\/planet4-switzerland-stateless\/2019\/05\/60789da7-unnamed-1-768x1024.jpg\" alt=\"\" class=\"wp-image-3255\" srcset=\"https:\/\/www.greenpeace.ch\/static\/planet4-switzerland-stateless\/2019\/05\/60789da7-unnamed-1-768x1024.jpg 768w, https:\/\/www.greenpeace.ch\/static\/planet4-switzerland-stateless\/2019\/05\/60789da7-unnamed-1-225x300.jpg 225w, https:\/\/www.greenpeace.ch\/static\/planet4-switzerland-stateless\/2019\/05\/60789da7-unnamed-1-1025x1366.jpg 1025w, https:\/\/www.greenpeace.ch\/static\/planet4-switzerland-stateless\/2019\/05\/60789da7-unnamed-1-255x340.jpg 255w\" sizes=\"auto, (max-width: 768px) 100vw, 768px\" \/><\/figure>\n<\/div>\n<\/div>\n\n<hr class=\"wp-block-separator\"\/>\n\n<div class=\"wp-block-columns has-2-columns is-layout-flex wp-container-core-columns-is-layout-9d6595d7 wp-block-columns-is-layout-flex\">\n<div class=\"wp-block-column is-layout-flow wp-block-column-is-layout-flow\">\n<figure class=\"wp-block-image  caption-style-blue-overlay caption-alignment-center\"><img loading=\"lazy\" decoding=\"async\" width=\"1024\" height=\"1024\" src=\"https:\/\/www.greenpeace.ch\/static\/planet4-switzerland-stateless\/2019\/06\/af8ee403-stb20131018_022-uai-1069x1069-1024x1024.jpg\" alt=\"\" class=\"wp-image-30354\" srcset=\"https:\/\/www.greenpeace.ch\/static\/planet4-switzerland-stateless\/2019\/06\/af8ee403-stb20131018_022-uai-1069x1069-1024x1024.jpg 1024w, https:\/\/www.greenpeace.ch\/static\/planet4-switzerland-stateless\/2019\/06\/af8ee403-stb20131018_022-uai-1069x1069-150x150.jpg 150w, https:\/\/www.greenpeace.ch\/static\/planet4-switzerland-stateless\/2019\/06\/af8ee403-stb20131018_022-uai-1069x1069-300x300.jpg 300w, https:\/\/www.greenpeace.ch\/static\/planet4-switzerland-stateless\/2019\/06\/af8ee403-stb20131018_022-uai-1069x1069-768x768.jpg 768w, https:\/\/www.greenpeace.ch\/static\/planet4-switzerland-stateless\/2019\/06\/af8ee403-stb20131018_022-uai-1069x1069-340x340.jpg 340w, https:\/\/www.greenpeace.ch\/static\/planet4-switzerland-stateless\/2019\/06\/af8ee403-stb20131018_022-uai-1069x1069.jpg 1069w\" sizes=\"auto, (max-width: 1024px) 100vw, 1024px\" \/><\/figure>\n<\/div>\n\n\n\n<div class=\"wp-block-column is-layout-flow wp-block-column-is-layout-flow\">\n<blockquote class=\"wp-block-quote is-layout-flow wp-block-quote-is-layout-flow\"><p><em>\u00abIch hoffe, dass uns der Spirit von Greenpeace auch in Zukunft erhalten bleibt und dass er weiterhin viele Menschen inspiriert. Deshalb ber\u00fccksichtige ich Greenpeace in meinem Testament.\u00bb<\/em><\/p><cite> Eugen Liengme, K\u00fcnstler  <\/cite><\/blockquote>\n<\/div>\n<\/div>\n\n<div class=\"wp-block-columns has-2-columns is-layout-flex wp-container-core-columns-is-layout-9d6595d7 wp-block-columns-is-layout-flex\">\n<div class=\"wp-block-column is-layout-flow wp-block-column-is-layout-flow\">\n<blockquote class=\"wp-block-quote is-layout-flow wp-block-quote-is-layout-flow\"><p><em>\u00abDa wir nur diesen einen Planeten zum Leben haben, m\u00fcssen wir diese wunderbare Erde besch\u00fctzen und zwar jeder Einzelne von uns. Denn es geht um die Zukunft aller Lebewesen. Was mir an Greenpeace gef\u00e4llt, ist, wie sie sich mutig f\u00fcr den Schutz der Natur einsetzt. Darum bedenke ich Greenpeace im Testament.\u00bb<\/em><\/p><cite> Elisabeth Reiniger  <\/cite><\/blockquote>\n<\/div>\n\n\n\n<div class=\"wp-block-column is-layout-flow wp-block-column-is-layout-flow\">\n<figure class=\"wp-block-image  caption-style-blue-overlay caption-alignment-center\"><img loading=\"lazy\" decoding=\"async\" width=\"1024\" height=\"1024\" src=\"https:\/\/www.greenpeace.ch\/static\/planet4-switzerland-stateless\/2019\/06\/aa4bc706-reiniger_portrait-mit-hunden-uai-2200x2200-1024x1024.jpg\" alt=\"\" class=\"wp-image-30355\" srcset=\"https:\/\/www.greenpeace.ch\/static\/planet4-switzerland-stateless\/2019\/06\/aa4bc706-reiniger_portrait-mit-hunden-uai-2200x2200-1024x1024.jpg 1024w, https:\/\/www.greenpeace.ch\/static\/planet4-switzerland-stateless\/2019\/06\/aa4bc706-reiniger_portrait-mit-hunden-uai-2200x2200-150x150.jpg 150w, https:\/\/www.greenpeace.ch\/static\/planet4-switzerland-stateless\/2019\/06\/aa4bc706-reiniger_portrait-mit-hunden-uai-2200x2200-300x300.jpg 300w, https:\/\/www.greenpeace.ch\/static\/planet4-switzerland-stateless\/2019\/06\/aa4bc706-reiniger_portrait-mit-hunden-uai-2200x2200-768x768.jpg 768w, https:\/\/www.greenpeace.ch\/static\/planet4-switzerland-stateless\/2019\/06\/aa4bc706-reiniger_portrait-mit-hunden-uai-2200x2200-1366x1366.jpg 1366w, https:\/\/www.greenpeace.ch\/static\/planet4-switzerland-stateless\/2019\/06\/aa4bc706-reiniger_portrait-mit-hunden-uai-2200x2200-340x340.jpg 340w\" sizes=\"auto, (max-width: 1024px) 100vw, 1024px\" \/><\/figure>\n<\/div>\n<\/div>\n\n<hr class=\"wp-block-separator\"\/>\n\n<h2 class=\"wp-block-heading\">Geld und Herzblut<\/h2>\n\n<div class=\"wp-block-columns has-2-columns is-layout-flex wp-container-core-columns-is-layout-9d6595d7 wp-block-columns-is-layout-flex\">\n<div class=\"wp-block-column is-layout-flow wp-block-column-is-layout-flow\">\n<figure class=\"wp-block-image  caption-style-blue-overlay caption-alignment-center\"><img loading=\"lazy\" decoding=\"async\" width=\"588\" height=\"342\" src=\"https:\/\/www.greenpeace.ch\/static\/planet4-switzerland-stateless\/2019\/06\/476714cd-geld-und-herzblut.png\" alt=\"\" class=\"wp-image-30356\" srcset=\"https:\/\/www.greenpeace.ch\/static\/planet4-switzerland-stateless\/2019\/06\/476714cd-geld-und-herzblut.png 588w, https:\/\/www.greenpeace.ch\/static\/planet4-switzerland-stateless\/2019\/06\/476714cd-geld-und-herzblut-300x174.png 300w, https:\/\/www.greenpeace.ch\/static\/planet4-switzerland-stateless\/2019\/06\/476714cd-geld-und-herzblut-510x297.png 510w\" sizes=\"auto, (max-width: 588px) 100vw, 588px\" \/><\/figure>\n\n\n\n<p><\/p>\n<\/div>\n\n\n\n<div class=\"wp-block-column is-layout-flow wp-block-column-is-layout-flow\">\n<p>Das&nbsp;<a href=\"https:\/\/www.greenpeace.ch\/static\/planet4-switzerland-stateless\/2019\/06\/a9a0b1ea-info_geld_herzblut.pdf\">Buch<\/a>&nbsp;\u00abGeld &amp; Herzblut\u00bb portr\u00e4tiert in Text und Bild Personen, die ihr Verm\u00f6gen oder einen Teil davon aus den unterschiedlichsten Beweggr\u00fcnden einer gemeinn\u00fctzigen Organisation vermacht haben.<\/p>\n<\/div>\n<\/div>\n\n<h2 class=\"wp-block-heading\">Gedenkbaum<\/h2>\n\n<div class=\"wp-block-columns is-layout-flex wp-container-core-columns-is-layout-9d6595d7 wp-block-columns-is-layout-flex\">\n<div class=\"wp-block-column is-layout-flow wp-block-column-is-layout-flow\" style=\"flex-basis:66.66%\">\n<p>Der&nbsp;Gedenkbaum, der im Empfang des B\u00fcros von Greenpeace Schweiz seinen Platz hat, ist eine Hommage an die vielen Menschen, die Greenpeace in ihrem Testament ber\u00fccksichtigt und damit ein positives Zeichen f\u00fcr die Zukunft gesetzt haben. Ihre Grossz\u00fcgigkeit hat einen grossen Einfluss auf den Schutz von Natur und Umwelt und ist ein Geschenk an die kommenden Generationen.<\/p>\n\n\n\n<p><strong>Bei Fragen k\u00f6nnen Sie sich vertrauensvoll an uns wenden.<\/strong> Entweder per E-Mail oder per Telefon an Claudia Steiger:<\/p>\n\n\n\n<p><a href=\"mailto:claudia.steiger@greenpeace.org\">claudia.steiger@greenpeace.org<\/a>&nbsp;\/ 044 447 41 79<\/p>\n<\/div>\n\n\n\n<div class=\"wp-block-column is-layout-flow wp-block-column-is-layout-flow\" style=\"flex-basis:33.33%\">\n<figure class=\"wp-block-image size-large  caption-style-blue-overlay caption-alignment-center\"><img loading=\"lazy\" decoding=\"async\" width=\"320\" height=\"425\" src=\"https:\/\/www.greenpeace.ch\/static\/planet4-switzerland-stateless\/2020\/04\/d8f55d8e-geschenkbaum-320.jpg\" alt=\"\" class=\"wp-image-43338\" srcset=\"https:\/\/www.greenpeace.ch\/static\/planet4-switzerland-stateless\/2020\/04\/d8f55d8e-geschenkbaum-320.jpg 320w, https:\/\/www.greenpeace.ch\/static\/planet4-switzerland-stateless\/2020\/04\/d8f55d8e-geschenkbaum-320-226x300.jpg 226w, https:\/\/www.greenpeace.ch\/static\/planet4-switzerland-stateless\/2020\/04\/d8f55d8e-geschenkbaum-320-256x340.jpg 256w\" sizes=\"auto, (max-width: 320px) 100vw, 320px\" \/><\/figure>\n<\/div>\n<\/div>\n","protected":false},"excerpt":{"rendered":"<p>Immer mehr Menschen ber\u00fccksichtigen Greenpeace in ihrem Testament. Sie alle vereint der gemeinsame Wunsch nach einer gr\u00fcnen und friedvollen Zukunft. Mit einem Verm\u00e4chtnis an Greenpeace werden ihre Ideale weitergetragen. Interview mit Gioia Theler Gioia Theler, 82, Mutter, Grossmutter, Natursch\u00fctzerin und grosse Tierliebhaberin, hat schon vor vielen Jahren entschieden, Greenpeace in ihrem Testament zu bedenken. Wir [&hellip;]<\/p>\n","protected":false},"author":25,"featured_media":0,"parent":548,"menu_order":0,"comment_status":"closed","ping_status":"closed","template":"","meta":{"_acf_changed":false,"_planet4_optimize_post_is_variant":false,"_planet4_optimize_experiment_name":"","_planet4_optimize_variant_name":"","ep_exclude_from_search":false,"p4_hide_page_title_checkbox":"","p4_title":"","p4_subtitle":"","p4_description":"","background_image_id":"","background_image":"","p4_button_title":"","p4_button_link":"","p4_button_link_checkbox":"","p4_og_title":"","p4_og_description":"","p4_og_image":"","p4_og_image_id":"","p4_seo_canonical_url":"","p4_campaign_name":"not set","p4_local_project":"","p4_basket_name":"not set","p4_department":"","footnotes":""},"categories":[],"tags":[29],"class_list":["post-606","page","type-page","status-publish","hentry","tag-unterstuetze-uns"],"acf":[],"_links":{"self":[{"href":"https:\/\/www.greenpeace.ch\/de\/wp-json\/wp\/v2\/pages\/606","targetHints":{"allow":["GET"]}}],"collection":[{"href":"https:\/\/www.greenpeace.ch\/de\/wp-json\/wp\/v2\/pages"}],"about":[{"href":"https:\/\/www.greenpeace.ch\/de\/wp-json\/wp\/v2\/types\/page"}],"author":[{"embeddable":true,"href":"https:\/\/www.greenpeace.ch\/de\/wp-json\/wp\/v2\/users\/25"}],"replies":[{"embeddable":true,"href":"https:\/\/www.greenpeace.ch\/de\/wp-json\/wp\/v2\/comments?post=606"}],"version-history":[{"count":1,"href":"https:\/\/www.greenpeace.ch\/de\/wp-json\/wp\/v2\/pages\/606\/revisions"}],"predecessor-version":[{"id":108963,"href":"https:\/\/www.greenpeace.ch\/de\/wp-json\/wp\/v2\/pages\/606\/revisions\/108963"}],"up":[{"embeddable":true,"href":"https:\/\/www.greenpeace.ch\/de\/wp-json\/wp\/v2\/pages\/548"}],"wp:attachment":[{"href":"https:\/\/www.greenpeace.ch\/de\/wp-json\/wp\/v2\/media?parent=606"}],"wp:term":[{"taxonomy":"category","embeddable":true,"href":"https:\/\/www.greenpeace.ch\/de\/wp-json\/wp\/v2\/categories?post=606"},{"taxonomy":"post_tag","embeddable":true,"href":"https:\/\/www.greenpeace.ch\/de\/wp-json\/wp\/v2\/tags?post=606"}],"curies":[{"name":"wp","href":"https:\/\/api.w.org\/{rel}","templated":true}]}}