{"id":615,"date":"2019-04-11T16:59:01","date_gmt":"2019-04-11T14:59:01","guid":{"rendered":"https:\/\/master.greenpeace.ch\/?page_id=615"},"modified":"2025-05-05T12:07:55","modified_gmt":"2025-05-05T10:07:55","slug":"flotte","status":"publish","type":"page","link":"https:\/\/www.greenpeace.ch\/de\/ueber-uns\/flotte\/","title":{"rendered":"Flotte"},"content":{"rendered":"\n                \n                <div class=\"wp-block-group alignfull is-layout-flow wp-block-group-is-layout-flow\">\n                \n                <div class=\"wp-block-group container is-layout-flow wp-block-group-is-layout-flow\">\n                \n                <div class=\"wp-block-media-text alignfull has-media-on-the-right is-stacked-on-mobile is-pattern-p4-page-header is-style-parallax\">\n\n                <div class=\"wp-block-media-text__content\">\n                    <div class=\"wp-block-group is-layout-flow wp-block-group-is-layout-flow\">\n                    \n                        <h1 class=\"wp-block-heading has-white-background-color has-background\">\n                            Unsere Flotte\n                        <\/h1>\n                    <\/div>\n                \n\n                \n\n                \n\n                <\/div>\n                <figure class=\"wp-block-media-text__media\">\n                    <img loading=\"lazy\" decoding=\"async\" width=\"2200\" height=\"1181\"\n                        src=\"https:\/\/www.greenpeace.ch\/static\/planet4-switzerland-stateless\/2019\/05\/94284672-flotte.jpg\"\n                        alt=\"\"\n                        sizes=\"auto, (min-width: 601px) 50vw, 100vw\" srcset=\"https:\/\/www.greenpeace.ch\/static\/planet4-switzerland-stateless\/2019\/05\/94284672-flotte.jpg 2200w, https:\/\/www.greenpeace.ch\/static\/planet4-switzerland-stateless\/2019\/05\/94284672-flotte-300x161.jpg 300w, https:\/\/www.greenpeace.ch\/static\/planet4-switzerland-stateless\/2019\/05\/94284672-flotte-768x412.jpg 768w, https:\/\/www.greenpeace.ch\/static\/planet4-switzerland-stateless\/2019\/05\/94284672-flotte-1024x550.jpg 1024w, https:\/\/www.greenpeace.ch\/static\/planet4-switzerland-stateless\/2019\/05\/94284672-flotte-2048x1099.jpg 2048w, https:\/\/www.greenpeace.ch\/static\/planet4-switzerland-stateless\/2019\/05\/94284672-flotte-510x274.jpg 510w\" class=\"wp-image-1824 size-full\"\n                    \/>\n                <\/figure>\n                <\/div>\n                \n                <\/div>\n                \n                <\/div>\n                \n                \n<h2 class=\"is-style-underline wp-block-heading\">Die Greenpeace-Schiffe<\/h2>\n\n<div class=\"wp-block-columns has-2-columns is-layout-flex wp-container-core-columns-is-layout-9d6595d7 wp-block-columns-is-layout-flex\">\n<div class=\"wp-block-column is-layout-flow wp-block-column-is-layout-flow\">\n<p>Im September 1971 lief die Phyllis Cormack aus dem Hafen von Vancouver mit Kurs auf die Aleuten aus. In grossen Buchstaben war auf ihrem Segel das Wort GREENPEACE zu lesen. Mit zehn Knoten H\u00f6chstgeschwindigkeit k\u00e4mpfte sie sich durch den aufgew\u00fchlten Golf von Alaska. So markierte das erste Greenpeace-Schiff den Beginn einer neuen \u00c4ra.<\/p>\n<\/div>\n\n\n\n<div class=\"wp-block-column is-layout-flow wp-block-column-is-layout-flow\">\n<p>Zwei Schiffe sind heute das Herzst\u00fcck jeder Greenpeace-Kampagne: Unser Flaggschiff\u00a0Rainbow Warrior III und der Eisbrecher\u00a0Arctic Sunrise. Sie sammeln und dokumentieren weltweit Beweise f\u00fcr die Umweltzerst\u00f6rung und den Raubbau durch den Menschen. <\/p>\n<\/div>\n<\/div>\n\n<iframe loading=\"lazy\" src=\"https:\/\/maps.greenpeace.org\/maps\/gpships\/\" width=\"100%\" height=\"600\" frameborder=\"0\"><\/iframe>\n\n<hr class=\"wp-block-separator\"\/>\n\n<h2 class=\"is-style-default wp-block-heading\">Rainbow Warrior III<\/h2>\n\n<div class=\"wp-block-columns has-2-columns is-layout-flex wp-container-core-columns-is-layout-9d6595d7 wp-block-columns-is-layout-flex\">\n<div class=\"wp-block-column is-layout-flow wp-block-column-is-layout-flow\">\n<p>Die Rainbow Warrior III ist als bekanntestes Greenpeace-Schiff fast schon weltweites Symbol f\u00fcr Greenpeace. Die Nachfolgerin der legend\u00e4ren ersten Rainbow Warrior, die 1985 in Neuseeland vom franz\u00f6sischen Geheimdienst versenkt worden war, ist inzwischen auch im Ruhestand. 2011 baute Greenpeace \u2013 zum ersten Mal in ihrer Geschichte \u2013 ein v\u00f6llig neues Schiff. Die neue Rainbow Warrior III soll dabei als \u00abgr\u00fcnes\u00bb Schiff zukunftsweisende Massst\u00e4be setzen.<\/p>\n\n\n\n<p>Die Rainbow Warrior III ist besonders gut f\u00fcr die Herausforderungen eines Kampagneneinsatzes in den Grenzregionen dieser Welt gewappnet. Ob im weiten Pazifik, im Kongogebiet in Afrika oder auf dem Amazonas: Mit dem neuen Schiff kann Greenpeace in diesen Gegenden mit modernster Ausr\u00fcstung und Instrumenten in Aktion treten. Die Vorz\u00fcge der Rainbow Warrior III:<\/p>\n\n\n\n<ul class=\"wp-block-list\"><li>Sie kann \u00fcber grosse Strecken segeln.<\/li><li>Sie hat mehrere Schlauchboote an Bord, die bei rauher See sicher und schnell eingesetzt werden k\u00f6nnen.<\/li><li>Sie kann einen Hubschrauber transportieren und als Landeplatz fungieren.<\/li><\/ul>\n\n\n\n<p><strong>Heimathafen:<\/strong>&nbsp;Amsterdam, Niederlande<br><strong>Fr\u00fcherer Name:<\/strong> neu gebaut f\u00fcr Greenpeace (Vorg\u00e4nger: Rainbow Warrior I &amp; II)<br><strong>Stapellauf:<\/strong>&nbsp;2011<br><strong>Gebaut:<\/strong>&nbsp;2010 in Danzig, Polen<br><strong>Schlafpl\u00e4tze<\/strong>: 32<br><strong>Schiffstyp:<\/strong>&nbsp;Motorisierte Segeljacht mit Helikopterlandeplatz<br><strong>Ladekapazit\u00e4t:<\/strong>&nbsp;855 t<br><strong>L\u00e4nge:<\/strong>&nbsp;57,92 m<br><strong>Breite:<\/strong>&nbsp;11,3 m<br><strong>Tiefgang:<\/strong>&nbsp;5,15 m<br><strong>Maximale Geschwindigkeit:<\/strong>&nbsp;14 Knoten (unter Segel)<br><strong>Segelfl\u00e4che:<\/strong>&nbsp;1256 m\u00b2<\/p>\n<\/div>\n\n\n\n<div class=\"wp-block-column is-layout-flow wp-block-column-is-layout-flow\">\n<figure class=\"wp-block-image caption-style-blue-overlay caption-alignment-center\"><img loading=\"lazy\" decoding=\"async\" width=\"1024\" height=\"624\" src=\"https:\/\/www.greenpeace.ch\/static\/planet4-switzerland-stateless\/2019\/05\/5d34164a-rainbow_warrior_2-e1558615034475-1024x624.jpg\" title=\"Greenpeace-Schiff Rainbow Warrior II\" alt=\"Greenpeace-Schiff Rainbow Warrior II\" class=\"wp-image-1877\" srcset=\"https:\/\/www.greenpeace.ch\/static\/planet4-switzerland-stateless\/2019\/05\/5d34164a-rainbow_warrior_2-e1558615034475-1024x624.jpg 1024w, https:\/\/www.greenpeace.ch\/static\/planet4-switzerland-stateless\/2019\/05\/5d34164a-rainbow_warrior_2-e1558615034475-300x183.jpg 300w, https:\/\/www.greenpeace.ch\/static\/planet4-switzerland-stateless\/2019\/05\/5d34164a-rainbow_warrior_2-e1558615034475-768x468.jpg 768w, https:\/\/www.greenpeace.ch\/static\/planet4-switzerland-stateless\/2019\/05\/5d34164a-rainbow_warrior_2-e1558615034475-2048x1249.jpg 2048w, https:\/\/www.greenpeace.ch\/static\/planet4-switzerland-stateless\/2019\/05\/5d34164a-rainbow_warrior_2-e1558615034475-510x311.jpg 510w\" sizes=\"auto, (max-width: 1024px) 100vw, 1024px\" \/><figcaption>Die Rainbow Warrior II auf hoher See.<\/figcaption><\/figure>\n<\/div>\n<\/div>\n\n<hr class=\"wp-block-separator\"\/>\n\n<h2 class=\"is-style-default wp-block-heading\">Arctic Sunrise<\/h2>\n\n<div class=\"wp-block-columns has-2-columns is-layout-flex wp-container-core-columns-is-layout-9d6595d7 wp-block-columns-is-layout-flex\">\n<div class=\"wp-block-column is-layout-flow wp-block-column-is-layout-flow\">\n<p>Das sturmerprobte Schiff geh\u00f6rt seit 1996 zur Greenpeace-Flotte. Zuvor war die ehemalige Polarbj\u00f6rn (norwegisch \u00abEisb\u00e4r\u00bb) jahrelang als norwegisches Forschungs- und Versorgungsschiff in der Arktis und Antarktis unterwegs.<\/p>\n\n\n\n<p>Im Januar 1996 wird der ehemalige Frachter und Eisbrecher in nur vier Monaten f\u00fcr Greenpeace umger\u00fcstet. Der Funkraum wird general\u00fcberholt: Satellitentelefon und -fax sowie leistungsf\u00e4hige Funkger\u00e4te garantieren die Verbindung zur Aussenwelt.&nbsp;Damit die Schlauchboote schnell ausgesetzt werden k\u00f6nnen, bekommt die Arctic Sunrise neue, wendige Kr\u00e4ne. Die Aufenthaltsr\u00e4ume werden um einen neuen Vortragsraum erg\u00e4nzt und bieten damit Platz f\u00fcr bis zu 100 Menschen. Die Arctic Sunrise verf\u00fcgt \u00fcber einen riesigen Aktionsradius. Sie kann ohne aufzutanken einmal um den Erdball fahren.<\/p>\n\n\n\n<p><strong>Heimathafen:<\/strong>&nbsp;Amsterdam, Niederlande<br><strong>Fr\u00fcherer Name:<\/strong>&nbsp;Polarbj\u00f6rn<br><strong>Gechartert im Jahr:<\/strong>&nbsp;1995<br><strong>Schlafpl\u00e4tze:<\/strong>&nbsp;28<br><strong>Schlauchboote:<\/strong>&nbsp;2 Festrumpfschlauchboote und 2 Schlauchboote<br><strong>Schiffstyp:<\/strong>&nbsp;Hochsee-Motorjacht<br><strong>Funksignal:<\/strong>&nbsp;PCTK<br><strong>Gebaut:<\/strong>&nbsp;1975 durch A\/S Vaagen Verft<br><strong>Bruttoraumgehalt:<\/strong>&nbsp;949 t<br><strong>L\u00e4nge:<\/strong>&nbsp;49,62 m<br><strong>Breite:<\/strong>&nbsp;11,50 m<br><strong>Tiefgang:<\/strong>&nbsp;5,30 m<br><strong>Maximale Geschwindigkeit:<\/strong>&nbsp;13 Knoten<br><strong>Hauptmotor:<\/strong>&nbsp;MAK 9M452AK 2495 IHP 1619kW<br><strong>Hilfsmotore:<\/strong>&nbsp;2 x Deutz BF6M716 208hp (175 kva)<br><strong>Bugstrahlruder &amp; Heckstrahlruder:<\/strong> jedes 400 hp<\/p>\n<\/div>\n\n\n\n<div class=\"wp-block-column is-layout-flow wp-block-column-is-layout-flow\">\n<figure class=\"wp-block-image caption-style-blue-overlay caption-alignment-center\"><img loading=\"lazy\" decoding=\"async\" width=\"1024\" height=\"817\" src=\"https:\/\/www.greenpeace.ch\/static\/planet4-switzerland-stateless\/2019\/05\/6b619c29-arctic_sunrise-1024x817.jpg\" alt=\"Greenpeace-Schiff Arctic Sunrise\" class=\"wp-image-1913\" srcset=\"https:\/\/www.greenpeace.ch\/static\/planet4-switzerland-stateless\/2019\/05\/6b619c29-arctic_sunrise-1024x817.jpg 1024w, https:\/\/www.greenpeace.ch\/static\/planet4-switzerland-stateless\/2019\/05\/6b619c29-arctic_sunrise-300x239.jpg 300w, https:\/\/www.greenpeace.ch\/static\/planet4-switzerland-stateless\/2019\/05\/6b619c29-arctic_sunrise-768x613.jpg 768w, https:\/\/www.greenpeace.ch\/static\/planet4-switzerland-stateless\/2019\/05\/6b619c29-arctic_sunrise-1712x1366.jpg 1712w, https:\/\/www.greenpeace.ch\/static\/planet4-switzerland-stateless\/2019\/05\/6b619c29-arctic_sunrise-426x340.jpg 426w, https:\/\/www.greenpeace.ch\/static\/planet4-switzerland-stateless\/2019\/05\/6b619c29-arctic_sunrise.jpg 1760w\" sizes=\"auto, (max-width: 1024px) 100vw, 1024px\" \/><figcaption>Arctic Sunrise<\/figcaption><\/figure>\n<\/div>\n<\/div>\n\n<hr class=\"wp-block-separator\"\/>\n\n<h2 class=\"wp-block-heading\">Flottenpatenschaft<\/h2>\n\n<div class=\"wp-block-columns has-2-columns is-layout-flex wp-container-core-columns-is-layout-9d6595d7 wp-block-columns-is-layout-flex\">\n<div class=\"wp-block-column is-layout-flow wp-block-column-is-layout-flow\">\n<p>Die gesamte Greenpeace-Flotte spielt eine wichtige Rolle innerhalb der Organisation. Unser Flaggschiff, die Rainbow Warrior III, und der Eisbrecher Arctic Sunrise begleiten die Greenpeace-Kampagnen an vorderster Front und segeln oft in weit entfernte Gegenden der Welt. <\/p>\n\n\n\n<p>Als FlottenpatIn wirst du einmal im Jahr \u00fcber die Eins\u00e4tze und Erfolgsgeschichten der Greenpeace-Schiffe informiert. Alle zw\u00f6lf Monate findet auch ein Flottenevent statt, zu dem du als Pate\/Patin eingeladen wirst.<\/p>\n\n\n\n<div class=\"wp-block-button\"><a class=\"wp-block-button__link has-green-500-background-color has-background no-border-radius\" href=\"https:\/\/www.greenpeace.ch\/de\/act\/spenden\/patenschaft\/patenschaft-flotte\/\">Flottenpate\/-patin werden<\/a><\/div>\n<\/div>\n\n\n\n<div class=\"wp-block-column is-layout-flow wp-block-column-is-layout-flow\">\n<figure class=\"wp-block-image caption-style-blue-overlay caption-alignment-center\"><img loading=\"lazy\" decoding=\"async\" width=\"1024\" height=\"741\" src=\"https:\/\/www.greenpeace.ch\/static\/planet4-switzerland-stateless\/2019\/05\/fc20c1b6-gp0stslzp_pressmedia-1024x741.jpg\" alt=\"\" class=\"wp-image-1933\" srcset=\"https:\/\/www.greenpeace.ch\/static\/planet4-switzerland-stateless\/2019\/05\/fc20c1b6-gp0stslzp_pressmedia-1024x741.jpg 1024w, https:\/\/www.greenpeace.ch\/static\/planet4-switzerland-stateless\/2019\/05\/fc20c1b6-gp0stslzp_pressmedia-300x217.jpg 300w, https:\/\/www.greenpeace.ch\/static\/planet4-switzerland-stateless\/2019\/05\/fc20c1b6-gp0stslzp_pressmedia-768x556.jpg 768w, https:\/\/www.greenpeace.ch\/static\/planet4-switzerland-stateless\/2019\/05\/fc20c1b6-gp0stslzp_pressmedia-1887x1366.jpg 1887w, https:\/\/www.greenpeace.ch\/static\/planet4-switzerland-stateless\/2019\/05\/fc20c1b6-gp0stslzp_pressmedia-470x340.jpg 470w\" sizes=\"auto, (max-width: 1024px) 100vw, 1024px\" \/><\/figure>\n<\/div>\n<\/div>\n","protected":false},"excerpt":{"rendered":"<p>Die Greenpeace-Schiffe Im September 1971 lief die Phyllis Cormack aus dem Hafen von Vancouver mit Kurs auf die Aleuten aus. In grossen Buchstaben war auf ihrem Segel das Wort GREENPEACE zu lesen. Mit zehn Knoten H\u00f6chstgeschwindigkeit k\u00e4mpfte sie sich durch den aufgew\u00fchlten Golf von Alaska. So markierte das erste Greenpeace-Schiff den Beginn einer neuen \u00c4ra. [&hellip;]<\/p>\n","protected":false},"author":25,"featured_media":0,"parent":497,"menu_order":0,"comment_status":"closed","ping_status":"closed","template":"","meta":{"_acf_changed":false,"_planet4_optimize_post_is_variant":false,"_planet4_optimize_experiment_name":"","_planet4_optimize_variant_name":"","ep_exclude_from_search":false,"p4_hide_page_title_checkbox":"on","p4_title":"","p4_subtitle":"","p4_description":"","background_image_id":"","background_image":"","p4_button_title":"","p4_button_link":"","p4_button_link_checkbox":"","p4_og_title":"","p4_og_description":"","p4_og_image":"","p4_og_image_id":"","p4_seo_canonical_url":"","p4_campaign_name":"not set","p4_local_project":"not set","p4_basket_name":"not set","p4_department":"","footnotes":""},"categories":[],"tags":[],"class_list":["post-615","page","type-page","status-publish","hentry"],"acf":[],"_links":{"self":[{"href":"https:\/\/www.greenpeace.ch\/de\/wp-json\/wp\/v2\/pages\/615","targetHints":{"allow":["GET"]}}],"collection":[{"href":"https:\/\/www.greenpeace.ch\/de\/wp-json\/wp\/v2\/pages"}],"about":[{"href":"https:\/\/www.greenpeace.ch\/de\/wp-json\/wp\/v2\/types\/page"}],"author":[{"embeddable":true,"href":"https:\/\/www.greenpeace.ch\/de\/wp-json\/wp\/v2\/users\/25"}],"replies":[{"embeddable":true,"href":"https:\/\/www.greenpeace.ch\/de\/wp-json\/wp\/v2\/comments?post=615"}],"version-history":[{"count":2,"href":"https:\/\/www.greenpeace.ch\/de\/wp-json\/wp\/v2\/pages\/615\/revisions"}],"predecessor-version":[{"id":119902,"href":"https:\/\/www.greenpeace.ch\/de\/wp-json\/wp\/v2\/pages\/615\/revisions\/119902"}],"up":[{"embeddable":true,"href":"https:\/\/www.greenpeace.ch\/de\/wp-json\/wp\/v2\/pages\/497"}],"wp:attachment":[{"href":"https:\/\/www.greenpeace.ch\/de\/wp-json\/wp\/v2\/media?parent=615"}],"wp:term":[{"taxonomy":"category","embeddable":true,"href":"https:\/\/www.greenpeace.ch\/de\/wp-json\/wp\/v2\/categories?post=615"},{"taxonomy":"post_tag","embeddable":true,"href":"https:\/\/www.greenpeace.ch\/de\/wp-json\/wp\/v2\/tags?post=615"}],"curies":[{"name":"wp","href":"https:\/\/api.w.org\/{rel}","templated":true}]}}