{"id":621,"date":"2019-04-11T17:02:16","date_gmt":"2019-04-11T15:02:16","guid":{"rendered":"https:\/\/master.greenpeace.ch\/?page_id=621"},"modified":"2025-10-14T09:19:35","modified_gmt":"2025-10-14T07:19:35","slug":"greenpeace-erfolge","status":"publish","type":"page","link":"https:\/\/www.greenpeace.ch\/de\/ueber-uns\/greenpeace-erfolge\/","title":{"rendered":"Greenpeace Erfolge"},"content":{"rendered":"\n\n<div class=\"wp-block-group alignfull is-layout-flow wp-block-group-is-layout-flow\">\n<div class=\"wp-block-group container is-layout-flow wp-block-group-is-layout-flow\">\n<div class=\"wp-block-media-text alignfull has-media-on-the-right is-stacked-on-mobile is-pattern-p4-page-header is-style-parallax\"><div class=\"wp-block-media-text__content\">\n<div class=\"wp-block-group is-layout-flow wp-block-group-is-layout-flow\">\n<h1 class=\"wp-block-heading has-white-background-color has-background\">\n                            Erfolge\n                        <\/h1>\n<\/div>\n<\/div><figure class=\"wp-block-media-text__media\"><img loading=\"lazy\" decoding=\"async\" width=\"4422\" height=\"1779\" src=\"https:\/\/www.greenpeace.ch\/static\/planet4-switzerland-stateless\/2019\/05\/269330a8-gp03haa_high_res-e1559330659559.jpg\" alt=\"\" sizes=\"auto, (min-width: 601px) 50vw, 100vw\" srcset=\"https:\/\/www.greenpeace.ch\/static\/planet4-switzerland-stateless\/2019\/05\/269330a8-gp03haa_high_res-e1559330659559.jpg 4422w, https:\/\/www.greenpeace.ch\/static\/planet4-switzerland-stateless\/2019\/05\/269330a8-gp03haa_high_res-e1559330659559-300x121.jpg 300w, https:\/\/www.greenpeace.ch\/static\/planet4-switzerland-stateless\/2019\/05\/269330a8-gp03haa_high_res-e1559330659559-768x309.jpg 768w, https:\/\/www.greenpeace.ch\/static\/planet4-switzerland-stateless\/2019\/05\/269330a8-gp03haa_high_res-e1559330659559-1024x412.jpg 1024w, https:\/\/www.greenpeace.ch\/static\/planet4-switzerland-stateless\/2019\/05\/269330a8-gp03haa_high_res-e1559330659559-2048x824.jpg 2048w, https:\/\/www.greenpeace.ch\/static\/planet4-switzerland-stateless\/2019\/05\/269330a8-gp03haa_high_res-e1559330659559-510x205.jpg 510w\" class=\"wp-image-28884 size-full\"\/><\/figure><\/div>\n<\/div>\n<\/div>\n\n\n<div class=\"wp-block-query posts-list p4-query-loop is-custom-layout-list is-layout-flow wp-block-query-is-layout-flow\">\n<div class=\"wp-block-group is-content-justification-space-between is-layout-flex wp-container-core-group-is-layout-3d213aab wp-block-group-is-layout-flex\">\n<h2 class=\"wp-block-heading\">Aktuelle Erfolge<\/h2>\n\n\n<li class=\" wp-block-navigation-item see-all-link wp-block-navigation-link\"><a class=\"wp-block-navigation-item__content\"  href=\"http:\/\/www.greenpeace.ch\/de\/posts\/?tag=erfolge&#038;post-type=story\"><span class=\"wp-block-navigation-item__label\">See all posts<\/span><\/a><\/li><\/div>\n\n\n\n<p style=\"margin-top:24px;margin-bottom:36px\"><\/p>\n\n\n\n\n<ul class=\"wp-block-post-template is-layout-flow wp-block-post-template-is-layout-flow\"><li class=\"wp-block-post post-128511 post type-post status-publish format-standard has-post-thumbnail hentry category-unkategorisiert tag-meer tag-erfolge p4-page-type-story\">\n\n<div class=\"wp-block-columns is-layout-flex wp-container-core-columns-is-layout-9d6595d7 wp-block-columns-is-layout-flex\"><figure class=\"wp-block-post-featured-image\"><a href=\"https:\/\/www.greenpeace.ch\/de\/story\/128511\/der-globale-ozeanvertrag-tritt-in-kraft\/\" target=\"_self\"  ><img loading=\"lazy\" decoding=\"async\" width=\"1200\" height=\"800\" src=\"https:\/\/www.greenpeace.ch\/static\/planet4-switzerland-stateless\/2026\/01\/2f5ad957-gp0su80zp_medium-res-1200px.jpg\" class=\"attachment-post-thumbnail size-post-thumbnail wp-post-image wp-stateless-item\" alt=\"Der globale Ozeanvertrag tritt in Kraft\" style=\"object-fit:cover;\" srcset=\"https:\/\/www.greenpeace.ch\/static\/planet4-switzerland-stateless\/2026\/01\/2f5ad957-gp0su80zp_medium-res-1200px.jpg 1200w, https:\/\/www.greenpeace.ch\/static\/planet4-switzerland-stateless\/2026\/01\/2f5ad957-gp0su80zp_medium-res-1200px-300x200.jpg 300w, https:\/\/www.greenpeace.ch\/static\/planet4-switzerland-stateless\/2026\/01\/2f5ad957-gp0su80zp_medium-res-1200px-1024x683.jpg 1024w, https:\/\/www.greenpeace.ch\/static\/planet4-switzerland-stateless\/2026\/01\/2f5ad957-gp0su80zp_medium-res-1200px-768x512.jpg 768w, https:\/\/www.greenpeace.ch\/static\/planet4-switzerland-stateless\/2026\/01\/2f5ad957-gp0su80zp_medium-res-1200px-510x340.jpg 510w\" sizes=\"auto, (max-width: 1200px) 100vw, 1200px\" data-image-size=\"post-thumbnail\" data-stateless-media-bucket=\"planet4-switzerland-stateless\" data-stateless-media-name=\"2026\/01\/2f5ad957-gp0su80zp_medium-res-1200px.jpg\" \/><\/a><\/figure>\n\n\n<div class=\"wp-block-group is-layout-flow wp-block-group-is-layout-flow\">\n<div class=\"wp-block-group is-layout-flex wp-block-group-is-layout-flex\"><div class=\"wp-block-post-terms\"><a href=\"https:\/\/www.greenpeace.ch\/de\/story\/\">Story<\/a><\/div>\n\n<div class=\"taxonomy-post_tag wp-block-post-terms\"><a href=\"https:\/\/www.greenpeace.ch\/de\/tag\/meer\/\" rel=\"tag\">Meer<\/a><span class=\"wp-block-post-terms__separator\"> <\/span><a href=\"https:\/\/www.greenpeace.ch\/de\/tag\/erfolge\/\" rel=\"tag\">Erfolge<\/a><\/div><\/div>\n\n\n<h3 class=\"wp-block-post-title\"><a href=\"https:\/\/www.greenpeace.ch\/de\/story\/128511\/der-globale-ozeanvertrag-tritt-in-kraft\/\" target=\"_self\" >Der globale Ozeanvertrag tritt in Kraft<\/a><\/h3>\n\n<div class=\"wp-block-post-excerpt\"><p class=\"wp-block-post-excerpt__excerpt\">Heute tritt der globale Ozeanvertrag in Kraft \u2013 ein Meilenstein f\u00fcr den Schutz und die Nutzung der Hochsee. Der Vertrag ist das bedeutendste Umweltabkommen seit dem Pariser Klimaabkommen. <\/p><\/div>\n\n\n<div class=\"wp-block-group posts-list-meta is-layout-flow wp-block-group-is-layout-flow\"><span class='article-list-item-author'>Greenpeace Schweiz<\/span>\n\n<div class=\"wp-block-post-date\"><time datetime=\"2026-01-17T06:00:00+01:00\">17. Januar 2026<\/time><\/div><\/div>\n<\/div>\n<\/div>\n\n<\/li><li class=\"wp-block-post post-125639 post type-post status-publish format-standard has-post-thumbnail hentry category-meer tag-meer tag-erfolge p4-page-type-story\">\n\n<div class=\"wp-block-columns is-layout-flex wp-container-core-columns-is-layout-9d6595d7 wp-block-columns-is-layout-flex\"><figure class=\"wp-block-post-featured-image\"><a href=\"https:\/\/www.greenpeace.ch\/de\/story\/125639\/der-un-ozeanvertrag-ist-ratifiziert\/\" target=\"_self\"  ><img loading=\"lazy\" decoding=\"async\" width=\"1200\" height=\"805\" src=\"https:\/\/www.greenpeace.ch\/static\/planet4-switzerland-stateless\/2025\/09\/fd9b66ed-gp0su5xsp_medium-res-1200px.jpg\" class=\"attachment-post-thumbnail size-post-thumbnail wp-post-image wp-stateless-item\" alt=\"Der UN-Ozeanvertrag ist ratifiziert\" style=\"object-fit:cover;\" srcset=\"https:\/\/www.greenpeace.ch\/static\/planet4-switzerland-stateless\/2025\/09\/fd9b66ed-gp0su5xsp_medium-res-1200px.jpg 1200w, https:\/\/www.greenpeace.ch\/static\/planet4-switzerland-stateless\/2025\/09\/fd9b66ed-gp0su5xsp_medium-res-1200px-300x201.jpg 300w, https:\/\/www.greenpeace.ch\/static\/planet4-switzerland-stateless\/2025\/09\/fd9b66ed-gp0su5xsp_medium-res-1200px-1024x687.jpg 1024w, https:\/\/www.greenpeace.ch\/static\/planet4-switzerland-stateless\/2025\/09\/fd9b66ed-gp0su5xsp_medium-res-1200px-768x515.jpg 768w, https:\/\/www.greenpeace.ch\/static\/planet4-switzerland-stateless\/2025\/09\/fd9b66ed-gp0su5xsp_medium-res-1200px-507x340.jpg 507w\" sizes=\"auto, (max-width: 1200px) 100vw, 1200px\" data-image-size=\"post-thumbnail\" data-stateless-media-bucket=\"planet4-switzerland-stateless\" data-stateless-media-name=\"2025\/09\/fd9b66ed-gp0su5xsp_medium-res-1200px.jpg\" \/><\/a><\/figure>\n\n\n<div class=\"wp-block-group is-layout-flow wp-block-group-is-layout-flow\">\n<div class=\"wp-block-group is-layout-flex wp-block-group-is-layout-flex\"><div class=\"wp-block-post-terms\"><a href=\"https:\/\/www.greenpeace.ch\/de\/story\/\">Story<\/a><\/div>\n\n<div class=\"taxonomy-post_tag wp-block-post-terms\"><a href=\"https:\/\/www.greenpeace.ch\/de\/tag\/meer\/\" rel=\"tag\">Meer<\/a><span class=\"wp-block-post-terms__separator\"> <\/span><a href=\"https:\/\/www.greenpeace.ch\/de\/tag\/erfolge\/\" rel=\"tag\">Erfolge<\/a><\/div><\/div>\n\n\n<h3 class=\"wp-block-post-title\"><a href=\"https:\/\/www.greenpeace.ch\/de\/story\/125639\/der-un-ozeanvertrag-ist-ratifiziert\/\" target=\"_self\" >Der UN-Ozeanvertrag ist ratifiziert<\/a><\/h3>\n\n<div class=\"wp-block-post-excerpt\"><p class=\"wp-block-post-excerpt__excerpt\">Das UN-Hochseeschutzabkommen hat mit den Ratifikationen von Sri Lanka, St. Vincent und die Grenadinen, Sierra Leone und Marokko die n\u00f6tige Anzahl von 60 Ratifikationen erreicht. Das bedeutet, der Vertrag zum Schutz der Ozeane tritt in 120 Tagen in Kraft. <\/p><\/div>\n\n\n<div class=\"wp-block-group posts-list-meta is-layout-flow wp-block-group-is-layout-flow\"><span class='article-list-item-author'>Greenpeace Schweiz<\/span>\n\n<div class=\"wp-block-post-date\"><time datetime=\"2025-09-20T16:13:41+02:00\">20. September 2025<\/time><\/div><\/div>\n<\/div>\n<\/div>\n\n<\/li><li class=\"wp-block-post post-121018 post type-post status-publish format-standard has-post-thumbnail hentry category-unkategorisiert tag-erfolge p4-page-type-story\">\n\n<div class=\"wp-block-columns is-layout-flex wp-container-core-columns-is-layout-9d6595d7 wp-block-columns-is-layout-flex\"><figure class=\"wp-block-post-featured-image\"><a href=\"https:\/\/www.greenpeace.ch\/de\/story\/121018\/pestizid-bundesgericht-entscheidet-fuer-die-artenvielfalt-und-gegen-syngenta\/\" target=\"_self\"  ><img loading=\"lazy\" decoding=\"async\" width=\"1200\" height=\"800\" src=\"https:\/\/www.greenpeace.ch\/static\/planet4-switzerland-stateless\/2025\/06\/713fc653-gp0stqrs9_medium-res-1200px.jpg\" class=\"attachment-post-thumbnail size-post-thumbnail wp-post-image wp-stateless-item\" alt=\"Pestizid: Bundesgericht entscheidet f\u00fcr die Artenvielfalt und gegen Syngenta\" style=\"object-fit:cover;\" srcset=\"https:\/\/www.greenpeace.ch\/static\/planet4-switzerland-stateless\/2025\/06\/713fc653-gp0stqrs9_medium-res-1200px.jpg 1200w, https:\/\/www.greenpeace.ch\/static\/planet4-switzerland-stateless\/2025\/06\/713fc653-gp0stqrs9_medium-res-1200px-300x200.jpg 300w, https:\/\/www.greenpeace.ch\/static\/planet4-switzerland-stateless\/2025\/06\/713fc653-gp0stqrs9_medium-res-1200px-1024x683.jpg 1024w, https:\/\/www.greenpeace.ch\/static\/planet4-switzerland-stateless\/2025\/06\/713fc653-gp0stqrs9_medium-res-1200px-768x512.jpg 768w, https:\/\/www.greenpeace.ch\/static\/planet4-switzerland-stateless\/2025\/06\/713fc653-gp0stqrs9_medium-res-1200px-510x340.jpg 510w\" sizes=\"auto, (max-width: 1200px) 100vw, 1200px\" data-image-size=\"post-thumbnail\" data-stateless-media-bucket=\"planet4-switzerland-stateless\" data-stateless-media-name=\"2025\/06\/713fc653-gp0stqrs9_medium-res-1200px.jpg\" \/><\/a><\/figure>\n\n\n<div class=\"wp-block-group is-layout-flow wp-block-group-is-layout-flow\">\n<div class=\"wp-block-group is-layout-flex wp-block-group-is-layout-flex\"><div class=\"wp-block-post-terms\"><a href=\"https:\/\/www.greenpeace.ch\/de\/story\/\">Story<\/a><\/div>\n\n<div class=\"taxonomy-post_tag wp-block-post-terms\"><a href=\"https:\/\/www.greenpeace.ch\/de\/tag\/erfolge\/\" rel=\"tag\">Erfolge<\/a><\/div><\/div>\n\n\n<h3 class=\"wp-block-post-title\"><a href=\"https:\/\/www.greenpeace.ch\/de\/story\/121018\/pestizid-bundesgericht-entscheidet-fuer-die-artenvielfalt-und-gegen-syngenta\/\" target=\"_self\" >Pestizid: Bundesgericht entscheidet f\u00fcr die Artenvielfalt und gegen Syngenta<\/a><\/h3>\n\n<div class=\"wp-block-post-excerpt\"><p class=\"wp-block-post-excerpt__excerpt\">Syngenta wollte den Einsatz des f\u00fcr N\u00fctzlinge wie Bienen oder Regenw\u00fcrmer giftigen Pestizid mit dem Wirkstoff Tefluthrin auf neue Pflanzen ausdehnen. Wir wehrten uns dagegen bis vor Bundesgericht &#8211; mit Erfolg. <\/p><\/div>\n\n\n<div class=\"wp-block-group posts-list-meta is-layout-flow wp-block-group-is-layout-flow\"><span class='article-list-item-author'>Greenpeace Schweiz<\/span>\n\n<div class=\"wp-block-post-date\"><time datetime=\"2025-06-18T13:00:00+02:00\">18. Juni 2025<\/time><\/div><\/div>\n<\/div>\n<\/div>\n\n<\/li><\/ul>\n\n\n<div class=\"wp-block-buttons carousel-controls is-horizontal is-content-justification-space-between is-nowrap is-layout-flex wp-container-core-buttons-is-layout-044bd602 wp-block-buttons-is-layout-flex\">\n<div class=\"wp-block-button carousel-control-prev\"><button type=\"button\" class=\"wp-block-button__link wp-element-button\">Prev<\/button><\/div>\n\n\n\n<div class=\"wp-block-button carousel-control-next\"><button type=\"button\" class=\"wp-block-button__link wp-element-button\">Next<\/button><\/div>\n<\/div>\n\n\n<li class=\" wp-block-navigation-item see-all-link wp-block-navigation-link\"><a class=\"wp-block-navigation-item__content\"  href=\"http:\/\/www.greenpeace.ch\/de\/posts\/?tag=erfolge&#038;post-type=story\"><span class=\"wp-block-navigation-item__label\">Alle Erfolge anzeigen<\/span><\/a><\/li><\/div>\n\n<h2 class=\"wp-block-heading is-style-underline\">Die gr\u00f6ssten Erfolge aus der Greenpeace-Geschichte<\/h2>\n\n<div class=\"wp-block-columns has-2-columns is-layout-flex wp-container-core-columns-is-layout-9d6595d7 wp-block-columns-is-layout-flex\">\n<div class=\"wp-block-column is-layout-flow wp-block-column-is-layout-flow\">\n<h3 class=\"wp-block-heading\"><strong>2024: Klimaschutz ist ein Menschenrecht<\/strong><\/h3>\n\n\n\n<p>Der Verein KlimaSeniorinnen Schweiz, der von Greenpeace unterst\u00fctzt wird, erringt in Strassburg nach 9 Jahren Kampf f\u00fcr Klimagerechtigkeit einen historischen Sieg: Der Europ\u00e4ische Gerichtshof f\u00fcr Menschenrechte (EGMR) urteilt, dass die Schweiz die Menschenrechte der \u00e4lteren Frauen verletzt, weil das Land nicht das N\u00f6tige gegen die fortschreitende Klimaerw\u00e4rmung tut. Das Urteil ist ein Pr\u00e4zedenzfall f\u00fcr alle 46 Staaten des Europarates und hat weltweit Signalwirkung.<\/p>\n<\/div>\n\n\n\n<div class=\"wp-block-column is-layout-flow wp-block-column-is-layout-flow\">\n<h3 class=\"wp-block-heading\"><strong>1991: Das Antarktisschutzabkommen<\/strong><\/h3>\n\n\n\n<p>Was heute der Arktis droht, die Zerst\u00f6rung unber\u00fchrter Natur zwecks Rohstoffausbeutung, das droht 1982 der Antarktis. Die Staaten beginnen, den Kuchen unter sich aufzuteilen. Mit einer jahrelangen Kampagne und eigenen Expeditionen gelingt es Greenpeace, das Blatt zu wenden. 1991 entsteht das&nbsp;<a aria-label=\" (\u00f6ffnet in neuem Tab)\" href=\"http:\/\/www.greenpeace.de\/node\/11649\" target=\"_blank\" rel=\"noreferrer noopener\">Umweltschutzabkommen zum Antarktisvertrag<\/a>, das den kommerziellen Rohstoffabbau f\u00fcr mindestens 50 Jahre unterbindet. 1997 wird das Abkommen von Japan als letztem Staat ratifiziert.<\/p>\n<\/div>\n<\/div>\n\n<div class=\"wp-block-columns has-2-columns is-layout-flex wp-container-core-columns-is-layout-9d6595d7 wp-block-columns-is-layout-flex\">\n<div class=\"wp-block-column is-layout-flow wp-block-column-is-layout-flow\">\n<h3 class=\"wp-block-heading\"><strong>1982: Das Walfangmoratorium<\/strong><\/h3>\n\n\n\n<p>Grosswale sind durch die Waljagd vom Aussterben bedroht. 1970 gibt es weltweit keine 6000 Blauwale mehr. Bei anderen Walarten sieht es \u00e4hnlich aus. Ab 1973 stellt sich Greenpeace den J\u00e4gern entgegen und dokumentiert deren Treiben. Zum ersten Mal gelangen Bilder von der Jagd an die \u00d6ffentlichkeit. Nach heftigen Protesten beschliesst die Internationale Walfangkommission (IWC) 1982 das Verbot des kommerziellen Walfangs \u2013 ein riesiger Erfolg. Doch der Protest geht bis heute weiter, nun gegen japanische Walf\u00e4nger, die das Verbot unterlaufen.<\/p>\n<\/div>\n\n\n\n<div class=\"wp-block-column is-layout-flow wp-block-column-is-layout-flow\">\n<h3 class=\"wp-block-heading\"><strong>1974: Frankreich beendet die atmosph\u00e4rischen Atomtests<\/strong><\/h3>\n\n\n\n<p>In den 1960er-Jahren beginnt Frankreich mit Atomtests im S\u00fcdpazifik. Die Auswirkungen auf Menschen und Umwelt werden v\u00f6llig ignoriert. Ab 1972 sollen die Versuche sogar noch ausgeweitet werden. David McTaggart erf\u00e4hrt davon und h\u00f6rt zum ersten Mal von Greenpeace. Spontan benennt er sein Boot, die Vega, um in Greenpeace III und legt ab, um zu protestieren. Zwei Jahre lang legt er sich mit dem franz\u00f6sischen Staat an. 1974 gibt Frankreich das Ende der atmosph\u00e4rischen Tests bekannt.<\/p>\n<\/div>\n<\/div>\n<div data-hydrate=\"planet4-blocks\/gallery\" data-attributes=\"{&quot;attributes&quot;:{&quot;gallery_block_style&quot;:0,&quot;gallery_block_title&quot;:&quot;&quot;,&quot;gallery_block_description&quot;:&quot;&quot;,&quot;multiple_image&quot;:&quot;&quot;,&quot;gallery_block_focus_points&quot;:&quot;&quot;,&quot;image_data&quot;:[],&quot;images&quot;:[]}}\"><section class=\"block carousel-wrap \"><\/section><\/div>\n<h2 class=\"wp-block-heading\">Weitere Erfolge<\/h2>\n\n<div class=\"wp-block-columns has-2-columns is-layout-flex wp-container-core-columns-is-layout-9d6595d7 wp-block-columns-is-layout-flex\">\n<div class=\"wp-block-column is-layout-flow wp-block-column-is-layout-flow\">\n<p><\/p>\n\n\n\n<ul class=\"wp-block-list\">\n<li><strong>2023<\/strong> zahlen sich 20 Jahre Kampagnenarbeit von Greenpeace aus als die Vereinten Nationen ein Abkommen zum Schutz der Meere beschliessen. Sobald der Vertrag von mindestens 60 UN-Staaten ratifiziert ist, wird es m\u00f6glich, bis 2030 in 30% der Ozeane Meeresschutzgebiete einzurichten.<\/li>\n\n\n\n<li><strong>2020<\/strong> werden im Kongobecken Abholzungspl\u00e4ne storniert.&nbsp;Eine hartn\u00e4ckige Kampagne von Greenpeace veranlasst den Kautschuk-Konzern \u00abHalcyon Agri\u00bb, seine Waldrodungen in einem Gebiet im Kongobecken in Kamerun auszusetzen. Seit 2019 bewirtschaften zwei Gemeinden in der Demokratischen Republik Kongo ihre W\u00e4lder ohne Zerst\u00f6rung und verbessern ihre Lebensbedingungen.<\/li>\n\n\n\n<li><strong>2018&nbsp;<\/strong>verbieten die Schweiz und die EU&nbsp;drei f\u00fcr Bienen besonders giftige Pestizide aus der Gruppe der Neonicotinoide.&nbsp;Dieser Entscheid ist einer \u00fcber sechs Jahre intensiv gef\u00fchrten Kampagne zu verdanken, die von einer Handvoll Greenpeace-Freiwilligen in der Schweiz in die Wege geleitet worden war.<\/li>\n\n\n\n<li><strong>2017&nbsp;<\/strong>gibt es auch f\u00fcr die Arktis erfreuliche Nachrichten: Nach einer langen und intensiven Greenpeace-Kampagne ist der Fischfang in einem Gebiet rund um den Nordpol, das 65-mal so gross ist wie die Schweiz, verboten. Sechzehn Jahre lang darf auf der festgelegten Fl\u00e4che nicht gefischt werden, danach soll die Vereinbarung alle f\u00fcnf Jahre erneuert werden.<\/li>\n\n\n\n<li><strong>2016&nbsp;<\/strong>ist es endlich soweit: Nachdem Greenpeace seit Jahren als Teil der Antarctic Ocean Alliance den Schutz der Antarktis fordert, wird im Oktober in Australien das weltweit gr\u00f6sste Meeresschutzgebiet beschlossen. Zuk\u00fcnftig sind in dem \u00f6kologisch bedeutsamen Gebiet 1,55 Millionen Quadratkilometer gesch\u00fctzt, was der Fl\u00e4che von Deutschland, Frankreich und Grossbritannien zusammen entspricht.<\/li>\n\n\n\n<li><strong>2015<\/strong>&nbsp;lanciert Greenpeace die Detox-Outdoor-Kampagne, um die gef\u00e4hrlichen PFC-Chemikalien aus der Outdoor-Bekleidung zu verbannen.<br>Nach zwei Jahren Kampagnenarbeit teilt die Firma Gore Fabrics, Produzentin von GORE-TEX\u00ae, mit, k\u00fcnftig auf gef\u00e4hrliche PFC zu verzichten. Sie ist einer der Hauptlieferanten von Membranen und Beschichtungen f\u00fcr Outdoor-Marken wie Mammut, The North Face etc.<\/li>\n<\/ul>\n<\/div>\n\n\n\n<div class=\"wp-block-column is-layout-flow wp-block-column-is-layout-flow\">\n<p><\/p>\n\n\n\n<ul class=\"wp-block-list\">\n<li><strong>2010<\/strong>&nbsp;reagiert der Konzern Nestl\u00e9 auf die kurze, weltweite Greenpeace-Kitkat-Kampagne. Nestl\u00e9 verk\u00fcndet, ab sofort kein Palm\u00f6l mehr von Lieferanten zu beziehen, die den indonesischen Urwald zerst\u00f6ren.<\/li>\n\n\n\n<li><strong>2006<\/strong>&nbsp;wird der kanadische Great Bear Rainforest, Heimat des Grizzlyb\u00e4ren, nach neun Jahren Kampagne zu einem Drittel unter Schutz gestellt. Die anderen zwei Drittel d\u00fcrfen nachhaltig genutzt werden. Der Great Bear Rainforest ist einer von ganz wenigen verbliebenen Regenw\u00e4ldern in den gem\u00e4ssigten Zonen.<\/li>\n\n\n\n<li><strong>2004<\/strong>&nbsp;startet Greenpeace mit der Arbeit gegen gef\u00e4hrliche Chemikalien in elektronischen Ger\u00e4ten. Auch wenn noch nicht alles im gr\u00fcnen Bereich ist \u2013 der \u00abGreener Guide to Electronics\u00bb hat inzwischen einiges bewegt. Die Arbeit geht weiter.<\/li>\n\n\n\n<li><strong>1997<\/strong>&nbsp;revolutioniert Greenpeace mit dem Greenfreeze den K\u00fchlschrankmarkt. Der Greenfreeze&nbsp;funktioniert ohne Einsatz von klimasch\u00e4dlichen FKW\/FCKW. Heute werden j\u00e4hrlich 35 Millionen St\u00fcck davon produziert und weltweit verkauft.<\/li>\n\n\n\n<li><strong>1995<\/strong>&nbsp;verzichtet der Konzern Shell nach einer spektakul\u00e4ren Greenpeace-Kampagne darauf, die ausgediente \u00d6lplattform Brent Spar im Atlantik zu entsorgen.<\/li>\n\n\n\n<li><strong>1993<\/strong>&nbsp;verbietet die London Dumping Convention, radioaktive und andere Industrieabf\u00e4lle im Meer zu verklappen. Dem Verbot geht eine 15 Jahre w\u00e4hrende Greenpeace-Kampagne voraus.<\/li>\n<\/ul>\n\n\n\n<figure class=\"wp-block-image  caption-style-blue-overlay caption-alignment-center\"><img loading=\"lazy\" decoding=\"async\" width=\"1024\" height=\"696\" src=\"https:\/\/www.greenpeace.ch\/static\/planet4-switzerland-stateless\/2019\/05\/d73c875a-gp01rip_high_res-1024x696.jpg\" alt=\"\" class=\"wp-image-28892\" srcset=\"https:\/\/www.greenpeace.ch\/static\/planet4-switzerland-stateless\/2019\/05\/d73c875a-gp01rip_high_res-1024x696.jpg 1024w, https:\/\/www.greenpeace.ch\/static\/planet4-switzerland-stateless\/2019\/05\/d73c875a-gp01rip_high_res-300x204.jpg 300w, https:\/\/www.greenpeace.ch\/static\/planet4-switzerland-stateless\/2019\/05\/d73c875a-gp01rip_high_res-768x522.jpg 768w, https:\/\/www.greenpeace.ch\/static\/planet4-switzerland-stateless\/2019\/05\/d73c875a-gp01rip_high_res-2009x1366.jpg 2009w, https:\/\/www.greenpeace.ch\/static\/planet4-switzerland-stateless\/2019\/05\/d73c875a-gp01rip_high_res-500x340.jpg 500w\" sizes=\"auto, (max-width: 1024px) 100vw, 1024px\" \/><\/figure>\n<\/div>\n<\/div>\n\n<h2 class=\"wp-block-heading\">Greenpeace heute<\/h2>\n\n<div class=\"wp-block-columns has-2-columns is-layout-flex wp-container-core-columns-is-layout-9d6595d7 wp-block-columns-is-layout-flex\">\n<div class=\"wp-block-column is-layout-flow wp-block-column-is-layout-flow\">\n<p>Aus dem kleinen, friedensbewegten Haufen ist eine moderne, internationale Organisation mit B\u00fcros in \u00fcber 55 L\u00e4ndern geworden. Doch die Grundprinzipien sind gleich: Gewaltfreiheit und absolute Unabh\u00e4ngigkeit von Wirtschaft und Politik. Und auch ihr Markenzeichen: direkte, oft spektakul\u00e4re Aktionen.<\/p>\n\n\n\n<p>Grosse Umweltprobleme sind untrennbar miteinander verkn\u00fcpft: Energieerzeugung, Landwirtschaft und Verkehr bereiten nicht nur an sich enorme Schwierigkeiten. Sie stehen in engem Zusammenhang mit dem gr\u00f6ssten Problem \u2013 der globalen Klimaerhitzung. Als internationale Organisation kann Greenpeace dagegen global mobil machen.<\/p>\n<\/div>\n\n\n\n<div class=\"wp-block-column is-layout-flow wp-block-column-is-layout-flow\">\n<figure class=\"wp-block-image  caption-style-blue-overlay caption-alignment-center\"><img loading=\"lazy\" decoding=\"async\" width=\"1024\" height=\"575\" src=\"https:\/\/www.greenpeace.ch\/static\/planet4-switzerland-stateless\/2019\/05\/838a83e3-gp0striq0_pressmedia-1024x575.jpg\" alt=\"\" class=\"wp-image-28877\" srcset=\"https:\/\/www.greenpeace.ch\/static\/planet4-switzerland-stateless\/2019\/05\/838a83e3-gp0striq0_pressmedia-1024x575.jpg 1024w, https:\/\/www.greenpeace.ch\/static\/planet4-switzerland-stateless\/2019\/05\/838a83e3-gp0striq0_pressmedia-300x169.jpg 300w, https:\/\/www.greenpeace.ch\/static\/planet4-switzerland-stateless\/2019\/05\/838a83e3-gp0striq0_pressmedia-768x432.jpg 768w, https:\/\/www.greenpeace.ch\/static\/planet4-switzerland-stateless\/2019\/05\/838a83e3-gp0striq0_pressmedia-2048x1151.jpg 2048w, https:\/\/www.greenpeace.ch\/static\/planet4-switzerland-stateless\/2019\/05\/838a83e3-gp0striq0_pressmedia-510x287.jpg 510w\" sizes=\"auto, (max-width: 1024px) 100vw, 1024px\" \/><\/figure>\n<\/div>\n<\/div>\n\n<p><br><\/p>\n","protected":false},"excerpt":{"rendered":"<p>Die gr\u00f6ssten Erfolge aus der Greenpeace-Geschichte 2024: Klimaschutz ist ein Menschenrecht Der Verein KlimaSeniorinnen Schweiz, der von Greenpeace unterst\u00fctzt wird, erringt in Strassburg nach 9 Jahren Kampf f\u00fcr Klimagerechtigkeit einen historischen Sieg: Der Europ\u00e4ische Gerichtshof f\u00fcr Menschenrechte (EGMR) urteilt, dass die Schweiz die Menschenrechte der \u00e4lteren Frauen verletzt, weil das Land nicht das N\u00f6tige gegen [&hellip;]<\/p>\n","protected":false},"author":25,"featured_media":28884,"parent":497,"menu_order":0,"comment_status":"closed","ping_status":"closed","template":"","meta":{"_acf_changed":false,"_planet4_optimize_post_is_variant":false,"_planet4_optimize_experiment_name":"","_planet4_optimize_variant_name":"","ep_exclude_from_search":false,"p4_hide_page_title_checkbox":"on","p4_title":"","p4_subtitle":"","p4_description":"","background_image_id":"","background_image":"","p4_button_title":"","p4_button_link":"","p4_button_link_checkbox":"","p4_og_title":"","p4_og_description":"","p4_og_image":"","p4_og_image_id":"","p4_seo_canonical_url":"","p4_campaign_name":"not set","p4_local_project":"not set","p4_basket_name":"not set","p4_department":"","footnotes":""},"categories":[],"tags":[],"class_list":["post-621","page","type-page","status-publish","has-post-thumbnail","hentry"],"acf":[],"_links":{"self":[{"href":"https:\/\/www.greenpeace.ch\/de\/wp-json\/wp\/v2\/pages\/621","targetHints":{"allow":["GET"]}}],"collection":[{"href":"https:\/\/www.greenpeace.ch\/de\/wp-json\/wp\/v2\/pages"}],"about":[{"href":"https:\/\/www.greenpeace.ch\/de\/wp-json\/wp\/v2\/types\/page"}],"author":[{"embeddable":true,"href":"https:\/\/www.greenpeace.ch\/de\/wp-json\/wp\/v2\/users\/25"}],"replies":[{"embeddable":true,"href":"https:\/\/www.greenpeace.ch\/de\/wp-json\/wp\/v2\/comments?post=621"}],"version-history":[{"count":17,"href":"https:\/\/www.greenpeace.ch\/de\/wp-json\/wp\/v2\/pages\/621\/revisions"}],"predecessor-version":[{"id":126844,"href":"https:\/\/www.greenpeace.ch\/de\/wp-json\/wp\/v2\/pages\/621\/revisions\/126844"}],"up":[{"embeddable":true,"href":"https:\/\/www.greenpeace.ch\/de\/wp-json\/wp\/v2\/pages\/497"}],"wp:featuredmedia":[{"embeddable":true,"href":"https:\/\/www.greenpeace.ch\/de\/wp-json\/wp\/v2\/media\/28884"}],"wp:attachment":[{"href":"https:\/\/www.greenpeace.ch\/de\/wp-json\/wp\/v2\/media?parent=621"}],"wp:term":[{"taxonomy":"category","embeddable":true,"href":"https:\/\/www.greenpeace.ch\/de\/wp-json\/wp\/v2\/categories?post=621"},{"taxonomy":"post_tag","embeddable":true,"href":"https:\/\/www.greenpeace.ch\/de\/wp-json\/wp\/v2\/tags?post=621"}],"curies":[{"name":"wp","href":"https:\/\/api.w.org\/{rel}","templated":true}]}}