{"id":63888,"date":"2019-07-01T06:00:00","date_gmt":"2019-07-01T04:00:00","guid":{"rendered":"https:\/\/www.greenpeace.ch\/?page_id=63888"},"modified":"2025-06-25T14:35:46","modified_gmt":"2025-06-25T12:35:46","slug":"ja-ich-will","status":"publish","type":"page","link":"https:\/\/www.greenpeace.ch\/de\/handeln\/ja-ich-will\/","title":{"rendered":"Mehr Take-Away, weniger Abfall"},"content":{"rendered":"\n                \n                <div class=\"wp-block-group alignfull is-layout-flow wp-block-group-is-layout-flow\">\n                \n                <div class=\"wp-block-group container is-layout-flow wp-block-group-is-layout-flow\">\n                \n                <div class=\"wp-block-media-text alignfull has-media-on-the-right is-stacked-on-mobile is-pattern-p4-page-header is-style-parallax\">\n\n                <div class=\"wp-block-media-text__content\">\n                    <div class=\"wp-block-group is-layout-flow wp-block-group-is-layout-flow\">\n                    \n                        <h1 class=\"wp-block-heading has-white-background-color has-background\">\n                            Mehr Take-Away, weniger Abfall\n                        <\/h1>\n                    <\/div>\n                \n\n                \n\n                \n\n                <\/div>\n                <figure class=\"wp-block-media-text__media\">\n                    <img loading=\"lazy\" decoding=\"async\" width=\"2560\" height=\"1094\"\n                        src=\"https:\/\/www.greenpeace.ch\/static\/planet4-switzerland-stateless\/2021\/03\/0a781004-gps_tupperware_highres_o2a8549-scaled-e1614855595627.jpg\"\n                        alt=\"\"\n                        sizes=\"auto, (min-width: 601px) 50vw, 100vw\" srcset=\"https:\/\/www.greenpeace.ch\/static\/planet4-switzerland-stateless\/2021\/03\/0a781004-gps_tupperware_highres_o2a8549-scaled-e1614855595627.jpg 2560w, https:\/\/www.greenpeace.ch\/static\/planet4-switzerland-stateless\/2021\/03\/0a781004-gps_tupperware_highres_o2a8549-scaled-e1614855595627-300x128.jpg 300w, https:\/\/www.greenpeace.ch\/static\/planet4-switzerland-stateless\/2021\/03\/0a781004-gps_tupperware_highres_o2a8549-scaled-e1614855595627-1024x438.jpg 1024w, https:\/\/www.greenpeace.ch\/static\/planet4-switzerland-stateless\/2021\/03\/0a781004-gps_tupperware_highres_o2a8549-scaled-e1614855595627-768x328.jpg 768w, https:\/\/www.greenpeace.ch\/static\/planet4-switzerland-stateless\/2021\/03\/0a781004-gps_tupperware_highres_o2a8549-scaled-e1614855595627-1536x656.jpg 1536w, https:\/\/www.greenpeace.ch\/static\/planet4-switzerland-stateless\/2021\/03\/0a781004-gps_tupperware_highres_o2a8549-scaled-e1614855595627-2048x875.jpg 2048w, https:\/\/www.greenpeace.ch\/static\/planet4-switzerland-stateless\/2021\/03\/0a781004-gps_tupperware_highres_o2a8549-scaled-e1614855595627-510x218.jpg 510w\" class=\"wp-image-64719 size-full\"\n                    \/>\n                <\/figure>\n                <\/div>\n                \n                <\/div>\n                \n                <\/div>\n                \n                \n                    <div class=\"wp-block-group is-vertical is-layout-flex wp-container-core-group-is-layout-8cf370e7 wp-block-group-is-layout-flex\">\n                    \n\n                    \n                    <\/div>\n                    \n<p>Diese Kampagne ist beendet, die Plastikflut leider noch nicht. Unterzeichne jetzt unsere Petition zur Reduktion von Einwegverpackungen. <\/p>\n\n<p>Gemeinsam fordern wir multinationale Konzerne auf, Einwegverpackungen zu reduzieren und auf&nbsp;<strong>alternative Mehrweg-Liefersysteme zu setzen.<\/strong><\/p>\n\n<div class=\"wp-block-buttons is-layout-flex wp-block-buttons-is-layout-flex\">\n<div class=\"wp-block-button is-style-secondary\"><a class=\"wp-block-button__link\" href=\"https:\/\/www.greenpeace.ch\/de\/handeln\/schluss-mit-der-plastikflut\/\">Petition unterzeichnen<\/a><\/div>\n<\/div>\n\n<div class=\"wp-block-columns has-2-columns is-style-default is-layout-flex wp-container-core-columns-is-layout-9d6595d7 wp-block-columns-is-layout-flex\">\n<div class=\"wp-block-column is-layout-flow wp-block-column-is-layout-flow\">\n<figure class=\"wp-block-embed is-type-video is-provider-youtube wp-block-embed-youtube wp-embed-aspect-16-9 wp-has-aspect-ratio\"><div class=\"wp-block-embed__wrapper\">\n<lite-youtube style=\"background-image: url('https:\/\/i.ytimg.com\/vi\/kKblOdks6e4\/hqdefault.jpg');\" videoid=\"kKblOdks6e4\" params=\"rel=0&#038;enablejsapi=1&#038;origin=https%3A%2F%2F&#038;cc_load_policy=1\"><\/lite-youtube>\n<\/div><\/figure>\n\n\n\n<p><\/p>\n<\/div>\n\n\n\n<div class=\"wp-block-column is-layout-flow wp-block-column-is-layout-flow\">\n<p>Die Massnahmen zur Bek\u00e4mpfung der Corona-Pandemie trafen die Gastronomie sehr hart. Nur wenn die Betriebe \u00fcberleben, werden wir auch in Zukunft das feine Essen und die nette Gastfreundschaft geniessen, mit Freund*innen und Familie im Restaurant feiern und mit den Vereinskolleg*innen in der Dorfbeiz anstossen k\u00f6nnen.<\/p>\n\n\n\n<p>Mit Innovationsgeist haben viele Gastronom*innen flexibel reagiert und bieten ihre Men\u00fcs zum Abholen oder via Lieferdienste an. Doch leider stapelt sich dadurch immer mehr Einweggeschirr im Abfallk\u00fcbel. Darum bevorzuge ich Take-Away-Essen in mehrfach verwendbarem Geschirr oder Beh\u00e4ltern. So unterst\u00fctze ich nicht nur die Gastronomie, sondern sch\u00fctze auch die Umwelt.<\/p>\n\n\n\n<p><\/p>\n<\/div>\n<\/div>\n","protected":false},"excerpt":{"rendered":"<p>Diese Kampagne ist beendet, die Plastikflut leider noch nicht. Unterzeichne jetzt unsere Petition zur Reduktion von Einwegverpackungen. Gemeinsam fordern wir multinationale Konzerne auf, Einwegverpackungen zu reduzieren und auf&nbsp;alternative Mehrweg-Liefersysteme zu setzen. Die Massnahmen zur Bek\u00e4mpfung der Corona-Pandemie trafen die Gastronomie sehr hart. Nur wenn die Betriebe \u00fcberleben, werden wir auch in Zukunft das feine Essen [&hellip;]<\/p>\n","protected":false},"author":89,"featured_media":64719,"parent":491,"menu_order":0,"comment_status":"closed","ping_status":"closed","template":"","meta":{"_acf_changed":false,"_planet4_optimize_post_is_variant":false,"_planet4_optimize_experiment_name":"","_planet4_optimize_variant_name":"","ep_exclude_from_search":false,"p4_hide_page_title_checkbox":"on","p4_title":"","p4_subtitle":"","p4_description":"","background_image_id":"","background_image":"","p4_button_title":"","p4_button_link":"","p4_button_link_checkbox":"","p4_og_title":"","p4_og_description":"","p4_og_image":"","p4_og_image_id":"","p4_seo_canonical_url":"","p4_campaign_name":"not set","p4_local_project":"not set","p4_basket_name":"not set","p4_department":"","footnotes":""},"categories":[],"tags":[],"class_list":["post-63888","page","type-page","status-publish","has-post-thumbnail","hentry"],"acf":[],"_links":{"self":[{"href":"https:\/\/www.greenpeace.ch\/de\/wp-json\/wp\/v2\/pages\/63888","targetHints":{"allow":["GET"]}}],"collection":[{"href":"https:\/\/www.greenpeace.ch\/de\/wp-json\/wp\/v2\/pages"}],"about":[{"href":"https:\/\/www.greenpeace.ch\/de\/wp-json\/wp\/v2\/types\/page"}],"author":[{"embeddable":true,"href":"https:\/\/www.greenpeace.ch\/de\/wp-json\/wp\/v2\/users\/89"}],"replies":[{"embeddable":true,"href":"https:\/\/www.greenpeace.ch\/de\/wp-json\/wp\/v2\/comments?post=63888"}],"version-history":[{"count":3,"href":"https:\/\/www.greenpeace.ch\/de\/wp-json\/wp\/v2\/pages\/63888\/revisions"}],"predecessor-version":[{"id":121440,"href":"https:\/\/www.greenpeace.ch\/de\/wp-json\/wp\/v2\/pages\/63888\/revisions\/121440"}],"up":[{"embeddable":true,"href":"https:\/\/www.greenpeace.ch\/de\/wp-json\/wp\/v2\/pages\/491"}],"wp:featuredmedia":[{"embeddable":true,"href":"https:\/\/www.greenpeace.ch\/de\/wp-json\/wp\/v2\/media\/64719"}],"wp:attachment":[{"href":"https:\/\/www.greenpeace.ch\/de\/wp-json\/wp\/v2\/media?parent=63888"}],"wp:term":[{"taxonomy":"category","embeddable":true,"href":"https:\/\/www.greenpeace.ch\/de\/wp-json\/wp\/v2\/categories?post=63888"},{"taxonomy":"post_tag","embeddable":true,"href":"https:\/\/www.greenpeace.ch\/de\/wp-json\/wp\/v2\/tags?post=63888"}],"curies":[{"name":"wp","href":"https:\/\/api.w.org\/{rel}","templated":true}]}}