{"id":64931,"date":"2021-04-12T18:13:48","date_gmt":"2021-04-12T16:13:48","guid":{"rendered":"https:\/\/www.greenpeace.ch\/?page_id=64931"},"modified":"2025-05-05T12:06:21","modified_gmt":"2025-05-05T10:06:21","slug":"kostenlose-blumensamen-bestellen","status":"publish","type":"page","link":"https:\/\/www.greenpeace.ch\/de\/kostenlose-blumensamen-bestellen\/","title":{"rendered":"Kostenlose Blumensamen f\u00fcr deine eigene Blumen- und Kr\u00e4utermischung"},"content":{"rendered":"\n                \n                <div class=\"wp-block-group alignfull is-layout-flow wp-block-group-is-layout-flow\">\n                \n                <div class=\"wp-block-group container is-layout-flow wp-block-group-is-layout-flow\">\n                \n                <div class=\"wp-block-media-text alignfull has-media-on-the-right is-stacked-on-mobile is-pattern-p4-page-header is-style-parallax\">\n\n                <div class=\"wp-block-media-text__content\">\n                    <div class=\"wp-block-group is-layout-flow wp-block-group-is-layout-flow\">\n                    \n                        <h1 class=\"wp-block-heading has-white-background-color has-background\">\n                            Kostenlose Blumensamen f\u00fcr deine eigene Blumen- und Kr\u00e4utermischung\n                        <\/h1>\n                    <\/div>\n                \n\n                \n\n                \n\n                <\/div>\n                <figure class=\"wp-block-media-text__media\">\n                    <img loading=\"lazy\" decoding=\"async\" width=\"2400\" height=\"1142\"\n                        src=\"https:\/\/www.greenpeace.ch\/static\/planet4-switzerland-stateless\/2022\/03\/314149e8-header-website.png\"\n                        alt=\"\"\n                        sizes=\"auto, (min-width: 601px) 50vw, 100vw\" srcset=\"https:\/\/www.greenpeace.ch\/static\/planet4-switzerland-stateless\/2022\/03\/314149e8-header-website.png 2400w, https:\/\/www.greenpeace.ch\/static\/planet4-switzerland-stateless\/2022\/03\/314149e8-header-website-300x143.png 300w, https:\/\/www.greenpeace.ch\/static\/planet4-switzerland-stateless\/2022\/03\/314149e8-header-website-1024x487.png 1024w, https:\/\/www.greenpeace.ch\/static\/planet4-switzerland-stateless\/2022\/03\/314149e8-header-website-768x365.png 768w, https:\/\/www.greenpeace.ch\/static\/planet4-switzerland-stateless\/2022\/03\/314149e8-header-website-1536x731.png 1536w, https:\/\/www.greenpeace.ch\/static\/planet4-switzerland-stateless\/2022\/03\/314149e8-header-website-2048x975.png 2048w, https:\/\/www.greenpeace.ch\/static\/planet4-switzerland-stateless\/2022\/03\/314149e8-header-website-510x243.png 510w\" class=\"wp-image-83031 size-full\"\n                    \/>\n                <\/figure>\n                <\/div>\n                \n                <\/div>\n                \n                <\/div>\n                \n                \n<p>Diese Aktion wurde bereits beendet.<\/p>\n\n<div class=\"wp-block-columns is-layout-flex wp-container-core-columns-is-layout-9d6595d7 wp-block-columns-is-layout-flex\">\n<div class=\"wp-block-column is-layout-flow wp-block-column-is-layout-flow\"><\/div>\n\n\n\n<div class=\"wp-block-column is-layout-flow wp-block-column-is-layout-flow\">\n<p><\/p>\n\n\n\n<p><strong>Lass deinen Garten oder Balkon erbl\u00fchen und bereite Mensch und Bienen eine Freude. Bestelle jetzt kostenlos unsere Blumensamen.<\/strong><\/p>\n\n\n\n<p>Diese reichhaltige, bl\u00fchende Mischung bietet Bienen und vielen N\u00fctzlingen Schutz und Nahrung. Der Boden wird zudem gr\u00fcndlich durchwurzelt und gelockert.<\/p>\n\n\n\n<p>Enth\u00e4lt unter anderem Buchweizen, Phacelia, Lein, Sonnenblume, Ringelblume, Lupine, Klee, Sommerwicke, Serradella, Dill, Koriander und Malve.<\/p>\n\n\n\n<p><\/p>\n\n\n\n<p><\/p>\n\n\n\n<figure class=\"wp-block-image size-full caption-alignment-left\"><img loading=\"lazy\" decoding=\"async\" width=\"800\" height=\"552\" src=\"https:\/\/www.greenpeace.ch\/static\/planet4-switzerland-stateless\/2022\/03\/49b89dc3-gp1suiv5_web_size.jpg\" alt=\"\" class=\"wp-image-82206\" srcset=\"https:\/\/www.greenpeace.ch\/static\/planet4-switzerland-stateless\/2022\/03\/49b89dc3-gp1suiv5_web_size.jpg 800w, https:\/\/www.greenpeace.ch\/static\/planet4-switzerland-stateless\/2022\/03\/49b89dc3-gp1suiv5_web_size-300x207.jpg 300w, https:\/\/www.greenpeace.ch\/static\/planet4-switzerland-stateless\/2022\/03\/49b89dc3-gp1suiv5_web_size-768x530.jpg 768w, https:\/\/www.greenpeace.ch\/static\/planet4-switzerland-stateless\/2022\/03\/49b89dc3-gp1suiv5_web_size-493x340.jpg 493w\" sizes=\"auto, (max-width: 800px) 100vw, 800px\" \/><\/figure>\n<\/div>\n<\/div>\n\n<h2 class=\"wp-block-heading\"><\/h2>\n\n<p><\/p>\n","protected":false},"excerpt":{"rendered":"<p>Diese Aktion wurde bereits beendet. Lass deinen Garten oder Balkon erbl\u00fchen und bereite Mensch und Bienen eine Freude. Bestelle jetzt kostenlos unsere Blumensamen. Diese reichhaltige, bl\u00fchende Mischung bietet Bienen und vielen N\u00fctzlingen Schutz und Nahrung. Der Boden wird zudem gr\u00fcndlich durchwurzelt und gelockert. Enth\u00e4lt unter anderem Buchweizen, Phacelia, Lein, Sonnenblume, Ringelblume, Lupine, Klee, Sommerwicke, Serradella, [&hellip;]<\/p>\n","protected":false},"author":99,"featured_media":42957,"parent":0,"menu_order":0,"comment_status":"closed","ping_status":"closed","template":"","meta":{"_acf_changed":false,"_planet4_optimize_post_is_variant":false,"_planet4_optimize_experiment_name":"","_planet4_optimize_variant_name":"","ep_exclude_from_search":false,"p4_hide_page_title_checkbox":"on","p4_title":"","p4_subtitle":"","p4_description":"","background_image_id":"","background_image":"","p4_button_title":"","p4_button_link":"","p4_button_link_checkbox":"","p4_og_title":"","p4_og_description":"","p4_og_image":"","p4_og_image_id":"","p4_seo_canonical_url":"","p4_campaign_name":"not set","p4_local_project":"not set","p4_basket_name":"not set","p4_department":"","footnotes":""},"categories":[47,163,164,5,3],"tags":[31],"class_list":["post-64931","page","type-page","status-publish","has-post-thumbnail","hentry","category-greenpeace","category-nature","category-people","category-unsere-themen","category-weitere-themen","tag-mach-mit"],"acf":[],"_links":{"self":[{"href":"https:\/\/www.greenpeace.ch\/de\/wp-json\/wp\/v2\/pages\/64931","targetHints":{"allow":["GET"]}}],"collection":[{"href":"https:\/\/www.greenpeace.ch\/de\/wp-json\/wp\/v2\/pages"}],"about":[{"href":"https:\/\/www.greenpeace.ch\/de\/wp-json\/wp\/v2\/types\/page"}],"author":[{"embeddable":true,"href":"https:\/\/www.greenpeace.ch\/de\/wp-json\/wp\/v2\/users\/99"}],"replies":[{"embeddable":true,"href":"https:\/\/www.greenpeace.ch\/de\/wp-json\/wp\/v2\/comments?post=64931"}],"version-history":[{"count":2,"href":"https:\/\/www.greenpeace.ch\/de\/wp-json\/wp\/v2\/pages\/64931\/revisions"}],"predecessor-version":[{"id":119850,"href":"https:\/\/www.greenpeace.ch\/de\/wp-json\/wp\/v2\/pages\/64931\/revisions\/119850"}],"wp:featuredmedia":[{"embeddable":true,"href":"https:\/\/www.greenpeace.ch\/de\/wp-json\/wp\/v2\/media\/42957"}],"wp:attachment":[{"href":"https:\/\/www.greenpeace.ch\/de\/wp-json\/wp\/v2\/media?parent=64931"}],"wp:term":[{"taxonomy":"category","embeddable":true,"href":"https:\/\/www.greenpeace.ch\/de\/wp-json\/wp\/v2\/categories?post=64931"},{"taxonomy":"post_tag","embeddable":true,"href":"https:\/\/www.greenpeace.ch\/de\/wp-json\/wp\/v2\/tags?post=64931"}],"curies":[{"name":"wp","href":"https:\/\/api.w.org\/{rel}","templated":true}]}}