{"id":67385,"date":"2021-05-10T15:32:09","date_gmt":"2021-05-10T13:32:09","guid":{"rendered":"https:\/\/www.greenpeace.ch\/?page_id=67385"},"modified":"2025-02-26T14:20:09","modified_gmt":"2025-02-26T13:20:09","slug":"zentralschweiz","status":"publish","type":"page","link":"https:\/\/www.greenpeace.ch\/de\/handeln\/freiwillige\/zentralschweiz\/","title":{"rendered":"Regionalgruppe Zentralschweiz"},"content":{"rendered":"\n\n<div class=\"wp-block-group alignfull is-layout-flow wp-block-group-is-layout-flow\">\n<div class=\"wp-block-group container is-layout-flow wp-block-group-is-layout-flow\">\n<div class=\"wp-block-media-text alignfull has-media-on-the-right is-stacked-on-mobile is-pattern-p4-page-header is-style-parallax\"><div class=\"wp-block-media-text__content\">\n<div class=\"wp-block-group is-layout-flow wp-block-group-is-layout-flow\">\n<h1 class=\"wp-block-heading has-white-background-color has-background\">\n                            Regionalgruppe Zentralschweiz\n                        <\/h1>\n<\/div>\n<\/div><figure class=\"wp-block-media-text__media\"><img loading=\"lazy\" decoding=\"async\" width=\"1024\" height=\"424\" src=\"https:\/\/www.greenpeace.ch\/static\/planet4-switzerland-stateless\/2024\/08\/9392f38f-greenpeace_klimaschutz_ja_ski_2275-1-1024x424.jpg\" alt=\"\" sizes=\"auto, (min-width: 601px) 50vw, 100vw\" srcset=\"https:\/\/www.greenpeace.ch\/static\/planet4-switzerland-stateless\/2024\/08\/9392f38f-greenpeace_klimaschutz_ja_ski_2275-1-scaled.jpg 2560w, https:\/\/www.greenpeace.ch\/static\/planet4-switzerland-stateless\/2024\/08\/9392f38f-greenpeace_klimaschutz_ja_ski_2275-1-300x124.jpg 300w, https:\/\/www.greenpeace.ch\/static\/planet4-switzerland-stateless\/2024\/08\/9392f38f-greenpeace_klimaschutz_ja_ski_2275-1-1024x424.jpg 1024w, https:\/\/www.greenpeace.ch\/static\/planet4-switzerland-stateless\/2024\/08\/9392f38f-greenpeace_klimaschutz_ja_ski_2275-1-768x318.jpg 768w, https:\/\/www.greenpeace.ch\/static\/planet4-switzerland-stateless\/2024\/08\/9392f38f-greenpeace_klimaschutz_ja_ski_2275-1-1536x636.jpg 1536w, https:\/\/www.greenpeace.ch\/static\/planet4-switzerland-stateless\/2024\/08\/9392f38f-greenpeace_klimaschutz_ja_ski_2275-1-2048x848.jpg 2048w, https:\/\/www.greenpeace.ch\/static\/planet4-switzerland-stateless\/2024\/08\/9392f38f-greenpeace_klimaschutz_ja_ski_2275-1-510x211.jpg 510w\" class=\"wp-image-111134 size-full\"\/><\/figure><\/div>\n<\/div>\n<\/div>\n\n\n<h2 class=\"wp-block-heading is-style-underline\">Hast du Lust, bei uns mit anzupacken? <\/h2>\n\n<div class=\"wp-block-columns is-layout-flex wp-container-core-columns-is-layout-9d6595d7 wp-block-columns-is-layout-flex\">\n<div class=\"wp-block-column is-layout-flow wp-block-column-is-layout-flow\">\n<p>Wir sind die Regionalgruppe Zentralschweiz &#8211; eine Handvoll Menschen, die sich f\u00fcr den Umweltschutz einsetzen. Wir organisieren kleinere und gr\u00f6ssere Aktivit\u00e4ten zu Themen wie <strong>erneuerbare Energien, Systemwandel <\/strong>oder <strong>nachhaltige Finanzen.<\/strong> <\/p>\n\n\n\n<p>Wir treffen uns einmal im Monat vor Ort oder online, um verschiedene Projekte und Aktivit\u00e4ten zu planen und \u00fcber aktuelle Umweltthemen zu diskutieren.<\/p>\n\n\n\n<p>Du m\u00f6chtest dich auch f\u00fcr eine gr\u00fcne und friedliche Zukunft einsetzen? Wir suchen Menschen, die Lust haben mit anzupacken und sich aktiv f\u00fcr mehr Umweltschutz einsetzen wollen. Vorkenntnisse sind dazu nicht n\u00f6tig und alle sind herzlich willkommen.&nbsp;<\/p>\n\n\n\n<p>Haben wir dein Interesse geweckt? Dann freuen wir uns darauf, dich kennenzulernen. Melde dich via Kontaktformular und sei bei unserem n\u00e4chsten Treffen oder der n\u00e4chsten Aktivit\u00e4t dabei. Wir freuen uns auf dich!<\/p>\n\n\n\n<div class=\"wp-block-buttons is-layout-flex wp-block-buttons-is-layout-flex\">\n<div class=\"wp-block-button is-style-cta\"><a class=\"wp-block-button__link wp-element-button\" href=\"https:\/\/www.greenpeace.ch\/de\/handeln\/freiwillige\/kontakt-freiwilligen-engagement\/\" target=\"_blank\" rel=\"noreferrer noopener\">Kontaktformular<\/a><\/div>\n<\/div>\n<\/div>\n\n\n\n<div class=\"wp-block-column is-layout-flow wp-block-column-is-layout-flow\">\n<figure class=\"wp-block-image size-large\"><img loading=\"lazy\" decoding=\"async\" width=\"1024\" height=\"771\" src=\"https:\/\/www.greenpeace.ch\/static\/planet4-switzerland-stateless\/2024\/08\/f35d986b-regru-1024x771.jpeg\" alt=\"\" class=\"wp-image-111131\" srcset=\"https:\/\/www.greenpeace.ch\/static\/planet4-switzerland-stateless\/2024\/08\/f35d986b-regru-1024x771.jpeg 1024w, https:\/\/www.greenpeace.ch\/static\/planet4-switzerland-stateless\/2024\/08\/f35d986b-regru-300x226.jpeg 300w, https:\/\/www.greenpeace.ch\/static\/planet4-switzerland-stateless\/2024\/08\/f35d986b-regru-768x578.jpeg 768w, https:\/\/www.greenpeace.ch\/static\/planet4-switzerland-stateless\/2024\/08\/f35d986b-regru-1536x1157.jpeg 1536w, https:\/\/www.greenpeace.ch\/static\/planet4-switzerland-stateless\/2024\/08\/f35d986b-regru-1814x1366.jpeg 1814w, https:\/\/www.greenpeace.ch\/static\/planet4-switzerland-stateless\/2024\/08\/f35d986b-regru-452x340.jpeg 452w, https:\/\/www.greenpeace.ch\/static\/planet4-switzerland-stateless\/2024\/08\/f35d986b-regru.jpeg 2040w\" sizes=\"auto, (max-width: 1024px) 100vw, 1024px\" \/><figcaption class=\"wp-element-caption\">Die Regionalgruppe Zentralschweiz bei einer Ausstellung des Klimaballs.<\/figcaption><\/figure>\n<\/div>\n<\/div>\n","protected":false},"excerpt":{"rendered":"<p>Hast du Lust, bei uns mit anzupacken? Wir sind die Regionalgruppe Zentralschweiz &#8211; eine Handvoll Menschen, die sich f\u00fcr den Umweltschutz einsetzen. Wir organisieren kleinere und gr\u00f6ssere Aktivit\u00e4ten zu Themen wie erneuerbare Energien, Systemwandel oder nachhaltige Finanzen. Wir treffen uns einmal im Monat vor Ort oder online, um verschiedene Projekte und Aktivit\u00e4ten zu planen und [&hellip;]<\/p>\n","protected":false},"author":38,"featured_media":68837,"parent":550,"menu_order":5,"comment_status":"closed","ping_status":"closed","template":"","meta":{"_acf_changed":false,"_planet4_optimize_post_is_variant":false,"_planet4_optimize_experiment_name":"","_planet4_optimize_variant_name":"","ep_exclude_from_search":false,"p4_hide_page_title_checkbox":"on","p4_title":"","p4_subtitle":"","p4_description":"","background_image_id":"","background_image":"","p4_button_title":"","p4_button_link":"","p4_button_link_checkbox":"","p4_og_title":"","p4_og_description":"","p4_og_image":"","p4_og_image_id":"","p4_seo_canonical_url":"","p4_campaign_name":"not set","p4_local_project":"not set","p4_basket_name":"not set","p4_department":"","footnotes":""},"categories":[],"tags":[31],"class_list":["post-67385","page","type-page","status-publish","has-post-thumbnail","hentry","tag-mach-mit"],"acf":[],"_links":{"self":[{"href":"https:\/\/www.greenpeace.ch\/de\/wp-json\/wp\/v2\/pages\/67385","targetHints":{"allow":["GET"]}}],"collection":[{"href":"https:\/\/www.greenpeace.ch\/de\/wp-json\/wp\/v2\/pages"}],"about":[{"href":"https:\/\/www.greenpeace.ch\/de\/wp-json\/wp\/v2\/types\/page"}],"author":[{"embeddable":true,"href":"https:\/\/www.greenpeace.ch\/de\/wp-json\/wp\/v2\/users\/38"}],"replies":[{"embeddable":true,"href":"https:\/\/www.greenpeace.ch\/de\/wp-json\/wp\/v2\/comments?post=67385"}],"version-history":[{"count":3,"href":"https:\/\/www.greenpeace.ch\/de\/wp-json\/wp\/v2\/pages\/67385\/revisions"}],"predecessor-version":[{"id":117794,"href":"https:\/\/www.greenpeace.ch\/de\/wp-json\/wp\/v2\/pages\/67385\/revisions\/117794"}],"up":[{"embeddable":true,"href":"https:\/\/www.greenpeace.ch\/de\/wp-json\/wp\/v2\/pages\/550"}],"wp:featuredmedia":[{"embeddable":true,"href":"https:\/\/www.greenpeace.ch\/de\/wp-json\/wp\/v2\/media\/68837"}],"wp:attachment":[{"href":"https:\/\/www.greenpeace.ch\/de\/wp-json\/wp\/v2\/media?parent=67385"}],"wp:term":[{"taxonomy":"category","embeddable":true,"href":"https:\/\/www.greenpeace.ch\/de\/wp-json\/wp\/v2\/categories?post=67385"},{"taxonomy":"post_tag","embeddable":true,"href":"https:\/\/www.greenpeace.ch\/de\/wp-json\/wp\/v2\/tags?post=67385"}],"curies":[{"name":"wp","href":"https:\/\/api.w.org\/{rel}","templated":true}]}}