{"id":67776,"date":"2021-05-25T11:38:04","date_gmt":"2021-05-25T09:38:04","guid":{"rendered":"https:\/\/www.greenpeace.ch\/?page_id=67776"},"modified":"2025-02-26T14:18:48","modified_gmt":"2025-02-26T13:18:48","slug":"graubuenden","status":"publish","type":"page","link":"https:\/\/www.greenpeace.ch\/de\/handeln\/freiwillige\/graubuenden\/","title":{"rendered":"Graub\u00fcnden"},"content":{"rendered":"\n\n<div class=\"wp-block-group alignfull is-layout-flow wp-block-group-is-layout-flow\">\n<div class=\"wp-block-group container is-layout-flow wp-block-group-is-layout-flow\">\n<div class=\"wp-block-media-text alignfull has-media-on-the-right is-stacked-on-mobile is-pattern-p4-page-header is-style-parallax\"><div class=\"wp-block-media-text__content\">\n<div class=\"wp-block-group is-layout-flow wp-block-group-is-layout-flow\">\n<h1 class=\"wp-block-heading has-white-background-color has-background\">\n                            Regionalgruppe Graub\u00fcnden\n                        <\/h1>\n<\/div>\n<\/div><figure class=\"wp-block-media-text__media\"><img loading=\"lazy\" decoding=\"async\" width=\"2188\" height=\"896\" src=\"https:\/\/www.greenpeace.ch\/static\/planet4-switzerland-stateless\/2021\/05\/c733de71-img_0708-scaled-e1697552732640.jpg\" alt=\"\" sizes=\"auto, (min-width: 601px) 50vw, 100vw\" srcset=\"https:\/\/www.greenpeace.ch\/static\/planet4-switzerland-stateless\/2021\/05\/c733de71-img_0708-scaled-e1697552732640.jpg 2188w, https:\/\/www.greenpeace.ch\/static\/planet4-switzerland-stateless\/2021\/05\/c733de71-img_0708-scaled-e1697552732640-300x123.jpg 300w, https:\/\/www.greenpeace.ch\/static\/planet4-switzerland-stateless\/2021\/05\/c733de71-img_0708-scaled-e1697552732640-1024x419.jpg 1024w, https:\/\/www.greenpeace.ch\/static\/planet4-switzerland-stateless\/2021\/05\/c733de71-img_0708-scaled-e1697552732640-768x315.jpg 768w, https:\/\/www.greenpeace.ch\/static\/planet4-switzerland-stateless\/2021\/05\/c733de71-img_0708-scaled-e1697552732640-1536x629.jpg 1536w, https:\/\/www.greenpeace.ch\/static\/planet4-switzerland-stateless\/2021\/05\/c733de71-img_0708-scaled-e1697552732640-2048x839.jpg 2048w, https:\/\/www.greenpeace.ch\/static\/planet4-switzerland-stateless\/2021\/05\/c733de71-img_0708-scaled-e1697552732640-510x209.jpg 510w\" class=\"wp-image-67779 size-full\"\/><\/figure><\/div>\n<\/div>\n<\/div>\n\n\n<div class=\"wp-block-columns has-2-columns is-layout-flex wp-container-core-columns-is-layout-9d6595d7 wp-block-columns-is-layout-flex\">\n<div class=\"wp-block-column is-layout-flow wp-block-column-is-layout-flow\">\n<figure class=\"wp-block-image size-large\"><img loading=\"lazy\" decoding=\"async\" width=\"1024\" height=\"768\" src=\"https:\/\/www.greenpeace.ch\/static\/planet4-switzerland-stateless\/2021\/05\/fa7b9edf-img_0680-1024x768.jpg\" alt=\"\" class=\"wp-image-67781\" srcset=\"https:\/\/www.greenpeace.ch\/static\/planet4-switzerland-stateless\/2021\/05\/fa7b9edf-img_0680-1024x768.jpg 1024w, https:\/\/www.greenpeace.ch\/static\/planet4-switzerland-stateless\/2021\/05\/fa7b9edf-img_0680-300x225.jpg 300w, https:\/\/www.greenpeace.ch\/static\/planet4-switzerland-stateless\/2021\/05\/fa7b9edf-img_0680-768x576.jpg 768w, https:\/\/www.greenpeace.ch\/static\/planet4-switzerland-stateless\/2021\/05\/fa7b9edf-img_0680-1536x1152.jpg 1536w, https:\/\/www.greenpeace.ch\/static\/planet4-switzerland-stateless\/2021\/05\/fa7b9edf-img_0680-2048x1536.jpg 2048w, https:\/\/www.greenpeace.ch\/static\/planet4-switzerland-stateless\/2021\/05\/fa7b9edf-img_0680-1821x1366.jpg 1821w, https:\/\/www.greenpeace.ch\/static\/planet4-switzerland-stateless\/2021\/05\/fa7b9edf-img_0680-453x340.jpg 453w\" sizes=\"auto, (max-width: 1024px) 100vw, 1024px\" \/><\/figure>\n<\/div>\n\n\n\n<div class=\"wp-block-column is-layout-flow wp-block-column-is-layout-flow\">\n<figure class=\"wp-block-image size-large\"><img loading=\"lazy\" decoding=\"async\" width=\"1024\" height=\"768\" src=\"https:\/\/www.greenpeace.ch\/static\/planet4-switzerland-stateless\/2021\/05\/6685b5b7-img_0731.jpg\" alt=\"\" class=\"wp-image-67780\" srcset=\"https:\/\/www.greenpeace.ch\/static\/planet4-switzerland-stateless\/2021\/05\/6685b5b7-img_0731.jpg 1024w, https:\/\/www.greenpeace.ch\/static\/planet4-switzerland-stateless\/2021\/05\/6685b5b7-img_0731-300x225.jpg 300w, https:\/\/www.greenpeace.ch\/static\/planet4-switzerland-stateless\/2021\/05\/6685b5b7-img_0731-768x576.jpg 768w, https:\/\/www.greenpeace.ch\/static\/planet4-switzerland-stateless\/2021\/05\/6685b5b7-img_0731-453x340.jpg 453w\" sizes=\"auto, (max-width: 1024px) 100vw, 1024px\" \/><\/figure>\n<\/div>\n<\/div>\n\n<h2 class=\"wp-block-heading is-style-underline\">Hast du Lust, bei uns mitzumachen?<\/h2>\n\n<div class=\"wp-block-columns has-2-columns is-layout-flex wp-container-core-columns-is-layout-9d6595d7 wp-block-columns-is-layout-flex\">\n<div class=\"wp-block-column is-layout-flow wp-block-column-is-layout-flow\">\n<p>Wir, die Regionalgruppe Graub\u00fcnden, suchen Menschen, die sich aktiv f\u00fcr mehr Umweltschutz einsetzen wollen. Du brauchst daf\u00fcr keine Vorkenntnisse, aber du solltest dir vorstellen k\u00f6nnen, mit uns Flyer zu verteilen, hinter einem Infostand zu stehen oder auch mal ein Transparent zu halten. Wenn du die Bereitschaft hast, regelm\u00e4ssig an Sitzungen teilzunehmen und dich l\u00e4ngerfristig zu engagieren, dann bist du bei uns richtig.<\/p>\n\n\n\n<p><\/p>\n<\/div>\n\n\n\n<div class=\"wp-block-column is-layout-flow wp-block-column-is-layout-flow\">\n<p><meta charset=\"utf-8\">Haben wir dein Interesse geweckt? Dann freuen wir uns darauf, dich kennenzulernen.<\/p>\n\n\n\n<div class=\"wp-block-buttons is-layout-flex wp-block-buttons-is-layout-flex\">\n<div class=\"wp-block-button\"><a class=\"wp-block-button__link wp-element-button\" href=\"https:\/\/www.greenpeace.ch\/de\/handeln\/freiwillige\/kontakt-freiwilligen-engagement\/\" target=\"_blank\" rel=\"noreferrer noopener\">Kontaktformular<\/a><\/div>\n<\/div>\n<\/div>\n<\/div>\n\n<p><\/p>\n","protected":false},"excerpt":{"rendered":"<p>Hast du Lust, bei uns mitzumachen? Wir, die Regionalgruppe Graub\u00fcnden, suchen Menschen, die sich aktiv f\u00fcr mehr Umweltschutz einsetzen wollen. Du brauchst daf\u00fcr keine Vorkenntnisse, aber du solltest dir vorstellen k\u00f6nnen, mit uns Flyer zu verteilen, hinter einem Infostand zu stehen oder auch mal ein Transparent zu halten. Wenn du die Bereitschaft hast, regelm\u00e4ssig an [&hellip;]<\/p>\n","protected":false},"author":89,"featured_media":67779,"parent":550,"menu_order":0,"comment_status":"closed","ping_status":"closed","template":"","meta":{"_acf_changed":false,"_planet4_optimize_post_is_variant":false,"_planet4_optimize_experiment_name":"","_planet4_optimize_variant_name":"","ep_exclude_from_search":false,"p4_hide_page_title_checkbox":"on","p4_title":"","p4_subtitle":"","p4_description":"","background_image_id":"","background_image":"","p4_button_title":"","p4_button_link":"","p4_button_link_checkbox":"","p4_og_title":"","p4_og_description":"","p4_og_image":"","p4_og_image_id":"","p4_seo_canonical_url":"","p4_campaign_name":"not set","p4_local_project":"not set","p4_basket_name":"not set","p4_department":"","footnotes":""},"categories":[],"tags":[31],"class_list":["post-67776","page","type-page","status-publish","has-post-thumbnail","hentry","tag-mach-mit"],"acf":[],"_links":{"self":[{"href":"https:\/\/www.greenpeace.ch\/de\/wp-json\/wp\/v2\/pages\/67776","targetHints":{"allow":["GET"]}}],"collection":[{"href":"https:\/\/www.greenpeace.ch\/de\/wp-json\/wp\/v2\/pages"}],"about":[{"href":"https:\/\/www.greenpeace.ch\/de\/wp-json\/wp\/v2\/types\/page"}],"author":[{"embeddable":true,"href":"https:\/\/www.greenpeace.ch\/de\/wp-json\/wp\/v2\/users\/89"}],"replies":[{"embeddable":true,"href":"https:\/\/www.greenpeace.ch\/de\/wp-json\/wp\/v2\/comments?post=67776"}],"version-history":[{"count":2,"href":"https:\/\/www.greenpeace.ch\/de\/wp-json\/wp\/v2\/pages\/67776\/revisions"}],"predecessor-version":[{"id":117791,"href":"https:\/\/www.greenpeace.ch\/de\/wp-json\/wp\/v2\/pages\/67776\/revisions\/117791"}],"up":[{"embeddable":true,"href":"https:\/\/www.greenpeace.ch\/de\/wp-json\/wp\/v2\/pages\/550"}],"wp:featuredmedia":[{"embeddable":true,"href":"https:\/\/www.greenpeace.ch\/de\/wp-json\/wp\/v2\/media\/67779"}],"wp:attachment":[{"href":"https:\/\/www.greenpeace.ch\/de\/wp-json\/wp\/v2\/media?parent=67776"}],"wp:term":[{"taxonomy":"category","embeddable":true,"href":"https:\/\/www.greenpeace.ch\/de\/wp-json\/wp\/v2\/categories?post=67776"},{"taxonomy":"post_tag","embeddable":true,"href":"https:\/\/www.greenpeace.ch\/de\/wp-json\/wp\/v2\/tags?post=67776"}],"curies":[{"name":"wp","href":"https:\/\/api.w.org\/{rel}","templated":true}]}}