{"id":69963,"date":"2021-07-08T11:58:24","date_gmt":"2021-07-08T09:58:24","guid":{"rendered":"https:\/\/www.greenpeace.ch\/?page_id=69963"},"modified":"2025-05-05T12:06:11","modified_gmt":"2025-05-05T10:06:11","slug":"50-jahre-greenpeace","status":"publish","type":"page","link":"https:\/\/www.greenpeace.ch\/de\/50-jahre-greenpeace\/","title":{"rendered":"50 Jahre Greenpeace"},"content":{"rendered":"\n                \n                <div class=\"wp-block-group alignfull is-layout-flow wp-block-group-is-layout-flow\">\n                \n                <div class=\"wp-block-group container is-layout-flow wp-block-group-is-layout-flow\">\n                \n                <div class=\"wp-block-media-text alignfull has-media-on-the-right is-stacked-on-mobile is-pattern-p4-page-header is-style-parallax\">\n\n                <div class=\"wp-block-media-text__content\">\n                    <div class=\"wp-block-group is-layout-flow wp-block-group-is-layout-flow\">\n                    \n                        <h1 class=\"wp-block-heading has-white-background-color has-background\">\n                            50 Jahre Greenpeace\n                        <\/h1>\n                    <\/div>\n                \n\n                \n\n                \n\n                <\/div>\n                <figure class=\"wp-block-media-text__media\">\n                    <img loading=\"lazy\" decoding=\"async\" width=\"1200\" height=\"804\"\n                        src=\"https:\/\/www.greenpeace.ch\/static\/planet4-switzerland-stateless\/2021\/07\/733a4704-gp019id.jpeg\"\n                        alt=\"\"\n                        sizes=\"auto, (min-width: 601px) 50vw, 100vw\" srcset=\"https:\/\/www.greenpeace.ch\/static\/planet4-switzerland-stateless\/2021\/07\/733a4704-gp019id.jpeg 1200w, https:\/\/www.greenpeace.ch\/static\/planet4-switzerland-stateless\/2021\/07\/733a4704-gp019id-300x201.jpeg 300w, https:\/\/www.greenpeace.ch\/static\/planet4-switzerland-stateless\/2021\/07\/733a4704-gp019id-1024x686.jpeg 1024w, https:\/\/www.greenpeace.ch\/static\/planet4-switzerland-stateless\/2021\/07\/733a4704-gp019id-768x515.jpeg 768w, https:\/\/www.greenpeace.ch\/static\/planet4-switzerland-stateless\/2021\/07\/733a4704-gp019id-507x340.jpeg 507w\" class=\"wp-image-70066 size-full\"\n                    \/>\n                <\/figure>\n                <\/div>\n                \n                <\/div>\n                \n                <\/div>\n                \n                \n                    <div class=\"wp-block-group is-vertical is-layout-flex wp-container-core-group-is-layout-8cf370e7 wp-block-group-is-layout-flex\">\n                    \n\n                    \n                    <\/div>\n                    \n<h2 class=\"wp-block-heading\">Dreampeace: 50 Jahre verwirklichte Tr\u00e4ume<\/h2>\n\n<div class=\"wp-block-columns is-layout-flex wp-container-core-columns-is-layout-9d6595d7 wp-block-columns-is-layout-flex\">\n<div class=\"wp-block-column is-layout-flow wp-block-column-is-layout-flow\">\n<p>Seit 50 Jahren k\u00e4mpfen wir f\u00fcr eine gr\u00fcne und gerechte Welt und verfolgen dabei grosse Tr\u00e4ume: Vom Ende der Atomtests bis zur Rettung der Wale vor den Harpunen der Walf\u00e4nger. <\/p>\n\n\n\n<p>Finde heraus, was wir im Jahr deiner Geburt mit unseren Tr\u00e4umen erreicht haben!<\/p>\n<\/div>\n\n\n\n<div class=\"wp-block-column is-layout-flow wp-block-column-is-layout-flow\">\n<figure class=\"wp-block-image size-large\"><a href=\"https:\/\/www.greenpeace.ch\/de\/dreampeace\/\"><img loading=\"lazy\" decoding=\"async\" width=\"600\" height=\"500\" src=\"https:\/\/www.greenpeace.ch\/static\/planet4-switzerland-stateless\/2021\/09\/0f85a8cf-gp_banner_50jahre_02_144dpi.jpg\" alt=\"\" class=\"wp-image-73219\" srcset=\"https:\/\/www.greenpeace.ch\/static\/planet4-switzerland-stateless\/2021\/09\/0f85a8cf-gp_banner_50jahre_02_144dpi.jpg 600w, https:\/\/www.greenpeace.ch\/static\/planet4-switzerland-stateless\/2021\/09\/0f85a8cf-gp_banner_50jahre_02_144dpi-300x250.jpg 300w, https:\/\/www.greenpeace.ch\/static\/planet4-switzerland-stateless\/2021\/09\/0f85a8cf-gp_banner_50jahre_02_144dpi-408x340.jpg 408w\" sizes=\"auto, (max-width: 600px) 100vw, 600px\" \/><\/a><\/figure>\n<\/div>\n<\/div>\n\n<div class=\"wp-block-columns is-layout-flex wp-container-core-columns-is-layout-9d6595d7 wp-block-columns-is-layout-flex\">\n<div class=\"wp-block-column is-layout-flow wp-block-column-is-layout-flow\">\n<div class=\"wp-block-buttons is-layout-flex wp-block-buttons-is-layout-flex\">\n<div class=\"wp-block-button is-style-secondary\"><a class=\"wp-block-button__link\" href=\"https:\/\/www.greenpeace.ch\/de\/dreampeace\/\">Tr\u00e4ume mit uns<\/a><\/div>\n<\/div>\n\n\n\n<hr class=\"wp-block-separator\"\/>\n\n\n\n<h2 class=\"wp-block-heading\">Auktion Harald Naegeli<\/h2>\n\n\n\n<div class=\"wp-block-columns is-layout-flex wp-container-core-columns-is-layout-9d6595d7 wp-block-columns-is-layout-flex\">\n<div class=\"wp-block-column is-layout-flow wp-block-column-is-layout-flow\">\n<p>Harald Naegelis Strichfiguren pr\u00e4gen das Stadtbild von Z\u00fcrich, er ist als Sprayer weltbekannt. Im Rahmen unseres Jubil\u00e4ums versteigern wir bis Ende Jahr exklusiv 50 graphische und zeichnerische Werke des K\u00fcnstlers. Der Erl\u00f6s der Auktion kommt vollumf\u00e4nglich Greenpeace zugute. Einige Werke k\u00f6nnen w\u00e4hrend des \u201c<a href=\"https:\/\/www.greenpeace.ch\/de\/event\/fiftyval-50-jahre-greenpeace-lets-celebrate\/\" target=\"_blank\" rel=\"noreferrer noopener\">Fiftyvals<\/a>\u201d von 13 Uhr bis 18 Uhr und am Sonntag 19. September von 15 Uhr bis 17 Uhr in der Genossenschaft Kalkbreite besichtigt werden. Online-Versteigerung: 18. September bis zum 26. September 2021, weitere Daten folgen.<\/p>\n<\/div>\n\n\n\n<div class=\"wp-block-column is-layout-flow wp-block-column-is-layout-flow\">\n<figure class=\"wp-block-image size-large\"><a href=\"https:\/\/auktion.greenpeace.ch\/\"><img loading=\"lazy\" decoding=\"async\" width=\"1024\" height=\"578\" src=\"https:\/\/www.greenpeace.ch\/static\/planet4-switzerland-stateless\/2021\/08\/9f8aa2e5-p1100557-1024x578.jpg\" alt=\"\" class=\"wp-image-71335\"\/><\/a><figcaption>\u00a9Harald Naegeli, Pro Litteris, 2021<\/figcaption><\/figure>\n<\/div>\n<\/div>\n\n\n\n<div class=\"wp-block-buttons is-layout-flex wp-block-buttons-is-layout-flex\">\n<div class=\"wp-block-button is-style-secondary\"><a class=\"wp-block-button__link\" href=\"https:\/\/auktion.greenpeace.ch\/\">Zur Auktion<\/a><\/div>\n<\/div>\n<\/div>\n<\/div>\n\n<hr class=\"wp-block-separator\"\/>\n\n<h2 class=\"wp-block-heading\">Was bisher geschah&#8230;<\/h2>\n\n<div class=\"wp-block-columns is-layout-flex wp-container-core-columns-is-layout-9d6595d7 wp-block-columns-is-layout-flex\">\n<div class=\"wp-block-column is-layout-flow wp-block-column-is-layout-flow\">\n<p>Vor 50 Jahren segelte eine Crew von Umweltaktivisten und Kriegsgegnern los, um eine Atombombenexplosion zu verhindern und gr\u00fcndete Greenpeace. Das Ziel der 12 Menschen an Bord war es, durch gewaltfreie direkte Aktionen die US-Atomtests zu stoppen. Obwohl das Schiff und die Crew von der K\u00fcstenwache abgefangen wurden, erzeugte ihr Beispiel so viel Druck auf die Regierung, dass die Tests abgesagt wurden. In dem halben Jahrhundert seit diesem Tag ist Greenpeace zu einer internationalen Organisation herangewachsen, die Teil einer weltumspannenden \u00f6kologischen Bewegung ist.<\/p>\n<\/div>\n\n\n\n<div class=\"wp-block-column is-layout-flow wp-block-column-is-layout-flow\">\n<figure class=\"wp-block-image size-large\"><a href=\"https:\/\/www.greenpeace.ch\/de\/50-jahre-hoffnung\" target=\"_blank\" rel=\"noopener\"><img loading=\"lazy\" decoding=\"async\" width=\"1024\" height=\"536\" src=\"https:\/\/www.greenpeace.ch\/static\/planet4-switzerland-stateless\/2021\/08\/e659c48d-bildschirmfoto-2021-08-17-um-14.09.56-1024x536.png\" alt=\"\" class=\"wp-image-72145\" srcset=\"https:\/\/www.greenpeace.ch\/static\/planet4-switzerland-stateless\/2021\/08\/e659c48d-bildschirmfoto-2021-08-17-um-14.09.56-1024x536.png 1024w, https:\/\/www.greenpeace.ch\/static\/planet4-switzerland-stateless\/2021\/08\/e659c48d-bildschirmfoto-2021-08-17-um-14.09.56-300x157.png 300w, https:\/\/www.greenpeace.ch\/static\/planet4-switzerland-stateless\/2021\/08\/e659c48d-bildschirmfoto-2021-08-17-um-14.09.56-768x402.png 768w, https:\/\/www.greenpeace.ch\/static\/planet4-switzerland-stateless\/2021\/08\/e659c48d-bildschirmfoto-2021-08-17-um-14.09.56-1536x805.png 1536w, https:\/\/www.greenpeace.ch\/static\/planet4-switzerland-stateless\/2021\/08\/e659c48d-bildschirmfoto-2021-08-17-um-14.09.56-2048x1073.png 2048w, https:\/\/www.greenpeace.ch\/static\/planet4-switzerland-stateless\/2021\/08\/e659c48d-bildschirmfoto-2021-08-17-um-14.09.56-510x267.png 510w\" sizes=\"auto, (max-width: 1024px) 100vw, 1024px\" \/><\/a><\/figure>\n<\/div>\n<\/div>\n\n<div class=\"wp-block-buttons is-layout-flex wp-block-buttons-is-layout-flex\">\n<div class=\"wp-block-button is-style-secondary\"><a class=\"wp-block-button__link\" href=\"https:\/\/www.greenpeace.ch\/de\/50-jahre-hoffnung\" target=\"_blank\" rel=\"noreferrer noopener\">Zu den Erfolgen<\/a><\/div>\n<\/div>\n\n<hr class=\"wp-block-separator\"\/>\n","protected":false},"excerpt":{"rendered":"<p>Dreampeace: 50 Jahre verwirklichte Tr\u00e4ume Seit 50 Jahren k\u00e4mpfen wir f\u00fcr eine gr\u00fcne und gerechte Welt und verfolgen dabei grosse Tr\u00e4ume: Vom Ende der Atomtests bis zur Rettung der Wale vor den Harpunen der Walf\u00e4nger. Finde heraus, was wir im Jahr deiner Geburt mit unseren Tr\u00e4umen erreicht haben! Auktion Harald Naegeli Harald Naegelis Strichfiguren pr\u00e4gen [&hellip;]<\/p>\n","protected":false},"author":89,"featured_media":70066,"parent":0,"menu_order":0,"comment_status":"closed","ping_status":"closed","template":"","meta":{"_acf_changed":false,"_planet4_optimize_post_is_variant":false,"_planet4_optimize_experiment_name":"","_planet4_optimize_variant_name":"","ep_exclude_from_search":false,"p4_hide_page_title_checkbox":"on","p4_title":"","p4_subtitle":"","p4_description":"","background_image_id":"","background_image":"","p4_button_title":"","p4_button_link":"","p4_button_link_checkbox":"","p4_og_title":"","p4_og_description":"","p4_og_image":"","p4_og_image_id":"","p4_seo_canonical_url":"","p4_campaign_name":"not set","p4_local_project":"not set","p4_basket_name":"not set","p4_department":"","footnotes":""},"categories":[47],"tags":[209],"class_list":["post-69963","page","type-page","status-publish","has-post-thumbnail","hentry","category-greenpeace","tag-50years"],"acf":[],"_links":{"self":[{"href":"https:\/\/www.greenpeace.ch\/de\/wp-json\/wp\/v2\/pages\/69963","targetHints":{"allow":["GET"]}}],"collection":[{"href":"https:\/\/www.greenpeace.ch\/de\/wp-json\/wp\/v2\/pages"}],"about":[{"href":"https:\/\/www.greenpeace.ch\/de\/wp-json\/wp\/v2\/types\/page"}],"author":[{"embeddable":true,"href":"https:\/\/www.greenpeace.ch\/de\/wp-json\/wp\/v2\/users\/89"}],"replies":[{"embeddable":true,"href":"https:\/\/www.greenpeace.ch\/de\/wp-json\/wp\/v2\/comments?post=69963"}],"version-history":[{"count":3,"href":"https:\/\/www.greenpeace.ch\/de\/wp-json\/wp\/v2\/pages\/69963\/revisions"}],"predecessor-version":[{"id":119844,"href":"https:\/\/www.greenpeace.ch\/de\/wp-json\/wp\/v2\/pages\/69963\/revisions\/119844"}],"wp:featuredmedia":[{"embeddable":true,"href":"https:\/\/www.greenpeace.ch\/de\/wp-json\/wp\/v2\/media\/70066"}],"wp:attachment":[{"href":"https:\/\/www.greenpeace.ch\/de\/wp-json\/wp\/v2\/media?parent=69963"}],"wp:term":[{"taxonomy":"category","embeddable":true,"href":"https:\/\/www.greenpeace.ch\/de\/wp-json\/wp\/v2\/categories?post=69963"},{"taxonomy":"post_tag","embeddable":true,"href":"https:\/\/www.greenpeace.ch\/de\/wp-json\/wp\/v2\/tags?post=69963"}],"curies":[{"name":"wp","href":"https:\/\/api.w.org\/{rel}","templated":true}]}}