{"id":71123,"date":"2021-08-12T08:43:08","date_gmt":"2021-08-12T06:43:08","guid":{"rendered":"https:\/\/www.greenpeace.ch\/?page_id=71123"},"modified":"2025-06-25T15:30:53","modified_gmt":"2025-06-25T13:30:53","slug":"50-jahre-hoffnung","status":"publish","type":"page","link":"https:\/\/www.greenpeace.ch\/de\/50-jahre-hoffnung\/","title":{"rendered":"50 Jahre Hoffnung"},"content":{"rendered":"\n                \n                <div class=\"wp-block-group alignfull is-layout-flow wp-block-group-is-layout-flow\">\n                \n                <div class=\"wp-block-group container is-layout-flow wp-block-group-is-layout-flow\">\n                \n                <div class=\"wp-block-media-text alignfull has-media-on-the-right is-stacked-on-mobile is-pattern-p4-page-header is-style-parallax\">\n\n                <div class=\"wp-block-media-text__content\">\n                    <div class=\"wp-block-group is-layout-flow wp-block-group-is-layout-flow\">\n                    \n                        <h1 class=\"wp-block-heading has-white-background-color has-background\">\n                            50 Jahre Hoffnung\n                        <\/h1>\n                    <\/div>\n                \n\n                \n\n                \n\n                <\/div>\n                <figure class=\"wp-block-media-text__media\">\n                    <img loading=\"lazy\" decoding=\"async\" width=\"800\" height=\"528\"\n                        src=\"https:\/\/www.greenpeace.ch\/static\/planet4-switzerland-stateless\/2021\/08\/1c67ab06-1994.jpg\"\n                        alt=\"\"\n                        sizes=\"auto, (min-width: 601px) 50vw, 100vw\" srcset=\"https:\/\/www.greenpeace.ch\/static\/planet4-switzerland-stateless\/2021\/08\/1c67ab06-1994.jpg 800w, https:\/\/www.greenpeace.ch\/static\/planet4-switzerland-stateless\/2021\/08\/1c67ab06-1994-300x198.jpg 300w, https:\/\/www.greenpeace.ch\/static\/planet4-switzerland-stateless\/2021\/08\/1c67ab06-1994-768x507.jpg 768w, https:\/\/www.greenpeace.ch\/static\/planet4-switzerland-stateless\/2021\/08\/1c67ab06-1994-510x337.jpg 510w\" class=\"wp-image-71512 size-full\"\n                    \/>\n                <\/figure>\n                <\/div>\n                \n                <\/div>\n                \n                <\/div>\n                \n                \n<p>Die erste Gruppe von Greenpeace-Aktivist:innen setzte einen Samen, der nun zu einer Organisation mit B\u00fcros in mehr als 50 L\u00e4ndern gewachsen ist. Zusammen mit Hunderten von Millionen Unterst\u00fctzer:innen arbeiten wir als Teil einer globalen Bewegung, die daf\u00fcr k\u00e4mpft, eine gr\u00fcne und friedliche Zukunft f\u00fcr uns alle zu sichern.<\/p>\n\n<p>Im Laufe der Zeit hat dieselbe Hoffnung und Initiative, die diese erste Greenpeace-Reise inspirierte, viele Formen angenommen &#8211; von der Bereitstellung von Hilfsg\u00fctern im Amazonas und im Pazifik bis hin zur Bek\u00e4mpfung von Br\u00e4nden in Russland, der A\ufdeckung illegaler Fischereipraktiken in Westafrika und dem Einsatz f\u00fcr die Reduzierung von Emissionen auf der ganzen Welt.<\/p>\n\n<p>In der Visualisierung unten erf\u00e4hrst du mehr \u00fcber die Erfolge, die Greenpeace seit einem halben Jahrhundert an vorderster Front im Kampf f\u00fcr den Planeten auf der ganzen Welt errungen hat. Es sind diese Errungenschaften, die uns weiter so lange k\u00e4mpfen lassen, wie wir gebraucht werden.<\/p>\n\n<iframe loading=\"lazy\" src=\"https:\/\/maps.greenpeace.org\/maps\/gpint\/50th_timeline\/?lang=de\" width=\"100%\" height=\"600\"><\/iframe>\n","protected":false},"excerpt":{"rendered":"<p>Erfahre mehr \u00fcber die Erfolge, die Greenpeace seit einem halben Jahrhundert an vorderster Front im Kampf f\u00fcr den Planeten auf der ganzen Welt errungen hat.<\/p>\n","protected":false},"author":89,"featured_media":71512,"parent":0,"menu_order":0,"comment_status":"closed","ping_status":"closed","template":"","meta":{"_acf_changed":false,"_planet4_optimize_post_is_variant":false,"_planet4_optimize_experiment_name":"","_planet4_optimize_variant_name":"","ep_exclude_from_search":false,"p4_hide_page_title_checkbox":"on","p4_title":"","p4_subtitle":"","p4_description":"","background_image_id":"","background_image":"","p4_button_title":"","p4_button_link":"","p4_button_link_checkbox":"","p4_og_title":"","p4_og_description":"","p4_og_image":"","p4_og_image_id":"","p4_seo_canonical_url":"","p4_campaign_name":"not set","p4_local_project":"not set","p4_basket_name":"not set","p4_department":"","footnotes":""},"categories":[],"tags":[209],"class_list":["post-71123","page","type-page","status-publish","has-post-thumbnail","hentry","tag-50years"],"acf":[],"_links":{"self":[{"href":"https:\/\/www.greenpeace.ch\/de\/wp-json\/wp\/v2\/pages\/71123","targetHints":{"allow":["GET"]}}],"collection":[{"href":"https:\/\/www.greenpeace.ch\/de\/wp-json\/wp\/v2\/pages"}],"about":[{"href":"https:\/\/www.greenpeace.ch\/de\/wp-json\/wp\/v2\/types\/page"}],"author":[{"embeddable":true,"href":"https:\/\/www.greenpeace.ch\/de\/wp-json\/wp\/v2\/users\/89"}],"replies":[{"embeddable":true,"href":"https:\/\/www.greenpeace.ch\/de\/wp-json\/wp\/v2\/comments?post=71123"}],"version-history":[{"count":3,"href":"https:\/\/www.greenpeace.ch\/de\/wp-json\/wp\/v2\/pages\/71123\/revisions"}],"predecessor-version":[{"id":122497,"href":"https:\/\/www.greenpeace.ch\/de\/wp-json\/wp\/v2\/pages\/71123\/revisions\/122497"}],"wp:featuredmedia":[{"embeddable":true,"href":"https:\/\/www.greenpeace.ch\/de\/wp-json\/wp\/v2\/media\/71512"}],"wp:attachment":[{"href":"https:\/\/www.greenpeace.ch\/de\/wp-json\/wp\/v2\/media?parent=71123"}],"wp:term":[{"taxonomy":"category","embeddable":true,"href":"https:\/\/www.greenpeace.ch\/de\/wp-json\/wp\/v2\/categories?post=71123"},{"taxonomy":"post_tag","embeddable":true,"href":"https:\/\/www.greenpeace.ch\/de\/wp-json\/wp\/v2\/tags?post=71123"}],"curies":[{"name":"wp","href":"https:\/\/api.w.org\/{rel}","templated":true}]}}