{"id":86221,"date":"2022-09-01T15:22:00","date_gmt":"2022-09-01T13:22:00","guid":{"rendered":"https:\/\/www.greenpeace.ch\/?page_id=86221"},"modified":"2025-10-14T09:17:00","modified_gmt":"2025-10-14T07:17:00","slug":"wie-schreibe-ich-ein-testament","status":"publish","type":"page","link":"https:\/\/www.greenpeace.ch\/de\/handeln\/spenden\/legate-erbschaften\/wie-schreibe-ich-ein-testament\/","title":{"rendered":"Ein Testament erstellen ohne Vorwissen"},"content":{"rendered":"\n\n<div class=\"wp-block-group alignfull is-layout-flow wp-block-group-is-layout-flow\">\n<div class=\"wp-block-group container is-layout-flow wp-block-group-is-layout-flow\">\n<div class=\"wp-block-media-text alignfull has-media-on-the-right is-stacked-on-mobile is-pattern-p4-page-header is-style-parallax\"><div class=\"wp-block-media-text__content\">\n<div class=\"wp-block-group is-layout-flow wp-block-group-is-layout-flow\">\n<h1 class=\"wp-block-heading has-white-background-color has-background\">Ein Testament erstellen <\/h1>\n<\/div>\n\n\n\n<p>Sie ben\u00f6tigen kein spezifisches Vorwissen, um ein Testament zu erstellen. Diese kurze Wegleitung soll Ihnen helfen, nichts zu vergessen und f\u00fchrt Sie Schritt f\u00fcr Schritt zu Ihrem Testament.<\/p>\n<\/div><figure class=\"wp-block-media-text__media\"><img loading=\"lazy\" decoding=\"async\" width=\"800\" height=\"534\" src=\"https:\/\/www.greenpeace.ch\/static\/planet4-switzerland-stateless\/2024\/08\/dc5bfc64-gp04f5q_low-res-800px.jpg\" alt=\"\" sizes=\"auto, (min-width: 601px) 50vw, 100vw\" srcset=\"https:\/\/www.greenpeace.ch\/static\/planet4-switzerland-stateless\/2024\/08\/dc5bfc64-gp04f5q_low-res-800px.jpg 800w, https:\/\/www.greenpeace.ch\/static\/planet4-switzerland-stateless\/2024\/08\/dc5bfc64-gp04f5q_low-res-800px-300x200.jpg 300w, https:\/\/www.greenpeace.ch\/static\/planet4-switzerland-stateless\/2024\/08\/dc5bfc64-gp04f5q_low-res-800px-768x513.jpg 768w, https:\/\/www.greenpeace.ch\/static\/planet4-switzerland-stateless\/2024\/08\/dc5bfc64-gp04f5q_low-res-800px-510x340.jpg 510w\" class=\"wp-image-111139 size-full\"\/><\/figure><\/div>\n<\/div>\n<\/div>\n\n\n<h2 class=\"wp-block-heading is-style-underline\"><strong><strong>So erstellen Sie ein Testament<\/strong><\/strong><\/h2>\n\n<ol class=\"wp-block-list\">\n<li><strong>\u00dcbersicht der Verm\u00f6genswerte schaffen<br><\/strong>Verschaffen Sie sich als erstes einen \u00dcberblick \u00fcber Ihr Verm\u00f6gen. Unabh\u00e4ngig von der Gr\u00f6sse wird es weit mehr sein als Geld, Aktien und Versicherungspolicen. Denken Sie auch an Schmuck, Kunstobjekte, Fahrzeuge, ein Ferienhaus oder Landbesitz. Und was soll mit pers\u00f6nlichen Erinnerungs-Gegenst\u00e4nden wie Fotoalben oder Briefen geschehen?<\/li>\n\n\n\n<li><strong>Gesetzliche Erbteilung<\/strong><br>Welchen Menschen m\u00f6chten Sie etwas hinterlassen? Beachten Sie die gesetzlichen Vorgaben \u2013 mithilfe <a href=\"https:\/\/www.greenpeace.ch\/de\/handeln\/spenden\/legate-erbschaften\/testament-rechner\/\">unseres Testament-Rechners<\/a> erfahren Sie, wie Ihre pers\u00f6nliche Erbsituation aussieht.<\/li>\n\n\n\n<li><strong>Wer bekommt was<\/strong><br>\u00dcberlegen Sie sich in Ruhe, wem Sie welche Betr\u00e4ge oder Objekte hinterlassen m\u00f6chten. Denken Sie an Ihre Pflichterb:innen und an jene Menschen oder Organisationen, die Sie beg\u00fcnstigen wollen. Nehmen Sie sich f\u00fcr diese Entscheide die n\u00f6tige Zeit.<\/li>\n\n\n\n<li><strong>Ist es rechtsg\u00fcltig<\/strong><br>Wenn Sie sich daf\u00fcr entschieden haben, das Testament eigenh\u00e4ndig zu verfassen: Sind alle Voraussetzungen erf\u00fcllt? Lassen Sie es im Zweifelsfall von einer Fachperson pr\u00fcfen oder w\u00e4hlen Sie ein notarielles Testament.<\/li>\n\n\n\n<li><strong>Willensvollstreckung<\/strong><br>Ein\/e Willensvollstrecker:in sollte eine neutrale und f\u00e4hige Person sein und muss in Ihrem Auftrag handeln. Sie verwaltet das Nachlassverm\u00f6gen, hilft, Erbstreitigkeiten zu vermeiden und erledigt alle administrativen Belange. Ein\/e Willensvollstrecker:in ist nicht in jedem Fall notwendig.<\/li>\n\n\n\n<li><strong>Aufbewahrung<\/strong><br>Sie k\u00f6nnen Ihr Testament zu Hause aufbewahren. Allerdings besteht die Gefahr, dass es nicht gefunden wird. Der einfachste und kosteng\u00fcnstigste Weg, ein Testament sicher aufzubewahren, ist die Hinterlegung bei der Gemeinde. Erkundigen Sie sich bei der zust\u00e4ndigen Amtsstelle an Ihrem Wohnort. Bei einem notariellen Testament wird das Dokument beim Notariat hinterlegt.<\/li>\n<\/ol>\n\n<h2 class=\"wp-block-heading is-style-underline\"><strong><strong>Zwei Wege zum Testament<\/strong><\/strong><\/h2>\n\n<h3 class=\"wp-block-heading\">Eigenh\u00e4ndiges Testament<\/h3>\n\n<p>Das eigenh\u00e4ndige Testament verfassen Sie als Ihren letzten Willen selbst\u00e4ndig. Damit es rechtsg\u00fcltig ist, m\u00fcssen Sie folgende Punkte beachten:<\/p>\n\n<ul class=\"wp-block-list\">\n<li>Das Testament muss vollumf\u00e4nglich <strong>von Hand <\/strong>verfasst sein \u2013 mit Computer oder Schreibmaschine geschriebene Testamente sind ung\u00fcltig.<\/li>\n\n\n\n<li>Setzen Sie einen Titel wie \u00abTestament\u00bb, \u00abLetzter Wille\u00bb oder \u00abLetztwillige Verf\u00fcgung\u00bb und vermerken Sie den Ort, wo Sie das Dokument verfassen, sowie das genaue Datum. \u00b7 &nbsp; Unterzeichnen Sie das Testament mit Ihrer Unterschrift.<\/li>\n\n\n\n<li>\u00c4nderungen, Erg\u00e4nzungen und Nachtr\u00e4ge m\u00fcssen als solche gekennzeichnet sein und erneut mit Ort, <strong>Datum und Unterschrift<\/strong> versehen werden.<\/li>\n<\/ul>\n\n<h3 class=\"wp-block-heading\">Notarielles Testament<\/h3>\n\n<p>Das notarielle oder \u00f6ffentliche Testament wird in Anwesenheit von zwei Zeugen und einer Notarin oder einem Notar abgefasst. Der Vorteil: Sie haben die absolute Gewissheit, dass alles seine Richtigkeit hat \u2013 denn unklare Formulierungen oder Formfehler k\u00f6nnen zu Streitigkeiten oder sogar zur Ung\u00fcltigkeit f\u00fchren.<\/p>\n\n<h2 class=\"wp-block-heading is-style-underline\">M\u00f6gliche Formulierung<\/h2>\n\n<p><strong>Wie erw\u00e4hne&nbsp; ich Greenpeace Schweiz richtig in meinem Testament?<\/strong><br>Hier ein Beispieltext, der Ihnen als Vorlage dienen kann, wie Sie Greenpeace Schweiz korrekt in Ihrem Testament erfassen:<\/p>\n\n<p><em><em>Ich setze die Stiftung Greenpeace Schweiz, momentan an der Badenerstrasse 171, 8003 Z\u00fcrich \u2026<\/em><\/em><\/p>\n\n<p>Beispiele:<\/p>\n\n<p><em>\u2026 mit einem Verm\u00e4chtnis \u00e0 CHF 15\u2018000.\u2013 ein.<\/em><br>(gew\u00e4hlten Betrag angeben)<\/p>\n\n<p><em>\u2026 als Miterbin zu 25% ein.<\/em><br>(gew\u00e4hlte Prozentzahl angeben)<\/p>\n\n<p><em>\u2026 als Alleinerbin ein.<\/em><br>(wenn keine gesetzlichen Pflichtteile vorhanden sind)<\/p>\n\n<h2 class=\"wp-block-heading is-style-underline\"><strong>Haben Sie Fragen?<\/strong><\/h2>\n\n<div class=\"wp-block-columns is-layout-flex wp-container-core-columns-is-layout-9d6595d7 wp-block-columns-is-layout-flex\">\n<div class=\"wp-block-column is-layout-flow wp-block-column-is-layout-flow\" style=\"flex-basis:66.66%\">\n<div class=\"wp-block-columns is-layout-flex wp-container-core-columns-is-layout-9d6595d7 wp-block-columns-is-layout-flex\">\n<div class=\"wp-block-column is-layout-flow wp-block-column-is-layout-flow\" style=\"flex-basis:33.33%\">\n<figure class=\"wp-block-image size-large is-resized\"><img decoding=\"async\" src=\"https:\/\/www.greenpeace.ch\/static\/planet4-switzerland-stateless\/2019\/06\/8214c6f6-claudia_steiger-1.jpg\" alt=\"\" style=\"width:195px;height:245px\"\/><\/figure>\n<\/div>\n\n\n\n<div class=\"wp-block-column is-layout-flow wp-block-column-is-layout-flow\" style=\"flex-basis:66.66%\">\n<p>Manchmal ist es einfacher, eine Situation kurz zu schildern und individuelle Fragestellungen direkt zu kl\u00e4ren. Bei Fragen d\u00fcrfen Sie sich gerne an mich wenden.<\/p>\n\n\n\n<p><strong>Claudia Steiger<\/strong><br>Verantwortliche Erbschaften<br><a href=\"mailto:claudia.steiger@greenpeace.org\">claudia.steiger@greenpeace.org<\/a><br>044 447 41 79<\/p>\n<\/div>\n<\/div>\n<\/div>\n<\/div>\n\n<p class=\"has-text-align-center is-style-accent-1\"><strong>Wenn wir die Zukunft unseres Planeten retten wollen, braucht Greenpeace eine solide finanzielle Basis: Mit Ihrem Verm\u00e4chtnis erm\u00f6glichen Sie, dass unser Einsatz f\u00fcr die Natur auch in Zukunft weitergeht.<\/strong><\/p>\n\n<h2 class=\"wp-block-heading is-style-underline\">Testament-Rechner<\/h2>\n\n<p>Je nach famili\u00e4rer Situation ist die Quote, \u00fcber die Sie im Testament frei verf\u00fcgen k\u00f6nnen, unterschiedlich hoch. Denn es gibt gesetzliche Vorgaben, die Sie beachten m\u00fcssen. Anfang 2023 trat zudem das neue Erbrecht in Kraft. Dieses erm\u00f6glicht Ihnen mehr Handlungsspielraum, frei zu entscheiden, wer im Testament wie beg\u00fcnstigt werden soll.<\/p>\n\n<p>Pr\u00fcfen Sie jetzt mit unserem <a href=\"https:\/\/www.greenpeace.ch\/de\/handeln\/spenden\/legate-erbschaften-testament\/testament-rechner\/\">praktischen Testament-Rechner<\/a>, wie Ihre pers\u00f6nliche Erbsituation aussieht und wie hoch Ihre frei verf\u00fcgbare Quote ist.<\/p>\n\n<div class=\"wp-block-query posts-list p4-query-loop is-custom-layout-list is-layout-flow wp-block-query-is-layout-flow\">\n<div class=\"wp-block-group is-content-justification-space-between is-layout-flex wp-container-core-group-is-layout-3d213aab wp-block-group-is-layout-flex\">\n<h2 class=\"wp-block-heading\">Weitere Beitr\u00e4ge rund um Legate und Erbschaften<\/h2>\n\n\n<li class=\" wp-block-navigation-item see-all-link wp-block-navigation-link\"><a class=\"wp-block-navigation-item__content\"  href=\"http:\/\/www.greenpeace.ch\/de\/posts\/\"><span class=\"wp-block-navigation-item__label\">See all stories<\/span><\/a><\/li><\/div>\n\n\n\n<p style=\"margin-top:24px;margin-bottom:36px\"><\/p>\n\n\n\n\n<ul class=\"wp-block-post-template is-layout-flow wp-block-post-template-is-layout-flow\"><li class=\"wp-block-post post-87250 post type-post status-publish format-standard has-post-thumbnail hentry category-unkategorisiert p4-page-type-story\">\n\n<div class=\"wp-block-columns is-layout-flex wp-container-core-columns-is-layout-9d6595d7 wp-block-columns-is-layout-flex\"><figure class=\"wp-block-post-featured-image\"><a href=\"https:\/\/www.greenpeace.ch\/de\/story\/87250\/digitaler-nachlass\/\" target=\"_self\"  ><img loading=\"lazy\" decoding=\"async\" width=\"799\" height=\"532\" src=\"https:\/\/www.greenpeace.ch\/static\/planet4-switzerland-stateless\/2022\/06\/48265ad8-gp0stpoe6_.jpg\" class=\"attachment-post-thumbnail size-post-thumbnail wp-post-image wp-stateless-item\" alt=\"Digitaler Nachlass \u2013 was geschieht damit?\" style=\"object-fit:cover;\" srcset=\"https:\/\/www.greenpeace.ch\/static\/planet4-switzerland-stateless\/2022\/06\/48265ad8-gp0stpoe6_.jpg 799w, https:\/\/www.greenpeace.ch\/static\/planet4-switzerland-stateless\/2022\/06\/48265ad8-gp0stpoe6_-300x200.jpg 300w, https:\/\/www.greenpeace.ch\/static\/planet4-switzerland-stateless\/2022\/06\/48265ad8-gp0stpoe6_-768x511.jpg 768w, https:\/\/www.greenpeace.ch\/static\/planet4-switzerland-stateless\/2022\/06\/48265ad8-gp0stpoe6_-510x340.jpg 510w\" sizes=\"auto, (max-width: 799px) 100vw, 799px\" data-image-size=\"post-thumbnail\" data-stateless-media-bucket=\"planet4-switzerland-stateless\" data-stateless-media-name=\"2022\/06\/48265ad8-gp0stpoe6_.jpg\" \/><\/a><\/figure>\n\n\n<div class=\"wp-block-group is-layout-flow wp-block-group-is-layout-flow\"><h3 class=\"wp-block-post-title\"><a href=\"https:\/\/www.greenpeace.ch\/de\/story\/87250\/digitaler-nachlass\/\" target=\"_self\" >Digitaler Nachlass \u2013 was geschieht damit?<\/a><\/h3>\n\n<div class=\"wp-block-post-excerpt\"><p class=\"wp-block-post-excerpt__excerpt\">Heute hinterlassen die allermeisten Menschen auch ein \u00abdigitales Erbe\u00bb. Dazu geh\u00f6ren virtuelle Daten wie der Zugang zu E-Mail-Konten, Social-Media-Profilen, digitalen Verm\u00f6genswerten und W\u00e4hrungen (Kryptow\u00e4hrungen), aber auch der Inhalt von physischen Datentr\u00e4gern wie Festplatten, Computern und Mobiltelefonen. <\/p><\/div><\/div>\n<\/div>\n\n<\/li><li class=\"wp-block-post post-86273 post type-post status-publish format-standard has-post-thumbnail hentry category-unkategorisiert p4-page-type-story\">\n\n<div class=\"wp-block-columns is-layout-flex wp-container-core-columns-is-layout-9d6595d7 wp-block-columns-is-layout-flex\"><figure class=\"wp-block-post-featured-image\"><a href=\"https:\/\/www.greenpeace.ch\/de\/story\/86273\/erbanteile-aufteilen\/\" target=\"_self\"  ><img loading=\"lazy\" decoding=\"async\" width=\"1024\" height=\"573\" src=\"https:\/\/www.greenpeace.ch\/static\/planet4-switzerland-stateless\/2022\/05\/9ad444d9-beitrag1.png\" class=\"attachment-post-thumbnail size-post-thumbnail wp-post-image wp-stateless-item\" alt=\"Erbanteile aufteilen \u2013 wer bekommt was?\" style=\"object-fit:cover;\" srcset=\"https:\/\/www.greenpeace.ch\/static\/planet4-switzerland-stateless\/2022\/05\/9ad444d9-beitrag1.png 1024w, https:\/\/www.greenpeace.ch\/static\/planet4-switzerland-stateless\/2022\/05\/9ad444d9-beitrag1-300x168.png 300w, https:\/\/www.greenpeace.ch\/static\/planet4-switzerland-stateless\/2022\/05\/9ad444d9-beitrag1-768x430.png 768w, https:\/\/www.greenpeace.ch\/static\/planet4-switzerland-stateless\/2022\/05\/9ad444d9-beitrag1-510x285.png 510w\" sizes=\"auto, (max-width: 1024px) 100vw, 1024px\" data-image-size=\"post-thumbnail\" data-stateless-media-bucket=\"planet4-switzerland-stateless\" data-stateless-media-name=\"2022\/05\/9ad444d9-beitrag1.png\" \/><\/a><\/figure>\n\n\n<div class=\"wp-block-group is-layout-flow wp-block-group-is-layout-flow\"><h3 class=\"wp-block-post-title\"><a href=\"https:\/\/www.greenpeace.ch\/de\/story\/86273\/erbanteile-aufteilen\/\" target=\"_self\" >Erbanteile aufteilen \u2013 wer bekommt was?<\/a><\/h3>\n\n<div class=\"wp-block-post-excerpt\"><p class=\"wp-block-post-excerpt__excerpt\">Immer mehr Menschen legen viel Wert auf Selbstbestimmung: Rund die H\u00e4lfte aller Personen in der Schweiz erstellt ein Testament \u2013 und entscheidet selbst, was mit dem Nachlass einmal geschehen soll.\u00a0 <\/p><\/div><\/div>\n<\/div>\n\n<\/li><li class=\"wp-block-post post-86268 post type-post status-publish format-standard has-post-thumbnail hentry category-unkategorisiert p4-page-type-story\">\n\n<div class=\"wp-block-columns is-layout-flex wp-container-core-columns-is-layout-9d6595d7 wp-block-columns-is-layout-flex\"><figure class=\"wp-block-post-featured-image\"><a href=\"https:\/\/www.greenpeace.ch\/de\/story\/86268\/vermaechtnis-erbschaft\/\" target=\"_self\"  ><img loading=\"lazy\" decoding=\"async\" width=\"800\" height=\"528\" src=\"https:\/\/www.greenpeace.ch\/static\/planet4-switzerland-stateless\/2022\/05\/25691ad4-gp03ed2_.jpg\" class=\"attachment-post-thumbnail size-post-thumbnail wp-post-image wp-stateless-item\" alt=\"Legat und Erbschaft &#8211; was ist der Unterschied?\" style=\"object-fit:cover;\" srcset=\"https:\/\/www.greenpeace.ch\/static\/planet4-switzerland-stateless\/2022\/05\/25691ad4-gp03ed2_.jpg 800w, https:\/\/www.greenpeace.ch\/static\/planet4-switzerland-stateless\/2022\/05\/25691ad4-gp03ed2_-300x198.jpg 300w, https:\/\/www.greenpeace.ch\/static\/planet4-switzerland-stateless\/2022\/05\/25691ad4-gp03ed2_-768x507.jpg 768w, https:\/\/www.greenpeace.ch\/static\/planet4-switzerland-stateless\/2022\/05\/25691ad4-gp03ed2_-510x337.jpg 510w\" sizes=\"auto, (max-width: 800px) 100vw, 800px\" data-image-size=\"post-thumbnail\" data-stateless-media-bucket=\"planet4-switzerland-stateless\" data-stateless-media-name=\"2022\/05\/25691ad4-gp03ed2_.jpg\" \/><\/a><\/figure>\n\n\n<div class=\"wp-block-group is-layout-flow wp-block-group-is-layout-flow\"><h3 class=\"wp-block-post-title\"><a href=\"https:\/\/www.greenpeace.ch\/de\/story\/86268\/vermaechtnis-erbschaft\/\" target=\"_self\" >Legat und Erbschaft &#8211; was ist der Unterschied?<\/a><\/h3>\n\n<div class=\"wp-block-post-excerpt\"><p class=\"wp-block-post-excerpt__excerpt\">Mit einem Verm\u00e4chtnis, auch Legat genannt, k\u00f6nnen Sie Greenpeace entweder einen festen Betrag oder bestimmte Sachwerte (Immobilien, Kunstwerke, Wertpapiere, eine Lebensversicherung oder andere Wertsachen) hinterlassen. In diesem Fall wird Greenpeace nicht Erbin. <\/p><\/div><\/div>\n<\/div>\n\n<\/li><li class=\"wp-block-post post-86261 post type-post status-publish format-standard has-post-thumbnail hentry category-unkategorisiert p4-page-type-story\">\n\n<div class=\"wp-block-columns is-layout-flex wp-container-core-columns-is-layout-9d6595d7 wp-block-columns-is-layout-flex\"><figure class=\"wp-block-post-featured-image\"><a href=\"https:\/\/www.greenpeace.ch\/de\/story\/86261\/neues-erbrecht-2023\/\" target=\"_self\"  ><img loading=\"lazy\" decoding=\"async\" width=\"800\" height=\"533\" src=\"https:\/\/www.greenpeace.ch\/static\/planet4-switzerland-stateless\/2022\/05\/7cd1d916-gp0stpwpr_.jpg\" class=\"attachment-post-thumbnail size-post-thumbnail wp-post-image wp-stateless-item\" alt=\"Neues Erbrecht ab 2023\" style=\"object-fit:cover;\" srcset=\"https:\/\/www.greenpeace.ch\/static\/planet4-switzerland-stateless\/2022\/05\/7cd1d916-gp0stpwpr_.jpg 800w, https:\/\/www.greenpeace.ch\/static\/planet4-switzerland-stateless\/2022\/05\/7cd1d916-gp0stpwpr_-300x200.jpg 300w, https:\/\/www.greenpeace.ch\/static\/planet4-switzerland-stateless\/2022\/05\/7cd1d916-gp0stpwpr_-768x512.jpg 768w, https:\/\/www.greenpeace.ch\/static\/planet4-switzerland-stateless\/2022\/05\/7cd1d916-gp0stpwpr_-510x340.jpg 510w\" sizes=\"auto, (max-width: 800px) 100vw, 800px\" data-image-size=\"post-thumbnail\" data-stateless-media-bucket=\"planet4-switzerland-stateless\" data-stateless-media-name=\"2022\/05\/7cd1d916-gp0stpwpr_.jpg\" \/><\/a><\/figure>\n\n\n<div class=\"wp-block-group is-layout-flow wp-block-group-is-layout-flow\"><h3 class=\"wp-block-post-title\"><a href=\"https:\/\/www.greenpeace.ch\/de\/story\/86261\/neues-erbrecht-2023\/\" target=\"_self\" >Neues Erbrecht ab 2023<\/a><\/h3>\n\n<div class=\"wp-block-post-excerpt\"><p class=\"wp-block-post-excerpt__excerpt\">Anfang 2023 trat das neue Erbrecht in Kraft. W\u00e4hrend die gesetzlichen Erbteile unver\u00e4ndert bleiben, gibt es eine Reduktion bei den Pflichtteilen. Das bedeutet, dass man einen gr\u00f6sseren Handlungsspielraum hat, wer beg\u00fcnstigt wird. <\/p><\/div><\/div>\n<\/div>\n\n<\/li><\/ul>\n\n\n<div class=\"wp-block-buttons carousel-controls is-horizontal is-content-justification-space-between is-nowrap is-layout-flex wp-container-core-buttons-is-layout-044bd602 wp-block-buttons-is-layout-flex\">\n<div class=\"wp-block-button carousel-control-prev\"><button type=\"button\" class=\"wp-block-button__link wp-element-button\">Prev<\/button><\/div>\n\n\n\n<div class=\"wp-block-button carousel-control-next\"><button type=\"button\" class=\"wp-block-button__link wp-element-button\">N\u00e4chste<\/button><\/div>\n<\/div>\n<\/div>\n","protected":false},"excerpt":{"rendered":"<p>So erstellen Sie ein Testament Zwei Wege zum Testament Eigenh\u00e4ndiges Testament Das eigenh\u00e4ndige Testament verfassen Sie als Ihren letzten Willen selbst\u00e4ndig. Damit es rechtsg\u00fcltig ist, m\u00fcssen Sie folgende Punkte beachten: Notarielles Testament Das notarielle oder \u00f6ffentliche Testament wird in Anwesenheit von zwei Zeugen und einer Notarin oder einem Notar abgefasst. Der Vorteil: Sie haben die [&hellip;]<\/p>\n","protected":false},"author":99,"featured_media":111139,"parent":85446,"menu_order":0,"comment_status":"closed","ping_status":"closed","template":"","meta":{"_acf_changed":false,"_planet4_optimize_post_is_variant":false,"_planet4_optimize_experiment_name":"","_planet4_optimize_variant_name":"","ep_exclude_from_search":false,"p4_hide_page_title_checkbox":"on","p4_title":"","p4_subtitle":"","p4_description":"","background_image_id":"","background_image":"","p4_button_title":"","p4_button_link":"","p4_button_link_checkbox":"","p4_og_title":"","p4_og_description":"","p4_og_image":"","p4_og_image_id":"","p4_seo_canonical_url":"","p4_campaign_name":"not set","p4_local_project":"not set","p4_basket_name":"not set","p4_department":"","footnotes":""},"categories":[],"tags":[],"class_list":["post-86221","page","type-page","status-publish","has-post-thumbnail","hentry"],"acf":[],"_links":{"self":[{"href":"https:\/\/www.greenpeace.ch\/de\/wp-json\/wp\/v2\/pages\/86221","targetHints":{"allow":["GET"]}}],"collection":[{"href":"https:\/\/www.greenpeace.ch\/de\/wp-json\/wp\/v2\/pages"}],"about":[{"href":"https:\/\/www.greenpeace.ch\/de\/wp-json\/wp\/v2\/types\/page"}],"author":[{"embeddable":true,"href":"https:\/\/www.greenpeace.ch\/de\/wp-json\/wp\/v2\/users\/99"}],"replies":[{"embeddable":true,"href":"https:\/\/www.greenpeace.ch\/de\/wp-json\/wp\/v2\/comments?post=86221"}],"version-history":[{"count":14,"href":"https:\/\/www.greenpeace.ch\/de\/wp-json\/wp\/v2\/pages\/86221\/revisions"}],"predecessor-version":[{"id":126774,"href":"https:\/\/www.greenpeace.ch\/de\/wp-json\/wp\/v2\/pages\/86221\/revisions\/126774"}],"up":[{"embeddable":true,"href":"https:\/\/www.greenpeace.ch\/de\/wp-json\/wp\/v2\/pages\/85446"}],"wp:featuredmedia":[{"embeddable":true,"href":"https:\/\/www.greenpeace.ch\/de\/wp-json\/wp\/v2\/media\/111139"}],"wp:attachment":[{"href":"https:\/\/www.greenpeace.ch\/de\/wp-json\/wp\/v2\/media?parent=86221"}],"wp:term":[{"taxonomy":"category","embeddable":true,"href":"https:\/\/www.greenpeace.ch\/de\/wp-json\/wp\/v2\/categories?post=86221"},{"taxonomy":"post_tag","embeddable":true,"href":"https:\/\/www.greenpeace.ch\/de\/wp-json\/wp\/v2\/tags?post=86221"}],"curies":[{"name":"wp","href":"https:\/\/api.w.org\/{rel}","templated":true}]}}