{"id":86331,"date":"2022-09-01T15:48:00","date_gmt":"2022-09-01T13:48:00","guid":{"rendered":"https:\/\/www.greenpeace.ch\/?page_id=86331"},"modified":"2024-08-29T10:27:52","modified_gmt":"2024-08-29T08:27:52","slug":"testament-rechner","status":"publish","type":"page","link":"https:\/\/www.greenpeace.ch\/de\/handeln\/spenden\/legate-erbschaften\/testament-rechner\/","title":{"rendered":"Testament-Rechner"},"content":{"rendered":"\n\n<div class=\"wp-block-group alignfull is-layout-flow wp-block-group-is-layout-flow\">\n<div class=\"wp-block-group container is-layout-flow wp-block-group-is-layout-flow\">\n<div class=\"wp-block-media-text alignfull has-media-on-the-right is-stacked-on-mobile is-pattern-p4-page-header is-style-parallax\"><div class=\"wp-block-media-text__content\">\n<div class=\"wp-block-group is-layout-flow wp-block-group-is-layout-flow\">\n<h1 class=\"wp-block-heading has-white-background-color has-background\">\n                            Testament-Rechner\n                        <\/h1>\n<\/div>\n<\/div><figure class=\"wp-block-media-text__media\"><img loading=\"lazy\" decoding=\"async\" width=\"800\" height=\"533\" src=\"https:\/\/www.greenpeace.ch\/static\/planet4-switzerland-stateless\/2024\/08\/ef33e17c-gp0sttuv3_low-res-800px.jpg\" alt=\"\" sizes=\"auto, (min-width: 601px) 50vw, 100vw\" srcset=\"https:\/\/www.greenpeace.ch\/static\/planet4-switzerland-stateless\/2024\/08\/ef33e17c-gp0sttuv3_low-res-800px.jpg 800w, https:\/\/www.greenpeace.ch\/static\/planet4-switzerland-stateless\/2024\/08\/ef33e17c-gp0sttuv3_low-res-800px-300x200.jpg 300w, https:\/\/www.greenpeace.ch\/static\/planet4-switzerland-stateless\/2024\/08\/ef33e17c-gp0sttuv3_low-res-800px-768x512.jpg 768w, https:\/\/www.greenpeace.ch\/static\/planet4-switzerland-stateless\/2024\/08\/ef33e17c-gp0sttuv3_low-res-800px-510x340.jpg 510w\" class=\"wp-image-112584 size-full\"\/><\/figure><\/div>\n<\/div>\n<\/div>\n\n\n<div class=\"wp-block-group is-vertical is-layout-flex wp-container-core-group-is-layout-8cf370e7 wp-block-group-is-layout-flex\"><\/div>\n\n<h2 class=\"wp-block-heading is-style-underline\">Pflichtteil und freie Erbanteile berechnen<\/h2>\n\n<p>Je nach famili\u00e4rer Situation ist die Quote, \u00fcber die Sie im Testament frei verf\u00fcgen k\u00f6nnen, unterschiedlich hoch. Denn es gibt gesetzliche Vorgaben, die Sie beachten m\u00fcssen. Anfang 2023 trat zudem das neue Erbrecht in Kraft. Dieses erm\u00f6glicht Ihnen mehr Handlungsspielraum, frei zu entscheiden, wer im Testament wie beg\u00fcnstigt werden soll.<\/p>\n\n<p>Pr\u00fcfen Sie jetzt mit unserem praktischen Testament-Rechner, wie Ihre pers\u00f6nliche Erbsituation aussieht und wie hoch Ihre frei verf\u00fcgbare Quote ist. <strong>Geben Sie durch Klicken direkt in der Grafik Ihre famili\u00e4re Situation an.<\/strong><\/p>\n\n<p>Welche Personen leben in Ihrem Umfeld? Bitte geben Sie alle noch lebenden Personen an und treffen Sie die entsprechende Auswahl.<\/p>\n\n<script src=\"https:\/\/webapp.moribono.ch\/greenpeace\/assets\/scripts\/resize.js\"><\/script>\n<iframe id=\"moribonoiFrame\" src=\"https:\/\/webapp.moribono.ch\/greenpeace\/de\/\" border=\"0\" style=\"width:100%;\" frameborder=\"0\"><\/iframe>\n\n<p><\/p>\n","protected":false},"excerpt":{"rendered":"<p>Pflichtteil und freie Erbanteile berechnen Je nach famili\u00e4rer Situation ist die Quote, \u00fcber die Sie im Testament frei verf\u00fcgen k\u00f6nnen, unterschiedlich hoch. Denn es gibt gesetzliche Vorgaben, die Sie beachten m\u00fcssen. Anfang 2023 trat zudem das neue Erbrecht in Kraft. Dieses erm\u00f6glicht Ihnen mehr Handlungsspielraum, frei zu entscheiden, wer im Testament wie beg\u00fcnstigt werden soll. [&hellip;]<\/p>\n","protected":false},"author":23,"featured_media":112584,"parent":85446,"menu_order":0,"comment_status":"closed","ping_status":"closed","template":"","meta":{"_acf_changed":false,"_planet4_optimize_post_is_variant":false,"_planet4_optimize_experiment_name":"","_planet4_optimize_variant_name":"","ep_exclude_from_search":false,"p4_hide_page_title_checkbox":"on","p4_title":"","p4_subtitle":"","p4_description":"","background_image_id":"","background_image":"","p4_button_title":"","p4_button_link":"","p4_button_link_checkbox":"","p4_og_title":"","p4_og_description":"","p4_og_image":"","p4_og_image_id":"","p4_seo_canonical_url":"","p4_campaign_name":"not set","p4_local_project":"not set","p4_basket_name":"not set","p4_department":"","footnotes":""},"categories":[],"tags":[],"class_list":["post-86331","page","type-page","status-publish","has-post-thumbnail","hentry"],"acf":[],"_links":{"self":[{"href":"https:\/\/www.greenpeace.ch\/de\/wp-json\/wp\/v2\/pages\/86331","targetHints":{"allow":["GET"]}}],"collection":[{"href":"https:\/\/www.greenpeace.ch\/de\/wp-json\/wp\/v2\/pages"}],"about":[{"href":"https:\/\/www.greenpeace.ch\/de\/wp-json\/wp\/v2\/types\/page"}],"author":[{"embeddable":true,"href":"https:\/\/www.greenpeace.ch\/de\/wp-json\/wp\/v2\/users\/23"}],"replies":[{"embeddable":true,"href":"https:\/\/www.greenpeace.ch\/de\/wp-json\/wp\/v2\/comments?post=86331"}],"version-history":[{"count":3,"href":"https:\/\/www.greenpeace.ch\/de\/wp-json\/wp\/v2\/pages\/86331\/revisions"}],"predecessor-version":[{"id":112587,"href":"https:\/\/www.greenpeace.ch\/de\/wp-json\/wp\/v2\/pages\/86331\/revisions\/112587"}],"up":[{"embeddable":true,"href":"https:\/\/www.greenpeace.ch\/de\/wp-json\/wp\/v2\/pages\/85446"}],"wp:featuredmedia":[{"embeddable":true,"href":"https:\/\/www.greenpeace.ch\/de\/wp-json\/wp\/v2\/media\/112584"}],"wp:attachment":[{"href":"https:\/\/www.greenpeace.ch\/de\/wp-json\/wp\/v2\/media?parent=86331"}],"wp:term":[{"taxonomy":"category","embeddable":true,"href":"https:\/\/www.greenpeace.ch\/de\/wp-json\/wp\/v2\/categories?post=86331"},{"taxonomy":"post_tag","embeddable":true,"href":"https:\/\/www.greenpeace.ch\/de\/wp-json\/wp\/v2\/tags?post=86331"}],"curies":[{"name":"wp","href":"https:\/\/api.w.org\/{rel}","templated":true}]}}