{"id":90402,"date":"2022-10-06T09:10:20","date_gmt":"2022-10-06T07:10:20","guid":{"rendered":"https:\/\/www.greenpeace.ch\/?page_id=90402"},"modified":"2025-05-05T12:05:06","modified_gmt":"2025-05-05T10:05:06","slug":"lang-leben-unsere-produkte","status":"publish","type":"page","link":"https:\/\/www.greenpeace.ch\/de\/lang-leben-unsere-produkte\/","title":{"rendered":"Mehr Kreislaufwirtschaft in der Schweiz"},"content":{"rendered":"\n                \n                <div class=\"wp-block-group alignfull is-layout-flow wp-block-group-is-layout-flow\">\n                \n                <div class=\"wp-block-group container is-layout-flow wp-block-group-is-layout-flow\">\n                \n                <div class=\"wp-block-media-text alignfull has-media-on-the-right is-stacked-on-mobile is-pattern-p4-page-header is-style-parallax\">\n\n                <div class=\"wp-block-media-text__content\">\n                    <div class=\"wp-block-group is-layout-flow wp-block-group-is-layout-flow\">\n                    \n                        <h1 class=\"wp-block-heading has-white-background-color has-background\">\n                            Mehr Kreislaufwirtschaft in der Schweiz\n                        <\/h1>\n                    <\/div>\n                \n\n                \n\n                \n\n                <\/div>\n                <figure class=\"wp-block-media-text__media\">\n                    <img loading=\"lazy\" decoding=\"async\" width=\"1200\" height=\"799\"\n                        src=\"https:\/\/www.greenpeace.ch\/static\/planet4-switzerland-stateless\/2022\/10\/52d8e6d9-gp1t09jg_medium_res_with_credit_line.jpg\"\n                        alt=\"\"\n                        sizes=\"auto, (min-width: 601px) 50vw, 100vw\" srcset=\"https:\/\/www.greenpeace.ch\/static\/planet4-switzerland-stateless\/2022\/10\/52d8e6d9-gp1t09jg_medium_res_with_credit_line.jpg 1200w, https:\/\/www.greenpeace.ch\/static\/planet4-switzerland-stateless\/2022\/10\/52d8e6d9-gp1t09jg_medium_res_with_credit_line-300x200.jpg 300w, https:\/\/www.greenpeace.ch\/static\/planet4-switzerland-stateless\/2022\/10\/52d8e6d9-gp1t09jg_medium_res_with_credit_line-1024x682.jpg 1024w, https:\/\/www.greenpeace.ch\/static\/planet4-switzerland-stateless\/2022\/10\/52d8e6d9-gp1t09jg_medium_res_with_credit_line-768x511.jpg 768w, https:\/\/www.greenpeace.ch\/static\/planet4-switzerland-stateless\/2022\/10\/52d8e6d9-gp1t09jg_medium_res_with_credit_line-510x340.jpg 510w\" class=\"wp-image-90577 size-full\"\n                    \/>\n                <\/figure>\n                <\/div>\n                \n                <\/div>\n                \n                <\/div>\n                \n                \n                    <div class=\"wp-block-group is-vertical is-layout-flex wp-container-core-group-is-layout-8cf370e7 wp-block-group-is-layout-flex\">\n                    \n\n                    \n                    <\/div>\n                    \n<div class=\"wp-block-columns is-layout-flex wp-container-core-columns-is-layout-9d6595d7 wp-block-columns-is-layout-flex\">\n<div class=\"wp-block-column is-layout-flow wp-block-column-is-layout-flow\">\n<p><strong>Die Mitglieder der Koalition \u00abLang leben unsere Produkte!\u00bb stellen fest: Es ist zwar allgemein anerkannt, dass langlebige Produkte wichtig sind,&nbsp; um die Ressourcenverschwendung zu begrenzen. Aber die Wegwerfmentalit\u00e4t ist noch lange nicht \u00fcberwunden. Das Problem? Auch heute sind viele Produkte nicht reparierbar:<\/strong><\/p>\n\n\n\n<ul class=\"wp-block-list\">\n<li>Sie sind nicht zerlegbar (z.B. verschweisste Teile),<\/li>\n\n\n\n<li>es gibt keine Ersatzteile<\/li>\n\n\n\n<li>Reparaturen sind im Vergleich zu einem Neukauf zu teuer oder zu kompliziert<\/li>\n\n\n\n<li>und viele Ger\u00e4te werden aufgrund von technologischen Inkompatibilit\u00e4ten oder fehlenden Software-Updates unbrauchbar.<\/li>\n<\/ul>\n\n\n\n<p> <\/p>\n<\/div>\n\n\n\n<div class=\"wp-block-column is-layout-flow wp-block-column-is-layout-flow\">\n<ul class=\"wp-block-list\">\n<li><a href=\"#amazon\"><strong>Die Koalition<\/strong><\/a><\/li>\n\n\n\n<li><a href=\"#brack\"><strong>Kreislaufwirtschaft<\/strong><\/a><\/li>\n\n\n\n<li><a href=\"#coop\"><strong>Ziele der Koalition<\/strong><\/a><\/li>\n<\/ul>\n\n\n\n<figure class=\"wp-block-image size-full is-resized\"><a href=\"https:\/\/www.greenpeace.ch\/static\/planet4-switzerland-stateless\/2022\/10\/3ebf7c95-mediendossier_de_061022.pdf\" target=\"_blank\" rel=\"noreferrer noopener\"><img loading=\"lazy\" decoding=\"async\" src=\"https:\/\/www.greenpeace.ch\/static\/planet4-switzerland-stateless\/2022\/10\/6ed13f89-bildschirmfoto-2022-10-10-um-12.57.24.png\" alt=\"\" class=\"wp-image-90553\" width=\"222\" height=\"284\" srcset=\"https:\/\/www.greenpeace.ch\/static\/planet4-switzerland-stateless\/2022\/10\/6ed13f89-bildschirmfoto-2022-10-10-um-12.57.24.png 443w, https:\/\/www.greenpeace.ch\/static\/planet4-switzerland-stateless\/2022\/10\/6ed13f89-bildschirmfoto-2022-10-10-um-12.57.24-234x300.png 234w, https:\/\/www.greenpeace.ch\/static\/planet4-switzerland-stateless\/2022\/10\/6ed13f89-bildschirmfoto-2022-10-10-um-12.57.24-266x340.png 266w\" sizes=\"auto, (max-width: 222px) 100vw, 222px\" \/><\/a><\/figure>\n\n\n\n<div class=\"wp-block-buttons is-layout-flex wp-block-buttons-is-layout-flex\">\n<div class=\"wp-block-button\"><a class=\"wp-block-button__link wp-element-button\" href=\"https:\/\/www.greenpeace.ch\/static\/planet4-switzerland-stateless\/2022\/10\/3ebf7c95-mediendossier_de_061022.pdf\" target=\"_blank\" rel=\"noreferrer noopener\">Mediendossier herunterladen<\/a><\/div>\n<\/div>\n\n\n\n<div class=\"wp-block-buttons is-layout-flex wp-block-buttons-is-layout-flex\"><\/div>\n<\/div>\n<\/div>\n\n<h2 class=\"wp-block-heading is-style-underline\" id=\"amazon\">Die Koalition<\/h2>\n\n<div class=\"wp-block-columns is-layout-flex wp-container-core-columns-is-layout-9d6595d7 wp-block-columns-is-layout-flex\">\n<div class=\"wp-block-column is-layout-flow wp-block-column-is-layout-flow\">\n<p>Die j\u00fcngst ver\u00f6ffentlichten Berichte, Erhebungen und Umfragen zu diesem Thema best\u00e4tigen, <strong>dass es immer noch viele Hindernisse f\u00fcr die Reparatur und l\u00e4ngere Verwendung von Konsumg\u00fctern gibt.<\/strong> Im Juni 2022 berichtete Greenpeace Schweiz dar\u00fcber, dass es f\u00fcr den <a href=\"https:\/\/www.greenpeace.ch\/de\/story\/86999\/kreislaufwirtschaft-nachholbedarf-bei-den-detailhaendlerinnen\/\">Detailhandel in Sachen Kreislaufwirtschaft<\/a> noch viel zu tun gibt.<sup> <\/sup>Das best\u00e4tigt eine Studie des FRC. Diese konnte aufzeigen, dass die meisten Ger\u00e4te mit Garantie, die wegen eines scheinbar reparierbaren, Defekts zum Kundendienst gebracht werden, einfach weggeworfen werden &#8211; ohne vorherige Untersuchung. Meinungsumfragen zeigen demgegen\u00fcber, <strong>dass die Bev\u00f6lkerung bereit w\u00e4re, mehr zu reparieren<\/strong>.<\/p>\n\n\n\n<h3 class=\"wp-block-heading\">Fehlende Rahmenbedingungen und Gesetzesrevisionen<\/h3>\n\n\n\n<p>Leider f\u00f6rdern die aktuellen Rahmenbedingungen eher Recycling und Verwertung als eine Wirtschaft, in der Produkte l\u00e4nger und weiterverwendet werden. Es engagieren sich zwar viele privatwirtschaftliche, \u00f6ffentliche und nichtstaatliche Akteur:innen f\u00fcr eine nachhaltige Kreislaufwirtschaft. Es gelingt ihnen aber nicht die Ver\u00e4nderungen umzusetzen, die angesichts der aktuellen \u00f6kologischen Herausforderungen notwendig sind.<\/p>\n\n\n\n<p>Dieser Herausforderung widmet sich der Entwurf zur Revision des Umweltschutzgesetzes. Dieser wurde als Reaktion auf die <a href=\"https:\/\/www.parlament.ch\/de\/ratsbetrieb\/suche-curia-vista\/geschaeft?AffairId=20200433\" target=\"_blank\" rel=\"noreferrer noopener\">Parlamentarische Initiative \u00abSchweizer Kreislaufwirtschaft st\u00e4rken\u00bb<\/a> erarbeitet.&nbsp;<\/p>\n\n\n\n<p><strong>Das Thema Kreislaufwirtschaft ist in der Politik allgegenw\u00e4rtig<\/strong> \u2013 in den letzten Jahren wurden im Parlament mehr als 30 Vorst\u00f6sse zu diesem Thema eingereicht. Bei der Revision des Umweltschutzgesetzes handelt es sich um den vielversprechendsten Entwurf. Als Einziger schl\u00e4gt er&nbsp;endlich gesetzliche \u00c4nderungen vor, um die vorzeitige Entsorgung von Gegenst\u00e4nden zu bek\u00e4mpfen.<\/p>\n\n\n\n<p><strong>Die Koalition \u00abLang leben unsere Produkte!\u00bb m\u00f6chte diese Ambitionen unterst\u00fctzen und st\u00e4rken, die bestehenden Ans\u00e4tze f\u00f6rdern und wirtschaftliche und politische Akteur:innen ermutigen, das Marktangebot bereits jetzt zu verbessern.<\/strong> Sie will einerseits erreichen, dass die Konsument:innen Gebrauchsgegenst\u00e4nde nicht wegwerfen m\u00fcssen. Andererseits will sie den \u00dcbergang zu einer echten, gross angelegten Kreislaufwirtschaft unterst\u00fctzen.<\/p>\n<\/div>\n\n\n\n<div class=\"wp-block-column is-layout-flow wp-block-column-is-layout-flow\">\n<h3 class=\"wp-block-heading\">Mitglieder der Koalition<\/h3>\n\n\n\n<ul class=\"is-style-accent-info wp-block-list\">\n<li><a rel=\"noreferrer noopener\" href=\"https:\/\/acsi.ch\/\" target=\"_blank\">Associazione consumatrici e consumatori della Svizzera italiana<\/a><\/li>\n\n\n\n<li><a rel=\"noreferrer noopener\" href=\"https:\/\/www.apres-ge.ch\/\" target=\"_blank\">APR\u00c8S<\/a><\/li>\n\n\n\n<li><a rel=\"noreferrer noopener\" href=\"https:\/\/circular-economy-switzerland.ch\/\" target=\"_blank\">Circular Economy Switzerland<\/a><\/li>\n\n\n\n<li><a rel=\"noreferrer noopener\" href=\"https:\/\/www.frc.ch\/\" target=\"_blank\">F\u00e9d\u00e9ration romande des consommateurs<\/a><\/li>\n\n\n\n<li><a rel=\"noreferrer noopener\" href=\"https:\/\/gwoe.ch\/\" target=\"_blank\">Gemeinwohl-\u00d6konomie Schweiz<\/a><\/li>\n\n\n\n<li><a href=\"https:\/\/www.associationsuissedesartsetmetiers.ch\/\">Der Gewerbeverein<\/a><\/li>\n\n\n\n<li><a href=\"https:\/\/www.greenpeace.ch\/de\/\">Greenpeace Schweiz<\/a><\/li>\n\n\n\n<li><a rel=\"noreferrer noopener\" href=\"https:\/\/zurich.impacthub.ch\/de\/\" target=\"_blank\">Impact Hub Switzerland<\/a><\/li>\n\n\n\n<li><strong><a href=\"https:\/\/www.mdm.ch\/\">Magasins du Monde<\/a><\/strong><\/li>\n\n\n\n<li><a rel=\"noreferrer noopener\" href=\"https:\/\/noops.ch\/\" target=\"_blank\">NoOPS.ch<\/a><\/li>\n\n\n\n<li><a rel=\"noreferrer noopener\" href=\"https:\/\/www.pronatura.ch\/de\/\" target=\"_blank\">Pro Natura<\/a><\/li>\n\n\n\n<li><strong><a href=\"https:\/\/www.sah-schweiz.ch\/\">Schweizerisches Arbeiterhilfswerk<\/a><\/strong><\/li>\n\n\n\n<li><a rel=\"noreferrer noopener\" href=\"https:\/\/www.sanudurabilitas.ch\/\" target=\"_blank\">sanu durabilitas<\/a><\/li>\n\n\n\n<li><a rel=\"noreferrer noopener\" href=\"https:\/\/www.swisscleantech.ch\/\" target=\"_blank\">Swisscleantech<\/a><\/li>\n\n\n\n<li><a rel=\"noreferrer noopener\" href=\"https:\/\/www.arbeit.swiss\/secoalv\/de\/home.html\" target=\"_blank\">Travail.Suisse<\/a><\/li>\n\n\n\n<li><a href=\"https:\/\/www.verkehrsclub.ch\/reiseversicherung?gclid=CjwKCAjwzuqgBhAcEiwAdj5dRspxD9MBUtI4VikprbygGa0Aajt4y_2nrnCUjywZp5JIqW1Llki9eRoC8kkQAvD_BwE&amp;_gl=1*tezukn*_ga*NDU0MDU1MTQyLjE2Nzk1Nzk1MTM.*_ga_ZM1LV7TQB8*MTY3OTU3OTUxMy4xLjAuMTY3OTU3OTUxMy42MC4wLjA.\">VCS-Reiseversicherung<\/a><\/li>\n\n\n\n<li><a rel=\"noreferrer noopener\" href=\"https:\/\/www.wwf.ch\/de\" target=\"_blank\">WWF Schweiz<\/a><\/li>\n<\/ul>\n\n\n\n<figure class=\"wp-block-image size-large\"><img loading=\"lazy\" decoding=\"async\" width=\"1024\" height=\"681\" src=\"https:\/\/www.greenpeace.ch\/static\/planet4-switzerland-stateless\/2022\/10\/a23aad21-gp1t09ji_medium_res_with_credit_line-1024x681.jpg\" alt=\"\" class=\"wp-image-90583\" srcset=\"https:\/\/www.greenpeace.ch\/static\/planet4-switzerland-stateless\/2022\/10\/a23aad21-gp1t09ji_medium_res_with_credit_line-1024x681.jpg 1024w, https:\/\/www.greenpeace.ch\/static\/planet4-switzerland-stateless\/2022\/10\/a23aad21-gp1t09ji_medium_res_with_credit_line-300x200.jpg 300w, https:\/\/www.greenpeace.ch\/static\/planet4-switzerland-stateless\/2022\/10\/a23aad21-gp1t09ji_medium_res_with_credit_line-768x511.jpg 768w, https:\/\/www.greenpeace.ch\/static\/planet4-switzerland-stateless\/2022\/10\/a23aad21-gp1t09ji_medium_res_with_credit_line-510x340.jpg 510w, https:\/\/www.greenpeace.ch\/static\/planet4-switzerland-stateless\/2022\/10\/a23aad21-gp1t09ji_medium_res_with_credit_line.jpg 1200w\" sizes=\"auto, (max-width: 1024px) 100vw, 1024px\" \/><figcaption class=\"wp-element-caption\">Medienkonferenz der Koalition vom 10. Oktober 2022 in Bern.<\/figcaption><\/figure>\n<\/div>\n<\/div>\n\n<h2 class=\"wp-block-heading is-style-underline\" id=\"brack\"><strong>Die Kreislaufwirtschaft<\/strong><\/h2>\n\n<div class=\"wp-block-columns is-layout-flex wp-container-core-columns-is-layout-9d6595d7 wp-block-columns-is-layout-flex\">\n<div class=\"wp-block-column is-layout-flow wp-block-column-is-layout-flow\">\n<p>Glasflaschen f\u00fcr Bier oder Wein wiederverwenden, statt sie zu recyceln. Ersatzteile und detaillierte Anleitungen zur Verf\u00fcgung stellen, um einen Staubsauger oder ein Telefon zu reparieren. Baumaterialien aus dem Abriss eines Geb\u00e4udes wiederverwenden, um ein neues Geb\u00e4ude zu errichten. All das ist Teil einer Kreislaufwirtschaftslogik.<strong> Diese basiert auf der einfachen, aber wirksamen Idee, Ressourcen, Materialien und Gegenst\u00e4nde in der Wirtschaft so lange wie m\u00f6glich aufrechtzuerhalten. Dies wird durch eine Reihe von Strategien erreicht:<\/strong><\/p>\n\n\n\n<ul class=\"wp-block-list\">\n<li>den Ressourcenverbrauch absolut oder pro Produkt- oder Dienstleistungseinheit<strong> reduzieren<\/strong>;<\/li>\n\n\n\n<li>Materialstr\u00f6me durch Verl\u00e4ngerung der Lebensdauer von Produkten <strong>verlangsamen<\/strong> (z. B. durch Wartung, Wiederverwendung, Reparatur, Neu- und Wiederaufbereitung usw.);<\/li>\n\n\n\n<li>Materialstr\u00f6me <strong>schliessen<\/strong> (stoffliche und energetische Verwertung von Abf\u00e4llen).&nbsp;<\/li>\n<\/ul>\n\n\n\n<p>Um diese Strategien umzusetzen, m\u00fcssen die Grunds\u00e4tze des \u00d6kodesigns oder des <strong>Kreislaufdesigns<\/strong> bereits zu Beginn des Lebenszyklus von Produkten angewandt werden. Die angewandten Design-Grunds\u00e4tze bestimmen die Menge und Qualit\u00e4t der Materialien sowie die Energie, die f\u00fcr die Herstellung und den Gebrauch der Gegenst\u00e4nde ben\u00f6tigt wird. Sie definieren auch, welche Kreislaufwirtschafts- und \u00abEnd-of-Life\u00bb-Strategien sp\u00e4ter angewendet werden k\u00f6nnen.<\/p>\n<\/div>\n\n\n\n<div class=\"wp-block-column is-layout-flow wp-block-column-is-layout-flow\">\n<figure class=\"wp-block-image size-full\"><img loading=\"lazy\" decoding=\"async\" width=\"1000\" height=\"771\" src=\"https:\/\/www.greenpeace.ch\/static\/planet4-switzerland-stateless\/2022\/10\/4e5a3c1a-19-08-19_infographie_pano-04.jpg\" alt=\"\" class=\"wp-image-90410\" srcset=\"https:\/\/www.greenpeace.ch\/static\/planet4-switzerland-stateless\/2022\/10\/4e5a3c1a-19-08-19_infographie_pano-04.jpg 1000w, https:\/\/www.greenpeace.ch\/static\/planet4-switzerland-stateless\/2022\/10\/4e5a3c1a-19-08-19_infographie_pano-04-300x231.jpg 300w, https:\/\/www.greenpeace.ch\/static\/planet4-switzerland-stateless\/2022\/10\/4e5a3c1a-19-08-19_infographie_pano-04-768x592.jpg 768w, https:\/\/www.greenpeace.ch\/static\/planet4-switzerland-stateless\/2022\/10\/4e5a3c1a-19-08-19_infographie_pano-04-441x340.jpg 441w\" sizes=\"auto, (max-width: 1000px) 100vw, 1000px\" \/><\/figure>\n<\/div>\n<\/div>\n\n<h2 class=\"wp-block-heading is-style-underline\" id=\"coop\"><strong>Ziele und Massnahmen der Koalition<\/strong><\/h2>\n\n<div class=\"wp-block-columns is-layout-flex wp-container-core-columns-is-layout-9d6595d7 wp-block-columns-is-layout-flex\">\n<div class=\"wp-block-column is-layout-flow wp-block-column-is-layout-flow\">\n<p>Die Mitglieder der Koalition \u00abLang leben unsere Produkte!\u00bb haben folgende gemeinsame Ziele:<\/p>\n\n\n\n<p>Verschwendung und Umweltverschmutzung durch die vorzeitige Entsorgung von Konsumg\u00fctern bek\u00e4mpfen, indem ihre Lebensdauer verl\u00e4ngert wird.<\/p>\n\n\n\n<p>\u00c4nderung der Rahmenbedingungen, damit der Markt Produkte anbietet, die nach den Prinzipien der Kreislaufwirtschaft gestaltet sind. Dazu sollen nachhaltige Produktion und nachhaltiger Konsum in verschiedenen Politikbereichen st\u00e4rker be\u00fccksichtigt werden(Umwelt, Wirtschaft, Bildung, Landwirtschaft usw.).<\/p>\n\n\n\n<p>Den Konsument:innen einen einfachen und erschwinglichen Zugang zu Reparatur und Wiederverwendung erm\u00f6glichen, als Alternative zum Neukauf.<\/p>\n\n\n\n<p>Unterst\u00fctzung der Entwicklung eines Wirtschaftsnetzwerks innovativer Akteur:innen in den Bereichen Reparatur, Wiederverwendung und gemeinsamer Nutzung von Produkten (einschliesslich Umschulungsprogrammen) und Aufwertung bestehender Initiativen.<\/p>\n\n\n\n<p>Zu diesem Zweck, und um den Informationsaustausch zu f\u00f6rdern, bringt die Koalition Akteur:innen zusammen, die sich in der Schweiz mit der Reparatur und Wiederverwendung von Gegenst\u00e4nden befassen. Sie wollen gemeinsame politische Aktionen durchf\u00fchren, um die laufende parlamentarische Arbeit zu erg\u00e4nzen und zu unterst\u00fctzen. Sie wollen das Thema ganz oben auf der politischen Agenda halten.&nbsp;<\/p>\n\n\n\n<p>Die Koalition plant auch Kommunikationsmassnahmen, um die \u00d6ffentlichkeit \u00fcber die Bedeutung der Kreislaufwirtschaft f\u00fcr einen nachhaltigen Konsum zu informieren. Sie will Fachwissen \u00fcber die im Schweizer Kontext vorgesehenen L\u00f6sungen vermitteln.<\/p>\n<\/div>\n\n\n\n<div class=\"wp-block-column is-layout-flow wp-block-column-is-layout-flow\">\n<div class=\"wp-block-buttons is-layout-flex wp-block-buttons-is-layout-flex\"><\/div>\n\n\n\n<figure class=\"wp-block-image size-large\"><img loading=\"lazy\" decoding=\"async\" width=\"1024\" height=\"681\" src=\"https:\/\/www.greenpeace.ch\/static\/planet4-switzerland-stateless\/2022\/10\/8d20488b-gp1t09jk_medium_res_with_credit_line-1024x681.jpg\" alt=\"\" class=\"wp-image-90562\" srcset=\"https:\/\/www.greenpeace.ch\/static\/planet4-switzerland-stateless\/2022\/10\/8d20488b-gp1t09jk_medium_res_with_credit_line-1024x681.jpg 1024w, https:\/\/www.greenpeace.ch\/static\/planet4-switzerland-stateless\/2022\/10\/8d20488b-gp1t09jk_medium_res_with_credit_line-300x200.jpg 300w, https:\/\/www.greenpeace.ch\/static\/planet4-switzerland-stateless\/2022\/10\/8d20488b-gp1t09jk_medium_res_with_credit_line-768x511.jpg 768w, https:\/\/www.greenpeace.ch\/static\/planet4-switzerland-stateless\/2022\/10\/8d20488b-gp1t09jk_medium_res_with_credit_line-510x340.jpg 510w, https:\/\/www.greenpeace.ch\/static\/planet4-switzerland-stateless\/2022\/10\/8d20488b-gp1t09jk_medium_res_with_credit_line.jpg 1200w\" sizes=\"auto, (max-width: 1024px) 100vw, 1024px\" \/><figcaption class=\"wp-element-caption\">Joelle Herin, Fachexpertin Kreislaufwirtschaft, Greenpeace Schweiz<\/figcaption><\/figure>\n<\/div>\n<\/div>\n\n<p><\/p>\n\n<p><\/p>\n","protected":false},"excerpt":{"rendered":"<p>Die Mitglieder der Koalition \u00abLang leben unsere Produkte!\u00bb stellen gemeinsam fest: Es ist zwar allgemein anerkannt, dass die Langlebigkeit von Konsumg\u00fctern wichtig ist, um die Ressourcenverschwendung zu begrenzen.<\/p>\n","protected":false},"author":50,"featured_media":90577,"parent":0,"menu_order":0,"comment_status":"closed","ping_status":"closed","template":"","meta":{"_acf_changed":false,"_planet4_optimize_post_is_variant":false,"_planet4_optimize_experiment_name":"","_planet4_optimize_variant_name":"","ep_exclude_from_search":false,"p4_hide_page_title_checkbox":"on","p4_title":"","p4_subtitle":"","p4_description":"","background_image_id":"","background_image":"","p4_button_title":"","p4_button_link":"","p4_button_link_checkbox":"","p4_og_title":"","p4_og_description":"","p4_og_image":"","p4_og_image_id":"","p4_seo_canonical_url":"","p4_campaign_name":"not set","p4_local_project":"not set","p4_basket_name":"not set","p4_department":"","footnotes":""},"categories":[48],"tags":[37],"class_list":["post-90402","page","type-page","status-publish","has-post-thumbnail","hentry","category-zero-waste","tag-zero-waste"],"acf":[],"_links":{"self":[{"href":"https:\/\/www.greenpeace.ch\/de\/wp-json\/wp\/v2\/pages\/90402","targetHints":{"allow":["GET"]}}],"collection":[{"href":"https:\/\/www.greenpeace.ch\/de\/wp-json\/wp\/v2\/pages"}],"about":[{"href":"https:\/\/www.greenpeace.ch\/de\/wp-json\/wp\/v2\/types\/page"}],"author":[{"embeddable":true,"href":"https:\/\/www.greenpeace.ch\/de\/wp-json\/wp\/v2\/users\/50"}],"replies":[{"embeddable":true,"href":"https:\/\/www.greenpeace.ch\/de\/wp-json\/wp\/v2\/comments?post=90402"}],"version-history":[{"count":3,"href":"https:\/\/www.greenpeace.ch\/de\/wp-json\/wp\/v2\/pages\/90402\/revisions"}],"predecessor-version":[{"id":119809,"href":"https:\/\/www.greenpeace.ch\/de\/wp-json\/wp\/v2\/pages\/90402\/revisions\/119809"}],"wp:featuredmedia":[{"embeddable":true,"href":"https:\/\/www.greenpeace.ch\/de\/wp-json\/wp\/v2\/media\/90577"}],"wp:attachment":[{"href":"https:\/\/www.greenpeace.ch\/de\/wp-json\/wp\/v2\/media?parent=90402"}],"wp:term":[{"taxonomy":"category","embeddable":true,"href":"https:\/\/www.greenpeace.ch\/de\/wp-json\/wp\/v2\/categories?post=90402"},{"taxonomy":"post_tag","embeddable":true,"href":"https:\/\/www.greenpeace.ch\/de\/wp-json\/wp\/v2\/tags?post=90402"}],"curies":[{"name":"wp","href":"https:\/\/api.w.org\/{rel}","templated":true}]}}