{"id":97441,"date":"2023-04-27T16:54:53","date_gmt":"2023-04-27T14:54:53","guid":{"rendered":"https:\/\/www.greenpeace.ch\/?page_id=97441"},"modified":"2025-06-25T14:31:23","modified_gmt":"2025-06-25T12:31:23","slug":"ueber-change-sprechen","status":"publish","type":"page","link":"https:\/\/www.greenpeace.ch\/de\/ueber-change-sprechen\/","title":{"rendered":"\u00dcber Change sprechen"},"content":{"rendered":"\n                \n                <div class=\"wp-block-group alignfull is-layout-flow wp-block-group-is-layout-flow\">\n                \n                <div class=\"wp-block-group container is-layout-flow wp-block-group-is-layout-flow\">\n                \n                <div class=\"wp-block-media-text alignfull has-media-on-the-right is-stacked-on-mobile is-pattern-p4-page-header is-style-parallax\">\n\n                <div class=\"wp-block-media-text__content\">\n                    <div class=\"wp-block-group is-layout-flow wp-block-group-is-layout-flow\">\n                    \n                        <h1 class=\"wp-block-heading has-white-background-color has-background\">\n                            \u00dcber Change sprechen\n                        <\/h1>\n                    <\/div>\n                \n\n                \n\n                \n\n                <\/div>\n                <figure class=\"wp-block-media-text__media\">\n                    <img loading=\"lazy\" decoding=\"async\" width=\"2560\" height=\"1707\"\n                        src=\"https:\/\/www.greenpeace.ch\/static\/planet4-switzerland-stateless\/2023\/04\/b1c1c6fb-mik20220514_133-scaled.jpg\"\n                        alt=\"\"\n                        sizes=\"auto, (min-width: 601px) 50vw, 100vw\" srcset=\"https:\/\/www.greenpeace.ch\/static\/planet4-switzerland-stateless\/2023\/04\/b1c1c6fb-mik20220514_133-scaled.jpg 2560w, https:\/\/www.greenpeace.ch\/static\/planet4-switzerland-stateless\/2023\/04\/b1c1c6fb-mik20220514_133-300x200.jpg 300w, https:\/\/www.greenpeace.ch\/static\/planet4-switzerland-stateless\/2023\/04\/b1c1c6fb-mik20220514_133-1024x683.jpg 1024w, https:\/\/www.greenpeace.ch\/static\/planet4-switzerland-stateless\/2023\/04\/b1c1c6fb-mik20220514_133-768x512.jpg 768w, https:\/\/www.greenpeace.ch\/static\/planet4-switzerland-stateless\/2023\/04\/b1c1c6fb-mik20220514_133-1536x1024.jpg 1536w, https:\/\/www.greenpeace.ch\/static\/planet4-switzerland-stateless\/2023\/04\/b1c1c6fb-mik20220514_133-2048x1366.jpg 2048w, https:\/\/www.greenpeace.ch\/static\/planet4-switzerland-stateless\/2023\/04\/b1c1c6fb-mik20220514_133-510x340.jpg 510w\" class=\"wp-image-97536 size-full\"\n                    \/>\n                <\/figure>\n                <\/div>\n                \n                <\/div>\n                \n                <\/div>\n                \n                \n                    <div class=\"wp-block-group is-vertical is-layout-flex wp-container-core-group-is-layout-8cf370e7 wp-block-group-is-layout-flex\">\n                    \n\n                    \n                    <\/div>\n                    \n<p>F\u00fchre mit jemandem ein Gespr\u00e4ch dar\u00fcber, wie die Gesellschaft ein Leben innerhalb der planetaren Grenzen erm\u00f6glichen k\u00f6nnte. Erz\u00e4hle der Person von den planetaren Grenzen und frage sie, was sie zum Thema denkt. Tipp: Je offener und neugieriger du bist, desto spannender wird das Gespr\u00e4ch!<\/p>\n\n<p>Hattet ihr tolle Erkenntnisse, oder haben dich die Gedanken deines Gegen\u00fcbers beeindruckt? Nehmt eure Eindr\u00fccke auf Video auf und schickt sie uns!<\/p>\n\n<p>Zum Einstieg ins Gespr\u00e4ch empfehlen wir dir zum Beispiel eine der folgenden Fragen. \ud83c\udfa4\ud83e\uddd0<\/p>\n\n<ul class=\"wp-block-list\">\n<li>F\u00fcr was h\u00e4ttest du gerne mehr Zeit?<\/li>\n\n\n\n<li>Juhui, der Wandel ist gegl\u00fcckt! Wie sieht unser System F\u00dcR Mensch und Planet in der Zukunft aus?<\/li>\n\n\n\n<li>Intuitiv denkt man oft: umweltfreundlich und sozial Handeln ist anstrengend \u2013 ungerecht und zerst\u00f6rerisch Handeln ist einfach. Wie siehst du das?<\/li>\n\n\n\n<li>Gibt es Momente, in denen du gar nicht vermeiden kannst, Dinge zu tun, die schlecht f\u00fcr die Umwelt oder andere Menschen sind? Wie f\u00fchlt sich das an? Was w\u00fcrdest du dir in solchen Momenten von der Gesellschaft w\u00fcnschen?<\/li>\n<\/ul>\n\n<p>Diese und weitere Gedankenspiele kannst du dir auch als <a href=\"https:\/\/www.greenpeace.ch\/static\/planet4-switzerland-stateless\/2023\/04\/57a5a6e1-gedankenspiele.pdf\" target=\"_blank\" rel=\"noreferrer noopener\">PDF<\/a> herunterladen.<\/p>\n\n<div class=\"wp-block-buttons is-layout-flex wp-block-buttons-is-layout-flex\">\n<div class=\"wp-block-button\"><a class=\"wp-block-button__link wp-element-button\" href=\"https:\/\/www.greenpeace.ch\/de\/fuer-change-aktiv-werden\/\">Zur\u00fcck zum Toolkit<\/a><\/div>\n<\/div>\n","protected":false},"excerpt":{"rendered":"<p>F\u00fchre mit jemandem ein Gespr\u00e4ch dar\u00fcber, wie die Gesellschaft ein Leben innerhalb der planetaren Grenzen erm\u00f6glichen k\u00f6nnte. Erz\u00e4hle der Person von den planetaren Grenzen und frage sie, was sie zum Thema denkt. Tipp: Je offener und neugieriger du bist, desto spannender wird das Gespr\u00e4ch!<\/p>\n","protected":false},"author":112,"featured_media":97536,"parent":0,"menu_order":0,"comment_status":"closed","ping_status":"closed","template":"","meta":{"_acf_changed":false,"_planet4_optimize_post_is_variant":false,"_planet4_optimize_experiment_name":"","_planet4_optimize_variant_name":"","ep_exclude_from_search":false,"p4_hide_page_title_checkbox":"on","p4_title":"","p4_subtitle":"","p4_description":"","background_image_id":"","background_image":"","p4_button_title":"","p4_button_link":"","p4_button_link_checkbox":"","p4_og_title":"","p4_og_description":"","p4_og_image":"https:\/\/www.greenpeace.ch\/static\/planet4-switzerland-stateless\/2023\/04\/b1c1c6fb-mik20220514_133-scaled.jpg","p4_og_image_id":"97536","p4_seo_canonical_url":"","p4_campaign_name":"","p4_local_project":"","p4_basket_name":"","p4_department":"","footnotes":""},"categories":[234],"tags":[227],"class_list":["post-97441","page","type-page","status-publish","has-post-thumbnail","hentry","category-change","tag-change"],"acf":[],"_links":{"self":[{"href":"https:\/\/www.greenpeace.ch\/de\/wp-json\/wp\/v2\/pages\/97441","targetHints":{"allow":["GET"]}}],"collection":[{"href":"https:\/\/www.greenpeace.ch\/de\/wp-json\/wp\/v2\/pages"}],"about":[{"href":"https:\/\/www.greenpeace.ch\/de\/wp-json\/wp\/v2\/types\/page"}],"author":[{"embeddable":true,"href":"https:\/\/www.greenpeace.ch\/de\/wp-json\/wp\/v2\/users\/112"}],"replies":[{"embeddable":true,"href":"https:\/\/www.greenpeace.ch\/de\/wp-json\/wp\/v2\/comments?post=97441"}],"version-history":[{"count":3,"href":"https:\/\/www.greenpeace.ch\/de\/wp-json\/wp\/v2\/pages\/97441\/revisions"}],"predecessor-version":[{"id":121243,"href":"https:\/\/www.greenpeace.ch\/de\/wp-json\/wp\/v2\/pages\/97441\/revisions\/121243"}],"wp:featuredmedia":[{"embeddable":true,"href":"https:\/\/www.greenpeace.ch\/de\/wp-json\/wp\/v2\/media\/97536"}],"wp:attachment":[{"href":"https:\/\/www.greenpeace.ch\/de\/wp-json\/wp\/v2\/media?parent=97441"}],"wp:term":[{"taxonomy":"category","embeddable":true,"href":"https:\/\/www.greenpeace.ch\/de\/wp-json\/wp\/v2\/categories?post=97441"},{"taxonomy":"post_tag","embeddable":true,"href":"https:\/\/www.greenpeace.ch\/de\/wp-json\/wp\/v2\/tags?post=97441"}],"curies":[{"name":"wp","href":"https:\/\/api.w.org\/{rel}","templated":true}]}}