{"id":97443,"date":"2023-04-27T16:54:59","date_gmt":"2023-04-27T14:54:59","guid":{"rendered":"https:\/\/www.greenpeace.ch\/?page_id=97443"},"modified":"2025-06-25T14:31:22","modified_gmt":"2025-06-25T12:31:22","slug":"treffen-organisieren","status":"publish","type":"page","link":"https:\/\/www.greenpeace.ch\/de\/treffen-organisieren\/","title":{"rendered":"Treffen organisieren"},"content":{"rendered":"\n                \n                <div class=\"wp-block-group alignfull is-layout-flow wp-block-group-is-layout-flow\">\n                \n                <div class=\"wp-block-group container is-layout-flow wp-block-group-is-layout-flow\">\n                \n                <div class=\"wp-block-media-text alignfull has-media-on-the-right is-stacked-on-mobile is-pattern-p4-page-header is-style-parallax\">\n\n                <div class=\"wp-block-media-text__content\">\n                    <div class=\"wp-block-group is-layout-flow wp-block-group-is-layout-flow\">\n                    \n                        <h1 class=\"wp-block-heading has-white-background-color has-background\">\n                            Treffen organisieren\n                        <\/h1>\n                    <\/div>\n                \n\n                \n\n                \n\n                <\/div>\n                <figure class=\"wp-block-media-text__media\">\n                    <img loading=\"lazy\" decoding=\"async\" width=\"2560\" height=\"1707\"\n                        src=\"https:\/\/www.greenpeace.ch\/static\/planet4-switzerland-stateless\/2023\/04\/621cb633-mik20220514_178-scaled.jpg\"\n                        alt=\"\"\n                        sizes=\"auto, (min-width: 601px) 50vw, 100vw\" srcset=\"https:\/\/www.greenpeace.ch\/static\/planet4-switzerland-stateless\/2023\/04\/621cb633-mik20220514_178-scaled.jpg 2560w, https:\/\/www.greenpeace.ch\/static\/planet4-switzerland-stateless\/2023\/04\/621cb633-mik20220514_178-300x200.jpg 300w, https:\/\/www.greenpeace.ch\/static\/planet4-switzerland-stateless\/2023\/04\/621cb633-mik20220514_178-1024x683.jpg 1024w, https:\/\/www.greenpeace.ch\/static\/planet4-switzerland-stateless\/2023\/04\/621cb633-mik20220514_178-768x512.jpg 768w, https:\/\/www.greenpeace.ch\/static\/planet4-switzerland-stateless\/2023\/04\/621cb633-mik20220514_178-1536x1024.jpg 1536w, https:\/\/www.greenpeace.ch\/static\/planet4-switzerland-stateless\/2023\/04\/621cb633-mik20220514_178-2048x1366.jpg 2048w, https:\/\/www.greenpeace.ch\/static\/planet4-switzerland-stateless\/2023\/04\/621cb633-mik20220514_178-510x340.jpg 510w\" class=\"wp-image-97542 size-full\"\n                    \/>\n                <\/figure>\n                <\/div>\n                \n                <\/div>\n                \n                <\/div>\n                \n                \n<p>Organisiere ein Treffen, das den Inhalt der Kampagne aufgreift und deine Mitmenschen zum Nachdenken anregt. Dabei darfst du gerne deine ganz pers\u00f6nliche Motivation ins Zentrum stellen!<br>Was wir damit meinen, und welche Tipps f\u00fcr ein gelungenes Treffen wir f\u00fcr dich haben, kannst du <a href=\"https:\/\/www.greenpeace.ch\/static\/planet4-switzerland-stateless\/2023\/04\/bb02901b-anleitung-change-treffen-organisieren.pdf\" target=\"_blank\" rel=\"noreferrer noopener\">hier nachlesen<\/a>. In der <a href=\"https:\/\/greenwire.greenpeace.ch\/group\/change\/?utm_medium=website&amp;utm_source=p4-events&amp;utm_campaign=change\">Change-Gruppe<\/a> auf Greenwire, unserer Plattform f\u00fcr freiwilliges Engagement mit Greenpeace, kannst du dich mit anderen Engagierten austauschen und deine Erfahrungen teilen.<\/p>\n\n<div class=\"wp-block-buttons is-layout-flex wp-block-buttons-is-layout-flex\">\n<div class=\"wp-block-button\"><a class=\"wp-block-button__link wp-element-button\" href=\"https:\/\/www.greenpeace.ch\/de\/fuer-change-aktiv-werden\/\">Zur\u00fcck zum Toolkit<\/a><\/div>\n<\/div>\n","protected":false},"excerpt":{"rendered":"<p>Organisiere ein Treffen, das den Inhalt der Kampagne aufgreift und deine Mitmenschen zum Nachdenken anregt.<\/p>\n","protected":false},"author":112,"featured_media":97542,"parent":0,"menu_order":0,"comment_status":"closed","ping_status":"closed","template":"","meta":{"_acf_changed":false,"_planet4_optimize_post_is_variant":false,"_planet4_optimize_experiment_name":"","_planet4_optimize_variant_name":"","ep_exclude_from_search":false,"p4_hide_page_title_checkbox":"on","p4_title":"","p4_subtitle":"","p4_description":"","background_image_id":"","background_image":"","p4_button_title":"","p4_button_link":"","p4_button_link_checkbox":"","p4_og_title":"","p4_og_description":"","p4_og_image":"https:\/\/www.greenpeace.ch\/static\/planet4-switzerland-stateless\/2023\/04\/621cb633-mik20220514_178-scaled.jpg","p4_og_image_id":"97542","p4_seo_canonical_url":"","p4_campaign_name":"","p4_local_project":"","p4_basket_name":"","p4_department":"","footnotes":""},"categories":[234],"tags":[227],"class_list":["post-97443","page","type-page","status-publish","has-post-thumbnail","hentry","category-change","tag-change"],"acf":[],"_links":{"self":[{"href":"https:\/\/www.greenpeace.ch\/de\/wp-json\/wp\/v2\/pages\/97443","targetHints":{"allow":["GET"]}}],"collection":[{"href":"https:\/\/www.greenpeace.ch\/de\/wp-json\/wp\/v2\/pages"}],"about":[{"href":"https:\/\/www.greenpeace.ch\/de\/wp-json\/wp\/v2\/types\/page"}],"author":[{"embeddable":true,"href":"https:\/\/www.greenpeace.ch\/de\/wp-json\/wp\/v2\/users\/112"}],"replies":[{"embeddable":true,"href":"https:\/\/www.greenpeace.ch\/de\/wp-json\/wp\/v2\/comments?post=97443"}],"version-history":[{"count":2,"href":"https:\/\/www.greenpeace.ch\/de\/wp-json\/wp\/v2\/pages\/97443\/revisions"}],"predecessor-version":[{"id":121242,"href":"https:\/\/www.greenpeace.ch\/de\/wp-json\/wp\/v2\/pages\/97443\/revisions\/121242"}],"wp:featuredmedia":[{"embeddable":true,"href":"https:\/\/www.greenpeace.ch\/de\/wp-json\/wp\/v2\/media\/97542"}],"wp:attachment":[{"href":"https:\/\/www.greenpeace.ch\/de\/wp-json\/wp\/v2\/media?parent=97443"}],"wp:term":[{"taxonomy":"category","embeddable":true,"href":"https:\/\/www.greenpeace.ch\/de\/wp-json\/wp\/v2\/categories?post=97443"},{"taxonomy":"post_tag","embeddable":true,"href":"https:\/\/www.greenpeace.ch\/de\/wp-json\/wp\/v2\/tags?post=97443"}],"curies":[{"name":"wp","href":"https:\/\/api.w.org\/{rel}","templated":true}]}}