{"id":102624,"date":"2023-10-05T14:18:57","date_gmt":"2023-10-05T12:18:57","guid":{"rendered":"https:\/\/www.greenpeace.ch\/?page_id=102624"},"modified":"2026-01-21T12:02:13","modified_gmt":"2026-01-21T11:02:13","slug":"protegeons-notre-planete-bleue","status":"publish","type":"page","link":"https:\/\/www.greenpeace.ch\/fr\/agir\/protegeons-notre-planete-bleue\/","title":{"rendered":"Prot\u00e9geons notre plan\u00e8te bleue\u00a0"},"content":{"rendered":"\n\n<div class=\"wp-block-group alignfull is-layout-flow wp-block-group-is-layout-flow\">\n<div class=\"wp-block-group container is-layout-flow wp-block-group-is-layout-flow\">\n<div class=\"wp-block-media-text alignfull has-media-on-the-right is-stacked-on-mobile is-pattern-p4-page-header is-style-parallax\"><div class=\"wp-block-media-text__content\">\n<div class=\"wp-block-group is-layout-flow wp-block-group-is-layout-flow\">\n<h1 class=\"wp-block-heading has-white-background-color has-background\">\n                            Prot\u00e9geons notre plan\u00e8te bleue&nbsp;\n                        <\/h1>\n<\/div>\n<\/div><figure class=\"wp-block-media-text__media\"><img loading=\"lazy\" decoding=\"async\" width=\"1024\" height=\"683\" src=\"https:\/\/www.greenpeace.ch\/static\/planet4-switzerland-stateless\/2026\/01\/1ac97a3b-gp1ta60b-1024x683-1.jpg\" alt=\"\" sizes=\"auto, (min-width: 601px) 50vw, 100vw\" srcset=\"https:\/\/www.greenpeace.ch\/static\/planet4-switzerland-stateless\/2026\/01\/1ac97a3b-gp1ta60b-1024x683-1.jpg 1024w, https:\/\/www.greenpeace.ch\/static\/planet4-switzerland-stateless\/2026\/01\/1ac97a3b-gp1ta60b-1024x683-1-300x200.jpg 300w, https:\/\/www.greenpeace.ch\/static\/planet4-switzerland-stateless\/2026\/01\/1ac97a3b-gp1ta60b-1024x683-1-768x512.jpg 768w, https:\/\/www.greenpeace.ch\/static\/planet4-switzerland-stateless\/2026\/01\/1ac97a3b-gp1ta60b-1024x683-1-510x340.jpg 510w\" class=\"wp-image-128614 size-full\"\/><\/figure><\/div>\n<\/div>\n<\/div>\n\n\n<div class=\"wp-block-group is-vertical is-layout-flex wp-container-core-group-is-layout-8cf370e7 wp-block-group-is-layout-flex\"><\/div>\n\n<div class=\"wp-block-columns has-2-columns is-style-petition-left is-layout-flex wp-container-core-columns-is-layout-9d6595d7 wp-block-columns-is-layout-flex\">\n<div class=\"wp-block-column is-layout-flow wp-block-column-is-layout-flow\">\n<h2 class=\"wp-block-heading\">Signez l&rsquo;appel<\/h2>\n\n\n\n<p><strong>Demandez aux dirigeants politiques de la plan\u00e8te de cr\u00e9er des r\u00e9serves marines prot\u00e9g\u00e9es pour notre plan\u00e8te bleue.<\/strong><\/p>\n\n\n<div class=\"gpch-block-form-progress-outer\" style=\"background-color: #303133;\">\n    <div class=\"gpch-block-form-progress-inner\" style=\"width: 94.913333333333%; background-color: #87bc25\">\n\n    <\/div>\n<\/div>\n\n<p> 284&#039;740 personnes ont d\u00e9j\u00e0 sign\u00e9.<\/p>\n\n<script type=\"text\/javascript\">\n\/* <![CDATA[ *\/\nvar gform;gform||(document.addEventListener(\"gform_main_scripts_loaded\",function(){gform.scriptsLoaded=!0}),document.addEventListener(\"gform\/theme\/scripts_loaded\",function(){gform.themeScriptsLoaded=!0}),window.addEventListener(\"DOMContentLoaded\",function(){gform.domLoaded=!0}),gform={domLoaded:!1,scriptsLoaded:!1,themeScriptsLoaded:!1,isFormEditor:()=>\"function\"==typeof InitializeEditor,callIfLoaded:function(o){return!(!gform.domLoaded||!gform.scriptsLoaded||!gform.themeScriptsLoaded&&!gform.isFormEditor()||(gform.isFormEditor()&&console.warn(\"The use of gform.initializeOnLoaded() is deprecated in the form editor context and will be removed in Gravity Forms 3.1.\"),o(),0))},initializeOnLoaded:function(o){gform.callIfLoaded(o)||(document.addEventListener(\"gform_main_scripts_loaded\",()=>{gform.scriptsLoaded=!0,gform.callIfLoaded(o)}),document.addEventListener(\"gform\/theme\/scripts_loaded\",()=>{gform.themeScriptsLoaded=!0,gform.callIfLoaded(o)}),window.addEventListener(\"DOMContentLoaded\",()=>{gform.domLoaded=!0,gform.callIfLoaded(o)}))},hooks:{action:{},filter:{}},addAction:function(o,r,e,t){gform.addHook(\"action\",o,r,e,t)},addFilter:function(o,r,e,t){gform.addHook(\"filter\",o,r,e,t)},doAction:function(o){gform.doHook(\"action\",o,arguments)},applyFilters:function(o){return gform.doHook(\"filter\",o,arguments)},removeAction:function(o,r){gform.removeHook(\"action\",o,r)},removeFilter:function(o,r,e){gform.removeHook(\"filter\",o,r,e)},addHook:function(o,r,e,t,n){null==gform.hooks[o][r]&&(gform.hooks[o][r]=[]);var d=gform.hooks[o][r];null==n&&(n=r+\"_\"+d.length),gform.hooks[o][r].push({tag:n,callable:e,priority:t=null==t?10:t})},doHook:function(r,o,e){var t;if(e=Array.prototype.slice.call(e,1),null!=gform.hooks[r][o]&&((o=gform.hooks[r][o]).sort(function(o,r){return o.priority-r.priority}),o.forEach(function(o){\"function\"!=typeof(t=o.callable)&&(t=window[t]),\"action\"==r?t.apply(null,e):e[0]=t.apply(null,e)})),\"filter\"==r)return e[0]},removeHook:function(o,r,t,n){var e;null!=gform.hooks[o][r]&&(e=(e=gform.hooks[o][r]).filter(function(o,r,e){return!!(null!=n&&n!=o.tag||null!=t&&t!=o.priority)}),gform.hooks[o][r]=e)}});\n\/* ]]> *\/\n<\/script>\n\n                <div class='gf_browser_gecko gform_wrapper gravity-theme gform-theme--no-framework' data-form-theme='gravity-theme' data-form-index='0' id='gform_wrapper_369' ><div id='gf_369' class='gform_anchor' tabindex='-1'><\/div>\n                        <div class='gform_heading'>\n\t\t\t\t\t\t\t<p class='gform_required_legend'>&quot;<span class=\"gfield_required gfield_required_asterisk\">*<\/span>&quot; indique les champs obligatoires<\/p>\n                        <\/div><form method='post' enctype='multipart\/form-data' target='gform_ajax_frame_369' id='gform_369'  action='\/fr\/wp-json\/wp\/v2\/pages\/102624#gf_369' data-formid='369' novalidate>\n                        <div class='gform-body gform_body'><div id='gform_fields_369' class='gform_fields top_label form_sublabel_below description_below validation_below'><div id=\"field_369_3\" class=\"gfield gfield--type-select gfield--input-type-select gfield_contains_required field_sublabel_below gfield--no-description field_description_below field_validation_below gfield_visibility_visible\"  ><label class='gfield_label gform-field-label' for='input_369_3'>Titre<span class=\"gfield_required\"><span class=\"gfield_required gfield_required_asterisk\">*<\/span><\/span><\/label><div class='ginput_container ginput_container_select'><select name='input_3' id='input_369_3' class='large gfield_select'    aria-required=\"true\" aria-invalid=\"false\" ><option value='Formule d&#039;appel neutre' >Formule d&#039;appel neutre<\/option><option value='Madame' >Madame<\/option><option value='Monsieur' >Monsieur<\/option><\/select><\/div><\/div><div id=\"field_369_4\" class=\"gfield gfield--type-text gfield--input-type-text gfield_contains_required field_sublabel_below gfield--no-description field_description_below field_validation_below gfield_visibility_visible\"  ><label class='gfield_label gform-field-label' for='input_369_4'>Pr\u00e9nom<span class=\"gfield_required\"><span class=\"gfield_required gfield_required_asterisk\">*<\/span><\/span><\/label><div class='ginput_container ginput_container_text'><input name='input_4' id='input_369_4' type='text' value='' class='large' maxlength='120'    aria-required=\"true\" aria-invalid=\"false\"  autocomplete=\"given-name\" \/><\/div><\/div><div id=\"field_369_5\" class=\"gfield gfield--type-text gfield--input-type-text gfield_contains_required field_sublabel_below gfield--no-description field_description_below field_validation_below gfield_visibility_visible\"  ><label class='gfield_label gform-field-label' for='input_369_5'>Nom de famille<span class=\"gfield_required\"><span class=\"gfield_required gfield_required_asterisk\">*<\/span><\/span><\/label><div class='ginput_container ginput_container_text'><input name='input_5' id='input_369_5' type='text' value='' class='large' maxlength='120'    aria-required=\"true\" aria-invalid=\"false\"  autocomplete=\"family-name\" \/><\/div><\/div><div id=\"field_369_6\" class=\"gfield gfield--type-email gfield--input-type-email gfield_contains_required field_sublabel_below gfield--no-description field_description_below field_validation_below gfield_visibility_visible\"  ><label class='gfield_label gform-field-label' for='input_369_6'>E-Mail<span class=\"gfield_required\"><span class=\"gfield_required gfield_required_asterisk\">*<\/span><\/span><\/label><div class='ginput_container ginput_container_email'>\n                            <input name='input_6' id='input_369_6' type='email' value='' class='large'    aria-required=\"true\" aria-invalid=\"false\"  autocomplete=\"email\"\/>\n                        <\/div><\/div><div id=\"field_369_11\" class=\"gfield gfield--type-phone gfield--input-type-phone field_sublabel_below gfield--no-description field_description_below field_validation_below gfield_visibility_visible\"  ><label class='gfield_label gform-field-label' for='input_369_11'>T\u00e9l\u00e9phone<\/label><div class='ginput_container ginput_container_phone'><input name='input_11' id='input_369_11' type='tel' value='' class='large'  placeholder='+41 xx xxx xx xx'  aria-invalid=\"false\"  autocomplete=\"tel\" \/><\/div><\/div><fieldset id=\"field_369_8\" class=\"gfield gfield--type-checkbox gfield--type-choice gfield--input-type-checkbox field_sublabel_below gfield--no-description field_description_below field_validation_below gfield_visibility_visible custom-control\"  data-field-class=\"custom-control\" ><legend class='gfield_label gform-field-label gfield_label_before_complex' >Newsletter<\/legend><div class='ginput_container ginput_container_checkbox'><div class='gfield_checkbox ' id='input_369_8'><div class='gchoice gchoice_369_8_1'>\n\t\t\t\t\t\t\t\t<input class='gfield-choice-input' name='input_8.1' type='checkbox'  value='meer' checked='checked' id='choice_369_8_1'   \/>\n\t\t\t\t\t\t\t\t<label for='choice_369_8_1' id='label_369_8_1' class='gform-field-label gform-field-label--type-inline'>Je souhaite m&rsquo;abonner \u00e0 la newsletter pour rester inform\u00e9\u00b7e<\/label>\n\t\t\t\t\t\t\t<\/div><\/div><\/div><\/fieldset><div id=\"field_369_22\" class=\"gfield gfield--type-html gfield--input-type-html gfield--width-full gfield_html gfield_html_formatted gfield_no_follows_desc field_sublabel_below gfield--no-description field_description_below field_validation_below gfield_visibility_visible\"  ><p>Pour plus d&rsquo;informations sur l&rsquo;utilisation de vos donn\u00e9es, consultez notre <a href=\"https:\/\/www.greenpeace.ch\/fr\/protection-des-donnees\/\" target=\"_blank\">d\u00e9claration de confidentialit\u00e9<\/a>.<\/p><\/div><div id=\"field_369_23\" class=\"gfield gfield--type-hidden gfield--input-type-hidden gfield--width-full gform_hidden field_sublabel_below gfield--no-description field_description_below field_validation_below gfield_visibility_visible\"  ><div class='ginput_container ginput_container_text'><input name='input_23' id='input_369_23' type='hidden' class='gform_hidden'  aria-invalid=\"false\" value='Pour plus d&#039;informations sur l&#039;utilisation de vos donn\u00e9es, consultez notre d\u00e9claration de confidentialit\u00e9.' \/><\/div><\/div><div id=\"field_369_12\" class=\"gfield gfield--type-hidden gfield--input-type-hidden gform_hidden field_sublabel_below gfield--no-description field_description_below field_validation_below gfield_visibility_visible\"  ><div class='ginput_container ginput_container_text'><input name='input_12' id='input_369_12' type='hidden' class='gform_hidden'  aria-invalid=\"false\" value='' \/><\/div><\/div><div id=\"field_369_13\" class=\"gfield gfield--type-hidden gfield--input-type-hidden gform_hidden field_sublabel_below gfield--no-description field_description_below field_validation_below gfield_visibility_visible\"  ><div class='ginput_container ginput_container_text'><input name='input_13' id='input_369_13' type='hidden' class='gform_hidden'  aria-invalid=\"false\" value='' \/><\/div><\/div><div id=\"field_369_14\" class=\"gfield gfield--type-hidden gfield--input-type-hidden gform_hidden field_sublabel_below gfield--no-description field_description_below field_validation_below gfield_visibility_visible\"  ><div class='ginput_container ginput_container_text'><input name='input_14' id='input_369_14' type='hidden' class='gform_hidden'  aria-invalid=\"false\" value='' \/><\/div><\/div><div id=\"field_369_15\" class=\"gfield gfield--type-hidden gfield--input-type-hidden gform_hidden field_sublabel_below gfield--no-description field_description_below field_validation_below gfield_visibility_visible\"  ><div class='ginput_container ginput_container_text'><input name='input_15' id='input_369_15' type='hidden' class='gform_hidden'  aria-invalid=\"false\" value='' \/><\/div><\/div><div id=\"field_369_16\" class=\"gfield gfield--type-hidden gfield--input-type-hidden gform_hidden field_sublabel_below gfield--no-description field_description_below field_validation_below gfield_visibility_visible\"  ><div class='ginput_container ginput_container_text'><input name='input_16' id='input_369_16' type='hidden' class='gform_hidden'  aria-invalid=\"false\" value='' \/><\/div><\/div><div id=\"field_369_25\" class=\"gfield gfield--type-text gfield--input-type-text gfield--width-full field_sublabel_below gfield--no-description field_description_below field_validation_below gfield_visibility_hidden\"  ><div class=\"admin-hidden-markup\"><i class=\"gform-icon gform-icon--hidden\" aria-hidden=\"true\" title=\"This field is hidden when viewing the form\"><\/i><span>This field is hidden when viewing the form<\/span><\/div><label class='gfield_label gform-field-label' for='input_369_25'>year_end_campaign_2024_visual<\/label><div class='ginput_container ginput_container_text'><input name='input_25' id='input_369_25' type='text' value='' class='large'      aria-invalid=\"false\"   \/><\/div><\/div><div id=\"field_369_17\" class=\"gfield gfield--type-hidden gfield--input-type-hidden gform_hidden field_sublabel_below gfield--no-description field_description_below field_validation_below gfield_visibility_visible\"  ><div class='ginput_container ginput_container_text'><input name='input_17' id='input_369_17' type='hidden' class='gform_hidden'  aria-invalid=\"false\" value='' \/><\/div><\/div><div id=\"field_369_20\" class=\"gfield gfield--type-hidden gfield--input-type-hidden gfield--width-full gform_hidden field_sublabel_below gfield--no-description field_description_below field_validation_below gfield_visibility_visible\"  ><div class='ginput_container ginput_container_text'><input name='input_20' id='input_369_20' type='hidden' class='gform_hidden'  aria-invalid=\"false\" value='campaign' \/><\/div><\/div><div id=\"field_369_21\" class=\"gfield gfield--type-hidden gfield--input-type-hidden gfield--width-full gform_hidden field_sublabel_below gfield--no-description field_description_below field_validation_below gfield_visibility_visible\"  ><div class='ginput_container ginput_container_text'><input name='input_21' id='input_369_21' type='hidden' class='gform_hidden'  aria-invalid=\"false\" value='701090000018c2fAAA' \/><\/div><\/div><\/div><\/div>\n        <div class='gform-footer gform_footer top_label'> <input type='submit' id='gform_submit_button_369' class='gform_button button' onclick='gform.submission.handleButtonClick(this);' data-submission-type='submit' value='Envoyer'  \/> <input type='hidden' name='gform_ajax' value='form_id=369&amp;title=&amp;description=&amp;tabindex=0&amp;theme=gravity-theme&amp;styles={&quot;inputPrimaryColor&quot;:&quot;#204ce5&quot;}&amp;hash=cdee3cb9fb32768186f616245256f2bc' \/>\n            <input type='hidden' class='gform_hidden' name='gform_submission_method' data-js='gform_submission_method_369' value='iframe' \/>\n            <input type='hidden' class='gform_hidden' name='gform_theme' data-js='gform_theme_369' id='gform_theme_369' value='gravity-theme' \/>\n            <input type='hidden' class='gform_hidden' name='gform_style_settings' data-js='gform_style_settings_369' id='gform_style_settings_369' value='{&quot;inputPrimaryColor&quot;:&quot;#204ce5&quot;}' \/>\n            <input type='hidden' class='gform_hidden' name='is_submit_369' value='1' \/>\n            <input type='hidden' class='gform_hidden' name='gform_submit' value='369' \/>\n            \n            <input type='hidden' class='gform_hidden' name='gform_currency' data-currency='CHF' value='FNLO56wcwbENOMWFEq1ZOym0wrelZNdw2PoP57l3Scld\/FAZUqL84mE07otZe3x0aG2tT0KtPcA3GD9+emphlvbQp4iPDwTmIbTi9IxcUd9Kvhk=' \/>\n            <input type='hidden' class='gform_hidden' name='gform_unique_id' value='' \/>\n            <input type='hidden' class='gform_hidden' name='state_369' value='WyJbXSIsIjAyYTRhYjNlYmQ4MDQ2NmNkNDhhYmQ4MGQwMjNjMDZjIl0=' \/>\n            <input type='hidden' autocomplete='off' class='gform_hidden' name='gform_target_page_number_369' id='gform_target_page_number_369' value='0' \/>\n            <input type='hidden' autocomplete='off' class='gform_hidden' name='gform_source_page_number_369' id='gform_source_page_number_369' value='1' \/>\n            <input type='hidden' name='gform_field_values' value='' \/>\n            \n        <\/div>\n                        <\/form>\n                        <\/div>\n\t\t                <iframe style='display:none;width:0px;height:0px;' src='about:blank' name='gform_ajax_frame_369' id='gform_ajax_frame_369' title='Cette iframe contient la logique n\u00e9cessaire pour manipuler Gravity Forms avec Ajax.'><\/iframe>\n\t\t                <script type=\"text\/javascript\">\n\/* <![CDATA[ *\/\n gform.initializeOnLoaded( function() {gformInitSpinner( 369, 'https:\/\/www.greenpeace.ch\/wp-content\/plugins\/gravityforms\/images\/spinner.svg', true );jQuery('#gform_ajax_frame_369').on('load',function(){var contents = jQuery(this).contents().find('*').html();var is_postback = contents.indexOf('GF_AJAX_POSTBACK') >= 0;if(!is_postback){return;}var form_content = jQuery(this).contents().find('#gform_wrapper_369');var is_confirmation = jQuery(this).contents().find('#gform_confirmation_wrapper_369').length > 0;var is_redirect = contents.indexOf('gformRedirect(){') >= 0;var is_form = form_content.length > 0 && ! is_redirect && ! is_confirmation;var mt = parseInt(jQuery('html').css('margin-top'), 10) + parseInt(jQuery('body').css('margin-top'), 10) + 100;if(is_form){jQuery('#gform_wrapper_369').html(form_content.html());if(form_content.hasClass('gform_validation_error')){jQuery('#gform_wrapper_369').addClass('gform_validation_error');} else {jQuery('#gform_wrapper_369').removeClass('gform_validation_error');}setTimeout( function() { \/* delay the scroll by 50 milliseconds to fix a bug in chrome *\/ jQuery(document).scrollTop(jQuery('#gform_wrapper_369').offset().top - mt); }, 50 );if(window['gformInitDatepicker']) {gformInitDatepicker();}if(window['gformInitPriceFields']) {gformInitPriceFields();}var current_page = jQuery('#gform_source_page_number_369').val();gformInitSpinner( 369, 'https:\/\/www.greenpeace.ch\/wp-content\/plugins\/gravityforms\/images\/spinner.svg', true );jQuery(document).trigger('gform_page_loaded', [369, current_page]);window['gf_submitting_369'] = false;}else if(!is_redirect){var confirmation_content = jQuery(this).contents().find('.GF_AJAX_POSTBACK').html();if(!confirmation_content){confirmation_content = contents;}jQuery('#gform_wrapper_369').replaceWith(confirmation_content);jQuery(document).scrollTop(jQuery('#gf_369').offset().top - mt);jQuery(document).trigger('gform_confirmation_loaded', [369]);window['gf_submitting_369'] = false;wp.a11y.speak(jQuery('#gform_confirmation_message_369').text());}else{jQuery('#gform_369').append(contents);if(window['gformRedirect']) {gformRedirect();}}jQuery(document).trigger(\"gform_pre_post_render\", [{ formId: \"369\", currentPage: \"current_page\", abort: function() { this.preventDefault(); } }]);        if (event && event.defaultPrevented) {                return;        }        const gformWrapperDiv = document.getElementById( \"gform_wrapper_369\" );        if ( gformWrapperDiv ) {            const visibilitySpan = document.createElement( \"span\" );            visibilitySpan.id = \"gform_visibility_test_369\";            gformWrapperDiv.insertAdjacentElement( \"afterend\", visibilitySpan );        }        const visibilityTestDiv = document.getElementById( \"gform_visibility_test_369\" );        let postRenderFired = false;        function triggerPostRender() {            if ( postRenderFired ) {                return;            }            postRenderFired = true;            gform.core.triggerPostRenderEvents( 369, current_page );            if ( visibilityTestDiv ) {                visibilityTestDiv.parentNode.removeChild( visibilityTestDiv );            }        }        function debounce( func, wait, immediate ) {            var timeout;            return function() {                var context = this, args = arguments;                var later = function() {                    timeout = null;                    if ( !immediate ) func.apply( context, args );                };                var callNow = immediate && !timeout;                clearTimeout( timeout );                timeout = setTimeout( later, wait );                if ( callNow ) func.apply( context, args );            };        }        const debouncedTriggerPostRender = debounce( function() {            triggerPostRender();        }, 200 );        if ( visibilityTestDiv && visibilityTestDiv.offsetParent === null ) {            const observer = new MutationObserver( ( mutations ) => {                mutations.forEach( ( mutation ) => {                    if ( mutation.type === 'attributes' && visibilityTestDiv.offsetParent !== null ) {                        debouncedTriggerPostRender();                        observer.disconnect();                    }                });            });            observer.observe( document.body, {                attributes: true,                childList: false,                subtree: true,                attributeFilter: [ 'style', 'class' ],            });        } else {            triggerPostRender();        }    } );} ); \n\/* ]]> *\/\n<\/script>\n<\/div>\n\n\n\n<div class=\"wp-block-column is-layout-flow wp-block-column-is-layout-flow\">\n<h2 class=\"wp-block-heading is-style-default\"><strong>Engageons-nous en faveur des aires marines prot\u00e9g\u00e9es<\/strong><\/h2>\n\n\n\n<p>Le r\u00e9chauffement climatique, la pollution et la surp\u00eache poussent nos oc\u00e9ans au bord de l&rsquo;effondrement. La s\u00e9curit\u00e9 alimentaire et les moyens de subsistance de milliards de personnes sont en jeu. <strong>Le temps presse pour notre plan\u00e8te bleue.<\/strong><\/p>\n\n\n\n<h3 class=\"wp-block-heading\">Un nouvel espoir<\/h3>\n\n\n\n<p>Il existe un consensus scientifique clair: <strong>les aires marines prot\u00e9g\u00e9es sont la solution. <\/strong>Il s\u2019agit d&rsquo;espaces o\u00f9 la vie marine et les \u00e9cosyst\u00e8mes peuvent se r\u00e9tablir et prosp\u00e9rer, restaurant ainsi la sant\u00e9 de nos oc\u00e9ans.<\/p>\n\n\n\n<p>En janvier 2026, le Trait\u00e9 mondial sur les oc\u00e9ans est entr\u00e9 en vigueur, rendant cette avanc\u00e9e possible. Les responsables politiques du monde entier, y compris en Suisse, doivent d\u00e9sormais \u00e9tablir des aires prot\u00e9g\u00e9es dans les eaux internationales et prot\u00e9ger au moins 30\u00a0% des oc\u00e9ans d&rsquo;ici\u00a02030.<\/p>\n\n\n\n<h2 class=\"wp-block-heading\">Nos demandes<\/h2>\n\n\n\n<ul class=\"wp-block-list\">\n<li><strong>Une ratification rapide du Trait\u00e9 mondial sur les oc\u00e9ans par la Suisse,<\/strong> afin de pouvoir participer aux d\u00e9cisions et donner une r\u00e9elle port\u00e9e \u00e0 l\u2019accord.<\/li>\n\n\n\n<li><strong>De v\u00e9ritables aires marines prot\u00e9g\u00e9es, pas des protections de fa\u00e7ade:<\/strong> seules des zones pleinement ou strictement prot\u00e9g\u00e9es permettent de pr\u00e9server efficacement la biodiversit\u00e9 et le climat.<\/li>\n\n\n\n<li><strong>Justice globale: <\/strong>un soutien renforc\u00e9 aux pays du Sud par des financements, le transfert de technologies et le renforcement des capacit\u00e9s, notamment pour la cr\u00e9ation et la gestion des aires prot\u00e9g\u00e9es, la recherche et le suivi scientifique.<\/li>\n\n\n\n<li><strong>Un engagement international plus large,<\/strong> incluant un moratoire sur l\u2019extraction mini\u00e8re en eaux profondes, afin d&#8217;emp\u00eacher une nouvelle destruction des oc\u00e9ans.<\/li>\n<\/ul>\n\n\n\n<p><\/p>\n<\/div>\n<\/div>\n","protected":false},"excerpt":{"rendered":"<p>Demandez aux dirigeants politiques de la plan\u00e8te de cr\u00e9er des r\u00e9serves marines prot\u00e9g\u00e9es pour notre plan\u00e8te bleue.<\/p>\n","protected":false},"author":89,"featured_media":128614,"parent":32627,"menu_order":0,"comment_status":"closed","ping_status":"closed","template":"","meta":{"_acf_changed":false,"_planet4_optimize_post_is_variant":false,"_planet4_optimize_experiment_name":"","_planet4_optimize_variant_name":"","ep_exclude_from_search":false,"p4_hide_page_title_checkbox":"on","p4_title":"","p4_subtitle":"","p4_description":"","background_image_id":"","background_image":"","p4_button_title":"","p4_button_link":"","p4_button_link_checkbox":"","p4_og_title":"","p4_og_description":"","p4_og_image":"","p4_og_image_id":"","p4_seo_canonical_url":"","p4_campaign_name":"not set","p4_local_project":"not set","p4_basket_name":"not set","p4_department":"","footnotes":""},"categories":[124],"tags":[56],"class_list":["post-102624","page","type-page","status-publish","has-post-thumbnail","hentry","category-meer-fr","tag-oceans"],"acf":[],"_links":{"self":[{"href":"https:\/\/www.greenpeace.ch\/fr\/wp-json\/wp\/v2\/pages\/102624","targetHints":{"allow":["GET"]}}],"collection":[{"href":"https:\/\/www.greenpeace.ch\/fr\/wp-json\/wp\/v2\/pages"}],"about":[{"href":"https:\/\/www.greenpeace.ch\/fr\/wp-json\/wp\/v2\/types\/page"}],"author":[{"embeddable":true,"href":"https:\/\/www.greenpeace.ch\/fr\/wp-json\/wp\/v2\/users\/89"}],"replies":[{"embeddable":true,"href":"https:\/\/www.greenpeace.ch\/fr\/wp-json\/wp\/v2\/comments?post=102624"}],"version-history":[{"count":14,"href":"https:\/\/www.greenpeace.ch\/fr\/wp-json\/wp\/v2\/pages\/102624\/revisions"}],"predecessor-version":[{"id":128653,"href":"https:\/\/www.greenpeace.ch\/fr\/wp-json\/wp\/v2\/pages\/102624\/revisions\/128653"}],"up":[{"embeddable":true,"href":"https:\/\/www.greenpeace.ch\/fr\/wp-json\/wp\/v2\/pages\/32627"}],"wp:featuredmedia":[{"embeddable":true,"href":"https:\/\/www.greenpeace.ch\/fr\/wp-json\/wp\/v2\/media\/128614"}],"wp:attachment":[{"href":"https:\/\/www.greenpeace.ch\/fr\/wp-json\/wp\/v2\/media?parent=102624"}],"wp:term":[{"taxonomy":"category","embeddable":true,"href":"https:\/\/www.greenpeace.ch\/fr\/wp-json\/wp\/v2\/categories?post=102624"},{"taxonomy":"post_tag","embeddable":true,"href":"https:\/\/www.greenpeace.ch\/fr\/wp-json\/wp\/v2\/tags?post=102624"}],"curies":[{"name":"wp","href":"https:\/\/api.w.org\/{rel}","templated":true}]}}