{"id":107186,"date":"2024-04-09T10:29:29","date_gmt":"2024-04-09T08:29:29","guid":{"rendered":"https:\/\/www.greenpeace.ch\/?page_id=107186"},"modified":"2025-06-25T14:30:33","modified_gmt":"2025-06-25T12:30:33","slug":"merci-mettons-fin-ere-plastique","status":"publish","type":"page","link":"https:\/\/www.greenpeace.ch\/fr\/merci-mettons-fin-ere-plastique\/","title":{"rendered":"Mettons fin \u00e0 l&rsquo;\u00e8re du plastique"},"content":{"rendered":"\n                \n                <div class=\"wp-block-group alignfull is-layout-flow wp-block-group-is-layout-flow\">\n                \n                <div class=\"wp-block-group container is-layout-flow wp-block-group-is-layout-flow\">\n                \n                <div class=\"wp-block-media-text alignfull has-media-on-the-right is-stacked-on-mobile is-pattern-p4-page-header is-style-parallax\">\n\n                <div class=\"wp-block-media-text__content\">\n                    <div class=\"wp-block-group is-layout-flow wp-block-group-is-layout-flow\">\n                    \n                        <h1 class=\"wp-block-heading has-white-background-color has-background\">\n                            Mettons fin \u00e0 l&#8217;\u00e8re du plastique\n                        <\/h1>\n                    <\/div>\n                \n\n                \n\n                \n\n                <\/div>\n                <figure class=\"wp-block-media-text__media\">\n                    <img loading=\"lazy\" decoding=\"async\" width=\"1200\" height=\"798\"\n                        src=\"https:\/\/www.greenpeace.ch\/static\/planet4-switzerland-stateless\/2023\/01\/d39ac6aa-gp1swzb4_medium_res-1.jpg\"\n                        alt=\"\"\n                        sizes=\"auto, (min-width: 601px) 50vw, 100vw\" srcset=\"https:\/\/www.greenpeace.ch\/static\/planet4-switzerland-stateless\/2023\/01\/d39ac6aa-gp1swzb4_medium_res-1.jpg 1200w, https:\/\/www.greenpeace.ch\/static\/planet4-switzerland-stateless\/2023\/01\/d39ac6aa-gp1swzb4_medium_res-1-300x200.jpg 300w, https:\/\/www.greenpeace.ch\/static\/planet4-switzerland-stateless\/2023\/01\/d39ac6aa-gp1swzb4_medium_res-1-1024x681.jpg 1024w, https:\/\/www.greenpeace.ch\/static\/planet4-switzerland-stateless\/2023\/01\/d39ac6aa-gp1swzb4_medium_res-1-768x511.jpg 768w, https:\/\/www.greenpeace.ch\/static\/planet4-switzerland-stateless\/2023\/01\/d39ac6aa-gp1swzb4_medium_res-1-510x340.jpg 510w\" class=\"wp-image-93588 size-full\"\n                    \/>\n                <\/figure>\n                <\/div>\n                \n                <\/div>\n                \n                <\/div>\n                \n                \n                    <div class=\"wp-block-group is-vertical is-layout-flex wp-container-core-group-is-layout-8cf370e7 wp-block-group-is-layout-flex\">\n                    \n\n                    \n                    <\/div>\n                    \n<div class=\"wp-block-columns has-2-columns is-style-petition-left is-layout-flex wp-container-core-columns-is-layout-9d6595d7 wp-block-columns-is-layout-flex\">\n<div class=\"wp-block-column is-layout-flow wp-block-column-is-layout-flow\">\n<p><strong>Nous vous remercions pour votre int\u00e9r\u00eat. La p\u00e9tition est d\u00e9sormais close et sera remise le 16 avril<\/strong> <strong>2024.<\/strong><\/p>\n<\/div>\n\n\n\n<div class=\"wp-block-column is-layout-flow wp-block-column-is-layout-flow\">\n<h2 class=\"wp-block-heading is-style-default\">Faites entendre votre voix pour un trait\u00e9 international sur le plastique<\/h2>\n\n\n\n<p><strong>La pollution plastique a atteint une ampleur sans pr\u00e9c\u00e9dent qui ne conna\u00eet pas de fronti\u00e8res. <\/strong>Du fond des oc\u00e9ans jusque dans la neige de nos montagnes, le plastique se retrouve partout &#8211; \u00e9galement dans l\u2019air que nous respirons, dans les aliments que nous mangeons et dans notre sang. Produit \u00e0 partir de p\u00e9trole et de gaz, le plastique ne nuit pas seulement \u00e0 l\u2019environnement, aux animaux et \u00e0 notre sant\u00e9, il acc\u00e9l\u00e8re aussi la crise climatique.<\/p>\n\n\n\n<p><strong>Une crise mondiale n\u00e9cessite une solution coordonn\u00e9e au niveau mondial : <\/strong>le futur trait\u00e9 international sur les plastiques des Nations Unies a le potentiel de mettre le monde sur la voie d\u2019un avenir sans plastique. C\u2019est pourquoi Greenpeace s\u2019engage pour un trait\u00e9 ambitieux et juridiquement contraignant, qui limite la production et l&rsquo;utilisation du plastique et prend en compte l&rsquo;ensemble de son cycle de vie.<\/p>\n\n\n\n<p>Les chefs d&rsquo;\u00c9tat et de gouvernement se sont r\u00e9unis \u00e0 Paris en mai 2023 pour n\u00e9gocier l&rsquo;accord sur le plastique. Malheureusement, le processus a \u00e9t\u00e9 retard\u00e9 : les repr\u00e9sentants des pays producteurs de p\u00e9trole et de l&rsquo;industrie fossile \u00e9taient \u00e9galement pr\u00e9sents \u00e0 la r\u00e9union. Ils veulent affaiblir l&rsquo;accord.<br>Mais il ne faut pas en arriver l\u00e0 ! Les prochaines n\u00e9gociations auront lieu en avril 2024. D&rsquo;ici l\u00e0, nous avons besoin de plus de voix. <strong>Signez la p\u00e9tition !<\/strong><\/p>\n\n\n\n<h3 class=\"wp-block-heading\"><strong>Nos revendications pour un trait\u00e9 ambitieux<\/strong><\/h3>\n\n\n\n<ul class=\"is-style-accent-info wp-block-list\">\n<li>Limiter la production et l&rsquo;utilisation du plastique.<\/li>\n\n\n\n<li>D\u00e9velopper \u00e0 grande \u00e9chelle des syst\u00e8mes de recharge et de r\u00e9utilisation \u00e0 la place des emballages \u00e0 usage unique.<\/li>\n\n\n\n<li>Demander des comptes aux grands pollueurs pour leur production excessive de plastique.<\/li>\n\n\n\n<li>Exiger une transparence totale<strong> <\/strong>sur tous les plastiques produits, utilis\u00e9s, import\u00e9s et export\u00e9s.<\/li>\n\n\n\n<li>Exiger des pays riches qu&rsquo;ils m\u00e8nent la transition vers le z\u00e9ro d\u00e9chet et aident les autres.<\/li>\n\n\n\n<li>Assurer une transition juste<strong> <\/strong>pour les travailleurs concern\u00e9s et les communaut\u00e9s en premi\u00e8re ligne.<\/li>\n<\/ul>\n<\/div>\n<\/div>\n","protected":false},"excerpt":{"rendered":"<p>Demandez au gouvernement suisse et aux dirigeants du monde entier un trait\u00e9 international ambitieux pour mettre fin \u00e0 la pollution plastique.<\/p>\n","protected":false},"author":38,"featured_media":93588,"parent":0,"menu_order":0,"comment_status":"closed","ping_status":"closed","template":"","meta":{"_acf_changed":false,"_planet4_optimize_post_is_variant":false,"_planet4_optimize_experiment_name":"","_planet4_optimize_variant_name":"","ep_exclude_from_search":false,"p4_hide_page_title_checkbox":"on","p4_title":"","p4_subtitle":"","p4_description":"","background_image_id":"","background_image":"","p4_button_title":"","p4_button_link":"","p4_button_link_checkbox":"","p4_og_title":"","p4_og_description":"","p4_og_image":"https:\/\/www.greenpeace.ch\/static\/planet4-switzerland-stateless\/2023\/01\/d39ac6aa-gp1swzb4_medium_res-1.jpg","p4_og_image_id":"93588","p4_seo_canonical_url":"","p4_campaign_name":"not set","p4_local_project":"not set","p4_basket_name":"not set","p4_department":"","footnotes":""},"categories":[149],"tags":[74,218],"class_list":["post-107186","page","type-page","status-publish","has-post-thumbnail","hentry","category-zero-waste-fr","tag-zero-dechet","tag-consommation"],"acf":[],"_links":{"self":[{"href":"https:\/\/www.greenpeace.ch\/fr\/wp-json\/wp\/v2\/pages\/107186","targetHints":{"allow":["GET"]}}],"collection":[{"href":"https:\/\/www.greenpeace.ch\/fr\/wp-json\/wp\/v2\/pages"}],"about":[{"href":"https:\/\/www.greenpeace.ch\/fr\/wp-json\/wp\/v2\/types\/page"}],"author":[{"embeddable":true,"href":"https:\/\/www.greenpeace.ch\/fr\/wp-json\/wp\/v2\/users\/38"}],"replies":[{"embeddable":true,"href":"https:\/\/www.greenpeace.ch\/fr\/wp-json\/wp\/v2\/comments?post=107186"}],"version-history":[{"count":4,"href":"https:\/\/www.greenpeace.ch\/fr\/wp-json\/wp\/v2\/pages\/107186\/revisions"}],"predecessor-version":[{"id":121215,"href":"https:\/\/www.greenpeace.ch\/fr\/wp-json\/wp\/v2\/pages\/107186\/revisions\/121215"}],"wp:featuredmedia":[{"embeddable":true,"href":"https:\/\/www.greenpeace.ch\/fr\/wp-json\/wp\/v2\/media\/93588"}],"wp:attachment":[{"href":"https:\/\/www.greenpeace.ch\/fr\/wp-json\/wp\/v2\/media?parent=107186"}],"wp:term":[{"taxonomy":"category","embeddable":true,"href":"https:\/\/www.greenpeace.ch\/fr\/wp-json\/wp\/v2\/categories?post=107186"},{"taxonomy":"post_tag","embeddable":true,"href":"https:\/\/www.greenpeace.ch\/fr\/wp-json\/wp\/v2\/tags?post=107186"}],"curies":[{"name":"wp","href":"https:\/\/api.w.org\/{rel}","templated":true}]}}