{"id":109715,"date":"2024-06-27T14:33:01","date_gmt":"2024-06-27T12:33:01","guid":{"rendered":"https:\/\/www.greenpeace.ch\/?page_id=109715"},"modified":"2025-10-14T09:15:55","modified_gmt":"2025-10-14T07:15:55","slug":"responsablite-entreprises","status":"publish","type":"page","link":"https:\/\/www.greenpeace.ch\/fr\/explorer\/responsablite-entreprises\/","title":{"rendered":"Responsabilit\u00e9 des entreprises"},"content":{"rendered":"\n\n<div class=\"wp-block-group alignfull is-layout-flow wp-block-group-is-layout-flow\">\n<div class=\"wp-block-group container is-layout-flow wp-block-group-is-layout-flow\">\n<div class=\"wp-block-media-text alignfull has-media-on-the-right is-stacked-on-mobile is-pattern-p4-page-header is-style-parallax\"><div class=\"wp-block-media-text__content\">\n<div class=\"wp-block-group is-layout-flow wp-block-group-is-layout-flow\">\n<h1 class=\"wp-block-heading has-white-background-color has-background\">\n                            Responsabilit\u00e9 des entreprises\n                        <\/h1>\n<\/div>\n<\/div><figure class=\"wp-block-media-text__media\"><img loading=\"lazy\" decoding=\"async\" width=\"960\" height=\"720\" src=\"https:\/\/www.greenpeace.ch\/static\/planet4-switzerland-stateless\/2019\/07\/36781273-37153419_1736864656360767_6421771509693415424_n.jpg\" alt=\"\" sizes=\"auto, (min-width: 601px) 50vw, 100vw\" srcset=\"https:\/\/www.greenpeace.ch\/static\/planet4-switzerland-stateless\/2019\/07\/36781273-37153419_1736864656360767_6421771509693415424_n.jpg 960w, https:\/\/www.greenpeace.ch\/static\/planet4-switzerland-stateless\/2019\/07\/36781273-37153419_1736864656360767_6421771509693415424_n-300x225.jpg 300w, https:\/\/www.greenpeace.ch\/static\/planet4-switzerland-stateless\/2019\/07\/36781273-37153419_1736864656360767_6421771509693415424_n-768x576.jpg 768w, https:\/\/www.greenpeace.ch\/static\/planet4-switzerland-stateless\/2019\/07\/36781273-37153419_1736864656360767_6421771509693415424_n-453x340.jpg 453w\" class=\"wp-image-32464 size-full\"\/><\/figure><\/div>\n<\/div>\n<\/div>\n\n\n<h2 class=\"wp-block-heading is-style-underline\">Oui \u00e0 l&rsquo;Initiative pour des multinationales responsables:<\/h2>\n\n<div class=\"wp-block-columns has-2-columns is-layout-flex wp-container-core-columns-is-layout-9d6595d7 wp-block-columns-is-layout-flex\">\n<div class=\"wp-block-column is-layout-flow wp-block-column-is-layout-flow\">\n<h3 class=\"wp-block-heading\">Quiconque pollue l&rsquo;environnement doit le d\u00e9fendre.<\/h3>\n\n\n\n<p>La plupart des entreprises suisses op\u00e9rant \u00e0 l&rsquo;\u00e9tranger respectent les droits de l&rsquo;homme et les normes environnementales. Mais il y en a d&rsquo;autres: Glencore pollue les rivi\u00e8res du Congo et empoisonne l&rsquo;air en Zambie. Syngenta vend des pesticides qui sont interdits depuis longtemps parce qu&rsquo;ils peuvent rendre les gens malades et polluer l&rsquo;environnement. Metalor a achet\u00e9 de l&rsquo;or d&rsquo;une mine au P\u00e9rou, dont la d\u00e9gradation pollue l&rsquo;environnement par le mercure. L&rsquo;initiative de responsabilit\u00e9 d&rsquo;entreprise vise \u00e0 mettre un terme \u00e0 de telles pratiques commerciales. Les initiateurs veulent rendre les entreprises suisses responsables des violations des droits de l&rsquo;homme et de la destruction de l&rsquo;environnement.<br><br><\/p>\n<\/div>\n\n\n\n<div class=\"wp-block-column is-layout-flow wp-block-column-is-layout-flow\">\n<figure class=\"wp-block-embed is-type-video is-provider-youtube wp-block-embed-youtube wp-embed-aspect-16-9 wp-has-aspect-ratio\"><div class=\"wp-block-embed__wrapper\">\n<iframe loading=\"lazy\" title=\"It&#039;s not business, it&#039;s personal - Tony Sleaze\" width=\"500\" height=\"281\" src=\"https:\/\/www.youtube-nocookie.com\/embed\/CvsNE-DxckE?feature=oembed&#038;rel=0\" frameborder=\"0\" allow=\"accelerometer; autoplay; clipboard-write; encrypted-media; gyroscope; picture-in-picture; web-share\" referrerpolicy=\"strict-origin-when-cross-origin\" allowfullscreen><\/iframe>\n<\/div><\/figure>\n\n\n\n<p><\/p>\n<\/div>\n<\/div>\n\n<h3 class=\"wp-block-heading\">Pourquoi l&rsquo;initiative est n\u00e9cessaire<\/h3>\n\n<div class=\"wp-block-columns has-2-columns is-layout-flex wp-container-core-columns-is-layout-9d6595d7 wp-block-columns-is-layout-flex\">\n<div class=\"wp-block-column is-layout-flow wp-block-column-is-layout-flow\">\n<p>La Suisse abrite de nombreuses multinationales. Ils ne respectent pas tous les droits de l&rsquo;homme et les normes environnementales dans leurs activit\u00e9s \u00e0 l&rsquo;\u00e9tranger. Malheureusement, ces derniers ne peuvent \u00eatre tenus responsables jusqu&rsquo;\u00e0 ce jour. C&rsquo;est ce que l&rsquo;initiative de responsabilit\u00e9 d&rsquo;entreprise veut changer. Quiconque cause des dommages devrait \u00eatre tenu responsable, m\u00eame \u00e0 l&rsquo;\u00e9tranger.<\/p>\n\n\n\n<h3 class=\"wp-block-heading\">Greenpeace et la responsabilit\u00e9 d&rsquo;entreprise<\/h3>\n\n\n\n<p>Greenpeace a toujours lutt\u00e9 contre la pollution et les abus caus\u00e9s par les entreprises internationales. Avec 114 organisations d&rsquo;entraide, organisations de femmes, de d\u00e9fense des droits de l&rsquo;homme et de l&rsquo;environnement, associations religieuses, coop\u00e9ratives et syndicales, associations d&rsquo;actionnaires, nous nous engageons \u00e0 faire en sorte que les \u00e9lecteurs acceptent l&rsquo;initiative de responsabilit\u00e9 des entreprises en Suisse lors des \u00e9lections ou que le Parlement \u00e9labore une contre-proposition qui soit efficace. <\/p>\n<\/div>\n\n\n\n<div class=\"wp-block-column is-layout-flow wp-block-column-is-layout-flow\">\n<figure class=\"wp-block-image  caption-style-blue-overlay caption-alignment-center\"><img loading=\"lazy\" decoding=\"async\" width=\"1024\" height=\"680\" src=\"https:\/\/www.greenpeace.ch\/static\/planet4-switzerland-stateless-develop\/2019\/07\/27304b15-gp0strgtw_medium_res-1024x680-1024x680.jpg\" alt=\"\" class=\"wp-image-31525\" srcset=\"https:\/\/www.greenpeace.ch\/static\/planet4-switzerland-stateless\/2019\/07\/27304b15-gp0strgtw_medium_res-1024x680.jpg 1024w, https:\/\/www.greenpeace.ch\/static\/planet4-switzerland-stateless\/2019\/07\/27304b15-gp0strgtw_medium_res-1024x680-300x199.jpg 300w, https:\/\/www.greenpeace.ch\/static\/planet4-switzerland-stateless\/2019\/07\/27304b15-gp0strgtw_medium_res-1024x680-768x510.jpg 768w, https:\/\/www.greenpeace.ch\/static\/planet4-switzerland-stateless\/2019\/07\/27304b15-gp0strgtw_medium_res-1024x680-510x340.jpg 510w\" sizes=\"auto, (max-width: 1024px) 100vw, 1024px\" \/><figcaption class=\"wp-element-caption\">Action avec la statue de Justitia \u00e0 Davos, 18 janvier 2018<\/figcaption><\/figure>\n<\/div>\n<\/div>\n\n<hr class=\"wp-block-separator has-css-opacity\"\/>\n\n<h2 class=\"wp-block-heading\"><strong>Ce que vous pouvez faire<\/strong><\/h2>\n\n<p>Soutenez l&rsquo;initiative de responsabilit\u00e9 d&rsquo;entreprise en commandant du mat\u00e9riel d&rsquo;information et en vous abonnant au bulletin. Participez \u00e0 un \u00e9v\u00e9nement, joignez-vous \u00e0 un comit\u00e9 de soutien r\u00e9gional et convainquez votre environnement. Devenez membre de Greenpeace ou donateur. Ensemble, nous pouvons gagner l&rsquo;initiative !<\/p>\n\n<hr class=\"wp-block-separator has-css-opacity\"\/>\n\n<div class=\"wp-block-query posts-list p4-query-loop is-custom-layout-list is-layout-flow wp-block-query-is-layout-flow\">\n<div class=\"wp-block-group is-content-justification-space-between is-layout-flex wp-container-core-group-is-layout-3d213aab wp-block-group-is-layout-flex\">\n<h2 class=\"wp-block-heading\">Articles r\u00e9cents<\/h2>\n\n\n<li class=\" wp-block-navigation-item see-all-link wp-block-navigation-link\"><a class=\"wp-block-navigation-item__content\"  href=\"https:\/\/www.greenpeace.ch\/fr\/posts\/?tag=responsabilite-des-entreprises&#038;post-type=article-de-magazine\"><span class=\"wp-block-navigation-item__label\">See all stories<\/span><\/a><\/li><\/div>\n\n\n\n<p style=\"margin-top:24px;margin-bottom:36px\"><\/p>\n\n\n\n\n<ul class=\"wp-block-post-template is-layout-flow wp-block-post-template-is-layout-flow\"><li class=\"wp-block-post post-60155 post type-post status-publish format-standard has-post-thumbnail hentry category-greenpeace-fr category-weitere-themen-fr tag-responsabilite-des-entreprises p4-page-type-story-fr\">\n\n<div class=\"wp-block-columns is-layout-flex wp-container-core-columns-is-layout-9d6595d7 wp-block-columns-is-layout-flex\"><figure class=\"wp-block-post-featured-image\"><a href=\"https:\/\/www.greenpeace.ch\/fr\/story-fr\/60155\/lafargeholcim-pollution-environnement-maladies\/\" target=\"_self\"  ><img loading=\"lazy\" decoding=\"async\" width=\"1024\" height=\"604\" src=\"https:\/\/www.greenpeace.ch\/static\/planet4-switzerland-stateless\/2020\/11\/64955502-gp1suih8_pressmedia-e1604055446324-1024x604-1.jpg\" class=\"attachment-post-thumbnail size-post-thumbnail wp-post-image wp-stateless-item\" alt=\"LafargeHolcim : pollution de l&rsquo;environnement et maladies\" style=\"object-fit:cover;\" srcset=\"https:\/\/www.greenpeace.ch\/static\/planet4-switzerland-stateless\/2020\/11\/64955502-gp1suih8_pressmedia-e1604055446324-1024x604-1.jpg 1024w, https:\/\/www.greenpeace.ch\/static\/planet4-switzerland-stateless\/2020\/11\/64955502-gp1suih8_pressmedia-e1604055446324-1024x604-1-300x177.jpg 300w, https:\/\/www.greenpeace.ch\/static\/planet4-switzerland-stateless\/2020\/11\/64955502-gp1suih8_pressmedia-e1604055446324-1024x604-1-768x453.jpg 768w, https:\/\/www.greenpeace.ch\/static\/planet4-switzerland-stateless\/2020\/11\/64955502-gp1suih8_pressmedia-e1604055446324-1024x604-1-510x301.jpg 510w\" sizes=\"auto, (max-width: 1024px) 100vw, 1024px\" data-image-size=\"post-thumbnail\" data-stateless-media-bucket=\"planet4-switzerland-stateless\" data-stateless-media-name=\"2020\/11\/64955502-gp1suih8_pressmedia-e1604055446324-1024x604-1.jpg\" \/><\/a><\/figure>\n\n\n<div class=\"wp-block-group is-layout-flow wp-block-group-is-layout-flow\">\n<div class=\"wp-block-group is-layout-flex wp-block-group-is-layout-flex\"><div class=\"wp-block-post-terms\"><a href=\"https:\/\/www.greenpeace.ch\/fr\/story-fr\/\">Story<\/a><\/div>\n\n<div class=\"taxonomy-post_tag wp-block-post-terms\"><a href=\"https:\/\/www.greenpeace.ch\/fr\/tag\/responsabilite-des-entreprises\/\" rel=\"tag\">ResponsabiliteDesEntreprises<\/a><\/div><\/div>\n\n\n<h3 class=\"wp-block-post-title\"><a href=\"https:\/\/www.greenpeace.ch\/fr\/story-fr\/60155\/lafargeholcim-pollution-environnement-maladies\/\" target=\"_self\" >LafargeHolcim : pollution de l&rsquo;environnement et maladies<\/a><\/h3>\n\n<div class=\"wp-block-post-excerpt\"><p class=\"wp-block-post-excerpt__excerpt\">Le groupe suisse LafargeHolcim est responsable ou devrait assumer la responsabilit\u00e9 d\u2019au moins 122 cas de pollution environnementale et de violation des droits de l\u2019homme dans 34 pays diff\u00e9rents. <\/p><\/div>\n\n\n<div class=\"wp-block-group posts-list-meta is-layout-flow wp-block-group-is-layout-flow\"><span class='article-list-item-author'>Matthias W\u00fcthrich<\/span>\n\n<div class=\"wp-block-post-date\"><time datetime=\"2020-11-04T06:30:00+01:00\">4. novembre 2020<\/time><\/div><\/div>\n<\/div>\n<\/div>\n\n<\/li><\/ul>\n\n\n<div class=\"wp-block-buttons carousel-controls is-horizontal is-content-justification-space-between is-nowrap is-layout-flex wp-container-core-buttons-is-layout-044bd602 wp-block-buttons-is-layout-flex\">\n<div class=\"wp-block-button carousel-control-prev\"><button type=\"button\" class=\"wp-block-button__link wp-element-button\">Prev<\/button><\/div>\n\n\n\n<div class=\"wp-block-button carousel-control-next\"><button type=\"button\" class=\"wp-block-button__link wp-element-button\">N\u00e4chste<\/button><\/div>\n<\/div>\n\n\n<li class=\" wp-block-navigation-item see-all-link wp-block-navigation-link\"><a class=\"wp-block-navigation-item__content\"  href=\"https:\/\/www.greenpeace.ch\/fr\/posts\/?tag=responsabilite-des-entreprises&#038;post-type=article-de-magazine\"><span class=\"wp-block-navigation-item__label\">Voir tous les articles<\/span><\/a><\/li><\/div>\n","protected":false},"excerpt":{"rendered":"<p>Oui \u00e0 l&rsquo;Initiative pour des multinationales responsables: Quiconque pollue l&rsquo;environnement doit le d\u00e9fendre. La plupart des entreprises suisses op\u00e9rant \u00e0 l&rsquo;\u00e9tranger respectent les droits de l&rsquo;homme et les normes environnementales. Mais il y en a d&rsquo;autres: Glencore pollue les rivi\u00e8res du Congo et empoisonne l&rsquo;air en Zambie. Syngenta vend des pesticides qui sont interdits depuis [&hellip;]<\/p>\n","protected":false},"author":23,"featured_media":32464,"parent":32432,"menu_order":0,"comment_status":"closed","ping_status":"closed","template":"","meta":{"_acf_changed":false,"_planet4_optimize_post_is_variant":false,"_planet4_optimize_experiment_name":"","_planet4_optimize_variant_name":"","ep_exclude_from_search":false,"p4_hide_page_title_checkbox":"on","p4_title":"","p4_subtitle":"","p4_description":"","background_image_id":"","background_image":"","p4_button_title":"","p4_button_link":"","p4_button_link_checkbox":"","p4_og_title":"","p4_og_description":"","p4_og_image":"","p4_og_image_id":"","p4_seo_canonical_url":"","p4_campaign_name":"","p4_local_project":"","p4_basket_name":"","p4_department":"","footnotes":""},"categories":[],"tags":[133],"class_list":["post-109715","page","type-page","status-publish","has-post-thumbnail","hentry","tag-responsabilite-des-entreprises"],"acf":[],"_links":{"self":[{"href":"https:\/\/www.greenpeace.ch\/fr\/wp-json\/wp\/v2\/pages\/109715","targetHints":{"allow":["GET"]}}],"collection":[{"href":"https:\/\/www.greenpeace.ch\/fr\/wp-json\/wp\/v2\/pages"}],"about":[{"href":"https:\/\/www.greenpeace.ch\/fr\/wp-json\/wp\/v2\/types\/page"}],"author":[{"embeddable":true,"href":"https:\/\/www.greenpeace.ch\/fr\/wp-json\/wp\/v2\/users\/23"}],"replies":[{"embeddable":true,"href":"https:\/\/www.greenpeace.ch\/fr\/wp-json\/wp\/v2\/comments?post=109715"}],"version-history":[{"count":12,"href":"https:\/\/www.greenpeace.ch\/fr\/wp-json\/wp\/v2\/pages\/109715\/revisions"}],"predecessor-version":[{"id":126744,"href":"https:\/\/www.greenpeace.ch\/fr\/wp-json\/wp\/v2\/pages\/109715\/revisions\/126744"}],"up":[{"embeddable":true,"href":"https:\/\/www.greenpeace.ch\/fr\/wp-json\/wp\/v2\/pages\/32432"}],"wp:featuredmedia":[{"embeddable":true,"href":"https:\/\/www.greenpeace.ch\/fr\/wp-json\/wp\/v2\/media\/32464"}],"wp:attachment":[{"href":"https:\/\/www.greenpeace.ch\/fr\/wp-json\/wp\/v2\/media?parent=109715"}],"wp:term":[{"taxonomy":"category","embeddable":true,"href":"https:\/\/www.greenpeace.ch\/fr\/wp-json\/wp\/v2\/categories?post=109715"},{"taxonomy":"post_tag","embeddable":true,"href":"https:\/\/www.greenpeace.ch\/fr\/wp-json\/wp\/v2\/tags?post=109715"}],"curies":[{"name":"wp","href":"https:\/\/api.w.org\/{rel}","templated":true}]}}