{"id":112100,"date":"2024-08-27T15:16:58","date_gmt":"2024-08-27T13:16:58","guid":{"rendered":"https:\/\/www.greenpeace.ch\/?page_id=112100"},"modified":"2024-10-09T12:28:47","modified_gmt":"2024-10-09T10:28:47","slug":"cher-conseil-federal-respectez-le-jugement-de-la-cedh","status":"publish","type":"page","link":"https:\/\/www.greenpeace.ch\/fr\/cher-conseil-federal-respectez-le-jugement-de-la-cedh\/","title":{"rendered":"Cher Conseil f\u00e9d\u00e9ral, respectez le jugement de la CEDH !"},"content":{"rendered":"\n\n<div class=\"wp-block-group alignfull is-layout-flow wp-block-group-is-layout-flow\">\n<div class=\"wp-block-group container is-layout-flow wp-block-group-is-layout-flow\">\n<div class=\"wp-block-media-text alignfull has-media-on-the-right is-stacked-on-mobile is-pattern-p4-page-header is-style-parallax\"><div class=\"wp-block-media-text__content\">\n<div class=\"wp-block-group is-layout-flow wp-block-group-is-layout-flow\">\n<h1 class=\"wp-block-heading has-white-background-color has-background\">Cher Conseil f\u00e9d\u00e9ral, respectez le jugement de la CEDH !<\/h1>\n<\/div>\n<\/div><figure class=\"wp-block-media-text__media\"><img loading=\"lazy\" decoding=\"async\" width=\"1024\" height=\"683\" src=\"https:\/\/www.greenpeace.ch\/static\/planet4-switzerland-stateless\/2024\/08\/cdb21abd-gp1szwn5_medium-res-1200px-1024x683.jpg\" alt=\"\" sizes=\"auto, (min-width: 601px) 50vw, 100vw\" srcset=\"https:\/\/www.greenpeace.ch\/static\/planet4-switzerland-stateless\/2024\/08\/cdb21abd-gp1szwn5_medium-res-1200px.jpg 1200w, https:\/\/www.greenpeace.ch\/static\/planet4-switzerland-stateless\/2024\/08\/cdb21abd-gp1szwn5_medium-res-1200px-300x200.jpg 300w, https:\/\/www.greenpeace.ch\/static\/planet4-switzerland-stateless\/2024\/08\/cdb21abd-gp1szwn5_medium-res-1200px-1024x683.jpg 1024w, https:\/\/www.greenpeace.ch\/static\/planet4-switzerland-stateless\/2024\/08\/cdb21abd-gp1szwn5_medium-res-1200px-768x512.jpg 768w, https:\/\/www.greenpeace.ch\/static\/planet4-switzerland-stateless\/2024\/08\/cdb21abd-gp1szwn5_medium-res-1200px-510x340.jpg 510w\" class=\"wp-image-112106 size-full\"\/><\/figure><\/div>\n<\/div>\n<\/div>\n\n\n<div class=\"wp-block-columns has-2-columns is-style-petition-left is-layout-flex wp-container-core-columns-is-layout-9d6595d7 wp-block-columns-is-layout-flex\">\n<div class=\"wp-block-column is-layout-flow wp-block-column-is-layout-flow\">\n<h3 class=\"wp-block-heading\">Cette action est termin\u00e9e. <\/h3>\n\n\n\n<p>Environ 15 000 personnes y ont particip\u00e9 en envoyant un email de protestation au Conseil f\u00e9d\u00e9ral.<\/p>\n\n\n\n<p>Merci pour votre participation \ud83e\udd17<\/p>\n\n\n\n<p><\/p>\n<\/div>\n\n\n\n<div class=\"wp-block-column is-layout-flow wp-block-column-is-layout-flow\">\n<h2 class=\"wp-block-heading is-style-default\"><strong>Une politique climatique insuffisante<\/strong><\/h2>\n\n\n\n<p>Le 9 avril 2024, la Cour europ\u00e9enne des droits de l&rsquo;homme (CEDH) a rendu un arr\u00eat historique dans l&rsquo;affaire des A\u00een\u00e9es pour le Climat Suisse. Elle a d\u00e9clar\u00e9 qu&rsquo;il existe un droit \u00e0 \u00eatre prot\u00e9g\u00e9 contre les cons\u00e9quences nocives du r\u00e9chauffement climatique. La Suisse est tenue d\u2019en faire davantage pour prot\u00e9ger sa population dans ce domaine. Pourtant, au lieu de consid\u00e9rer cela comme un signal d&rsquo;alarme, le Conseil f\u00e9d\u00e9ral maintient une politique climatique qui viole les droits humains.<\/p>\n\n\n\n<p>Merci de nous soutenir.<\/p>\n\n\n\n<div class=\"wp-block-group is-nowrap is-layout-flex wp-container-core-group-is-layout-ad2f72ca wp-block-group-is-layout-flex\">\n<figure class=\"wp-block-image size-full is-resized\"><img loading=\"lazy\" decoding=\"async\" width=\"927\" height=\"71\" src=\"https:\/\/www.greenpeace.ch\/static\/planet4-switzerland-stateless\/2024\/08\/0b138060-klimatseniorin_fr.jpg\" alt=\"\" class=\"wp-image-112371\" style=\"width:350px;height:auto\" srcset=\"https:\/\/www.greenpeace.ch\/static\/planet4-switzerland-stateless\/2024\/08\/0b138060-klimatseniorin_fr.jpg 927w, https:\/\/www.greenpeace.ch\/static\/planet4-switzerland-stateless\/2024\/08\/0b138060-klimatseniorin_fr-300x23.jpg 300w, https:\/\/www.greenpeace.ch\/static\/planet4-switzerland-stateless\/2024\/08\/0b138060-klimatseniorin_fr-768x59.jpg 768w, https:\/\/www.greenpeace.ch\/static\/planet4-switzerland-stateless\/2024\/08\/0b138060-klimatseniorin_fr-510x39.jpg 510w\" sizes=\"auto, (max-width: 927px) 100vw, 927px\" \/><\/figure>\n\n\n\n<figure class=\"wp-block-image size-large is-resized\"><img loading=\"lazy\" decoding=\"async\" width=\"1024\" height=\"166\" src=\"https:\/\/www.greenpeace.ch\/static\/planet4-switzerland-stateless\/2024\/08\/4827a944-greenpeace_logo_green_rgb-1024x166.png\" alt=\"\" class=\"wp-image-112375\" style=\"width:166px;height:auto\" srcset=\"https:\/\/www.greenpeace.ch\/static\/planet4-switzerland-stateless\/2024\/08\/4827a944-greenpeace_logo_green_rgb-1024x166.png 1024w, https:\/\/www.greenpeace.ch\/static\/planet4-switzerland-stateless\/2024\/08\/4827a944-greenpeace_logo_green_rgb-300x49.png 300w, https:\/\/www.greenpeace.ch\/static\/planet4-switzerland-stateless\/2024\/08\/4827a944-greenpeace_logo_green_rgb-768x124.png 768w, https:\/\/www.greenpeace.ch\/static\/planet4-switzerland-stateless\/2024\/08\/4827a944-greenpeace_logo_green_rgb-510x83.png 510w, https:\/\/www.greenpeace.ch\/static\/planet4-switzerland-stateless\/2024\/08\/4827a944-greenpeace_logo_green_rgb.png 1080w\" sizes=\"auto, (max-width: 1024px) 100vw, 1024px\" \/><\/figure>\n<\/div>\n\n\n<div aria-hidden=\"true\" class=\"gpch-block-spacer\"><\/div>\n\n\n<h3 class=\"wp-block-heading\"><strong>Votre courriel de protestation au Conseil f\u00e9d\u00e9ral:<\/strong><\/h3>\n\n\n\n<div class=\"wp-block-group is-style-quote is-content-justification-left is-layout-constrained wp-container-core-group-is-layout-8c890d92 wp-block-group-is-layout-constrained\">\n<p><strong><em>Objet:<\/em> <em>Respectez le verdict de la CEDH!<\/em><\/strong><\/p>\n\n\n\n<p><em>Madame la Pr\u00e9sidente de la Conf\u00e9d\u00e9ration,<\/em><em><br><\/em><em>Mesdames et Messieurs les Conseill\u00e8res f\u00e9d\u00e9rales et Conseillers f\u00e9d\u00e9raux,<\/em><\/p>\n\n\n\n<p><em>Vos affirmations sur la politique climatique et le verdict de la Cour europ\u00e9enne des droits de l&rsquo;homme (CEDH) dans l&rsquo;affaire des A\u00een\u00e9es pour le climat me pr\u00e9occupent fortement. Estimer que la Suisse met d\u00e9j\u00e0 en \u0153uvre les exigences \u00e9num\u00e9r\u00e9es dans l&rsquo;arr\u00eat de la Cour est incorrect.<\/em><em> La CEDH a clairement indiqu\u00e9 qu\u2019en mati\u00e8re de protection du climat, la Suisse est loin d\u2019\u00eatre un mod\u00e8le.<\/em><\/p>\n\n\n\n<p><em>La CEDH a statu\u00e9 que toutes les personnes ont le droit, en vertu de l&rsquo;article 8 de la Convention europ\u00e9enne des droits de l&rsquo;homme, d&rsquo;\u00eatre prot\u00e9g\u00e9es contre les effets nocifs du r\u00e9chauffement climatique sur la vie, la sant\u00e9, le bien-\u00eatre et la qualit\u00e9 de vie. En cons\u00e9quence, les \u00c9tats sont tenus de r\u00e9duire leurs \u00e9missions de gaz \u00e0 effet de serre de mani\u00e8re \u00e0 limiter \u00e0 1,5 \u00b0C l\u2019\u00e9l\u00e9vation globale des temp\u00e9ratures.<\/em><\/p>\n\n\n\n<p><em>La Suisse a jusqu&rsquo;\u00e0 pr\u00e9sent renonc\u00e9 \u00e0 examiner et \u00e0 renforcer sa politique climatique \u00e0 la lumi\u00e8re des exigences formul\u00e9es par la CEDH en mati\u00e8re de droits humains. Ce faisant, le Conseil f\u00e9d\u00e9ral n\u00e9glige la principale exigence du verdict de la CEDH.<\/em><\/p>\n\n\n\n<p><em>Je vous demande de mettre pleinement en \u0153uvre le verdict de la CEDH et de rem\u00e9dier \u00e0 cette violation des droits humains. Je vous exhorte, dans un premier temps, \u00e0 d\u00e9montrer de mani\u00e8re scientifiquement rigoureuse comment la Suisse, par sa politique climatique, rend possible le respect de la limite de 1,5 \u00b0C. Si la Suisse renonce \u00e0 cette d\u00e9monstration et choisit d&rsquo;ignorer cette d\u00e9cision judiciaire, comment esp\u00e9rer r\u00e9ussir \u00e0 faire face \u00e0 la crise climatique ensemble avec les autres \u00c9tats de la plan\u00e8te?<\/em><\/p>\n\n\n\n<p><em><em>Je vous remercie, Mesdames et Messieurs les membres du Conseil f\u00e9d\u00e9ral, de bien vouloir \u00e9laborer rapidement un plan d&rsquo;action coh\u00e9rent pour la protection du climat&nbsp;et, en fin de compte, pour celle de nos droits fondamentaux.<\/em><\/em><\/p>\n\n\n\n<p><em>Avec mes respectueuses salutations<\/em><\/p>\n<\/div>\n\n\n\n<p><\/p>\n<\/div>\n<\/div>\n","protected":false},"excerpt":{"rendered":"<p>Rappelez au Conseil f\u00e9d\u00e9ral qu\u2019il \u00e0 le devoir de prot\u00e9ger les droits humains et de mettre en place une politique climatique coh\u00e9rente.<\/p>\n","protected":false},"author":127,"featured_media":112107,"parent":0,"menu_order":0,"comment_status":"closed","ping_status":"closed","template":"","meta":{"_acf_changed":false,"_planet4_optimize_post_is_variant":false,"_planet4_optimize_experiment_name":"","_planet4_optimize_variant_name":"","ep_exclude_from_search":false,"p4_hide_page_title_checkbox":"on","p4_title":"","p4_subtitle":"","p4_description":"","background_image_id":"295","background_image":"https:\/\/www.greenpeace.ch\/static\/planet4-switzerland-stateless\/2018\/05\/fc54c126-gp0stqmp3.jpg","p4_button_title":"","p4_button_link":"","p4_button_link_checkbox":"","p4_og_title":"","p4_og_description":"","p4_og_image":"","p4_og_image_id":"","p4_seo_canonical_url":"","p4_campaign_name":"not set","p4_local_project":"not set","p4_basket_name":"not set","p4_department":"","footnotes":""},"categories":[],"tags":[58,136],"class_list":["post-112100","page","type-page","status-publish","has-post-thumbnail","hentry","tag-climat","tag-justice-climatique"],"acf":[],"_links":{"self":[{"href":"https:\/\/www.greenpeace.ch\/fr\/wp-json\/wp\/v2\/pages\/112100","targetHints":{"allow":["GET"]}}],"collection":[{"href":"https:\/\/www.greenpeace.ch\/fr\/wp-json\/wp\/v2\/pages"}],"about":[{"href":"https:\/\/www.greenpeace.ch\/fr\/wp-json\/wp\/v2\/types\/page"}],"author":[{"embeddable":true,"href":"https:\/\/www.greenpeace.ch\/fr\/wp-json\/wp\/v2\/users\/127"}],"replies":[{"embeddable":true,"href":"https:\/\/www.greenpeace.ch\/fr\/wp-json\/wp\/v2\/comments?post=112100"}],"version-history":[{"count":20,"href":"https:\/\/www.greenpeace.ch\/fr\/wp-json\/wp\/v2\/pages\/112100\/revisions"}],"predecessor-version":[{"id":113399,"href":"https:\/\/www.greenpeace.ch\/fr\/wp-json\/wp\/v2\/pages\/112100\/revisions\/113399"}],"wp:featuredmedia":[{"embeddable":true,"href":"https:\/\/www.greenpeace.ch\/fr\/wp-json\/wp\/v2\/media\/112107"}],"wp:attachment":[{"href":"https:\/\/www.greenpeace.ch\/fr\/wp-json\/wp\/v2\/media?parent=112100"}],"wp:term":[{"taxonomy":"category","embeddable":true,"href":"https:\/\/www.greenpeace.ch\/fr\/wp-json\/wp\/v2\/categories?post=112100"},{"taxonomy":"post_tag","embeddable":true,"href":"https:\/\/www.greenpeace.ch\/fr\/wp-json\/wp\/v2\/tags?post=112100"}],"curies":[{"name":"wp","href":"https:\/\/api.w.org\/{rel}","templated":true}]}}