{"id":114676,"date":"2024-11-25T11:28:40","date_gmt":"2024-11-25T10:28:40","guid":{"rendered":"https:\/\/www.greenpeace.ch\/fps\/"},"modified":"2026-02-05T15:22:26","modified_gmt":"2026-02-05T14:22:26","slug":"ipf-collecter","status":"publish","type":"page","link":"https:\/\/www.greenpeace.ch\/fr\/ipf-collecter\/","title":{"rendered":"IPF R\u00e9colter &#8211; Page d&rsquo;accueil"},"content":{"rendered":"\n<div class=\"wp-block-group is-nowrap is-layout-flex wp-container-core-group-is-layout-ad2f72ca wp-block-group-is-layout-flex\">\n<h1 class=\"wp-block-heading has-x-large-font-size\">Initiative pour une place financi\u00e8re durable \u270d\ufe0f R\u00e9colter des signatures avec Greenpeace<\/h1>\n<\/div>\n\n<div class=\"wp-block-group is-nowrap is-layout-flex wp-container-core-group-is-layout-ad2f72ca wp-block-group-is-layout-flex\">\n<div class=\"wp-block-columns is-layout-flex wp-container-core-columns-is-layout-9d6595d7 wp-block-columns-is-layout-flex\">\n<div class=\"wp-block-column is-layout-flow wp-block-column-is-layout-flow\" style=\"flex-basis:100%\">\n<p>Chaque ann\u00e9e, des milliers de milliards de francs sont inject\u00e9s depuis notre pays dans des activit\u00e9s \u00e9conomiques nocives au climat et \u00e0 la nature dans le monde entier. Les activit\u00e9s des institutions financi\u00e8res, c&rsquo;est-\u00e0-dire les banques, assurances, gestionnaires de fortune et caisses de pension install\u00e9s dans notre pays, sont responsables \u00e0 l\u2019\u00e9chelle mondiale d\u2019au moins 18 fois la quantit\u00e9 d&rsquo;\u00e9missions carbones \u00e9mises au sein de nos fronti\u00e8res. Malgr\u00e9 l&rsquo;engagement de Greenpeace et d&rsquo;autres organisations depuis des ann\u00e9es, les institutions financi\u00e8res continuent de se d\u00e9rober \u00e0 leurs responsabilit\u00e9s face \u00e0 la crise du climat et de la biodiversit\u00e9. Pour cette raison, Greenpeace soutient depuis le d\u00e9but l&rsquo;initiative sur la place financi\u00e8re.<\/p>\n<\/div>\n<\/div>\n<\/div>\n\n<div class=\"wp-block-group is-nowrap is-layout-flex wp-container-core-group-is-layout-ad2f72ca wp-block-group-is-layout-flex\">\n<div class=\"wp-block-columns is-layout-flex wp-container-core-columns-is-layout-9d6595d7 wp-block-columns-is-layout-flex\">\n<div class=\"wp-block-column is-layout-flow wp-block-column-is-layout-flow\" style=\"flex-basis:100%\">\n<p>Nous voulons contribuer au succ\u00e8s rapide de l\u2019initiative en r\u00e9coltant au moins 15&rsquo;000 signatures. Est-ce qu\u2019on peut compter sur vous? Pour faire aboutir le texte et gagner, nous avons besoin de toutes les forces disponibles.&nbsp;<\/p>\n<\/div>\n<\/div>\n<\/div>\n\n<div class=\"wp-block-group is-nowrap is-layout-flex wp-container-core-group-is-layout-ad2f72ca wp-block-group-is-layout-flex\">\n<p>Ensemble, \u00e9vitons que l&rsquo;argent venu de Suisse n&rsquo;engendre la destruction.<\/p>\n<\/div>\n\n\n<div class=\"wp-block-group alignfull is-layout-flow wp-block-group-is-layout-flow\">\n<div class=\"wp-block-group container is-layout-flow wp-block-group-is-layout-flow\">\n<hr class=\"wp-block-separator has-alpha-channel-opacity\"\/>\n\n\n\n<div class=\"wp-block-media-text alignfull is-stacked-on-mobile is-pattern-p4-page-header is-style-parallax\"><figure class=\"wp-block-media-text__media\"><img loading=\"lazy\" decoding=\"async\" width=\"1024\" height=\"584\" src=\"https:\/\/www.greenpeace.ch\/static\/planet4-switzerland-stateless\/2024\/10\/acb5570d-screenshot-2024-10-29-at-16.54.00-1024x584.png\" alt=\"\" sizes=\"auto, (min-width: 601px) 50vw, 100vw\" srcset=\"https:\/\/www.greenpeace.ch\/static\/planet4-switzerland-stateless\/2024\/10\/acb5570d-screenshot-2024-10-29-at-16.54.00.png 1600w, https:\/\/www.greenpeace.ch\/static\/planet4-switzerland-stateless\/2024\/10\/acb5570d-screenshot-2024-10-29-at-16.54.00-300x171.png 300w, https:\/\/www.greenpeace.ch\/static\/planet4-switzerland-stateless\/2024\/10\/acb5570d-screenshot-2024-10-29-at-16.54.00-1024x584.png 1024w, https:\/\/www.greenpeace.ch\/static\/planet4-switzerland-stateless\/2024\/10\/acb5570d-screenshot-2024-10-29-at-16.54.00-768x438.png 768w, https:\/\/www.greenpeace.ch\/static\/planet4-switzerland-stateless\/2024\/10\/acb5570d-screenshot-2024-10-29-at-16.54.00-1536x876.png 1536w, https:\/\/www.greenpeace.ch\/static\/planet4-switzerland-stateless\/2024\/10\/acb5570d-screenshot-2024-10-29-at-16.54.00-510x291.png 510w\" class=\"wp-image-113963 size-full\"\/><\/figure><div class=\"wp-block-media-text__content\">\n<div class=\"wp-block-group is-layout-flow wp-block-group-is-layout-flow\">\n<p><\/p>\n\n\n\n<div class=\"wp-block-group is-layout-constrained wp-block-group-is-layout-constrained\">\n<div class=\"wp-block-columns is-layout-flex wp-container-core-columns-is-layout-9d6595d7 wp-block-columns-is-layout-flex\">\n<div class=\"wp-block-column is-layout-flow wp-block-column-is-layout-flow\" style=\"flex-basis:100%\">\n<h1 class=\"wp-block-heading is-style-default has-white-background-color has-background\" id=\"Stopper-destruction\"><strong>R\u00e9colter des signatures. Stopper la destruction.<\/strong><\/h1>\n<\/div>\n<\/div>\n<\/div>\n<\/div>\n\n\n\n<p style=\"font-size:1.25rem\">Depuis plus d&rsquo;une d\u00e9cennie, Greenpeace se bat pour que la place financi\u00e8re suisse devienne plus \u00e9cologique et plus \u00e9quitable. Greenpeace fait partie du comit\u00e9 de soutien de l&rsquo;initiative sur la place financi\u00e8re. D\u00e9couvrez pourquoi cette initiative est si importante.<br><\/p>\n\n\n\n<div class=\"wp-block-buttons is-layout-flex wp-block-buttons-is-layout-flex\">\n<div class=\"wp-block-button has-custom-width wp-block-button__width-75 is-style-cta\"><a class=\"wp-block-button__link wp-element-button\" href=\"https:\/\/www.greenpeace.ch\/fr\/story\/115051\/nouvelle-initiative-reguler-les-banques-pour-faire-emerger-une-economie-durable\/\" target=\"_blank\" rel=\"noreferrer noopener\">Plus d\u2019informations sur l\u2019initiative<\/a><\/div>\n<\/div>\n<\/div><\/div>\n\n\n\n<hr class=\"wp-block-separator has-alpha-channel-opacity\"\/>\n\n\n\n<div class=\"wp-block-columns is-layout-flex wp-container-core-columns-is-layout-9d6595d7 wp-block-columns-is-layout-flex\">\n<div class=\"wp-block-column is-layout-flow wp-block-column-is-layout-flow\">\n<h2 class=\"wp-block-heading\" id=\"15000-Signatures\"><strong>9703 sur 15&rsquo;000 signatures obtenues<\/strong><\/h2>\n<\/div>\n<\/div>\n\n\n<div class=\"gpch-block-form-progress-outer\" style=\"background-color: #303133;\">\n    <div class=\"gpch-block-form-progress-inner\" style=\"width: 64.686666666667%; background-color: #58b006\">\n\n    <\/div>\n<\/div>\n\n\n<p>Nous voulons contribuer \u00e0 l&rsquo;initiative en r\u00e9coltant 15&rsquo;000 signatures. Pour cela, votre aide est indispensable ! R\u00e9coltez des signatures d\u00e8s maintenant: sur votre lieu de travail, au repas de No\u00ebl de votre club de sport, dans votre cercle d&rsquo;amis ou dans votre voisinage. Pour vous aider, nous avons pr\u00e9par\u00e9 un kit de d\u00e9marrage et pr\u00e9vu des formations en ligne.<\/p>\n\n\n\n<p>Vous pr\u00e9f\u00e9rez collecter des paraphes en bonne compagnie? Inscrivez-vous aupr\u00e8s du groupe de collecte le plus proche de chez vous ou rejoignez-nous lors de la journ\u00e9e nationale de r\u00e9colte de signatures samedi 14 d\u00e9cembre dans toute la Suisse.&nbsp; Interess\u00e9\u00b7e? Inscrivez-vous ci-dessous!<\/p>\n\n\n\n<h2 class=\"wp-block-heading\" id=\"Groupes-collecte\"><strong>Groupes de collecte<\/strong><\/h2>\n\n\n\n<p><strong>Nous collectons dans toute la Suisse. Inscrivez-vous aupr\u00e8s du groupe de collecte le plus proche de chez vous. <br><\/strong><br>En adh\u00e9rant \u00e0 un groupe de collecte, vous \u00eates inclus dans le groupe Signal correspondant et vous restez au courant des activit\u00e9s et des \u00e9v\u00e9nements li\u00e9s \u00e0 la collecte. Vous avez ainsi la possibilit\u00e9 d&rsquo;entrer en contact avec d&rsquo;autres personnes motiv\u00e9es et d&rsquo;organiser des rencontres pour collecter ensemble. C&rsquo;est aussi une bonne occasion de partager avec les autres sur le sujet.<\/p>\n\n\n\n<div class=\"wp-block-group is-nowrap is-layout-flex wp-container-core-group-is-layout-ad2f72ca wp-block-group-is-layout-flex\">\n<section class=\"block accordion-block wp-block-planet4-blocks-accordion is-style-light\"><div class=\"accordion-content\"><div class=\"accordion-headline\" name=\"Aarau\">Aarau<\/div><div class=\"panel panel-hidden\"><p class=\"accordion-text\">Cliquez ici pour acc\u00e9der au formulaire d&rsquo;inscription. Ensuite, nous vous ajouterons au chat de signalisation du groupe de collecte, o\u00f9 vous recevrez toutes les informations sur les prochains \u00e9v\u00e9nements de collecte.<\/p><a class=\"btn btn-secondary accordion-btn\" href=\"https:\/\/www.greenpeace.ch\/fr\/initiative-place-financiere-rejoindre-un-group-de-collecte\/\" target=\"_blank\" rel=\"noopener noreferrer\">Je participe<\/a><\/div><\/div><div class=\"accordion-content\"><div class=\"accordion-headline\" name=\"B\u00e2le\">B\u00e2le<\/div><div class=\"panel panel-hidden\"><p class=\"accordion-text\">Cliquez ici pour acc\u00e9der au formulaire d&rsquo;inscription. Ensuite, nous vous ajouterons au chat de signalisation du groupe de collecte, o\u00f9 vous recevrez toutes les informations sur les prochains \u00e9v\u00e9nements de collecte.<\/p><a class=\"btn btn-secondary accordion-btn\" href=\"https:\/\/www.greenpeace.ch\/fr\/initiative-place-financiere-rejoindre-un-group-de-collecte\/\" target=\"_blank\" rel=\"noopener noreferrer\">Je participe<\/a><\/div><\/div><div class=\"accordion-content\"><div class=\"accordion-headline\" name=\"Berne\">Berne<\/div><div class=\"panel panel-hidden\"><p class=\"accordion-text\">Cliquez ici pour acc\u00e9der au formulaire d&rsquo;inscription. Ensuite, nous vous ajouterons au chat de signalisation du groupe de collecte, o\u00f9 vous recevrez toutes les informations sur les prochains \u00e9v\u00e9nements de collecte.<\/p><a class=\"btn btn-secondary accordion-btn\" href=\"https:\/\/www.greenpeace.ch\/fr\/initiative-place-financiere-rejoindre-un-group-de-collecte\/\" target=\"_blank\" rel=\"noopener noreferrer\">Je participe<\/a><\/div><\/div><div class=\"accordion-content\"><div class=\"accordion-headline\" name=\"Coire\">Coire<\/div><div class=\"panel panel-hidden\"><p class=\"accordion-text\">Cliquez ici pour acc\u00e9der au formulaire d&rsquo;inscription. Ensuite, nous vous ajouterons au chat de signalisation du groupe de collecte, o\u00f9 vous recevrez toutes les informations sur les prochains \u00e9v\u00e9nements de collecte.<\/p><a class=\"btn btn-secondary accordion-btn\" href=\"https:\/\/www.greenpeace.ch\/fr\/initiative-place-financiere-rejoindre-un-group-de-collecte\/\" target=\"_blank\" rel=\"noopener noreferrer\">Je participe<\/a><\/div><\/div><div class=\"accordion-content\"><div class=\"accordion-headline\" name=\"Lucerne\">Lucerne<\/div><div class=\"panel panel-hidden\"><p class=\"accordion-text\">Cliquez ici pour acc\u00e9der au formulaire d&rsquo;inscription. Ensuite, nous vous ajouterons au chat de signalisation du groupe de collecte, o\u00f9 vous recevrez toutes les informations sur les prochains \u00e9v\u00e9nements de collecte.<\/p><a class=\"btn btn-secondary accordion-btn\" href=\"https:\/\/www.greenpeace.ch\/fr\/initiative-place-financiere-rejoindre-un-group-de-collecte\/\" target=\"_blank\" rel=\"noopener noreferrer\">Je participe<\/a><\/div><\/div><div class=\"accordion-content\"><div class=\"accordion-headline\" name=\"Saint-Gall\">Saint-Gall<\/div><div class=\"panel panel-hidden\"><p class=\"accordion-text\">Cliquez ici pour acc\u00e9der au formulaire d&rsquo;inscription. Ensuite, nous vous ajouterons au chat de signalisation du groupe de collecte, o\u00f9 vous recevrez toutes les informations sur les prochains \u00e9v\u00e9nements de collecte.<\/p><a class=\"btn btn-secondary accordion-btn\" href=\"https:\/\/form.asana.com\/?k=XE6EoB0BwDKyj685nHTPXg&amp;d=8432729103091https:\/\/www.greenpeace.ch\/fr\/initiative-place-financiere-rejoindre-un-group-de-collecte\/\" target=\"_blank\" rel=\"noopener noreferrer\">Je participe<\/a><\/div><\/div><div class=\"accordion-content\"><div class=\"accordion-headline\" name=\"Zurich\">Zurich<\/div><div class=\"panel panel-hidden\"><p class=\"accordion-text\">Cliquez ici pour acc\u00e9der au formulaire d&rsquo;inscription. Ensuite, nous vous ajouterons au chat de signalisation du groupe de collecte, o\u00f9 vous recevrez toutes les informations sur les prochains \u00e9v\u00e9nements de collecte.<\/p><a class=\"btn btn-secondary accordion-btn\" href=\"https:\/\/www.greenpeace.ch\/fr\/initiative-place-financiere-rejoindre-un-group-de-collecte\/\" target=\"_blank\" rel=\"noopener noreferrer\">Je participe<\/a><\/div><\/div><div class=\"accordion-content\"><div class=\"accordion-headline\" name=\"Gen\u00e8ve\">Gen\u00e8ve<\/div><div class=\"panel panel-hidden\"><p class=\"accordion-text\">Cliquez ici pour acc\u00e9der au formulaire d&rsquo;inscription. Ensuite, nous vous ajouterons au chat de signalisation du groupe de collecte, o\u00f9 vous recevrez toutes les informations sur les prochains \u00e9v\u00e9nements de collecte.<\/p><a class=\"btn btn-secondary accordion-btn\" href=\"https:\/\/www.greenpeace.ch\/fr\/initiative-place-financiere-rejoindre-un-group-de-collecte\/\" target=\"_blank\" rel=\"noopener noreferrer\">Je participe<\/a><\/div><\/div><div class=\"accordion-content\"><div class=\"accordion-headline\" name=\"Lausanne\">Lausanne<\/div><div class=\"panel panel-hidden\"><p class=\"accordion-text\">Cliquez ici pour acc\u00e9der au formulaire d&rsquo;inscription. Ensuite, nous vous ajouterons au chat de signalisation du groupe de collecte, o\u00f9 vous recevrez toutes les informations sur les prochains \u00e9v\u00e9nements de collecte.<\/p><a class=\"btn btn-secondary accordion-btn\" href=\"https:\/\/www.greenpeace.ch\/fr\/initiative-place-financiere-rejoindre-un-group-de-collecte\/\" target=\"_blank\" rel=\"noopener noreferrer\">Je participe<\/a><\/div><\/div><div class=\"accordion-content\"><div class=\"accordion-headline\" name=\"Neuch\u00e2tel\">Neuch\u00e2tel<\/div><div class=\"panel panel-hidden\"><p class=\"accordion-text\"><br>Cliquez ici pour acc\u00e9der au formulaire d&rsquo;inscription. Ensuite, nous vous ajouterons au chat de signalisation du groupe de collecte, o\u00f9 vous recevrez toutes les informations sur les prochains \u00e9v\u00e9nements de collecte.<\/p><a class=\"btn btn-secondary accordion-btn\" href=\"https:\/\/www.greenpeace.ch\/fr\/initiative-place-financiere-rejoindre-un-group-de-collecte\/\" target=\"_blank\" rel=\"noopener noreferrer\">Je participe<\/a><\/div><\/div><div class=\"accordion-content\"><div class=\"accordion-headline\" name=\"Sion\">Sion<\/div><div class=\"panel panel-hidden\"><p class=\"accordion-text\">Cliquez ici pour acc\u00e9der au formulaire d&rsquo;inscription. Ensuite, nous vous ajouterons au chat de signalisation du groupe de collecte, o\u00f9 vous recevrez toutes les informations sur les prochains \u00e9v\u00e9nements de collecte.<\/p><a class=\"btn btn-secondary accordion-btn\" href=\"https:\/\/www.greenpeace.ch\/fr\/initiative-place-financiere-rejoindre-un-group-de-collecte\/\" target=\"_blank\" rel=\"noopener noreferrer\">Je participe<\/a><\/div><\/div><div class=\"accordion-content\"><div class=\"accordion-headline\" name=\"Lugano\">Lugano<\/div><div class=\"panel panel-hidden\"><p class=\"accordion-text\">Cliquez ici pour acc\u00e9der au formulaire d&rsquo;inscription. Ensuite, nous vous ajouterons au chat de signalisation du groupe de collecte, o\u00f9 vous recevrez toutes les informations sur les prochains \u00e9v\u00e9nements de collecte.<\/p><a class=\"btn btn-secondary accordion-btn\" href=\"https:\/\/www.greenpeace.ch\/fr\/initiative-place-financiere-rejoindre-un-group-de-collecte\/\" target=\"_blank\" rel=\"noopener noreferrer\">Je participe<\/a><\/div><\/div><div class=\"accordion-content\"><div class=\"accordion-headline\" name=\"Cr\u00e9er un nouveau groupe ?\">Cr\u00e9er un nouveau groupe ?<\/div><div class=\"panel panel-hidden\"><p class=\"accordion-text\">Vous voulez cr\u00e9er un nouveau groupe de collecte ? Alors \u00e9crivez-nous via mch@greenpeace.ch<\/p><\/div><\/div><\/section>\n<\/div>\n\n\n\n<hr class=\"wp-block-separator has-alpha-channel-opacity\"\/>\n\n\n<div data-render=\"planet4-blocks\/columns\" data-attributes=\"{&quot;attributes&quot;:{&quot;columns_title&quot;:&quot;&lt;strong&gt;Journ\\u00e9es de collecte et formations&lt;\\\/strong&gt;&quot;,&quot;columns_description&quot;:&quot;Retrouvez ici tous les \\u00e9v\\u00e9nements de collecte \\u00e0 venir ainsi que les formations et les ateliers. Pour y participer, pas besoin de faire partie d&#039;un groupe de collecte. Bien entendu, vous pouvez toujours rejoindre le groupe de collecte apr\\u00e8s en cours de route.&quot;,&quot;columns&quot;:[{&quot;title&quot;:&quot;Enregistrement- Webinaire FR&quot;,&quot;description&quot;:&quot;Webinaire en ligne avec des informations sur l&#039;initiative et donner des conseils et instructions pour la collecte. Langue: fran\\u00e7ais&quot;,&quot;cta_text&quot;:&quot;Regarder l&#039;enregistrement&quot;,&quot;cta_link&quot;:&quot;https:\\\/\\\/www.youtube.com\\\/watch?v=xWDk1uZE3kY&quot;,&quot;link_new_tab&quot;:true},{&quot;title&quot;:&quot;14 Mars - Gen\\u00e8ve&quot;,&quot;description&quot;:&quot;Journ\\u00e9e nationale de collecte: Nous collectons des signatures \\u00e0 la place de Neuve \\u00e0 Gen\\u00e8ve de 13h \\u00e0 15h. &quot;,&quot;cta_text&quot;:&quot;s&#039;inscrire&quot;,&quot;cta_link&quot;:&quot;https:\\\/\\\/www.greenpeace.ch\\\/fr\\\/initiative-place-financiere-inscription-a-la-collecte-de-signatures-a-geneve\\\/&quot;,&quot;link_new_tab&quot;:true},{&quot;title&quot;:&quot;14 Mars - Suisse&quot;,&quot;description&quot;:&quot;Journ\\u00e9e nationale de collecte - nous collectons dans plus de 10 endroits en Suisse.&quot;,&quot;cta_text&quot;:&quot;s&#039;inscrire&quot;,&quot;cta_link&quot;:&quot;https:\\\/\\\/www.greenpeace.ch\\\/fr\\\/initiative-place-financiere-inscription-aux-evenements-de-collecte-de-signatures\\\/&quot;,&quot;link_new_tab&quot;:true}],&quot;className&quot;:&quot;is-style-no_image&quot;,&quot;columns_block_style&quot;:&quot;no_image&quot;}}\"><\/div>\n\n\n<hr class=\"wp-block-separator has-alpha-channel-opacity\"\/>\n\n\n\n<div class=\"wp-block-media-text alignfull has-media-on-the-right is-stacked-on-mobile is-pattern-p4-page-header is-style-parallax\"><div class=\"wp-block-media-text__content\">\n<div class=\"wp-block-group is-layout-flow wp-block-group-is-layout-flow\">\n<h1 class=\"wp-block-heading has-white-background-color has-background\" id=\"100-100\"><strong>100 de 100!<\/strong><\/h1>\n<\/div>\n\n\n\n<p class=\"is-style-default\">Nous cherchons 100 personnes pr\u00eates \u00e0 collecter 100 signatures en moins de six mois. Ceux qui y parviennent se feront servir un d\u00e9licieux repas par l\u2019\u00e9quipe de Greenpeace Suisse.\ud83e\udd70<\/p>\n\n\n\n<div class=\"wp-block-buttons is-content-justification-center is-layout-flex wp-container-core-buttons-is-layout-16018d1d wp-block-buttons-is-layout-flex\">\n<div class=\"wp-block-button has-custom-width wp-block-button__width-25 is-style-secondary\"><a class=\"wp-block-button__link has-small-font-size has-text-align-left has-custom-font-size wp-element-button\" href=\"https:\/\/www.greenpeace.ch\/fr\/initiative-place-financiere-100-sur-100-challenge\/\" target=\"_blank\" rel=\"noreferrer noopener\">&nbsp;Je m\u2019engage \u00e0 r\u00e9colter 100 signatures!<\/a><\/div>\n<\/div>\n<\/div><figure class=\"wp-block-media-text__media\"><img loading=\"lazy\" decoding=\"async\" width=\"1024\" height=\"584\" src=\"https:\/\/www.greenpeace.ch\/static\/planet4-switzerland-stateless\/2024\/10\/f432307b-screenshot-2024-10-29-at-16.53.52-1024x584.png\" alt=\"\" sizes=\"auto, (min-width: 601px) 50vw, 100vw\" srcset=\"https:\/\/www.greenpeace.ch\/static\/planet4-switzerland-stateless\/2024\/10\/f432307b-screenshot-2024-10-29-at-16.53.52.png 1600w, https:\/\/www.greenpeace.ch\/static\/planet4-switzerland-stateless\/2024\/10\/f432307b-screenshot-2024-10-29-at-16.53.52-300x171.png 300w, https:\/\/www.greenpeace.ch\/static\/planet4-switzerland-stateless\/2024\/10\/f432307b-screenshot-2024-10-29-at-16.53.52-1024x584.png 1024w, https:\/\/www.greenpeace.ch\/static\/planet4-switzerland-stateless\/2024\/10\/f432307b-screenshot-2024-10-29-at-16.53.52-768x438.png 768w, https:\/\/www.greenpeace.ch\/static\/planet4-switzerland-stateless\/2024\/10\/f432307b-screenshot-2024-10-29-at-16.53.52-1536x876.png 1536w, https:\/\/www.greenpeace.ch\/static\/planet4-switzerland-stateless\/2024\/10\/f432307b-screenshot-2024-10-29-at-16.53.52-510x291.png 510w\" class=\"wp-image-113967 size-full\"\/><\/figure><\/div>\n\n\n\n<hr class=\"wp-block-separator has-alpha-channel-opacity\"\/>\n\n\n\n<h2 class=\"wp-block-heading\" id=\"Informations-importantes\">Informations importantes sur la collecte<\/h2>\n\n\n\n<p>Vous voulez participer \u00e0 la collecte? Pour que les signatures soient valables, il est important de respecter certains points. Nous avons r\u00e9dig\u00e9 un aide-m\u00e9moire \u00e0 cet effet. <strong>Merci de bien la lire avant de commencer !<\/strong><\/p>\n\n\n\n<p>Nous avons pr\u00e9par\u00e9 un Starter-Kit (kit de d\u00e9marrage) pour toutes les personnes qui souhaitent r\u00e9colter des signatures. L&rsquo;id\u00e9al est que tu imprimes toi-m\u00eame les feuilles de signatures.<\/p>\n\n\n\n<p><strong><a href=\"https:\/\/www.greenpeace.ch\/static\/planet4-switzerland-stateless\/2024\/11\/db6a5afd-ipf_-aide-memoire-pour-la-collecte-de-signatures.pdf\">Aide-m\u00e9moire pour la collecte de signatures en PDF<\/a><\/strong><\/p>\n\n\n\n<p class=\"is-style-default\"><strong><a href=\"https:\/\/www.greenpeace.ch\/static\/planet4-switzerland-stateless\/2024\/11\/af1e4a9a-241119_gp_fi_unterschriftenbogen_a4_fr_off-1.pdf\" target=\"_blank\" rel=\"noreferrer noopener\">Feuille de signatures, A4 en PDF<\/a><\/strong><\/p>\n\n\n\n<p><strong><a href=\"https:\/\/www.greenpeace.ch\/static\/planet4-switzerland-stateless\/2024\/11\/e47d184b-gp_unterschriftenbogen_fpi_magazin_off_fr.pdf\" target=\"_blank\" rel=\"noreferrer noopener\">Feuille de signatures, pliable, A5 en PDF<\/a><\/strong><\/p>\n\n\n\n<p><a href=\"https:\/\/www.greenpeace.ch\/static\/planet4-switzerland-stateless\/2024\/11\/e354f28e-fi-argumentarium_fr.pdf\" target=\"_blank\" rel=\"noreferrer noopener\"><strong>Argumentaire en PDF<\/strong><\/a><\/p>\n\n\n\n<p><strong><a href=\"https:\/\/www.greenpeace.ch\/static\/planet4-switzerland-stateless\/2024\/11\/2018d4d1-fi-qa_fr_01.pdf\" target=\"_blank\" rel=\"noreferrer noopener\">Questions &amp; r\u00e9ponses en PDF<\/a><\/strong><\/p>\n\n\n\n<p><strong><a href=\"https:\/\/www.greenpeace.ch\/static\/planet4-switzerland-stateless\/2024\/11\/b1376bd4-fi_initiativtext_fr.pdf\" target=\"_blank\" rel=\"noreferrer noopener\">Texte d&rsquo;initiative en PDF<\/a><\/strong><\/p>\n\n\n\n<p>Vous trouverez plus d&rsquo;informations <a href=\"https:\/\/initiative-place-financiere.ch\" target=\"_blank\" rel=\"noreferrer noopener\"><strong>sur le site de l&rsquo;initiative sur la place financi\u00e8re<\/strong><\/a>.<\/p>\n\n\n\n<p>Vous n&rsquo;avez pas d&rsquo;imprimante ? Nous vous envoyons volontiers les documents sous forme de kit de d\u00e9marrage. Si n\u00e9cessaire, nous ajoutons \u00e9galement des flyers et des livrets d&rsquo;autocollants.<\/p>\n\n\n\n<div class=\"wp-block-buttons is-layout-flex wp-block-buttons-is-layout-flex\">\n<div class=\"wp-block-button\"><a class=\"wp-block-button__link wp-element-button\" href=\"https:\/\/www.greenpeace.ch\/fr\/initiative-place-financiere-commander-le-starter-kit\/\" target=\"_blank\" rel=\"noreferrer noopener\">Commander le Starter-Kit<\/a><\/div>\n<\/div>\n<\/div>\n<\/div>\n\n\n<p>\ud83d\udc4b Si vous avez des questions ou des probl\u00e8mes avec un formulaire d&rsquo;inscription, n&rsquo;h\u00e9sitez pas \u00e0 nous contacter via freiwillig@greenpeace.ch<\/p>\n\n<p><\/p>\n","protected":false},"excerpt":{"rendered":"<p>Initiative pour une place financi\u00e8re durable \u270d\ufe0f R\u00e9colter des signatures avec Greenpeace Chaque ann\u00e9e, des milliers de milliards de francs sont inject\u00e9s depuis notre pays dans des activit\u00e9s \u00e9conomiques nocives au climat et \u00e0 la nature dans le monde entier. Les activit\u00e9s des institutions financi\u00e8res, c&rsquo;est-\u00e0-dire les banques, assurances, gestionnaires de fortune et caisses de [&hellip;]<\/p>\n","protected":false},"author":24,"featured_media":114788,"parent":0,"menu_order":0,"comment_status":"closed","ping_status":"closed","template":"","meta":{"_acf_changed":false,"_planet4_optimize_post_is_variant":false,"_planet4_optimize_experiment_name":"","_planet4_optimize_variant_name":"","ep_exclude_from_search":false,"p4_hide_page_title_checkbox":"on","p4_title":"","p4_subtitle":"","p4_description":"","background_image_id":"","background_image":"","p4_button_title":"","p4_button_link":"","p4_button_link_checkbox":"","p4_og_title":"","p4_og_description":"","p4_og_image":"","p4_og_image_id":"","p4_seo_canonical_url":"","p4_campaign_name":"","p4_local_project":"","p4_basket_name":"","p4_department":"","footnotes":""},"categories":[],"tags":[],"class_list":["post-114676","page","type-page","status-publish","has-post-thumbnail","hentry"],"acf":[],"_links":{"self":[{"href":"https:\/\/www.greenpeace.ch\/fr\/wp-json\/wp\/v2\/pages\/114676","targetHints":{"allow":["GET"]}}],"collection":[{"href":"https:\/\/www.greenpeace.ch\/fr\/wp-json\/wp\/v2\/pages"}],"about":[{"href":"https:\/\/www.greenpeace.ch\/fr\/wp-json\/wp\/v2\/types\/page"}],"author":[{"embeddable":true,"href":"https:\/\/www.greenpeace.ch\/fr\/wp-json\/wp\/v2\/users\/24"}],"replies":[{"embeddable":true,"href":"https:\/\/www.greenpeace.ch\/fr\/wp-json\/wp\/v2\/comments?post=114676"}],"version-history":[{"count":20,"href":"https:\/\/www.greenpeace.ch\/fr\/wp-json\/wp\/v2\/pages\/114676\/revisions"}],"predecessor-version":[{"id":128928,"href":"https:\/\/www.greenpeace.ch\/fr\/wp-json\/wp\/v2\/pages\/114676\/revisions\/128928"}],"wp:featuredmedia":[{"embeddable":true,"href":"https:\/\/www.greenpeace.ch\/fr\/wp-json\/wp\/v2\/media\/114788"}],"wp:attachment":[{"href":"https:\/\/www.greenpeace.ch\/fr\/wp-json\/wp\/v2\/media?parent=114676"}],"wp:term":[{"taxonomy":"category","embeddable":true,"href":"https:\/\/www.greenpeace.ch\/fr\/wp-json\/wp\/v2\/categories?post=114676"},{"taxonomy":"post_tag","embeddable":true,"href":"https:\/\/www.greenpeace.ch\/fr\/wp-json\/wp\/v2\/tags?post=114676"}],"curies":[{"name":"wp","href":"https:\/\/api.w.org\/{rel}","templated":true}]}}