{"id":115648,"date":"2024-12-11T09:22:10","date_gmt":"2024-12-11T08:22:10","guid":{"rendered":"https:\/\/www.greenpeace.ch\/?page_id=115648"},"modified":"2025-03-31T13:59:44","modified_gmt":"2025-03-31T11:59:44","slug":"le-nucleaire-na-pas-davenir","status":"publish","type":"page","link":"https:\/\/www.greenpeace.ch\/fr\/le-nucleaire-na-pas-davenir\/","title":{"rendered":"Le nucl\u00e9aire n&rsquo;a pas d&rsquo;avenir"},"content":{"rendered":"\n\n<div class=\"wp-block-group alignfull is-layout-flow wp-block-group-is-layout-flow\">\n<div class=\"wp-block-group container is-layout-flow wp-block-group-is-layout-flow\">\n<div class=\"wp-block-media-text alignfull has-media-on-the-right is-stacked-on-mobile is-pattern-p4-page-header is-style-parallax\"><div class=\"wp-block-media-text__content\">\n<div class=\"wp-block-group is-layout-flow wp-block-group-is-layout-flow\">\n<h1 class=\"wp-block-heading has-white-background-color has-background\"><strong>Le nucl\u00e9aire n&rsquo;a pas d&rsquo;avenir<\/strong><\/h1>\n<\/div>\n\n\n\n<p style=\"font-size:1.25rem\">Les \u00e9nergies renouvelables sont la solution pour un approvisionnement \u00e9nerg\u00e9tique s\u00fbr et durable.<\/p>\n<\/div><figure class=\"wp-block-media-text__media\"><img loading=\"lazy\" decoding=\"async\" width=\"12756\" height=\"8504\" src=\"https:\/\/www.greenpeace.ch\/static\/planet4-switzerland-stateless\/2024\/12\/529d5cc2-1080x720-1.jpg\" alt=\"\" sizes=\"auto, (min-width: 601px) 50vw, 100vw\" srcset=\"\" class=\"wp-image-115736 size-full\"\/><\/figure><\/div>\n<\/div>\n<\/div>\n\n\n<div class=\"wp-block-columns has-2-columns is-style-petition-left is-layout-flex wp-container-core-columns-is-layout-9d6595d7 wp-block-columns-is-layout-flex\">\n<div class=\"wp-block-column is-layout-flow wp-block-column-is-layout-flow\">\n<h4 class=\"wp-block-heading\">Cette action en ligne est termin\u00e9e.<\/h4>\n\n\n\n<h3 class=\"wp-block-heading\">10&rsquo;654 personnes ont sign\u00e9 la lettre de consultation adress\u00e9e au conseiller f\u00e9d\u00e9ral Albert R\u00f6sti!<\/h3>\n<\/div>\n\n\n\n<div class=\"wp-block-column is-layout-flow wp-block-column-is-layout-flow\">\n<h2 class=\"wp-block-heading is-style-default\">Acc\u00e9l\u00e9rons le d\u00e9veloppement des \u00e9nergies renouvelables<div class=\"mb-2 flex gap-3 empty:hidden -ml-2\"><div class=\"items-center justify-start rounded-xl p-1 flex\"><\/div><\/div><span data-state=\"closed\" class=\"\"><path d=\"M3.06957 10.8763C3.62331 6.43564 7.40967 3 12 3C14.2824 3 16.4028 3.85067 18.0118 5.25439V4C18.0118 3.44772 18.4595 3 19.0118 3C19.5641 3 20.0118 3.44772 20.0118 4V8C20.0118 8.55228 19.5641 9 19.0118 9H15C14.4477 9 14 8.55228 14 8C14 7.44772 14.4477 7 15 7H16.9571C15.6757 5.76379 13.9101 5 12 5C8.43108 5 5.48466 7.67174 5.0542 11.1237C4.98586 11.6718 4.48619 12.0607 3.93815 11.9923C3.39011 11.924 3.00123 11.4243 3.06957 10.8763ZM20.0618 12.0077C20.6099 12.076 20.9988 12.5757 20.9304 13.1237C20.3767 17.5644 16.5903 21 12 21C9.72322 21 7.60762 20.1535 5.99999 18.7559V20C5.99999 20.5523 5.55228 21 4.99999 21C4.44771 21 3.99999 20.5523 3.99999 20V16C3.99999 15.4477 4.44771 15 4.99999 15H8.99999C9.55228 15 9.99999 15.4477 9.99999 16C9.99999 16.5523 9.55228 17 8.99999 17H7.04285C8.32433 18.2362 10.0899 19 12 19C15.5689 19 18.5153 16.3283 18.9458 12.8763C19.0141 12.3282 19.5138 11.9393 20.0618 12.0077Z\" fill=\"currentColor\"><\/path><span class=\"overflow-hidden text-clip whitespace-nowrap text-sm\"><\/span><\/span><\/h2>\n\n\n\n<p>Le contre-projet indirect d\u2019Albert R\u00f6sti \u00e0 l&rsquo;initiative pro-atome a \u00e9t\u00e9 rendu public: il propose de lever l&rsquo;interdiction, vot\u00e9e par le peuple en 2017, de construire de nouvelles centrales nucl\u00e9aires.&nbsp;La consultation publique sur cette position archa\u00efque du Conseil f\u00e9d\u00e9ral vient de s\u2019ouvrir. Tout le monde peut y participer. Vous aussi!<\/p>\n\n\n\n<p>L&rsquo;\u00e9nergie nucl\u00e9aire appartient au pass\u00e9. La solution pour une alimentation \u00e9nerg\u00e9tique s\u00fbre et respectueuse du climat r\u00e9side dans les \u00e9nergies renouvelables.<\/p>\n\n\n\n<ul class=\"wp-block-list\">\n<li>La construction d&rsquo;une nouvelle centrale nucl\u00e9aire arrivera <strong>trop tard<\/strong> pour r\u00e9aliser nos objectifs de r\u00e9duction des \u00e9missions.<\/li>\n\n\n\n<li>Les centrales nucl\u00e9aires nous rendent <strong>d\u00e9pendants de pays tiers<\/strong> pour l&rsquo;approvisionnement en combustible.<\/li>\n\n\n\n<li>Une nouvelle centrale nucl\u00e9aire aggrave le probl\u00e8me du <strong>stockage \u00e0 long terme des d\u00e9chets radioactifs.<\/strong><\/li>\n\n\n\n<li>Le <strong>co\u00fbt de construction<\/strong> d&rsquo;une nouvelle centrale nucl\u00e9aire est <strong>exorbitant<\/strong>. Il est probable que la population doive passer \u00e0 la caisse, ce qui entra\u00eenera une augmentation des prix de l&rsquo;\u00e9lectricit\u00e9.<\/li>\n<\/ul>\n\n\n\n<p>Remplissez le formulaire, et nous soumettrons le texte suivant en votre nom:<\/p>\n\n\n\n<div class=\"wp-block-group is-style-background-1 is-layout-constrained wp-block-group-is-layout-constrained\">\n<div style=\"overflow-y:scroll;max-height:16em;\">\n\n\n\n<p><strong>Objet: Prise de position sur le contre-projet indirect \u00e0 l&rsquo;initiative pour de nouvelles centrales nucl\u00e9aires (Initiative \u00ab Stop au blackout \u00bb)<\/strong><\/p>\n\n\n\n<p>Monsieur le Conseiller f\u00e9d\u00e9ral,<\/p>\n\n\n\n<p>Vous souhaitez autoriser \u00e0 nouveau la construction de nouvelles centrales nucl\u00e9aires. Dans le cadre de la proc\u00e9dure de consultation publique, je souhaite vous faire part des raisons pour lesquelles je m\u2019oppose \u00e0 votre proposition:<\/p>\n\n\n\n<ul class=\"wp-block-list\">\n<li>La Suisse conna\u00eet un boom de l&rsquo;\u00e9nergie solaire. Efficacement combin\u00e9e avec l&rsquo;\u00e9nergie hydraulique, elle constitue la meilleure solution pour approvisionner la Suisse en \u00e9lectricit\u00e9 jour et nuit. Cette option est la meilleure pour l\u2019avenir de notre syst\u00e8me \u00e9nerg\u00e9tique. Construire de nouvelles centrales nucl\u00e9aires sabote les efforts pour d\u00e9velopper un approvisionnement propre, s\u00fbr, local et respectueux du climat.<\/li>\n<\/ul>\n\n\n\n<ul class=\"wp-block-list\">\n<li>Le nucl\u00e9aire est une technologie dangereuse. Notre pays, petit et dens\u00e9ment peupl\u00e9, doit tout faire pour \u00e9viter un accident nucl\u00e9aire.&nbsp;<\/li>\n<\/ul>\n\n\n\n<ul class=\"wp-block-list\">\n<li>Une nouvelle centrale nucl\u00e9aire arrivera bien trop tard pour remplacer les r\u00e9acteurs actuels. En attendant, la Suisse devra recourir \u00e0 des centrales \u00e0 gaz polluantes pour combler le vide.<\/li>\n<\/ul>\n\n\n\n<ul class=\"wp-block-list\">\n<li>La Suisse restera d\u00e9pendante des importations d&rsquo;uranium en provenance de l&rsquo;\u00e9tranger, ce qui rend vuln\u00e9rable la production d&rsquo;\u00e9nergie en p\u00e9riode de crises g\u00e9opolitiques majeures.<\/li>\n<\/ul>\n\n\n\n<ul class=\"wp-block-list\">\n<li>La construction d&rsquo;une nouvelle centrale nucl\u00e9aire co\u00fbte bien trop cher pour esp\u00e9rer \u00eatre rentable un jour. Un tel projet engloutirait des milliards de francs d&rsquo;argent public et ferait exploser les co\u00fbts de l&rsquo;\u00e9nergie.<\/li>\n<\/ul>\n\n\n\n<ul class=\"wp-block-list\">\n<li>Les centrales nucl\u00e9aires produisent des montagnes de d\u00e9chets radioactifs pour lesquels il n\u2019existe aucune solution satisfaisante pour le stockage \u00e0 long terme. Pire, la Nagra a d\u00e9j\u00e0 admis que son projet actuel de site de stockage en profondeur n&rsquo;est pas con\u00e7u pour accueillir les d\u00e9chets d&rsquo;une centrale nucl\u00e9aire suppl\u00e9mentaire.&nbsp;<\/li>\n<\/ul>\n\n\n\n<ul class=\"wp-block-list\">\n<li>Aucun r\u00e9acteur nucl\u00e9aire ne permet d\u2019\u00e9viter les d\u00e9chets radioactifs et les diff\u00e9rents risques inh\u00e9rents \u00e0 cette technologie. Et aucune \u00e9volution majeure se profile dans le domaine dans les d\u00e9cennies \u00e0 venir. Il faut \u00e0 tout prix \u00e9viter de laisser des fables technologiques guider notre politique \u00e9nerg\u00e9tique. Le nucl\u00e9aire appartient au pass\u00e9.<\/li>\n<\/ul>\n\n\n\n<p>Il est de votre responsabilit\u00e9 de reconna\u00eetre que la population suisse s&rsquo;est exprim\u00e9e en faveur de la transition \u00e9nerg\u00e9tique \u00e0 deux reprises dans les urnes (en 2017 et en 2024). En autorisant la construction de nouvelles centrales nucl\u00e9aires en Suisse, vous vous opposez \u00e0 la volont\u00e9 g\u00e9n\u00e9rale et rendez notre avenir \u00e9nerg\u00e9tique incertain.<\/p>\n\n\n\n<p>Merci de bien vouloir tenir compte de ma prise de position.<br><\/p>\n\n\n\n<\/div>\n<\/div>\n\n\n\n<p><\/p>\n<\/div>\n<\/div>\n","protected":false},"excerpt":{"rendered":"<p>Participez \u00e0 la consultation sur le contre-project indirect \u00e0 l&rsquo;initiative pro-atome.<\/p>\n","protected":false},"author":127,"featured_media":116071,"parent":0,"menu_order":0,"comment_status":"closed","ping_status":"closed","template":"","meta":{"_acf_changed":false,"_planet4_optimize_post_is_variant":false,"_planet4_optimize_experiment_name":"","_planet4_optimize_variant_name":"","ep_exclude_from_search":false,"p4_hide_page_title_checkbox":"on","p4_title":"","p4_subtitle":"","p4_description":"","background_image_id":"","background_image":"","p4_button_title":"","p4_button_link":"","p4_button_link_checkbox":"","p4_og_title":"","p4_og_description":"","p4_og_image":"","p4_og_image_id":"","p4_seo_canonical_url":"","p4_campaign_name":"","p4_local_project":"","p4_basket_name":"","p4_department":"","footnotes":""},"categories":[],"tags":[58,197],"class_list":["post-115648","page","type-page","status-publish","has-post-thumbnail","hentry","tag-climat","tag-energie-fr"],"acf":[],"_links":{"self":[{"href":"https:\/\/www.greenpeace.ch\/fr\/wp-json\/wp\/v2\/pages\/115648","targetHints":{"allow":["GET"]}}],"collection":[{"href":"https:\/\/www.greenpeace.ch\/fr\/wp-json\/wp\/v2\/pages"}],"about":[{"href":"https:\/\/www.greenpeace.ch\/fr\/wp-json\/wp\/v2\/types\/page"}],"author":[{"embeddable":true,"href":"https:\/\/www.greenpeace.ch\/fr\/wp-json\/wp\/v2\/users\/127"}],"replies":[{"embeddable":true,"href":"https:\/\/www.greenpeace.ch\/fr\/wp-json\/wp\/v2\/comments?post=115648"}],"version-history":[{"count":20,"href":"https:\/\/www.greenpeace.ch\/fr\/wp-json\/wp\/v2\/pages\/115648\/revisions"}],"predecessor-version":[{"id":118730,"href":"https:\/\/www.greenpeace.ch\/fr\/wp-json\/wp\/v2\/pages\/115648\/revisions\/118730"}],"wp:featuredmedia":[{"embeddable":true,"href":"https:\/\/www.greenpeace.ch\/fr\/wp-json\/wp\/v2\/media\/116071"}],"wp:attachment":[{"href":"https:\/\/www.greenpeace.ch\/fr\/wp-json\/wp\/v2\/media?parent=115648"}],"wp:term":[{"taxonomy":"category","embeddable":true,"href":"https:\/\/www.greenpeace.ch\/fr\/wp-json\/wp\/v2\/categories?post=115648"},{"taxonomy":"post_tag","embeddable":true,"href":"https:\/\/www.greenpeace.ch\/fr\/wp-json\/wp\/v2\/tags?post=115648"}],"curies":[{"name":"wp","href":"https:\/\/api.w.org\/{rel}","templated":true}]}}