{"id":118931,"date":"2025-04-09T13:29:01","date_gmt":"2025-04-09T11:29:01","guid":{"rendered":"https:\/\/www.greenpeace.ch\/?page_id=118931"},"modified":"2025-12-18T15:32:56","modified_gmt":"2025-12-18T14:32:56","slug":"proteger-amazonie","status":"publish","type":"page","link":"https:\/\/www.greenpeace.ch\/fr\/agir\/proteger-amazonie\/","title":{"rendered":"Prot\u00e9ger l&rsquo;Amazonie"},"content":{"rendered":"\n\n<div class=\"wp-block-group alignfull is-layout-flow wp-block-group-is-layout-flow\">\n<div class=\"wp-block-group container is-layout-flow wp-block-group-is-layout-flow\">\n<div class=\"wp-block-media-text alignfull has-media-on-the-right is-stacked-on-mobile is-pattern-p4-page-header is-style-parallax\"><div class=\"wp-block-media-text__content\">\n<div class=\"wp-block-group is-layout-flow wp-block-group-is-layout-flow\">\n<h1 class=\"wp-block-heading has-white-background-color has-background\">Sauver l&rsquo;Amazonie de l&rsquo;effondrement<\/h1>\n<\/div>\n\n\n\n<div class=\"wp-block-group is-nowrap is-layout-flex wp-container-core-group-is-layout-ad2f72ca wp-block-group-is-layout-flex\">\n<p style=\"font-size:1.25rem\">Des pans entiers de la for\u00eat tropicale risquent d&rsquo;\u00eatre d\u00e9truits \u00e0 jamais. Signez notre appel pour la protection de la for\u00eat amazonienne.<\/p>\n<\/div>\n<\/div><figure class=\"wp-block-media-text__media\"><img loading=\"lazy\" decoding=\"async\" width=\"1024\" height=\"438\" src=\"https:\/\/www.greenpeace.ch\/static\/planet4-switzerland-stateless\/2025\/12\/851e9d33-nl-header-13-1024x438.png\" alt=\"\" sizes=\"auto, (min-width: 601px) 50vw, 100vw\" srcset=\"https:\/\/www.greenpeace.ch\/static\/planet4-switzerland-stateless\/2025\/12\/851e9d33-nl-header-13.png 1160w, https:\/\/www.greenpeace.ch\/static\/planet4-switzerland-stateless\/2025\/12\/851e9d33-nl-header-13-300x128.png 300w, https:\/\/www.greenpeace.ch\/static\/planet4-switzerland-stateless\/2025\/12\/851e9d33-nl-header-13-1024x438.png 1024w, https:\/\/www.greenpeace.ch\/static\/planet4-switzerland-stateless\/2025\/12\/851e9d33-nl-header-13-768x328.png 768w, https:\/\/www.greenpeace.ch\/static\/planet4-switzerland-stateless\/2025\/12\/851e9d33-nl-header-13-510x218.png 510w\" class=\"wp-image-128058 size-full\"\/><\/figure><\/div>\n<\/div>\n<\/div>\n\n\n<div class=\"wp-block-columns has-2-columns is-style-petition-left is-layout-flex wp-container-core-columns-is-layout-9d6595d7 wp-block-columns-is-layout-flex\">\n<div class=\"wp-block-column is-layout-flow wp-block-column-is-layout-flow\">\n<h2 class=\"wp-block-heading\"><strong>Signez maintenant<\/strong><\/h2>\n\n\n\n<p><strong>Demandez avec nous aux gouvernements d\u2019agir<\/strong>.<\/p>\n\n\n<div class=\"gpch-block-form-progress-outer\" style=\"background-color: #303133;\">\n    <div class=\"gpch-block-form-progress-inner\" style=\"width: 85.44875%; background-color: #87bc25\">\n\n    <\/div>\n<\/div>\n\n<p> 683&#039;590 personnes ont d\u00e9j\u00e0 sign\u00e9.<\/p>\n\n<script type=\"text\/javascript\">\n\/* <![CDATA[ *\/\nvar gform;gform||(document.addEventListener(\"gform_main_scripts_loaded\",function(){gform.scriptsLoaded=!0}),document.addEventListener(\"gform\/theme\/scripts_loaded\",function(){gform.themeScriptsLoaded=!0}),window.addEventListener(\"DOMContentLoaded\",function(){gform.domLoaded=!0}),gform={domLoaded:!1,scriptsLoaded:!1,themeScriptsLoaded:!1,isFormEditor:()=>\"function\"==typeof InitializeEditor,callIfLoaded:function(o){return!(!gform.domLoaded||!gform.scriptsLoaded||!gform.themeScriptsLoaded&&!gform.isFormEditor()||(gform.isFormEditor()&&console.warn(\"The use of gform.initializeOnLoaded() is deprecated in the form editor context and will be removed in Gravity Forms 3.1.\"),o(),0))},initializeOnLoaded:function(o){gform.callIfLoaded(o)||(document.addEventListener(\"gform_main_scripts_loaded\",()=>{gform.scriptsLoaded=!0,gform.callIfLoaded(o)}),document.addEventListener(\"gform\/theme\/scripts_loaded\",()=>{gform.themeScriptsLoaded=!0,gform.callIfLoaded(o)}),window.addEventListener(\"DOMContentLoaded\",()=>{gform.domLoaded=!0,gform.callIfLoaded(o)}))},hooks:{action:{},filter:{}},addAction:function(o,r,e,t){gform.addHook(\"action\",o,r,e,t)},addFilter:function(o,r,e,t){gform.addHook(\"filter\",o,r,e,t)},doAction:function(o){gform.doHook(\"action\",o,arguments)},applyFilters:function(o){return gform.doHook(\"filter\",o,arguments)},removeAction:function(o,r){gform.removeHook(\"action\",o,r)},removeFilter:function(o,r,e){gform.removeHook(\"filter\",o,r,e)},addHook:function(o,r,e,t,n){null==gform.hooks[o][r]&&(gform.hooks[o][r]=[]);var d=gform.hooks[o][r];null==n&&(n=r+\"_\"+d.length),gform.hooks[o][r].push({tag:n,callable:e,priority:t=null==t?10:t})},doHook:function(r,o,e){var t;if(e=Array.prototype.slice.call(e,1),null!=gform.hooks[r][o]&&((o=gform.hooks[r][o]).sort(function(o,r){return o.priority-r.priority}),o.forEach(function(o){\"function\"!=typeof(t=o.callable)&&(t=window[t]),\"action\"==r?t.apply(null,e):e[0]=t.apply(null,e)})),\"filter\"==r)return e[0]},removeHook:function(o,r,t,n){var e;null!=gform.hooks[o][r]&&(e=(e=gform.hooks[o][r]).filter(function(o,r,e){return!!(null!=n&&n!=o.tag||null!=t&&t!=o.priority)}),gform.hooks[o][r]=e)}});\n\/* ]]> *\/\n<\/script>\n\n                <div class='gf_browser_gecko gform_wrapper gravity-theme gform-theme--no-framework' data-form-theme='gravity-theme' data-form-index='0' id='gform_wrapper_482' ><div id='gf_482' class='gform_anchor' tabindex='-1'><\/div>\n                        <div class='gform_heading'>\n\t\t\t\t\t\t\t<p class='gform_required_legend'>\u00ab\u00a0<span class=\"gfield_required gfield_required_asterisk\">*<\/span>\u00a0\u00bb indique les champs n\u00e9cessaires<\/p>\n                        <\/div><form method='post' enctype='multipart\/form-data' target='gform_ajax_frame_482' id='gform_482'  action='\/fr\/wp-json\/wp\/v2\/pages\/118931#gf_482' data-formid='482' novalidate>\n                        <div class='gform-body gform_body'><div id='gform_fields_482' class='gform_fields top_label form_sublabel_below description_below validation_below'><div id=\"field_482_3\" class=\"gfield gfield--type-select gfield--input-type-select gfield_contains_required field_sublabel_below gfield--no-description field_description_below field_validation_below gfield_visibility_visible\"  ><label class='gfield_label gform-field-label' for='input_482_3'>Titre<span class=\"gfield_required\"><span class=\"gfield_required gfield_required_asterisk\">*<\/span><\/span><\/label><div class='ginput_container ginput_container_select'><select name='input_3' id='input_482_3' class='large gfield_select'    aria-required=\"true\" aria-invalid=\"false\" ><option value='Formule d&#039;appel neutre' >Formule d&#039;appel neutre<\/option><option value='Madame' >Madame<\/option><option value='Monsieur' >Monsieur<\/option><\/select><\/div><\/div><div id=\"field_482_4\" class=\"gfield gfield--type-text gfield--input-type-text gfield_contains_required field_sublabel_below gfield--no-description field_description_below field_validation_below gfield_visibility_visible\"  ><label class='gfield_label gform-field-label' for='input_482_4'>Pr\u00e9nom<span class=\"gfield_required\"><span class=\"gfield_required gfield_required_asterisk\">*<\/span><\/span><\/label><div class='ginput_container ginput_container_text'><input name='input_4' id='input_482_4' type='text' value='' class='large' maxlength='120'   placeholder='Pr\u00e9nom' aria-required=\"true\" aria-invalid=\"false\"  autocomplete=\"given-name\" \/><\/div><\/div><div id=\"field_482_5\" class=\"gfield gfield--type-text gfield--input-type-text gfield_contains_required field_sublabel_below gfield--no-description field_description_below field_validation_below gfield_visibility_visible\"  ><label class='gfield_label gform-field-label' for='input_482_5'>Nom de famille<span class=\"gfield_required\"><span class=\"gfield_required gfield_required_asterisk\">*<\/span><\/span><\/label><div class='ginput_container ginput_container_text'><input name='input_5' id='input_482_5' type='text' value='' class='large' maxlength='120'   placeholder='Nom de famille' aria-required=\"true\" aria-invalid=\"false\"  autocomplete=\"family-name\" \/><\/div><\/div><div id=\"field_482_6\" class=\"gfield gfield--type-email gfield--input-type-email gfield_contains_required field_sublabel_below gfield--no-description field_description_below field_validation_below gfield_visibility_visible\"  ><label class='gfield_label gform-field-label' for='input_482_6'>E-Mail<span class=\"gfield_required\"><span class=\"gfield_required gfield_required_asterisk\">*<\/span><\/span><\/label><div class='ginput_container ginput_container_email'>\n                            <input name='input_6' id='input_482_6' type='email' value='' class='large'   placeholder='E-Mail' aria-required=\"true\" aria-invalid=\"false\"  autocomplete=\"email\"\/>\n                        <\/div><\/div><div id=\"field_482_11\" class=\"gfield gfield--type-phone gfield--input-type-phone field_sublabel_below gfield--no-description field_description_below field_validation_below gfield_visibility_visible\"  ><label class='gfield_label gform-field-label' for='input_482_11'>T\u00e9l\u00e9phone<\/label><div class='ginput_container ginput_container_phone'><input name='input_11' id='input_482_11' type='tel' value='' class='large'  placeholder='+41 xx xxx xx xx'  aria-invalid=\"false\"  autocomplete=\"tel\" \/><\/div><\/div><fieldset id=\"field_482_8\" class=\"gfield gfield--type-checkbox gfield--type-choice gfield--input-type-checkbox field_sublabel_below gfield--no-description field_description_below field_validation_below gfield_visibility_visible custom-control\"  data-field-class=\"custom-control\" ><legend class='gfield_label gform-field-label screen-reader-text gfield_label_before_complex' ><\/legend><div class='ginput_container ginput_container_checkbox'><div class='gfield_checkbox ' id='input_482_8'><div class='gchoice gchoice_482_8_1'>\n\t\t\t\t\t\t\t\t<input class='gfield-choice-input' name='input_8.1' type='checkbox'  value='allgemein' checked='checked' id='choice_482_8_1'   \/>\n\t\t\t\t\t\t\t\t<label for='choice_482_8_1' id='label_482_8_1' class='gform-field-label gform-field-label--type-inline'>Je souhaite m&rsquo;abonner \u00e0 la newsletter de Greenpeace Suisse<\/label>\n\t\t\t\t\t\t\t<\/div><\/div><\/div><\/fieldset><div id=\"field_482_22\" class=\"gfield gfield--type-html gfield--input-type-html gfield--width-full gfield_html gfield_html_formatted gfield_no_follows_desc field_sublabel_below gfield--no-description field_description_below field_validation_below gfield_visibility_visible\"  ><p>Pour plus d&rsquo;informations sur l&rsquo;utilisation de vos donn\u00e9es, consultez notre <a href=\"https:\/\/www.greenpeace.ch\/fr\/protection-des-donnees\/\" target=\"_blank\">d\u00e9claration de confidentialit\u00e9<\/a>.<\/p><\/div><div id=\"field_482_23\" class=\"gfield gfield--type-hidden gfield--input-type-hidden gfield--width-full gform_hidden field_sublabel_below gfield--no-description field_description_below field_validation_below gfield_visibility_visible\"  ><div class='ginput_container ginput_container_text'><input name='input_23' id='input_482_23' type='hidden' class='gform_hidden'  aria-invalid=\"false\" value='Pour plus d&#039;informations sur l&#039;utilisation de vos donn\u00e9es, consultez notre d\u00e9claration de confidentialit\u00e9.' \/><\/div><\/div><div id=\"field_482_12\" class=\"gfield gfield--type-hidden gfield--input-type-hidden gform_hidden field_sublabel_below gfield--no-description field_description_below field_validation_below gfield_visibility_visible\"  ><div class='ginput_container ginput_container_text'><input name='input_12' id='input_482_12' type='hidden' class='gform_hidden'  aria-invalid=\"false\" value='' \/><\/div><\/div><div id=\"field_482_13\" class=\"gfield gfield--type-hidden gfield--input-type-hidden gform_hidden field_sublabel_below gfield--no-description field_description_below field_validation_below gfield_visibility_visible\"  ><div class='ginput_container ginput_container_text'><input name='input_13' id='input_482_13' type='hidden' class='gform_hidden'  aria-invalid=\"false\" value='' \/><\/div><\/div><div id=\"field_482_14\" class=\"gfield gfield--type-hidden gfield--input-type-hidden gform_hidden field_sublabel_below gfield--no-description field_description_below field_validation_below gfield_visibility_visible\"  ><div class='ginput_container ginput_container_text'><input name='input_14' id='input_482_14' type='hidden' class='gform_hidden'  aria-invalid=\"false\" value='' \/><\/div><\/div><div id=\"field_482_15\" class=\"gfield gfield--type-hidden gfield--input-type-hidden gform_hidden field_sublabel_below gfield--no-description field_description_below field_validation_below gfield_visibility_visible\"  ><div class='ginput_container ginput_container_text'><input name='input_15' id='input_482_15' type='hidden' class='gform_hidden'  aria-invalid=\"false\" value='' \/><\/div><\/div><div id=\"field_482_16\" class=\"gfield gfield--type-hidden gfield--input-type-hidden gform_hidden field_sublabel_below gfield--no-description field_description_below field_validation_below gfield_visibility_visible\"  ><div class='ginput_container ginput_container_text'><input name='input_16' id='input_482_16' type='hidden' class='gform_hidden'  aria-invalid=\"false\" value='' \/><\/div><\/div><div id=\"field_482_17\" class=\"gfield gfield--type-hidden gfield--input-type-hidden gform_hidden field_sublabel_below gfield--no-description field_description_below field_validation_below gfield_visibility_visible\"  ><div class='ginput_container ginput_container_text'><input name='input_17' id='input_482_17' type='hidden' class='gform_hidden'  aria-invalid=\"false\" value='' \/><\/div><\/div><div id=\"field_482_20\" class=\"gfield gfield--type-hidden gfield--input-type-hidden gfield--width-full gform_hidden field_sublabel_below gfield--no-description field_description_below field_validation_below gfield_visibility_visible\"  ><div class='ginput_container ginput_container_text'><input name='input_20' id='input_482_20' type='hidden' class='gform_hidden'  aria-invalid=\"false\" value='campaign' \/><\/div><\/div><div id=\"field_482_21\" class=\"gfield gfield--type-hidden gfield--input-type-hidden gfield--width-full gform_hidden field_sublabel_below gfield--no-description field_description_below field_validation_below gfield_visibility_visible\"  ><div class='ginput_container ginput_container_text'><input name='input_21' id='input_482_21' type='hidden' class='gform_hidden'  aria-invalid=\"false\" value='701bH00000LlNedQAF' \/><\/div><\/div><\/div><\/div>\n        <div class='gform-footer gform_footer top_label'> <input type='submit' id='gform_submit_button_482' class='gform_button button' onclick='gform.submission.handleButtonClick(this);' data-submission-type='submit' value='Envoyer'  \/> <input type='hidden' name='gform_ajax' value='form_id=482&amp;title=&amp;description=&amp;tabindex=0&amp;theme=gravity-theme&amp;styles={&quot;inputPrimaryColor&quot;:&quot;#204ce5&quot;}&amp;hash=e5b9a55afe86a3a6d578124a2cabf7ab' \/>\n            <input type='hidden' class='gform_hidden' name='gform_submission_method' data-js='gform_submission_method_482' value='iframe' \/>\n            <input type='hidden' class='gform_hidden' name='gform_theme' data-js='gform_theme_482' id='gform_theme_482' value='gravity-theme' \/>\n            <input type='hidden' class='gform_hidden' name='gform_style_settings' data-js='gform_style_settings_482' id='gform_style_settings_482' value='{&quot;inputPrimaryColor&quot;:&quot;#204ce5&quot;}' \/>\n            <input type='hidden' class='gform_hidden' name='is_submit_482' value='1' \/>\n            <input type='hidden' class='gform_hidden' name='gform_submit' value='482' \/>\n            \n            <input type='hidden' class='gform_hidden' name='gform_currency' data-currency='CHF' value='ZOJSEWjfi9eQSJ\/xJId7HXMTQWIDmPthHeAZNWZjWZZ3a7Ip5HGaSMXCgAReiwlbw9ko+a3UYod\/L2WJac2K\/BPw0AIOdXejxw6bfbmv2shTrcg=' \/>\n            <input type='hidden' class='gform_hidden' name='gform_unique_id' value='' \/>\n            <input type='hidden' class='gform_hidden' name='state_482' value='WyJbXSIsIjAyYTRhYjNlYmQ4MDQ2NmNkNDhhYmQ4MGQwMjNjMDZjIl0=' \/>\n            <input type='hidden' autocomplete='off' class='gform_hidden' name='gform_target_page_number_482' id='gform_target_page_number_482' value='0' \/>\n            <input type='hidden' autocomplete='off' class='gform_hidden' name='gform_source_page_number_482' id='gform_source_page_number_482' value='1' \/>\n            <input type='hidden' name='gform_field_values' value='' \/>\n            \n        <\/div>\n                        <\/form>\n                        <\/div>\n\t\t                <iframe style='display:none;width:0px;height:0px;' src='about:blank' name='gform_ajax_frame_482' id='gform_ajax_frame_482' title='Cette iframe contient la logique n\u00e9cessaire pour manipuler Gravity Forms avec Ajax.'><\/iframe>\n\t\t                <script type=\"text\/javascript\">\n\/* <![CDATA[ *\/\n gform.initializeOnLoaded( function() {gformInitSpinner( 482, 'https:\/\/www.greenpeace.ch\/wp-content\/plugins\/gravityforms\/images\/spinner.svg', true );jQuery('#gform_ajax_frame_482').on('load',function(){var contents = jQuery(this).contents().find('*').html();var is_postback = contents.indexOf('GF_AJAX_POSTBACK') >= 0;if(!is_postback){return;}var form_content = jQuery(this).contents().find('#gform_wrapper_482');var is_confirmation = jQuery(this).contents().find('#gform_confirmation_wrapper_482').length > 0;var is_redirect = contents.indexOf('gformRedirect(){') >= 0;var is_form = form_content.length > 0 && ! is_redirect && ! is_confirmation;var mt = parseInt(jQuery('html').css('margin-top'), 10) + parseInt(jQuery('body').css('margin-top'), 10) + 100;if(is_form){jQuery('#gform_wrapper_482').html(form_content.html());if(form_content.hasClass('gform_validation_error')){jQuery('#gform_wrapper_482').addClass('gform_validation_error');} else {jQuery('#gform_wrapper_482').removeClass('gform_validation_error');}setTimeout( function() { \/* delay the scroll by 50 milliseconds to fix a bug in chrome *\/ jQuery(document).scrollTop(jQuery('#gform_wrapper_482').offset().top - mt); }, 50 );if(window['gformInitDatepicker']) {gformInitDatepicker();}if(window['gformInitPriceFields']) {gformInitPriceFields();}var current_page = jQuery('#gform_source_page_number_482').val();gformInitSpinner( 482, 'https:\/\/www.greenpeace.ch\/wp-content\/plugins\/gravityforms\/images\/spinner.svg', true );jQuery(document).trigger('gform_page_loaded', [482, current_page]);window['gf_submitting_482'] = false;}else if(!is_redirect){var confirmation_content = jQuery(this).contents().find('.GF_AJAX_POSTBACK').html();if(!confirmation_content){confirmation_content = contents;}jQuery('#gform_wrapper_482').replaceWith(confirmation_content);jQuery(document).scrollTop(jQuery('#gf_482').offset().top - mt);jQuery(document).trigger('gform_confirmation_loaded', [482]);window['gf_submitting_482'] = false;wp.a11y.speak(jQuery('#gform_confirmation_message_482').text());}else{jQuery('#gform_482').append(contents);if(window['gformRedirect']) {gformRedirect();}}jQuery(document).trigger(\"gform_pre_post_render\", [{ formId: \"482\", currentPage: \"current_page\", abort: function() { this.preventDefault(); } }]);        if (event && event.defaultPrevented) {                return;        }        const gformWrapperDiv = document.getElementById( \"gform_wrapper_482\" );        if ( gformWrapperDiv ) {            const visibilitySpan = document.createElement( \"span\" );            visibilitySpan.id = \"gform_visibility_test_482\";            gformWrapperDiv.insertAdjacentElement( \"afterend\", visibilitySpan );        }        const visibilityTestDiv = document.getElementById( \"gform_visibility_test_482\" );        let postRenderFired = false;        function triggerPostRender() {            if ( postRenderFired ) {                return;            }            postRenderFired = true;            gform.core.triggerPostRenderEvents( 482, current_page );            if ( visibilityTestDiv ) {                visibilityTestDiv.parentNode.removeChild( visibilityTestDiv );            }        }        function debounce( func, wait, immediate ) {            var timeout;            return function() {                var context = this, args = arguments;                var later = function() {                    timeout = null;                    if ( !immediate ) func.apply( context, args );                };                var callNow = immediate && !timeout;                clearTimeout( timeout );                timeout = setTimeout( later, wait );                if ( callNow ) func.apply( context, args );            };        }        const debouncedTriggerPostRender = debounce( function() {            triggerPostRender();        }, 200 );        if ( visibilityTestDiv && visibilityTestDiv.offsetParent === null ) {            const observer = new MutationObserver( ( mutations ) => {                mutations.forEach( ( mutation ) => {                    if ( mutation.type === 'attributes' && visibilityTestDiv.offsetParent !== null ) {                        debouncedTriggerPostRender();                        observer.disconnect();                    }                });            });            observer.observe( document.body, {                attributes: true,                childList: false,                subtree: true,                attributeFilter: [ 'style', 'class' ],            });        } else {            triggerPostRender();        }    } );} ); \n\/* ]]> *\/\n<\/script>\n<\/div>\n\n\n\n<div class=\"wp-block-column is-layout-flow wp-block-column-is-layout-flow\">\n<h2 class=\"wp-block-heading is-style-default\"><strong>Derni\u00e8re chance pour l&rsquo;Amazonie?<\/strong><\/h2>\n\n\n\n<p>La for\u00eat amazonienne est le moyen de subsistance de millions de personnes ainsi que d\u2019innombrables esp\u00e8ces v\u00e9g\u00e9tales et animales. Elle repr\u00e9sente l\u2019un de nos principaux espoirs pour b\u00e2tir un avenir digne d\u2019\u00eatre v\u00e9cu, car toute vie sur notre plan\u00e8te d\u00e9pend de la capacit\u00e9 de la for\u00eat tropicale \u00e0 r\u00e9guler le climat et les conditions m\u00e9t\u00e9orologiques.&nbsp;&nbsp;<\/p>\n\n\n\n<p>Or, la plus grande for\u00eat tropicale du monde est gravement menac\u00e9e par l\u2019agriculture industrielle et l\u2019exploitation aurif\u00e8re ill\u00e9gale. Ces activit\u00e9s d\u00e9truisent la for\u00eat qui abrite la faune et la flore les plus diversifi\u00e9es au monde. [1] De vastes zones foresti\u00e8res sont d\u00e9frich\u00e9es et br\u00fbl\u00e9es pour r\u00e9aliser un profit facile. Les scientifiques avertissent qu\u2019au rythme actuel, la for\u00eat amazonienne pourrait bient\u00f4t atteindre un point de non-retour. [2]<\/p>\n\n\n\n<p>Rejoignez-nous pour demander aux responsables gouvernementaux du monde entier de prot\u00e9ger la for\u00eat amazonienne et:<\/p>\n\n\n\n<ul class=\"wp-block-list\">\n<li>de tenir leurs promesses de mettre fin \u00e0 la destruction de la for\u00eat amazonienne;<\/li>\n\n\n\n<li>de cesser de financer les activit\u00e9s destructrices dans la r\u00e9gion amazonienne;<\/li>\n\n\n\n<li>de financer les solutions propos\u00e9es par les communaut\u00e9s locales et autochtones pour prot\u00e9ger et restaurer la r\u00e9gion amazonienne.<\/li>\n<\/ul>\n\n\n\n<p>Ensemble, nous sommes plus forts que les entreprises qui d\u00e9truisent les for\u00eats de notre plan\u00e8te.&nbsp;<\/p>\n\n\n\n<p>[1] <a href=\"https:\/\/www.jstor.org\/stable\/24987254\">Colinvaux, Paul A. \u201cThe Past and Future Amazon.\u201d Scientific American (1989)<\/a><\/p>\n\n\n\n<p>[2] <a href=\"https:\/\/www.nature.com\/articles\/s41586-023-06970-0\">Flores, B.M., Montoya, E., Sakschewski, B. et al. Critical transitions in the Amazon forest system. Nature 626 (2024)<\/a><\/p>\n<\/div>\n<\/div>\n","protected":false},"excerpt":{"rendered":"<p>Exigeons une action mondiale en faveur de l\u2019Amazonie!<\/p>\n","protected":false},"author":89,"featured_media":128058,"parent":32627,"menu_order":0,"comment_status":"closed","ping_status":"closed","template":"","meta":{"_acf_changed":false,"_planet4_optimize_post_is_variant":false,"_planet4_optimize_experiment_name":"","_planet4_optimize_variant_name":"","ep_exclude_from_search":false,"p4_hide_page_title_checkbox":"on","p4_title":"","p4_subtitle":"","p4_description":"","background_image_id":"295","background_image":"https:\/\/www.greenpeace.ch\/static\/planet4-switzerland-stateless\/2018\/05\/fc54c126-gp0stqmp3.jpg","p4_button_title":"","p4_button_link":"","p4_button_link_checkbox":"","p4_og_title":"","p4_og_description":"","p4_og_image":"https:\/\/www.greenpeace.ch\/static\/planet4-switzerland-stateless\/2025\/12\/89c7cf00-header_amazon-fr.png","p4_og_image_id":"128055","p4_seo_canonical_url":"","p4_campaign_name":"not set","p4_local_project":"not set","p4_basket_name":"not set","p4_department":"","footnotes":""},"categories":[],"tags":[66],"class_list":["post-118931","page","type-page","status-publish","has-post-thumbnail","hentry","tag-forets"],"acf":[],"_links":{"self":[{"href":"https:\/\/www.greenpeace.ch\/fr\/wp-json\/wp\/v2\/pages\/118931","targetHints":{"allow":["GET"]}}],"collection":[{"href":"https:\/\/www.greenpeace.ch\/fr\/wp-json\/wp\/v2\/pages"}],"about":[{"href":"https:\/\/www.greenpeace.ch\/fr\/wp-json\/wp\/v2\/types\/page"}],"author":[{"embeddable":true,"href":"https:\/\/www.greenpeace.ch\/fr\/wp-json\/wp\/v2\/users\/89"}],"replies":[{"embeddable":true,"href":"https:\/\/www.greenpeace.ch\/fr\/wp-json\/wp\/v2\/comments?post=118931"}],"version-history":[{"count":20,"href":"https:\/\/www.greenpeace.ch\/fr\/wp-json\/wp\/v2\/pages\/118931\/revisions"}],"predecessor-version":[{"id":128218,"href":"https:\/\/www.greenpeace.ch\/fr\/wp-json\/wp\/v2\/pages\/118931\/revisions\/128218"}],"up":[{"embeddable":true,"href":"https:\/\/www.greenpeace.ch\/fr\/wp-json\/wp\/v2\/pages\/32627"}],"wp:featuredmedia":[{"embeddable":true,"href":"https:\/\/www.greenpeace.ch\/fr\/wp-json\/wp\/v2\/media\/128058"}],"wp:attachment":[{"href":"https:\/\/www.greenpeace.ch\/fr\/wp-json\/wp\/v2\/media?parent=118931"}],"wp:term":[{"taxonomy":"category","embeddable":true,"href":"https:\/\/www.greenpeace.ch\/fr\/wp-json\/wp\/v2\/categories?post=118931"},{"taxonomy":"post_tag","embeddable":true,"href":"https:\/\/www.greenpeace.ch\/fr\/wp-json\/wp\/v2\/tags?post=118931"}],"curies":[{"name":"wp","href":"https:\/\/api.w.org\/{rel}","templated":true}]}}